{"id":265886,"date":"2026-04-02T02:26:04","date_gmt":"2026-04-02T08:26:04","guid":{"rendered":"https:\/\/compuviper.mx\/tienda\/producto\/hisense-40a45nv-television-led-40-smart-vidaa-full-hd-dts-virtual-x-wifi\/"},"modified":"2026-04-02T02:26:04","modified_gmt":"2026-04-02T08:26:04","slug":"hisense-40a45nv-television-led-40-smart-vidaa-full-hd-dts-virtual-x-wifi","status":"publish","type":"product","link":"https:\/\/compuviper.mx\/tienda\/producto\/hisense-40a45nv-television-led-40-smart-vidaa-full-hd-dts-virtual-x-wifi\/","title":{"rendered":"Hisense 40a45nv Television Led  40?  Smart Vidaa , Full Hd, Dts Virtual X, Wifi"},"content":{"rendered":"<table class=\"descripcion\">\n<tr>\n<td>Modelo  40a45nv<\/td>\n<\/tr>\n<tr>\n<td>Marca hisense<\/td>\n<\/tr>\n<tr>\n<td>Tama\u00f1o 40<\/td>\n<\/tr>\n<tr>\n<td>Area display 39.5<\/td>\n<\/tr>\n<tr>\n<td>Panel  va<\/td>\n<\/tr>\n<tr>\n<td>Relacion de aspecto  16:09<\/td>\n<\/tr>\n<tr>\n<td>Display plano<\/td>\n<\/tr>\n<tr>\n<td>Resolucion fhd 1920*1080<\/td>\n<\/tr>\n<tr>\n<td>Frecuencia de actualizaci\u00f3n nativa 60hz<\/td>\n<\/tr>\n<tr>\n<td>Brillo m\u00e1ximo (t\u00edpico):  250typ<\/td>\n<\/tr>\n<tr>\n<td>Relaci\u00f3n de contraste est\u00e1tico (con atenuaci\u00f3n local):  1200typ<\/td>\n<\/tr>\n<tr>\n<td>\u00e1ngulo de visi\u00f3n:  178\/178<\/td>\n<\/tr>\n<tr>\n<td>Tiempo de respuesta: 10 ms<\/td>\n<\/tr>\n<tr>\n<td>Profundidad de color:  8 bit<\/td>\n<\/tr>\n<tr>\n<td>Retroiluminaci\u00f3n:  full array<\/td>\n<\/tr>\n<tr>\n<td>Atenuaci\u00f3n local: no no<\/td>\n<\/tr>\n<tr>\n<td>Frecuencia de actualizaci\u00f3n: no<\/td>\n<\/tr>\n<tr>\n<td>Memc: n no<\/td>\n<\/tr>\n<tr>\n<td>Hdr: dolby vision  no<\/td>\n<\/tr>\n<tr>\n<td>Hdr: hdr10+  no<\/td>\n<\/tr>\n<tr>\n<td>Hdr: hdr10  si<\/td>\n<\/tr>\n<tr>\n<td>Hdr: hybrid log gamma (hlg)  no<\/td>\n<\/tr>\n<tr>\n<td>Dolby vision iq  no<\/td>\n<\/tr>\n<tr>\n<td>Dolby gaming  no<\/td>\n<\/tr>\n<tr>\n<td>Hdr10+ adaptive  no<\/td>\n<\/tr>\n<tr>\n<td>Imax enhanced  no<\/td>\n<\/tr>\n<tr>\n<td>Film maker mode  no<\/td>\n<\/tr>\n<tr>\n<td>Modo juego no<\/td>\n<\/tr>\n<tr>\n<td>Hdr game mode  no<\/td>\n<\/tr>\n<tr>\n<td>Hsr  no<\/td>\n<\/tr>\n<tr>\n<td>Vrr(variable refresh rate)  no<\/td>\n<\/tr>\n<tr>\n<td>Allm(auto low-latency mode)  no<\/td>\n<\/tr>\n<tr>\n<td>Freesync  no<\/td>\n<\/tr>\n<tr>\n<td>G-sync  no<\/td>\n<\/tr>\n<tr>\n<td>Calidad de audio<\/td>\n<\/tr>\n<tr>\n<td>Mejora de audio  dts virtual x<\/td>\n<\/tr>\n<tr>\n<td>Audio multicanal  2.0 ch<\/td>\n<\/tr>\n<tr>\n<td>Potencia de audio 2*7w<\/td>\n<\/tr>\n<tr>\n<td>Tipo de altavoz integrado inferior<\/td>\n<\/tr>\n<tr>\n<td>Hardware y puertos<\/td>\n<\/tr>\n<tr>\n<td>Wi-fi  ieee 802.11 a\/b\/g\/n\/ac dual band (2.4\/5 ghz)<\/td>\n<\/tr>\n<tr>\n<td>Bluetooth  bt 5.0<\/td>\n<\/tr>\n<tr>\n<td>Antena rf:  1<\/td>\n<\/tr>\n<tr>\n<td>Formatos compatibles:  480i and #12289;480p and #12289;720p and #12289;1080i and #12289;1080p<\/td>\n<\/tr>\n<tr>\n<td>Hdmi hdmi1.4*2<\/td>\n<\/tr>\n<tr>\n<td>Hdmi 4k@120hz  no<\/td>\n<\/tr>\n<tr>\n<td>Hdmi-earc  si, hdmi2<\/td>\n<\/tr>\n<tr>\n<td>Usb  usb2.0*1<\/td>\n<\/tr>\n<tr>\n<td>Ethernet (lan)  1<\/td>\n<\/tr>\n<tr>\n<td>Entrada de v\u00eddeo compuesto 1<\/td>\n<\/tr>\n<tr>\n<td>Entrada de audio l\/r para v\u00eddeo compuesto 1<\/td>\n<\/tr>\n<tr>\n<td>Salida de auriculares\/audio 1<\/td>\n<\/tr>\n<tr>\n<td>Salida de audio digital 1<\/td>\n<\/tr>\n<tr>\n<td>Energia<\/td>\n<\/tr>\n<tr>\n<td>Consumo de energ\u00eda:  70w<\/td>\n<\/tr>\n<tr>\n<td>Consumo en espera:   and #8804;0.5w<\/td>\n<\/tr>\n<tr>\n<td>Alimentaci\u00f3n (voltaje\/hz):  ac 100v~240v\/50hz<\/td>\n<\/tr>\n<tr>\n<td>Smart<\/td>\n<\/tr>\n<tr>\n<td>Plataforma inteligente:  vidaa u9<\/td>\n<\/tr>\n<tr>\n<td>Men\u00fa en pantalla: eng\/fre\/spa\/por<\/td>\n<\/tr>\n<tr>\n<td>Tienda de aplicaciones:  vidaa store<\/td>\n<\/tr>\n<tr>\n<td>Sistema de tv:  atsc\/j.83b and #12289;isdb-t and #12289;dvb-t2(6m) and #12289;ntsc and #12289;pal<\/td>\n<\/tr>\n<tr>\n<td>Navegador web:  odin<\/td>\n<\/tr>\n<tr>\n<td>Subt\u00edtulos:  si<\/td>\n<\/tr>\n<tr>\n<td>Reducci\u00f3n de ruido:  si<\/td>\n<\/tr>\n<tr>\n<td>Control parental:  si<\/td>\n<\/tr>\n<tr>\n<td>Reconocimiento de voz a distancia: no<\/td>\n<\/tr>\n<tr>\n<td>Temporizador de apagado: si<\/td>\n<\/tr>\n<tr>\n<td>Asistente de google:  no<\/td>\n<\/tr>\n<tr>\n<td>Alexa:  compatible con alexa<\/td>\n<\/tr>\n<tr>\n<td>Siri:  no<\/td>\n<\/tr>\n<tr>\n<td>Google home: no<\/td>\n<\/tr>\n<tr>\n<td>Chromecast:  no<\/td>\n<\/tr>\n<tr>\n<td>Apple homekit: si<\/td>\n<\/tr>\n<tr>\n<td>Airplay:  si<\/td>\n<\/tr>\n<tr>\n<td>Screen mirror miracast, dlna<\/td>\n<\/tr>\n<tr>\n<td>Dimensiones\/peso (kg y mm)<\/td>\n<\/tr>\n<tr>\n<td>Dimensiones del televisor (sin soporte) (mm): 898x511x78<\/td>\n<\/tr>\n<tr>\n<td>Dimensiones del televisor (con soporte) (mm):  898x559x183x<\/td>\n<\/tr>\n<tr>\n<td>Dimensiones del soporte (ancho x ancho) (mm): 727&#215;183<\/td>\n<\/tr>\n<tr>\n<td>Peso del televisor (sin soporte) (mm):  4.7kg<\/td>\n<\/tr>\n<tr>\n<td>Peso del televisor (con soporte) (mm):  4.8kg<\/td>\n<\/tr>\n<tr>\n<td>Dimensiones de la caja (ancho x alto x profundidad) (mm):  1008x113x615<\/td>\n<\/tr>\n<tr>\n<td>Peso del env\u00edo (kg):  6.9kg<\/td>\n<\/tr>\n<tr>\n<td>Montaje en pared<\/td>\n<\/tr>\n<tr>\n<td>Tama\u00f1o del soporte de pared 200\u00d7100<\/td>\n<\/tr>\n<tr>\n<td>Tornillo de montaje en pared:  m6<\/td>\n<\/tr>\n<tr>\n<td>Accesorios<\/td>\n<\/tr>\n<tr>\n<td>Mando a distancia: si<\/td>\n<\/tr>\n<tr>\n<td>Bater\u00edas:  2<\/td>\n<\/tr>\n<tr>\n<td>Cable de alimentaci\u00f3n:  1<\/td>\n<\/tr>\n<tr>\n<td>Cable hdmi:  no<\/td>\n<\/tr>\n<tr>\n<td>Gu\u00eda de inicio r\u00e1pido: si<\/td>\n<\/tr>\n<tr>\n<td>Seguridad y garant\u00eda:  si<\/td>\n<\/tr>\n<tr>\n<td>Garant\u00eda 1 a\u00f1o<\/td>\n<\/tr>\n<\/table>\n","protected":false},"excerpt":{"rendered":"<p>El modelo de hisense 40a45nv es la elecci\u00f3n perfecta para aquellos que buscan un televisor inteligente que se adapte a su estilo de vida y les ofrezca una experiencia de visualizaci\u00f3n excepcional. Descubre una nueva forma de disfrutar tus contenidos con el hisense y su innovador sistema operativo vidaa y su resolucion fullhd<\/p>\n","protected":false},"featured_media":0,"comment_status":"open","ping_status":"open","template":"","meta":[],"product_cat":[1838,1839],"product_tag":[2128],"acf":[],"yoast_head":"<!-- This site is optimized with the Yoast SEO plugin v21.7 - https:\/\/yoast.com\/wordpress\/plugins\/seo\/ -->\n<title>[ Hisense ] &#129351; 40a45nv Television Led 40\u0094 Smart Vidaa , Full Hd, Dts Virtual X, Wifi<\/title>\n<meta name=\"description\" content=\"Compra 40a45nv Television Led 40\u0094 Smart Vidaa , Full Hd, Dts Virtual X, Wifi + Env\u00edo a domicilio + Pago seguro + Garant\u00eda\" \/>\n<meta name=\"robots\" content=\"index, follow, max-snippet:-1, max-image-preview:large, max-video-preview:-1\" \/>\n<link rel=\"canonical\" href=\"https:\/\/compuviper.mx\/tienda\/producto\/hisense-40a45nv-television-led-40-smart-vidaa-full-hd-dts-virtual-x-wifi\/\" \/>\n<meta property=\"og:locale\" content=\"es_MX\" \/>\n<meta property=\"og:type\" content=\"article\" \/>\n<meta property=\"og:title\" content=\"[ Hisense ] &#129351; 40a45nv Television Led 40\u0094 Smart Vidaa , Full Hd, Dts Virtual X, Wifi\" \/>\n<meta property=\"og:description\" content=\"Compra 40a45nv Television Led 40\u0094 Smart Vidaa , Full Hd, Dts Virtual X, Wifi + Env\u00edo a domicilio + Pago seguro + Garant\u00eda\" \/>\n<meta property=\"og:url\" content=\"https:\/\/compuviper.mx\/tienda\/producto\/hisense-40a45nv-television-led-40-smart-vidaa-full-hd-dts-virtual-x-wifi\/\" \/>\n<meta property=\"og:site_name\" content=\"Compuviper\" \/>\n<meta property=\"article:publisher\" content=\"https:\/\/www.facebook.com\/compuviper\" \/>\n<meta name=\"twitter:card\" content=\"summary_large_image\" \/>\n<meta name=\"twitter:label1\" content=\"Precio\" \/>\n\t<meta name=\"twitter:data1\" content=\"&#36;4,522 &#36;3,764 con IVA\" \/>\n\t<meta name=\"twitter:label2\" content=\"Availability\" \/>\n\t<meta name=\"twitter:data2\" content=\"In stock\" \/>\n<script type=\"application\/ld+json\" class=\"yoast-schema-graph\">{\"@context\":\"https:\/\/schema.org\",\"@graph\":[{\"@type\":\"WebPage\",\"@id\":\"https:\/\/compuviper.mx\/tienda\/producto\/hisense-40a45nv-television-led-40-smart-vidaa-full-hd-dts-virtual-x-wifi\/\",\"url\":\"https:\/\/compuviper.mx\/tienda\/producto\/hisense-40a45nv-television-led-40-smart-vidaa-full-hd-dts-virtual-x-wifi\/\",\"name\":\"[ Hisense ] &#129351; 40a45nv Television Led 40\u0094 Smart Vidaa , Full Hd, Dts Virtual X, Wifi\",\"isPartOf\":{\"@id\":\"https:\/\/compuviper.mx\/tienda\/#website\"},\"datePublished\":\"2026-04-02T08:26:04+00:00\",\"dateModified\":\"2026-04-02T08:26:04+00:00\",\"description\":\"Compra 40a45nv Television Led 40\u0094 Smart Vidaa , Full Hd, Dts Virtual X, Wifi + Env\u00edo a domicilio + Pago seguro + Garant\u00eda\",\"breadcrumb\":{\"@id\":\"https:\/\/compuviper.mx\/tienda\/producto\/hisense-40a45nv-television-led-40-smart-vidaa-full-hd-dts-virtual-x-wifi\/#breadcrumb\"},\"inLanguage\":\"es-MX\",\"potentialAction\":[{\"@type\":\"ReadAction\",\"target\":[\"https:\/\/compuviper.mx\/tienda\/producto\/hisense-40a45nv-television-led-40-smart-vidaa-full-hd-dts-virtual-x-wifi\/\"]}]},{\"@type\":\"BreadcrumbList\",\"@id\":\"https:\/\/compuviper.mx\/tienda\/producto\/hisense-40a45nv-television-led-40-smart-vidaa-full-hd-dts-virtual-x-wifi\/#breadcrumb\",\"itemListElement\":[{\"@type\":\"ListItem\",\"position\":1,\"name\":\"Inicio\",\"item\":\"https:\/\/compuviper.mx\/tienda\/\"},{\"@type\":\"ListItem\",\"position\":2,\"name\":\"Productos\",\"item\":\"https:\/\/compuviper.mx\/tienda\/productos\/\"},{\"@type\":\"ListItem\",\"position\":3,\"name\":\"Televisor\",\"item\":\"https:\/\/compuviper.mx\/tienda\/categoria-producto\/televisor\/\"},{\"@type\":\"ListItem\",\"position\":4,\"name\":\"Led\",\"item\":\"https:\/\/compuviper.mx\/tienda\/categoria-producto\/televisor\/led-televisor\/\"},{\"@type\":\"ListItem\",\"position\":5,\"name\":\"Hisense 40a45nv Television Led 40? Smart Vidaa , Full Hd, Dts Virtual X, Wifi\"}]},{\"@type\":\"WebSite\",\"@id\":\"https:\/\/compuviper.mx\/tienda\/#website\",\"url\":\"https:\/\/compuviper.mx\/tienda\/\",\"name\":\"Compuviper\",\"description\":\"Proveedor de Computadoras, Laptops, Servidores, Monitores, Puntos de Venta, Teclados,   Impresoras, T\u00f3ner, C\u00e1maras de Seguridad y m\u00e1s en tu tienda en l\u00ednea\",\"publisher\":{\"@id\":\"https:\/\/compuviper.mx\/tienda\/#organization\"},\"potentialAction\":[{\"@type\":\"SearchAction\",\"target\":{\"@type\":\"EntryPoint\",\"urlTemplate\":\"https:\/\/compuviper.mx\/tienda\/?s={search_term_string}\"},\"query-input\":\"required name=search_term_string\"}],\"inLanguage\":\"es-MX\"},{\"@type\":\"Organization\",\"@id\":\"https:\/\/compuviper.mx\/tienda\/#organization\",\"name\":\"Compuviper\",\"url\":\"https:\/\/compuviper.mx\/tienda\/\",\"logo\":{\"@type\":\"ImageObject\",\"inLanguage\":\"es-MX\",\"@id\":\"https:\/\/compuviper.mx\/tienda\/#\/schema\/logo\/image\/\",\"url\":\"https:\/\/compuviper.mx\/tienda\/wp-content\/uploads\/2021\/08\/Logo-Compuviper-10.png\",\"contentUrl\":\"https:\/\/compuviper.mx\/tienda\/wp-content\/uploads\/2021\/08\/Logo-Compuviper-10.png\",\"width\":1000,\"height\":500,\"caption\":\"Compuviper\"},\"image\":{\"@id\":\"https:\/\/compuviper.mx\/tienda\/#\/schema\/logo\/image\/\"},\"sameAs\":[\"https:\/\/www.facebook.com\/compuviper\",\"https:\/\/www.youtube.com\/channel\/UCf73dERp9Y3cfOq7q8BhLjA?view_as=subscriber\"]}]}<\/script>\n<meta property=\"product:brand\" content=\"Hisense\" \/>\n<meta property=\"product:price:amount\" content=\"3764\" \/>\n<meta property=\"product:price:currency\" content=\"MXN\" \/>\n<meta property=\"og:availability\" content=\"instock\" \/>\n<meta property=\"product:availability\" content=\"instock\" \/>\n<meta property=\"product:retailer_item_id\" content=\"40A45NV\" \/>\n<meta property=\"product:condition\" content=\"new\" \/>\n<!-- \/ Yoast SEO plugin. -->","yoast_head_json":{"title":"[ Hisense ] &#129351; 40a45nv Television Led 40\u0094 Smart Vidaa , Full Hd, Dts Virtual X, Wifi","description":"Compra 40a45nv Television Led 40\u0094 Smart Vidaa , Full Hd, Dts Virtual X, Wifi + Env\u00edo a domicilio + Pago seguro + Garant\u00eda","robots":{"index":"index","follow":"follow","max-snippet":"max-snippet:-1","max-image-preview":"max-image-preview:large","max-video-preview":"max-video-preview:-1"},"canonical":"https:\/\/compuviper.mx\/tienda\/producto\/hisense-40a45nv-television-led-40-smart-vidaa-full-hd-dts-virtual-x-wifi\/","og_locale":"es_MX","og_type":"article","og_title":"[ Hisense ] &#129351; 40a45nv Television Led 40\u0094 Smart Vidaa , Full Hd, Dts Virtual X, Wifi","og_description":"Compra 40a45nv Television Led 40\u0094 Smart Vidaa , Full Hd, Dts Virtual X, Wifi + Env\u00edo a domicilio + Pago seguro + Garant\u00eda","og_url":"https:\/\/compuviper.mx\/tienda\/producto\/hisense-40a45nv-television-led-40-smart-vidaa-full-hd-dts-virtual-x-wifi\/","og_site_name":"Compuviper","article_publisher":"https:\/\/www.facebook.com\/compuviper","twitter_card":"summary_large_image","twitter_misc":{"Precio":"&#36;4,522 &#36;3,764 con IVA","Availability":"In stock"},"schema":{"@context":"https:\/\/schema.org","@graph":[{"@type":"WebPage","@id":"https:\/\/compuviper.mx\/tienda\/producto\/hisense-40a45nv-television-led-40-smart-vidaa-full-hd-dts-virtual-x-wifi\/","url":"https:\/\/compuviper.mx\/tienda\/producto\/hisense-40a45nv-television-led-40-smart-vidaa-full-hd-dts-virtual-x-wifi\/","name":"[ Hisense ] &#129351; 40a45nv Television Led 40\u0094 Smart Vidaa , Full Hd, Dts Virtual X, Wifi","isPartOf":{"@id":"https:\/\/compuviper.mx\/tienda\/#website"},"datePublished":"2026-04-02T08:26:04+00:00","dateModified":"2026-04-02T08:26:04+00:00","description":"Compra 40a45nv Television Led 40\u0094 Smart Vidaa , Full Hd, Dts Virtual X, Wifi + Env\u00edo a domicilio + Pago seguro + Garant\u00eda","breadcrumb":{"@id":"https:\/\/compuviper.mx\/tienda\/producto\/hisense-40a45nv-television-led-40-smart-vidaa-full-hd-dts-virtual-x-wifi\/#breadcrumb"},"inLanguage":"es-MX","potentialAction":[{"@type":"ReadAction","target":["https:\/\/compuviper.mx\/tienda\/producto\/hisense-40a45nv-television-led-40-smart-vidaa-full-hd-dts-virtual-x-wifi\/"]}]},{"@type":"BreadcrumbList","@id":"https:\/\/compuviper.mx\/tienda\/producto\/hisense-40a45nv-television-led-40-smart-vidaa-full-hd-dts-virtual-x-wifi\/#breadcrumb","itemListElement":[{"@type":"ListItem","position":1,"name":"Inicio","item":"https:\/\/compuviper.mx\/tienda\/"},{"@type":"ListItem","position":2,"name":"Productos","item":"https:\/\/compuviper.mx\/tienda\/productos\/"},{"@type":"ListItem","position":3,"name":"Televisor","item":"https:\/\/compuviper.mx\/tienda\/categoria-producto\/televisor\/"},{"@type":"ListItem","position":4,"name":"Led","item":"https:\/\/compuviper.mx\/tienda\/categoria-producto\/televisor\/led-televisor\/"},{"@type":"ListItem","position":5,"name":"Hisense 40a45nv Television Led 40? Smart Vidaa , Full Hd, Dts Virtual X, Wifi"}]},{"@type":"WebSite","@id":"https:\/\/compuviper.mx\/tienda\/#website","url":"https:\/\/compuviper.mx\/tienda\/","name":"Compuviper","description":"Proveedor de Computadoras, Laptops, Servidores, Monitores, Puntos de Venta, Teclados,   Impresoras, T\u00f3ner, C\u00e1maras de Seguridad y m\u00e1s en tu tienda en l\u00ednea","publisher":{"@id":"https:\/\/compuviper.mx\/tienda\/#organization"},"potentialAction":[{"@type":"SearchAction","target":{"@type":"EntryPoint","urlTemplate":"https:\/\/compuviper.mx\/tienda\/?s={search_term_string}"},"query-input":"required name=search_term_string"}],"inLanguage":"es-MX"},{"@type":"Organization","@id":"https:\/\/compuviper.mx\/tienda\/#organization","name":"Compuviper","url":"https:\/\/compuviper.mx\/tienda\/","logo":{"@type":"ImageObject","inLanguage":"es-MX","@id":"https:\/\/compuviper.mx\/tienda\/#\/schema\/logo\/image\/","url":"https:\/\/compuviper.mx\/tienda\/wp-content\/uploads\/2021\/08\/Logo-Compuviper-10.png","contentUrl":"https:\/\/compuviper.mx\/tienda\/wp-content\/uploads\/2021\/08\/Logo-Compuviper-10.png","width":1000,"height":500,"caption":"Compuviper"},"image":{"@id":"https:\/\/compuviper.mx\/tienda\/#\/schema\/logo\/image\/"},"sameAs":["https:\/\/www.facebook.com\/compuviper","https:\/\/www.youtube.com\/channel\/UCf73dERp9Y3cfOq7q8BhLjA?view_as=subscriber"]}]},"product_brand":"Hisense","product_price_amount":"3764","product_price_currency":"MXN","og_availability":"instock","product_availability":"instock","product_retailer_item_id":"40A45NV","product_condition":"new"},"_links":{"self":[{"href":"https:\/\/compuviper.mx\/tienda\/wp-json\/wp\/v2\/product\/265886"}],"collection":[{"href":"https:\/\/compuviper.mx\/tienda\/wp-json\/wp\/v2\/product"}],"about":[{"href":"https:\/\/compuviper.mx\/tienda\/wp-json\/wp\/v2\/types\/product"}],"replies":[{"embeddable":true,"href":"https:\/\/compuviper.mx\/tienda\/wp-json\/wp\/v2\/comments?post=265886"}],"wp:attachment":[{"href":"https:\/\/compuviper.mx\/tienda\/wp-json\/wp\/v2\/media?parent=265886"}],"wp:term":[{"taxonomy":"product_cat","embeddable":true,"href":"https:\/\/compuviper.mx\/tienda\/wp-json\/wp\/v2\/product_cat?post=265886"},{"taxonomy":"product_tag","embeddable":true,"href":"https:\/\/compuviper.mx\/tienda\/wp-json\/wp\/v2\/product_tag?post=265886"}],"curies":[{"name":"wp","href":"https:\/\/api.w.org\/{rel}","templated":true}]}}