{"id":265875,"date":"2026-04-02T00:39:39","date_gmt":"2026-04-02T06:39:39","guid":{"rendered":"https:\/\/compuviper.mx\/tienda\/producto\/sandisk-wdbatl0020bbk-wesn-unidad-de-estado-solido-externo-wd-black-d30-game-drive-2tb-escritorio-usb3-2-gen2-negro-ps4-ps5-xbox-x-s-one\/"},"modified":"2026-04-03T00:00:15","modified_gmt":"2026-04-03T06:00:15","slug":"sandisk-wdbatl0020bbk-wesn-unidad-de-estado-solido-externo-wd-black-d30-game-drive-2tb-escritorio-usb3-2-gen2-negro-ps4-ps5-xbox-x-s-one","status":"publish","type":"product","link":"https:\/\/compuviper.mx\/tienda\/producto\/sandisk-wdbatl0020bbk-wesn-unidad-de-estado-solido-externo-wd-black-d30-game-drive-2tb-escritorio-usb3-2-gen2-negro-ps4-ps5-xbox-x-s-one\/","title":{"rendered":"Sandisk Wdbatl0020bbk-wesn Unidad De Estado Solido Externo Wd Black D30 Game Drive 2tb Escritorio Usb3.2 Gen2 Negro Ps4\/ps5 Xbox X\/s\/one"},"content":{"rendered":"<table class=\"descripcion\">\n<tr>\n<td>Capacidad  2 tb<\/td>\n<\/tr>\n<tr>\n<td>Conector  usb-c<\/td>\n<\/tr>\n<tr>\n<td>Conexion  usb 3.2 gen 2<\/td>\n<\/tr>\n<tr>\n<td>Velocidad de transferencia  up to 900mb\/s<\/td>\n<\/tr>\n<tr>\n<td>Garantia limitada de 3 a\u00f1os<\/td>\n<\/tr>\n<tr>\n<td>Dimensiones (largo, ancho y alto)  96mm x 35mm x 58mm<\/td>\n<\/tr>\n<tr>\n<td>Peso  125gms<\/td>\n<\/tr>\n<tr>\n<td>Numero de modelo  wdbatl0020bbk-wesn<\/td>\n<\/tr>\n<tr>\n<td>Temperatura de funcionamiento  0\u00b0c to 45\u00b0c<\/td>\n<\/tr>\n<tr>\n<td>Non-operating temperature  -20\u00b0c to 65\u00b0c<\/td>\n<\/tr>\n<tr>\n<td>Caracteristicas del producto :<\/td>\n<\/tr>\n<tr>\n<td>\u0095capacidad ampliada hasta 2 tb para almacenar hasta 50 juegos<\/td>\n<\/tr>\n<tr>\n<td>\u0095elegantemente dise\u00f1ado para conjuntar con tu consola<\/td>\n<\/tr>\n<tr>\n<td>\u0095velocidades aceleradas de hasta 900 mb\/s para reducir las pantallas de carga interminables<\/td>\n<\/tr>\n<tr>\n<td>\u0095compatible con las consolas playstation 5 y xbox series x|s (consulta la compatibilidad mas abajo)<\/td>\n<\/tr>\n<tr>\n<td>\u0095ssd de alto rendimiento con garantia limitada de 3 a\u00f1os<\/td>\n<\/tr>\n<tr>\n<td>Compatibilidad :<\/td>\n<\/tr>\n<tr>\n<td>\u0095playstation 5 (reproduce y almacena juegos de ps4 y guarda juegos de ps5)<\/td>\n<\/tr>\n<tr>\n<td>\u0095xbox series x|s (reproduce y almacena juegos de xbox one y guarda juegos de xbox series x|)<\/td>\n<\/tr>\n<tr>\n<td>\u0095playstation 4 pro o ps4 con la version 4.50 o posterior del software del sistema<\/td>\n<\/tr>\n<tr>\n<td>\u0095xbox one<\/td>\n<\/tr>\n<tr>\n<td>\u0095windows 10+<\/td>\n<\/tr>\n<tr>\n<td>\u0095macos 11+<\/td>\n<\/tr>\n<tr>\n<td>En la caja :<\/td>\n<\/tr>\n<tr>\n<td>\u0095wd black d30 game drive usb 3.2 ssd side<\/td>\n<\/tr>\n<tr>\n<td>\u0095wd_black d30 game drive ssd<\/td>\n<\/tr>\n<tr>\n<td>\u0095cable usb type-c a type-a<\/td>\n<\/tr>\n<tr>\n<td>\u0095guia de instalacion rapida<\/td>\n<\/tr>\n<\/table>\n","protected":false},"excerpt":{"rendered":"<p>Saca el maximo partido a tu consola. Amplia tu biblioteca. Acaba con las pantallas de carga y aumenta la capacidad con el wd_black d30 game drive ssd. Pasa mas tiempo jugando y menos borrando archivos gracias a su capacidad de hasta 2 tb. Ponte a jugar enseguida con velocidades optimizadas de hasta 900 mb\/s. Este ssd es compatible y esta listo para conectar con tu consola playstation o xbox (consulta la compatibilidad mas abajo) con estilo gracias a un dise\u00f1o elegante que combina a la perfecci\u00f3n con tu maquina de guerra. Olvidate de las pantallas de carga. Accede rapidamente a tus juegos con el wd_black d30 game drive ssd, que alcanza velocidades optimizadas de hasta 900 mb\/s para que puedas empezar a jugar y vencer a tus rivales con el minimo tiempo de carga y ninguna piedad. Dise\u00f1ado para consolas y creado para lucir. Mejora el aspecto y el estilo de tu consola con el wd_black d30 game drive ssd, que se ha dise\u00f1ado para destacar y tener un aspecto genial junto a la consola en un soporte extra\u00edble. Guarda todos tus juegos en un mismo disco. Almacena hasta 50 juegos3 con el wd_black d30 game drive ssd. Cuenta con una capacidad de hasta 2 tb para que puedas seguir ampliando tu colecci\u00f3n sin tener que eliminar tus favoritos de la consola. Almacenamiento del maximo nivel para consolas de ultima generacion. El wd_black d30 game drive ssd es compatible con las consolas de ultima generacion: playstation 5 (reproduce y almacena juegos de ps4 y guarda juegos de ps5) y xbox series x|s (reproduce y almacena juegos de xbox one y guarda juegos de xbox series x|s). Conquista con seguridad. Los jugadores pueden depositar con confianza todas las vidas que les quedan en los discos wd_black. La marca wd_black se compromete a proporcionar una experiencia del mas alto nivel con una garantia limitada de 3 a\u00f1os. Puedes tener la certeza de que tu wd_black d30 game drive ssd no te fallara mientras continuas persiguiendo la victoria. Centrate en la victoria. Dedica menos tiempo a preocuparte por el hardware y mas a ganar. Wd_black es una marca revolucionaria en cuanto a almacenamiento adicional de calidad y alto rendimiento. Dise\u00f1ado expresamente para jugadores, el wd_black d30 game drive ssd proporciona a tu consola la ampliaci\u00f3n de capacidad y el rendimiento fiable que necesita.<\/p>\n","protected":false},"featured_media":265876,"comment_status":"open","ping_status":"open","template":"","meta":[],"product_cat":[1703,1708],"product_tag":[1709],"acf":[],"yoast_head":"<!-- This site is optimized with the Yoast SEO plugin v21.7 - https:\/\/yoast.com\/wordpress\/plugins\/seo\/ -->\n<title>[ Sandisk ] &#129351; Wdbatl0020bbk-wesn Unidad De Estado Solido Externo Wd Black D30 Game Drive 2tb Escritorio Usb3.2 Gen2 Negro Ps4\/ps5 Xbox X\/s\/one<\/title>\n<meta name=\"description\" content=\"Compra Wdbatl0020bbk-wesn Unidad De Estado Solido Externo Wd Black D30 Game Drive 2tb Escritorio Usb3.2 Gen2 Negro Ps4\/ps5 Xbox X\/s\/one + Env\u00edo a domicilio + Pago seguro + Garant\u00eda\" \/>\n<meta name=\"robots\" content=\"index, follow, max-snippet:-1, max-image-preview:large, max-video-preview:-1\" \/>\n<link rel=\"canonical\" href=\"https:\/\/compuviper.mx\/tienda\/producto\/sandisk-wdbatl0020bbk-wesn-unidad-de-estado-solido-externo-wd-black-d30-game-drive-2tb-escritorio-usb3-2-gen2-negro-ps4-ps5-xbox-x-s-one\/\" \/>\n<meta property=\"og:locale\" content=\"es_MX\" \/>\n<meta property=\"og:type\" content=\"article\" \/>\n<meta property=\"og:title\" content=\"[ Sandisk ] &#129351; Wdbatl0020bbk-wesn Unidad De Estado Solido Externo Wd Black D30 Game Drive 2tb Escritorio Usb3.2 Gen2 Negro Ps4\/ps5 Xbox X\/s\/one\" \/>\n<meta property=\"og:description\" content=\"Compra Wdbatl0020bbk-wesn Unidad De Estado Solido Externo Wd Black D30 Game Drive 2tb Escritorio Usb3.2 Gen2 Negro Ps4\/ps5 Xbox X\/s\/one + Env\u00edo a domicilio + Pago seguro + Garant\u00eda\" \/>\n<meta property=\"og:url\" content=\"https:\/\/compuviper.mx\/tienda\/producto\/sandisk-wdbatl0020bbk-wesn-unidad-de-estado-solido-externo-wd-black-d30-game-drive-2tb-escritorio-usb3-2-gen2-negro-ps4-ps5-xbox-x-s-one\/\" \/>\n<meta property=\"og:site_name\" content=\"Compuviper\" \/>\n<meta property=\"article:publisher\" content=\"https:\/\/www.facebook.com\/compuviper\" \/>\n<meta property=\"article:modified_time\" content=\"2026-04-03T06:00:15+00:00\" \/>\n<meta property=\"og:image\" content=\"https:\/\/compuviper.mx\/tienda\/wp-content\/uploads\/2026\/01\/Unidad-de-estado-solido-externo-wd-black-d30-game-drive-2tb-escritorio-usb3.2-gen2-negro-ps4ps5-xbox-xsone-wdbatl0020bbk-wesn.jpg\" \/>\n\t<meta property=\"og:image:width\" content=\"200\" \/>\n\t<meta property=\"og:image:height\" content=\"200\" \/>\n\t<meta property=\"og:image:type\" content=\"image\/jpeg\" \/>\n<meta name=\"twitter:card\" content=\"summary_large_image\" \/>\n<meta name=\"twitter:label1\" content=\"Precio\" \/>\n\t<meta name=\"twitter:data1\" content=\"&#36;5,104 con IVA\" \/>\n\t<meta name=\"twitter:label2\" content=\"Availability\" \/>\n\t<meta name=\"twitter:data2\" content=\"In stock\" \/>\n<script type=\"application\/ld+json\" class=\"yoast-schema-graph\">{\"@context\":\"https:\/\/schema.org\",\"@graph\":[{\"@type\":\"WebPage\",\"@id\":\"https:\/\/compuviper.mx\/tienda\/producto\/sandisk-wdbatl0020bbk-wesn-unidad-de-estado-solido-externo-wd-black-d30-game-drive-2tb-escritorio-usb3-2-gen2-negro-ps4-ps5-xbox-x-s-one\/\",\"url\":\"https:\/\/compuviper.mx\/tienda\/producto\/sandisk-wdbatl0020bbk-wesn-unidad-de-estado-solido-externo-wd-black-d30-game-drive-2tb-escritorio-usb3-2-gen2-negro-ps4-ps5-xbox-x-s-one\/\",\"name\":\"[ Sandisk ] &#129351; Wdbatl0020bbk-wesn Unidad De Estado Solido Externo Wd Black D30 Game Drive 2tb Escritorio Usb3.2 Gen2 Negro Ps4\/ps5 Xbox X\/s\/one\",\"isPartOf\":{\"@id\":\"https:\/\/compuviper.mx\/tienda\/#website\"},\"datePublished\":\"2026-04-02T06:39:39+00:00\",\"dateModified\":\"2026-04-03T06:00:15+00:00\",\"description\":\"Compra Wdbatl0020bbk-wesn Unidad De Estado Solido Externo Wd Black D30 Game Drive 2tb Escritorio Usb3.2 Gen2 Negro Ps4\/ps5 Xbox X\/s\/one + Env\u00edo a domicilio + Pago seguro + Garant\u00eda\",\"breadcrumb\":{\"@id\":\"https:\/\/compuviper.mx\/tienda\/producto\/sandisk-wdbatl0020bbk-wesn-unidad-de-estado-solido-externo-wd-black-d30-game-drive-2tb-escritorio-usb3-2-gen2-negro-ps4-ps5-xbox-x-s-one\/#breadcrumb\"},\"inLanguage\":\"es-MX\",\"potentialAction\":[{\"@type\":\"ReadAction\",\"target\":[\"https:\/\/compuviper.mx\/tienda\/producto\/sandisk-wdbatl0020bbk-wesn-unidad-de-estado-solido-externo-wd-black-d30-game-drive-2tb-escritorio-usb3-2-gen2-negro-ps4-ps5-xbox-x-s-one\/\"]}]},{\"@type\":\"BreadcrumbList\",\"@id\":\"https:\/\/compuviper.mx\/tienda\/producto\/sandisk-wdbatl0020bbk-wesn-unidad-de-estado-solido-externo-wd-black-d30-game-drive-2tb-escritorio-usb3-2-gen2-negro-ps4-ps5-xbox-x-s-one\/#breadcrumb\",\"itemListElement\":[{\"@type\":\"ListItem\",\"position\":1,\"name\":\"Inicio\",\"item\":\"https:\/\/compuviper.mx\/tienda\/\"},{\"@type\":\"ListItem\",\"position\":2,\"name\":\"Productos\",\"item\":\"https:\/\/compuviper.mx\/tienda\/productos\/\"},{\"@type\":\"ListItem\",\"position\":3,\"name\":\"Discos Duros\",\"item\":\"https:\/\/compuviper.mx\/tienda\/categoria-producto\/discos-duros\/\"},{\"@type\":\"ListItem\",\"position\":4,\"name\":\"Unidad De Estado Solido\",\"item\":\"https:\/\/compuviper.mx\/tienda\/categoria-producto\/discos-duros\/unidad-de-estado-solido\/\"},{\"@type\":\"ListItem\",\"position\":5,\"name\":\"Sandisk Wdbatl0020bbk-wesn Unidad De Estado Solido Externo Wd Black D30 Game Drive 2tb Escritorio Usb3.2 Gen2 Negro Ps4\/ps5 Xbox X\/s\/one\"}]},{\"@type\":\"WebSite\",\"@id\":\"https:\/\/compuviper.mx\/tienda\/#website\",\"url\":\"https:\/\/compuviper.mx\/tienda\/\",\"name\":\"Compuviper\",\"description\":\"Proveedor de Computadoras, Laptops, Servidores, Monitores, Puntos de Venta, Teclados,   Impresoras, T\u00f3ner, C\u00e1maras de Seguridad y m\u00e1s en tu tienda en l\u00ednea\",\"publisher\":{\"@id\":\"https:\/\/compuviper.mx\/tienda\/#organization\"},\"potentialAction\":[{\"@type\":\"SearchAction\",\"target\":{\"@type\":\"EntryPoint\",\"urlTemplate\":\"https:\/\/compuviper.mx\/tienda\/?s={search_term_string}\"},\"query-input\":\"required name=search_term_string\"}],\"inLanguage\":\"es-MX\"},{\"@type\":\"Organization\",\"@id\":\"https:\/\/compuviper.mx\/tienda\/#organization\",\"name\":\"Compuviper\",\"url\":\"https:\/\/compuviper.mx\/tienda\/\",\"logo\":{\"@type\":\"ImageObject\",\"inLanguage\":\"es-MX\",\"@id\":\"https:\/\/compuviper.mx\/tienda\/#\/schema\/logo\/image\/\",\"url\":\"https:\/\/compuviper.mx\/tienda\/wp-content\/uploads\/2021\/08\/Logo-Compuviper-10.png\",\"contentUrl\":\"https:\/\/compuviper.mx\/tienda\/wp-content\/uploads\/2021\/08\/Logo-Compuviper-10.png\",\"width\":1000,\"height\":500,\"caption\":\"Compuviper\"},\"image\":{\"@id\":\"https:\/\/compuviper.mx\/tienda\/#\/schema\/logo\/image\/\"},\"sameAs\":[\"https:\/\/www.facebook.com\/compuviper\",\"https:\/\/www.youtube.com\/channel\/UCf73dERp9Y3cfOq7q8BhLjA?view_as=subscriber\"]}]}<\/script>\n<meta property=\"product:brand\" content=\"SANDISK\" \/>\n<meta property=\"product:price:amount\" content=\"5104\" \/>\n<meta property=\"product:price:currency\" content=\"MXN\" \/>\n<meta property=\"og:availability\" content=\"instock\" \/>\n<meta property=\"product:availability\" content=\"instock\" \/>\n<meta property=\"product:retailer_item_id\" content=\"WDBATL0020BBK-WESN\" \/>\n<meta property=\"product:condition\" content=\"new\" \/>\n<!-- \/ Yoast SEO plugin. -->","yoast_head_json":{"title":"[ Sandisk ] &#129351; Wdbatl0020bbk-wesn Unidad De Estado Solido Externo Wd Black D30 Game Drive 2tb Escritorio Usb3.2 Gen2 Negro Ps4\/ps5 Xbox X\/s\/one","description":"Compra Wdbatl0020bbk-wesn Unidad De Estado Solido Externo Wd Black D30 Game Drive 2tb Escritorio Usb3.2 Gen2 Negro Ps4\/ps5 Xbox X\/s\/one + Env\u00edo a domicilio + Pago seguro + Garant\u00eda","robots":{"index":"index","follow":"follow","max-snippet":"max-snippet:-1","max-image-preview":"max-image-preview:large","max-video-preview":"max-video-preview:-1"},"canonical":"https:\/\/compuviper.mx\/tienda\/producto\/sandisk-wdbatl0020bbk-wesn-unidad-de-estado-solido-externo-wd-black-d30-game-drive-2tb-escritorio-usb3-2-gen2-negro-ps4-ps5-xbox-x-s-one\/","og_locale":"es_MX","og_type":"article","og_title":"[ Sandisk ] &#129351; Wdbatl0020bbk-wesn Unidad De Estado Solido Externo Wd Black D30 Game Drive 2tb Escritorio Usb3.2 Gen2 Negro Ps4\/ps5 Xbox X\/s\/one","og_description":"Compra Wdbatl0020bbk-wesn Unidad De Estado Solido Externo Wd Black D30 Game Drive 2tb Escritorio Usb3.2 Gen2 Negro Ps4\/ps5 Xbox X\/s\/one + Env\u00edo a domicilio + Pago seguro + Garant\u00eda","og_url":"https:\/\/compuviper.mx\/tienda\/producto\/sandisk-wdbatl0020bbk-wesn-unidad-de-estado-solido-externo-wd-black-d30-game-drive-2tb-escritorio-usb3-2-gen2-negro-ps4-ps5-xbox-x-s-one\/","og_site_name":"Compuviper","article_publisher":"https:\/\/www.facebook.com\/compuviper","article_modified_time":"2026-04-03T06:00:15+00:00","og_image":[{"width":200,"height":200,"url":"https:\/\/compuviper.mx\/tienda\/wp-content\/uploads\/2026\/01\/Unidad-de-estado-solido-externo-wd-black-d30-game-drive-2tb-escritorio-usb3.2-gen2-negro-ps4ps5-xbox-xsone-wdbatl0020bbk-wesn.jpg","type":"image\/jpeg"}],"twitter_card":"summary_large_image","twitter_misc":{"Precio":"&#36;5,104 con IVA","Availability":"In stock"},"schema":{"@context":"https:\/\/schema.org","@graph":[{"@type":"WebPage","@id":"https:\/\/compuviper.mx\/tienda\/producto\/sandisk-wdbatl0020bbk-wesn-unidad-de-estado-solido-externo-wd-black-d30-game-drive-2tb-escritorio-usb3-2-gen2-negro-ps4-ps5-xbox-x-s-one\/","url":"https:\/\/compuviper.mx\/tienda\/producto\/sandisk-wdbatl0020bbk-wesn-unidad-de-estado-solido-externo-wd-black-d30-game-drive-2tb-escritorio-usb3-2-gen2-negro-ps4-ps5-xbox-x-s-one\/","name":"[ Sandisk ] &#129351; Wdbatl0020bbk-wesn Unidad De Estado Solido Externo Wd Black D30 Game Drive 2tb Escritorio Usb3.2 Gen2 Negro Ps4\/ps5 Xbox X\/s\/one","isPartOf":{"@id":"https:\/\/compuviper.mx\/tienda\/#website"},"datePublished":"2026-04-02T06:39:39+00:00","dateModified":"2026-04-03T06:00:15+00:00","description":"Compra Wdbatl0020bbk-wesn Unidad De Estado Solido Externo Wd Black D30 Game Drive 2tb Escritorio Usb3.2 Gen2 Negro Ps4\/ps5 Xbox X\/s\/one + Env\u00edo a domicilio + Pago seguro + Garant\u00eda","breadcrumb":{"@id":"https:\/\/compuviper.mx\/tienda\/producto\/sandisk-wdbatl0020bbk-wesn-unidad-de-estado-solido-externo-wd-black-d30-game-drive-2tb-escritorio-usb3-2-gen2-negro-ps4-ps5-xbox-x-s-one\/#breadcrumb"},"inLanguage":"es-MX","potentialAction":[{"@type":"ReadAction","target":["https:\/\/compuviper.mx\/tienda\/producto\/sandisk-wdbatl0020bbk-wesn-unidad-de-estado-solido-externo-wd-black-d30-game-drive-2tb-escritorio-usb3-2-gen2-negro-ps4-ps5-xbox-x-s-one\/"]}]},{"@type":"BreadcrumbList","@id":"https:\/\/compuviper.mx\/tienda\/producto\/sandisk-wdbatl0020bbk-wesn-unidad-de-estado-solido-externo-wd-black-d30-game-drive-2tb-escritorio-usb3-2-gen2-negro-ps4-ps5-xbox-x-s-one\/#breadcrumb","itemListElement":[{"@type":"ListItem","position":1,"name":"Inicio","item":"https:\/\/compuviper.mx\/tienda\/"},{"@type":"ListItem","position":2,"name":"Productos","item":"https:\/\/compuviper.mx\/tienda\/productos\/"},{"@type":"ListItem","position":3,"name":"Discos Duros","item":"https:\/\/compuviper.mx\/tienda\/categoria-producto\/discos-duros\/"},{"@type":"ListItem","position":4,"name":"Unidad De Estado Solido","item":"https:\/\/compuviper.mx\/tienda\/categoria-producto\/discos-duros\/unidad-de-estado-solido\/"},{"@type":"ListItem","position":5,"name":"Sandisk Wdbatl0020bbk-wesn Unidad De Estado Solido Externo Wd Black D30 Game Drive 2tb Escritorio Usb3.2 Gen2 Negro Ps4\/ps5 Xbox X\/s\/one"}]},{"@type":"WebSite","@id":"https:\/\/compuviper.mx\/tienda\/#website","url":"https:\/\/compuviper.mx\/tienda\/","name":"Compuviper","description":"Proveedor de Computadoras, Laptops, Servidores, Monitores, Puntos de Venta, Teclados,   Impresoras, T\u00f3ner, C\u00e1maras de Seguridad y m\u00e1s en tu tienda en l\u00ednea","publisher":{"@id":"https:\/\/compuviper.mx\/tienda\/#organization"},"potentialAction":[{"@type":"SearchAction","target":{"@type":"EntryPoint","urlTemplate":"https:\/\/compuviper.mx\/tienda\/?s={search_term_string}"},"query-input":"required name=search_term_string"}],"inLanguage":"es-MX"},{"@type":"Organization","@id":"https:\/\/compuviper.mx\/tienda\/#organization","name":"Compuviper","url":"https:\/\/compuviper.mx\/tienda\/","logo":{"@type":"ImageObject","inLanguage":"es-MX","@id":"https:\/\/compuviper.mx\/tienda\/#\/schema\/logo\/image\/","url":"https:\/\/compuviper.mx\/tienda\/wp-content\/uploads\/2021\/08\/Logo-Compuviper-10.png","contentUrl":"https:\/\/compuviper.mx\/tienda\/wp-content\/uploads\/2021\/08\/Logo-Compuviper-10.png","width":1000,"height":500,"caption":"Compuviper"},"image":{"@id":"https:\/\/compuviper.mx\/tienda\/#\/schema\/logo\/image\/"},"sameAs":["https:\/\/www.facebook.com\/compuviper","https:\/\/www.youtube.com\/channel\/UCf73dERp9Y3cfOq7q8BhLjA?view_as=subscriber"]}]},"product_brand":"SANDISK","product_price_amount":"5104","product_price_currency":"MXN","og_availability":"instock","product_availability":"instock","product_retailer_item_id":"WDBATL0020BBK-WESN","product_condition":"new"},"_links":{"self":[{"href":"https:\/\/compuviper.mx\/tienda\/wp-json\/wp\/v2\/product\/265875"}],"collection":[{"href":"https:\/\/compuviper.mx\/tienda\/wp-json\/wp\/v2\/product"}],"about":[{"href":"https:\/\/compuviper.mx\/tienda\/wp-json\/wp\/v2\/types\/product"}],"replies":[{"embeddable":true,"href":"https:\/\/compuviper.mx\/tienda\/wp-json\/wp\/v2\/comments?post=265875"}],"wp:featuredmedia":[{"embeddable":true,"href":"https:\/\/compuviper.mx\/tienda\/wp-json\/wp\/v2\/media\/265876"}],"wp:attachment":[{"href":"https:\/\/compuviper.mx\/tienda\/wp-json\/wp\/v2\/media?parent=265875"}],"wp:term":[{"taxonomy":"product_cat","embeddable":true,"href":"https:\/\/compuviper.mx\/tienda\/wp-json\/wp\/v2\/product_cat?post=265875"},{"taxonomy":"product_tag","embeddable":true,"href":"https:\/\/compuviper.mx\/tienda\/wp-json\/wp\/v2\/product_tag?post=265875"}],"curies":[{"name":"wp","href":"https:\/\/api.w.org\/{rel}","templated":true}]}}