{"id":265831,"date":"2026-04-02T01:46:28","date_gmt":"2026-04-02T07:46:28","guid":{"rendered":"https:\/\/compuviper.mx\/tienda\/producto\/epson-c31cl26042ab-miniprinter-tm-u220iia-042-matriz-9-agujas-serial-negra-original-copia\/"},"modified":"2026-04-02T01:46:28","modified_gmt":"2026-04-02T07:46:28","slug":"epson-c31cl26042ab-miniprinter-tm-u220iia-042-matriz-9-agujas-serial-negra-original-copia","status":"publish","type":"product","link":"https:\/\/compuviper.mx\/tienda\/producto\/epson-c31cl26042ab-miniprinter-tm-u220iia-042-matriz-9-agujas-serial-negra-original-copia\/","title":{"rendered":"Epson C31cl26042ab Miniprinter  Tm-u220iia-042, Matriz, 9 Agujas, Serial, Negra, Original + Copia"},"content":{"rendered":"<table class=\"descripcion\">\n<tr>\n<td>Informacin tecnica<\/td>\n<\/tr>\n<tr>\n<td>Metodo de impresion: serial de impacto matricial de 9 pines<\/td>\n<\/tr>\n<tr>\n<td>Velocidad de impresion: hasta 8.8 ips 16 columnas por linea, 16 cpp \/ hasta 6.0 ips 30 columnas por linea cpp\/ hasta 4.7 ips  40 columnas por linea, 16 cpp<\/td>\n<\/tr>\n<tr>\n<td>Fuentes de impresion: fuente a ank 9&#215;9 puntos 1.6 mm x 3.1, 3 medios puntos , 33 cpl<\/td>\n<\/tr>\n<tr>\n<td>Juego de caracteres: 95 caracteres alfanumericos, 16 juegos internacionales 128 x 12 graficos, japones jis x0208-1990<\/td>\n<\/tr>\n<tr>\n<td>Manipulacion de medios: 76.0 -0.5 mm\/69.5 -0.5 mm\/57.5 -0.5 mm ancho x 83 mm diametro de rollo<\/td>\n<\/tr>\n<tr>\n<td>Espesor de papel: 60-85 micrones<\/td>\n<\/tr>\n<tr>\n<td>Capacidad de copia en papel carbon: un 1 original y una 1 copia<\/td>\n<\/tr>\n<tr>\n<td>Vida util de la cinta erc-38b hasta 3,000,000 de caracteres, erc-338br hasta 1.500,000 de caracteres negro, hasta 750,000 caracteres rojo<\/td>\n<\/tr>\n<tr>\n<td>Conectividad: serial<\/td>\n<\/tr>\n<tr>\n<td>Dimensiones ancho x prof. x alt, 160 mm x 286 mm x 157.5 mm<\/td>\n<\/tr>\n<tr>\n<td>Peso: 2.7 kg<\/td>\n<\/tr>\n<tr>\n<td>Garantia: estandar 2 aos<\/td>\n<\/tr>\n<\/table>\n","protected":false},"excerpt":{"rendered":"<p>Impresora resistente para recibos y la cocina, compatible con los sistemas mpos y pc-pos<\/p>\n","protected":false},"featured_media":0,"comment_status":"open","ping_status":"open","template":"","meta":[],"product_cat":[1777,1779],"product_tag":[1624],"acf":[],"yoast_head":"<!-- This site is optimized with the Yoast SEO plugin v21.7 - https:\/\/yoast.com\/wordpress\/plugins\/seo\/ -->\n<title>[ Epson ] &#129351; C31cl26042ab Miniprinter Tm-u220iia-042, Matriz, 9 Agujas, Serial, Negra, Original + Copia<\/title>\n<meta name=\"description\" content=\"Compra C31cl26042ab Miniprinter Tm-u220iia-042, Matriz, 9 Agujas, Serial, Negra, Original + Copia + Env\u00edo a domicilio + Pago seguro + Garant\u00eda\" \/>\n<meta name=\"robots\" content=\"index, follow, max-snippet:-1, max-image-preview:large, max-video-preview:-1\" \/>\n<link rel=\"canonical\" href=\"https:\/\/compuviper.mx\/tienda\/producto\/epson-c31cl26042ab-miniprinter-tm-u220iia-042-matriz-9-agujas-serial-negra-original-copia\/\" \/>\n<meta property=\"og:locale\" content=\"es_MX\" \/>\n<meta property=\"og:type\" content=\"article\" \/>\n<meta property=\"og:title\" content=\"[ Epson ] &#129351; C31cl26042ab Miniprinter Tm-u220iia-042, Matriz, 9 Agujas, Serial, Negra, Original + Copia\" \/>\n<meta property=\"og:description\" content=\"Compra C31cl26042ab Miniprinter Tm-u220iia-042, Matriz, 9 Agujas, Serial, Negra, Original + Copia + Env\u00edo a domicilio + Pago seguro + Garant\u00eda\" \/>\n<meta property=\"og:url\" content=\"https:\/\/compuviper.mx\/tienda\/producto\/epson-c31cl26042ab-miniprinter-tm-u220iia-042-matriz-9-agujas-serial-negra-original-copia\/\" \/>\n<meta property=\"og:site_name\" content=\"Compuviper\" \/>\n<meta property=\"article:publisher\" content=\"https:\/\/www.facebook.com\/compuviper\" \/>\n<meta name=\"twitter:card\" content=\"summary_large_image\" \/>\n<meta name=\"twitter:label1\" content=\"Precio\" \/>\n\t<meta name=\"twitter:data1\" content=\"&#36;4,871 con IVA\" \/>\n\t<meta name=\"twitter:label2\" content=\"Availability\" \/>\n\t<meta name=\"twitter:data2\" content=\"On backorder\" \/>\n<script type=\"application\/ld+json\" class=\"yoast-schema-graph\">{\"@context\":\"https:\/\/schema.org\",\"@graph\":[{\"@type\":\"WebPage\",\"@id\":\"https:\/\/compuviper.mx\/tienda\/producto\/epson-c31cl26042ab-miniprinter-tm-u220iia-042-matriz-9-agujas-serial-negra-original-copia\/\",\"url\":\"https:\/\/compuviper.mx\/tienda\/producto\/epson-c31cl26042ab-miniprinter-tm-u220iia-042-matriz-9-agujas-serial-negra-original-copia\/\",\"name\":\"[ Epson ] &#129351; C31cl26042ab Miniprinter Tm-u220iia-042, Matriz, 9 Agujas, Serial, Negra, Original + Copia\",\"isPartOf\":{\"@id\":\"https:\/\/compuviper.mx\/tienda\/#website\"},\"datePublished\":\"2026-04-02T07:46:28+00:00\",\"dateModified\":\"2026-04-02T07:46:28+00:00\",\"description\":\"Compra C31cl26042ab Miniprinter Tm-u220iia-042, Matriz, 9 Agujas, Serial, Negra, Original + Copia + Env\u00edo a domicilio + Pago seguro + Garant\u00eda\",\"breadcrumb\":{\"@id\":\"https:\/\/compuviper.mx\/tienda\/producto\/epson-c31cl26042ab-miniprinter-tm-u220iia-042-matriz-9-agujas-serial-negra-original-copia\/#breadcrumb\"},\"inLanguage\":\"es-MX\",\"potentialAction\":[{\"@type\":\"ReadAction\",\"target\":[\"https:\/\/compuviper.mx\/tienda\/producto\/epson-c31cl26042ab-miniprinter-tm-u220iia-042-matriz-9-agujas-serial-negra-original-copia\/\"]}]},{\"@type\":\"BreadcrumbList\",\"@id\":\"https:\/\/compuviper.mx\/tienda\/producto\/epson-c31cl26042ab-miniprinter-tm-u220iia-042-matriz-9-agujas-serial-negra-original-copia\/#breadcrumb\",\"itemListElement\":[{\"@type\":\"ListItem\",\"position\":1,\"name\":\"Inicio\",\"item\":\"https:\/\/compuviper.mx\/tienda\/\"},{\"@type\":\"ListItem\",\"position\":2,\"name\":\"Productos\",\"item\":\"https:\/\/compuviper.mx\/tienda\/productos\/\"},{\"@type\":\"ListItem\",\"position\":3,\"name\":\"Impresoras\",\"item\":\"https:\/\/compuviper.mx\/tienda\/categoria-producto\/impresoras\/\"},{\"@type\":\"ListItem\",\"position\":4,\"name\":\"Matriz De Punto\",\"item\":\"https:\/\/compuviper.mx\/tienda\/categoria-producto\/impresoras\/matriz-de-punto\/\"},{\"@type\":\"ListItem\",\"position\":5,\"name\":\"Epson C31cl26042ab Miniprinter Tm-u220iia-042, Matriz, 9 Agujas, Serial, Negra, Original + Copia\"}]},{\"@type\":\"WebSite\",\"@id\":\"https:\/\/compuviper.mx\/tienda\/#website\",\"url\":\"https:\/\/compuviper.mx\/tienda\/\",\"name\":\"Compuviper\",\"description\":\"Proveedor de Computadoras, Laptops, Servidores, Monitores, Puntos de Venta, Teclados,   Impresoras, T\u00f3ner, C\u00e1maras de Seguridad y m\u00e1s en tu tienda en l\u00ednea\",\"publisher\":{\"@id\":\"https:\/\/compuviper.mx\/tienda\/#organization\"},\"potentialAction\":[{\"@type\":\"SearchAction\",\"target\":{\"@type\":\"EntryPoint\",\"urlTemplate\":\"https:\/\/compuviper.mx\/tienda\/?s={search_term_string}\"},\"query-input\":\"required name=search_term_string\"}],\"inLanguage\":\"es-MX\"},{\"@type\":\"Organization\",\"@id\":\"https:\/\/compuviper.mx\/tienda\/#organization\",\"name\":\"Compuviper\",\"url\":\"https:\/\/compuviper.mx\/tienda\/\",\"logo\":{\"@type\":\"ImageObject\",\"inLanguage\":\"es-MX\",\"@id\":\"https:\/\/compuviper.mx\/tienda\/#\/schema\/logo\/image\/\",\"url\":\"https:\/\/compuviper.mx\/tienda\/wp-content\/uploads\/2021\/08\/Logo-Compuviper-10.png\",\"contentUrl\":\"https:\/\/compuviper.mx\/tienda\/wp-content\/uploads\/2021\/08\/Logo-Compuviper-10.png\",\"width\":1000,\"height\":500,\"caption\":\"Compuviper\"},\"image\":{\"@id\":\"https:\/\/compuviper.mx\/tienda\/#\/schema\/logo\/image\/\"},\"sameAs\":[\"https:\/\/www.facebook.com\/compuviper\",\"https:\/\/www.youtube.com\/channel\/UCf73dERp9Y3cfOq7q8BhLjA?view_as=subscriber\"]}]}<\/script>\n<meta property=\"product:brand\" content=\"EPSON\" \/>\n<meta property=\"product:price:amount\" content=\"4871\" \/>\n<meta property=\"product:price:currency\" content=\"MXN\" \/>\n<meta property=\"og:availability\" content=\"backorder\" \/>\n<meta property=\"product:availability\" content=\"available for order\" \/>\n<meta property=\"product:retailer_item_id\" content=\"C31CL26042AB\" \/>\n<meta property=\"product:condition\" content=\"new\" \/>\n<!-- \/ Yoast SEO plugin. -->","yoast_head_json":{"title":"[ Epson ] &#129351; C31cl26042ab Miniprinter Tm-u220iia-042, Matriz, 9 Agujas, Serial, Negra, Original + Copia","description":"Compra C31cl26042ab Miniprinter Tm-u220iia-042, Matriz, 9 Agujas, Serial, Negra, Original + Copia + Env\u00edo a domicilio + Pago seguro + Garant\u00eda","robots":{"index":"index","follow":"follow","max-snippet":"max-snippet:-1","max-image-preview":"max-image-preview:large","max-video-preview":"max-video-preview:-1"},"canonical":"https:\/\/compuviper.mx\/tienda\/producto\/epson-c31cl26042ab-miniprinter-tm-u220iia-042-matriz-9-agujas-serial-negra-original-copia\/","og_locale":"es_MX","og_type":"article","og_title":"[ Epson ] &#129351; C31cl26042ab Miniprinter Tm-u220iia-042, Matriz, 9 Agujas, Serial, Negra, Original + Copia","og_description":"Compra C31cl26042ab Miniprinter Tm-u220iia-042, Matriz, 9 Agujas, Serial, Negra, Original + Copia + Env\u00edo a domicilio + Pago seguro + Garant\u00eda","og_url":"https:\/\/compuviper.mx\/tienda\/producto\/epson-c31cl26042ab-miniprinter-tm-u220iia-042-matriz-9-agujas-serial-negra-original-copia\/","og_site_name":"Compuviper","article_publisher":"https:\/\/www.facebook.com\/compuviper","twitter_card":"summary_large_image","twitter_misc":{"Precio":"&#36;4,871 con IVA","Availability":"On backorder"},"schema":{"@context":"https:\/\/schema.org","@graph":[{"@type":"WebPage","@id":"https:\/\/compuviper.mx\/tienda\/producto\/epson-c31cl26042ab-miniprinter-tm-u220iia-042-matriz-9-agujas-serial-negra-original-copia\/","url":"https:\/\/compuviper.mx\/tienda\/producto\/epson-c31cl26042ab-miniprinter-tm-u220iia-042-matriz-9-agujas-serial-negra-original-copia\/","name":"[ Epson ] &#129351; C31cl26042ab Miniprinter Tm-u220iia-042, Matriz, 9 Agujas, Serial, Negra, Original + Copia","isPartOf":{"@id":"https:\/\/compuviper.mx\/tienda\/#website"},"datePublished":"2026-04-02T07:46:28+00:00","dateModified":"2026-04-02T07:46:28+00:00","description":"Compra C31cl26042ab Miniprinter Tm-u220iia-042, Matriz, 9 Agujas, Serial, Negra, Original + Copia + Env\u00edo a domicilio + Pago seguro + Garant\u00eda","breadcrumb":{"@id":"https:\/\/compuviper.mx\/tienda\/producto\/epson-c31cl26042ab-miniprinter-tm-u220iia-042-matriz-9-agujas-serial-negra-original-copia\/#breadcrumb"},"inLanguage":"es-MX","potentialAction":[{"@type":"ReadAction","target":["https:\/\/compuviper.mx\/tienda\/producto\/epson-c31cl26042ab-miniprinter-tm-u220iia-042-matriz-9-agujas-serial-negra-original-copia\/"]}]},{"@type":"BreadcrumbList","@id":"https:\/\/compuviper.mx\/tienda\/producto\/epson-c31cl26042ab-miniprinter-tm-u220iia-042-matriz-9-agujas-serial-negra-original-copia\/#breadcrumb","itemListElement":[{"@type":"ListItem","position":1,"name":"Inicio","item":"https:\/\/compuviper.mx\/tienda\/"},{"@type":"ListItem","position":2,"name":"Productos","item":"https:\/\/compuviper.mx\/tienda\/productos\/"},{"@type":"ListItem","position":3,"name":"Impresoras","item":"https:\/\/compuviper.mx\/tienda\/categoria-producto\/impresoras\/"},{"@type":"ListItem","position":4,"name":"Matriz De Punto","item":"https:\/\/compuviper.mx\/tienda\/categoria-producto\/impresoras\/matriz-de-punto\/"},{"@type":"ListItem","position":5,"name":"Epson C31cl26042ab Miniprinter Tm-u220iia-042, Matriz, 9 Agujas, Serial, Negra, Original + Copia"}]},{"@type":"WebSite","@id":"https:\/\/compuviper.mx\/tienda\/#website","url":"https:\/\/compuviper.mx\/tienda\/","name":"Compuviper","description":"Proveedor de Computadoras, Laptops, Servidores, Monitores, Puntos de Venta, Teclados,   Impresoras, T\u00f3ner, C\u00e1maras de Seguridad y m\u00e1s en tu tienda en l\u00ednea","publisher":{"@id":"https:\/\/compuviper.mx\/tienda\/#organization"},"potentialAction":[{"@type":"SearchAction","target":{"@type":"EntryPoint","urlTemplate":"https:\/\/compuviper.mx\/tienda\/?s={search_term_string}"},"query-input":"required name=search_term_string"}],"inLanguage":"es-MX"},{"@type":"Organization","@id":"https:\/\/compuviper.mx\/tienda\/#organization","name":"Compuviper","url":"https:\/\/compuviper.mx\/tienda\/","logo":{"@type":"ImageObject","inLanguage":"es-MX","@id":"https:\/\/compuviper.mx\/tienda\/#\/schema\/logo\/image\/","url":"https:\/\/compuviper.mx\/tienda\/wp-content\/uploads\/2021\/08\/Logo-Compuviper-10.png","contentUrl":"https:\/\/compuviper.mx\/tienda\/wp-content\/uploads\/2021\/08\/Logo-Compuviper-10.png","width":1000,"height":500,"caption":"Compuviper"},"image":{"@id":"https:\/\/compuviper.mx\/tienda\/#\/schema\/logo\/image\/"},"sameAs":["https:\/\/www.facebook.com\/compuviper","https:\/\/www.youtube.com\/channel\/UCf73dERp9Y3cfOq7q8BhLjA?view_as=subscriber"]}]},"product_brand":"EPSON","product_price_amount":"4871","product_price_currency":"MXN","og_availability":"backorder","product_availability":"available for order","product_retailer_item_id":"C31CL26042AB","product_condition":"new"},"_links":{"self":[{"href":"https:\/\/compuviper.mx\/tienda\/wp-json\/wp\/v2\/product\/265831"}],"collection":[{"href":"https:\/\/compuviper.mx\/tienda\/wp-json\/wp\/v2\/product"}],"about":[{"href":"https:\/\/compuviper.mx\/tienda\/wp-json\/wp\/v2\/types\/product"}],"replies":[{"embeddable":true,"href":"https:\/\/compuviper.mx\/tienda\/wp-json\/wp\/v2\/comments?post=265831"}],"wp:attachment":[{"href":"https:\/\/compuviper.mx\/tienda\/wp-json\/wp\/v2\/media?parent=265831"}],"wp:term":[{"taxonomy":"product_cat","embeddable":true,"href":"https:\/\/compuviper.mx\/tienda\/wp-json\/wp\/v2\/product_cat?post=265831"},{"taxonomy":"product_tag","embeddable":true,"href":"https:\/\/compuviper.mx\/tienda\/wp-json\/wp\/v2\/product_tag?post=265831"}],"curies":[{"name":"wp","href":"https:\/\/api.w.org\/{rel}","templated":true}]}}