{"id":265818,"date":"2026-04-23T00:19:05","date_gmt":"2026-04-23T06:19:05","guid":{"rendered":"https:\/\/compuviper.mx\/tienda\/producto\/dahua-dh-sdt3e410-8p-mb-a-pv1-camara-ptz-ip-x-spans-8mp4mp-tioc-10x-zoom-ir-hasta-70m-autotracking-prot-perimetral-multivisin-disuasin-activa-luz-dual-inteligente-smd-4-0-ip66-poe\/"},"modified":"2026-04-23T00:19:05","modified_gmt":"2026-04-23T06:19:05","slug":"dahua-dh-sdt3e410-8p-mb-a-pv1-camara-ptz-ip-x-spans-8mp4mp-tioc-10x-zoom-ir-hasta-70m-autotracking-prot-perimetral-multivisin-disuasin-activa-luz-dual-inteligente-smd-4-0-ip66-poe","status":"publish","type":"product","link":"https:\/\/compuviper.mx\/tienda\/producto\/dahua-dh-sdt3e410-8p-mb-a-pv1-camara-ptz-ip-x-spans-8mp4mp-tioc-10x-zoom-ir-hasta-70m-autotracking-prot-perimetral-multivisin-disuasin-activa-luz-dual-inteligente-smd-4-0-ip66-poe\/","title":{"rendered":"Dahua Dh-sdt3e410-8p-mb-a-pv1 Camara Ptz Ip   \/x-spans 8mp+4mp\/ Tioc: 10x Zoom\/ Ir Hasta 70m\/ Autotracking\/ Prot. Perimetral Multivisi?n\/ Disuasi?n Activa\/ Luz Dual Inteligente\/ Smd 4.0\/ Ip66\/ Poe"},"content":{"rendered":"<table class=\"descripcion\">\n<tr>\n<td>Caracteristicas principales:<\/td>\n<\/tr>\n<tr>\n<td>Panorama: genera una imagen empalmada con un angulo amplio de 180\u00b0<\/td>\n<\/tr>\n<tr>\n<td>Detalle: cmos starvic\u0099 de 1\/2,8 y 4 megapixeles<\/td>\n<\/tr>\n<tr>\n<td>Zoom: optico de 10x<\/td>\n<\/tr>\n<tr>\n<td>Tecnologia: starlight; smd 4.0<\/td>\n<\/tr>\n<tr>\n<td>Resolucion: maximo. 25\/30 fps a 8 m<\/td>\n<\/tr>\n<tr>\n<td>Distancia ir: hasta 70 m<\/td>\n<\/tr>\n<tr>\n<td>Luz calida: distancia de iluminacion hasta 30 m<\/td>\n<\/tr>\n<tr>\n<td>Funciones: disuasion activa; seguimiento automatico lite; proteccion perimetral; deteccion de rostros<\/td>\n<\/tr>\n<tr>\n<td>Proteccion: ip66<\/td>\n<\/tr>\n<tr>\n<td>Smart dual-light<\/td>\n<\/tr>\n<tr>\n<td>Especificaciones tecnicas:<\/td>\n<\/tr>\n<tr>\n<td>Fuente de alimentacion: 12 vcc, 3 a \u00b1 10 % poe+ (802.3at)<\/td>\n<\/tr>\n<tr>\n<td>Consumo de energia: basico: 12 w<\/td>\n<\/tr>\n<tr>\n<td>Temperatura de funcionamiento: \u0096 30 \u00b0c a +60 \u00b0c<\/td>\n<\/tr>\n<tr>\n<td>Humedad de funcionamiento:  and #8804;95 %<\/td>\n<\/tr>\n<tr>\n<td>Dimensiones del producto: 140,3 mm \u00d7 181,7 mm \u00d7 238,8 mm<\/td>\n<\/tr>\n<tr>\n<td>Peso neto: 2,17 kg<\/td>\n<\/tr>\n<tr>\n<td>Material: metal<\/td>\n<\/tr>\n<\/table>\n","protected":false},"excerpt":{"rendered":"<p>Informacion general. La camara ptz dahua dh-sdt3e410-8p-mb-a-pv1 esta dise\u00f1ada para proporcionar una vigilancia robusta en exteriores con una combinacion de resolucion de 8mp+4mp. Su zoom optico 10x y su capacidad de alcance infrarrojo de hasta 70 metros permiten un monitoreo eficiente en areas grandes. Ademas, esta equipada con tecnologia tioc (three-in-one camera) que incluye luz dual inteligente para adaptacion a diferentes condiciones de iluminacion, y disuasion activa para detener posibles intrusos. El autotracking y la proteccion perimetral agregan una capa extra de seguridad, mientras que su clasificacion ip66 garantiza resistencia a las condiciones climaticas mas extremas. Importante: las camaras que cuentan con dos lentes independientes, al conectarla a un grabador (nvr\/xvr) y usar ambas lentes, ocupa dos canales de video, verifica la capacidad de tu grabador y, para proyectos, solicita asesoria a nuestro departamento de soporte tecnico o ingenieria.<\/p>\n","protected":false},"featured_media":0,"comment_status":"open","ping_status":"open","template":"","meta":[],"product_cat":[1681,1608],"product_tag":[1555],"acf":[],"yoast_head":"<!-- This site is optimized with the Yoast SEO plugin v21.7 - https:\/\/yoast.com\/wordpress\/plugins\/seo\/ -->\n<title>[ Dahua ] &#129351; Dh-sdt3e410-8p-mb-a-pv1 Camara Ptz Ip \/x-spans 8mp+4mp\/ Tioc: 10x Zoom\/ Ir Hasta 70m\/ Autotracking\/ Prot. Perimetral Multivisi\u00f3n\/ Disuasi\u00f3n Activa\/ Luz Dual Inteligente\/ Smd 4.0\/ Ip66\/ Poe<\/title>\n<meta name=\"description\" content=\"Compra Dh-sdt3e410-8p-mb-a-pv1 Camara Ptz Ip \/x-spans 8mp+4mp\/ Tioc: 10x Zoom\/ Ir Hasta 70m\/ Autotracking\/ Prot. Perimetral Multivisi\u00f3n\/ Disuasi\u00f3n Activa\/ Luz Dual Inteligente\/ Smd 4.0\/ Ip66\/ Poe + Env\u00edo a domicilio + Pago seguro + Garant\u00eda\" \/>\n<meta name=\"robots\" content=\"index, follow, max-snippet:-1, max-image-preview:large, max-video-preview:-1\" \/>\n<link rel=\"canonical\" href=\"https:\/\/compuviper.mx\/tienda\/producto\/dahua-dh-sdt3e410-8p-mb-a-pv1-camara-ptz-ip-x-spans-8mp4mp-tioc-10x-zoom-ir-hasta-70m-autotracking-prot-perimetral-multivisin-disuasin-activa-luz-dual-inteligente-smd-4-0-ip66-poe\/\" \/>\n<meta property=\"og:locale\" content=\"es_MX\" \/>\n<meta property=\"og:type\" content=\"article\" \/>\n<meta property=\"og:title\" content=\"[ Dahua ] &#129351; Dh-sdt3e410-8p-mb-a-pv1 Camara Ptz Ip \/x-spans 8mp+4mp\/ Tioc: 10x Zoom\/ Ir Hasta 70m\/ Autotracking\/ Prot. Perimetral Multivisi\u00f3n\/ Disuasi\u00f3n Activa\/ Luz Dual Inteligente\/ Smd 4.0\/ Ip66\/ Poe\" \/>\n<meta property=\"og:description\" content=\"Compra Dh-sdt3e410-8p-mb-a-pv1 Camara Ptz Ip \/x-spans 8mp+4mp\/ Tioc: 10x Zoom\/ Ir Hasta 70m\/ Autotracking\/ Prot. Perimetral Multivisi\u00f3n\/ Disuasi\u00f3n Activa\/ Luz Dual Inteligente\/ Smd 4.0\/ Ip66\/ Poe + Env\u00edo a domicilio + Pago seguro + Garant\u00eda\" \/>\n<meta property=\"og:url\" content=\"https:\/\/compuviper.mx\/tienda\/producto\/dahua-dh-sdt3e410-8p-mb-a-pv1-camara-ptz-ip-x-spans-8mp4mp-tioc-10x-zoom-ir-hasta-70m-autotracking-prot-perimetral-multivisin-disuasin-activa-luz-dual-inteligente-smd-4-0-ip66-poe\/\" \/>\n<meta property=\"og:site_name\" content=\"Compuviper\" \/>\n<meta property=\"article:publisher\" content=\"https:\/\/www.facebook.com\/compuviper\" \/>\n<meta name=\"twitter:card\" content=\"summary_large_image\" \/>\n<meta name=\"twitter:label1\" content=\"Precio\" \/>\n\t<meta name=\"twitter:data1\" content=\"&#36;5,438 con IVA\" \/>\n\t<meta name=\"twitter:label2\" content=\"Availability\" \/>\n\t<meta name=\"twitter:data2\" content=\"Out of stock\" \/>\n<script type=\"application\/ld+json\" class=\"yoast-schema-graph\">{\"@context\":\"https:\/\/schema.org\",\"@graph\":[{\"@type\":\"WebPage\",\"@id\":\"https:\/\/compuviper.mx\/tienda\/producto\/dahua-dh-sdt3e410-8p-mb-a-pv1-camara-ptz-ip-x-spans-8mp4mp-tioc-10x-zoom-ir-hasta-70m-autotracking-prot-perimetral-multivisin-disuasin-activa-luz-dual-inteligente-smd-4-0-ip66-poe\/\",\"url\":\"https:\/\/compuviper.mx\/tienda\/producto\/dahua-dh-sdt3e410-8p-mb-a-pv1-camara-ptz-ip-x-spans-8mp4mp-tioc-10x-zoom-ir-hasta-70m-autotracking-prot-perimetral-multivisin-disuasin-activa-luz-dual-inteligente-smd-4-0-ip66-poe\/\",\"name\":\"[ Dahua ] &#129351; Dh-sdt3e410-8p-mb-a-pv1 Camara Ptz Ip \/x-spans 8mp+4mp\/ Tioc: 10x Zoom\/ Ir Hasta 70m\/ Autotracking\/ Prot. Perimetral Multivisi\u00f3n\/ Disuasi\u00f3n Activa\/ Luz Dual Inteligente\/ Smd 4.0\/ Ip66\/ Poe\",\"isPartOf\":{\"@id\":\"https:\/\/compuviper.mx\/tienda\/#website\"},\"datePublished\":\"2026-04-23T06:19:05+00:00\",\"dateModified\":\"2026-04-23T06:19:05+00:00\",\"description\":\"Compra Dh-sdt3e410-8p-mb-a-pv1 Camara Ptz Ip \/x-spans 8mp+4mp\/ Tioc: 10x Zoom\/ Ir Hasta 70m\/ Autotracking\/ Prot. Perimetral Multivisi\u00f3n\/ Disuasi\u00f3n Activa\/ Luz Dual Inteligente\/ Smd 4.0\/ Ip66\/ Poe + Env\u00edo a domicilio + Pago seguro + Garant\u00eda\",\"breadcrumb\":{\"@id\":\"https:\/\/compuviper.mx\/tienda\/producto\/dahua-dh-sdt3e410-8p-mb-a-pv1-camara-ptz-ip-x-spans-8mp4mp-tioc-10x-zoom-ir-hasta-70m-autotracking-prot-perimetral-multivisin-disuasin-activa-luz-dual-inteligente-smd-4-0-ip66-poe\/#breadcrumb\"},\"inLanguage\":\"es-MX\",\"potentialAction\":[{\"@type\":\"ReadAction\",\"target\":[\"https:\/\/compuviper.mx\/tienda\/producto\/dahua-dh-sdt3e410-8p-mb-a-pv1-camara-ptz-ip-x-spans-8mp4mp-tioc-10x-zoom-ir-hasta-70m-autotracking-prot-perimetral-multivisin-disuasin-activa-luz-dual-inteligente-smd-4-0-ip66-poe\/\"]}]},{\"@type\":\"BreadcrumbList\",\"@id\":\"https:\/\/compuviper.mx\/tienda\/producto\/dahua-dh-sdt3e410-8p-mb-a-pv1-camara-ptz-ip-x-spans-8mp4mp-tioc-10x-zoom-ir-hasta-70m-autotracking-prot-perimetral-multivisin-disuasin-activa-luz-dual-inteligente-smd-4-0-ip66-poe\/#breadcrumb\",\"itemListElement\":[{\"@type\":\"ListItem\",\"position\":1,\"name\":\"Inicio\",\"item\":\"https:\/\/compuviper.mx\/tienda\/\"},{\"@type\":\"ListItem\",\"position\":2,\"name\":\"Productos\",\"item\":\"https:\/\/compuviper.mx\/tienda\/productos\/\"},{\"@type\":\"ListItem\",\"position\":3,\"name\":\"Camaras\",\"item\":\"https:\/\/compuviper.mx\/tienda\/categoria-producto\/camaras-2\/\"},{\"@type\":\"ListItem\",\"position\":4,\"name\":\"Camara De Videovigilancia\",\"item\":\"https:\/\/compuviper.mx\/tienda\/categoria-producto\/camaras-2\/camara-de-videovigilancia\/\"},{\"@type\":\"ListItem\",\"position\":5,\"name\":\"Dahua Dh-sdt3e410-8p-mb-a-pv1 Camara Ptz Ip \/x-spans 8mp+4mp\/ Tioc: 10x Zoom\/ Ir Hasta 70m\/ Autotracking\/ Prot. Perimetral Multivisi?n\/ Disuasi?n Activa\/ Luz Dual Inteligente\/ Smd 4.0\/ Ip66\/ Poe\"}]},{\"@type\":\"WebSite\",\"@id\":\"https:\/\/compuviper.mx\/tienda\/#website\",\"url\":\"https:\/\/compuviper.mx\/tienda\/\",\"name\":\"Compuviper\",\"description\":\"Proveedor de Computadoras, Laptops, Servidores, Monitores, Puntos de Venta, Teclados,   Impresoras, T\u00f3ner, C\u00e1maras de Seguridad y m\u00e1s en tu tienda en l\u00ednea\",\"publisher\":{\"@id\":\"https:\/\/compuviper.mx\/tienda\/#organization\"},\"potentialAction\":[{\"@type\":\"SearchAction\",\"target\":{\"@type\":\"EntryPoint\",\"urlTemplate\":\"https:\/\/compuviper.mx\/tienda\/?s={search_term_string}\"},\"query-input\":\"required name=search_term_string\"}],\"inLanguage\":\"es-MX\"},{\"@type\":\"Organization\",\"@id\":\"https:\/\/compuviper.mx\/tienda\/#organization\",\"name\":\"Compuviper\",\"url\":\"https:\/\/compuviper.mx\/tienda\/\",\"logo\":{\"@type\":\"ImageObject\",\"inLanguage\":\"es-MX\",\"@id\":\"https:\/\/compuviper.mx\/tienda\/#\/schema\/logo\/image\/\",\"url\":\"https:\/\/compuviper.mx\/tienda\/wp-content\/uploads\/2021\/08\/Logo-Compuviper-10.png\",\"contentUrl\":\"https:\/\/compuviper.mx\/tienda\/wp-content\/uploads\/2021\/08\/Logo-Compuviper-10.png\",\"width\":1000,\"height\":500,\"caption\":\"Compuviper\"},\"image\":{\"@id\":\"https:\/\/compuviper.mx\/tienda\/#\/schema\/logo\/image\/\"},\"sameAs\":[\"https:\/\/www.facebook.com\/compuviper\",\"https:\/\/www.youtube.com\/channel\/UCf73dERp9Y3cfOq7q8BhLjA?view_as=subscriber\"]}]}<\/script>\n<meta property=\"product:brand\" content=\"DAHUA\" \/>\n<meta property=\"product:price:amount\" content=\"5438\" \/>\n<meta property=\"product:price:currency\" content=\"MXN\" \/>\n<meta property=\"og:availability\" content=\"out of stock\" \/>\n<meta property=\"product:availability\" content=\"out of stock\" \/>\n<meta property=\"product:retailer_item_id\" content=\"DH-SDT3E410-8P-MB-A-PV1\" \/>\n<meta property=\"product:condition\" content=\"new\" \/>\n<!-- \/ Yoast SEO plugin. -->","yoast_head_json":{"title":"[ Dahua ] &#129351; Dh-sdt3e410-8p-mb-a-pv1 Camara Ptz Ip \/x-spans 8mp+4mp\/ Tioc: 10x Zoom\/ Ir Hasta 70m\/ Autotracking\/ Prot. Perimetral Multivisi\u00f3n\/ Disuasi\u00f3n Activa\/ Luz Dual Inteligente\/ Smd 4.0\/ Ip66\/ Poe","description":"Compra Dh-sdt3e410-8p-mb-a-pv1 Camara Ptz Ip \/x-spans 8mp+4mp\/ Tioc: 10x Zoom\/ Ir Hasta 70m\/ Autotracking\/ Prot. Perimetral Multivisi\u00f3n\/ Disuasi\u00f3n Activa\/ Luz Dual Inteligente\/ Smd 4.0\/ Ip66\/ Poe + Env\u00edo a domicilio + Pago seguro + Garant\u00eda","robots":{"index":"index","follow":"follow","max-snippet":"max-snippet:-1","max-image-preview":"max-image-preview:large","max-video-preview":"max-video-preview:-1"},"canonical":"https:\/\/compuviper.mx\/tienda\/producto\/dahua-dh-sdt3e410-8p-mb-a-pv1-camara-ptz-ip-x-spans-8mp4mp-tioc-10x-zoom-ir-hasta-70m-autotracking-prot-perimetral-multivisin-disuasin-activa-luz-dual-inteligente-smd-4-0-ip66-poe\/","og_locale":"es_MX","og_type":"article","og_title":"[ Dahua ] &#129351; Dh-sdt3e410-8p-mb-a-pv1 Camara Ptz Ip \/x-spans 8mp+4mp\/ Tioc: 10x Zoom\/ Ir Hasta 70m\/ Autotracking\/ Prot. Perimetral Multivisi\u00f3n\/ Disuasi\u00f3n Activa\/ Luz Dual Inteligente\/ Smd 4.0\/ Ip66\/ Poe","og_description":"Compra Dh-sdt3e410-8p-mb-a-pv1 Camara Ptz Ip \/x-spans 8mp+4mp\/ Tioc: 10x Zoom\/ Ir Hasta 70m\/ Autotracking\/ Prot. Perimetral Multivisi\u00f3n\/ Disuasi\u00f3n Activa\/ Luz Dual Inteligente\/ Smd 4.0\/ Ip66\/ Poe + Env\u00edo a domicilio + Pago seguro + Garant\u00eda","og_url":"https:\/\/compuviper.mx\/tienda\/producto\/dahua-dh-sdt3e410-8p-mb-a-pv1-camara-ptz-ip-x-spans-8mp4mp-tioc-10x-zoom-ir-hasta-70m-autotracking-prot-perimetral-multivisin-disuasin-activa-luz-dual-inteligente-smd-4-0-ip66-poe\/","og_site_name":"Compuviper","article_publisher":"https:\/\/www.facebook.com\/compuviper","twitter_card":"summary_large_image","twitter_misc":{"Precio":"&#36;5,438 con IVA","Availability":"Out of stock"},"schema":{"@context":"https:\/\/schema.org","@graph":[{"@type":"WebPage","@id":"https:\/\/compuviper.mx\/tienda\/producto\/dahua-dh-sdt3e410-8p-mb-a-pv1-camara-ptz-ip-x-spans-8mp4mp-tioc-10x-zoom-ir-hasta-70m-autotracking-prot-perimetral-multivisin-disuasin-activa-luz-dual-inteligente-smd-4-0-ip66-poe\/","url":"https:\/\/compuviper.mx\/tienda\/producto\/dahua-dh-sdt3e410-8p-mb-a-pv1-camara-ptz-ip-x-spans-8mp4mp-tioc-10x-zoom-ir-hasta-70m-autotracking-prot-perimetral-multivisin-disuasin-activa-luz-dual-inteligente-smd-4-0-ip66-poe\/","name":"[ Dahua ] &#129351; Dh-sdt3e410-8p-mb-a-pv1 Camara Ptz Ip \/x-spans 8mp+4mp\/ Tioc: 10x Zoom\/ Ir Hasta 70m\/ Autotracking\/ Prot. Perimetral Multivisi\u00f3n\/ Disuasi\u00f3n Activa\/ Luz Dual Inteligente\/ Smd 4.0\/ Ip66\/ Poe","isPartOf":{"@id":"https:\/\/compuviper.mx\/tienda\/#website"},"datePublished":"2026-04-23T06:19:05+00:00","dateModified":"2026-04-23T06:19:05+00:00","description":"Compra Dh-sdt3e410-8p-mb-a-pv1 Camara Ptz Ip \/x-spans 8mp+4mp\/ Tioc: 10x Zoom\/ Ir Hasta 70m\/ Autotracking\/ Prot. Perimetral Multivisi\u00f3n\/ Disuasi\u00f3n Activa\/ Luz Dual Inteligente\/ Smd 4.0\/ Ip66\/ Poe + Env\u00edo a domicilio + Pago seguro + Garant\u00eda","breadcrumb":{"@id":"https:\/\/compuviper.mx\/tienda\/producto\/dahua-dh-sdt3e410-8p-mb-a-pv1-camara-ptz-ip-x-spans-8mp4mp-tioc-10x-zoom-ir-hasta-70m-autotracking-prot-perimetral-multivisin-disuasin-activa-luz-dual-inteligente-smd-4-0-ip66-poe\/#breadcrumb"},"inLanguage":"es-MX","potentialAction":[{"@type":"ReadAction","target":["https:\/\/compuviper.mx\/tienda\/producto\/dahua-dh-sdt3e410-8p-mb-a-pv1-camara-ptz-ip-x-spans-8mp4mp-tioc-10x-zoom-ir-hasta-70m-autotracking-prot-perimetral-multivisin-disuasin-activa-luz-dual-inteligente-smd-4-0-ip66-poe\/"]}]},{"@type":"BreadcrumbList","@id":"https:\/\/compuviper.mx\/tienda\/producto\/dahua-dh-sdt3e410-8p-mb-a-pv1-camara-ptz-ip-x-spans-8mp4mp-tioc-10x-zoom-ir-hasta-70m-autotracking-prot-perimetral-multivisin-disuasin-activa-luz-dual-inteligente-smd-4-0-ip66-poe\/#breadcrumb","itemListElement":[{"@type":"ListItem","position":1,"name":"Inicio","item":"https:\/\/compuviper.mx\/tienda\/"},{"@type":"ListItem","position":2,"name":"Productos","item":"https:\/\/compuviper.mx\/tienda\/productos\/"},{"@type":"ListItem","position":3,"name":"Camaras","item":"https:\/\/compuviper.mx\/tienda\/categoria-producto\/camaras-2\/"},{"@type":"ListItem","position":4,"name":"Camara De Videovigilancia","item":"https:\/\/compuviper.mx\/tienda\/categoria-producto\/camaras-2\/camara-de-videovigilancia\/"},{"@type":"ListItem","position":5,"name":"Dahua Dh-sdt3e410-8p-mb-a-pv1 Camara Ptz Ip \/x-spans 8mp+4mp\/ Tioc: 10x Zoom\/ Ir Hasta 70m\/ Autotracking\/ Prot. Perimetral Multivisi?n\/ Disuasi?n Activa\/ Luz Dual Inteligente\/ Smd 4.0\/ Ip66\/ Poe"}]},{"@type":"WebSite","@id":"https:\/\/compuviper.mx\/tienda\/#website","url":"https:\/\/compuviper.mx\/tienda\/","name":"Compuviper","description":"Proveedor de Computadoras, Laptops, Servidores, Monitores, Puntos de Venta, Teclados,   Impresoras, T\u00f3ner, C\u00e1maras de Seguridad y m\u00e1s en tu tienda en l\u00ednea","publisher":{"@id":"https:\/\/compuviper.mx\/tienda\/#organization"},"potentialAction":[{"@type":"SearchAction","target":{"@type":"EntryPoint","urlTemplate":"https:\/\/compuviper.mx\/tienda\/?s={search_term_string}"},"query-input":"required name=search_term_string"}],"inLanguage":"es-MX"},{"@type":"Organization","@id":"https:\/\/compuviper.mx\/tienda\/#organization","name":"Compuviper","url":"https:\/\/compuviper.mx\/tienda\/","logo":{"@type":"ImageObject","inLanguage":"es-MX","@id":"https:\/\/compuviper.mx\/tienda\/#\/schema\/logo\/image\/","url":"https:\/\/compuviper.mx\/tienda\/wp-content\/uploads\/2021\/08\/Logo-Compuviper-10.png","contentUrl":"https:\/\/compuviper.mx\/tienda\/wp-content\/uploads\/2021\/08\/Logo-Compuviper-10.png","width":1000,"height":500,"caption":"Compuviper"},"image":{"@id":"https:\/\/compuviper.mx\/tienda\/#\/schema\/logo\/image\/"},"sameAs":["https:\/\/www.facebook.com\/compuviper","https:\/\/www.youtube.com\/channel\/UCf73dERp9Y3cfOq7q8BhLjA?view_as=subscriber"]}]},"product_brand":"DAHUA","product_price_amount":"5438","product_price_currency":"MXN","og_availability":"out of stock","product_availability":"out of stock","product_retailer_item_id":"DH-SDT3E410-8P-MB-A-PV1","product_condition":"new"},"_links":{"self":[{"href":"https:\/\/compuviper.mx\/tienda\/wp-json\/wp\/v2\/product\/265818"}],"collection":[{"href":"https:\/\/compuviper.mx\/tienda\/wp-json\/wp\/v2\/product"}],"about":[{"href":"https:\/\/compuviper.mx\/tienda\/wp-json\/wp\/v2\/types\/product"}],"replies":[{"embeddable":true,"href":"https:\/\/compuviper.mx\/tienda\/wp-json\/wp\/v2\/comments?post=265818"}],"wp:attachment":[{"href":"https:\/\/compuviper.mx\/tienda\/wp-json\/wp\/v2\/media?parent=265818"}],"wp:term":[{"taxonomy":"product_cat","embeddable":true,"href":"https:\/\/compuviper.mx\/tienda\/wp-json\/wp\/v2\/product_cat?post=265818"},{"taxonomy":"product_tag","embeddable":true,"href":"https:\/\/compuviper.mx\/tienda\/wp-json\/wp\/v2\/product_tag?post=265818"}],"curies":[{"name":"wp","href":"https:\/\/api.w.org\/{rel}","templated":true}]}}