{"id":265814,"date":"2026-04-01T23:21:31","date_gmt":"2026-04-02T05:21:31","guid":{"rendered":"https:\/\/compuviper.mx\/tienda\/producto\/vorago-au-402-wh-cargador-para-pared-au-402-fast-charge-3-0-a-1-usb-c-45w-blanco\/"},"modified":"2026-04-01T23:21:32","modified_gmt":"2026-04-02T05:21:32","slug":"vorago-au-402-wh-cargador-para-pared-au-402-fast-charge-3-0-a-1-usb-c-45w-blanco","status":"publish","type":"product","link":"https:\/\/compuviper.mx\/tienda\/producto\/vorago-au-402-wh-cargador-para-pared-au-402-fast-charge-3-0-a-1-usb-c-45w-blanco\/","title":{"rendered":"Vorago Au-402-wh Cargador Para Pared Au-402 Fast Charge 3.0 A 1 Usb C 45w Blanco"},"content":{"rendered":"<table class=\"descripcion\">\n<tr>\n<td>Art\u00edculo cargador de pared<\/td>\n<\/tr>\n<tr>\n<td>Colores disponibles blanco, negro<\/td>\n<\/tr>\n<tr>\n<td>Tipo de conector 2 \u00d7 usb tipo-c<\/td>\n<\/tr>\n<tr>\n<td>Potencia m\u00e1xima 45w (utilizando uno)<\/td>\n<\/tr>\n<tr>\n<td>Funciones carga r\u00e1pida, power delivery 3.0<\/td>\n<\/tr>\n<tr>\n<td>Pps 3.3v \u0096 5.9v  and #9107; 3.0a<\/td>\n<\/tr>\n<tr>\n<td>3.3v \u0096 11.0v  and #9107; 3.0a<\/td>\n<\/tr>\n<tr>\n<td>Tipo de uso carga<\/td>\n<\/tr>\n<tr>\n<td>Protecciones ocp, ovp, scp<\/td>\n<\/tr>\n<tr>\n<td>Tecnolog\u00eda gan de alta eficiencia<\/td>\n<\/tr>\n<tr>\n<td>(menos calor, m\u00e1s potencia)<\/td>\n<\/tr>\n<\/table>\n","protected":false},"excerpt":{"rendered":"<p>El cargador de pared quick charge au-402 de vorago que te ofrece llevar la bater\u00eda. De tus dispositivos de 0 a 100 de forma r\u00e1pida, segura y eficiente. Con 2 puertos usb. Tipo c y una construcci\u00f3n ligera y compacta, es ideal para llevarlo siempre contigo.<\/p>\n","protected":false},"featured_media":0,"comment_status":"open","ping_status":"open","template":"","meta":[],"product_cat":[1485,1871],"product_tag":[2294],"acf":[],"yoast_head":"<!-- This site is optimized with the Yoast SEO plugin v21.7 - https:\/\/yoast.com\/wordpress\/plugins\/seo\/ -->\n<title>[ Vorago ] &#129351; Au-402-wh Cargador Para Pared Au-402 Fast Charge 3.0 A 1 Usb C 45w Blanco<\/title>\n<meta name=\"description\" content=\"Compra Au-402-wh Cargador Para Pared Au-402 Fast Charge 3.0 A 1 Usb C 45w Blanco + Env\u00edo a domicilio + Pago seguro + Garant\u00eda\" \/>\n<meta name=\"robots\" content=\"index, follow, max-snippet:-1, max-image-preview:large, max-video-preview:-1\" \/>\n<link rel=\"canonical\" href=\"https:\/\/compuviper.mx\/tienda\/producto\/vorago-au-402-wh-cargador-para-pared-au-402-fast-charge-3-0-a-1-usb-c-45w-blanco\/\" \/>\n<meta property=\"og:locale\" content=\"es_MX\" \/>\n<meta property=\"og:type\" content=\"article\" \/>\n<meta property=\"og:title\" content=\"[ Vorago ] &#129351; Au-402-wh Cargador Para Pared Au-402 Fast Charge 3.0 A 1 Usb C 45w Blanco\" \/>\n<meta property=\"og:description\" content=\"Compra Au-402-wh Cargador Para Pared Au-402 Fast Charge 3.0 A 1 Usb C 45w Blanco + Env\u00edo a domicilio + Pago seguro + Garant\u00eda\" \/>\n<meta property=\"og:url\" content=\"https:\/\/compuviper.mx\/tienda\/producto\/vorago-au-402-wh-cargador-para-pared-au-402-fast-charge-3-0-a-1-usb-c-45w-blanco\/\" \/>\n<meta property=\"og:site_name\" content=\"Compuviper\" \/>\n<meta property=\"article:publisher\" content=\"https:\/\/www.facebook.com\/compuviper\" \/>\n<meta property=\"article:modified_time\" content=\"2026-04-02T05:21:32+00:00\" \/>\n<meta name=\"twitter:card\" content=\"summary_large_image\" \/>\n<meta name=\"twitter:label1\" content=\"Precio\" \/>\n\t<meta name=\"twitter:data1\" content=\"&#36;191 con IVA\" \/>\n\t<meta name=\"twitter:label2\" content=\"Availability\" \/>\n\t<meta name=\"twitter:data2\" content=\"In stock\" \/>\n<script type=\"application\/ld+json\" class=\"yoast-schema-graph\">{\"@context\":\"https:\/\/schema.org\",\"@graph\":[{\"@type\":\"WebPage\",\"@id\":\"https:\/\/compuviper.mx\/tienda\/producto\/vorago-au-402-wh-cargador-para-pared-au-402-fast-charge-3-0-a-1-usb-c-45w-blanco\/\",\"url\":\"https:\/\/compuviper.mx\/tienda\/producto\/vorago-au-402-wh-cargador-para-pared-au-402-fast-charge-3-0-a-1-usb-c-45w-blanco\/\",\"name\":\"[ Vorago ] &#129351; Au-402-wh Cargador Para Pared Au-402 Fast Charge 3.0 A 1 Usb C 45w Blanco\",\"isPartOf\":{\"@id\":\"https:\/\/compuviper.mx\/tienda\/#website\"},\"datePublished\":\"2026-04-02T05:21:31+00:00\",\"dateModified\":\"2026-04-02T05:21:32+00:00\",\"description\":\"Compra Au-402-wh Cargador Para Pared Au-402 Fast Charge 3.0 A 1 Usb C 45w Blanco + Env\u00edo a domicilio + Pago seguro + Garant\u00eda\",\"breadcrumb\":{\"@id\":\"https:\/\/compuviper.mx\/tienda\/producto\/vorago-au-402-wh-cargador-para-pared-au-402-fast-charge-3-0-a-1-usb-c-45w-blanco\/#breadcrumb\"},\"inLanguage\":\"es-MX\",\"potentialAction\":[{\"@type\":\"ReadAction\",\"target\":[\"https:\/\/compuviper.mx\/tienda\/producto\/vorago-au-402-wh-cargador-para-pared-au-402-fast-charge-3-0-a-1-usb-c-45w-blanco\/\"]}]},{\"@type\":\"BreadcrumbList\",\"@id\":\"https:\/\/compuviper.mx\/tienda\/producto\/vorago-au-402-wh-cargador-para-pared-au-402-fast-charge-3-0-a-1-usb-c-45w-blanco\/#breadcrumb\",\"itemListElement\":[{\"@type\":\"ListItem\",\"position\":1,\"name\":\"Inicio\",\"item\":\"https:\/\/compuviper.mx\/tienda\/\"},{\"@type\":\"ListItem\",\"position\":2,\"name\":\"Productos\",\"item\":\"https:\/\/compuviper.mx\/tienda\/productos\/\"},{\"@type\":\"ListItem\",\"position\":3,\"name\":\"Accesorios\",\"item\":\"https:\/\/compuviper.mx\/tienda\/categoria-producto\/accesorios\/\"},{\"@type\":\"ListItem\",\"position\":4,\"name\":\"Cargador De Pared\",\"item\":\"https:\/\/compuviper.mx\/tienda\/categoria-producto\/accesorios\/cargador-de-pared\/\"},{\"@type\":\"ListItem\",\"position\":5,\"name\":\"Vorago Au-402-wh Cargador Para Pared Au-402 Fast Charge 3.0 A 1 Usb C 45w Blanco\"}]},{\"@type\":\"WebSite\",\"@id\":\"https:\/\/compuviper.mx\/tienda\/#website\",\"url\":\"https:\/\/compuviper.mx\/tienda\/\",\"name\":\"Compuviper\",\"description\":\"Proveedor de Computadoras, Laptops, Servidores, Monitores, Puntos de Venta, Teclados,   Impresoras, T\u00f3ner, C\u00e1maras de Seguridad y m\u00e1s en tu tienda en l\u00ednea\",\"publisher\":{\"@id\":\"https:\/\/compuviper.mx\/tienda\/#organization\"},\"potentialAction\":[{\"@type\":\"SearchAction\",\"target\":{\"@type\":\"EntryPoint\",\"urlTemplate\":\"https:\/\/compuviper.mx\/tienda\/?s={search_term_string}\"},\"query-input\":\"required name=search_term_string\"}],\"inLanguage\":\"es-MX\"},{\"@type\":\"Organization\",\"@id\":\"https:\/\/compuviper.mx\/tienda\/#organization\",\"name\":\"Compuviper\",\"url\":\"https:\/\/compuviper.mx\/tienda\/\",\"logo\":{\"@type\":\"ImageObject\",\"inLanguage\":\"es-MX\",\"@id\":\"https:\/\/compuviper.mx\/tienda\/#\/schema\/logo\/image\/\",\"url\":\"https:\/\/compuviper.mx\/tienda\/wp-content\/uploads\/2021\/08\/Logo-Compuviper-10.png\",\"contentUrl\":\"https:\/\/compuviper.mx\/tienda\/wp-content\/uploads\/2021\/08\/Logo-Compuviper-10.png\",\"width\":1000,\"height\":500,\"caption\":\"Compuviper\"},\"image\":{\"@id\":\"https:\/\/compuviper.mx\/tienda\/#\/schema\/logo\/image\/\"},\"sameAs\":[\"https:\/\/www.facebook.com\/compuviper\",\"https:\/\/www.youtube.com\/channel\/UCf73dERp9Y3cfOq7q8BhLjA?view_as=subscriber\"]}]}<\/script>\n<meta property=\"product:brand\" content=\"Vorago\" \/>\n<meta property=\"product:price:amount\" content=\"191\" \/>\n<meta property=\"product:price:currency\" content=\"MXN\" \/>\n<meta property=\"og:availability\" content=\"instock\" \/>\n<meta property=\"product:availability\" content=\"instock\" \/>\n<meta property=\"product:retailer_item_id\" content=\"AU-402-WH\" \/>\n<meta property=\"product:condition\" content=\"new\" \/>\n<!-- \/ Yoast SEO plugin. -->","yoast_head_json":{"title":"[ Vorago ] &#129351; Au-402-wh Cargador Para Pared Au-402 Fast Charge 3.0 A 1 Usb C 45w Blanco","description":"Compra Au-402-wh Cargador Para Pared Au-402 Fast Charge 3.0 A 1 Usb C 45w Blanco + Env\u00edo a domicilio + Pago seguro + Garant\u00eda","robots":{"index":"index","follow":"follow","max-snippet":"max-snippet:-1","max-image-preview":"max-image-preview:large","max-video-preview":"max-video-preview:-1"},"canonical":"https:\/\/compuviper.mx\/tienda\/producto\/vorago-au-402-wh-cargador-para-pared-au-402-fast-charge-3-0-a-1-usb-c-45w-blanco\/","og_locale":"es_MX","og_type":"article","og_title":"[ Vorago ] &#129351; Au-402-wh Cargador Para Pared Au-402 Fast Charge 3.0 A 1 Usb C 45w Blanco","og_description":"Compra Au-402-wh Cargador Para Pared Au-402 Fast Charge 3.0 A 1 Usb C 45w Blanco + Env\u00edo a domicilio + Pago seguro + Garant\u00eda","og_url":"https:\/\/compuviper.mx\/tienda\/producto\/vorago-au-402-wh-cargador-para-pared-au-402-fast-charge-3-0-a-1-usb-c-45w-blanco\/","og_site_name":"Compuviper","article_publisher":"https:\/\/www.facebook.com\/compuviper","article_modified_time":"2026-04-02T05:21:32+00:00","twitter_card":"summary_large_image","twitter_misc":{"Precio":"&#36;191 con IVA","Availability":"In stock"},"schema":{"@context":"https:\/\/schema.org","@graph":[{"@type":"WebPage","@id":"https:\/\/compuviper.mx\/tienda\/producto\/vorago-au-402-wh-cargador-para-pared-au-402-fast-charge-3-0-a-1-usb-c-45w-blanco\/","url":"https:\/\/compuviper.mx\/tienda\/producto\/vorago-au-402-wh-cargador-para-pared-au-402-fast-charge-3-0-a-1-usb-c-45w-blanco\/","name":"[ Vorago ] &#129351; Au-402-wh Cargador Para Pared Au-402 Fast Charge 3.0 A 1 Usb C 45w Blanco","isPartOf":{"@id":"https:\/\/compuviper.mx\/tienda\/#website"},"datePublished":"2026-04-02T05:21:31+00:00","dateModified":"2026-04-02T05:21:32+00:00","description":"Compra Au-402-wh Cargador Para Pared Au-402 Fast Charge 3.0 A 1 Usb C 45w Blanco + Env\u00edo a domicilio + Pago seguro + Garant\u00eda","breadcrumb":{"@id":"https:\/\/compuviper.mx\/tienda\/producto\/vorago-au-402-wh-cargador-para-pared-au-402-fast-charge-3-0-a-1-usb-c-45w-blanco\/#breadcrumb"},"inLanguage":"es-MX","potentialAction":[{"@type":"ReadAction","target":["https:\/\/compuviper.mx\/tienda\/producto\/vorago-au-402-wh-cargador-para-pared-au-402-fast-charge-3-0-a-1-usb-c-45w-blanco\/"]}]},{"@type":"BreadcrumbList","@id":"https:\/\/compuviper.mx\/tienda\/producto\/vorago-au-402-wh-cargador-para-pared-au-402-fast-charge-3-0-a-1-usb-c-45w-blanco\/#breadcrumb","itemListElement":[{"@type":"ListItem","position":1,"name":"Inicio","item":"https:\/\/compuviper.mx\/tienda\/"},{"@type":"ListItem","position":2,"name":"Productos","item":"https:\/\/compuviper.mx\/tienda\/productos\/"},{"@type":"ListItem","position":3,"name":"Accesorios","item":"https:\/\/compuviper.mx\/tienda\/categoria-producto\/accesorios\/"},{"@type":"ListItem","position":4,"name":"Cargador De Pared","item":"https:\/\/compuviper.mx\/tienda\/categoria-producto\/accesorios\/cargador-de-pared\/"},{"@type":"ListItem","position":5,"name":"Vorago Au-402-wh Cargador Para Pared Au-402 Fast Charge 3.0 A 1 Usb C 45w Blanco"}]},{"@type":"WebSite","@id":"https:\/\/compuviper.mx\/tienda\/#website","url":"https:\/\/compuviper.mx\/tienda\/","name":"Compuviper","description":"Proveedor de Computadoras, Laptops, Servidores, Monitores, Puntos de Venta, Teclados,   Impresoras, T\u00f3ner, C\u00e1maras de Seguridad y m\u00e1s en tu tienda en l\u00ednea","publisher":{"@id":"https:\/\/compuviper.mx\/tienda\/#organization"},"potentialAction":[{"@type":"SearchAction","target":{"@type":"EntryPoint","urlTemplate":"https:\/\/compuviper.mx\/tienda\/?s={search_term_string}"},"query-input":"required name=search_term_string"}],"inLanguage":"es-MX"},{"@type":"Organization","@id":"https:\/\/compuviper.mx\/tienda\/#organization","name":"Compuviper","url":"https:\/\/compuviper.mx\/tienda\/","logo":{"@type":"ImageObject","inLanguage":"es-MX","@id":"https:\/\/compuviper.mx\/tienda\/#\/schema\/logo\/image\/","url":"https:\/\/compuviper.mx\/tienda\/wp-content\/uploads\/2021\/08\/Logo-Compuviper-10.png","contentUrl":"https:\/\/compuviper.mx\/tienda\/wp-content\/uploads\/2021\/08\/Logo-Compuviper-10.png","width":1000,"height":500,"caption":"Compuviper"},"image":{"@id":"https:\/\/compuviper.mx\/tienda\/#\/schema\/logo\/image\/"},"sameAs":["https:\/\/www.facebook.com\/compuviper","https:\/\/www.youtube.com\/channel\/UCf73dERp9Y3cfOq7q8BhLjA?view_as=subscriber"]}]},"product_brand":"Vorago","product_price_amount":"191","product_price_currency":"MXN","og_availability":"instock","product_availability":"instock","product_retailer_item_id":"AU-402-WH","product_condition":"new"},"_links":{"self":[{"href":"https:\/\/compuviper.mx\/tienda\/wp-json\/wp\/v2\/product\/265814"}],"collection":[{"href":"https:\/\/compuviper.mx\/tienda\/wp-json\/wp\/v2\/product"}],"about":[{"href":"https:\/\/compuviper.mx\/tienda\/wp-json\/wp\/v2\/types\/product"}],"replies":[{"embeddable":true,"href":"https:\/\/compuviper.mx\/tienda\/wp-json\/wp\/v2\/comments?post=265814"}],"wp:attachment":[{"href":"https:\/\/compuviper.mx\/tienda\/wp-json\/wp\/v2\/media?parent=265814"}],"wp:term":[{"taxonomy":"product_cat","embeddable":true,"href":"https:\/\/compuviper.mx\/tienda\/wp-json\/wp\/v2\/product_cat?post=265814"},{"taxonomy":"product_tag","embeddable":true,"href":"https:\/\/compuviper.mx\/tienda\/wp-json\/wp\/v2\/product_tag?post=265814"}],"curies":[{"name":"wp","href":"https:\/\/api.w.org\/{rel}","templated":true}]}}