{"id":265800,"date":"2026-04-25T00:40:37","date_gmt":"2026-04-25T06:40:37","guid":{"rendered":"https:\/\/compuviper.mx\/tienda\/producto\/gigabyte-b850-a-elite-wf7-ice-tarjeta-madre-socket-amd-am5-ddr5-8200-mt-s-wifi-7-bt-5-4-atx-gamer\/"},"modified":"2026-04-26T00:00:20","modified_gmt":"2026-04-26T06:00:20","slug":"gigabyte-b850-a-elite-wf7-ice-tarjeta-madre-socket-amd-am5-ddr5-8200-mt-s-wifi-7-bt-5-4-atx-gamer","status":"publish","type":"product","link":"https:\/\/compuviper.mx\/tienda\/producto\/gigabyte-b850-a-elite-wf7-ice-tarjeta-madre-socket-amd-am5-ddr5-8200-mt-s-wifi-7-bt-5-4-atx-gamer\/","title":{"rendered":"Gigabyte B850 A Elite Wf7 Ice Tarjeta Madre   \/ Socket Amd Am5 \/ Ddr5 8200 Mt\/s \/ Wifi 7 \/ Bt 5.4 \/ Atx \/ Gamer"},"content":{"rendered":"<table class=\"descripcion\">\n<tr>\n<td>Procesador<\/td>\n<\/tr>\n<tr>\n<td>Amd socket am5, soporte para:<\/td>\n<\/tr>\n<tr>\n<td>Procesadores amd ryzen\u0099 serie 9000\/<\/td>\n<\/tr>\n<tr>\n<td>Procesadores amd ryzen\u0099 serie 8000\/<\/td>\n<\/tr>\n<tr>\n<td>Procesadores amd ryzen\u0099 serie 7000<\/td>\n<\/tr>\n<tr>\n<td>(visite el sitio web de gigabyte para obtener la lista m\u00e1s reciente de procesadores compatibles).<\/td>\n<\/tr>\n<tr>\n<td>Conjunto de chips<\/td>\n<\/tr>\n<tr>\n<td>Amd b850<\/td>\n<\/tr>\n<tr>\n<td>Memoria<\/td>\n<\/tr>\n<tr>\n<td>Soporte para m\u00f3dulos de memoria ddr5 8200(oc) \/ 8000(oc) \/ 7950(oc) \/ 7900(oc) \/ 7800(oc) \/ 7600(oc) \/ 7400(oc) \/ 7200(oc) \/ 7000(oc) \/ 6800(oc) \/ 6600(oc) \/ 6400(oc) \/ 6200(oc) \/ 6000(oc) \/ 5800(oc) \/ 5600(oc) \/ 5200 \/ 4800 \/ 4400 mt\/s.<\/td>\n<\/tr>\n<tr>\n<td>4 sockets dimm ddr5 que admiten hasta 256 gb (capacidad de dimm individual de 64 gb) de memoria del sistema<\/td>\n<\/tr>\n<tr>\n<td>Arquitectura de memoria de doble canal<\/td>\n<\/tr>\n<tr>\n<td>Soporte para m\u00f3dulos de memoria dimm sin b\u00fafer 1rx8\/2rx8\/1rx16 que no sean ecc<\/td>\n<\/tr>\n<tr>\n<td>Soporte para m\u00f3dulos de memoria amd extended profiles for overclocking (amd expo\u0099) y extreme memory profile (xmp)<\/td>\n<\/tr>\n<tr>\n<td>(la configuraci\u00f3n de la cpu y la memoria puede afectar los tipos de memoria admitidos, la velocidad de datos y la cantidad de m\u00f3dulos dram; consulte la lista de compatibilidad de memoria en el sitio web de gigabyte para obtener m\u00e1s informaci\u00f3n).<\/td>\n<\/tr>\n<tr>\n<td>Gr\u00e1ficos integrados<\/td>\n<\/tr>\n<tr>\n<td>Procesador gr\u00e1fico integrado con compatibilidad con gr\u00e1ficos amd radeon\u0099:<\/td>\n<\/tr>\n<tr>\n<td>&#8211; 1 x displayport, que admite una resoluci\u00f3n m\u00e1xima de 3840 x 2160 a 144 hz<\/td>\n<\/tr>\n<tr>\n<td>* soporte para la versi\u00f3n displayport 1.4 y hdr.<\/td>\n<\/tr>\n<tr>\n<td>&#8211; 1 puerto hdmi frontal, compatible con una resoluci\u00f3n m\u00e1xima de 1920 x 1080 a 30 hz<\/td>\n<\/tr>\n<tr>\n<td>* soporte para la versi\u00f3n hdmi 1.4<\/td>\n<\/tr>\n<tr>\n<td>(las especificaciones gr\u00e1ficas pueden variar seg\u00fan la compatibilidad de la cpu).<\/td>\n<\/tr>\n<tr>\n<td>Audio<\/td>\n<\/tr>\n<tr>\n<td>Codec de audio realtek\u00ae (solo para rev. 1.0)<\/td>\n<\/tr>\n<tr>\n<td>Audio de alta definici\u00f3n<\/td>\n<\/tr>\n<tr>\n<td>De 2\/4\/5.1\/7.1 canales<\/td>\n<\/tr>\n<tr>\n<td>* puede cambiar la funcionalidad de un conector de audio mediante el software de audio. para configurar el audio de 7.1 canales, acceda a la configuraci\u00f3n de audio del software.<\/td>\n<\/tr>\n<tr>\n<td>Compatibilidad con<\/td>\n<\/tr>\n<tr>\n<td>El c\u00f3dec realtek\u00ae alc1220 de salida s\/pdif (solo para la versi\u00f3n 1.1)<\/td>\n<\/tr>\n<tr>\n<td>* el conector de salida de l\u00ednea del panel posterior admite audio dsd.<\/td>\n<\/tr>\n<tr>\n<td>Audio de alta definici\u00f3n<\/td>\n<\/tr>\n<tr>\n<td>De 2\/4\/5.1\/7.1 canales<\/td>\n<\/tr>\n<tr>\n<td>* puede cambiar la funcionalidad de un conector de audio mediante el software de audio. para configurar el audio de 7.1 canales, acceda a la configuraci\u00f3n de audio del software.<\/td>\n<\/tr>\n<tr>\n<td>Soporte para salida s\/pdif<\/td>\n<\/tr>\n<tr>\n<td>Y<\/td>\n<\/tr>\n<tr>\n<td>Chip lan realtek\u00ae 2.5gbe (2,5 gbps\/1 gbps\/100 mbps)<\/td>\n<\/tr>\n<tr>\n<td>M\u00f3dulo de comunicaci\u00f3n inal\u00e1mbrica<\/td>\n<\/tr>\n<tr>\n<td>Realtek\u00ae wi-fi 7 rtl8922ae<\/td>\n<\/tr>\n<tr>\n<td>&#8211; 802.11a, b, g, n, ac, ax, be, compatible con bandas de frecuencia portadora de 2,4\/5\/6 ghz<\/td>\n<\/tr>\n<tr>\n<td>&#8211; bluetooth 5.4<\/td>\n<\/tr>\n<tr>\n<td>&#8211; compatibilidad con el est\u00e1ndar inal\u00e1mbrico 11be de 160 mhz<\/td>\n<\/tr>\n<tr>\n<td>(la velocidad de datos real puede variar seg\u00fan el entorno y el equipo).<\/td>\n<\/tr>\n<tr>\n<td>* las funciones de wi-fi 7 requieren windows 11 sv3 para funcionar correctamente. (no hay un controlador compatible con windows 10).<\/td>\n<\/tr>\n<tr>\n<td>** la disponibilidad de los canales de wi-fi 7 en la banda de 6 ghz depende de la normativa de cada pa\u00eds.<\/td>\n<\/tr>\n<tr>\n<td>Puertos de expansi\u00f3n<\/td>\n<\/tr>\n<tr>\n<td>1 ranura pci express x16 (pciex16), integrada en la cpu:<\/td>\n<\/tr>\n<tr>\n<td>Los procesadores amd ryzen\u0099 serie 9000\/7000 admiten el modo pcie 5.0 x16<\/td>\n<\/tr>\n<tr>\n<td>Los procesadores amd ryzen\u0099 serie 8000-phoenix 1 admiten el modo pcie 4.0 x8<\/td>\n<\/tr>\n<tr>\n<td>Los procesadores amd ryzen\u0099 serie 8000-phoenix 2 admiten el modo pcie 4.0 x4<\/td>\n<\/tr>\n<tr>\n<td>* la ranura pciex16 solo admite una tarjeta gr\u00e1fica o un ssd nvme. si solo se va a instalar una tarjeta gr\u00e1fica, aseg\u00farese de instalarla en la ranura pciex16.<\/td>\n<\/tr>\n<tr>\n<td>Chipset:<\/td>\n<\/tr>\n<tr>\n<td>&#8211; 2 ranuras pci express x16, compatibles con pcie 3.0 y funcionando a x1 (pciex1_1, pciex1_2)<\/td>\n<\/tr>\n<tr>\n<td>Interfaz de almacenamiento<\/td>\n<\/tr>\n<tr>\n<td>1 conector m.2 (m2a_cpu), integrado en la cpu, compatible con socket 3, clave m, tipo 25110\/22110\/2580\/2280 ssd:<\/td>\n<\/tr>\n<tr>\n<td>Los procesadores amd ryzen\u0099 serie 9000\/7000 admiten ssd pcie 5.0 x4\/x2.<\/td>\n<\/tr>\n<tr>\n<td>Los procesadores amd ryzen\u0099 serie 8000-phoenix 1 admiten ssd pcie 4.0 x4\/x2.<\/td>\n<\/tr>\n<tr>\n<td>Los procesadores amd ryzen\u0099 serie 8000-phoenix 2 admiten ssd pcie 4.0 x4\/x2.<\/td>\n<\/tr>\n<tr>\n<td>1 conector m.2 (m2b_cpu), integrado en la cpu, compatible con socket 3, clave m, tipo 25110\/22110\/2580\/2280 ssd:<\/td>\n<\/tr>\n<tr>\n<td>Los procesadores amd ryzen\u0099 serie 9000\/7000 admiten pcie 4.0 x4\/x2 . los<\/td>\n<\/tr>\n<tr>\n<td>Procesadores amd ryzen\u0099 serie 8000-phoenix 1 admiten ssd pcie 4.0 x4\/x2<\/td>\n<\/tr>\n<tr>\n<td>Los procesadores amd ryzen\u0099 serie 8000-phoenix 2 admiten ssd pcie 4.0 x2<\/td>\n<\/tr>\n<tr>\n<td>1 conector m.2 (m2c_sb), integrado en el chipset, compatible con socket 3, clave m, tipo 25110\/22110\/2580\/2280 ssd pcie 4.0 x4\/x2<\/td>\n<\/tr>\n<tr>\n<td>4 conectores sata 6 gb\/s<\/td>\n<\/tr>\n<tr>\n<td>Compatibilidad con raid 0, raid 1, raid 5 y raid 10 para dispositivos de almacenamiento ssd nvme<\/td>\n<\/tr>\n<tr>\n<td>* raid 5 solo est\u00e1 disponible en los procesadores amd ryzen\u0099 serie 9000.<\/td>\n<\/tr>\n<tr>\n<td>Compatibilidad con raid 0, raid 1 y raid 10 para dispositivos de almacenamiento sata<\/td>\n<\/tr>\n<tr>\n<td>Usb<\/td>\n<\/tr>\n<tr>\n<td>Cpu: &#8211; 1 puerto usb type-c\u00ae en el panel posterior, compatible con usb 3.2 gen 2 &#8211; 2 puertos usb 3.2 gen 2 tipo a (rojos) en el panel posterior cpu+hub usb 2.0: &#8211; 4 puertos usb 2.0\/1.1 en el panel posterior<\/td>\n<\/tr>\n<tr>\n<td>Chipset : &#8211; 1 puerto usb type-c\u00ae compatible con usb 3.2 gen 2&#215;2, disponible a trav\u00e9s del conector usb interno &#8211; 3 puertos usb 3.2 gen 1 (1 puerto en el panel posterior, 2 puertos disponibles a trav\u00e9s del conector usb interno) &#8211; 4 puertos usb 2.0\/1.1 disponibles a trav\u00e9s de los conectores usb internos chipset+hub usb 3.2 gen 1: &#8211; 4 puertos usb 3.2 gen 1 en el panel posterior<\/td>\n<\/tr>\n<tr>\n<td>Conectores internos de e\/s<\/td>\n<\/tr>\n<tr>\n<td>1 conector de alimentaci\u00f3n principal atx de 24 pines<\/td>\n<\/tr>\n<tr>\n<td>1 conector de alimentaci\u00f3n atx de 12 v y 8 pines<\/td>\n<\/tr>\n<tr>\n<td>1 conector de alimentaci\u00f3n atx de 12 v y 4 pines<\/td>\n<\/tr>\n<tr>\n<td>1 cabezal de ventilador de cpu<\/td>\n<\/tr>\n<tr>\n<td>1 cabezal de bomba de refrigeraci\u00f3n l\u00edquida\/ventilador de cpu<\/td>\n<\/tr>\n<tr>\n<td>3 cabezales de ventilador del sistema<\/td>\n<\/tr>\n<tr>\n<td>1 cabezal de bomba de refrigeraci\u00f3n l\u00edquida\/ventilador del sistema<\/td>\n<\/tr>\n<tr>\n<td>3 cabezales de tira led rgb gen2 direccionables<\/td>\n<\/tr>\n<tr>\n<td>1 cabezal de tira led rgb<\/td>\n<\/tr>\n<tr>\n<td>3 conectores m.2 socket 3<\/td>\n<\/tr>\n<tr>\n<td>4 conectores sata de 6 gb\/s<\/td>\n<\/tr>\n<tr>\n<td>1 cabezal de panel frontal 1<\/td>\n<\/tr>\n<tr>\n<td>Cabezal de audio del panel frontal<\/td>\n<\/tr>\n<tr>\n<td>1 cabezal usb type-c\u00ae, compatible con usb 3.2 gen 2&#215;2<\/td>\n<\/tr>\n<tr>\n<td>1 cabezal usb 3.2 gen 1<\/td>\n<\/tr>\n<tr>\n<td>2 cabezales usb 2.0\/1.1<\/td>\n<\/tr>\n<tr>\n<td>1 cabezal de m\u00f3dulo de plataforma segura (solo para el m\u00f3dulo gc-tpm2.0 spi\/gc-tpm2.0 spi 2.0\/gc-tpm2.0 spi v2)<\/td>\n<\/tr>\n<tr>\n<td>1 puerto hdmi (nota)<\/td>\n<\/tr>\n<tr>\n<td>1 bot\u00f3n de encendido<\/td>\n<\/tr>\n<tr>\n<td>1 x bot\u00f3n de reinicio<\/td>\n<\/tr>\n<tr>\n<td>1 x puente de reinicio<\/td>\n<\/tr>\n<tr>\n<td>1 x puente de borrado de cmos<\/td>\n<\/tr>\n<tr>\n<td>(nota) el soporte real puede variar seg\u00fan la cpu.<\/td>\n<\/tr>\n<tr>\n<td>Conectores del panel trasero<\/td>\n<\/tr>\n<tr>\n<td>1 x displayport (nota)<\/td>\n<\/tr>\n<tr>\n<td>1 x bot\u00f3n q-flash plus<\/td>\n<\/tr>\n<tr>\n<td>4 x puertos usb 2.0\/1.1<\/td>\n<\/tr>\n<tr>\n<td>1 x puerto usb type-c\u00ae, con soporte usb 3.2 gen 2<\/td>\n<\/tr>\n<tr>\n<td>5 x puertos usb 3.2 gen 1<\/td>\n<\/tr>\n<tr>\n<td>1 x puerto rj-45<\/td>\n<\/tr>\n<tr>\n<td>2 x puertos usb 3.2 gen 2 tipo-a (rojo)<\/td>\n<\/tr>\n<tr>\n<td>2 x conectores de antena (2t2r)<\/td>\n<\/tr>\n<tr>\n<td>2 x conectores de audio<\/td>\n<\/tr>\n<tr>\n<td>1 x conector de salida \u00f3ptica s\/pdif<\/td>\n<\/tr>\n<tr>\n<td>(nota) el soporte real puede variar seg\u00fan la cpu.<\/td>\n<\/tr>\n<tr>\n<td>Controlador de e\/s<\/td>\n<\/tr>\n<tr>\n<td>Chip controlador de e\/s ite\u00ae<\/td>\n<\/tr>\n<tr>\n<td>Monitorizaci\u00f3n h\/w<\/td>\n<\/tr>\n<tr>\n<td>Detecci\u00f3n de voltaje<\/td>\n<\/tr>\n<tr>\n<td>Detecci\u00f3n de temperatura<\/td>\n<\/tr>\n<tr>\n<td>Detecci\u00f3n de velocidad del ventilador<\/td>\n<\/tr>\n<tr>\n<td>Detecci\u00f3n del caudal de refrigeraci\u00f3n por agua<\/td>\n<\/tr>\n<tr>\n<td>Advertencia de falla del ventilador<\/td>\n<\/tr>\n<tr>\n<td>Control de velocidad del ventilador<\/td>\n<\/tr>\n<tr>\n<td>* la compatibilidad de la funci\u00f3n de control de velocidad del ventilador (bomba) depender\u00e1 del ventilador (bomba) que instale.<\/td>\n<\/tr>\n<tr>\n<td>Bios<\/td>\n<\/tr>\n<tr>\n<td>1 x 256 mbit flash<\/td>\n<\/tr>\n<tr>\n<td>Uso de ami uefi bios<\/td>\n<\/tr>\n<tr>\n<td>Pnp 1.0a, dmi 2.7, wfm 2.0, sm bios 2.7, acpi 5.0 con licencia<\/td>\n<\/tr>\n<tr>\n<td>Caracter\u00edsticas \u00fanicas<\/td>\n<\/tr>\n<tr>\n<td>Soporte para el centro de control de gigabyte (gcc)<\/td>\n<\/tr>\n<tr>\n<td>* las aplicaciones disponibles en gcc pueden variar seg\u00fan el modelo de placa base. las funciones compatibles con cada aplicaci\u00f3n tambi\u00e9n pueden variar seg\u00fan las especificaciones de la placa base.<\/td>\n<\/tr>\n<tr>\n<td>Soporte para q-flash<\/td>\n<\/tr>\n<tr>\n<td>Soporte para q-flash plus<\/td>\n<\/tr>\n<tr>\n<td>Soporte para copia de seguridad inteligente<\/td>\n<\/tr>\n<tr>\n<td>Software incluido<\/td>\n<\/tr>\n<tr>\n<td>Software de gesti\u00f3n del ancho de banda lan norton\u00ae internet security (versi\u00f3n oem)<\/td>\n<\/tr>\n<tr>\n<td>Sistema operativo<\/td>\n<\/tr>\n<tr>\n<td>Compatibilidad con windows 11 de 64 bits<\/td>\n<\/tr>\n<tr>\n<td>Dise\u00f1o<\/td>\n<\/tr>\n<tr>\n<td>Factor de forma atx; 30,5 cm x 24,4 cm<\/td>\n<\/tr>\n<\/table>\n","protected":false},"excerpt":{"rendered":"<p>Los par\u00e1metros de optimizaci\u00f3n \u00fanicos del modo turbo x3d permiten que incluso los procesadores ryzen\u0099 9000 con rendimiento en juegos x3d mejorado y los procesadores ryzen\u0099 9000 sin x3d alcancen niveles de rendimiento en juegos similares a los de sus contrapartes ryzen\u0099 x3d. Experimenta una experiencia de juego m\u00e1s fluida, mayor velocidad de fotogramas y menor latencia con el innovador modo turbo x3d de la bios de gigabyte.<\/p>\n","protected":false},"featured_media":265801,"comment_status":"open","ping_status":"open","template":"","meta":[],"product_cat":[2240,1727],"product_tag":[1732],"acf":[],"yoast_head":"<!-- This site is optimized with the Yoast SEO plugin v21.7 - https:\/\/yoast.com\/wordpress\/plugins\/seo\/ -->\n<title>[ Gigabyte ] &#129351; B850 A Elite Wf7 Ice Tarjeta Madre \/ Socket Amd Am5 \/ Ddr5 8200 Mt\/s \/ Wifi 7 \/ Bt 5.4 \/ Atx \/ Gamer<\/title>\n<meta name=\"description\" content=\"Compra B850 A Elite Wf7 Ice Tarjeta Madre \/ Socket Amd Am5 \/ Ddr5 8200 Mt\/s \/ Wifi 7 \/ Bt 5.4 \/ Atx \/ Gamer + Env\u00edo a domicilio + Pago seguro + Garant\u00eda\" \/>\n<meta name=\"robots\" content=\"index, follow, max-snippet:-1, max-image-preview:large, max-video-preview:-1\" \/>\n<link rel=\"canonical\" href=\"https:\/\/compuviper.mx\/tienda\/producto\/gigabyte-b850-a-elite-wf7-ice-tarjeta-madre-socket-amd-am5-ddr5-8200-mt-s-wifi-7-bt-5-4-atx-gamer\/\" \/>\n<meta property=\"og:locale\" content=\"es_MX\" \/>\n<meta property=\"og:type\" content=\"article\" \/>\n<meta property=\"og:title\" content=\"[ Gigabyte ] &#129351; B850 A Elite Wf7 Ice Tarjeta Madre \/ Socket Amd Am5 \/ Ddr5 8200 Mt\/s \/ Wifi 7 \/ Bt 5.4 \/ Atx \/ Gamer\" \/>\n<meta property=\"og:description\" content=\"Compra B850 A Elite Wf7 Ice Tarjeta Madre \/ Socket Amd Am5 \/ Ddr5 8200 Mt\/s \/ Wifi 7 \/ Bt 5.4 \/ Atx \/ Gamer + Env\u00edo a domicilio + Pago seguro + Garant\u00eda\" \/>\n<meta property=\"og:url\" content=\"https:\/\/compuviper.mx\/tienda\/producto\/gigabyte-b850-a-elite-wf7-ice-tarjeta-madre-socket-amd-am5-ddr5-8200-mt-s-wifi-7-bt-5-4-atx-gamer\/\" \/>\n<meta property=\"og:site_name\" content=\"Compuviper\" \/>\n<meta property=\"article:publisher\" content=\"https:\/\/www.facebook.com\/compuviper\" \/>\n<meta property=\"article:modified_time\" content=\"2026-04-26T06:00:20+00:00\" \/>\n<meta property=\"og:image\" content=\"https:\/\/compuviper.mx\/tienda\/wp-content\/uploads\/2026\/01\/Tarjeta-madre-gigabyte-b850-a-elite-wf7-ice-socket-amd-am5-ddr5-8200-mts-wifi-7-bt-5.4-atx-gamer.jpg\" \/>\n\t<meta property=\"og:image:width\" content=\"200\" \/>\n\t<meta property=\"og:image:height\" content=\"200\" \/>\n\t<meta property=\"og:image:type\" content=\"image\/jpeg\" \/>\n<meta name=\"twitter:card\" content=\"summary_large_image\" \/>\n<meta name=\"twitter:label1\" content=\"Precio\" \/>\n\t<meta name=\"twitter:data1\" content=\"&#36;3,540 con IVA\" \/>\n\t<meta name=\"twitter:label2\" content=\"Availability\" \/>\n\t<meta name=\"twitter:data2\" content=\"Out of stock\" \/>\n<script type=\"application\/ld+json\" class=\"yoast-schema-graph\">{\"@context\":\"https:\/\/schema.org\",\"@graph\":[{\"@type\":\"WebPage\",\"@id\":\"https:\/\/compuviper.mx\/tienda\/producto\/gigabyte-b850-a-elite-wf7-ice-tarjeta-madre-socket-amd-am5-ddr5-8200-mt-s-wifi-7-bt-5-4-atx-gamer\/\",\"url\":\"https:\/\/compuviper.mx\/tienda\/producto\/gigabyte-b850-a-elite-wf7-ice-tarjeta-madre-socket-amd-am5-ddr5-8200-mt-s-wifi-7-bt-5-4-atx-gamer\/\",\"name\":\"[ Gigabyte ] &#129351; B850 A Elite Wf7 Ice Tarjeta Madre \/ Socket Amd Am5 \/ Ddr5 8200 Mt\/s \/ Wifi 7 \/ Bt 5.4 \/ Atx \/ Gamer\",\"isPartOf\":{\"@id\":\"https:\/\/compuviper.mx\/tienda\/#website\"},\"datePublished\":\"2026-04-25T06:40:37+00:00\",\"dateModified\":\"2026-04-26T06:00:20+00:00\",\"description\":\"Compra B850 A Elite Wf7 Ice Tarjeta Madre \/ Socket Amd Am5 \/ Ddr5 8200 Mt\/s \/ Wifi 7 \/ Bt 5.4 \/ Atx \/ Gamer + Env\u00edo a domicilio + Pago seguro + Garant\u00eda\",\"breadcrumb\":{\"@id\":\"https:\/\/compuviper.mx\/tienda\/producto\/gigabyte-b850-a-elite-wf7-ice-tarjeta-madre-socket-amd-am5-ddr5-8200-mt-s-wifi-7-bt-5-4-atx-gamer\/#breadcrumb\"},\"inLanguage\":\"es-MX\",\"potentialAction\":[{\"@type\":\"ReadAction\",\"target\":[\"https:\/\/compuviper.mx\/tienda\/producto\/gigabyte-b850-a-elite-wf7-ice-tarjeta-madre-socket-amd-am5-ddr5-8200-mt-s-wifi-7-bt-5-4-atx-gamer\/\"]}]},{\"@type\":\"BreadcrumbList\",\"@id\":\"https:\/\/compuviper.mx\/tienda\/producto\/gigabyte-b850-a-elite-wf7-ice-tarjeta-madre-socket-amd-am5-ddr5-8200-mt-s-wifi-7-bt-5-4-atx-gamer\/#breadcrumb\",\"itemListElement\":[{\"@type\":\"ListItem\",\"position\":1,\"name\":\"Inicio\",\"item\":\"https:\/\/compuviper.mx\/tienda\/\"},{\"@type\":\"ListItem\",\"position\":2,\"name\":\"Productos\",\"item\":\"https:\/\/compuviper.mx\/tienda\/productos\/\"},{\"@type\":\"ListItem\",\"position\":3,\"name\":\"Tarjeta Madre\",\"item\":\"https:\/\/compuviper.mx\/tienda\/categoria-producto\/tarjeta-madre\/\"},{\"@type\":\"ListItem\",\"position\":4,\"name\":\"Socket Am5\",\"item\":\"https:\/\/compuviper.mx\/tienda\/categoria-producto\/tarjeta-madre\/socket-am5\/\"},{\"@type\":\"ListItem\",\"position\":5,\"name\":\"Gigabyte B850 A Elite Wf7 Ice Tarjeta Madre \/ Socket Amd Am5 \/ Ddr5 8200 Mt\/s \/ Wifi 7 \/ Bt 5.4 \/ Atx \/ Gamer\"}]},{\"@type\":\"WebSite\",\"@id\":\"https:\/\/compuviper.mx\/tienda\/#website\",\"url\":\"https:\/\/compuviper.mx\/tienda\/\",\"name\":\"Compuviper\",\"description\":\"Proveedor de Computadoras, Laptops, Servidores, Monitores, Puntos de Venta, Teclados,   Impresoras, T\u00f3ner, C\u00e1maras de Seguridad y m\u00e1s en tu tienda en l\u00ednea\",\"publisher\":{\"@id\":\"https:\/\/compuviper.mx\/tienda\/#organization\"},\"potentialAction\":[{\"@type\":\"SearchAction\",\"target\":{\"@type\":\"EntryPoint\",\"urlTemplate\":\"https:\/\/compuviper.mx\/tienda\/?s={search_term_string}\"},\"query-input\":\"required name=search_term_string\"}],\"inLanguage\":\"es-MX\"},{\"@type\":\"Organization\",\"@id\":\"https:\/\/compuviper.mx\/tienda\/#organization\",\"name\":\"Compuviper\",\"url\":\"https:\/\/compuviper.mx\/tienda\/\",\"logo\":{\"@type\":\"ImageObject\",\"inLanguage\":\"es-MX\",\"@id\":\"https:\/\/compuviper.mx\/tienda\/#\/schema\/logo\/image\/\",\"url\":\"https:\/\/compuviper.mx\/tienda\/wp-content\/uploads\/2021\/08\/Logo-Compuviper-10.png\",\"contentUrl\":\"https:\/\/compuviper.mx\/tienda\/wp-content\/uploads\/2021\/08\/Logo-Compuviper-10.png\",\"width\":1000,\"height\":500,\"caption\":\"Compuviper\"},\"image\":{\"@id\":\"https:\/\/compuviper.mx\/tienda\/#\/schema\/logo\/image\/\"},\"sameAs\":[\"https:\/\/www.facebook.com\/compuviper\",\"https:\/\/www.youtube.com\/channel\/UCf73dERp9Y3cfOq7q8BhLjA?view_as=subscriber\"]}]}<\/script>\n<meta property=\"product:brand\" content=\"GIGABYTE\" \/>\n<meta property=\"product:price:amount\" content=\"3540\" \/>\n<meta property=\"product:price:currency\" content=\"MXN\" \/>\n<meta property=\"og:availability\" content=\"out of stock\" \/>\n<meta property=\"product:availability\" content=\"out of stock\" \/>\n<meta property=\"product:retailer_item_id\" content=\"B850 A ELITE WF7 ICE\" \/>\n<meta property=\"product:condition\" content=\"new\" \/>\n<!-- \/ Yoast SEO plugin. -->","yoast_head_json":{"title":"[ Gigabyte ] &#129351; B850 A Elite Wf7 Ice Tarjeta Madre \/ Socket Amd Am5 \/ Ddr5 8200 Mt\/s \/ Wifi 7 \/ Bt 5.4 \/ Atx \/ Gamer","description":"Compra B850 A Elite Wf7 Ice Tarjeta Madre \/ Socket Amd Am5 \/ Ddr5 8200 Mt\/s \/ Wifi 7 \/ Bt 5.4 \/ Atx \/ Gamer + Env\u00edo a domicilio + Pago seguro + Garant\u00eda","robots":{"index":"index","follow":"follow","max-snippet":"max-snippet:-1","max-image-preview":"max-image-preview:large","max-video-preview":"max-video-preview:-1"},"canonical":"https:\/\/compuviper.mx\/tienda\/producto\/gigabyte-b850-a-elite-wf7-ice-tarjeta-madre-socket-amd-am5-ddr5-8200-mt-s-wifi-7-bt-5-4-atx-gamer\/","og_locale":"es_MX","og_type":"article","og_title":"[ Gigabyte ] &#129351; B850 A Elite Wf7 Ice Tarjeta Madre \/ Socket Amd Am5 \/ Ddr5 8200 Mt\/s \/ Wifi 7 \/ Bt 5.4 \/ Atx \/ Gamer","og_description":"Compra B850 A Elite Wf7 Ice Tarjeta Madre \/ Socket Amd Am5 \/ Ddr5 8200 Mt\/s \/ Wifi 7 \/ Bt 5.4 \/ Atx \/ Gamer + Env\u00edo a domicilio + Pago seguro + Garant\u00eda","og_url":"https:\/\/compuviper.mx\/tienda\/producto\/gigabyte-b850-a-elite-wf7-ice-tarjeta-madre-socket-amd-am5-ddr5-8200-mt-s-wifi-7-bt-5-4-atx-gamer\/","og_site_name":"Compuviper","article_publisher":"https:\/\/www.facebook.com\/compuviper","article_modified_time":"2026-04-26T06:00:20+00:00","og_image":[{"width":200,"height":200,"url":"https:\/\/compuviper.mx\/tienda\/wp-content\/uploads\/2026\/01\/Tarjeta-madre-gigabyte-b850-a-elite-wf7-ice-socket-amd-am5-ddr5-8200-mts-wifi-7-bt-5.4-atx-gamer.jpg","type":"image\/jpeg"}],"twitter_card":"summary_large_image","twitter_misc":{"Precio":"&#36;3,540 con IVA","Availability":"Out of stock"},"schema":{"@context":"https:\/\/schema.org","@graph":[{"@type":"WebPage","@id":"https:\/\/compuviper.mx\/tienda\/producto\/gigabyte-b850-a-elite-wf7-ice-tarjeta-madre-socket-amd-am5-ddr5-8200-mt-s-wifi-7-bt-5-4-atx-gamer\/","url":"https:\/\/compuviper.mx\/tienda\/producto\/gigabyte-b850-a-elite-wf7-ice-tarjeta-madre-socket-amd-am5-ddr5-8200-mt-s-wifi-7-bt-5-4-atx-gamer\/","name":"[ Gigabyte ] &#129351; B850 A Elite Wf7 Ice Tarjeta Madre \/ Socket Amd Am5 \/ Ddr5 8200 Mt\/s \/ Wifi 7 \/ Bt 5.4 \/ Atx \/ Gamer","isPartOf":{"@id":"https:\/\/compuviper.mx\/tienda\/#website"},"datePublished":"2026-04-25T06:40:37+00:00","dateModified":"2026-04-26T06:00:20+00:00","description":"Compra B850 A Elite Wf7 Ice Tarjeta Madre \/ Socket Amd Am5 \/ Ddr5 8200 Mt\/s \/ Wifi 7 \/ Bt 5.4 \/ Atx \/ Gamer + Env\u00edo a domicilio + Pago seguro + Garant\u00eda","breadcrumb":{"@id":"https:\/\/compuviper.mx\/tienda\/producto\/gigabyte-b850-a-elite-wf7-ice-tarjeta-madre-socket-amd-am5-ddr5-8200-mt-s-wifi-7-bt-5-4-atx-gamer\/#breadcrumb"},"inLanguage":"es-MX","potentialAction":[{"@type":"ReadAction","target":["https:\/\/compuviper.mx\/tienda\/producto\/gigabyte-b850-a-elite-wf7-ice-tarjeta-madre-socket-amd-am5-ddr5-8200-mt-s-wifi-7-bt-5-4-atx-gamer\/"]}]},{"@type":"BreadcrumbList","@id":"https:\/\/compuviper.mx\/tienda\/producto\/gigabyte-b850-a-elite-wf7-ice-tarjeta-madre-socket-amd-am5-ddr5-8200-mt-s-wifi-7-bt-5-4-atx-gamer\/#breadcrumb","itemListElement":[{"@type":"ListItem","position":1,"name":"Inicio","item":"https:\/\/compuviper.mx\/tienda\/"},{"@type":"ListItem","position":2,"name":"Productos","item":"https:\/\/compuviper.mx\/tienda\/productos\/"},{"@type":"ListItem","position":3,"name":"Tarjeta Madre","item":"https:\/\/compuviper.mx\/tienda\/categoria-producto\/tarjeta-madre\/"},{"@type":"ListItem","position":4,"name":"Socket Am5","item":"https:\/\/compuviper.mx\/tienda\/categoria-producto\/tarjeta-madre\/socket-am5\/"},{"@type":"ListItem","position":5,"name":"Gigabyte B850 A Elite Wf7 Ice Tarjeta Madre \/ Socket Amd Am5 \/ Ddr5 8200 Mt\/s \/ Wifi 7 \/ Bt 5.4 \/ Atx \/ Gamer"}]},{"@type":"WebSite","@id":"https:\/\/compuviper.mx\/tienda\/#website","url":"https:\/\/compuviper.mx\/tienda\/","name":"Compuviper","description":"Proveedor de Computadoras, Laptops, Servidores, Monitores, Puntos de Venta, Teclados,   Impresoras, T\u00f3ner, C\u00e1maras de Seguridad y m\u00e1s en tu tienda en l\u00ednea","publisher":{"@id":"https:\/\/compuviper.mx\/tienda\/#organization"},"potentialAction":[{"@type":"SearchAction","target":{"@type":"EntryPoint","urlTemplate":"https:\/\/compuviper.mx\/tienda\/?s={search_term_string}"},"query-input":"required name=search_term_string"}],"inLanguage":"es-MX"},{"@type":"Organization","@id":"https:\/\/compuviper.mx\/tienda\/#organization","name":"Compuviper","url":"https:\/\/compuviper.mx\/tienda\/","logo":{"@type":"ImageObject","inLanguage":"es-MX","@id":"https:\/\/compuviper.mx\/tienda\/#\/schema\/logo\/image\/","url":"https:\/\/compuviper.mx\/tienda\/wp-content\/uploads\/2021\/08\/Logo-Compuviper-10.png","contentUrl":"https:\/\/compuviper.mx\/tienda\/wp-content\/uploads\/2021\/08\/Logo-Compuviper-10.png","width":1000,"height":500,"caption":"Compuviper"},"image":{"@id":"https:\/\/compuviper.mx\/tienda\/#\/schema\/logo\/image\/"},"sameAs":["https:\/\/www.facebook.com\/compuviper","https:\/\/www.youtube.com\/channel\/UCf73dERp9Y3cfOq7q8BhLjA?view_as=subscriber"]}]},"product_brand":"GIGABYTE","product_price_amount":"3540","product_price_currency":"MXN","og_availability":"out of stock","product_availability":"out of stock","product_retailer_item_id":"B850 A ELITE WF7 ICE","product_condition":"new"},"_links":{"self":[{"href":"https:\/\/compuviper.mx\/tienda\/wp-json\/wp\/v2\/product\/265800"}],"collection":[{"href":"https:\/\/compuviper.mx\/tienda\/wp-json\/wp\/v2\/product"}],"about":[{"href":"https:\/\/compuviper.mx\/tienda\/wp-json\/wp\/v2\/types\/product"}],"replies":[{"embeddable":true,"href":"https:\/\/compuviper.mx\/tienda\/wp-json\/wp\/v2\/comments?post=265800"}],"wp:featuredmedia":[{"embeddable":true,"href":"https:\/\/compuviper.mx\/tienda\/wp-json\/wp\/v2\/media\/265801"}],"wp:attachment":[{"href":"https:\/\/compuviper.mx\/tienda\/wp-json\/wp\/v2\/media?parent=265800"}],"wp:term":[{"taxonomy":"product_cat","embeddable":true,"href":"https:\/\/compuviper.mx\/tienda\/wp-json\/wp\/v2\/product_cat?post=265800"},{"taxonomy":"product_tag","embeddable":true,"href":"https:\/\/compuviper.mx\/tienda\/wp-json\/wp\/v2\/product_tag?post=265800"}],"curies":[{"name":"wp","href":"https:\/\/api.w.org\/{rel}","templated":true}]}}