{"id":265796,"date":"2026-04-25T00:40:34","date_gmt":"2026-04-25T06:40:34","guid":{"rendered":"https:\/\/compuviper.mx\/tienda\/producto\/gigabyte-b760m-k-v2-ddr4-tarjeta-madre-socket-1700-2x-ddr4-hdmi-pcie-x-16-micro-atx\/"},"modified":"2026-04-26T00:00:20","modified_gmt":"2026-04-26T06:00:20","slug":"gigabyte-b760m-k-v2-ddr4-tarjeta-madre-socket-1700-2x-ddr4-hdmi-pcie-x-16-micro-atx","status":"publish","type":"product","link":"https:\/\/compuviper.mx\/tienda\/producto\/gigabyte-b760m-k-v2-ddr4-tarjeta-madre-socket-1700-2x-ddr4-hdmi-pcie-x-16-micro-atx\/","title":{"rendered":"Gigabyte B760m K V2 Ddr4 Tarjeta Madre   \/ Socket 1700 \/ 2x Ddr4 \/ Hdmi \/ Pcie X 16 \/ Micro Atx"},"content":{"rendered":"<table class=\"descripcion\">\n<tr>\n<td>Procesador<\/td>\n<\/tr>\n<tr>\n<td>Z\u00f3calo lga1700: compatibilidad con procesadores intel\u00ae core\u0099, pentium\u00ae gold y celeron\u00ae de 14.\u00aa, 13.\u00aa y 12.\u00aa generaci\u00f3n<\/td>\n<\/tr>\n<tr>\n<td>(visite el sitio web de gigabyte para obtener la lista de cpu compatibles m\u00e1s reciente).<\/td>\n<\/tr>\n<tr>\n<td>La cach\u00e9 l3 var\u00eda seg\u00fan la cpu .<\/td>\n<\/tr>\n<tr>\n<td>Conjunto de chips<\/td>\n<\/tr>\n<tr>\n<td>Chipset intel\u00ae b760 express<\/td>\n<\/tr>\n<tr>\n<td>Memoria<\/td>\n<\/tr>\n<tr>\n<td>Soporte para m\u00f3dulos de memoria ddr4 3200\/3000\/2933\/2666\/2400\/2133 mt\/s<\/td>\n<\/tr>\n<tr>\n<td>2 z\u00f3calos dimm ddr4 que admiten hasta 64 gb (capacidad de dimm individual de 32 gb) de memoria del sistema<\/td>\n<\/tr>\n<tr>\n<td>Arquitectura de memoria de doble canal<\/td>\n<\/tr>\n<tr>\n<td>Soporte para m\u00f3dulos de memoria dimm 1rx8\/2rx8 sin b\u00fafer ecc (operan en modo no ecc)<\/td>\n<\/tr>\n<tr>\n<td>Soporte para m\u00f3dulos de memoria dimm 1rx8\/2rx8\/1rx16 sin b\u00fafer no ecc<\/td>\n<\/tr>\n<tr>\n<td>Soporte para m\u00f3dulos de memoria extreme memory profile (xmp)<\/td>\n<\/tr>\n<tr>\n<td>(la configuraci\u00f3n de la cpu y la memoria puede afectar los tipos de memoria admitidos, la velocidad de datos (velocidad) y la cantidad de m\u00f3dulos dram; consulte la lista de compatibilidad de memoria en el sitio web de gigabyte para obtener m\u00e1s informaci\u00f3n).<\/td>\n<\/tr>\n<tr>\n<td>Gr\u00e1ficos integrados<\/td>\n<\/tr>\n<tr>\n<td>Procesador de gr\u00e1ficos integrado: compatibilidad con intel\u00ae hd graphics:<\/td>\n<\/tr>\n<tr>\n<td>&#8211; 1 puerto d-sub, que admite una resoluci\u00f3n m\u00e1xima de 1920 x 1200 a 60 hz<\/td>\n<\/tr>\n<tr>\n<td>&#8211; 1 puerto hdmi, que admite una resoluci\u00f3n m\u00e1xima de 4096 x 2160 a 60 hz<\/td>\n<\/tr>\n<tr>\n<td>* soporte para la versi\u00f3n hdmi 2.1 y hdcp 2.3.<\/td>\n<\/tr>\n<tr>\n<td>** soporte para puertos compatibles con hdmi 2.1 tmds nativos.<\/td>\n<\/tr>\n<tr>\n<td>(las especificaciones gr\u00e1ficas pueden variar seg\u00fan la compatibilidad de la cpu).<\/td>\n<\/tr>\n<tr>\n<td>Audio<\/td>\n<\/tr>\n<tr>\n<td>Codec de audio realtek\u00ae<\/td>\n<\/tr>\n<tr>\n<td>Audio de alta definici\u00f3n<\/td>\n<\/tr>\n<tr>\n<td>De 2\/4\/5.1\/7.1 canales<\/td>\n<\/tr>\n<tr>\n<td>* puede cambiar la funcionalidad de un conector de audio mediante el software de audio. para configurar el audio de 7.1 canales, acceda a la configuraci\u00f3n de audio del software.<\/td>\n<\/tr>\n<tr>\n<td>Y<\/td>\n<\/tr>\n<tr>\n<td>Chip lan realtek\u00ae gbe (1 gbps\/100 gbps\/10 mbps)<\/td>\n<\/tr>\n<tr>\n<td>Puertos de expansi\u00f3n<\/td>\n<\/tr>\n<tr>\n<td>Cpu:<\/td>\n<\/tr>\n<tr>\n<td>&#8211; 1 ranura pci express x16, compatible con pcie 4.0 y funcionando a x16<\/td>\n<\/tr>\n<tr>\n<td>Chipset:<\/td>\n<\/tr>\n<tr>\n<td>&#8211; 1 ranura pci express x1, compatible con pcie 3.0 y funcionando a x1<\/td>\n<\/tr>\n<tr>\n<td>Interfaz de almacenamiento<\/td>\n<\/tr>\n<tr>\n<td>Chipset:<\/td>\n<\/tr>\n<tr>\n<td>&#8211; 1 conector m.2 (socket 3, clave m, tipo 2280\/2260 pcie 3.0 x4\/x2 compatible con ssd)<\/td>\n<\/tr>\n<tr>\n<td>&#8211; 4 conectores sata 6 gb\/s<\/td>\n<\/tr>\n<tr>\n<td>Compatibilidad con raid 0, raid 1, raid 5 y raid 10 para dispositivos de almacenamiento sata<\/td>\n<\/tr>\n<tr>\n<td>Usb<\/td>\n<\/tr>\n<tr>\n<td>Chipset:<\/td>\n<\/tr>\n<tr>\n<td>&#8211; 4 puertos usb 3.2 gen 1 (2 puertos en el panel posterior, 2 puertos disponibles a trav\u00e9s del conector usb interno)<\/td>\n<\/tr>\n<tr>\n<td>&#8211; 4 puertos usb 2.0\/1.1 en el panel posterior<\/td>\n<\/tr>\n<tr>\n<td>Chipset + concentrador usb 2.0:<\/td>\n<\/tr>\n<tr>\n<td>&#8211; 4 puertos usb 2.0\/1.1 disponibles a trav\u00e9s de los conectores usb internos<\/td>\n<\/tr>\n<tr>\n<td>Conectores internos de e\/s<\/td>\n<\/tr>\n<tr>\n<td>1 conector de alimentaci\u00f3n principal atx de 24 pines<\/td>\n<\/tr>\n<tr>\n<td>1 conector de alimentaci\u00f3n atx de 12 v y 8 pines<\/td>\n<\/tr>\n<tr>\n<td>1 cabezal de ventilador de cpu<\/td>\n<\/tr>\n<tr>\n<td>2 cabezales de ventilador del sistema<\/td>\n<\/tr>\n<tr>\n<td>1 conector m.2 socket 3<\/td>\n<\/tr>\n<tr>\n<td>4 conectores sata de 6 gb\/s<\/td>\n<\/tr>\n<tr>\n<td>1 cabezal de tira de led rgb<\/td>\n<\/tr>\n<tr>\n<td>1 cabezal de panel frontal<\/td>\n<\/tr>\n<tr>\n<td>1 cabezal de audio del panel frontal<\/td>\n<\/tr>\n<tr>\n<td>1 cabezal de altavoz<\/td>\n<\/tr>\n<tr>\n<td>1 cabezal usb 3.2 gen 1<\/td>\n<\/tr>\n<tr>\n<td>2 cabezales usb 2.0\/1.1<\/td>\n<\/tr>\n<tr>\n<td>1 cabezal de m\u00f3dulo de plataforma segura (solo para el m\u00f3dulo gc-tpm2.0 spi\/gc-tpm2.0 spi 2.0\/gc-tpm2.0 spi v2)<\/td>\n<\/tr>\n<tr>\n<td>1 cabezal de puerto serie<\/td>\n<\/tr>\n<tr>\n<td>1 puente clear cmos<\/td>\n<\/tr>\n<tr>\n<td>1 cabezal de intrusi\u00f3n de chasis<\/td>\n<\/tr>\n<tr>\n<td>Conectores del panel trasero<\/td>\n<\/tr>\n<tr>\n<td>1 puerto de teclado\/mouse ps\/2<\/td>\n<\/tr>\n<tr>\n<td>1 puerto d-sub<\/td>\n<\/tr>\n<tr>\n<td>1 puerto hdmi<\/td>\n<\/tr>\n<tr>\n<td>2 puertos usb 3.2 gen 1 4 puertos<\/td>\n<\/tr>\n<tr>\n<td>Usb 2.0\/1.1<\/td>\n<\/tr>\n<tr>\n<td>1 puerto rj-45<\/td>\n<\/tr>\n<tr>\n<td>3 conectores de audio<\/td>\n<\/tr>\n<tr>\n<td>Controlador de e\/s<\/td>\n<\/tr>\n<tr>\n<td>Chip controlador de e\/s ite\u00ae<\/td>\n<\/tr>\n<tr>\n<td>Monitorizaci\u00f3n h\/w<\/td>\n<\/tr>\n<tr>\n<td>Detecci\u00f3n de voltaje<\/td>\n<\/tr>\n<tr>\n<td>Detecci\u00f3n de temperatura<\/td>\n<\/tr>\n<tr>\n<td>Detecci\u00f3n de velocidad del ventilador<\/td>\n<\/tr>\n<tr>\n<td>Detecci\u00f3n del caudal de refrigeraci\u00f3n por agua<\/td>\n<\/tr>\n<tr>\n<td>Advertencia de falla del ventilador<\/td>\n<\/tr>\n<tr>\n<td>Control de velocidad del ventilador<\/td>\n<\/tr>\n<tr>\n<td>* la compatibilidad de la funci\u00f3n de control de velocidad del ventilador depender\u00e1 del ventilador que instale.<\/td>\n<\/tr>\n<tr>\n<td>Bios<\/td>\n<\/tr>\n<tr>\n<td>1 x 128 mbit flash<\/td>\n<\/tr>\n<tr>\n<td>Uso de ami uefi bios<\/td>\n<\/tr>\n<tr>\n<td>Pnp 1.0a, dmi 2.7, wfm 2.0, sm bios 2.7, acpi 5.0 con licencia<\/td>\n<\/tr>\n<tr>\n<td>Caracter\u00edsticas \u00fanicas<\/td>\n<\/tr>\n<tr>\n<td>Soporte para el centro de control de gigabyte (gcc)<\/td>\n<\/tr>\n<tr>\n<td>* las aplicaciones disponibles en gcc pueden variar seg\u00fan el modelo de placa base. las funciones compatibles con cada aplicaci\u00f3n tambi\u00e9n pueden variar seg\u00fan las especificaciones de la placa base.<\/td>\n<\/tr>\n<tr>\n<td>Compatibilidad con q-flash<\/td>\n<\/tr>\n<tr>\n<td>Software incluido<\/td>\n<\/tr>\n<tr>\n<td>Software de gesti\u00f3n de ancho de banda lan norton\u00ae internet security (versi\u00f3n oem)<\/td>\n<\/tr>\n<tr>\n<td>Sistema operativo<\/td>\n<\/tr>\n<tr>\n<td>Compatibilidad con windows 11 de 64 bits<\/td>\n<\/tr>\n<tr>\n<td>Compatibilidad con windows 10 de 64 bits<\/td>\n<\/tr>\n<tr>\n<td>Dise\u00f1o<\/td>\n<\/tr>\n<tr>\n<td>Factor de forma micro atx; 22,3 cm x 19,3 cm<\/td>\n<\/tr>\n<\/table>\n","protected":false},"excerpt":{"rendered":"<p>Placa base intel\u00ae b760 con dise\u00f1o vrm digital de fases h\u00edbridas 4+1+1 , dise\u00f1o pcie 4.0*, m.2 gen3 x4, resistencia antiazufre, ventilador inteligente 6. *el soporte real puede variar seg\u00fan la cpu. Admite procesadores intel \u00ae core\u0099 14.\u00ba, 13.\u00ba y 12.?. Ddr4 de doble canal sin b\u00fafer y sin ecc, 2 dimm. Dise\u00f1o vrm digital h\u00edbrido 4+1+1. Lan gbe con gesti\u00f3n de ancho de banda. Nvme pcie 3.0 x4 m.2. Condensadores de audio de alta calidad y protecci\u00f3n contra el ruido de audio. Smart fan 6 cuenta con m\u00faltiples sensores de temperatura, cabezales de ventilador h\u00edbridos con fan stop. Gigabyte app center, uso sencillo y f\u00e1cil. Dise\u00f1o de resistencias antiazufre<\/p>\n","protected":false},"featured_media":265797,"comment_status":"open","ping_status":"open","template":"","meta":[],"product_cat":[2239,1727],"product_tag":[1732],"acf":[],"yoast_head":"<!-- This site is optimized with the Yoast SEO plugin v21.7 - https:\/\/yoast.com\/wordpress\/plugins\/seo\/ -->\n<title>[ Gigabyte ] &#129351; B760m K V2 Ddr4 Tarjeta Madre \/ Socket 1700 \/ 2x Ddr4 \/ Hdmi \/ Pcie X 16 \/ Micro Atx<\/title>\n<meta name=\"description\" content=\"Compra B760m K V2 Ddr4 Tarjeta Madre \/ Socket 1700 \/ 2x Ddr4 \/ Hdmi \/ Pcie X 16 \/ Micro Atx + Env\u00edo a domicilio + Pago seguro + Garant\u00eda\" \/>\n<meta name=\"robots\" content=\"index, follow, max-snippet:-1, max-image-preview:large, max-video-preview:-1\" \/>\n<link rel=\"canonical\" href=\"https:\/\/compuviper.mx\/tienda\/producto\/gigabyte-b760m-k-v2-ddr4-tarjeta-madre-socket-1700-2x-ddr4-hdmi-pcie-x-16-micro-atx\/\" \/>\n<meta property=\"og:locale\" content=\"es_MX\" \/>\n<meta property=\"og:type\" content=\"article\" \/>\n<meta property=\"og:title\" content=\"[ Gigabyte ] &#129351; B760m K V2 Ddr4 Tarjeta Madre \/ Socket 1700 \/ 2x Ddr4 \/ Hdmi \/ Pcie X 16 \/ Micro Atx\" \/>\n<meta property=\"og:description\" content=\"Compra B760m K V2 Ddr4 Tarjeta Madre \/ Socket 1700 \/ 2x Ddr4 \/ Hdmi \/ Pcie X 16 \/ Micro Atx + Env\u00edo a domicilio + Pago seguro + Garant\u00eda\" \/>\n<meta property=\"og:url\" content=\"https:\/\/compuviper.mx\/tienda\/producto\/gigabyte-b760m-k-v2-ddr4-tarjeta-madre-socket-1700-2x-ddr4-hdmi-pcie-x-16-micro-atx\/\" \/>\n<meta property=\"og:site_name\" content=\"Compuviper\" \/>\n<meta property=\"article:publisher\" content=\"https:\/\/www.facebook.com\/compuviper\" \/>\n<meta property=\"article:modified_time\" content=\"2026-04-26T06:00:20+00:00\" \/>\n<meta property=\"og:image\" content=\"https:\/\/compuviper.mx\/tienda\/wp-content\/uploads\/2026\/01\/Tarjeta-madre-gigabyte-b760m-k-v2-ddr4-socket-1700-2x-ddr4-hdmi-pcie-x-16-micro-atx.jpg\" \/>\n\t<meta property=\"og:image:width\" content=\"200\" \/>\n\t<meta property=\"og:image:height\" content=\"200\" \/>\n\t<meta property=\"og:image:type\" content=\"image\/jpeg\" \/>\n<meta name=\"twitter:card\" content=\"summary_large_image\" \/>\n<meta name=\"twitter:label1\" content=\"Precio\" \/>\n\t<meta name=\"twitter:data1\" content=\"&#36;1,359 con IVA\" \/>\n\t<meta name=\"twitter:label2\" content=\"Availability\" \/>\n\t<meta name=\"twitter:data2\" content=\"In stock\" \/>\n<script type=\"application\/ld+json\" class=\"yoast-schema-graph\">{\"@context\":\"https:\/\/schema.org\",\"@graph\":[{\"@type\":\"WebPage\",\"@id\":\"https:\/\/compuviper.mx\/tienda\/producto\/gigabyte-b760m-k-v2-ddr4-tarjeta-madre-socket-1700-2x-ddr4-hdmi-pcie-x-16-micro-atx\/\",\"url\":\"https:\/\/compuviper.mx\/tienda\/producto\/gigabyte-b760m-k-v2-ddr4-tarjeta-madre-socket-1700-2x-ddr4-hdmi-pcie-x-16-micro-atx\/\",\"name\":\"[ Gigabyte ] &#129351; B760m K V2 Ddr4 Tarjeta Madre \/ Socket 1700 \/ 2x Ddr4 \/ Hdmi \/ Pcie X 16 \/ Micro Atx\",\"isPartOf\":{\"@id\":\"https:\/\/compuviper.mx\/tienda\/#website\"},\"datePublished\":\"2026-04-25T06:40:34+00:00\",\"dateModified\":\"2026-04-26T06:00:20+00:00\",\"description\":\"Compra B760m K V2 Ddr4 Tarjeta Madre \/ Socket 1700 \/ 2x Ddr4 \/ Hdmi \/ Pcie X 16 \/ Micro Atx + Env\u00edo a domicilio + Pago seguro + Garant\u00eda\",\"breadcrumb\":{\"@id\":\"https:\/\/compuviper.mx\/tienda\/producto\/gigabyte-b760m-k-v2-ddr4-tarjeta-madre-socket-1700-2x-ddr4-hdmi-pcie-x-16-micro-atx\/#breadcrumb\"},\"inLanguage\":\"es-MX\",\"potentialAction\":[{\"@type\":\"ReadAction\",\"target\":[\"https:\/\/compuviper.mx\/tienda\/producto\/gigabyte-b760m-k-v2-ddr4-tarjeta-madre-socket-1700-2x-ddr4-hdmi-pcie-x-16-micro-atx\/\"]}]},{\"@type\":\"BreadcrumbList\",\"@id\":\"https:\/\/compuviper.mx\/tienda\/producto\/gigabyte-b760m-k-v2-ddr4-tarjeta-madre-socket-1700-2x-ddr4-hdmi-pcie-x-16-micro-atx\/#breadcrumb\",\"itemListElement\":[{\"@type\":\"ListItem\",\"position\":1,\"name\":\"Inicio\",\"item\":\"https:\/\/compuviper.mx\/tienda\/\"},{\"@type\":\"ListItem\",\"position\":2,\"name\":\"Productos\",\"item\":\"https:\/\/compuviper.mx\/tienda\/productos\/\"},{\"@type\":\"ListItem\",\"position\":3,\"name\":\"Tarjeta Madre\",\"item\":\"https:\/\/compuviper.mx\/tienda\/categoria-producto\/tarjeta-madre\/\"},{\"@type\":\"ListItem\",\"position\":4,\"name\":\"Socket 1700\",\"item\":\"https:\/\/compuviper.mx\/tienda\/categoria-producto\/tarjeta-madre\/socket-1700\/\"},{\"@type\":\"ListItem\",\"position\":5,\"name\":\"Gigabyte B760m K V2 Ddr4 Tarjeta Madre \/ Socket 1700 \/ 2x Ddr4 \/ Hdmi \/ Pcie X 16 \/ Micro Atx\"}]},{\"@type\":\"WebSite\",\"@id\":\"https:\/\/compuviper.mx\/tienda\/#website\",\"url\":\"https:\/\/compuviper.mx\/tienda\/\",\"name\":\"Compuviper\",\"description\":\"Proveedor de Computadoras, Laptops, Servidores, Monitores, Puntos de Venta, Teclados,   Impresoras, T\u00f3ner, C\u00e1maras de Seguridad y m\u00e1s en tu tienda en l\u00ednea\",\"publisher\":{\"@id\":\"https:\/\/compuviper.mx\/tienda\/#organization\"},\"potentialAction\":[{\"@type\":\"SearchAction\",\"target\":{\"@type\":\"EntryPoint\",\"urlTemplate\":\"https:\/\/compuviper.mx\/tienda\/?s={search_term_string}\"},\"query-input\":\"required name=search_term_string\"}],\"inLanguage\":\"es-MX\"},{\"@type\":\"Organization\",\"@id\":\"https:\/\/compuviper.mx\/tienda\/#organization\",\"name\":\"Compuviper\",\"url\":\"https:\/\/compuviper.mx\/tienda\/\",\"logo\":{\"@type\":\"ImageObject\",\"inLanguage\":\"es-MX\",\"@id\":\"https:\/\/compuviper.mx\/tienda\/#\/schema\/logo\/image\/\",\"url\":\"https:\/\/compuviper.mx\/tienda\/wp-content\/uploads\/2021\/08\/Logo-Compuviper-10.png\",\"contentUrl\":\"https:\/\/compuviper.mx\/tienda\/wp-content\/uploads\/2021\/08\/Logo-Compuviper-10.png\",\"width\":1000,\"height\":500,\"caption\":\"Compuviper\"},\"image\":{\"@id\":\"https:\/\/compuviper.mx\/tienda\/#\/schema\/logo\/image\/\"},\"sameAs\":[\"https:\/\/www.facebook.com\/compuviper\",\"https:\/\/www.youtube.com\/channel\/UCf73dERp9Y3cfOq7q8BhLjA?view_as=subscriber\"]}]}<\/script>\n<meta property=\"product:brand\" content=\"GIGABYTE\" \/>\n<meta property=\"product:price:amount\" content=\"1359\" \/>\n<meta property=\"product:price:currency\" content=\"MXN\" \/>\n<meta property=\"og:availability\" content=\"instock\" \/>\n<meta property=\"product:availability\" content=\"instock\" \/>\n<meta property=\"product:retailer_item_id\" content=\"B760M K V2 DDR4\" \/>\n<meta property=\"product:condition\" content=\"new\" \/>\n<!-- \/ Yoast SEO plugin. -->","yoast_head_json":{"title":"[ Gigabyte ] &#129351; B760m K V2 Ddr4 Tarjeta Madre \/ Socket 1700 \/ 2x Ddr4 \/ Hdmi \/ Pcie X 16 \/ Micro Atx","description":"Compra B760m K V2 Ddr4 Tarjeta Madre \/ Socket 1700 \/ 2x Ddr4 \/ Hdmi \/ Pcie X 16 \/ Micro Atx + Env\u00edo a domicilio + Pago seguro + Garant\u00eda","robots":{"index":"index","follow":"follow","max-snippet":"max-snippet:-1","max-image-preview":"max-image-preview:large","max-video-preview":"max-video-preview:-1"},"canonical":"https:\/\/compuviper.mx\/tienda\/producto\/gigabyte-b760m-k-v2-ddr4-tarjeta-madre-socket-1700-2x-ddr4-hdmi-pcie-x-16-micro-atx\/","og_locale":"es_MX","og_type":"article","og_title":"[ Gigabyte ] &#129351; B760m K V2 Ddr4 Tarjeta Madre \/ Socket 1700 \/ 2x Ddr4 \/ Hdmi \/ Pcie X 16 \/ Micro Atx","og_description":"Compra B760m K V2 Ddr4 Tarjeta Madre \/ Socket 1700 \/ 2x Ddr4 \/ Hdmi \/ Pcie X 16 \/ Micro Atx + Env\u00edo a domicilio + Pago seguro + Garant\u00eda","og_url":"https:\/\/compuviper.mx\/tienda\/producto\/gigabyte-b760m-k-v2-ddr4-tarjeta-madre-socket-1700-2x-ddr4-hdmi-pcie-x-16-micro-atx\/","og_site_name":"Compuviper","article_publisher":"https:\/\/www.facebook.com\/compuviper","article_modified_time":"2026-04-26T06:00:20+00:00","og_image":[{"width":200,"height":200,"url":"https:\/\/compuviper.mx\/tienda\/wp-content\/uploads\/2026\/01\/Tarjeta-madre-gigabyte-b760m-k-v2-ddr4-socket-1700-2x-ddr4-hdmi-pcie-x-16-micro-atx.jpg","type":"image\/jpeg"}],"twitter_card":"summary_large_image","twitter_misc":{"Precio":"&#36;1,359 con IVA","Availability":"In stock"},"schema":{"@context":"https:\/\/schema.org","@graph":[{"@type":"WebPage","@id":"https:\/\/compuviper.mx\/tienda\/producto\/gigabyte-b760m-k-v2-ddr4-tarjeta-madre-socket-1700-2x-ddr4-hdmi-pcie-x-16-micro-atx\/","url":"https:\/\/compuviper.mx\/tienda\/producto\/gigabyte-b760m-k-v2-ddr4-tarjeta-madre-socket-1700-2x-ddr4-hdmi-pcie-x-16-micro-atx\/","name":"[ Gigabyte ] &#129351; B760m K V2 Ddr4 Tarjeta Madre \/ Socket 1700 \/ 2x Ddr4 \/ Hdmi \/ Pcie X 16 \/ Micro Atx","isPartOf":{"@id":"https:\/\/compuviper.mx\/tienda\/#website"},"datePublished":"2026-04-25T06:40:34+00:00","dateModified":"2026-04-26T06:00:20+00:00","description":"Compra B760m K V2 Ddr4 Tarjeta Madre \/ Socket 1700 \/ 2x Ddr4 \/ Hdmi \/ Pcie X 16 \/ Micro Atx + Env\u00edo a domicilio + Pago seguro + Garant\u00eda","breadcrumb":{"@id":"https:\/\/compuviper.mx\/tienda\/producto\/gigabyte-b760m-k-v2-ddr4-tarjeta-madre-socket-1700-2x-ddr4-hdmi-pcie-x-16-micro-atx\/#breadcrumb"},"inLanguage":"es-MX","potentialAction":[{"@type":"ReadAction","target":["https:\/\/compuviper.mx\/tienda\/producto\/gigabyte-b760m-k-v2-ddr4-tarjeta-madre-socket-1700-2x-ddr4-hdmi-pcie-x-16-micro-atx\/"]}]},{"@type":"BreadcrumbList","@id":"https:\/\/compuviper.mx\/tienda\/producto\/gigabyte-b760m-k-v2-ddr4-tarjeta-madre-socket-1700-2x-ddr4-hdmi-pcie-x-16-micro-atx\/#breadcrumb","itemListElement":[{"@type":"ListItem","position":1,"name":"Inicio","item":"https:\/\/compuviper.mx\/tienda\/"},{"@type":"ListItem","position":2,"name":"Productos","item":"https:\/\/compuviper.mx\/tienda\/productos\/"},{"@type":"ListItem","position":3,"name":"Tarjeta Madre","item":"https:\/\/compuviper.mx\/tienda\/categoria-producto\/tarjeta-madre\/"},{"@type":"ListItem","position":4,"name":"Socket 1700","item":"https:\/\/compuviper.mx\/tienda\/categoria-producto\/tarjeta-madre\/socket-1700\/"},{"@type":"ListItem","position":5,"name":"Gigabyte B760m K V2 Ddr4 Tarjeta Madre \/ Socket 1700 \/ 2x Ddr4 \/ Hdmi \/ Pcie X 16 \/ Micro Atx"}]},{"@type":"WebSite","@id":"https:\/\/compuviper.mx\/tienda\/#website","url":"https:\/\/compuviper.mx\/tienda\/","name":"Compuviper","description":"Proveedor de Computadoras, Laptops, Servidores, Monitores, Puntos de Venta, Teclados,   Impresoras, T\u00f3ner, C\u00e1maras de Seguridad y m\u00e1s en tu tienda en l\u00ednea","publisher":{"@id":"https:\/\/compuviper.mx\/tienda\/#organization"},"potentialAction":[{"@type":"SearchAction","target":{"@type":"EntryPoint","urlTemplate":"https:\/\/compuviper.mx\/tienda\/?s={search_term_string}"},"query-input":"required name=search_term_string"}],"inLanguage":"es-MX"},{"@type":"Organization","@id":"https:\/\/compuviper.mx\/tienda\/#organization","name":"Compuviper","url":"https:\/\/compuviper.mx\/tienda\/","logo":{"@type":"ImageObject","inLanguage":"es-MX","@id":"https:\/\/compuviper.mx\/tienda\/#\/schema\/logo\/image\/","url":"https:\/\/compuviper.mx\/tienda\/wp-content\/uploads\/2021\/08\/Logo-Compuviper-10.png","contentUrl":"https:\/\/compuviper.mx\/tienda\/wp-content\/uploads\/2021\/08\/Logo-Compuviper-10.png","width":1000,"height":500,"caption":"Compuviper"},"image":{"@id":"https:\/\/compuviper.mx\/tienda\/#\/schema\/logo\/image\/"},"sameAs":["https:\/\/www.facebook.com\/compuviper","https:\/\/www.youtube.com\/channel\/UCf73dERp9Y3cfOq7q8BhLjA?view_as=subscriber"]}]},"product_brand":"GIGABYTE","product_price_amount":"1359","product_price_currency":"MXN","og_availability":"instock","product_availability":"instock","product_retailer_item_id":"B760M K V2 DDR4","product_condition":"new"},"_links":{"self":[{"href":"https:\/\/compuviper.mx\/tienda\/wp-json\/wp\/v2\/product\/265796"}],"collection":[{"href":"https:\/\/compuviper.mx\/tienda\/wp-json\/wp\/v2\/product"}],"about":[{"href":"https:\/\/compuviper.mx\/tienda\/wp-json\/wp\/v2\/types\/product"}],"replies":[{"embeddable":true,"href":"https:\/\/compuviper.mx\/tienda\/wp-json\/wp\/v2\/comments?post=265796"}],"wp:featuredmedia":[{"embeddable":true,"href":"https:\/\/compuviper.mx\/tienda\/wp-json\/wp\/v2\/media\/265797"}],"wp:attachment":[{"href":"https:\/\/compuviper.mx\/tienda\/wp-json\/wp\/v2\/media?parent=265796"}],"wp:term":[{"taxonomy":"product_cat","embeddable":true,"href":"https:\/\/compuviper.mx\/tienda\/wp-json\/wp\/v2\/product_cat?post=265796"},{"taxonomy":"product_tag","embeddable":true,"href":"https:\/\/compuviper.mx\/tienda\/wp-json\/wp\/v2\/product_tag?post=265796"}],"curies":[{"name":"wp","href":"https:\/\/api.w.org\/{rel}","templated":true}]}}