{"id":265788,"date":"2026-04-09T00:47:15","date_gmt":"2026-04-09T06:47:15","guid":{"rendered":"https:\/\/compuviper.mx\/tienda\/producto\/wd-western-digital-wd6004fzbx-disco-duro-interno-wd-black-6tb-3-5-escritorio-sata3-6gb-s-256mb-7200rpm-gamer-alto-rendimiento\/"},"modified":"2026-04-09T00:47:15","modified_gmt":"2026-04-09T06:47:15","slug":"wd-western-digital-wd6004fzbx-disco-duro-interno-wd-black-6tb-3-5-escritorio-sata3-6gb-s-256mb-7200rpm-gamer-alto-rendimiento","status":"publish","type":"product","link":"https:\/\/compuviper.mx\/tienda\/producto\/wd-western-digital-wd6004fzbx-disco-duro-interno-wd-black-6tb-3-5-escritorio-sata3-6gb-s-256mb-7200rpm-gamer-alto-rendimiento\/","title":{"rendered":"Wd &#8211; Western Digital Wd6004fzbx Disco Duro Interno Wd Black 6tb 3.5 Escritorio Sata3 6gb\/s 256mb 7200rpm Gamer\/alto Rendimiento"},"content":{"rendered":"<table class=\"descripcion\">\n<tr>\n<td>Capacidad  6 tb<\/td>\n<\/tr>\n<tr>\n<td>Formato  3.5-inch<\/td>\n<\/tr>\n<tr>\n<td>Conector  sata<\/td>\n<\/tr>\n<tr>\n<td>Interfaz  sata<\/td>\n<\/tr>\n<tr>\n<td>Velocidad de transferencia  up to 256mb\/s<\/td>\n<\/tr>\n<tr>\n<td>Velocidad del disco (rpm)  7200 rpm<\/td>\n<\/tr>\n<tr>\n<td>Tecnologia de grabacion cmr<\/td>\n<\/tr>\n<tr>\n<td>Tama\u00f1o de cache 128mb<\/td>\n<\/tr>\n<tr>\n<td>Garantia limitada de 5 a\u00f1os<\/td>\n<\/tr>\n<tr>\n<td>Dimensiones (largo, ancho y alto)  5.79 x 4 x 1.03<\/td>\n<\/tr>\n<tr>\n<td>Numero de modelo  wd6004fzbx<\/td>\n<\/tr>\n<tr>\n<td>Temp. operativa  5\u00b0c to 55\u00b0c<\/td>\n<\/tr>\n<tr>\n<td>Non-operating temperatura  -40\u00b0c to 70\u00b0c<\/td>\n<\/tr>\n<tr>\n<td>Disco  3.5<\/td>\n<\/tr>\n<\/table>\n","protected":false},"excerpt":{"rendered":"<p>Rendimiento y capacidad para juegos. Wd black esta dise\u00f1ado especificamente para mejorar tu experiencia de juego en pc. Disponible con una impresionante memoria cache dram de 512 mb en los modelos de mayor capacidad, el disco duro wd black esta optimizado para que puedas dedicar mas tiempo a jugar y menos tiempo a cargar. Combina un disco duro wd black con una ssd wd black para una configuracion de doble disco que maximiza tu experiencia de juego y te permite guardar mas de tus juegos favoritos. El disco duro wd black te ofrece velocidades de disco rapidas, alta capacidad y lider en la industria para una solucion de almacenamiento de juegos inspiradora.<\/p>\n","protected":false},"featured_media":265789,"comment_status":"open","ping_status":"open","template":"","meta":[],"product_cat":[1703,1706],"product_tag":[1705],"acf":[],"yoast_head":"<!-- This site is optimized with the Yoast SEO plugin v21.7 - https:\/\/yoast.com\/wordpress\/plugins\/seo\/ -->\n<title>[ Wd - Western Digital ] &#129351; Wd6004fzbx Disco Duro Interno Wd Black 6tb 3.5 Escritorio Sata3 6gb\/s 256mb 7200rpm Gamer\/alto Rendimiento<\/title>\n<meta name=\"description\" content=\"Compra Wd6004fzbx Disco Duro Interno Wd Black 6tb 3.5 Escritorio Sata3 6gb\/s 256mb 7200rpm Gamer\/alto Rendimiento + Env\u00edo a domicilio + Pago seguro + Garant\u00eda\" \/>\n<meta name=\"robots\" content=\"index, follow, max-snippet:-1, max-image-preview:large, max-video-preview:-1\" \/>\n<link rel=\"canonical\" href=\"https:\/\/compuviper.mx\/tienda\/producto\/wd-western-digital-wd6004fzbx-disco-duro-interno-wd-black-6tb-3-5-escritorio-sata3-6gb-s-256mb-7200rpm-gamer-alto-rendimiento\/\" \/>\n<meta property=\"og:locale\" content=\"es_MX\" \/>\n<meta property=\"og:type\" content=\"article\" \/>\n<meta property=\"og:title\" content=\"[ Wd - Western Digital ] &#129351; Wd6004fzbx Disco Duro Interno Wd Black 6tb 3.5 Escritorio Sata3 6gb\/s 256mb 7200rpm Gamer\/alto Rendimiento\" \/>\n<meta property=\"og:description\" content=\"Compra Wd6004fzbx Disco Duro Interno Wd Black 6tb 3.5 Escritorio Sata3 6gb\/s 256mb 7200rpm Gamer\/alto Rendimiento + Env\u00edo a domicilio + Pago seguro + Garant\u00eda\" \/>\n<meta property=\"og:url\" content=\"https:\/\/compuviper.mx\/tienda\/producto\/wd-western-digital-wd6004fzbx-disco-duro-interno-wd-black-6tb-3-5-escritorio-sata3-6gb-s-256mb-7200rpm-gamer-alto-rendimiento\/\" \/>\n<meta property=\"og:site_name\" content=\"Compuviper\" \/>\n<meta property=\"article:publisher\" content=\"https:\/\/www.facebook.com\/compuviper\" \/>\n<meta property=\"og:image\" content=\"https:\/\/compuviper.mx\/tienda\/wp-content\/uploads\/2026\/01\/Disco-duro-interno-wd-black-6tb-3.5-escritorio-sata3-6gbs-256mb-7200rpm-gameralto-rendimiento-wd6004fzbx.jpg\" \/>\n\t<meta property=\"og:image:width\" content=\"200\" \/>\n\t<meta property=\"og:image:height\" content=\"200\" \/>\n\t<meta property=\"og:image:type\" content=\"image\/jpeg\" \/>\n<meta name=\"twitter:card\" content=\"summary_large_image\" \/>\n<meta name=\"twitter:label1\" content=\"Precio\" \/>\n\t<meta name=\"twitter:data1\" content=\"&#36;3,527 con IVA\" \/>\n\t<meta name=\"twitter:label2\" content=\"Availability\" \/>\n\t<meta name=\"twitter:data2\" content=\"In stock\" \/>\n<script type=\"application\/ld+json\" class=\"yoast-schema-graph\">{\"@context\":\"https:\/\/schema.org\",\"@graph\":[{\"@type\":\"WebPage\",\"@id\":\"https:\/\/compuviper.mx\/tienda\/producto\/wd-western-digital-wd6004fzbx-disco-duro-interno-wd-black-6tb-3-5-escritorio-sata3-6gb-s-256mb-7200rpm-gamer-alto-rendimiento\/\",\"url\":\"https:\/\/compuviper.mx\/tienda\/producto\/wd-western-digital-wd6004fzbx-disco-duro-interno-wd-black-6tb-3-5-escritorio-sata3-6gb-s-256mb-7200rpm-gamer-alto-rendimiento\/\",\"name\":\"[ Wd - Western Digital ] &#129351; Wd6004fzbx Disco Duro Interno Wd Black 6tb 3.5 Escritorio Sata3 6gb\/s 256mb 7200rpm Gamer\/alto Rendimiento\",\"isPartOf\":{\"@id\":\"https:\/\/compuviper.mx\/tienda\/#website\"},\"datePublished\":\"2026-04-09T06:47:15+00:00\",\"dateModified\":\"2026-04-09T06:47:15+00:00\",\"description\":\"Compra Wd6004fzbx Disco Duro Interno Wd Black 6tb 3.5 Escritorio Sata3 6gb\/s 256mb 7200rpm Gamer\/alto Rendimiento + Env\u00edo a domicilio + Pago seguro + Garant\u00eda\",\"breadcrumb\":{\"@id\":\"https:\/\/compuviper.mx\/tienda\/producto\/wd-western-digital-wd6004fzbx-disco-duro-interno-wd-black-6tb-3-5-escritorio-sata3-6gb-s-256mb-7200rpm-gamer-alto-rendimiento\/#breadcrumb\"},\"inLanguage\":\"es-MX\",\"potentialAction\":[{\"@type\":\"ReadAction\",\"target\":[\"https:\/\/compuviper.mx\/tienda\/producto\/wd-western-digital-wd6004fzbx-disco-duro-interno-wd-black-6tb-3-5-escritorio-sata3-6gb-s-256mb-7200rpm-gamer-alto-rendimiento\/\"]}]},{\"@type\":\"BreadcrumbList\",\"@id\":\"https:\/\/compuviper.mx\/tienda\/producto\/wd-western-digital-wd6004fzbx-disco-duro-interno-wd-black-6tb-3-5-escritorio-sata3-6gb-s-256mb-7200rpm-gamer-alto-rendimiento\/#breadcrumb\",\"itemListElement\":[{\"@type\":\"ListItem\",\"position\":1,\"name\":\"Inicio\",\"item\":\"https:\/\/compuviper.mx\/tienda\/\"},{\"@type\":\"ListItem\",\"position\":2,\"name\":\"Productos\",\"item\":\"https:\/\/compuviper.mx\/tienda\/productos\/\"},{\"@type\":\"ListItem\",\"position\":3,\"name\":\"Discos Duros\",\"item\":\"https:\/\/compuviper.mx\/tienda\/categoria-producto\/discos-duros\/\"},{\"@type\":\"ListItem\",\"position\":4,\"name\":\"Disco Duro\",\"item\":\"https:\/\/compuviper.mx\/tienda\/categoria-producto\/discos-duros\/disco-duro\/\"},{\"@type\":\"ListItem\",\"position\":5,\"name\":\"Wd &#8211; Western Digital Wd6004fzbx Disco Duro Interno Wd Black 6tb 3.5 Escritorio Sata3 6gb\/s 256mb 7200rpm Gamer\/alto Rendimiento\"}]},{\"@type\":\"WebSite\",\"@id\":\"https:\/\/compuviper.mx\/tienda\/#website\",\"url\":\"https:\/\/compuviper.mx\/tienda\/\",\"name\":\"Compuviper\",\"description\":\"Proveedor de Computadoras, Laptops, Servidores, Monitores, Puntos de Venta, Teclados,   Impresoras, T\u00f3ner, C\u00e1maras de Seguridad y m\u00e1s en tu tienda en l\u00ednea\",\"publisher\":{\"@id\":\"https:\/\/compuviper.mx\/tienda\/#organization\"},\"potentialAction\":[{\"@type\":\"SearchAction\",\"target\":{\"@type\":\"EntryPoint\",\"urlTemplate\":\"https:\/\/compuviper.mx\/tienda\/?s={search_term_string}\"},\"query-input\":\"required name=search_term_string\"}],\"inLanguage\":\"es-MX\"},{\"@type\":\"Organization\",\"@id\":\"https:\/\/compuviper.mx\/tienda\/#organization\",\"name\":\"Compuviper\",\"url\":\"https:\/\/compuviper.mx\/tienda\/\",\"logo\":{\"@type\":\"ImageObject\",\"inLanguage\":\"es-MX\",\"@id\":\"https:\/\/compuviper.mx\/tienda\/#\/schema\/logo\/image\/\",\"url\":\"https:\/\/compuviper.mx\/tienda\/wp-content\/uploads\/2021\/08\/Logo-Compuviper-10.png\",\"contentUrl\":\"https:\/\/compuviper.mx\/tienda\/wp-content\/uploads\/2021\/08\/Logo-Compuviper-10.png\",\"width\":1000,\"height\":500,\"caption\":\"Compuviper\"},\"image\":{\"@id\":\"https:\/\/compuviper.mx\/tienda\/#\/schema\/logo\/image\/\"},\"sameAs\":[\"https:\/\/www.facebook.com\/compuviper\",\"https:\/\/www.youtube.com\/channel\/UCf73dERp9Y3cfOq7q8BhLjA?view_as=subscriber\"]}]}<\/script>\n<meta property=\"product:brand\" content=\"WD - WESTERN DIGITAL\" \/>\n<meta property=\"product:price:amount\" content=\"3527\" \/>\n<meta property=\"product:price:currency\" content=\"MXN\" \/>\n<meta property=\"og:availability\" content=\"instock\" \/>\n<meta property=\"product:availability\" content=\"instock\" \/>\n<meta property=\"product:retailer_item_id\" content=\"WD6004FZBX\" \/>\n<meta property=\"product:condition\" content=\"new\" \/>\n<!-- \/ Yoast SEO plugin. -->","yoast_head_json":{"title":"[ Wd - Western Digital ] &#129351; Wd6004fzbx Disco Duro Interno Wd Black 6tb 3.5 Escritorio Sata3 6gb\/s 256mb 7200rpm Gamer\/alto Rendimiento","description":"Compra Wd6004fzbx Disco Duro Interno Wd Black 6tb 3.5 Escritorio Sata3 6gb\/s 256mb 7200rpm Gamer\/alto Rendimiento + Env\u00edo a domicilio + Pago seguro + Garant\u00eda","robots":{"index":"index","follow":"follow","max-snippet":"max-snippet:-1","max-image-preview":"max-image-preview:large","max-video-preview":"max-video-preview:-1"},"canonical":"https:\/\/compuviper.mx\/tienda\/producto\/wd-western-digital-wd6004fzbx-disco-duro-interno-wd-black-6tb-3-5-escritorio-sata3-6gb-s-256mb-7200rpm-gamer-alto-rendimiento\/","og_locale":"es_MX","og_type":"article","og_title":"[ Wd - Western Digital ] &#129351; Wd6004fzbx Disco Duro Interno Wd Black 6tb 3.5 Escritorio Sata3 6gb\/s 256mb 7200rpm Gamer\/alto Rendimiento","og_description":"Compra Wd6004fzbx Disco Duro Interno Wd Black 6tb 3.5 Escritorio Sata3 6gb\/s 256mb 7200rpm Gamer\/alto Rendimiento + Env\u00edo a domicilio + Pago seguro + Garant\u00eda","og_url":"https:\/\/compuviper.mx\/tienda\/producto\/wd-western-digital-wd6004fzbx-disco-duro-interno-wd-black-6tb-3-5-escritorio-sata3-6gb-s-256mb-7200rpm-gamer-alto-rendimiento\/","og_site_name":"Compuviper","article_publisher":"https:\/\/www.facebook.com\/compuviper","og_image":[{"width":200,"height":200,"url":"https:\/\/compuviper.mx\/tienda\/wp-content\/uploads\/2026\/01\/Disco-duro-interno-wd-black-6tb-3.5-escritorio-sata3-6gbs-256mb-7200rpm-gameralto-rendimiento-wd6004fzbx.jpg","type":"image\/jpeg"}],"twitter_card":"summary_large_image","twitter_misc":{"Precio":"&#36;3,527 con IVA","Availability":"In stock"},"schema":{"@context":"https:\/\/schema.org","@graph":[{"@type":"WebPage","@id":"https:\/\/compuviper.mx\/tienda\/producto\/wd-western-digital-wd6004fzbx-disco-duro-interno-wd-black-6tb-3-5-escritorio-sata3-6gb-s-256mb-7200rpm-gamer-alto-rendimiento\/","url":"https:\/\/compuviper.mx\/tienda\/producto\/wd-western-digital-wd6004fzbx-disco-duro-interno-wd-black-6tb-3-5-escritorio-sata3-6gb-s-256mb-7200rpm-gamer-alto-rendimiento\/","name":"[ Wd - Western Digital ] &#129351; Wd6004fzbx Disco Duro Interno Wd Black 6tb 3.5 Escritorio Sata3 6gb\/s 256mb 7200rpm Gamer\/alto Rendimiento","isPartOf":{"@id":"https:\/\/compuviper.mx\/tienda\/#website"},"datePublished":"2026-04-09T06:47:15+00:00","dateModified":"2026-04-09T06:47:15+00:00","description":"Compra Wd6004fzbx Disco Duro Interno Wd Black 6tb 3.5 Escritorio Sata3 6gb\/s 256mb 7200rpm Gamer\/alto Rendimiento + Env\u00edo a domicilio + Pago seguro + Garant\u00eda","breadcrumb":{"@id":"https:\/\/compuviper.mx\/tienda\/producto\/wd-western-digital-wd6004fzbx-disco-duro-interno-wd-black-6tb-3-5-escritorio-sata3-6gb-s-256mb-7200rpm-gamer-alto-rendimiento\/#breadcrumb"},"inLanguage":"es-MX","potentialAction":[{"@type":"ReadAction","target":["https:\/\/compuviper.mx\/tienda\/producto\/wd-western-digital-wd6004fzbx-disco-duro-interno-wd-black-6tb-3-5-escritorio-sata3-6gb-s-256mb-7200rpm-gamer-alto-rendimiento\/"]}]},{"@type":"BreadcrumbList","@id":"https:\/\/compuviper.mx\/tienda\/producto\/wd-western-digital-wd6004fzbx-disco-duro-interno-wd-black-6tb-3-5-escritorio-sata3-6gb-s-256mb-7200rpm-gamer-alto-rendimiento\/#breadcrumb","itemListElement":[{"@type":"ListItem","position":1,"name":"Inicio","item":"https:\/\/compuviper.mx\/tienda\/"},{"@type":"ListItem","position":2,"name":"Productos","item":"https:\/\/compuviper.mx\/tienda\/productos\/"},{"@type":"ListItem","position":3,"name":"Discos Duros","item":"https:\/\/compuviper.mx\/tienda\/categoria-producto\/discos-duros\/"},{"@type":"ListItem","position":4,"name":"Disco Duro","item":"https:\/\/compuviper.mx\/tienda\/categoria-producto\/discos-duros\/disco-duro\/"},{"@type":"ListItem","position":5,"name":"Wd &#8211; Western Digital Wd6004fzbx Disco Duro Interno Wd Black 6tb 3.5 Escritorio Sata3 6gb\/s 256mb 7200rpm Gamer\/alto Rendimiento"}]},{"@type":"WebSite","@id":"https:\/\/compuviper.mx\/tienda\/#website","url":"https:\/\/compuviper.mx\/tienda\/","name":"Compuviper","description":"Proveedor de Computadoras, Laptops, Servidores, Monitores, Puntos de Venta, Teclados,   Impresoras, T\u00f3ner, C\u00e1maras de Seguridad y m\u00e1s en tu tienda en l\u00ednea","publisher":{"@id":"https:\/\/compuviper.mx\/tienda\/#organization"},"potentialAction":[{"@type":"SearchAction","target":{"@type":"EntryPoint","urlTemplate":"https:\/\/compuviper.mx\/tienda\/?s={search_term_string}"},"query-input":"required name=search_term_string"}],"inLanguage":"es-MX"},{"@type":"Organization","@id":"https:\/\/compuviper.mx\/tienda\/#organization","name":"Compuviper","url":"https:\/\/compuviper.mx\/tienda\/","logo":{"@type":"ImageObject","inLanguage":"es-MX","@id":"https:\/\/compuviper.mx\/tienda\/#\/schema\/logo\/image\/","url":"https:\/\/compuviper.mx\/tienda\/wp-content\/uploads\/2021\/08\/Logo-Compuviper-10.png","contentUrl":"https:\/\/compuviper.mx\/tienda\/wp-content\/uploads\/2021\/08\/Logo-Compuviper-10.png","width":1000,"height":500,"caption":"Compuviper"},"image":{"@id":"https:\/\/compuviper.mx\/tienda\/#\/schema\/logo\/image\/"},"sameAs":["https:\/\/www.facebook.com\/compuviper","https:\/\/www.youtube.com\/channel\/UCf73dERp9Y3cfOq7q8BhLjA?view_as=subscriber"]}]},"product_brand":"WD - WESTERN DIGITAL","product_price_amount":"3527","product_price_currency":"MXN","og_availability":"instock","product_availability":"instock","product_retailer_item_id":"WD6004FZBX","product_condition":"new"},"_links":{"self":[{"href":"https:\/\/compuviper.mx\/tienda\/wp-json\/wp\/v2\/product\/265788"}],"collection":[{"href":"https:\/\/compuviper.mx\/tienda\/wp-json\/wp\/v2\/product"}],"about":[{"href":"https:\/\/compuviper.mx\/tienda\/wp-json\/wp\/v2\/types\/product"}],"replies":[{"embeddable":true,"href":"https:\/\/compuviper.mx\/tienda\/wp-json\/wp\/v2\/comments?post=265788"}],"wp:featuredmedia":[{"embeddable":true,"href":"https:\/\/compuviper.mx\/tienda\/wp-json\/wp\/v2\/media\/265789"}],"wp:attachment":[{"href":"https:\/\/compuviper.mx\/tienda\/wp-json\/wp\/v2\/media?parent=265788"}],"wp:term":[{"taxonomy":"product_cat","embeddable":true,"href":"https:\/\/compuviper.mx\/tienda\/wp-json\/wp\/v2\/product_cat?post=265788"},{"taxonomy":"product_tag","embeddable":true,"href":"https:\/\/compuviper.mx\/tienda\/wp-json\/wp\/v2\/product_tag?post=265788"}],"curies":[{"name":"wp","href":"https:\/\/api.w.org\/{rel}","templated":true}]}}