{"id":265761,"date":"2026-04-11T01:50:46","date_gmt":"2026-04-11T07:50:46","guid":{"rendered":"https:\/\/compuviper.mx\/tienda\/producto\/sandisk-sdixs0n-512g-gn6ne-memoria-512gb-usb-3-2-phone-drive-tipo-c-artic-white\/"},"modified":"2026-04-12T00:00:27","modified_gmt":"2026-04-12T06:00:27","slug":"sandisk-sdixs0n-512g-gn6ne-memoria-512gb-usb-3-2-phone-drive-tipo-c-artic-white","status":"publish","type":"product","link":"https:\/\/compuviper.mx\/tienda\/producto\/sandisk-sdixs0n-512g-gn6ne-memoria-512gb-usb-3-2-phone-drive-tipo-c-artic-white\/","title":{"rendered":"Sandisk Sdixs0n-512g-gn6ne Memoria  512gb Usb 3.2 Phone Drive Tipo-c Artic White"},"content":{"rendered":"<table class=\"descripcion\">\n<tr>\n<td>Capacidad  512 gb<\/td>\n<\/tr>\n<tr>\n<td>Conector  usb-c<\/td>\n<\/tr>\n<tr>\n<td>Rendimiento de lectura secuencial  hasta 150 mb\/s<\/td>\n<\/tr>\n<tr>\n<td>Interfaz  usb 3.2 generacion 1<\/td>\n<\/tr>\n<tr>\n<td>Dimensiones (largo x ancho x alto)  2,1 x 0,63 x 0,38<\/td>\n<\/tr>\n<tr>\n<td>Garantia limitada de 2 a\u00f1os<\/td>\n<\/tr>\n<tr>\n<td>Peso  5,38 gramos<\/td>\n<\/tr>\n<tr>\n<td>Numero de modelo  sdixs0n-512g-gn6ne<\/td>\n<\/tr>\n<tr>\n<td>Caracteristicas del producto :<\/td>\n<\/tr>\n<tr>\n<td>\u0095amplie el almacenamiento de su iphone con hasta 1 tb de espacio adicional, para obtener mas fotos de alta resolucion, mas videos de alta definicion y mas archivos importantes.<\/td>\n<\/tr>\n<tr>\n<td>\u0095dise\u00f1ado especificamente para iphones, ipads, macbooks y mas con usb tipo-c, el sandisk phone drive con usb-c te permite transferir fotos y videos sin esfuerzo.<\/td>\n<\/tr>\n<tr>\n<td>\u0095proteja sus valiosos recuerdos con la recuperacion de datos para que pueda seguir disfrutando el momento.<\/td>\n<\/tr>\n<tr>\n<td>En la caja :<\/td>\n<\/tr>\n<tr>\n<td>\u0095unidad de telefono sd-usb tipo c, color blanco artico<\/td>\n<\/tr>\n<tr>\n<td>\u0095unidad usb tipo c para telefono de sandisk<\/td>\n<\/tr>\n<tr>\n<td>Compatibilidad :<\/td>\n<\/tr>\n<tr>\n<td>\u0095usb tipo c<\/td>\n<\/tr>\n<\/table>\n","protected":false},"excerpt":{"rendered":"<p>Expansion de almacenamiento ilimitada para todos sus dispositivos iphone, ipad y mac compatibles con usb tipo-c. Tu mundo es mas grande que cualquier dispositivo, y tu vida se extiende a todo tu ecosistema de dispositivos. Integra facilmente tus dispositivos usb type-c con la unidad sandisk phone. Crea con confianza con capacidades de hasta 1 tb, que te ofrecen amplio espacio para tus fotos y videos. Conectala a tus iphones, ipads y macs compatibles con usb type-c para transferir archivos rapida y facilmente a velocidades de hasta 150 mb\/s. Dise\u00f1ada para adaptarse a tu estilo de vida ios, esta unidad presenta una elegante silueta y un exterior metalico premium en cuatro nuevos y atractivos colores. Elige entre azul maritimo, verde espuma de mar, rosa estrella de mar y blanco artico para complementar la apariencia de tu iphone 16 compatible. Mejore el ecosistema de su dispositivo. Dise\u00f1ado especificamente para dispositivos usb type-c, el sandisk phone drive con usb-c le permite transferir fotos y videos sin esfuerzo entre su iphone, ipad, macbook y m\u00e1s compatibles. Sigue creando, no eliminando. Amplia el almacenamiento de tu iphone con hasta 1 tb de espacio extra, para obtener mas fotos de alta resolucion, mas videos de alta definicion y mas archivos importantes. Reviva sus momentos. Con la recuperacion de datos, sus preciados recuerdos est\u00e1n protegidos para que pueda seguir disfrutando el momento. Dise\u00f1ado de manera cautivadora, sandisk phone drive es una extension refinada de su estilo y sensibilidad, con cuatro tonos dise\u00f1ados para la apariencia de su iphone 16 compatible. Conserva tu contenido favorito. Realiza copias de seguridad y administra archivos automaticamente con la aplicacion sandisk incluida (solo para iphone y ipad).<\/p>\n","protected":false},"featured_media":265762,"comment_status":"open","ping_status":"open","template":"","meta":[],"product_cat":[1796,1793],"product_tag":[1709],"acf":[],"yoast_head":"<!-- This site is optimized with the Yoast SEO plugin v21.7 - https:\/\/yoast.com\/wordpress\/plugins\/seo\/ -->\n<title>[ Sandisk ] &#129351; Sdixs0n-512g-gn6ne Memoria 512gb Usb 3.2 Phone Drive Tipo-c Artic White<\/title>\n<meta name=\"description\" content=\"Compra Sdixs0n-512g-gn6ne Memoria 512gb Usb 3.2 Phone Drive Tipo-c Artic White + Env\u00edo a domicilio + Pago seguro + Garant\u00eda\" \/>\n<meta name=\"robots\" content=\"index, follow, max-snippet:-1, max-image-preview:large, max-video-preview:-1\" \/>\n<link rel=\"canonical\" href=\"https:\/\/compuviper.mx\/tienda\/producto\/sandisk-sdixs0n-512g-gn6ne-memoria-512gb-usb-3-2-phone-drive-tipo-c-artic-white\/\" \/>\n<meta property=\"og:locale\" content=\"es_MX\" \/>\n<meta property=\"og:type\" content=\"article\" \/>\n<meta property=\"og:title\" content=\"[ Sandisk ] &#129351; Sdixs0n-512g-gn6ne Memoria 512gb Usb 3.2 Phone Drive Tipo-c Artic White\" \/>\n<meta property=\"og:description\" content=\"Compra Sdixs0n-512g-gn6ne Memoria 512gb Usb 3.2 Phone Drive Tipo-c Artic White + Env\u00edo a domicilio + Pago seguro + Garant\u00eda\" \/>\n<meta property=\"og:url\" content=\"https:\/\/compuviper.mx\/tienda\/producto\/sandisk-sdixs0n-512g-gn6ne-memoria-512gb-usb-3-2-phone-drive-tipo-c-artic-white\/\" \/>\n<meta property=\"og:site_name\" content=\"Compuviper\" \/>\n<meta property=\"article:publisher\" content=\"https:\/\/www.facebook.com\/compuviper\" \/>\n<meta property=\"article:modified_time\" content=\"2026-04-12T06:00:27+00:00\" \/>\n<meta property=\"og:image\" content=\"https:\/\/compuviper.mx\/tienda\/wp-content\/uploads\/2026\/01\/Memoria-sandisk-512gb-usb-3.2-phone-drive-tipo-c-artic-white-sdixs0n-512g-gn6ne.jpg\" \/>\n\t<meta property=\"og:image:width\" content=\"200\" \/>\n\t<meta property=\"og:image:height\" content=\"200\" \/>\n\t<meta property=\"og:image:type\" content=\"image\/jpeg\" \/>\n<meta name=\"twitter:card\" content=\"summary_large_image\" \/>\n<meta name=\"twitter:label1\" content=\"Precio\" \/>\n\t<meta name=\"twitter:data1\" content=\"&#36;1,710 con IVA\" \/>\n\t<meta name=\"twitter:label2\" content=\"Availability\" \/>\n\t<meta name=\"twitter:data2\" content=\"In stock\" \/>\n<script type=\"application\/ld+json\" class=\"yoast-schema-graph\">{\"@context\":\"https:\/\/schema.org\",\"@graph\":[{\"@type\":\"WebPage\",\"@id\":\"https:\/\/compuviper.mx\/tienda\/producto\/sandisk-sdixs0n-512g-gn6ne-memoria-512gb-usb-3-2-phone-drive-tipo-c-artic-white\/\",\"url\":\"https:\/\/compuviper.mx\/tienda\/producto\/sandisk-sdixs0n-512g-gn6ne-memoria-512gb-usb-3-2-phone-drive-tipo-c-artic-white\/\",\"name\":\"[ Sandisk ] &#129351; Sdixs0n-512g-gn6ne Memoria 512gb Usb 3.2 Phone Drive Tipo-c Artic White\",\"isPartOf\":{\"@id\":\"https:\/\/compuviper.mx\/tienda\/#website\"},\"datePublished\":\"2026-04-11T07:50:46+00:00\",\"dateModified\":\"2026-04-12T06:00:27+00:00\",\"description\":\"Compra Sdixs0n-512g-gn6ne Memoria 512gb Usb 3.2 Phone Drive Tipo-c Artic White + Env\u00edo a domicilio + Pago seguro + Garant\u00eda\",\"breadcrumb\":{\"@id\":\"https:\/\/compuviper.mx\/tienda\/producto\/sandisk-sdixs0n-512g-gn6ne-memoria-512gb-usb-3-2-phone-drive-tipo-c-artic-white\/#breadcrumb\"},\"inLanguage\":\"es-MX\",\"potentialAction\":[{\"@type\":\"ReadAction\",\"target\":[\"https:\/\/compuviper.mx\/tienda\/producto\/sandisk-sdixs0n-512g-gn6ne-memoria-512gb-usb-3-2-phone-drive-tipo-c-artic-white\/\"]}]},{\"@type\":\"BreadcrumbList\",\"@id\":\"https:\/\/compuviper.mx\/tienda\/producto\/sandisk-sdixs0n-512g-gn6ne-memoria-512gb-usb-3-2-phone-drive-tipo-c-artic-white\/#breadcrumb\",\"itemListElement\":[{\"@type\":\"ListItem\",\"position\":1,\"name\":\"Inicio\",\"item\":\"https:\/\/compuviper.mx\/tienda\/\"},{\"@type\":\"ListItem\",\"position\":2,\"name\":\"Productos\",\"item\":\"https:\/\/compuviper.mx\/tienda\/productos\/\"},{\"@type\":\"ListItem\",\"position\":3,\"name\":\"Memorias\",\"item\":\"https:\/\/compuviper.mx\/tienda\/categoria-producto\/memorias\/\"},{\"@type\":\"ListItem\",\"position\":4,\"name\":\"Memoria Flash Usb\",\"item\":\"https:\/\/compuviper.mx\/tienda\/categoria-producto\/memorias\/memoria-flash-usb\/\"},{\"@type\":\"ListItem\",\"position\":5,\"name\":\"Sandisk Sdixs0n-512g-gn6ne Memoria 512gb Usb 3.2 Phone Drive Tipo-c Artic White\"}]},{\"@type\":\"WebSite\",\"@id\":\"https:\/\/compuviper.mx\/tienda\/#website\",\"url\":\"https:\/\/compuviper.mx\/tienda\/\",\"name\":\"Compuviper\",\"description\":\"Proveedor de Computadoras, Laptops, Servidores, Monitores, Puntos de Venta, Teclados,   Impresoras, T\u00f3ner, C\u00e1maras de Seguridad y m\u00e1s en tu tienda en l\u00ednea\",\"publisher\":{\"@id\":\"https:\/\/compuviper.mx\/tienda\/#organization\"},\"potentialAction\":[{\"@type\":\"SearchAction\",\"target\":{\"@type\":\"EntryPoint\",\"urlTemplate\":\"https:\/\/compuviper.mx\/tienda\/?s={search_term_string}\"},\"query-input\":\"required name=search_term_string\"}],\"inLanguage\":\"es-MX\"},{\"@type\":\"Organization\",\"@id\":\"https:\/\/compuviper.mx\/tienda\/#organization\",\"name\":\"Compuviper\",\"url\":\"https:\/\/compuviper.mx\/tienda\/\",\"logo\":{\"@type\":\"ImageObject\",\"inLanguage\":\"es-MX\",\"@id\":\"https:\/\/compuviper.mx\/tienda\/#\/schema\/logo\/image\/\",\"url\":\"https:\/\/compuviper.mx\/tienda\/wp-content\/uploads\/2021\/08\/Logo-Compuviper-10.png\",\"contentUrl\":\"https:\/\/compuviper.mx\/tienda\/wp-content\/uploads\/2021\/08\/Logo-Compuviper-10.png\",\"width\":1000,\"height\":500,\"caption\":\"Compuviper\"},\"image\":{\"@id\":\"https:\/\/compuviper.mx\/tienda\/#\/schema\/logo\/image\/\"},\"sameAs\":[\"https:\/\/www.facebook.com\/compuviper\",\"https:\/\/www.youtube.com\/channel\/UCf73dERp9Y3cfOq7q8BhLjA?view_as=subscriber\"]}]}<\/script>\n<meta property=\"product:brand\" content=\"SANDISK\" \/>\n<meta property=\"product:price:amount\" content=\"1710\" \/>\n<meta property=\"product:price:currency\" content=\"MXN\" \/>\n<meta property=\"og:availability\" content=\"instock\" \/>\n<meta property=\"product:availability\" content=\"instock\" \/>\n<meta property=\"product:retailer_item_id\" content=\"SDIXS0N-512G-GN6NE\" \/>\n<meta property=\"product:condition\" content=\"new\" \/>\n<!-- \/ Yoast SEO plugin. -->","yoast_head_json":{"title":"[ Sandisk ] &#129351; Sdixs0n-512g-gn6ne Memoria 512gb Usb 3.2 Phone Drive Tipo-c Artic White","description":"Compra Sdixs0n-512g-gn6ne Memoria 512gb Usb 3.2 Phone Drive Tipo-c Artic White + Env\u00edo a domicilio + Pago seguro + Garant\u00eda","robots":{"index":"index","follow":"follow","max-snippet":"max-snippet:-1","max-image-preview":"max-image-preview:large","max-video-preview":"max-video-preview:-1"},"canonical":"https:\/\/compuviper.mx\/tienda\/producto\/sandisk-sdixs0n-512g-gn6ne-memoria-512gb-usb-3-2-phone-drive-tipo-c-artic-white\/","og_locale":"es_MX","og_type":"article","og_title":"[ Sandisk ] &#129351; Sdixs0n-512g-gn6ne Memoria 512gb Usb 3.2 Phone Drive Tipo-c Artic White","og_description":"Compra Sdixs0n-512g-gn6ne Memoria 512gb Usb 3.2 Phone Drive Tipo-c Artic White + Env\u00edo a domicilio + Pago seguro + Garant\u00eda","og_url":"https:\/\/compuviper.mx\/tienda\/producto\/sandisk-sdixs0n-512g-gn6ne-memoria-512gb-usb-3-2-phone-drive-tipo-c-artic-white\/","og_site_name":"Compuviper","article_publisher":"https:\/\/www.facebook.com\/compuviper","article_modified_time":"2026-04-12T06:00:27+00:00","og_image":[{"width":200,"height":200,"url":"https:\/\/compuviper.mx\/tienda\/wp-content\/uploads\/2026\/01\/Memoria-sandisk-512gb-usb-3.2-phone-drive-tipo-c-artic-white-sdixs0n-512g-gn6ne.jpg","type":"image\/jpeg"}],"twitter_card":"summary_large_image","twitter_misc":{"Precio":"&#36;1,710 con IVA","Availability":"In stock"},"schema":{"@context":"https:\/\/schema.org","@graph":[{"@type":"WebPage","@id":"https:\/\/compuviper.mx\/tienda\/producto\/sandisk-sdixs0n-512g-gn6ne-memoria-512gb-usb-3-2-phone-drive-tipo-c-artic-white\/","url":"https:\/\/compuviper.mx\/tienda\/producto\/sandisk-sdixs0n-512g-gn6ne-memoria-512gb-usb-3-2-phone-drive-tipo-c-artic-white\/","name":"[ Sandisk ] &#129351; Sdixs0n-512g-gn6ne Memoria 512gb Usb 3.2 Phone Drive Tipo-c Artic White","isPartOf":{"@id":"https:\/\/compuviper.mx\/tienda\/#website"},"datePublished":"2026-04-11T07:50:46+00:00","dateModified":"2026-04-12T06:00:27+00:00","description":"Compra Sdixs0n-512g-gn6ne Memoria 512gb Usb 3.2 Phone Drive Tipo-c Artic White + Env\u00edo a domicilio + Pago seguro + Garant\u00eda","breadcrumb":{"@id":"https:\/\/compuviper.mx\/tienda\/producto\/sandisk-sdixs0n-512g-gn6ne-memoria-512gb-usb-3-2-phone-drive-tipo-c-artic-white\/#breadcrumb"},"inLanguage":"es-MX","potentialAction":[{"@type":"ReadAction","target":["https:\/\/compuviper.mx\/tienda\/producto\/sandisk-sdixs0n-512g-gn6ne-memoria-512gb-usb-3-2-phone-drive-tipo-c-artic-white\/"]}]},{"@type":"BreadcrumbList","@id":"https:\/\/compuviper.mx\/tienda\/producto\/sandisk-sdixs0n-512g-gn6ne-memoria-512gb-usb-3-2-phone-drive-tipo-c-artic-white\/#breadcrumb","itemListElement":[{"@type":"ListItem","position":1,"name":"Inicio","item":"https:\/\/compuviper.mx\/tienda\/"},{"@type":"ListItem","position":2,"name":"Productos","item":"https:\/\/compuviper.mx\/tienda\/productos\/"},{"@type":"ListItem","position":3,"name":"Memorias","item":"https:\/\/compuviper.mx\/tienda\/categoria-producto\/memorias\/"},{"@type":"ListItem","position":4,"name":"Memoria Flash Usb","item":"https:\/\/compuviper.mx\/tienda\/categoria-producto\/memorias\/memoria-flash-usb\/"},{"@type":"ListItem","position":5,"name":"Sandisk Sdixs0n-512g-gn6ne Memoria 512gb Usb 3.2 Phone Drive Tipo-c Artic White"}]},{"@type":"WebSite","@id":"https:\/\/compuviper.mx\/tienda\/#website","url":"https:\/\/compuviper.mx\/tienda\/","name":"Compuviper","description":"Proveedor de Computadoras, Laptops, Servidores, Monitores, Puntos de Venta, Teclados,   Impresoras, T\u00f3ner, C\u00e1maras de Seguridad y m\u00e1s en tu tienda en l\u00ednea","publisher":{"@id":"https:\/\/compuviper.mx\/tienda\/#organization"},"potentialAction":[{"@type":"SearchAction","target":{"@type":"EntryPoint","urlTemplate":"https:\/\/compuviper.mx\/tienda\/?s={search_term_string}"},"query-input":"required name=search_term_string"}],"inLanguage":"es-MX"},{"@type":"Organization","@id":"https:\/\/compuviper.mx\/tienda\/#organization","name":"Compuviper","url":"https:\/\/compuviper.mx\/tienda\/","logo":{"@type":"ImageObject","inLanguage":"es-MX","@id":"https:\/\/compuviper.mx\/tienda\/#\/schema\/logo\/image\/","url":"https:\/\/compuviper.mx\/tienda\/wp-content\/uploads\/2021\/08\/Logo-Compuviper-10.png","contentUrl":"https:\/\/compuviper.mx\/tienda\/wp-content\/uploads\/2021\/08\/Logo-Compuviper-10.png","width":1000,"height":500,"caption":"Compuviper"},"image":{"@id":"https:\/\/compuviper.mx\/tienda\/#\/schema\/logo\/image\/"},"sameAs":["https:\/\/www.facebook.com\/compuviper","https:\/\/www.youtube.com\/channel\/UCf73dERp9Y3cfOq7q8BhLjA?view_as=subscriber"]}]},"product_brand":"SANDISK","product_price_amount":"1710","product_price_currency":"MXN","og_availability":"instock","product_availability":"instock","product_retailer_item_id":"SDIXS0N-512G-GN6NE","product_condition":"new"},"_links":{"self":[{"href":"https:\/\/compuviper.mx\/tienda\/wp-json\/wp\/v2\/product\/265761"}],"collection":[{"href":"https:\/\/compuviper.mx\/tienda\/wp-json\/wp\/v2\/product"}],"about":[{"href":"https:\/\/compuviper.mx\/tienda\/wp-json\/wp\/v2\/types\/product"}],"replies":[{"embeddable":true,"href":"https:\/\/compuviper.mx\/tienda\/wp-json\/wp\/v2\/comments?post=265761"}],"wp:featuredmedia":[{"embeddable":true,"href":"https:\/\/compuviper.mx\/tienda\/wp-json\/wp\/v2\/media\/265762"}],"wp:attachment":[{"href":"https:\/\/compuviper.mx\/tienda\/wp-json\/wp\/v2\/media?parent=265761"}],"wp:term":[{"taxonomy":"product_cat","embeddable":true,"href":"https:\/\/compuviper.mx\/tienda\/wp-json\/wp\/v2\/product_cat?post=265761"},{"taxonomy":"product_tag","embeddable":true,"href":"https:\/\/compuviper.mx\/tienda\/wp-json\/wp\/v2\/product_tag?post=265761"}],"curies":[{"name":"wp","href":"https:\/\/api.w.org\/{rel}","templated":true}]}}