{"id":265717,"date":"2026-04-18T01:10:17","date_gmt":"2026-04-18T07:10:17","guid":{"rendered":"https:\/\/compuviper.mx\/tienda\/producto\/hewlett-packard-enterprise-p26262-b21-tarjeta-de-red-hpe-bcm-57414-10-25gb-2-puertos-sfp28\/"},"modified":"2026-04-18T01:10:17","modified_gmt":"2026-04-18T07:10:17","slug":"hewlett-packard-enterprise-p26262-b21-tarjeta-de-red-hpe-bcm-57414-10-25gb-2-puertos-sfp28","status":"publish","type":"product","link":"https:\/\/compuviper.mx\/tienda\/producto\/hewlett-packard-enterprise-p26262-b21-tarjeta-de-red-hpe-bcm-57414-10-25gb-2-puertos-sfp28\/","title":{"rendered":"Hewlett Packard Enterprise P26262-b21 Tarjeta De Red Hpe Bcm 57414 10\/25gb 2 Puertos Sfp28"},"content":{"rendered":"<table class=\"descripcion\">\n<tr>\n<td>Adaptador broadcom bcm57414 ethernet 10\/25 gb 2 puertos sfp28 para hpe<\/td>\n<\/tr>\n<\/table>\n","protected":false},"excerpt":{"rendered":"<p>\u00bftu centro de datos se enfrenta constantemente al reto de proporcionar una mayor seguridad y fiabilidad en una soluci\u00f3n escalable y rentable para el ancho de banda de tu red? los adaptadores de ethernet hpe gen10 plus son soluciones ethernet de 1 gb, 10 gb, 10\/25 gb, 100 gb y 200 gb escalables y compatibles con los servidores hpe gen10 plus para servicios de nube h\u00edbrida, datos m\u00f3viles y aplicaciones de streaming de v\u00eddeo. El servidor es la base de cualquier centro de datos, pero no funciona solo. Cuando un elemento de la cadena se ralentiza, tambi\u00e9n lo hace el resto. Mant\u00e9n tu red y tus datos en un flujo constante mediante un ecosistema integrado de adaptadores de red, transceptores, cables, conmutadores y servidores hewlett packard enterprise. Novedades. \u0095 presentamos el adaptador intel e810-xxvda4 ethernet 10\/25 gb 4 puertos sfp28 ocp3 para hpe (p41614-b21. Solo ventajas. Mejor rendimiento. \u0095 los adaptadores ethernet hpe gen10 plus han sido dise\u00f1ados para una gran variedad de anchos de banda y aplicaciones sensibles a la latencia. \u0095 reduce el uso de cpu con soporte para distintas descargas de e\/s, incluidas la tunelizaci\u00f3n y rdma. Fiabilidad y seguridad. \u0095 los adaptadores ethernet hpe gen10 plus autentican las actualizaciones para las nic cuyo firmware registrado, es correcto y de confianza para reducir la instalaci\u00f3n de firmware no autorizado. \u0095 protege las aplicaciones, los datos y la infraestructura del servidor al autenticar el firmware firmado digitalmente a trav\u00e9s de una arquitectura de ra\u00edz de confianza.<\/p>\n","protected":false},"featured_media":0,"comment_status":"open","ping_status":"open","template":"","meta":[],"product_cat":[1563,1572],"product_tag":[1568],"acf":[],"yoast_head":"<!-- This site is optimized with the Yoast SEO plugin v21.7 - https:\/\/yoast.com\/wordpress\/plugins\/seo\/ -->\n<title>[ Hewlett Packard Enterprise ] &#129351; P26262-b21 Tarjeta De Red Hpe Bcm 57414 10\/25gb 2 Puertos Sfp28<\/title>\n<meta name=\"description\" content=\"Compra P26262-b21 Tarjeta De Red Hpe Bcm 57414 10\/25gb 2 Puertos Sfp28 + Env\u00edo a domicilio + Pago seguro + Garant\u00eda\" \/>\n<meta name=\"robots\" content=\"index, follow, max-snippet:-1, max-image-preview:large, max-video-preview:-1\" \/>\n<link rel=\"canonical\" href=\"https:\/\/compuviper.mx\/tienda\/producto\/hewlett-packard-enterprise-p26262-b21-tarjeta-de-red-hpe-bcm-57414-10-25gb-2-puertos-sfp28\/\" \/>\n<meta property=\"og:locale\" content=\"es_MX\" \/>\n<meta property=\"og:type\" content=\"article\" \/>\n<meta property=\"og:title\" content=\"[ Hewlett Packard Enterprise ] &#129351; P26262-b21 Tarjeta De Red Hpe Bcm 57414 10\/25gb 2 Puertos Sfp28\" \/>\n<meta property=\"og:description\" content=\"Compra P26262-b21 Tarjeta De Red Hpe Bcm 57414 10\/25gb 2 Puertos Sfp28 + Env\u00edo a domicilio + Pago seguro + Garant\u00eda\" \/>\n<meta property=\"og:url\" content=\"https:\/\/compuviper.mx\/tienda\/producto\/hewlett-packard-enterprise-p26262-b21-tarjeta-de-red-hpe-bcm-57414-10-25gb-2-puertos-sfp28\/\" \/>\n<meta property=\"og:site_name\" content=\"Compuviper\" \/>\n<meta property=\"article:publisher\" content=\"https:\/\/www.facebook.com\/compuviper\" \/>\n<meta name=\"twitter:card\" content=\"summary_large_image\" \/>\n<meta name=\"twitter:label1\" content=\"Precio\" \/>\n\t<meta name=\"twitter:data1\" content=\"&#36;11,445 con IVA\" \/>\n\t<meta name=\"twitter:label2\" content=\"Availability\" \/>\n\t<meta name=\"twitter:data2\" content=\"On backorder\" \/>\n<script type=\"application\/ld+json\" class=\"yoast-schema-graph\">{\"@context\":\"https:\/\/schema.org\",\"@graph\":[{\"@type\":\"WebPage\",\"@id\":\"https:\/\/compuviper.mx\/tienda\/producto\/hewlett-packard-enterprise-p26262-b21-tarjeta-de-red-hpe-bcm-57414-10-25gb-2-puertos-sfp28\/\",\"url\":\"https:\/\/compuviper.mx\/tienda\/producto\/hewlett-packard-enterprise-p26262-b21-tarjeta-de-red-hpe-bcm-57414-10-25gb-2-puertos-sfp28\/\",\"name\":\"[ Hewlett Packard Enterprise ] &#129351; P26262-b21 Tarjeta De Red Hpe Bcm 57414 10\/25gb 2 Puertos Sfp28\",\"isPartOf\":{\"@id\":\"https:\/\/compuviper.mx\/tienda\/#website\"},\"datePublished\":\"2026-04-18T07:10:17+00:00\",\"dateModified\":\"2026-04-18T07:10:17+00:00\",\"description\":\"Compra P26262-b21 Tarjeta De Red Hpe Bcm 57414 10\/25gb 2 Puertos Sfp28 + Env\u00edo a domicilio + Pago seguro + Garant\u00eda\",\"breadcrumb\":{\"@id\":\"https:\/\/compuviper.mx\/tienda\/producto\/hewlett-packard-enterprise-p26262-b21-tarjeta-de-red-hpe-bcm-57414-10-25gb-2-puertos-sfp28\/#breadcrumb\"},\"inLanguage\":\"es-MX\",\"potentialAction\":[{\"@type\":\"ReadAction\",\"target\":[\"https:\/\/compuviper.mx\/tienda\/producto\/hewlett-packard-enterprise-p26262-b21-tarjeta-de-red-hpe-bcm-57414-10-25gb-2-puertos-sfp28\/\"]}]},{\"@type\":\"BreadcrumbList\",\"@id\":\"https:\/\/compuviper.mx\/tienda\/producto\/hewlett-packard-enterprise-p26262-b21-tarjeta-de-red-hpe-bcm-57414-10-25gb-2-puertos-sfp28\/#breadcrumb\",\"itemListElement\":[{\"@type\":\"ListItem\",\"position\":1,\"name\":\"Inicio\",\"item\":\"https:\/\/compuviper.mx\/tienda\/\"},{\"@type\":\"ListItem\",\"position\":2,\"name\":\"Productos\",\"item\":\"https:\/\/compuviper.mx\/tienda\/productos\/\"},{\"@type\":\"ListItem\",\"position\":3,\"name\":\"Redes\",\"item\":\"https:\/\/compuviper.mx\/tienda\/categoria-producto\/redes\/\"},{\"@type\":\"ListItem\",\"position\":4,\"name\":\"Tarjetas De Red\",\"item\":\"https:\/\/compuviper.mx\/tienda\/categoria-producto\/redes\/tarjetas-de-red\/\"},{\"@type\":\"ListItem\",\"position\":5,\"name\":\"Hewlett Packard Enterprise P26262-b21 Tarjeta De Red Hpe Bcm 57414 10\/25gb 2 Puertos Sfp28\"}]},{\"@type\":\"WebSite\",\"@id\":\"https:\/\/compuviper.mx\/tienda\/#website\",\"url\":\"https:\/\/compuviper.mx\/tienda\/\",\"name\":\"Compuviper\",\"description\":\"Proveedor de Computadoras, Laptops, Servidores, Monitores, Puntos de Venta, Teclados,   Impresoras, T\u00f3ner, C\u00e1maras de Seguridad y m\u00e1s en tu tienda en l\u00ednea\",\"publisher\":{\"@id\":\"https:\/\/compuviper.mx\/tienda\/#organization\"},\"potentialAction\":[{\"@type\":\"SearchAction\",\"target\":{\"@type\":\"EntryPoint\",\"urlTemplate\":\"https:\/\/compuviper.mx\/tienda\/?s={search_term_string}\"},\"query-input\":\"required name=search_term_string\"}],\"inLanguage\":\"es-MX\"},{\"@type\":\"Organization\",\"@id\":\"https:\/\/compuviper.mx\/tienda\/#organization\",\"name\":\"Compuviper\",\"url\":\"https:\/\/compuviper.mx\/tienda\/\",\"logo\":{\"@type\":\"ImageObject\",\"inLanguage\":\"es-MX\",\"@id\":\"https:\/\/compuviper.mx\/tienda\/#\/schema\/logo\/image\/\",\"url\":\"https:\/\/compuviper.mx\/tienda\/wp-content\/uploads\/2021\/08\/Logo-Compuviper-10.png\",\"contentUrl\":\"https:\/\/compuviper.mx\/tienda\/wp-content\/uploads\/2021\/08\/Logo-Compuviper-10.png\",\"width\":1000,\"height\":500,\"caption\":\"Compuviper\"},\"image\":{\"@id\":\"https:\/\/compuviper.mx\/tienda\/#\/schema\/logo\/image\/\"},\"sameAs\":[\"https:\/\/www.facebook.com\/compuviper\",\"https:\/\/www.youtube.com\/channel\/UCf73dERp9Y3cfOq7q8BhLjA?view_as=subscriber\"]}]}<\/script>\n<meta property=\"product:brand\" content=\"HEWLETT PACKARD ENTERPRISE\" \/>\n<meta property=\"product:price:amount\" content=\"11445\" \/>\n<meta property=\"product:price:currency\" content=\"MXN\" \/>\n<meta property=\"og:availability\" content=\"backorder\" \/>\n<meta property=\"product:availability\" content=\"available for order\" \/>\n<meta property=\"product:retailer_item_id\" content=\"P26262-B21\" \/>\n<meta property=\"product:condition\" content=\"new\" \/>\n<!-- \/ Yoast SEO plugin. -->","yoast_head_json":{"title":"[ Hewlett Packard Enterprise ] &#129351; P26262-b21 Tarjeta De Red Hpe Bcm 57414 10\/25gb 2 Puertos Sfp28","description":"Compra P26262-b21 Tarjeta De Red Hpe Bcm 57414 10\/25gb 2 Puertos Sfp28 + Env\u00edo a domicilio + Pago seguro + Garant\u00eda","robots":{"index":"index","follow":"follow","max-snippet":"max-snippet:-1","max-image-preview":"max-image-preview:large","max-video-preview":"max-video-preview:-1"},"canonical":"https:\/\/compuviper.mx\/tienda\/producto\/hewlett-packard-enterprise-p26262-b21-tarjeta-de-red-hpe-bcm-57414-10-25gb-2-puertos-sfp28\/","og_locale":"es_MX","og_type":"article","og_title":"[ Hewlett Packard Enterprise ] &#129351; P26262-b21 Tarjeta De Red Hpe Bcm 57414 10\/25gb 2 Puertos Sfp28","og_description":"Compra P26262-b21 Tarjeta De Red Hpe Bcm 57414 10\/25gb 2 Puertos Sfp28 + Env\u00edo a domicilio + Pago seguro + Garant\u00eda","og_url":"https:\/\/compuviper.mx\/tienda\/producto\/hewlett-packard-enterprise-p26262-b21-tarjeta-de-red-hpe-bcm-57414-10-25gb-2-puertos-sfp28\/","og_site_name":"Compuviper","article_publisher":"https:\/\/www.facebook.com\/compuviper","twitter_card":"summary_large_image","twitter_misc":{"Precio":"&#36;11,445 con IVA","Availability":"On backorder"},"schema":{"@context":"https:\/\/schema.org","@graph":[{"@type":"WebPage","@id":"https:\/\/compuviper.mx\/tienda\/producto\/hewlett-packard-enterprise-p26262-b21-tarjeta-de-red-hpe-bcm-57414-10-25gb-2-puertos-sfp28\/","url":"https:\/\/compuviper.mx\/tienda\/producto\/hewlett-packard-enterprise-p26262-b21-tarjeta-de-red-hpe-bcm-57414-10-25gb-2-puertos-sfp28\/","name":"[ Hewlett Packard Enterprise ] &#129351; P26262-b21 Tarjeta De Red Hpe Bcm 57414 10\/25gb 2 Puertos Sfp28","isPartOf":{"@id":"https:\/\/compuviper.mx\/tienda\/#website"},"datePublished":"2026-04-18T07:10:17+00:00","dateModified":"2026-04-18T07:10:17+00:00","description":"Compra P26262-b21 Tarjeta De Red Hpe Bcm 57414 10\/25gb 2 Puertos Sfp28 + Env\u00edo a domicilio + Pago seguro + Garant\u00eda","breadcrumb":{"@id":"https:\/\/compuviper.mx\/tienda\/producto\/hewlett-packard-enterprise-p26262-b21-tarjeta-de-red-hpe-bcm-57414-10-25gb-2-puertos-sfp28\/#breadcrumb"},"inLanguage":"es-MX","potentialAction":[{"@type":"ReadAction","target":["https:\/\/compuviper.mx\/tienda\/producto\/hewlett-packard-enterprise-p26262-b21-tarjeta-de-red-hpe-bcm-57414-10-25gb-2-puertos-sfp28\/"]}]},{"@type":"BreadcrumbList","@id":"https:\/\/compuviper.mx\/tienda\/producto\/hewlett-packard-enterprise-p26262-b21-tarjeta-de-red-hpe-bcm-57414-10-25gb-2-puertos-sfp28\/#breadcrumb","itemListElement":[{"@type":"ListItem","position":1,"name":"Inicio","item":"https:\/\/compuviper.mx\/tienda\/"},{"@type":"ListItem","position":2,"name":"Productos","item":"https:\/\/compuviper.mx\/tienda\/productos\/"},{"@type":"ListItem","position":3,"name":"Redes","item":"https:\/\/compuviper.mx\/tienda\/categoria-producto\/redes\/"},{"@type":"ListItem","position":4,"name":"Tarjetas De Red","item":"https:\/\/compuviper.mx\/tienda\/categoria-producto\/redes\/tarjetas-de-red\/"},{"@type":"ListItem","position":5,"name":"Hewlett Packard Enterprise P26262-b21 Tarjeta De Red Hpe Bcm 57414 10\/25gb 2 Puertos Sfp28"}]},{"@type":"WebSite","@id":"https:\/\/compuviper.mx\/tienda\/#website","url":"https:\/\/compuviper.mx\/tienda\/","name":"Compuviper","description":"Proveedor de Computadoras, Laptops, Servidores, Monitores, Puntos de Venta, Teclados,   Impresoras, T\u00f3ner, C\u00e1maras de Seguridad y m\u00e1s en tu tienda en l\u00ednea","publisher":{"@id":"https:\/\/compuviper.mx\/tienda\/#organization"},"potentialAction":[{"@type":"SearchAction","target":{"@type":"EntryPoint","urlTemplate":"https:\/\/compuviper.mx\/tienda\/?s={search_term_string}"},"query-input":"required name=search_term_string"}],"inLanguage":"es-MX"},{"@type":"Organization","@id":"https:\/\/compuviper.mx\/tienda\/#organization","name":"Compuviper","url":"https:\/\/compuviper.mx\/tienda\/","logo":{"@type":"ImageObject","inLanguage":"es-MX","@id":"https:\/\/compuviper.mx\/tienda\/#\/schema\/logo\/image\/","url":"https:\/\/compuviper.mx\/tienda\/wp-content\/uploads\/2021\/08\/Logo-Compuviper-10.png","contentUrl":"https:\/\/compuviper.mx\/tienda\/wp-content\/uploads\/2021\/08\/Logo-Compuviper-10.png","width":1000,"height":500,"caption":"Compuviper"},"image":{"@id":"https:\/\/compuviper.mx\/tienda\/#\/schema\/logo\/image\/"},"sameAs":["https:\/\/www.facebook.com\/compuviper","https:\/\/www.youtube.com\/channel\/UCf73dERp9Y3cfOq7q8BhLjA?view_as=subscriber"]}]},"product_brand":"HEWLETT PACKARD ENTERPRISE","product_price_amount":"11445","product_price_currency":"MXN","og_availability":"backorder","product_availability":"available for order","product_retailer_item_id":"P26262-B21","product_condition":"new"},"_links":{"self":[{"href":"https:\/\/compuviper.mx\/tienda\/wp-json\/wp\/v2\/product\/265717"}],"collection":[{"href":"https:\/\/compuviper.mx\/tienda\/wp-json\/wp\/v2\/product"}],"about":[{"href":"https:\/\/compuviper.mx\/tienda\/wp-json\/wp\/v2\/types\/product"}],"replies":[{"embeddable":true,"href":"https:\/\/compuviper.mx\/tienda\/wp-json\/wp\/v2\/comments?post=265717"}],"wp:attachment":[{"href":"https:\/\/compuviper.mx\/tienda\/wp-json\/wp\/v2\/media?parent=265717"}],"wp:term":[{"taxonomy":"product_cat","embeddable":true,"href":"https:\/\/compuviper.mx\/tienda\/wp-json\/wp\/v2\/product_cat?post=265717"},{"taxonomy":"product_tag","embeddable":true,"href":"https:\/\/compuviper.mx\/tienda\/wp-json\/wp\/v2\/product_tag?post=265717"}],"curies":[{"name":"wp","href":"https:\/\/api.w.org\/{rel}","templated":true}]}}