{"id":265716,"date":"2026-04-10T00:50:53","date_gmt":"2026-04-10T06:50:53","guid":{"rendered":"https:\/\/compuviper.mx\/tienda\/producto\/samsung-ls32fm902slxzx-monitor-led-32-pulgadas-smart-monitor-m9-4k-3840-x-2160-oled-plano-dp-hdmi-bt-wifi-usb-c-web-cam-165-hz-plata\/"},"modified":"2026-04-10T00:50:53","modified_gmt":"2026-04-10T06:50:53","slug":"samsung-ls32fm902slxzx-monitor-led-32-pulgadas-smart-monitor-m9-4k-3840-x-2160-oled-plano-dp-hdmi-bt-wifi-usb-c-web-cam-165-hz-plata","status":"publish","type":"product","link":"https:\/\/compuviper.mx\/tienda\/producto\/samsung-ls32fm902slxzx-monitor-led-32-pulgadas-smart-monitor-m9-4k-3840-x-2160-oled-plano-dp-hdmi-bt-wifi-usb-c-web-cam-165-hz-plata\/","title":{"rendered":"Samsung Ls32fm902slxzx Monitor Led  32 Pulgadas \/smart Monitor M9 \/4k (3840 X 2160)\/ Oled \/ Plano \/dp\/ Hdmi \/ Bt \/ Wifi\/ Usb-c\/ Web Cam\/ 165 Hz \/plata"},"content":{"rendered":"<table class=\"descripcion\">\n<tr>\n<td>\u0095 relaci\u00f3n de aspecto: 16:9<\/td>\n<\/tr>\n<tr>\n<td>\u0095 brillo (t\u00edpico): 250 cd\/ and #13217;<\/td>\n<\/tr>\n<tr>\n<td>\u0095 relaci\u00f3n de contraste est\u00e1tico: 1,000,000:1(static)<\/td>\n<\/tr>\n<tr>\n<td>\u0095 resoluci\u00f3n: 4k (3,840 x 2,160)<\/td>\n<\/tr>\n<tr>\n<td>\u0095 tiempo de respuesta: 0.03ms(gtg)<\/td>\n<\/tr>\n<tr>\n<td>\u0095 \u00e1ngulo de visualizaci\u00f3n (h \/ v): 178\/178<\/td>\n<\/tr>\n<tr>\n<td>\u0095 frecuencia de actualizaci\u00f3n: max 165hz<\/td>\n<\/tr>\n<tr>\n<td>Pantalla<\/td>\n<\/tr>\n<tr>\n<td>\u0095 tama\u00f1o de la pantalla (clase): 32<\/td>\n<\/tr>\n<tr>\n<td>\u0095 plana \/ curva: plano<\/td>\n<\/tr>\n<tr>\n<td>\u0095 tama\u00f1o de \u00e1rea activa (h x v) [mm]: 699.48 x 394.73 mm<\/td>\n<\/tr>\n<tr>\n<td>\u0095 relaci\u00f3n de aspecto: 16:9<\/td>\n<\/tr>\n<tr>\n<td>\u0095 tipo de panel: oled<\/td>\n<\/tr>\n<tr>\n<td>\u0095 burn-in cover in warranty: quemadura en uso normal cubierta por la garant\u00eda. (sin embargo, no est\u00e1 cubierto para uso comercial, abuso o mal uso)<\/td>\n<\/tr>\n<tr>\n<td>\u0095 brillo (t\u00edpico): 250 cd\/ and #13217;<\/td>\n<\/tr>\n<tr>\n<td>\u0095 brillo (m\u00ednimo): 200 cd\/ and #13217;<\/td>\n<\/tr>\n<tr>\n<td>\u0095 relaci\u00f3n de contraste est\u00e1tico: 1,000,000:1(static)<\/td>\n<\/tr>\n<tr>\n<td>\u0095 contrast ratio (dynamic): mega dcr<\/td>\n<\/tr>\n<tr>\n<td>\u0095 hdr (high dynamic range): pantalla vesa displayhdr true black 400<\/td>\n<\/tr>\n<tr>\n<td>\u0095 hdr10+: hdr10+<\/td>\n<\/tr>\n<tr>\n<td>\u0095 resoluci\u00f3n: 4k (3,840 x 2,160)<\/td>\n<\/tr>\n<tr>\n<td>\u0095 tiempo de respuesta: 0.03ms(gtg)<\/td>\n<\/tr>\n<tr>\n<td>\u0095 \u00e1ngulo de visualizaci\u00f3n (h \/ v): 178\/178<\/td>\n<\/tr>\n<tr>\n<td>\u0095 soporte de colores: max 1b<\/td>\n<\/tr>\n<tr>\n<td>\u0095 cobertura srgb: 99% (cie1931)<\/td>\n<\/tr>\n<tr>\n<td>\u0095 frecuencia de actualizaci\u00f3n: max 165hz<\/td>\n<\/tr>\n<tr>\n<td>Caracter\u00edsticas generales<\/td>\n<\/tr>\n<tr>\n<td>\u0095 modo eye saber: s\u00ed<\/td>\n<\/tr>\n<tr>\n<td>\u0095 flicker free: s\u00ed<\/td>\n<\/tr>\n<tr>\n<td>\u0095 quantum dot color: s\u00ed<\/td>\n<\/tr>\n<tr>\n<td>\u0095 tama\u00f1o de imagen: s\u00ed<\/td>\n<\/tr>\n<tr>\n<td>\u0095 certificaci\u00f3n windows: windows11<\/td>\n<\/tr>\n<tr>\n<td>\u0095 freesync: freesync premium pro<\/td>\n<\/tr>\n<tr>\n<td>\u0095 g-sync: compatible con g-sync<\/td>\n<\/tr>\n<tr>\n<td>\u0095 off timer plus: s\u00ed<\/td>\n<\/tr>\n<tr>\n<td>\u0095 virtual aim point: s\u00ed<\/td>\n<\/tr>\n<tr>\n<td>\u0095 game bar 2.0: s\u00ed<\/td>\n<\/tr>\n<tr>\n<td>\u0095 gaming hub: s\u00ed (kr, us, ca, br, gb, fr, de, it, es, mx, au)<\/td>\n<\/tr>\n<tr>\n<td>\u0095 hdmi-cec: s\u00ed<\/td>\n<\/tr>\n<tr>\n<td>\u0095 auto source switch: interruptor de fuente autom\u00e1tica+<\/td>\n<\/tr>\n<tr>\n<td>\u0095 adaptive picture: s\u00ed<\/td>\n<\/tr>\n<tr>\n<td>\u0095 ultrawide game view: s\u00ed<\/td>\n<\/tr>\n<tr>\n<td>Smart service<\/td>\n<\/tr>\n<tr>\n<td>\u0095 smart type: smart<\/td>\n<\/tr>\n<tr>\n<td>\u0095 sistema operativo: tizen\u0099<\/td>\n<\/tr>\n<tr>\n<td>\u0095 bixby: s\u00ed<\/td>\n<\/tr>\n<tr>\n<td>\u0095 far-field voice interaction: s\u00ed<\/td>\n<\/tr>\n<tr>\n<td>\u0095 tv plus: s\u00ed (mx, br only)<\/td>\n<\/tr>\n<tr>\n<td>\u0095 alexa built-in: alexa (mx, br \u00fanicamente)<\/td>\n<\/tr>\n<tr>\n<td>\u0095 smartthings hub: s\u00ed<\/td>\n<\/tr>\n<tr>\n<td>\u0095 multi device experience: de m\u00f3vil a pantalla, inicio de reflejo de pantalla, reflejo de sonido, conexi\u00f3n inal\u00e1mbrica encendida, tocar vista<\/td>\n<\/tr>\n<tr>\n<td>\u0095 screenvitals: s\u00ed (mx, br only)<\/td>\n<\/tr>\n<tr>\n<td>\u0095 multi view: hasta 2 videos<\/td>\n<\/tr>\n<tr>\n<td>\u0095 smart calibration: b\u00e1sico<\/td>\n<\/tr>\n<tr>\n<td>\u0095 knox vault: s\u00ed<\/td>\n<\/tr>\n<tr>\n<td>\u0095 remote access: s\u00ed<\/td>\n<\/tr>\n<tr>\n<td>Interfaz<\/td>\n<\/tr>\n<tr>\n<td>\u0095 pantalla inal\u00e1mbrica: s\u00ed<\/td>\n<\/tr>\n<tr>\n<td>\u0095 displayport: 1 ea<\/td>\n<\/tr>\n<tr>\n<td>\u0095 versi\u00f3n de displayport: 1.4<\/td>\n<\/tr>\n<tr>\n<td>\u0095 hdcp version (dp): 2.2<\/td>\n<\/tr>\n<tr>\n<td>\u0095 hdmi: 1 ea<\/td>\n<\/tr>\n<tr>\n<td>\u0095 versi\u00f3n de hdmi: 2.1<\/td>\n<\/tr>\n<tr>\n<td>\u0095 hdcp version (hdmi): 2.2<\/td>\n<\/tr>\n<tr>\n<td>\u0095 usb-c: 1 ea<\/td>\n<\/tr>\n<tr>\n<td>\u0095 usb-c charging power: 90w<\/td>\n<\/tr>\n<tr>\n<td>\u0095 usb type-a downstream port: 2<\/td>\n<\/tr>\n<tr>\n<td>\u0095 usb type-a downstream version: 2.0<\/td>\n<\/tr>\n<tr>\n<td>\u0095 hdcp version (usb-c): 2.2<\/td>\n<\/tr>\n<tr>\n<td>\u0095 red inal\u00e1mbrica integrada: s\u00ed (wi-fi 5)<\/td>\n<\/tr>\n<tr>\n<td>\u0095 bluetooth: s\u00ed (5.2)<\/td>\n<\/tr>\n<tr>\n<td>\u0095 built-in camera: s\u00ed (12mp, mic)<\/td>\n<\/tr>\n<tr>\n<td>Audio<\/td>\n<\/tr>\n<tr>\n<td>\u0095 altavoces: s\u00ed<\/td>\n<\/tr>\n<tr>\n<td>\u0095 speaker output: 10w<\/td>\n<\/tr>\n<tr>\n<td>\u0095 adaptive sound: adaptive sound pro<\/td>\n<\/tr>\n<tr>\n<td>Condiciones de operaci\u00f3n<\/td>\n<\/tr>\n<tr>\n<td>\u0095 temperatura: 10 ~ 40  and #8451;<\/td>\n<\/tr>\n<tr>\n<td>\u0095 humedad: 10 &#8211; 80 (sin condensaci\u00f3n)<\/td>\n<\/tr>\n<tr>\n<td>Calibraci\u00f3n<\/td>\n<\/tr>\n<tr>\n<td>\u0095 ajustes de f\u00e1brica: s\u00ed<\/td>\n<\/tr>\n<tr>\n<td>\u0095 reporte de calibraci\u00f3n de f\u00e1brica: s\u00ed<\/td>\n<\/tr>\n<tr>\n<td>Dise\u00f1o<\/td>\n<\/tr>\n<tr>\n<td>\u0095 color frontal: plata carbono<\/td>\n<\/tr>\n<tr>\n<td>\u0095 rear color: plata eclipse<\/td>\n<\/tr>\n<tr>\n<td>\u0095 stand color: plata eclipse<\/td>\n<\/tr>\n<tr>\n<td>\u0095 tipo de base: has pivot<\/td>\n<\/tr>\n<tr>\n<td>\u0095 base de altura ajustable: 120.0 mm (\u00b15.0 mm)<\/td>\n<\/tr>\n<tr>\n<td>\u0095 inclinaci\u00f3n: -2 and #730;(\u00b12 and #730;) ~ 25 and #730;(\u00b12 and #730;)<\/td>\n<\/tr>\n<tr>\n<td>\u0095 pivote: -92 and #730;(\u00b12 and #730;) ~ 92 and #730;(\u00b12 and #730;)<\/td>\n<\/tr>\n<tr>\n<td>\u0095 montura de pared: 100 x 100<\/td>\n<\/tr>\n<tr>\n<td>Eco<\/td>\n<\/tr>\n<tr>\n<td>\u0095 pl\u00e1stico reciclado: 20%<\/td>\n<\/tr>\n<tr>\n<td>Alimentaci\u00f3n<\/td>\n<\/tr>\n<tr>\n<td>\u0095 alimentaci\u00f3n: ac 100 &#8211; 240 v (50\/60 hz)<\/td>\n<\/tr>\n<tr>\n<td>\u0095 consumo de energ\u00eda (m\u00e1ximo): 240 w<\/td>\n<\/tr>\n<tr>\n<td>\u0095 tipo: adaptador externo<\/td>\n<\/tr>\n<tr>\n<td>Dimensiones<\/td>\n<\/tr>\n<tr>\n<td>\u0095 dimensiones del equipo con base (a x al x p): 717.2 x 601.6 x 200.0 mm<\/td>\n<\/tr>\n<tr>\n<td>\u0095 dimensiones del equipo sin base (a x al x p): 717.2 x 432.3 x 42.5 mm<\/td>\n<\/tr>\n<tr>\n<td>\u0095 dimensiones del paquete (a x al x p): 909.0 x 124.0 x 515.0 mm<\/td>\n<\/tr>\n<tr>\n<td>Peso (g)<\/td>\n<\/tr>\n<tr>\n<td>\u0095 peso del equipo con base: 8.4 kg<\/td>\n<\/tr>\n<tr>\n<td>\u0095 peso del equipo sin base: 5.3 kg<\/td>\n<\/tr>\n<tr>\n<td>\u0095 peso del paquete: 12.3 kg<\/td>\n<\/tr>\n<tr>\n<td>Accesorios<\/td>\n<\/tr>\n<tr>\n<td>\u0095 longitud del cable de alimentaci\u00f3n: 1.5 m<\/td>\n<\/tr>\n<tr>\n<td>\u0095 cable hdmi: s\u00ed<\/td>\n<\/tr>\n<tr>\n<td>\u0095 remote controller: s\u00ed<\/td>\n<\/tr>\n<tr>\n<td>Certificaci\u00f3n y conformidad<\/td>\n<\/tr>\n<tr>\n<td>\u0095 ul glare free: s\u00ed<\/td>\n<\/tr>\n<tr>\n<td>\u0095 pantone validated: s\u00ed<\/td>\n<\/tr>\n<\/table>\n","protected":false},"excerpt":{"rendered":"<p>Sum\u00e9rgete en una calidad de imagen asombrosa. La tecnolog\u00eda qd-oled produce negros profundos y un contraste de colores intenso que resaltan los detalles ultrafinos en resoluci\u00f3n 4k, lo que ofrece im\u00e1genes vibrantes y realistas.<\/p>\n","protected":false},"featured_media":0,"comment_status":"open","ping_status":"open","template":"","meta":[],"product_cat":[1740,1746],"product_tag":[1743],"acf":[],"yoast_head":"<!-- This site is optimized with the Yoast SEO plugin v21.7 - https:\/\/yoast.com\/wordpress\/plugins\/seo\/ -->\n<title>[ Samsung ] &#129351; Ls32fm902slxzx Monitor Led 32 Pulgadas \/smart Monitor M9 \/4k (3840 X 2160)\/ Oled \/ Plano \/dp\/ Hdmi \/ Bt \/ Wifi\/ Usb-c\/ Web Cam\/ 165 Hz \/plata<\/title>\n<meta name=\"description\" content=\"Compra Ls32fm902slxzx Monitor Led 32 Pulgadas \/smart Monitor M9 \/4k (3840 X 2160)\/ Oled \/ Plano \/dp\/ Hdmi \/ Bt \/ Wifi\/ Usb-c\/ Web Cam\/ 165 Hz \/plata + Env\u00edo a domicilio + Pago seguro + Garant\u00eda\" \/>\n<meta name=\"robots\" content=\"index, follow, max-snippet:-1, max-image-preview:large, max-video-preview:-1\" \/>\n<link rel=\"canonical\" href=\"https:\/\/compuviper.mx\/tienda\/producto\/samsung-ls32fm902slxzx-monitor-led-32-pulgadas-smart-monitor-m9-4k-3840-x-2160-oled-plano-dp-hdmi-bt-wifi-usb-c-web-cam-165-hz-plata\/\" \/>\n<meta property=\"og:locale\" content=\"es_MX\" \/>\n<meta property=\"og:type\" content=\"article\" \/>\n<meta property=\"og:title\" content=\"[ Samsung ] &#129351; Ls32fm902slxzx Monitor Led 32 Pulgadas \/smart Monitor M9 \/4k (3840 X 2160)\/ Oled \/ Plano \/dp\/ Hdmi \/ Bt \/ Wifi\/ Usb-c\/ Web Cam\/ 165 Hz \/plata\" \/>\n<meta property=\"og:description\" content=\"Compra Ls32fm902slxzx Monitor Led 32 Pulgadas \/smart Monitor M9 \/4k (3840 X 2160)\/ Oled \/ Plano \/dp\/ Hdmi \/ Bt \/ Wifi\/ Usb-c\/ Web Cam\/ 165 Hz \/plata + Env\u00edo a domicilio + Pago seguro + Garant\u00eda\" \/>\n<meta property=\"og:url\" content=\"https:\/\/compuviper.mx\/tienda\/producto\/samsung-ls32fm902slxzx-monitor-led-32-pulgadas-smart-monitor-m9-4k-3840-x-2160-oled-plano-dp-hdmi-bt-wifi-usb-c-web-cam-165-hz-plata\/\" \/>\n<meta property=\"og:site_name\" content=\"Compuviper\" \/>\n<meta property=\"article:publisher\" content=\"https:\/\/www.facebook.com\/compuviper\" \/>\n<meta name=\"twitter:card\" content=\"summary_large_image\" \/>\n<meta name=\"twitter:label1\" content=\"Precio\" \/>\n\t<meta name=\"twitter:data1\" content=\"&#36;22,641 con IVA\" \/>\n\t<meta name=\"twitter:label2\" content=\"Availability\" \/>\n\t<meta name=\"twitter:data2\" content=\"On backorder\" \/>\n<script type=\"application\/ld+json\" class=\"yoast-schema-graph\">{\"@context\":\"https:\/\/schema.org\",\"@graph\":[{\"@type\":\"WebPage\",\"@id\":\"https:\/\/compuviper.mx\/tienda\/producto\/samsung-ls32fm902slxzx-monitor-led-32-pulgadas-smart-monitor-m9-4k-3840-x-2160-oled-plano-dp-hdmi-bt-wifi-usb-c-web-cam-165-hz-plata\/\",\"url\":\"https:\/\/compuviper.mx\/tienda\/producto\/samsung-ls32fm902slxzx-monitor-led-32-pulgadas-smart-monitor-m9-4k-3840-x-2160-oled-plano-dp-hdmi-bt-wifi-usb-c-web-cam-165-hz-plata\/\",\"name\":\"[ Samsung ] &#129351; Ls32fm902slxzx Monitor Led 32 Pulgadas \/smart Monitor M9 \/4k (3840 X 2160)\/ Oled \/ Plano \/dp\/ Hdmi \/ Bt \/ Wifi\/ Usb-c\/ Web Cam\/ 165 Hz \/plata\",\"isPartOf\":{\"@id\":\"https:\/\/compuviper.mx\/tienda\/#website\"},\"datePublished\":\"2026-04-10T06:50:53+00:00\",\"dateModified\":\"2026-04-10T06:50:53+00:00\",\"description\":\"Compra Ls32fm902slxzx Monitor Led 32 Pulgadas \/smart Monitor M9 \/4k (3840 X 2160)\/ Oled \/ Plano \/dp\/ Hdmi \/ Bt \/ Wifi\/ Usb-c\/ Web Cam\/ 165 Hz \/plata + Env\u00edo a domicilio + Pago seguro + Garant\u00eda\",\"breadcrumb\":{\"@id\":\"https:\/\/compuviper.mx\/tienda\/producto\/samsung-ls32fm902slxzx-monitor-led-32-pulgadas-smart-monitor-m9-4k-3840-x-2160-oled-plano-dp-hdmi-bt-wifi-usb-c-web-cam-165-hz-plata\/#breadcrumb\"},\"inLanguage\":\"es-MX\",\"potentialAction\":[{\"@type\":\"ReadAction\",\"target\":[\"https:\/\/compuviper.mx\/tienda\/producto\/samsung-ls32fm902slxzx-monitor-led-32-pulgadas-smart-monitor-m9-4k-3840-x-2160-oled-plano-dp-hdmi-bt-wifi-usb-c-web-cam-165-hz-plata\/\"]}]},{\"@type\":\"BreadcrumbList\",\"@id\":\"https:\/\/compuviper.mx\/tienda\/producto\/samsung-ls32fm902slxzx-monitor-led-32-pulgadas-smart-monitor-m9-4k-3840-x-2160-oled-plano-dp-hdmi-bt-wifi-usb-c-web-cam-165-hz-plata\/#breadcrumb\",\"itemListElement\":[{\"@type\":\"ListItem\",\"position\":1,\"name\":\"Inicio\",\"item\":\"https:\/\/compuviper.mx\/tienda\/\"},{\"@type\":\"ListItem\",\"position\":2,\"name\":\"Productos\",\"item\":\"https:\/\/compuviper.mx\/tienda\/productos\/\"},{\"@type\":\"ListItem\",\"position\":3,\"name\":\"Monitores\",\"item\":\"https:\/\/compuviper.mx\/tienda\/categoria-producto\/monitores\/\"},{\"@type\":\"ListItem\",\"position\":4,\"name\":\"Lcd\",\"item\":\"https:\/\/compuviper.mx\/tienda\/categoria-producto\/monitores\/lcd\/\"},{\"@type\":\"ListItem\",\"position\":5,\"name\":\"Samsung Ls32fm902slxzx Monitor Led 32 Pulgadas \/smart Monitor M9 \/4k (3840 X 2160)\/ Oled \/ Plano \/dp\/ Hdmi \/ Bt \/ Wifi\/ Usb-c\/ Web Cam\/ 165 Hz \/plata\"}]},{\"@type\":\"WebSite\",\"@id\":\"https:\/\/compuviper.mx\/tienda\/#website\",\"url\":\"https:\/\/compuviper.mx\/tienda\/\",\"name\":\"Compuviper\",\"description\":\"Proveedor de Computadoras, Laptops, Servidores, Monitores, Puntos de Venta, Teclados,   Impresoras, T\u00f3ner, C\u00e1maras de Seguridad y m\u00e1s en tu tienda en l\u00ednea\",\"publisher\":{\"@id\":\"https:\/\/compuviper.mx\/tienda\/#organization\"},\"potentialAction\":[{\"@type\":\"SearchAction\",\"target\":{\"@type\":\"EntryPoint\",\"urlTemplate\":\"https:\/\/compuviper.mx\/tienda\/?s={search_term_string}\"},\"query-input\":\"required name=search_term_string\"}],\"inLanguage\":\"es-MX\"},{\"@type\":\"Organization\",\"@id\":\"https:\/\/compuviper.mx\/tienda\/#organization\",\"name\":\"Compuviper\",\"url\":\"https:\/\/compuviper.mx\/tienda\/\",\"logo\":{\"@type\":\"ImageObject\",\"inLanguage\":\"es-MX\",\"@id\":\"https:\/\/compuviper.mx\/tienda\/#\/schema\/logo\/image\/\",\"url\":\"https:\/\/compuviper.mx\/tienda\/wp-content\/uploads\/2021\/08\/Logo-Compuviper-10.png\",\"contentUrl\":\"https:\/\/compuviper.mx\/tienda\/wp-content\/uploads\/2021\/08\/Logo-Compuviper-10.png\",\"width\":1000,\"height\":500,\"caption\":\"Compuviper\"},\"image\":{\"@id\":\"https:\/\/compuviper.mx\/tienda\/#\/schema\/logo\/image\/\"},\"sameAs\":[\"https:\/\/www.facebook.com\/compuviper\",\"https:\/\/www.youtube.com\/channel\/UCf73dERp9Y3cfOq7q8BhLjA?view_as=subscriber\"]}]}<\/script>\n<meta property=\"product:brand\" content=\"SAMSUNG\" \/>\n<meta property=\"product:price:amount\" content=\"22641\" \/>\n<meta property=\"product:price:currency\" content=\"MXN\" \/>\n<meta property=\"og:availability\" content=\"backorder\" \/>\n<meta property=\"product:availability\" content=\"available for order\" \/>\n<meta property=\"product:retailer_item_id\" content=\"LS32FM902SLXZX\" \/>\n<meta property=\"product:condition\" content=\"new\" \/>\n<!-- \/ Yoast SEO plugin. -->","yoast_head_json":{"title":"[ Samsung ] &#129351; Ls32fm902slxzx Monitor Led 32 Pulgadas \/smart Monitor M9 \/4k (3840 X 2160)\/ Oled \/ Plano \/dp\/ Hdmi \/ Bt \/ Wifi\/ Usb-c\/ Web Cam\/ 165 Hz \/plata","description":"Compra Ls32fm902slxzx Monitor Led 32 Pulgadas \/smart Monitor M9 \/4k (3840 X 2160)\/ Oled \/ Plano \/dp\/ Hdmi \/ Bt \/ Wifi\/ Usb-c\/ Web Cam\/ 165 Hz \/plata + Env\u00edo a domicilio + Pago seguro + Garant\u00eda","robots":{"index":"index","follow":"follow","max-snippet":"max-snippet:-1","max-image-preview":"max-image-preview:large","max-video-preview":"max-video-preview:-1"},"canonical":"https:\/\/compuviper.mx\/tienda\/producto\/samsung-ls32fm902slxzx-monitor-led-32-pulgadas-smart-monitor-m9-4k-3840-x-2160-oled-plano-dp-hdmi-bt-wifi-usb-c-web-cam-165-hz-plata\/","og_locale":"es_MX","og_type":"article","og_title":"[ Samsung ] &#129351; Ls32fm902slxzx Monitor Led 32 Pulgadas \/smart Monitor M9 \/4k (3840 X 2160)\/ Oled \/ Plano \/dp\/ Hdmi \/ Bt \/ Wifi\/ Usb-c\/ Web Cam\/ 165 Hz \/plata","og_description":"Compra Ls32fm902slxzx Monitor Led 32 Pulgadas \/smart Monitor M9 \/4k (3840 X 2160)\/ Oled \/ Plano \/dp\/ Hdmi \/ Bt \/ Wifi\/ Usb-c\/ Web Cam\/ 165 Hz \/plata + Env\u00edo a domicilio + Pago seguro + Garant\u00eda","og_url":"https:\/\/compuviper.mx\/tienda\/producto\/samsung-ls32fm902slxzx-monitor-led-32-pulgadas-smart-monitor-m9-4k-3840-x-2160-oled-plano-dp-hdmi-bt-wifi-usb-c-web-cam-165-hz-plata\/","og_site_name":"Compuviper","article_publisher":"https:\/\/www.facebook.com\/compuviper","twitter_card":"summary_large_image","twitter_misc":{"Precio":"&#36;22,641 con IVA","Availability":"On backorder"},"schema":{"@context":"https:\/\/schema.org","@graph":[{"@type":"WebPage","@id":"https:\/\/compuviper.mx\/tienda\/producto\/samsung-ls32fm902slxzx-monitor-led-32-pulgadas-smart-monitor-m9-4k-3840-x-2160-oled-plano-dp-hdmi-bt-wifi-usb-c-web-cam-165-hz-plata\/","url":"https:\/\/compuviper.mx\/tienda\/producto\/samsung-ls32fm902slxzx-monitor-led-32-pulgadas-smart-monitor-m9-4k-3840-x-2160-oled-plano-dp-hdmi-bt-wifi-usb-c-web-cam-165-hz-plata\/","name":"[ Samsung ] &#129351; Ls32fm902slxzx Monitor Led 32 Pulgadas \/smart Monitor M9 \/4k (3840 X 2160)\/ Oled \/ Plano \/dp\/ Hdmi \/ Bt \/ Wifi\/ Usb-c\/ Web Cam\/ 165 Hz \/plata","isPartOf":{"@id":"https:\/\/compuviper.mx\/tienda\/#website"},"datePublished":"2026-04-10T06:50:53+00:00","dateModified":"2026-04-10T06:50:53+00:00","description":"Compra Ls32fm902slxzx Monitor Led 32 Pulgadas \/smart Monitor M9 \/4k (3840 X 2160)\/ Oled \/ Plano \/dp\/ Hdmi \/ Bt \/ Wifi\/ Usb-c\/ Web Cam\/ 165 Hz \/plata + Env\u00edo a domicilio + Pago seguro + Garant\u00eda","breadcrumb":{"@id":"https:\/\/compuviper.mx\/tienda\/producto\/samsung-ls32fm902slxzx-monitor-led-32-pulgadas-smart-monitor-m9-4k-3840-x-2160-oled-plano-dp-hdmi-bt-wifi-usb-c-web-cam-165-hz-plata\/#breadcrumb"},"inLanguage":"es-MX","potentialAction":[{"@type":"ReadAction","target":["https:\/\/compuviper.mx\/tienda\/producto\/samsung-ls32fm902slxzx-monitor-led-32-pulgadas-smart-monitor-m9-4k-3840-x-2160-oled-plano-dp-hdmi-bt-wifi-usb-c-web-cam-165-hz-plata\/"]}]},{"@type":"BreadcrumbList","@id":"https:\/\/compuviper.mx\/tienda\/producto\/samsung-ls32fm902slxzx-monitor-led-32-pulgadas-smart-monitor-m9-4k-3840-x-2160-oled-plano-dp-hdmi-bt-wifi-usb-c-web-cam-165-hz-plata\/#breadcrumb","itemListElement":[{"@type":"ListItem","position":1,"name":"Inicio","item":"https:\/\/compuviper.mx\/tienda\/"},{"@type":"ListItem","position":2,"name":"Productos","item":"https:\/\/compuviper.mx\/tienda\/productos\/"},{"@type":"ListItem","position":3,"name":"Monitores","item":"https:\/\/compuviper.mx\/tienda\/categoria-producto\/monitores\/"},{"@type":"ListItem","position":4,"name":"Lcd","item":"https:\/\/compuviper.mx\/tienda\/categoria-producto\/monitores\/lcd\/"},{"@type":"ListItem","position":5,"name":"Samsung Ls32fm902slxzx Monitor Led 32 Pulgadas \/smart Monitor M9 \/4k (3840 X 2160)\/ Oled \/ Plano \/dp\/ Hdmi \/ Bt \/ Wifi\/ Usb-c\/ Web Cam\/ 165 Hz \/plata"}]},{"@type":"WebSite","@id":"https:\/\/compuviper.mx\/tienda\/#website","url":"https:\/\/compuviper.mx\/tienda\/","name":"Compuviper","description":"Proveedor de Computadoras, Laptops, Servidores, Monitores, Puntos de Venta, Teclados,   Impresoras, T\u00f3ner, C\u00e1maras de Seguridad y m\u00e1s en tu tienda en l\u00ednea","publisher":{"@id":"https:\/\/compuviper.mx\/tienda\/#organization"},"potentialAction":[{"@type":"SearchAction","target":{"@type":"EntryPoint","urlTemplate":"https:\/\/compuviper.mx\/tienda\/?s={search_term_string}"},"query-input":"required name=search_term_string"}],"inLanguage":"es-MX"},{"@type":"Organization","@id":"https:\/\/compuviper.mx\/tienda\/#organization","name":"Compuviper","url":"https:\/\/compuviper.mx\/tienda\/","logo":{"@type":"ImageObject","inLanguage":"es-MX","@id":"https:\/\/compuviper.mx\/tienda\/#\/schema\/logo\/image\/","url":"https:\/\/compuviper.mx\/tienda\/wp-content\/uploads\/2021\/08\/Logo-Compuviper-10.png","contentUrl":"https:\/\/compuviper.mx\/tienda\/wp-content\/uploads\/2021\/08\/Logo-Compuviper-10.png","width":1000,"height":500,"caption":"Compuviper"},"image":{"@id":"https:\/\/compuviper.mx\/tienda\/#\/schema\/logo\/image\/"},"sameAs":["https:\/\/www.facebook.com\/compuviper","https:\/\/www.youtube.com\/channel\/UCf73dERp9Y3cfOq7q8BhLjA?view_as=subscriber"]}]},"product_brand":"SAMSUNG","product_price_amount":"22641","product_price_currency":"MXN","og_availability":"backorder","product_availability":"available for order","product_retailer_item_id":"LS32FM902SLXZX","product_condition":"new"},"_links":{"self":[{"href":"https:\/\/compuviper.mx\/tienda\/wp-json\/wp\/v2\/product\/265716"}],"collection":[{"href":"https:\/\/compuviper.mx\/tienda\/wp-json\/wp\/v2\/product"}],"about":[{"href":"https:\/\/compuviper.mx\/tienda\/wp-json\/wp\/v2\/types\/product"}],"replies":[{"embeddable":true,"href":"https:\/\/compuviper.mx\/tienda\/wp-json\/wp\/v2\/comments?post=265716"}],"wp:attachment":[{"href":"https:\/\/compuviper.mx\/tienda\/wp-json\/wp\/v2\/media?parent=265716"}],"wp:term":[{"taxonomy":"product_cat","embeddable":true,"href":"https:\/\/compuviper.mx\/tienda\/wp-json\/wp\/v2\/product_cat?post=265716"},{"taxonomy":"product_tag","embeddable":true,"href":"https:\/\/compuviper.mx\/tienda\/wp-json\/wp\/v2\/product_tag?post=265716"}],"curies":[{"name":"wp","href":"https:\/\/api.w.org\/{rel}","templated":true}]}}