{"id":265686,"date":"2026-04-17T01:48:17","date_gmt":"2026-04-17T07:48:17","guid":{"rendered":"https:\/\/compuviper.mx\/tienda\/producto\/dataproducts-28-baa-6571-impresora-dascom-dc-340-de-credenciales-de-transferencia-por-sublimacion-de-tinta-directa-simplex-velocidad-de-165-tarjetaspor-hora-a-color-o-590-tarjetas-por-hora-en-monoc\/"},"modified":"2026-04-17T01:48:17","modified_gmt":"2026-04-17T07:48:17","slug":"dataproducts-28-baa-6571-impresora-dascom-dc-340-de-credenciales-pvc-sublimacion-300-x-600-dpi-usb-simplex-incluye-software-de-edicion-card-editor-version-basica","status":"publish","type":"product","link":"https:\/\/compuviper.mx\/tienda\/producto\/dataproducts-28-baa-6571-impresora-dascom-dc-340-de-credenciales-pvc-sublimacion-300-x-600-dpi-usb-simplex-incluye-software-de-edicion-card-editor-version-basica\/","title":{"rendered":"Dataproducts 28.baa.6571 Impresora Dascom Dc-340, De Credenciales Pvc, Sublimacion, 300 X 600 Dpi, Usb, Simplex, Incluye Software De Edicion Card Editor Version Basica"},"content":{"rendered":"<table class=\"descripcion\">\n<tr>\n<td>Caracteristicas destacadas: configuracion plug and play, incluye 100 tarjetas en blanco y cinta ymcko incluidas. cmabio de cinta facil: mantenimiento sin complicaciones para una impresion ininterrumpida. elegancia compacta: se adapta perfectamente a cualquier espacio de trabajo sin comprometer el estilo definido. impresion rapida y eficiente: ahorre tiempo con velocidades de impresion rapidas. software cardeditor:  cree tarjetas de identificacion de alta calidad sin esfuerzo.<\/td>\n<\/tr>\n<\/table>\n","protected":false},"excerpt":{"rendered":"<p>La version starter le ofrece todo lo necesario para una impresion de tarjetas rapida y sencilla. Con un precio economico y una excelente relacion calidad-precio, la dc-340 es practicamente plug and play, ya que incluye tarjetas en blanco para el alimentador de entrada con capacidad para 100 tarjetas. Tambien incluye una cinta ymcko diseada para una operacion sencilla, lo que permite cambiarla continuamente de forma rapida y sencilla. El software cardeditor, que complementa el paquete, le permite imprimir tarjetas de forma rapida, eficiente y sencilla.<\/p>\n","protected":false},"featured_media":0,"comment_status":"open","ping_status":"open","template":"","meta":[],"product_cat":[1777,2134],"product_tag":[1647],"acf":[],"yoast_head":"<!-- This site is optimized with the Yoast SEO plugin v21.7 - https:\/\/yoast.com\/wordpress\/plugins\/seo\/ -->\n<title>[ Dataproducts ] &#129351; 28.baa.6571 Impresora Dascom Dc-340, De Credenciales Pvc, Sublimacion, 300 X 600 Dpi, Usb, Simplex, Incluye Software De Edicion Card Editor Version Basica<\/title>\n<meta name=\"description\" content=\"Compra 28.baa.6571 Impresora Dascom Dc-340, De Credenciales Pvc, Sublimacion, 300 X 600 Dpi, Usb, Simplex, Incluye Software De Edicion Card Editor Version Basica + Env\u00edo a domicilio + Pago seguro + Garant\u00eda\" \/>\n<meta name=\"robots\" content=\"index, follow, max-snippet:-1, max-image-preview:large, max-video-preview:-1\" \/>\n<link rel=\"canonical\" href=\"https:\/\/compuviper.mx\/tienda\/producto\/dataproducts-28-baa-6571-impresora-dascom-dc-340-de-credenciales-pvc-sublimacion-300-x-600-dpi-usb-simplex-incluye-software-de-edicion-card-editor-version-basica\/\" \/>\n<meta property=\"og:locale\" content=\"es_MX\" \/>\n<meta property=\"og:type\" content=\"article\" \/>\n<meta property=\"og:title\" content=\"[ Dataproducts ] &#129351; 28.baa.6571 Impresora Dascom Dc-340, De Credenciales Pvc, Sublimacion, 300 X 600 Dpi, Usb, Simplex, Incluye Software De Edicion Card Editor Version Basica\" \/>\n<meta property=\"og:description\" content=\"Compra 28.baa.6571 Impresora Dascom Dc-340, De Credenciales Pvc, Sublimacion, 300 X 600 Dpi, Usb, Simplex, Incluye Software De Edicion Card Editor Version Basica + Env\u00edo a domicilio + Pago seguro + Garant\u00eda\" \/>\n<meta property=\"og:url\" content=\"https:\/\/compuviper.mx\/tienda\/producto\/dataproducts-28-baa-6571-impresora-dascom-dc-340-de-credenciales-pvc-sublimacion-300-x-600-dpi-usb-simplex-incluye-software-de-edicion-card-editor-version-basica\/\" \/>\n<meta property=\"og:site_name\" content=\"Compuviper\" \/>\n<meta property=\"article:publisher\" content=\"https:\/\/www.facebook.com\/compuviper\" \/>\n<meta name=\"twitter:card\" content=\"summary_large_image\" \/>\n<meta name=\"twitter:label1\" content=\"Precio\" \/>\n\t<meta name=\"twitter:data1\" content=\"&#36;14,156 con IVA\" \/>\n\t<meta name=\"twitter:label2\" content=\"Availability\" \/>\n\t<meta name=\"twitter:data2\" content=\"Out of stock\" \/>\n<script type=\"application\/ld+json\" class=\"yoast-schema-graph\">{\"@context\":\"https:\/\/schema.org\",\"@graph\":[{\"@type\":\"WebPage\",\"@id\":\"https:\/\/compuviper.mx\/tienda\/producto\/dataproducts-28-baa-6571-impresora-dascom-dc-340-de-credenciales-pvc-sublimacion-300-x-600-dpi-usb-simplex-incluye-software-de-edicion-card-editor-version-basica\/\",\"url\":\"https:\/\/compuviper.mx\/tienda\/producto\/dataproducts-28-baa-6571-impresora-dascom-dc-340-de-credenciales-pvc-sublimacion-300-x-600-dpi-usb-simplex-incluye-software-de-edicion-card-editor-version-basica\/\",\"name\":\"[ Dataproducts ] &#129351; 28.baa.6571 Impresora Dascom Dc-340, De Credenciales Pvc, Sublimacion, 300 X 600 Dpi, Usb, Simplex, Incluye Software De Edicion Card Editor Version Basica\",\"isPartOf\":{\"@id\":\"https:\/\/compuviper.mx\/tienda\/#website\"},\"datePublished\":\"2026-04-17T07:48:17+00:00\",\"dateModified\":\"2026-04-17T07:48:17+00:00\",\"description\":\"Compra 28.baa.6571 Impresora Dascom Dc-340, De Credenciales Pvc, Sublimacion, 300 X 600 Dpi, Usb, Simplex, Incluye Software De Edicion Card Editor Version Basica + Env\u00edo a domicilio + Pago seguro + Garant\u00eda\",\"breadcrumb\":{\"@id\":\"https:\/\/compuviper.mx\/tienda\/producto\/dataproducts-28-baa-6571-impresora-dascom-dc-340-de-credenciales-pvc-sublimacion-300-x-600-dpi-usb-simplex-incluye-software-de-edicion-card-editor-version-basica\/#breadcrumb\"},\"inLanguage\":\"es-MX\",\"potentialAction\":[{\"@type\":\"ReadAction\",\"target\":[\"https:\/\/compuviper.mx\/tienda\/producto\/dataproducts-28-baa-6571-impresora-dascom-dc-340-de-credenciales-pvc-sublimacion-300-x-600-dpi-usb-simplex-incluye-software-de-edicion-card-editor-version-basica\/\"]}]},{\"@type\":\"BreadcrumbList\",\"@id\":\"https:\/\/compuviper.mx\/tienda\/producto\/dataproducts-28-baa-6571-impresora-dascom-dc-340-de-credenciales-pvc-sublimacion-300-x-600-dpi-usb-simplex-incluye-software-de-edicion-card-editor-version-basica\/#breadcrumb\",\"itemListElement\":[{\"@type\":\"ListItem\",\"position\":1,\"name\":\"Inicio\",\"item\":\"https:\/\/compuviper.mx\/tienda\/\"},{\"@type\":\"ListItem\",\"position\":2,\"name\":\"Productos\",\"item\":\"https:\/\/compuviper.mx\/tienda\/productos\/\"},{\"@type\":\"ListItem\",\"position\":3,\"name\":\"Impresoras\",\"item\":\"https:\/\/compuviper.mx\/tienda\/categoria-producto\/impresoras\/\"},{\"@type\":\"ListItem\",\"position\":4,\"name\":\"Tarjetas Pvc\",\"item\":\"https:\/\/compuviper.mx\/tienda\/categoria-producto\/impresoras\/tarjetas-pvc\/\"},{\"@type\":\"ListItem\",\"position\":5,\"name\":\"Dataproducts 28.baa.6571 Impresora Dascom Dc-340, De Credenciales Pvc, Sublimacion, 300 X 600 Dpi, Usb, Simplex, Incluye Software De Edicion Card Editor Version Basica\"}]},{\"@type\":\"WebSite\",\"@id\":\"https:\/\/compuviper.mx\/tienda\/#website\",\"url\":\"https:\/\/compuviper.mx\/tienda\/\",\"name\":\"Compuviper\",\"description\":\"Proveedor de Computadoras, Laptops, Servidores, Monitores, Puntos de Venta, Teclados,   Impresoras, T\u00f3ner, C\u00e1maras de Seguridad y m\u00e1s en tu tienda en l\u00ednea\",\"publisher\":{\"@id\":\"https:\/\/compuviper.mx\/tienda\/#organization\"},\"potentialAction\":[{\"@type\":\"SearchAction\",\"target\":{\"@type\":\"EntryPoint\",\"urlTemplate\":\"https:\/\/compuviper.mx\/tienda\/?s={search_term_string}\"},\"query-input\":\"required name=search_term_string\"}],\"inLanguage\":\"es-MX\"},{\"@type\":\"Organization\",\"@id\":\"https:\/\/compuviper.mx\/tienda\/#organization\",\"name\":\"Compuviper\",\"url\":\"https:\/\/compuviper.mx\/tienda\/\",\"logo\":{\"@type\":\"ImageObject\",\"inLanguage\":\"es-MX\",\"@id\":\"https:\/\/compuviper.mx\/tienda\/#\/schema\/logo\/image\/\",\"url\":\"https:\/\/compuviper.mx\/tienda\/wp-content\/uploads\/2021\/08\/Logo-Compuviper-10.png\",\"contentUrl\":\"https:\/\/compuviper.mx\/tienda\/wp-content\/uploads\/2021\/08\/Logo-Compuviper-10.png\",\"width\":1000,\"height\":500,\"caption\":\"Compuviper\"},\"image\":{\"@id\":\"https:\/\/compuviper.mx\/tienda\/#\/schema\/logo\/image\/\"},\"sameAs\":[\"https:\/\/www.facebook.com\/compuviper\",\"https:\/\/www.youtube.com\/channel\/UCf73dERp9Y3cfOq7q8BhLjA?view_as=subscriber\"]}]}<\/script>\n<meta property=\"product:brand\" content=\"DATAPRODUCTS\" \/>\n<meta property=\"product:price:amount\" content=\"14156\" \/>\n<meta property=\"product:price:currency\" content=\"MXN\" \/>\n<meta property=\"og:availability\" content=\"out of stock\" \/>\n<meta property=\"product:availability\" content=\"out of stock\" \/>\n<meta property=\"product:retailer_item_id\" content=\"28.BAA.6571\" \/>\n<meta property=\"product:condition\" content=\"new\" \/>\n<!-- \/ Yoast SEO plugin. -->","yoast_head_json":{"title":"[ Dataproducts ] &#129351; 28.baa.6571 Impresora Dascom Dc-340, De Credenciales Pvc, Sublimacion, 300 X 600 Dpi, Usb, Simplex, Incluye Software De Edicion Card Editor Version Basica","description":"Compra 28.baa.6571 Impresora Dascom Dc-340, De Credenciales Pvc, Sublimacion, 300 X 600 Dpi, Usb, Simplex, Incluye Software De Edicion Card Editor Version Basica + Env\u00edo a domicilio + Pago seguro + Garant\u00eda","robots":{"index":"index","follow":"follow","max-snippet":"max-snippet:-1","max-image-preview":"max-image-preview:large","max-video-preview":"max-video-preview:-1"},"canonical":"https:\/\/compuviper.mx\/tienda\/producto\/dataproducts-28-baa-6571-impresora-dascom-dc-340-de-credenciales-pvc-sublimacion-300-x-600-dpi-usb-simplex-incluye-software-de-edicion-card-editor-version-basica\/","og_locale":"es_MX","og_type":"article","og_title":"[ Dataproducts ] &#129351; 28.baa.6571 Impresora Dascom Dc-340, De Credenciales Pvc, Sublimacion, 300 X 600 Dpi, Usb, Simplex, Incluye Software De Edicion Card Editor Version Basica","og_description":"Compra 28.baa.6571 Impresora Dascom Dc-340, De Credenciales Pvc, Sublimacion, 300 X 600 Dpi, Usb, Simplex, Incluye Software De Edicion Card Editor Version Basica + Env\u00edo a domicilio + Pago seguro + Garant\u00eda","og_url":"https:\/\/compuviper.mx\/tienda\/producto\/dataproducts-28-baa-6571-impresora-dascom-dc-340-de-credenciales-pvc-sublimacion-300-x-600-dpi-usb-simplex-incluye-software-de-edicion-card-editor-version-basica\/","og_site_name":"Compuviper","article_publisher":"https:\/\/www.facebook.com\/compuviper","twitter_card":"summary_large_image","twitter_misc":{"Precio":"&#36;14,156 con IVA","Availability":"Out of stock"},"schema":{"@context":"https:\/\/schema.org","@graph":[{"@type":"WebPage","@id":"https:\/\/compuviper.mx\/tienda\/producto\/dataproducts-28-baa-6571-impresora-dascom-dc-340-de-credenciales-pvc-sublimacion-300-x-600-dpi-usb-simplex-incluye-software-de-edicion-card-editor-version-basica\/","url":"https:\/\/compuviper.mx\/tienda\/producto\/dataproducts-28-baa-6571-impresora-dascom-dc-340-de-credenciales-pvc-sublimacion-300-x-600-dpi-usb-simplex-incluye-software-de-edicion-card-editor-version-basica\/","name":"[ Dataproducts ] &#129351; 28.baa.6571 Impresora Dascom Dc-340, De Credenciales Pvc, Sublimacion, 300 X 600 Dpi, Usb, Simplex, Incluye Software De Edicion Card Editor Version Basica","isPartOf":{"@id":"https:\/\/compuviper.mx\/tienda\/#website"},"datePublished":"2026-04-17T07:48:17+00:00","dateModified":"2026-04-17T07:48:17+00:00","description":"Compra 28.baa.6571 Impresora Dascom Dc-340, De Credenciales Pvc, Sublimacion, 300 X 600 Dpi, Usb, Simplex, Incluye Software De Edicion Card Editor Version Basica + Env\u00edo a domicilio + Pago seguro + Garant\u00eda","breadcrumb":{"@id":"https:\/\/compuviper.mx\/tienda\/producto\/dataproducts-28-baa-6571-impresora-dascom-dc-340-de-credenciales-pvc-sublimacion-300-x-600-dpi-usb-simplex-incluye-software-de-edicion-card-editor-version-basica\/#breadcrumb"},"inLanguage":"es-MX","potentialAction":[{"@type":"ReadAction","target":["https:\/\/compuviper.mx\/tienda\/producto\/dataproducts-28-baa-6571-impresora-dascom-dc-340-de-credenciales-pvc-sublimacion-300-x-600-dpi-usb-simplex-incluye-software-de-edicion-card-editor-version-basica\/"]}]},{"@type":"BreadcrumbList","@id":"https:\/\/compuviper.mx\/tienda\/producto\/dataproducts-28-baa-6571-impresora-dascom-dc-340-de-credenciales-pvc-sublimacion-300-x-600-dpi-usb-simplex-incluye-software-de-edicion-card-editor-version-basica\/#breadcrumb","itemListElement":[{"@type":"ListItem","position":1,"name":"Inicio","item":"https:\/\/compuviper.mx\/tienda\/"},{"@type":"ListItem","position":2,"name":"Productos","item":"https:\/\/compuviper.mx\/tienda\/productos\/"},{"@type":"ListItem","position":3,"name":"Impresoras","item":"https:\/\/compuviper.mx\/tienda\/categoria-producto\/impresoras\/"},{"@type":"ListItem","position":4,"name":"Tarjetas Pvc","item":"https:\/\/compuviper.mx\/tienda\/categoria-producto\/impresoras\/tarjetas-pvc\/"},{"@type":"ListItem","position":5,"name":"Dataproducts 28.baa.6571 Impresora Dascom Dc-340, De Credenciales Pvc, Sublimacion, 300 X 600 Dpi, Usb, Simplex, Incluye Software De Edicion Card Editor Version Basica"}]},{"@type":"WebSite","@id":"https:\/\/compuviper.mx\/tienda\/#website","url":"https:\/\/compuviper.mx\/tienda\/","name":"Compuviper","description":"Proveedor de Computadoras, Laptops, Servidores, Monitores, Puntos de Venta, Teclados,   Impresoras, T\u00f3ner, C\u00e1maras de Seguridad y m\u00e1s en tu tienda en l\u00ednea","publisher":{"@id":"https:\/\/compuviper.mx\/tienda\/#organization"},"potentialAction":[{"@type":"SearchAction","target":{"@type":"EntryPoint","urlTemplate":"https:\/\/compuviper.mx\/tienda\/?s={search_term_string}"},"query-input":"required name=search_term_string"}],"inLanguage":"es-MX"},{"@type":"Organization","@id":"https:\/\/compuviper.mx\/tienda\/#organization","name":"Compuviper","url":"https:\/\/compuviper.mx\/tienda\/","logo":{"@type":"ImageObject","inLanguage":"es-MX","@id":"https:\/\/compuviper.mx\/tienda\/#\/schema\/logo\/image\/","url":"https:\/\/compuviper.mx\/tienda\/wp-content\/uploads\/2021\/08\/Logo-Compuviper-10.png","contentUrl":"https:\/\/compuviper.mx\/tienda\/wp-content\/uploads\/2021\/08\/Logo-Compuviper-10.png","width":1000,"height":500,"caption":"Compuviper"},"image":{"@id":"https:\/\/compuviper.mx\/tienda\/#\/schema\/logo\/image\/"},"sameAs":["https:\/\/www.facebook.com\/compuviper","https:\/\/www.youtube.com\/channel\/UCf73dERp9Y3cfOq7q8BhLjA?view_as=subscriber"]}]},"product_brand":"DATAPRODUCTS","product_price_amount":"14156","product_price_currency":"MXN","og_availability":"out of stock","product_availability":"out of stock","product_retailer_item_id":"28.BAA.6571","product_condition":"new"},"_links":{"self":[{"href":"https:\/\/compuviper.mx\/tienda\/wp-json\/wp\/v2\/product\/265686"}],"collection":[{"href":"https:\/\/compuviper.mx\/tienda\/wp-json\/wp\/v2\/product"}],"about":[{"href":"https:\/\/compuviper.mx\/tienda\/wp-json\/wp\/v2\/types\/product"}],"replies":[{"embeddable":true,"href":"https:\/\/compuviper.mx\/tienda\/wp-json\/wp\/v2\/comments?post=265686"}],"wp:attachment":[{"href":"https:\/\/compuviper.mx\/tienda\/wp-json\/wp\/v2\/media?parent=265686"}],"wp:term":[{"taxonomy":"product_cat","embeddable":true,"href":"https:\/\/compuviper.mx\/tienda\/wp-json\/wp\/v2\/product_cat?post=265686"},{"taxonomy":"product_tag","embeddable":true,"href":"https:\/\/compuviper.mx\/tienda\/wp-json\/wp\/v2\/product_tag?post=265686"}],"curies":[{"name":"wp","href":"https:\/\/api.w.org\/{rel}","templated":true}]}}