{"id":265682,"date":"2026-04-02T01:30:50","date_gmt":"2026-04-02T07:30:50","guid":{"rendered":"https:\/\/compuviper.mx\/tienda\/producto\/dell-91m81-pc-pro-essential-intel-core-i5-14400-16-gb-ram-512gb-ssd-windows-11-pro-3-aos-garanta-basica\/"},"modified":"2026-04-02T01:30:51","modified_gmt":"2026-04-02T07:30:51","slug":"dell-91m81-pc-pro-slim-essential-intel-core-i5-14400-16-gb-ram-512gb-ssd-windows-11-pro-3-aos-garanta-basica","status":"publish","type":"product","link":"https:\/\/compuviper.mx\/tienda\/producto\/dell-91m81-pc-pro-slim-essential-intel-core-i5-14400-16-gb-ram-512gb-ssd-windows-11-pro-3-aos-garanta-basica\/","title":{"rendered":"Dell 91m81 Pc  Pro Slim Essential Intel Core I5 14400\/16 Gb Ram\/512gb Ssd\/ Windows 11 Pro\/ 3 A?os Garant?a Basica"},"content":{"rendered":"<table class=\"descripcion\">\n<tr>\n<td>Modelo: dell pro slim essential qvs1260<\/td>\n<\/tr>\n<tr>\n<td>N\u00famero de pieza: 91m81<\/td>\n<\/tr>\n<tr>\n<td>Upc: 884116674597<\/td>\n<\/tr>\n<tr>\n<td>Procesador: intel\u00ae core\u0099 i5-14400 (10 n\u00facleos, 16 hilos, 20 mb de cach\u00e9, hasta 4.7 ghz)<\/td>\n<\/tr>\n<tr>\n<td>Memoria ram: 16 gb (1 x 16 gb) ddr5, 4800 mt\/s<\/td>\n<\/tr>\n<tr>\n<td>Gr\u00e1ficos: intel\u00ae uhd graphics 730 (memoria compartida)<\/td>\n<\/tr>\n<tr>\n<td>Sistema operativo: windows 11 pro<\/td>\n<\/tr>\n<tr>\n<td>Almacenamiento \u00f3ptico: sin unidad de discos (no odd)<\/td>\n<\/tr>\n<tr>\n<td>Conectividad: tarjeta inal\u00e1mbrica mediatek wi-fi 6 mt7920 (2&#215;2, 802.11ax), mu-mimo y bluetooth\u00ae<\/td>\n<\/tr>\n<tr>\n<td>Teclado: teclado dell con cable &#8211; kb216 &#8211; espa\u00f1ol &#8211; negro<\/td>\n<\/tr>\n<tr>\n<td>Mouse: mouse dell con cable &#8211; ms116 &#8211; negro<\/td>\n<\/tr>\n<tr>\n<td>Energ\u00eda: fuente de poder de 180w<\/td>\n<\/tr>\n<tr>\n<td>Pantalla: no incluye monitor<\/td>\n<\/tr>\n<tr>\n<td>C\u00e1mara \/ micr\u00f3fono: dell pro slim essential con psu de 180w<\/td>\n<\/tr>\n<tr>\n<td>Garant\u00eda: 3 a\u00f1os de servicio b\u00e1sico en sitio tras diagn\u00f3stico remoto (soporte de hardware)<\/td>\n<\/tr>\n<\/table>\n","protected":false},"excerpt":{"rendered":"<p>Dell pro slim essential qvs1260: rendimiento de \u00faltima generaci\u00f3n para tu empresa. Impulsa la productividad de tu negocio con la dell pro slim essential qvs1260, una computadora de escritorio dise\u00f1ada para ofrecer potencia, eficiencia y fiabilidad en un formato optimizado. Equipada con la tecnolog\u00eda m\u00e1s reciente, es la herramienta ideal para profesionales que buscan un rendimiento fluido en multitarea y seguridad de nivel empresarial.<\/p>\n","protected":false},"featured_media":0,"comment_status":"open","ping_status":"open","template":"","meta":[],"product_cat":[1971,1972],"product_tag":[1537],"acf":[],"yoast_head":"<!-- This site is optimized with the Yoast SEO plugin v21.7 - https:\/\/yoast.com\/wordpress\/plugins\/seo\/ -->\n<title>[ Dell ] &#129351; 91m81 Pc Pro Slim Essential Intel Core I5 14400\/16 Gb Ram\/512gb Ssd\/ Windows 11 Pro\/ 3 A\u00f1os Garant\u00eda Basica<\/title>\n<meta name=\"description\" content=\"Compra 91m81 Pc Pro Slim Essential Intel Core I5 14400\/16 Gb Ram\/512gb Ssd\/ Windows 11 Pro\/ 3 A\u00f1os Garant\u00eda Basica + Env\u00edo a domicilio + Pago seguro + Garant\u00eda\" \/>\n<meta name=\"robots\" content=\"index, follow, max-snippet:-1, max-image-preview:large, max-video-preview:-1\" \/>\n<link rel=\"canonical\" href=\"https:\/\/compuviper.mx\/tienda\/producto\/dell-91m81-pc-pro-slim-essential-intel-core-i5-14400-16-gb-ram-512gb-ssd-windows-11-pro-3-aos-garanta-basica\/\" \/>\n<meta property=\"og:locale\" content=\"es_MX\" \/>\n<meta property=\"og:type\" content=\"article\" \/>\n<meta property=\"og:title\" content=\"[ Dell ] &#129351; 91m81 Pc Pro Slim Essential Intel Core I5 14400\/16 Gb Ram\/512gb Ssd\/ Windows 11 Pro\/ 3 A\u00f1os Garant\u00eda Basica\" \/>\n<meta property=\"og:description\" content=\"Compra 91m81 Pc Pro Slim Essential Intel Core I5 14400\/16 Gb Ram\/512gb Ssd\/ Windows 11 Pro\/ 3 A\u00f1os Garant\u00eda Basica + Env\u00edo a domicilio + Pago seguro + Garant\u00eda\" \/>\n<meta property=\"og:url\" content=\"https:\/\/compuviper.mx\/tienda\/producto\/dell-91m81-pc-pro-slim-essential-intel-core-i5-14400-16-gb-ram-512gb-ssd-windows-11-pro-3-aos-garanta-basica\/\" \/>\n<meta property=\"og:site_name\" content=\"Compuviper\" \/>\n<meta property=\"article:publisher\" content=\"https:\/\/www.facebook.com\/compuviper\" \/>\n<meta property=\"article:modified_time\" content=\"2026-04-02T07:30:51+00:00\" \/>\n<meta name=\"twitter:card\" content=\"summary_large_image\" \/>\n<meta name=\"twitter:label1\" content=\"Precio\" \/>\n\t<meta name=\"twitter:data1\" content=\"&#36;15,294 con IVA\" \/>\n\t<meta name=\"twitter:label2\" content=\"Availability\" \/>\n\t<meta name=\"twitter:data2\" content=\"Out of stock\" \/>\n<script type=\"application\/ld+json\" class=\"yoast-schema-graph\">{\"@context\":\"https:\/\/schema.org\",\"@graph\":[{\"@type\":\"WebPage\",\"@id\":\"https:\/\/compuviper.mx\/tienda\/producto\/dell-91m81-pc-pro-slim-essential-intel-core-i5-14400-16-gb-ram-512gb-ssd-windows-11-pro-3-aos-garanta-basica\/\",\"url\":\"https:\/\/compuviper.mx\/tienda\/producto\/dell-91m81-pc-pro-slim-essential-intel-core-i5-14400-16-gb-ram-512gb-ssd-windows-11-pro-3-aos-garanta-basica\/\",\"name\":\"[ Dell ] &#129351; 91m81 Pc Pro Slim Essential Intel Core I5 14400\/16 Gb Ram\/512gb Ssd\/ Windows 11 Pro\/ 3 A\u00f1os Garant\u00eda Basica\",\"isPartOf\":{\"@id\":\"https:\/\/compuviper.mx\/tienda\/#website\"},\"datePublished\":\"2026-04-02T07:30:50+00:00\",\"dateModified\":\"2026-04-02T07:30:51+00:00\",\"description\":\"Compra 91m81 Pc Pro Slim Essential Intel Core I5 14400\/16 Gb Ram\/512gb Ssd\/ Windows 11 Pro\/ 3 A\u00f1os Garant\u00eda Basica + Env\u00edo a domicilio + Pago seguro + Garant\u00eda\",\"breadcrumb\":{\"@id\":\"https:\/\/compuviper.mx\/tienda\/producto\/dell-91m81-pc-pro-slim-essential-intel-core-i5-14400-16-gb-ram-512gb-ssd-windows-11-pro-3-aos-garanta-basica\/#breadcrumb\"},\"inLanguage\":\"es-MX\",\"potentialAction\":[{\"@type\":\"ReadAction\",\"target\":[\"https:\/\/compuviper.mx\/tienda\/producto\/dell-91m81-pc-pro-slim-essential-intel-core-i5-14400-16-gb-ram-512gb-ssd-windows-11-pro-3-aos-garanta-basica\/\"]}]},{\"@type\":\"BreadcrumbList\",\"@id\":\"https:\/\/compuviper.mx\/tienda\/producto\/dell-91m81-pc-pro-slim-essential-intel-core-i5-14400-16-gb-ram-512gb-ssd-windows-11-pro-3-aos-garanta-basica\/#breadcrumb\",\"itemListElement\":[{\"@type\":\"ListItem\",\"position\":1,\"name\":\"Inicio\",\"item\":\"https:\/\/compuviper.mx\/tienda\/\"},{\"@type\":\"ListItem\",\"position\":2,\"name\":\"Productos\",\"item\":\"https:\/\/compuviper.mx\/tienda\/productos\/\"},{\"@type\":\"ListItem\",\"position\":3,\"name\":\"Computadoras\",\"item\":\"https:\/\/compuviper.mx\/tienda\/categoria-producto\/computadoras\/\"},{\"@type\":\"ListItem\",\"position\":4,\"name\":\"Desktop\",\"item\":\"https:\/\/compuviper.mx\/tienda\/categoria-producto\/computadoras\/desktop-computadoras\/\"},{\"@type\":\"ListItem\",\"position\":5,\"name\":\"Dell 91m81 Pc Pro Slim Essential Intel Core I5 14400\/16 Gb Ram\/512gb Ssd\/ Windows 11 Pro\/ 3 A?os Garant?a Basica\"}]},{\"@type\":\"WebSite\",\"@id\":\"https:\/\/compuviper.mx\/tienda\/#website\",\"url\":\"https:\/\/compuviper.mx\/tienda\/\",\"name\":\"Compuviper\",\"description\":\"Proveedor de Computadoras, Laptops, Servidores, Monitores, Puntos de Venta, Teclados,   Impresoras, T\u00f3ner, C\u00e1maras de Seguridad y m\u00e1s en tu tienda en l\u00ednea\",\"publisher\":{\"@id\":\"https:\/\/compuviper.mx\/tienda\/#organization\"},\"potentialAction\":[{\"@type\":\"SearchAction\",\"target\":{\"@type\":\"EntryPoint\",\"urlTemplate\":\"https:\/\/compuviper.mx\/tienda\/?s={search_term_string}\"},\"query-input\":\"required name=search_term_string\"}],\"inLanguage\":\"es-MX\"},{\"@type\":\"Organization\",\"@id\":\"https:\/\/compuviper.mx\/tienda\/#organization\",\"name\":\"Compuviper\",\"url\":\"https:\/\/compuviper.mx\/tienda\/\",\"logo\":{\"@type\":\"ImageObject\",\"inLanguage\":\"es-MX\",\"@id\":\"https:\/\/compuviper.mx\/tienda\/#\/schema\/logo\/image\/\",\"url\":\"https:\/\/compuviper.mx\/tienda\/wp-content\/uploads\/2021\/08\/Logo-Compuviper-10.png\",\"contentUrl\":\"https:\/\/compuviper.mx\/tienda\/wp-content\/uploads\/2021\/08\/Logo-Compuviper-10.png\",\"width\":1000,\"height\":500,\"caption\":\"Compuviper\"},\"image\":{\"@id\":\"https:\/\/compuviper.mx\/tienda\/#\/schema\/logo\/image\/\"},\"sameAs\":[\"https:\/\/www.facebook.com\/compuviper\",\"https:\/\/www.youtube.com\/channel\/UCf73dERp9Y3cfOq7q8BhLjA?view_as=subscriber\"]}]}<\/script>\n<meta property=\"product:brand\" content=\"DELL\" \/>\n<meta property=\"product:price:amount\" content=\"15294\" \/>\n<meta property=\"product:price:currency\" content=\"MXN\" \/>\n<meta property=\"og:availability\" content=\"out of stock\" \/>\n<meta property=\"product:availability\" content=\"out of stock\" \/>\n<meta property=\"product:retailer_item_id\" content=\"91M81\" \/>\n<meta property=\"product:condition\" content=\"new\" \/>\n<!-- \/ Yoast SEO plugin. -->","yoast_head_json":{"title":"[ Dell ] &#129351; 91m81 Pc Pro Slim Essential Intel Core I5 14400\/16 Gb Ram\/512gb Ssd\/ Windows 11 Pro\/ 3 A\u00f1os Garant\u00eda Basica","description":"Compra 91m81 Pc Pro Slim Essential Intel Core I5 14400\/16 Gb Ram\/512gb Ssd\/ Windows 11 Pro\/ 3 A\u00f1os Garant\u00eda Basica + Env\u00edo a domicilio + Pago seguro + Garant\u00eda","robots":{"index":"index","follow":"follow","max-snippet":"max-snippet:-1","max-image-preview":"max-image-preview:large","max-video-preview":"max-video-preview:-1"},"canonical":"https:\/\/compuviper.mx\/tienda\/producto\/dell-91m81-pc-pro-slim-essential-intel-core-i5-14400-16-gb-ram-512gb-ssd-windows-11-pro-3-aos-garanta-basica\/","og_locale":"es_MX","og_type":"article","og_title":"[ Dell ] &#129351; 91m81 Pc Pro Slim Essential Intel Core I5 14400\/16 Gb Ram\/512gb Ssd\/ Windows 11 Pro\/ 3 A\u00f1os Garant\u00eda Basica","og_description":"Compra 91m81 Pc Pro Slim Essential Intel Core I5 14400\/16 Gb Ram\/512gb Ssd\/ Windows 11 Pro\/ 3 A\u00f1os Garant\u00eda Basica + Env\u00edo a domicilio + Pago seguro + Garant\u00eda","og_url":"https:\/\/compuviper.mx\/tienda\/producto\/dell-91m81-pc-pro-slim-essential-intel-core-i5-14400-16-gb-ram-512gb-ssd-windows-11-pro-3-aos-garanta-basica\/","og_site_name":"Compuviper","article_publisher":"https:\/\/www.facebook.com\/compuviper","article_modified_time":"2026-04-02T07:30:51+00:00","twitter_card":"summary_large_image","twitter_misc":{"Precio":"&#36;15,294 con IVA","Availability":"Out of stock"},"schema":{"@context":"https:\/\/schema.org","@graph":[{"@type":"WebPage","@id":"https:\/\/compuviper.mx\/tienda\/producto\/dell-91m81-pc-pro-slim-essential-intel-core-i5-14400-16-gb-ram-512gb-ssd-windows-11-pro-3-aos-garanta-basica\/","url":"https:\/\/compuviper.mx\/tienda\/producto\/dell-91m81-pc-pro-slim-essential-intel-core-i5-14400-16-gb-ram-512gb-ssd-windows-11-pro-3-aos-garanta-basica\/","name":"[ Dell ] &#129351; 91m81 Pc Pro Slim Essential Intel Core I5 14400\/16 Gb Ram\/512gb Ssd\/ Windows 11 Pro\/ 3 A\u00f1os Garant\u00eda Basica","isPartOf":{"@id":"https:\/\/compuviper.mx\/tienda\/#website"},"datePublished":"2026-04-02T07:30:50+00:00","dateModified":"2026-04-02T07:30:51+00:00","description":"Compra 91m81 Pc Pro Slim Essential Intel Core I5 14400\/16 Gb Ram\/512gb Ssd\/ Windows 11 Pro\/ 3 A\u00f1os Garant\u00eda Basica + Env\u00edo a domicilio + Pago seguro + Garant\u00eda","breadcrumb":{"@id":"https:\/\/compuviper.mx\/tienda\/producto\/dell-91m81-pc-pro-slim-essential-intel-core-i5-14400-16-gb-ram-512gb-ssd-windows-11-pro-3-aos-garanta-basica\/#breadcrumb"},"inLanguage":"es-MX","potentialAction":[{"@type":"ReadAction","target":["https:\/\/compuviper.mx\/tienda\/producto\/dell-91m81-pc-pro-slim-essential-intel-core-i5-14400-16-gb-ram-512gb-ssd-windows-11-pro-3-aos-garanta-basica\/"]}]},{"@type":"BreadcrumbList","@id":"https:\/\/compuviper.mx\/tienda\/producto\/dell-91m81-pc-pro-slim-essential-intel-core-i5-14400-16-gb-ram-512gb-ssd-windows-11-pro-3-aos-garanta-basica\/#breadcrumb","itemListElement":[{"@type":"ListItem","position":1,"name":"Inicio","item":"https:\/\/compuviper.mx\/tienda\/"},{"@type":"ListItem","position":2,"name":"Productos","item":"https:\/\/compuviper.mx\/tienda\/productos\/"},{"@type":"ListItem","position":3,"name":"Computadoras","item":"https:\/\/compuviper.mx\/tienda\/categoria-producto\/computadoras\/"},{"@type":"ListItem","position":4,"name":"Desktop","item":"https:\/\/compuviper.mx\/tienda\/categoria-producto\/computadoras\/desktop-computadoras\/"},{"@type":"ListItem","position":5,"name":"Dell 91m81 Pc Pro Slim Essential Intel Core I5 14400\/16 Gb Ram\/512gb Ssd\/ Windows 11 Pro\/ 3 A?os Garant?a Basica"}]},{"@type":"WebSite","@id":"https:\/\/compuviper.mx\/tienda\/#website","url":"https:\/\/compuviper.mx\/tienda\/","name":"Compuviper","description":"Proveedor de Computadoras, Laptops, Servidores, Monitores, Puntos de Venta, Teclados,   Impresoras, T\u00f3ner, C\u00e1maras de Seguridad y m\u00e1s en tu tienda en l\u00ednea","publisher":{"@id":"https:\/\/compuviper.mx\/tienda\/#organization"},"potentialAction":[{"@type":"SearchAction","target":{"@type":"EntryPoint","urlTemplate":"https:\/\/compuviper.mx\/tienda\/?s={search_term_string}"},"query-input":"required name=search_term_string"}],"inLanguage":"es-MX"},{"@type":"Organization","@id":"https:\/\/compuviper.mx\/tienda\/#organization","name":"Compuviper","url":"https:\/\/compuviper.mx\/tienda\/","logo":{"@type":"ImageObject","inLanguage":"es-MX","@id":"https:\/\/compuviper.mx\/tienda\/#\/schema\/logo\/image\/","url":"https:\/\/compuviper.mx\/tienda\/wp-content\/uploads\/2021\/08\/Logo-Compuviper-10.png","contentUrl":"https:\/\/compuviper.mx\/tienda\/wp-content\/uploads\/2021\/08\/Logo-Compuviper-10.png","width":1000,"height":500,"caption":"Compuviper"},"image":{"@id":"https:\/\/compuviper.mx\/tienda\/#\/schema\/logo\/image\/"},"sameAs":["https:\/\/www.facebook.com\/compuviper","https:\/\/www.youtube.com\/channel\/UCf73dERp9Y3cfOq7q8BhLjA?view_as=subscriber"]}]},"product_brand":"DELL","product_price_amount":"15294","product_price_currency":"MXN","og_availability":"out of stock","product_availability":"out of stock","product_retailer_item_id":"91M81","product_condition":"new"},"_links":{"self":[{"href":"https:\/\/compuviper.mx\/tienda\/wp-json\/wp\/v2\/product\/265682"}],"collection":[{"href":"https:\/\/compuviper.mx\/tienda\/wp-json\/wp\/v2\/product"}],"about":[{"href":"https:\/\/compuviper.mx\/tienda\/wp-json\/wp\/v2\/types\/product"}],"replies":[{"embeddable":true,"href":"https:\/\/compuviper.mx\/tienda\/wp-json\/wp\/v2\/comments?post=265682"}],"wp:attachment":[{"href":"https:\/\/compuviper.mx\/tienda\/wp-json\/wp\/v2\/media?parent=265682"}],"wp:term":[{"taxonomy":"product_cat","embeddable":true,"href":"https:\/\/compuviper.mx\/tienda\/wp-json\/wp\/v2\/product_cat?post=265682"},{"taxonomy":"product_tag","embeddable":true,"href":"https:\/\/compuviper.mx\/tienda\/wp-json\/wp\/v2\/product_tag?post=265682"}],"curies":[{"name":"wp","href":"https:\/\/api.w.org\/{rel}","templated":true}]}}