{"id":265681,"date":"2026-04-25T01:13:07","date_gmt":"2026-04-25T07:13:07","guid":{"rendered":"https:\/\/compuviper.mx\/tienda\/producto\/lenovo-21rrs08500-laptop-workstation-p16-gen-3-core-ultra-9-275hx-64gb-ddr5-2tb-ssd-windows-11-pro-3y-on-site-nvidia-rtx-pro-4000\/"},"modified":"2026-04-25T01:13:07","modified_gmt":"2026-04-25T07:13:07","slug":"lenovo-21rrs08500-laptop-workstation-p16-gen-3-core-ultra-9-275hx-64gb-ddr5-2tb-ssd-windows-11-pro-3y-on-site-nvidia-rtx-pro-4000","status":"publish","type":"product","link":"https:\/\/compuviper.mx\/tienda\/producto\/lenovo-21rrs08500-laptop-workstation-p16-gen-3-core-ultra-9-275hx-64gb-ddr5-2tb-ssd-windows-11-pro-3y-on-site-nvidia-rtx-pro-4000\/","title":{"rendered":"Lenovo 21rrs08500 Laptop  Workstation P16 Gen 3 \/ Core Ultra 9 275hx  \/ 64gb Ddr5 \/  2tb Ssd \/  Windows 11 Pro \/ 3y On Site \/ Nvidia Rtx Pro 4000"},"content":{"rendered":"<table class=\"descripcion\">\n<tr>\n<td>\u0095  procesador: intel core ultra 9 275hx<\/td>\n<\/tr>\n<tr>\n<td>\u0095  memoria ram: 64 gb ddr5<\/td>\n<\/tr>\n<tr>\n<td>\u0095  almacenamiento: ssd 2 tb<\/td>\n<\/tr>\n<tr>\n<td>\u0095  tarjeta gr\u00e1fica: nvidia rtx 4000 ada (16 gb dedicados)<\/td>\n<\/tr>\n<tr>\n<td>\u0095  pantalla: 16 wuxga (1920&#215;1200)<\/td>\n<\/tr>\n<tr>\n<td>\u0095  sistema operativo: windows 11 pro (64 bits)<\/td>\n<\/tr>\n<tr>\n<td>\u0095  bater\u00eda: 99.9 wh (larga duraci\u00f3n)<\/td>\n<\/tr>\n<\/table>\n","protected":false},"excerpt":{"rendered":"<p>Dise\u00f1ada para profesionales que exigen el m\u00e1ximo rendimiento, la thinkpad p16 gen 3 integra procesador intel core ultra 9, tarjeta gr\u00e1fica nvidia rtx 4000 ada con 16 gb dedicados, 64 gb de memoria ddr5 y ssd de 2 tb. Este equipo es capaz de afrontar los proyectos m\u00e1s complejos en dise\u00f1o 3d, renderizado, simulaciones y an\u00e1lisis de datos.<\/p>\n","protected":false},"featured_media":0,"comment_status":"open","ping_status":"open","template":"","meta":[],"product_cat":[1886,1889],"product_tag":[1578],"acf":[],"yoast_head":"<!-- This site is optimized with the Yoast SEO plugin v21.7 - https:\/\/yoast.com\/wordpress\/plugins\/seo\/ -->\n<title>[ Lenovo ] &#129351; 21rrs08500 Laptop Workstation P16 Gen 3 \/ Core Ultra 9 275hx \/ 64gb Ddr5 \/ 2tb Ssd \/ Windows 11 Pro \/ 3y On Site \/ Nvidia Rtx Pro 4000<\/title>\n<meta name=\"description\" content=\"Compra 21rrs08500 Laptop Workstation P16 Gen 3 \/ Core Ultra 9 275hx \/ 64gb Ddr5 \/ 2tb Ssd \/ Windows 11 Pro \/ 3y On Site \/ Nvidia Rtx Pro 4000 + Env\u00edo a domicilio + Pago seguro + Garant\u00eda\" \/>\n<meta name=\"robots\" content=\"index, follow, max-snippet:-1, max-image-preview:large, max-video-preview:-1\" \/>\n<link rel=\"canonical\" href=\"https:\/\/compuviper.mx\/tienda\/producto\/lenovo-21rrs08500-laptop-workstation-p16-gen-3-core-ultra-9-275hx-64gb-ddr5-2tb-ssd-windows-11-pro-3y-on-site-nvidia-rtx-pro-4000\/\" \/>\n<meta property=\"og:locale\" content=\"es_MX\" \/>\n<meta property=\"og:type\" content=\"article\" \/>\n<meta property=\"og:title\" content=\"[ Lenovo ] &#129351; 21rrs08500 Laptop Workstation P16 Gen 3 \/ Core Ultra 9 275hx \/ 64gb Ddr5 \/ 2tb Ssd \/ Windows 11 Pro \/ 3y On Site \/ Nvidia Rtx Pro 4000\" \/>\n<meta property=\"og:description\" content=\"Compra 21rrs08500 Laptop Workstation P16 Gen 3 \/ Core Ultra 9 275hx \/ 64gb Ddr5 \/ 2tb Ssd \/ Windows 11 Pro \/ 3y On Site \/ Nvidia Rtx Pro 4000 + Env\u00edo a domicilio + Pago seguro + Garant\u00eda\" \/>\n<meta property=\"og:url\" content=\"https:\/\/compuviper.mx\/tienda\/producto\/lenovo-21rrs08500-laptop-workstation-p16-gen-3-core-ultra-9-275hx-64gb-ddr5-2tb-ssd-windows-11-pro-3y-on-site-nvidia-rtx-pro-4000\/\" \/>\n<meta property=\"og:site_name\" content=\"Compuviper\" \/>\n<meta property=\"article:publisher\" content=\"https:\/\/www.facebook.com\/compuviper\" \/>\n<meta name=\"twitter:card\" content=\"summary_large_image\" \/>\n<meta name=\"twitter:label1\" content=\"Precio\" \/>\n\t<meta name=\"twitter:data1\" content=\"&#36;102,152 con IVA\" \/>\n\t<meta name=\"twitter:label2\" content=\"Availability\" \/>\n\t<meta name=\"twitter:data2\" content=\"Out of stock\" \/>\n<script type=\"application\/ld+json\" class=\"yoast-schema-graph\">{\"@context\":\"https:\/\/schema.org\",\"@graph\":[{\"@type\":\"WebPage\",\"@id\":\"https:\/\/compuviper.mx\/tienda\/producto\/lenovo-21rrs08500-laptop-workstation-p16-gen-3-core-ultra-9-275hx-64gb-ddr5-2tb-ssd-windows-11-pro-3y-on-site-nvidia-rtx-pro-4000\/\",\"url\":\"https:\/\/compuviper.mx\/tienda\/producto\/lenovo-21rrs08500-laptop-workstation-p16-gen-3-core-ultra-9-275hx-64gb-ddr5-2tb-ssd-windows-11-pro-3y-on-site-nvidia-rtx-pro-4000\/\",\"name\":\"[ Lenovo ] &#129351; 21rrs08500 Laptop Workstation P16 Gen 3 \/ Core Ultra 9 275hx \/ 64gb Ddr5 \/ 2tb Ssd \/ Windows 11 Pro \/ 3y On Site \/ Nvidia Rtx Pro 4000\",\"isPartOf\":{\"@id\":\"https:\/\/compuviper.mx\/tienda\/#website\"},\"datePublished\":\"2026-04-25T07:13:07+00:00\",\"dateModified\":\"2026-04-25T07:13:07+00:00\",\"description\":\"Compra 21rrs08500 Laptop Workstation P16 Gen 3 \/ Core Ultra 9 275hx \/ 64gb Ddr5 \/ 2tb Ssd \/ Windows 11 Pro \/ 3y On Site \/ Nvidia Rtx Pro 4000 + Env\u00edo a domicilio + Pago seguro + Garant\u00eda\",\"breadcrumb\":{\"@id\":\"https:\/\/compuviper.mx\/tienda\/producto\/lenovo-21rrs08500-laptop-workstation-p16-gen-3-core-ultra-9-275hx-64gb-ddr5-2tb-ssd-windows-11-pro-3y-on-site-nvidia-rtx-pro-4000\/#breadcrumb\"},\"inLanguage\":\"es-MX\",\"potentialAction\":[{\"@type\":\"ReadAction\",\"target\":[\"https:\/\/compuviper.mx\/tienda\/producto\/lenovo-21rrs08500-laptop-workstation-p16-gen-3-core-ultra-9-275hx-64gb-ddr5-2tb-ssd-windows-11-pro-3y-on-site-nvidia-rtx-pro-4000\/\"]}]},{\"@type\":\"BreadcrumbList\",\"@id\":\"https:\/\/compuviper.mx\/tienda\/producto\/lenovo-21rrs08500-laptop-workstation-p16-gen-3-core-ultra-9-275hx-64gb-ddr5-2tb-ssd-windows-11-pro-3y-on-site-nvidia-rtx-pro-4000\/#breadcrumb\",\"itemListElement\":[{\"@type\":\"ListItem\",\"position\":1,\"name\":\"Inicio\",\"item\":\"https:\/\/compuviper.mx\/tienda\/\"},{\"@type\":\"ListItem\",\"position\":2,\"name\":\"Productos\",\"item\":\"https:\/\/compuviper.mx\/tienda\/productos\/\"},{\"@type\":\"ListItem\",\"position\":3,\"name\":\"Laptops\",\"item\":\"https:\/\/compuviper.mx\/tienda\/categoria-producto\/laptops\/\"},{\"@type\":\"ListItem\",\"position\":4,\"name\":\"Workstation\",\"item\":\"https:\/\/compuviper.mx\/tienda\/categoria-producto\/laptops\/workstation-laptops\/\"},{\"@type\":\"ListItem\",\"position\":5,\"name\":\"Lenovo 21rrs08500 Laptop Workstation P16 Gen 3 \/ Core Ultra 9 275hx \/ 64gb Ddr5 \/ 2tb Ssd \/ Windows 11 Pro \/ 3y On Site \/ Nvidia Rtx Pro 4000\"}]},{\"@type\":\"WebSite\",\"@id\":\"https:\/\/compuviper.mx\/tienda\/#website\",\"url\":\"https:\/\/compuviper.mx\/tienda\/\",\"name\":\"Compuviper\",\"description\":\"Proveedor de Computadoras, Laptops, Servidores, Monitores, Puntos de Venta, Teclados,   Impresoras, T\u00f3ner, C\u00e1maras de Seguridad y m\u00e1s en tu tienda en l\u00ednea\",\"publisher\":{\"@id\":\"https:\/\/compuviper.mx\/tienda\/#organization\"},\"potentialAction\":[{\"@type\":\"SearchAction\",\"target\":{\"@type\":\"EntryPoint\",\"urlTemplate\":\"https:\/\/compuviper.mx\/tienda\/?s={search_term_string}\"},\"query-input\":\"required name=search_term_string\"}],\"inLanguage\":\"es-MX\"},{\"@type\":\"Organization\",\"@id\":\"https:\/\/compuviper.mx\/tienda\/#organization\",\"name\":\"Compuviper\",\"url\":\"https:\/\/compuviper.mx\/tienda\/\",\"logo\":{\"@type\":\"ImageObject\",\"inLanguage\":\"es-MX\",\"@id\":\"https:\/\/compuviper.mx\/tienda\/#\/schema\/logo\/image\/\",\"url\":\"https:\/\/compuviper.mx\/tienda\/wp-content\/uploads\/2021\/08\/Logo-Compuviper-10.png\",\"contentUrl\":\"https:\/\/compuviper.mx\/tienda\/wp-content\/uploads\/2021\/08\/Logo-Compuviper-10.png\",\"width\":1000,\"height\":500,\"caption\":\"Compuviper\"},\"image\":{\"@id\":\"https:\/\/compuviper.mx\/tienda\/#\/schema\/logo\/image\/\"},\"sameAs\":[\"https:\/\/www.facebook.com\/compuviper\",\"https:\/\/www.youtube.com\/channel\/UCf73dERp9Y3cfOq7q8BhLjA?view_as=subscriber\"]}]}<\/script>\n<meta property=\"product:brand\" content=\"LENOVO\" \/>\n<meta property=\"product:price:amount\" content=\"102152\" \/>\n<meta property=\"product:price:currency\" content=\"MXN\" \/>\n<meta property=\"og:availability\" content=\"out of stock\" \/>\n<meta property=\"product:availability\" content=\"out of stock\" \/>\n<meta property=\"product:retailer_item_id\" content=\"21RRS08500\" \/>\n<meta property=\"product:condition\" content=\"new\" \/>\n<!-- \/ Yoast SEO plugin. -->","yoast_head_json":{"title":"[ Lenovo ] &#129351; 21rrs08500 Laptop Workstation P16 Gen 3 \/ Core Ultra 9 275hx \/ 64gb Ddr5 \/ 2tb Ssd \/ Windows 11 Pro \/ 3y On Site \/ Nvidia Rtx Pro 4000","description":"Compra 21rrs08500 Laptop Workstation P16 Gen 3 \/ Core Ultra 9 275hx \/ 64gb Ddr5 \/ 2tb Ssd \/ Windows 11 Pro \/ 3y On Site \/ Nvidia Rtx Pro 4000 + Env\u00edo a domicilio + Pago seguro + Garant\u00eda","robots":{"index":"index","follow":"follow","max-snippet":"max-snippet:-1","max-image-preview":"max-image-preview:large","max-video-preview":"max-video-preview:-1"},"canonical":"https:\/\/compuviper.mx\/tienda\/producto\/lenovo-21rrs08500-laptop-workstation-p16-gen-3-core-ultra-9-275hx-64gb-ddr5-2tb-ssd-windows-11-pro-3y-on-site-nvidia-rtx-pro-4000\/","og_locale":"es_MX","og_type":"article","og_title":"[ Lenovo ] &#129351; 21rrs08500 Laptop Workstation P16 Gen 3 \/ Core Ultra 9 275hx \/ 64gb Ddr5 \/ 2tb Ssd \/ Windows 11 Pro \/ 3y On Site \/ Nvidia Rtx Pro 4000","og_description":"Compra 21rrs08500 Laptop Workstation P16 Gen 3 \/ Core Ultra 9 275hx \/ 64gb Ddr5 \/ 2tb Ssd \/ Windows 11 Pro \/ 3y On Site \/ Nvidia Rtx Pro 4000 + Env\u00edo a domicilio + Pago seguro + Garant\u00eda","og_url":"https:\/\/compuviper.mx\/tienda\/producto\/lenovo-21rrs08500-laptop-workstation-p16-gen-3-core-ultra-9-275hx-64gb-ddr5-2tb-ssd-windows-11-pro-3y-on-site-nvidia-rtx-pro-4000\/","og_site_name":"Compuviper","article_publisher":"https:\/\/www.facebook.com\/compuviper","twitter_card":"summary_large_image","twitter_misc":{"Precio":"&#36;102,152 con IVA","Availability":"Out of stock"},"schema":{"@context":"https:\/\/schema.org","@graph":[{"@type":"WebPage","@id":"https:\/\/compuviper.mx\/tienda\/producto\/lenovo-21rrs08500-laptop-workstation-p16-gen-3-core-ultra-9-275hx-64gb-ddr5-2tb-ssd-windows-11-pro-3y-on-site-nvidia-rtx-pro-4000\/","url":"https:\/\/compuviper.mx\/tienda\/producto\/lenovo-21rrs08500-laptop-workstation-p16-gen-3-core-ultra-9-275hx-64gb-ddr5-2tb-ssd-windows-11-pro-3y-on-site-nvidia-rtx-pro-4000\/","name":"[ Lenovo ] &#129351; 21rrs08500 Laptop Workstation P16 Gen 3 \/ Core Ultra 9 275hx \/ 64gb Ddr5 \/ 2tb Ssd \/ Windows 11 Pro \/ 3y On Site \/ Nvidia Rtx Pro 4000","isPartOf":{"@id":"https:\/\/compuviper.mx\/tienda\/#website"},"datePublished":"2026-04-25T07:13:07+00:00","dateModified":"2026-04-25T07:13:07+00:00","description":"Compra 21rrs08500 Laptop Workstation P16 Gen 3 \/ Core Ultra 9 275hx \/ 64gb Ddr5 \/ 2tb Ssd \/ Windows 11 Pro \/ 3y On Site \/ Nvidia Rtx Pro 4000 + Env\u00edo a domicilio + Pago seguro + Garant\u00eda","breadcrumb":{"@id":"https:\/\/compuviper.mx\/tienda\/producto\/lenovo-21rrs08500-laptop-workstation-p16-gen-3-core-ultra-9-275hx-64gb-ddr5-2tb-ssd-windows-11-pro-3y-on-site-nvidia-rtx-pro-4000\/#breadcrumb"},"inLanguage":"es-MX","potentialAction":[{"@type":"ReadAction","target":["https:\/\/compuviper.mx\/tienda\/producto\/lenovo-21rrs08500-laptop-workstation-p16-gen-3-core-ultra-9-275hx-64gb-ddr5-2tb-ssd-windows-11-pro-3y-on-site-nvidia-rtx-pro-4000\/"]}]},{"@type":"BreadcrumbList","@id":"https:\/\/compuviper.mx\/tienda\/producto\/lenovo-21rrs08500-laptop-workstation-p16-gen-3-core-ultra-9-275hx-64gb-ddr5-2tb-ssd-windows-11-pro-3y-on-site-nvidia-rtx-pro-4000\/#breadcrumb","itemListElement":[{"@type":"ListItem","position":1,"name":"Inicio","item":"https:\/\/compuviper.mx\/tienda\/"},{"@type":"ListItem","position":2,"name":"Productos","item":"https:\/\/compuviper.mx\/tienda\/productos\/"},{"@type":"ListItem","position":3,"name":"Laptops","item":"https:\/\/compuviper.mx\/tienda\/categoria-producto\/laptops\/"},{"@type":"ListItem","position":4,"name":"Workstation","item":"https:\/\/compuviper.mx\/tienda\/categoria-producto\/laptops\/workstation-laptops\/"},{"@type":"ListItem","position":5,"name":"Lenovo 21rrs08500 Laptop Workstation P16 Gen 3 \/ Core Ultra 9 275hx \/ 64gb Ddr5 \/ 2tb Ssd \/ Windows 11 Pro \/ 3y On Site \/ Nvidia Rtx Pro 4000"}]},{"@type":"WebSite","@id":"https:\/\/compuviper.mx\/tienda\/#website","url":"https:\/\/compuviper.mx\/tienda\/","name":"Compuviper","description":"Proveedor de Computadoras, Laptops, Servidores, Monitores, Puntos de Venta, Teclados,   Impresoras, T\u00f3ner, C\u00e1maras de Seguridad y m\u00e1s en tu tienda en l\u00ednea","publisher":{"@id":"https:\/\/compuviper.mx\/tienda\/#organization"},"potentialAction":[{"@type":"SearchAction","target":{"@type":"EntryPoint","urlTemplate":"https:\/\/compuviper.mx\/tienda\/?s={search_term_string}"},"query-input":"required name=search_term_string"}],"inLanguage":"es-MX"},{"@type":"Organization","@id":"https:\/\/compuviper.mx\/tienda\/#organization","name":"Compuviper","url":"https:\/\/compuviper.mx\/tienda\/","logo":{"@type":"ImageObject","inLanguage":"es-MX","@id":"https:\/\/compuviper.mx\/tienda\/#\/schema\/logo\/image\/","url":"https:\/\/compuviper.mx\/tienda\/wp-content\/uploads\/2021\/08\/Logo-Compuviper-10.png","contentUrl":"https:\/\/compuviper.mx\/tienda\/wp-content\/uploads\/2021\/08\/Logo-Compuviper-10.png","width":1000,"height":500,"caption":"Compuviper"},"image":{"@id":"https:\/\/compuviper.mx\/tienda\/#\/schema\/logo\/image\/"},"sameAs":["https:\/\/www.facebook.com\/compuviper","https:\/\/www.youtube.com\/channel\/UCf73dERp9Y3cfOq7q8BhLjA?view_as=subscriber"]}]},"product_brand":"LENOVO","product_price_amount":"102152","product_price_currency":"MXN","og_availability":"out of stock","product_availability":"out of stock","product_retailer_item_id":"21RRS08500","product_condition":"new"},"_links":{"self":[{"href":"https:\/\/compuviper.mx\/tienda\/wp-json\/wp\/v2\/product\/265681"}],"collection":[{"href":"https:\/\/compuviper.mx\/tienda\/wp-json\/wp\/v2\/product"}],"about":[{"href":"https:\/\/compuviper.mx\/tienda\/wp-json\/wp\/v2\/types\/product"}],"replies":[{"embeddable":true,"href":"https:\/\/compuviper.mx\/tienda\/wp-json\/wp\/v2\/comments?post=265681"}],"wp:attachment":[{"href":"https:\/\/compuviper.mx\/tienda\/wp-json\/wp\/v2\/media?parent=265681"}],"wp:term":[{"taxonomy":"product_cat","embeddable":true,"href":"https:\/\/compuviper.mx\/tienda\/wp-json\/wp\/v2\/product_cat?post=265681"},{"taxonomy":"product_tag","embeddable":true,"href":"https:\/\/compuviper.mx\/tienda\/wp-json\/wp\/v2\/product_tag?post=265681"}],"curies":[{"name":"wp","href":"https:\/\/api.w.org\/{rel}","templated":true}]}}