{"id":265679,"date":"2026-04-10T00:50:51","date_gmt":"2026-04-10T06:50:51","guid":{"rendered":"https:\/\/compuviper.mx\/tienda\/producto\/acteck-ac-943178-monitor-captive-vivid-sp245-24-5-pulgadas-plano-fill-hd-75-hz-5-ms-vga-hdmi-1-4-vesa-75x75-3-aos-de-garantia-negro\/"},"modified":"2026-04-10T00:50:52","modified_gmt":"2026-04-10T06:50:52","slug":"acteck-ac-943178-monitor-captive-vivid-sp245-24-5-pulgadas-plano-led-full-hd-bocinas-integradas-5-ms-vga-hdmi-vesa-75-ajuste-de-inclinacion-3-aos-de-garantia-negro","status":"publish","type":"product","link":"https:\/\/compuviper.mx\/tienda\/producto\/acteck-ac-943178-monitor-captive-vivid-sp245-24-5-pulgadas-plano-led-full-hd-bocinas-integradas-5-ms-vga-hdmi-vesa-75-ajuste-de-inclinacion-3-aos-de-garantia-negro\/","title":{"rendered":"Acteck Ac-943178 Monitor  Captive Vivid Sp245 \/ 24.5 Pulgadas \/ Plano \/ Led \/ Full Hd \/ Bocinas Integradas \/ 5 Ms \/ Vga, Hdmi \/ Vesa 75 \/ Ajuste De Inclinacion \/ 3 A?os De Garantia \/ Negro \/"},"content":{"rendered":"<table class=\"descripcion\">\n<tr>\n<td>Ficha tecnica<\/td>\n<\/tr>\n<tr>\n<td>\u0095 modelo: ac-943178<\/td>\n<\/tr>\n<tr>\n<td>\u0095 producto: monitor<\/td>\n<\/tr>\n<tr>\n<td>\u0095 color: negro<\/td>\n<\/tr>\n<tr>\n<td>\u0095 material: metal y plastico<\/td>\n<\/tr>\n<tr>\n<td>\u0095 dimensiones (l  w  h): 55.9 x 32.9 x 41.2<\/td>\n<\/tr>\n<tr>\n<td>\u0095 peso: 2.6 kg<\/td>\n<\/tr>\n<tr>\n<td>\u0095 tipo de panel: ips<\/td>\n<\/tr>\n<tr>\n<td>\u0095 forma de pantalla: plano<\/td>\n<\/tr>\n<tr>\n<td>\u0095 tamano de pantalla: 24.5 pulgadas<\/td>\n<\/tr>\n<tr>\n<td>\u0095 resolucion maxima: 1920 x 1080<\/td>\n<\/tr>\n<tr>\n<td>\u0095 relacion de aspecto: 16:9<\/td>\n<\/tr>\n<tr>\n<td>\u0095 frecuencia de actualizacion (hz): 75 hz<\/td>\n<\/tr>\n<tr>\n<td>\u0095 pantalla a color: 16.7 m<\/td>\n<\/tr>\n<tr>\n<td>\u0095 angulos de vision : 178 grados \/ 178 grados<\/td>\n<\/tr>\n<tr>\n<td>\u0095 tipo de iluminacion : led<\/td>\n<\/tr>\n<tr>\n<td>\u0095 brillo (cd\/m2): 200 cd\/m2<\/td>\n<\/tr>\n<tr>\n<td>\u0095 relacion de contraste: 1000:1<\/td>\n<\/tr>\n<tr>\n<td>\u0095 tiempo de respuesta: 5 ms<\/td>\n<\/tr>\n<tr>\n<td>\u0095 tipo hd: fhd<\/td>\n<\/tr>\n<tr>\n<td>\u0095 diseno sin marco: si<\/td>\n<\/tr>\n<tr>\n<td>\u0095 vesa: 75 x 75 mm<\/td>\n<\/tr>\n<tr>\n<td>\u0095 control: botones<\/td>\n<\/tr>\n<tr>\n<td>\u0095 puertos: 1x vga<\/td>\n<\/tr>\n<tr>\n<td>                1x hdmi 1.4<\/td>\n<\/tr>\n<tr>\n<td>                1x audio<\/td>\n<\/tr>\n<tr>\n<td>\u0095 tecnologias: low blue<\/td>\n<\/tr>\n<tr>\n<td>                 bocinas 3w<\/td>\n<\/tr>\n<tr>\n<td>                 flicker-free technology<\/td>\n<\/tr>\n<tr>\n<td>                 seleccion de temperaturas de color<\/td>\n<\/tr>\n<tr>\n<td>                 hdr<\/td>\n<\/tr>\n<tr>\n<td>\u0095 kensington lock: si<\/td>\n<\/tr>\n<tr>\n<td>\u0095 ajuste de inclinacion: frontal 5 grados \/ trasero 15 grados<\/td>\n<\/tr>\n<tr>\n<td>\u0095 srgb: 94 porciento<\/td>\n<\/tr>\n<tr>\n<td>\u0095 alimentacion: entrada: 100 v &#8211; 240 v 50 \/ 60 hz 1.1 a max<\/td>\n<\/tr>\n<tr>\n<td>                    salida: 12 v &#8211; 3 a<\/td>\n<\/tr>\n<tr>\n<td>                    maximo consumo: 30 w<\/td>\n<\/tr>\n<tr>\n<td>                    consumo de energia en espera: -1 w<\/td>\n<\/tr>\n<tr>\n<td>                    longitud de cable: 1.8 mts<\/td>\n<\/tr>\n<\/table>\n","protected":false},"excerpt":{"rendered":"<p>Proteccion visual inteligente. Tecnologias low blue light, flicker-free y seleccion de. Temperaturas de color que reducen la fatiga ocular. Ideal. Para largas jornadas frente al monitor. Sonido integrado. Bocinas estereo de 3 w incorporadas para reuniones. Clases en linea o videos, sin necesidad de parlantes. Adicionales. Ajuste ergonomico. Inclinacion frontal de -5 grados y trasera de 15 grados, ademas de. Soporte vesa 75&#215;75 mm para adaptarlo a cualquier. Espacio de trabajo.<\/p>\n","protected":false},"featured_media":0,"comment_status":"open","ping_status":"open","template":"","meta":[],"product_cat":[1741,1740],"product_tag":[1582],"acf":[],"yoast_head":"<!-- This site is optimized with the Yoast SEO plugin v21.7 - https:\/\/yoast.com\/wordpress\/plugins\/seo\/ -->\n<title>[ Acteck ] &#129351; Ac-943178 Monitor Captive Vivid Sp245 \/ 24.5 Pulgadas \/ Plano \/ Led \/ Full Hd \/ Bocinas Integradas \/ 5 Ms \/ Vga, Hdmi \/ Vesa 75 \/ Ajuste De Inclinacion \/ 3 A\u00f1os De Garantia \/ Negro \/<\/title>\n<meta name=\"description\" content=\"Compra Ac-943178 Monitor Captive Vivid Sp245 \/ 24.5 Pulgadas \/ Plano \/ Led \/ Full Hd \/ Bocinas Integradas \/ 5 Ms \/ Vga, Hdmi \/ Vesa 75 \/ Ajuste De Inclinacion \/ 3 A\u00f1os De Garantia \/ Negro \/ + Env\u00edo a domicilio + Pago seguro + Garant\u00eda\" \/>\n<meta name=\"robots\" content=\"index, follow, max-snippet:-1, max-image-preview:large, max-video-preview:-1\" \/>\n<link rel=\"canonical\" href=\"https:\/\/compuviper.mx\/tienda\/producto\/acteck-ac-943178-monitor-captive-vivid-sp245-24-5-pulgadas-plano-led-full-hd-bocinas-integradas-5-ms-vga-hdmi-vesa-75-ajuste-de-inclinacion-3-aos-de-garantia-negro\/\" \/>\n<meta property=\"og:locale\" content=\"es_MX\" \/>\n<meta property=\"og:type\" content=\"article\" \/>\n<meta property=\"og:title\" content=\"[ Acteck ] &#129351; Ac-943178 Monitor Captive Vivid Sp245 \/ 24.5 Pulgadas \/ Plano \/ Led \/ Full Hd \/ Bocinas Integradas \/ 5 Ms \/ Vga, Hdmi \/ Vesa 75 \/ Ajuste De Inclinacion \/ 3 A\u00f1os De Garantia \/ Negro \/\" \/>\n<meta property=\"og:description\" content=\"Compra Ac-943178 Monitor Captive Vivid Sp245 \/ 24.5 Pulgadas \/ Plano \/ Led \/ Full Hd \/ Bocinas Integradas \/ 5 Ms \/ Vga, Hdmi \/ Vesa 75 \/ Ajuste De Inclinacion \/ 3 A\u00f1os De Garantia \/ Negro \/ + Env\u00edo a domicilio + Pago seguro + Garant\u00eda\" \/>\n<meta property=\"og:url\" content=\"https:\/\/compuviper.mx\/tienda\/producto\/acteck-ac-943178-monitor-captive-vivid-sp245-24-5-pulgadas-plano-led-full-hd-bocinas-integradas-5-ms-vga-hdmi-vesa-75-ajuste-de-inclinacion-3-aos-de-garantia-negro\/\" \/>\n<meta property=\"og:site_name\" content=\"Compuviper\" \/>\n<meta property=\"article:publisher\" content=\"https:\/\/www.facebook.com\/compuviper\" \/>\n<meta property=\"article:modified_time\" content=\"2026-04-10T06:50:52+00:00\" \/>\n<meta name=\"twitter:card\" content=\"summary_large_image\" \/>\n<meta name=\"twitter:label1\" content=\"Precio\" \/>\n\t<meta name=\"twitter:data1\" content=\"&#36;1,368 &#36;1,272 con IVA\" \/>\n\t<meta name=\"twitter:label2\" content=\"Availability\" \/>\n\t<meta name=\"twitter:data2\" content=\"Out of stock\" \/>\n<script type=\"application\/ld+json\" class=\"yoast-schema-graph\">{\"@context\":\"https:\/\/schema.org\",\"@graph\":[{\"@type\":\"WebPage\",\"@id\":\"https:\/\/compuviper.mx\/tienda\/producto\/acteck-ac-943178-monitor-captive-vivid-sp245-24-5-pulgadas-plano-led-full-hd-bocinas-integradas-5-ms-vga-hdmi-vesa-75-ajuste-de-inclinacion-3-aos-de-garantia-negro\/\",\"url\":\"https:\/\/compuviper.mx\/tienda\/producto\/acteck-ac-943178-monitor-captive-vivid-sp245-24-5-pulgadas-plano-led-full-hd-bocinas-integradas-5-ms-vga-hdmi-vesa-75-ajuste-de-inclinacion-3-aos-de-garantia-negro\/\",\"name\":\"[ Acteck ] &#129351; Ac-943178 Monitor Captive Vivid Sp245 \/ 24.5 Pulgadas \/ Plano \/ Led \/ Full Hd \/ Bocinas Integradas \/ 5 Ms \/ Vga, Hdmi \/ Vesa 75 \/ Ajuste De Inclinacion \/ 3 A\u00f1os De Garantia \/ Negro \/\",\"isPartOf\":{\"@id\":\"https:\/\/compuviper.mx\/tienda\/#website\"},\"datePublished\":\"2026-04-10T06:50:51+00:00\",\"dateModified\":\"2026-04-10T06:50:52+00:00\",\"description\":\"Compra Ac-943178 Monitor Captive Vivid Sp245 \/ 24.5 Pulgadas \/ Plano \/ Led \/ Full Hd \/ Bocinas Integradas \/ 5 Ms \/ Vga, Hdmi \/ Vesa 75 \/ Ajuste De Inclinacion \/ 3 A\u00f1os De Garantia \/ Negro \/ + Env\u00edo a domicilio + Pago seguro + Garant\u00eda\",\"breadcrumb\":{\"@id\":\"https:\/\/compuviper.mx\/tienda\/producto\/acteck-ac-943178-monitor-captive-vivid-sp245-24-5-pulgadas-plano-led-full-hd-bocinas-integradas-5-ms-vga-hdmi-vesa-75-ajuste-de-inclinacion-3-aos-de-garantia-negro\/#breadcrumb\"},\"inLanguage\":\"es-MX\",\"potentialAction\":[{\"@type\":\"ReadAction\",\"target\":[\"https:\/\/compuviper.mx\/tienda\/producto\/acteck-ac-943178-monitor-captive-vivid-sp245-24-5-pulgadas-plano-led-full-hd-bocinas-integradas-5-ms-vga-hdmi-vesa-75-ajuste-de-inclinacion-3-aos-de-garantia-negro\/\"]}]},{\"@type\":\"BreadcrumbList\",\"@id\":\"https:\/\/compuviper.mx\/tienda\/producto\/acteck-ac-943178-monitor-captive-vivid-sp245-24-5-pulgadas-plano-led-full-hd-bocinas-integradas-5-ms-vga-hdmi-vesa-75-ajuste-de-inclinacion-3-aos-de-garantia-negro\/#breadcrumb\",\"itemListElement\":[{\"@type\":\"ListItem\",\"position\":1,\"name\":\"Inicio\",\"item\":\"https:\/\/compuviper.mx\/tienda\/\"},{\"@type\":\"ListItem\",\"position\":2,\"name\":\"Productos\",\"item\":\"https:\/\/compuviper.mx\/tienda\/productos\/\"},{\"@type\":\"ListItem\",\"position\":3,\"name\":\"Monitores\",\"item\":\"https:\/\/compuviper.mx\/tienda\/categoria-producto\/monitores\/\"},{\"@type\":\"ListItem\",\"position\":4,\"name\":\"Led\",\"item\":\"https:\/\/compuviper.mx\/tienda\/categoria-producto\/monitores\/led\/\"},{\"@type\":\"ListItem\",\"position\":5,\"name\":\"Acteck Ac-943178 Monitor Captive Vivid Sp245 \/ 24.5 Pulgadas \/ Plano \/ Led \/ Full Hd \/ Bocinas Integradas \/ 5 Ms \/ Vga, Hdmi \/ Vesa 75 \/ Ajuste De Inclinacion \/ 3 A?os De Garantia \/ Negro \/\"}]},{\"@type\":\"WebSite\",\"@id\":\"https:\/\/compuviper.mx\/tienda\/#website\",\"url\":\"https:\/\/compuviper.mx\/tienda\/\",\"name\":\"Compuviper\",\"description\":\"Proveedor de Computadoras, Laptops, Servidores, Monitores, Puntos de Venta, Teclados,   Impresoras, T\u00f3ner, C\u00e1maras de Seguridad y m\u00e1s en tu tienda en l\u00ednea\",\"publisher\":{\"@id\":\"https:\/\/compuviper.mx\/tienda\/#organization\"},\"potentialAction\":[{\"@type\":\"SearchAction\",\"target\":{\"@type\":\"EntryPoint\",\"urlTemplate\":\"https:\/\/compuviper.mx\/tienda\/?s={search_term_string}\"},\"query-input\":\"required name=search_term_string\"}],\"inLanguage\":\"es-MX\"},{\"@type\":\"Organization\",\"@id\":\"https:\/\/compuviper.mx\/tienda\/#organization\",\"name\":\"Compuviper\",\"url\":\"https:\/\/compuviper.mx\/tienda\/\",\"logo\":{\"@type\":\"ImageObject\",\"inLanguage\":\"es-MX\",\"@id\":\"https:\/\/compuviper.mx\/tienda\/#\/schema\/logo\/image\/\",\"url\":\"https:\/\/compuviper.mx\/tienda\/wp-content\/uploads\/2021\/08\/Logo-Compuviper-10.png\",\"contentUrl\":\"https:\/\/compuviper.mx\/tienda\/wp-content\/uploads\/2021\/08\/Logo-Compuviper-10.png\",\"width\":1000,\"height\":500,\"caption\":\"Compuviper\"},\"image\":{\"@id\":\"https:\/\/compuviper.mx\/tienda\/#\/schema\/logo\/image\/\"},\"sameAs\":[\"https:\/\/www.facebook.com\/compuviper\",\"https:\/\/www.youtube.com\/channel\/UCf73dERp9Y3cfOq7q8BhLjA?view_as=subscriber\"]}]}<\/script>\n<meta property=\"product:brand\" content=\"ACTECK\" \/>\n<meta property=\"product:price:amount\" content=\"1272\" \/>\n<meta property=\"product:price:currency\" content=\"MXN\" \/>\n<meta property=\"og:availability\" content=\"out of stock\" \/>\n<meta property=\"product:availability\" content=\"out of stock\" \/>\n<meta property=\"product:retailer_item_id\" content=\"AC-943178\" \/>\n<meta property=\"product:condition\" content=\"new\" \/>\n<!-- \/ Yoast SEO plugin. -->","yoast_head_json":{"title":"[ Acteck ] &#129351; Ac-943178 Monitor Captive Vivid Sp245 \/ 24.5 Pulgadas \/ Plano \/ Led \/ Full Hd \/ Bocinas Integradas \/ 5 Ms \/ Vga, Hdmi \/ Vesa 75 \/ Ajuste De Inclinacion \/ 3 A\u00f1os De Garantia \/ Negro \/","description":"Compra Ac-943178 Monitor Captive Vivid Sp245 \/ 24.5 Pulgadas \/ Plano \/ Led \/ Full Hd \/ Bocinas Integradas \/ 5 Ms \/ Vga, Hdmi \/ Vesa 75 \/ Ajuste De Inclinacion \/ 3 A\u00f1os De Garantia \/ Negro \/ + Env\u00edo a domicilio + Pago seguro + Garant\u00eda","robots":{"index":"index","follow":"follow","max-snippet":"max-snippet:-1","max-image-preview":"max-image-preview:large","max-video-preview":"max-video-preview:-1"},"canonical":"https:\/\/compuviper.mx\/tienda\/producto\/acteck-ac-943178-monitor-captive-vivid-sp245-24-5-pulgadas-plano-led-full-hd-bocinas-integradas-5-ms-vga-hdmi-vesa-75-ajuste-de-inclinacion-3-aos-de-garantia-negro\/","og_locale":"es_MX","og_type":"article","og_title":"[ Acteck ] &#129351; Ac-943178 Monitor Captive Vivid Sp245 \/ 24.5 Pulgadas \/ Plano \/ Led \/ Full Hd \/ Bocinas Integradas \/ 5 Ms \/ Vga, Hdmi \/ Vesa 75 \/ Ajuste De Inclinacion \/ 3 A\u00f1os De Garantia \/ Negro \/","og_description":"Compra Ac-943178 Monitor Captive Vivid Sp245 \/ 24.5 Pulgadas \/ Plano \/ Led \/ Full Hd \/ Bocinas Integradas \/ 5 Ms \/ Vga, Hdmi \/ Vesa 75 \/ Ajuste De Inclinacion \/ 3 A\u00f1os De Garantia \/ Negro \/ + Env\u00edo a domicilio + Pago seguro + Garant\u00eda","og_url":"https:\/\/compuviper.mx\/tienda\/producto\/acteck-ac-943178-monitor-captive-vivid-sp245-24-5-pulgadas-plano-led-full-hd-bocinas-integradas-5-ms-vga-hdmi-vesa-75-ajuste-de-inclinacion-3-aos-de-garantia-negro\/","og_site_name":"Compuviper","article_publisher":"https:\/\/www.facebook.com\/compuviper","article_modified_time":"2026-04-10T06:50:52+00:00","twitter_card":"summary_large_image","twitter_misc":{"Precio":"&#36;1,368 &#36;1,272 con IVA","Availability":"Out of stock"},"schema":{"@context":"https:\/\/schema.org","@graph":[{"@type":"WebPage","@id":"https:\/\/compuviper.mx\/tienda\/producto\/acteck-ac-943178-monitor-captive-vivid-sp245-24-5-pulgadas-plano-led-full-hd-bocinas-integradas-5-ms-vga-hdmi-vesa-75-ajuste-de-inclinacion-3-aos-de-garantia-negro\/","url":"https:\/\/compuviper.mx\/tienda\/producto\/acteck-ac-943178-monitor-captive-vivid-sp245-24-5-pulgadas-plano-led-full-hd-bocinas-integradas-5-ms-vga-hdmi-vesa-75-ajuste-de-inclinacion-3-aos-de-garantia-negro\/","name":"[ Acteck ] &#129351; Ac-943178 Monitor Captive Vivid Sp245 \/ 24.5 Pulgadas \/ Plano \/ Led \/ Full Hd \/ Bocinas Integradas \/ 5 Ms \/ Vga, Hdmi \/ Vesa 75 \/ Ajuste De Inclinacion \/ 3 A\u00f1os De Garantia \/ Negro \/","isPartOf":{"@id":"https:\/\/compuviper.mx\/tienda\/#website"},"datePublished":"2026-04-10T06:50:51+00:00","dateModified":"2026-04-10T06:50:52+00:00","description":"Compra Ac-943178 Monitor Captive Vivid Sp245 \/ 24.5 Pulgadas \/ Plano \/ Led \/ Full Hd \/ Bocinas Integradas \/ 5 Ms \/ Vga, Hdmi \/ Vesa 75 \/ Ajuste De Inclinacion \/ 3 A\u00f1os De Garantia \/ Negro \/ + Env\u00edo a domicilio + Pago seguro + Garant\u00eda","breadcrumb":{"@id":"https:\/\/compuviper.mx\/tienda\/producto\/acteck-ac-943178-monitor-captive-vivid-sp245-24-5-pulgadas-plano-led-full-hd-bocinas-integradas-5-ms-vga-hdmi-vesa-75-ajuste-de-inclinacion-3-aos-de-garantia-negro\/#breadcrumb"},"inLanguage":"es-MX","potentialAction":[{"@type":"ReadAction","target":["https:\/\/compuviper.mx\/tienda\/producto\/acteck-ac-943178-monitor-captive-vivid-sp245-24-5-pulgadas-plano-led-full-hd-bocinas-integradas-5-ms-vga-hdmi-vesa-75-ajuste-de-inclinacion-3-aos-de-garantia-negro\/"]}]},{"@type":"BreadcrumbList","@id":"https:\/\/compuviper.mx\/tienda\/producto\/acteck-ac-943178-monitor-captive-vivid-sp245-24-5-pulgadas-plano-led-full-hd-bocinas-integradas-5-ms-vga-hdmi-vesa-75-ajuste-de-inclinacion-3-aos-de-garantia-negro\/#breadcrumb","itemListElement":[{"@type":"ListItem","position":1,"name":"Inicio","item":"https:\/\/compuviper.mx\/tienda\/"},{"@type":"ListItem","position":2,"name":"Productos","item":"https:\/\/compuviper.mx\/tienda\/productos\/"},{"@type":"ListItem","position":3,"name":"Monitores","item":"https:\/\/compuviper.mx\/tienda\/categoria-producto\/monitores\/"},{"@type":"ListItem","position":4,"name":"Led","item":"https:\/\/compuviper.mx\/tienda\/categoria-producto\/monitores\/led\/"},{"@type":"ListItem","position":5,"name":"Acteck Ac-943178 Monitor Captive Vivid Sp245 \/ 24.5 Pulgadas \/ Plano \/ Led \/ Full Hd \/ Bocinas Integradas \/ 5 Ms \/ Vga, Hdmi \/ Vesa 75 \/ Ajuste De Inclinacion \/ 3 A?os De Garantia \/ Negro \/"}]},{"@type":"WebSite","@id":"https:\/\/compuviper.mx\/tienda\/#website","url":"https:\/\/compuviper.mx\/tienda\/","name":"Compuviper","description":"Proveedor de Computadoras, Laptops, Servidores, Monitores, Puntos de Venta, Teclados,   Impresoras, T\u00f3ner, C\u00e1maras de Seguridad y m\u00e1s en tu tienda en l\u00ednea","publisher":{"@id":"https:\/\/compuviper.mx\/tienda\/#organization"},"potentialAction":[{"@type":"SearchAction","target":{"@type":"EntryPoint","urlTemplate":"https:\/\/compuviper.mx\/tienda\/?s={search_term_string}"},"query-input":"required name=search_term_string"}],"inLanguage":"es-MX"},{"@type":"Organization","@id":"https:\/\/compuviper.mx\/tienda\/#organization","name":"Compuviper","url":"https:\/\/compuviper.mx\/tienda\/","logo":{"@type":"ImageObject","inLanguage":"es-MX","@id":"https:\/\/compuviper.mx\/tienda\/#\/schema\/logo\/image\/","url":"https:\/\/compuviper.mx\/tienda\/wp-content\/uploads\/2021\/08\/Logo-Compuviper-10.png","contentUrl":"https:\/\/compuviper.mx\/tienda\/wp-content\/uploads\/2021\/08\/Logo-Compuviper-10.png","width":1000,"height":500,"caption":"Compuviper"},"image":{"@id":"https:\/\/compuviper.mx\/tienda\/#\/schema\/logo\/image\/"},"sameAs":["https:\/\/www.facebook.com\/compuviper","https:\/\/www.youtube.com\/channel\/UCf73dERp9Y3cfOq7q8BhLjA?view_as=subscriber"]}]},"product_brand":"ACTECK","product_price_amount":"1272","product_price_currency":"MXN","og_availability":"out of stock","product_availability":"out of stock","product_retailer_item_id":"AC-943178","product_condition":"new"},"_links":{"self":[{"href":"https:\/\/compuviper.mx\/tienda\/wp-json\/wp\/v2\/product\/265679"}],"collection":[{"href":"https:\/\/compuviper.mx\/tienda\/wp-json\/wp\/v2\/product"}],"about":[{"href":"https:\/\/compuviper.mx\/tienda\/wp-json\/wp\/v2\/types\/product"}],"replies":[{"embeddable":true,"href":"https:\/\/compuviper.mx\/tienda\/wp-json\/wp\/v2\/comments?post=265679"}],"wp:attachment":[{"href":"https:\/\/compuviper.mx\/tienda\/wp-json\/wp\/v2\/media?parent=265679"}],"wp:term":[{"taxonomy":"product_cat","embeddable":true,"href":"https:\/\/compuviper.mx\/tienda\/wp-json\/wp\/v2\/product_cat?post=265679"},{"taxonomy":"product_tag","embeddable":true,"href":"https:\/\/compuviper.mx\/tienda\/wp-json\/wp\/v2\/product_tag?post=265679"}],"curies":[{"name":"wp","href":"https:\/\/api.w.org\/{rel}","templated":true}]}}