{"id":265670,"date":"2026-04-21T00:23:35","date_gmt":"2026-04-21T06:23:35","guid":{"rendered":"https:\/\/compuviper.mx\/tienda\/producto\/dahua-dh-xvr1b16h-i-t-dvr-de-16-canales-5mp-lite-con-wizsense-y-h-265-hdcvi-x-plus-audio-bidireccional-8-ip-o-hasta-24-canales-ip-smd-plus-y-busqueda-intde-humanos-y-vehiculos-comp-dolyncar\/"},"modified":"2026-04-21T00:23:36","modified_gmt":"2026-04-21T06:23:36","slug":"dahua-dh-xvr1b16h-i-t6937552408043-dvr-dh-xvr1b16h-i-t-de-16-canales-5mp-lite-con-wizsense-y-h-265-hdcvi-x-plus-audio-bidireccional-8-ip-o-hasta-24-canales-ip-smd-plus-y-busqueda-intde-huma","status":"publish","type":"product","link":"https:\/\/compuviper.mx\/tienda\/producto\/dahua-dh-xvr1b16h-i-t6937552408043-dvr-dh-xvr1b16h-i-t-de-16-canales-5mp-lite-con-wizsense-y-h-265-hdcvi-x-plus-audio-bidireccional-8-ip-o-hasta-24-canales-ip-smd-plus-y-busqueda-intde-huma\/","title":{"rendered":"Dahua Dh-xvr1b16h-i\/t,6937552408043 Dvr\/ \/ Dh-xvr1b16h-i\/t De 16 Canales 5mp Lite Con Wizsense Y H.265+\/ Hdcvi X Plus\/ Audio Bidireccional\/ + 8 Ip, O Hasta 24 Canales Ip\/smd Plus Y Busqueda Intde Humanos Y Vehiculos\/comp Dolyncare"},"content":{"rendered":"<table class=\"descripcion\">\n<tr>\n<td>Especificaciones tecnicas<\/td>\n<\/tr>\n<tr>\n<td>\u0095 fuente de alimentacion: 12 vcc, 2 a.<\/td>\n<\/tr>\n<tr>\n<td>\u0095 consumo de energia:  12 w (sin disco duro).<\/td>\n<\/tr>\n<tr>\n<td>\u0095 dimensiones del producto: 260,0 mm \u00d7 231,6 mm \u00d7 47,6 mm.<\/td>\n<\/tr>\n<tr>\n<td>\u0095 temperatura de funcionamiento: \u0096 10 \u00b0c a +45 \u00b0c.<\/td>\n<\/tr>\n<tr>\n<td>Incluye<\/td>\n<\/tr>\n<tr>\n<td>\u0095 x1 dvr de 16 canales 5mp lite dh-xvr1b16h-i\/t.<\/td>\n<\/tr>\n<tr>\n<td>\u0095 x1 manual de usuario.<\/td>\n<\/tr>\n<tr>\n<td>\u0095 x1 poliza de garantia.<\/td>\n<\/tr>\n<tr>\n<td>Caracteristicas principales<\/td>\n<\/tr>\n<tr>\n<td>\u0095 inteligencia artificial wizsense con deteccion precisa de humanos y vehiculos.<\/td>\n<\/tr>\n<tr>\n<td>\u0095 comunicacion bidireccional por coaxial.<\/td>\n<\/tr>\n<tr>\n<td>\u0095 luz dual inteligente con modos ir y luz blanca.<\/td>\n<\/tr>\n<tr>\n<td>\u0095 audio de alarma personalizable.<\/td>\n<\/tr>\n<tr>\n<td>\u0095 armado\/desarmado con un solo clic desde app movil.<\/td>\n<\/tr>\n<tr>\n<td>\u0095 compatible con camaras wi-fi y marcas onvif.<\/td>\n<\/tr>\n<\/table>\n","protected":false},"excerpt":{"rendered":"<p>Informacion general. El grabador dh-xvr1b16h-i\/t es un dvr de 16 canales disenado para sistemas de videovigilancia profesionales. Su tecnologia wizsense con inteligencia artificial mejora la deteccion de personas y vehiculos, reduciendo falsas alarmas. Soporta camaras hdcvi, ahd, tvi, cvbs e ip con resoluciones de hasta 5 mp. Ofrece codificacion de ia para optimizar almacenamiento y ancho de banda, ademas de audio bidireccional por coaxial y funciones como luz dual inteligente y smd plus. Su diseno compacto, compatibilidad con dmss y acceso movil lo convierten en una solucion confiable y rentable para proyectos de seguridad modernos.<\/p>\n","protected":false},"featured_media":0,"comment_status":"open","ping_status":"open","template":"","meta":[],"product_cat":[1689,1690],"product_tag":[1555],"acf":[],"yoast_head":"<!-- This site is optimized with the Yoast SEO plugin v21.7 - https:\/\/yoast.com\/wordpress\/plugins\/seo\/ -->\n<title>[ Dahua ] &#129351; Dh-xvr1b16h-i\/t,6937552408043 Dvr\/ \/ Dh-xvr1b16h-i\/t De 16 Canales 5mp Lite Con Wizsense Y H.265+\/ Hdcvi X Plus\/ Audio Bidireccional\/ + 8 Ip, O Hasta 24 Canales Ip\/smd Plus Y Busqueda Intde Humanos Y Vehiculos\/comp Dolyncare<\/title>\n<meta name=\"description\" content=\"Compra Dh-xvr1b16h-i\/t,6937552408043 Dvr\/ \/ Dh-xvr1b16h-i\/t De 16 Canales 5mp Lite Con Wizsense Y H.265+\/ Hdcvi X Plus\/ Audio Bidireccional\/ + 8 Ip, O Hasta 24 Canales Ip\/smd Plus Y Busqueda Intde Humanos Y Vehiculos\/comp Dolyncare + Env\u00edo a domicilio + Pago seguro + Garant\u00eda\" \/>\n<meta name=\"robots\" content=\"index, follow, max-snippet:-1, max-image-preview:large, max-video-preview:-1\" \/>\n<link rel=\"canonical\" href=\"https:\/\/compuviper.mx\/tienda\/producto\/dahua-dh-xvr1b16h-i-t6937552408043-dvr-dh-xvr1b16h-i-t-de-16-canales-5mp-lite-con-wizsense-y-h-265-hdcvi-x-plus-audio-bidireccional-8-ip-o-hasta-24-canales-ip-smd-plus-y-busqueda-intde-huma\/\" \/>\n<meta property=\"og:locale\" content=\"es_MX\" \/>\n<meta property=\"og:type\" content=\"article\" \/>\n<meta property=\"og:title\" content=\"[ Dahua ] &#129351; Dh-xvr1b16h-i\/t,6937552408043 Dvr\/ \/ Dh-xvr1b16h-i\/t De 16 Canales 5mp Lite Con Wizsense Y H.265+\/ Hdcvi X Plus\/ Audio Bidireccional\/ + 8 Ip, O Hasta 24 Canales Ip\/smd Plus Y Busqueda Intde Humanos Y Vehiculos\/comp Dolyncare\" \/>\n<meta property=\"og:description\" content=\"Compra Dh-xvr1b16h-i\/t,6937552408043 Dvr\/ \/ Dh-xvr1b16h-i\/t De 16 Canales 5mp Lite Con Wizsense Y H.265+\/ Hdcvi X Plus\/ Audio Bidireccional\/ + 8 Ip, O Hasta 24 Canales Ip\/smd Plus Y Busqueda Intde Humanos Y Vehiculos\/comp Dolyncare + Env\u00edo a domicilio + Pago seguro + Garant\u00eda\" \/>\n<meta property=\"og:url\" content=\"https:\/\/compuviper.mx\/tienda\/producto\/dahua-dh-xvr1b16h-i-t6937552408043-dvr-dh-xvr1b16h-i-t-de-16-canales-5mp-lite-con-wizsense-y-h-265-hdcvi-x-plus-audio-bidireccional-8-ip-o-hasta-24-canales-ip-smd-plus-y-busqueda-intde-huma\/\" \/>\n<meta property=\"og:site_name\" content=\"Compuviper\" \/>\n<meta property=\"article:publisher\" content=\"https:\/\/www.facebook.com\/compuviper\" \/>\n<meta property=\"article:modified_time\" content=\"2026-04-21T06:23:36+00:00\" \/>\n<meta name=\"twitter:card\" content=\"summary_large_image\" \/>\n<meta name=\"twitter:label1\" content=\"Precio\" \/>\n\t<meta name=\"twitter:data1\" content=\"&#36;2,446 con IVA\" \/>\n\t<meta name=\"twitter:label2\" content=\"Availability\" \/>\n\t<meta name=\"twitter:data2\" content=\"In stock\" \/>\n<script type=\"application\/ld+json\" class=\"yoast-schema-graph\">{\"@context\":\"https:\/\/schema.org\",\"@graph\":[{\"@type\":\"WebPage\",\"@id\":\"https:\/\/compuviper.mx\/tienda\/producto\/dahua-dh-xvr1b16h-i-t6937552408043-dvr-dh-xvr1b16h-i-t-de-16-canales-5mp-lite-con-wizsense-y-h-265-hdcvi-x-plus-audio-bidireccional-8-ip-o-hasta-24-canales-ip-smd-plus-y-busqueda-intde-huma\/\",\"url\":\"https:\/\/compuviper.mx\/tienda\/producto\/dahua-dh-xvr1b16h-i-t6937552408043-dvr-dh-xvr1b16h-i-t-de-16-canales-5mp-lite-con-wizsense-y-h-265-hdcvi-x-plus-audio-bidireccional-8-ip-o-hasta-24-canales-ip-smd-plus-y-busqueda-intde-huma\/\",\"name\":\"[ Dahua ] &#129351; Dh-xvr1b16h-i\/t,6937552408043 Dvr\/ \/ Dh-xvr1b16h-i\/t De 16 Canales 5mp Lite Con Wizsense Y H.265+\/ Hdcvi X Plus\/ Audio Bidireccional\/ + 8 Ip, O Hasta 24 Canales Ip\/smd Plus Y Busqueda Intde Humanos Y Vehiculos\/comp Dolyncare\",\"isPartOf\":{\"@id\":\"https:\/\/compuviper.mx\/tienda\/#website\"},\"datePublished\":\"2026-04-21T06:23:35+00:00\",\"dateModified\":\"2026-04-21T06:23:36+00:00\",\"description\":\"Compra Dh-xvr1b16h-i\/t,6937552408043 Dvr\/ \/ Dh-xvr1b16h-i\/t De 16 Canales 5mp Lite Con Wizsense Y H.265+\/ Hdcvi X Plus\/ Audio Bidireccional\/ + 8 Ip, O Hasta 24 Canales Ip\/smd Plus Y Busqueda Intde Humanos Y Vehiculos\/comp Dolyncare + Env\u00edo a domicilio + Pago seguro + Garant\u00eda\",\"breadcrumb\":{\"@id\":\"https:\/\/compuviper.mx\/tienda\/producto\/dahua-dh-xvr1b16h-i-t6937552408043-dvr-dh-xvr1b16h-i-t-de-16-canales-5mp-lite-con-wizsense-y-h-265-hdcvi-x-plus-audio-bidireccional-8-ip-o-hasta-24-canales-ip-smd-plus-y-busqueda-intde-huma\/#breadcrumb\"},\"inLanguage\":\"es-MX\",\"potentialAction\":[{\"@type\":\"ReadAction\",\"target\":[\"https:\/\/compuviper.mx\/tienda\/producto\/dahua-dh-xvr1b16h-i-t6937552408043-dvr-dh-xvr1b16h-i-t-de-16-canales-5mp-lite-con-wizsense-y-h-265-hdcvi-x-plus-audio-bidireccional-8-ip-o-hasta-24-canales-ip-smd-plus-y-busqueda-intde-huma\/\"]}]},{\"@type\":\"BreadcrumbList\",\"@id\":\"https:\/\/compuviper.mx\/tienda\/producto\/dahua-dh-xvr1b16h-i-t6937552408043-dvr-dh-xvr1b16h-i-t-de-16-canales-5mp-lite-con-wizsense-y-h-265-hdcvi-x-plus-audio-bidireccional-8-ip-o-hasta-24-canales-ip-smd-plus-y-busqueda-intde-huma\/#breadcrumb\",\"itemListElement\":[{\"@type\":\"ListItem\",\"position\":1,\"name\":\"Inicio\",\"item\":\"https:\/\/compuviper.mx\/tienda\/\"},{\"@type\":\"ListItem\",\"position\":2,\"name\":\"Productos\",\"item\":\"https:\/\/compuviper.mx\/tienda\/productos\/\"},{\"@type\":\"ListItem\",\"position\":3,\"name\":\"Videograbadores\",\"item\":\"https:\/\/compuviper.mx\/tienda\/categoria-producto\/videograbadores\/\"},{\"@type\":\"ListItem\",\"position\":4,\"name\":\"Dvr\",\"item\":\"https:\/\/compuviper.mx\/tienda\/categoria-producto\/videograbadores\/dvr\/\"},{\"@type\":\"ListItem\",\"position\":5,\"name\":\"Dahua Dh-xvr1b16h-i\/t,6937552408043 Dvr\/ \/ Dh-xvr1b16h-i\/t De 16 Canales 5mp Lite Con Wizsense Y H.265+\/ Hdcvi X Plus\/ Audio Bidireccional\/ + 8 Ip, O Hasta 24 Canales Ip\/smd Plus Y Busqueda Intde Humanos Y Vehiculos\/comp Dolyncare\"}]},{\"@type\":\"WebSite\",\"@id\":\"https:\/\/compuviper.mx\/tienda\/#website\",\"url\":\"https:\/\/compuviper.mx\/tienda\/\",\"name\":\"Compuviper\",\"description\":\"Proveedor de Computadoras, Laptops, Servidores, Monitores, Puntos de Venta, Teclados,   Impresoras, T\u00f3ner, C\u00e1maras de Seguridad y m\u00e1s en tu tienda en l\u00ednea\",\"publisher\":{\"@id\":\"https:\/\/compuviper.mx\/tienda\/#organization\"},\"potentialAction\":[{\"@type\":\"SearchAction\",\"target\":{\"@type\":\"EntryPoint\",\"urlTemplate\":\"https:\/\/compuviper.mx\/tienda\/?s={search_term_string}\"},\"query-input\":\"required name=search_term_string\"}],\"inLanguage\":\"es-MX\"},{\"@type\":\"Organization\",\"@id\":\"https:\/\/compuviper.mx\/tienda\/#organization\",\"name\":\"Compuviper\",\"url\":\"https:\/\/compuviper.mx\/tienda\/\",\"logo\":{\"@type\":\"ImageObject\",\"inLanguage\":\"es-MX\",\"@id\":\"https:\/\/compuviper.mx\/tienda\/#\/schema\/logo\/image\/\",\"url\":\"https:\/\/compuviper.mx\/tienda\/wp-content\/uploads\/2021\/08\/Logo-Compuviper-10.png\",\"contentUrl\":\"https:\/\/compuviper.mx\/tienda\/wp-content\/uploads\/2021\/08\/Logo-Compuviper-10.png\",\"width\":1000,\"height\":500,\"caption\":\"Compuviper\"},\"image\":{\"@id\":\"https:\/\/compuviper.mx\/tienda\/#\/schema\/logo\/image\/\"},\"sameAs\":[\"https:\/\/www.facebook.com\/compuviper\",\"https:\/\/www.youtube.com\/channel\/UCf73dERp9Y3cfOq7q8BhLjA?view_as=subscriber\"]}]}<\/script>\n<meta property=\"product:brand\" content=\"DAHUA\" \/>\n<meta property=\"product:price:amount\" content=\"2446\" \/>\n<meta property=\"product:price:currency\" content=\"MXN\" \/>\n<meta property=\"og:availability\" content=\"instock\" \/>\n<meta property=\"product:availability\" content=\"instock\" \/>\n<meta property=\"product:retailer_item_id\" content=\"DH-XVR1B16H-I\/T,6937552408043\" \/>\n<meta property=\"product:condition\" content=\"new\" \/>\n<!-- \/ Yoast SEO plugin. -->","yoast_head_json":{"title":"[ Dahua ] &#129351; Dh-xvr1b16h-i\/t,6937552408043 Dvr\/ \/ Dh-xvr1b16h-i\/t De 16 Canales 5mp Lite Con Wizsense Y H.265+\/ Hdcvi X Plus\/ Audio Bidireccional\/ + 8 Ip, O Hasta 24 Canales Ip\/smd Plus Y Busqueda Intde Humanos Y Vehiculos\/comp Dolyncare","description":"Compra Dh-xvr1b16h-i\/t,6937552408043 Dvr\/ \/ Dh-xvr1b16h-i\/t De 16 Canales 5mp Lite Con Wizsense Y H.265+\/ Hdcvi X Plus\/ Audio Bidireccional\/ + 8 Ip, O Hasta 24 Canales Ip\/smd Plus Y Busqueda Intde Humanos Y Vehiculos\/comp Dolyncare + Env\u00edo a domicilio + Pago seguro + Garant\u00eda","robots":{"index":"index","follow":"follow","max-snippet":"max-snippet:-1","max-image-preview":"max-image-preview:large","max-video-preview":"max-video-preview:-1"},"canonical":"https:\/\/compuviper.mx\/tienda\/producto\/dahua-dh-xvr1b16h-i-t6937552408043-dvr-dh-xvr1b16h-i-t-de-16-canales-5mp-lite-con-wizsense-y-h-265-hdcvi-x-plus-audio-bidireccional-8-ip-o-hasta-24-canales-ip-smd-plus-y-busqueda-intde-huma\/","og_locale":"es_MX","og_type":"article","og_title":"[ Dahua ] &#129351; Dh-xvr1b16h-i\/t,6937552408043 Dvr\/ \/ Dh-xvr1b16h-i\/t De 16 Canales 5mp Lite Con Wizsense Y H.265+\/ Hdcvi X Plus\/ Audio Bidireccional\/ + 8 Ip, O Hasta 24 Canales Ip\/smd Plus Y Busqueda Intde Humanos Y Vehiculos\/comp Dolyncare","og_description":"Compra Dh-xvr1b16h-i\/t,6937552408043 Dvr\/ \/ Dh-xvr1b16h-i\/t De 16 Canales 5mp Lite Con Wizsense Y H.265+\/ Hdcvi X Plus\/ Audio Bidireccional\/ + 8 Ip, O Hasta 24 Canales Ip\/smd Plus Y Busqueda Intde Humanos Y Vehiculos\/comp Dolyncare + Env\u00edo a domicilio + Pago seguro + Garant\u00eda","og_url":"https:\/\/compuviper.mx\/tienda\/producto\/dahua-dh-xvr1b16h-i-t6937552408043-dvr-dh-xvr1b16h-i-t-de-16-canales-5mp-lite-con-wizsense-y-h-265-hdcvi-x-plus-audio-bidireccional-8-ip-o-hasta-24-canales-ip-smd-plus-y-busqueda-intde-huma\/","og_site_name":"Compuviper","article_publisher":"https:\/\/www.facebook.com\/compuviper","article_modified_time":"2026-04-21T06:23:36+00:00","twitter_card":"summary_large_image","twitter_misc":{"Precio":"&#36;2,446 con IVA","Availability":"In stock"},"schema":{"@context":"https:\/\/schema.org","@graph":[{"@type":"WebPage","@id":"https:\/\/compuviper.mx\/tienda\/producto\/dahua-dh-xvr1b16h-i-t6937552408043-dvr-dh-xvr1b16h-i-t-de-16-canales-5mp-lite-con-wizsense-y-h-265-hdcvi-x-plus-audio-bidireccional-8-ip-o-hasta-24-canales-ip-smd-plus-y-busqueda-intde-huma\/","url":"https:\/\/compuviper.mx\/tienda\/producto\/dahua-dh-xvr1b16h-i-t6937552408043-dvr-dh-xvr1b16h-i-t-de-16-canales-5mp-lite-con-wizsense-y-h-265-hdcvi-x-plus-audio-bidireccional-8-ip-o-hasta-24-canales-ip-smd-plus-y-busqueda-intde-huma\/","name":"[ Dahua ] &#129351; Dh-xvr1b16h-i\/t,6937552408043 Dvr\/ \/ Dh-xvr1b16h-i\/t De 16 Canales 5mp Lite Con Wizsense Y H.265+\/ Hdcvi X Plus\/ Audio Bidireccional\/ + 8 Ip, O Hasta 24 Canales Ip\/smd Plus Y Busqueda Intde Humanos Y Vehiculos\/comp Dolyncare","isPartOf":{"@id":"https:\/\/compuviper.mx\/tienda\/#website"},"datePublished":"2026-04-21T06:23:35+00:00","dateModified":"2026-04-21T06:23:36+00:00","description":"Compra Dh-xvr1b16h-i\/t,6937552408043 Dvr\/ \/ Dh-xvr1b16h-i\/t De 16 Canales 5mp Lite Con Wizsense Y H.265+\/ Hdcvi X Plus\/ Audio Bidireccional\/ + 8 Ip, O Hasta 24 Canales Ip\/smd Plus Y Busqueda Intde Humanos Y Vehiculos\/comp Dolyncare + Env\u00edo a domicilio + Pago seguro + Garant\u00eda","breadcrumb":{"@id":"https:\/\/compuviper.mx\/tienda\/producto\/dahua-dh-xvr1b16h-i-t6937552408043-dvr-dh-xvr1b16h-i-t-de-16-canales-5mp-lite-con-wizsense-y-h-265-hdcvi-x-plus-audio-bidireccional-8-ip-o-hasta-24-canales-ip-smd-plus-y-busqueda-intde-huma\/#breadcrumb"},"inLanguage":"es-MX","potentialAction":[{"@type":"ReadAction","target":["https:\/\/compuviper.mx\/tienda\/producto\/dahua-dh-xvr1b16h-i-t6937552408043-dvr-dh-xvr1b16h-i-t-de-16-canales-5mp-lite-con-wizsense-y-h-265-hdcvi-x-plus-audio-bidireccional-8-ip-o-hasta-24-canales-ip-smd-plus-y-busqueda-intde-huma\/"]}]},{"@type":"BreadcrumbList","@id":"https:\/\/compuviper.mx\/tienda\/producto\/dahua-dh-xvr1b16h-i-t6937552408043-dvr-dh-xvr1b16h-i-t-de-16-canales-5mp-lite-con-wizsense-y-h-265-hdcvi-x-plus-audio-bidireccional-8-ip-o-hasta-24-canales-ip-smd-plus-y-busqueda-intde-huma\/#breadcrumb","itemListElement":[{"@type":"ListItem","position":1,"name":"Inicio","item":"https:\/\/compuviper.mx\/tienda\/"},{"@type":"ListItem","position":2,"name":"Productos","item":"https:\/\/compuviper.mx\/tienda\/productos\/"},{"@type":"ListItem","position":3,"name":"Videograbadores","item":"https:\/\/compuviper.mx\/tienda\/categoria-producto\/videograbadores\/"},{"@type":"ListItem","position":4,"name":"Dvr","item":"https:\/\/compuviper.mx\/tienda\/categoria-producto\/videograbadores\/dvr\/"},{"@type":"ListItem","position":5,"name":"Dahua Dh-xvr1b16h-i\/t,6937552408043 Dvr\/ \/ Dh-xvr1b16h-i\/t De 16 Canales 5mp Lite Con Wizsense Y H.265+\/ Hdcvi X Plus\/ Audio Bidireccional\/ + 8 Ip, O Hasta 24 Canales Ip\/smd Plus Y Busqueda Intde Humanos Y Vehiculos\/comp Dolyncare"}]},{"@type":"WebSite","@id":"https:\/\/compuviper.mx\/tienda\/#website","url":"https:\/\/compuviper.mx\/tienda\/","name":"Compuviper","description":"Proveedor de Computadoras, Laptops, Servidores, Monitores, Puntos de Venta, Teclados,   Impresoras, T\u00f3ner, C\u00e1maras de Seguridad y m\u00e1s en tu tienda en l\u00ednea","publisher":{"@id":"https:\/\/compuviper.mx\/tienda\/#organization"},"potentialAction":[{"@type":"SearchAction","target":{"@type":"EntryPoint","urlTemplate":"https:\/\/compuviper.mx\/tienda\/?s={search_term_string}"},"query-input":"required name=search_term_string"}],"inLanguage":"es-MX"},{"@type":"Organization","@id":"https:\/\/compuviper.mx\/tienda\/#organization","name":"Compuviper","url":"https:\/\/compuviper.mx\/tienda\/","logo":{"@type":"ImageObject","inLanguage":"es-MX","@id":"https:\/\/compuviper.mx\/tienda\/#\/schema\/logo\/image\/","url":"https:\/\/compuviper.mx\/tienda\/wp-content\/uploads\/2021\/08\/Logo-Compuviper-10.png","contentUrl":"https:\/\/compuviper.mx\/tienda\/wp-content\/uploads\/2021\/08\/Logo-Compuviper-10.png","width":1000,"height":500,"caption":"Compuviper"},"image":{"@id":"https:\/\/compuviper.mx\/tienda\/#\/schema\/logo\/image\/"},"sameAs":["https:\/\/www.facebook.com\/compuviper","https:\/\/www.youtube.com\/channel\/UCf73dERp9Y3cfOq7q8BhLjA?view_as=subscriber"]}]},"product_brand":"DAHUA","product_price_amount":"2446","product_price_currency":"MXN","og_availability":"instock","product_availability":"instock","product_retailer_item_id":"DH-XVR1B16H-I\/T,6937552408043","product_condition":"new"},"_links":{"self":[{"href":"https:\/\/compuviper.mx\/tienda\/wp-json\/wp\/v2\/product\/265670"}],"collection":[{"href":"https:\/\/compuviper.mx\/tienda\/wp-json\/wp\/v2\/product"}],"about":[{"href":"https:\/\/compuviper.mx\/tienda\/wp-json\/wp\/v2\/types\/product"}],"replies":[{"embeddable":true,"href":"https:\/\/compuviper.mx\/tienda\/wp-json\/wp\/v2\/comments?post=265670"}],"wp:attachment":[{"href":"https:\/\/compuviper.mx\/tienda\/wp-json\/wp\/v2\/media?parent=265670"}],"wp:term":[{"taxonomy":"product_cat","embeddable":true,"href":"https:\/\/compuviper.mx\/tienda\/wp-json\/wp\/v2\/product_cat?post=265670"},{"taxonomy":"product_tag","embeddable":true,"href":"https:\/\/compuviper.mx\/tienda\/wp-json\/wp\/v2\/product_tag?post=265670"}],"curies":[{"name":"wp","href":"https:\/\/api.w.org\/{rel}","templated":true}]}}