{"id":265668,"date":"2026-04-23T00:19:01","date_gmt":"2026-04-23T06:19:01","guid":{"rendered":"https:\/\/compuviper.mx\/tienda\/producto\/dahua-dh-ipc-hfw3449t1-zas-pv-camara-ip-bullet-de-4-mp-wizsense-varifocal-tioc-2-01-disuasion-activa-de-luz-dual-inteligente-ir-50-m-luz-calida-40-m-smd-4-0-disuasion-activa-audio-bidirec\/"},"modified":"2026-04-23T00:19:01","modified_gmt":"2026-04-23T06:19:01","slug":"dahua-dh-ipc-hfw3449t1-zas-pv-camara-ip-bullet-de-4-mp-wizsense-varifocal-tioc-2-01-disuasion-activa-de-luz-dual-inteligente-ir-50-m-luz-calida-40-m-smd-4-0-disuasion-activa-audio-bidirec","status":"publish","type":"product","link":"https:\/\/compuviper.mx\/tienda\/producto\/dahua-dh-ipc-hfw3449t1-zas-pv-camara-ip-bullet-de-4-mp-wizsense-varifocal-tioc-2-01-disuasion-activa-de-luz-dual-inteligente-ir-50-m-luz-calida-40-m-smd-4-0-disuasion-activa-audio-bidirec\/","title":{"rendered":"Dahua Dh-ipc-hfw3449t1-zas-pv Camara Ip\/ \/ \/ Bullet De 4 Mp \/wizsense\/ Varifocal\/ Tioc 2.01\/ Disuasion Activa De Luz Dual Inteligente\/ Ir 50 M\/luz Calida 40 M\/ Smd 4.0\/ Disuasion Activa\/ Audio Bidirecc"},"content":{"rendered":"<table class=\"descripcion\">\n<tr>\n<td>Especificaciones tecnicas<\/td>\n<\/tr>\n<tr>\n<td>\u0095 sensor de imagen cmos de 4 mp 1\/2,7, baja luminancia e imagen de alta definicion.<\/td>\n<\/tr>\n<tr>\n<td>\u0095 salidas max. 4 mp (2688 \u00d7 1520) a 25\/30 fps.<\/td>\n<\/tr>\n<tr>\n<td>\u0095 codec h.265, alta tasa de compresion, tasa de bits ultrabaja.<\/td>\n<\/tr>\n<tr>\n<td>\u0095 luz calida incorporada y led ir; el maximo. la distancia de iluminacion ir es de 50 my la distancia de luz calida es de 40 m.<\/td>\n<\/tr>\n<tr>\n<td>\u0095 \u00b7roi, smart h.264+\/h.265+, ai h.264\/h.265, codificacion flexible, aplicable a varios entornos de almacenamiento y ancho de banda. \u00b7modo de rotacion, wdr, 3d nr,<\/td>\n<\/tr>\n<tr>\n<td>Caracteristicas principales<\/td>\n<\/tr>\n<tr>\n<td>\u0095 monitoreo inteligente: intrusion, cable trampa (las dos funciones admiten la clasificacion y deteccion precisa de vehiculos y humanos).<\/td>\n<\/tr>\n<tr>\n<td>\u0095 deteccion de anomalias: deteccion de movimiento, enmascaramiento de privacidad, cambio de escena, deteccion de audio, sin tarjeta sd, tarjeta sd llena, error de tarjeta sd, desconexion de red, conflicto de ip, acceso ilegal y deteccion de voltaje.<\/td>\n<\/tr>\n<tr>\n<td>\u0095 alarma: 1 entrada, 1 salida; audio: 1 entrada, 1 salida; admite max. tarjeta micro sd de 256g;<\/td>\n<\/tr>\n<tr>\n<td>\u0095 admite conversacion bidireccional.<\/td>\n<\/tr>\n<tr>\n<td>\u0095 fuente de alimentacion de 12 v cc\/poe. \u00b7proteccion ip67.<\/td>\n<\/tr>\n<tr>\n<td>\u0095 alarma de sonido y luz (luces rojas y azules).<\/td>\n<\/tr>\n<tr>\n<td>\u0095 smd 4.0.<\/td>\n<\/tr>\n<tr>\n<td>\u0095 armado\/desarmado con un solo toque a traves de la entrada de alarma.<\/td>\n<\/tr>\n<\/table>\n","protected":false},"excerpt":{"rendered":"<p>Informacion general. Con un algoritmo de aprendizaje profundo avanzado, la camara de red de la serie dahua wizsense 3 admite funciones inteligentes, como proteccion perimetral y deteccion de movimiento inteligente. Con la tecnologia starlight, esta camara de la serie proporciona un mejor efecto de imagen en condiciones de baja iluminacion. Disuasion activa de sirena y luz. La sirena de dahua y la camara de red de disuasion activa de luz admiten la alarma de luz y la alarma de voz cuando ocurre un evento perimetral, para lograr la disuasion y la intervencion efectiva. La camara esta integrada en varias voces para la seleccion y admite la importacion de voces personalizadas. Smd 4.0. La tecnologia de deteccion de movimiento inteligente de dahua funciona con algoritmos inteligentes para clasificar los objetivos que activan las alarmas de deteccion de movimiento. Filtra objetos que no son objetivos, como animales pequenos y grandes, para evitar activar falsas alarmas. Con un ai nvr, la tecnologia quick pick esta disponible, lo que le permite buscar y seleccionar facilmente objetivos humanos y de vehiculos de videos de eventos smd, priorizando las coincidencias mas altas. Proteccion (ip67, amplio voltaje. Ip67: la camara pasa una serie de pruebas estrictas sobre polvo y remojo. Tiene una funcion a prueba de polvo y la carcasa puede funcionar normalmente despues de sumergirse en agua a 1 m de profundidad durante 30 minutos. Amplio voltaje: la camara permite una tolerancia de voltaje de entrada de \u00b130 % (amplio rango de voltaje) y se aplica ampliamente en ambientes exteriores con voltaje inestable. Luz dual inteligente. La tecnologia dahua smart dual light adopta un algoritmo inteligente para detectar objetivos. Por lo general, el iluminador ir esta encendido durante la noche; cuando el objetivo aparece en el area de monitoreo, la luz calida esta encendida y la camara graba el video a todo color y la informacion de los eventos clave. Es decir, la camara vincula la instantanea y el video con una imagen a todo color. Cuando el objetivo esta fuera del area de monitoreo, la luz calida esta apagada y el iluminador ir esta encendido, lo que reduce la contaminacion luminica de manera eficiente.<\/p>\n","protected":false},"featured_media":0,"comment_status":"open","ping_status":"open","template":"","meta":[],"product_cat":[1681,1608],"product_tag":[1555],"acf":[],"yoast_head":"<!-- This site is optimized with the Yoast SEO plugin v21.7 - https:\/\/yoast.com\/wordpress\/plugins\/seo\/ -->\n<title>[ Dahua ] &#129351; Dh-ipc-hfw3449t1-zas-pv Camara Ip\/ \/ \/ Bullet De 4 Mp \/wizsense\/ Varifocal\/ Tioc 2.01\/ Disuasion Activa De Luz Dual Inteligente\/ Ir 50 M\/luz Calida 40 M\/ Smd 4.0\/ Disuasion Activa\/ Audio Bidirecc<\/title>\n<meta name=\"description\" content=\"Compra Dh-ipc-hfw3449t1-zas-pv Camara Ip\/ \/ \/ Bullet De 4 Mp \/wizsense\/ Varifocal\/ Tioc 2.01\/ Disuasion Activa De Luz Dual Inteligente\/ Ir 50 M\/luz Calida 40 M\/ Smd 4.0\/ Disuasion Activa\/ Audio Bidirecc + Env\u00edo a domicilio + Pago seguro + Garant\u00eda\" \/>\n<meta name=\"robots\" content=\"index, follow, max-snippet:-1, max-image-preview:large, max-video-preview:-1\" \/>\n<link rel=\"canonical\" href=\"https:\/\/compuviper.mx\/tienda\/producto\/dahua-dh-ipc-hfw3449t1-zas-pv-camara-ip-bullet-de-4-mp-wizsense-varifocal-tioc-2-01-disuasion-activa-de-luz-dual-inteligente-ir-50-m-luz-calida-40-m-smd-4-0-disuasion-activa-audio-bidirec\/\" \/>\n<meta property=\"og:locale\" content=\"es_MX\" \/>\n<meta property=\"og:type\" content=\"article\" \/>\n<meta property=\"og:title\" content=\"[ Dahua ] &#129351; Dh-ipc-hfw3449t1-zas-pv Camara Ip\/ \/ \/ Bullet De 4 Mp \/wizsense\/ Varifocal\/ Tioc 2.01\/ Disuasion Activa De Luz Dual Inteligente\/ Ir 50 M\/luz Calida 40 M\/ Smd 4.0\/ Disuasion Activa\/ Audio Bidirecc\" \/>\n<meta property=\"og:description\" content=\"Compra Dh-ipc-hfw3449t1-zas-pv Camara Ip\/ \/ \/ Bullet De 4 Mp \/wizsense\/ Varifocal\/ Tioc 2.01\/ Disuasion Activa De Luz Dual Inteligente\/ Ir 50 M\/luz Calida 40 M\/ Smd 4.0\/ Disuasion Activa\/ Audio Bidirecc + Env\u00edo a domicilio + Pago seguro + Garant\u00eda\" \/>\n<meta property=\"og:url\" content=\"https:\/\/compuviper.mx\/tienda\/producto\/dahua-dh-ipc-hfw3449t1-zas-pv-camara-ip-bullet-de-4-mp-wizsense-varifocal-tioc-2-01-disuasion-activa-de-luz-dual-inteligente-ir-50-m-luz-calida-40-m-smd-4-0-disuasion-activa-audio-bidirec\/\" \/>\n<meta property=\"og:site_name\" content=\"Compuviper\" \/>\n<meta property=\"article:publisher\" content=\"https:\/\/www.facebook.com\/compuviper\" \/>\n<meta name=\"twitter:card\" content=\"summary_large_image\" \/>\n<meta name=\"twitter:label1\" content=\"Precio\" \/>\n\t<meta name=\"twitter:data1\" content=\"&#36;5,139 con IVA\" \/>\n\t<meta name=\"twitter:label2\" content=\"Availability\" \/>\n\t<meta name=\"twitter:data2\" content=\"Out of stock\" \/>\n<script type=\"application\/ld+json\" class=\"yoast-schema-graph\">{\"@context\":\"https:\/\/schema.org\",\"@graph\":[{\"@type\":\"WebPage\",\"@id\":\"https:\/\/compuviper.mx\/tienda\/producto\/dahua-dh-ipc-hfw3449t1-zas-pv-camara-ip-bullet-de-4-mp-wizsense-varifocal-tioc-2-01-disuasion-activa-de-luz-dual-inteligente-ir-50-m-luz-calida-40-m-smd-4-0-disuasion-activa-audio-bidirec\/\",\"url\":\"https:\/\/compuviper.mx\/tienda\/producto\/dahua-dh-ipc-hfw3449t1-zas-pv-camara-ip-bullet-de-4-mp-wizsense-varifocal-tioc-2-01-disuasion-activa-de-luz-dual-inteligente-ir-50-m-luz-calida-40-m-smd-4-0-disuasion-activa-audio-bidirec\/\",\"name\":\"[ Dahua ] &#129351; Dh-ipc-hfw3449t1-zas-pv Camara Ip\/ \/ \/ Bullet De 4 Mp \/wizsense\/ Varifocal\/ Tioc 2.01\/ Disuasion Activa De Luz Dual Inteligente\/ Ir 50 M\/luz Calida 40 M\/ Smd 4.0\/ Disuasion Activa\/ Audio Bidirecc\",\"isPartOf\":{\"@id\":\"https:\/\/compuviper.mx\/tienda\/#website\"},\"datePublished\":\"2026-04-23T06:19:01+00:00\",\"dateModified\":\"2026-04-23T06:19:01+00:00\",\"description\":\"Compra Dh-ipc-hfw3449t1-zas-pv Camara Ip\/ \/ \/ Bullet De 4 Mp \/wizsense\/ Varifocal\/ Tioc 2.01\/ Disuasion Activa De Luz Dual Inteligente\/ Ir 50 M\/luz Calida 40 M\/ Smd 4.0\/ Disuasion Activa\/ Audio Bidirecc + Env\u00edo a domicilio + Pago seguro + Garant\u00eda\",\"breadcrumb\":{\"@id\":\"https:\/\/compuviper.mx\/tienda\/producto\/dahua-dh-ipc-hfw3449t1-zas-pv-camara-ip-bullet-de-4-mp-wizsense-varifocal-tioc-2-01-disuasion-activa-de-luz-dual-inteligente-ir-50-m-luz-calida-40-m-smd-4-0-disuasion-activa-audio-bidirec\/#breadcrumb\"},\"inLanguage\":\"es-MX\",\"potentialAction\":[{\"@type\":\"ReadAction\",\"target\":[\"https:\/\/compuviper.mx\/tienda\/producto\/dahua-dh-ipc-hfw3449t1-zas-pv-camara-ip-bullet-de-4-mp-wizsense-varifocal-tioc-2-01-disuasion-activa-de-luz-dual-inteligente-ir-50-m-luz-calida-40-m-smd-4-0-disuasion-activa-audio-bidirec\/\"]}]},{\"@type\":\"BreadcrumbList\",\"@id\":\"https:\/\/compuviper.mx\/tienda\/producto\/dahua-dh-ipc-hfw3449t1-zas-pv-camara-ip-bullet-de-4-mp-wizsense-varifocal-tioc-2-01-disuasion-activa-de-luz-dual-inteligente-ir-50-m-luz-calida-40-m-smd-4-0-disuasion-activa-audio-bidirec\/#breadcrumb\",\"itemListElement\":[{\"@type\":\"ListItem\",\"position\":1,\"name\":\"Inicio\",\"item\":\"https:\/\/compuviper.mx\/tienda\/\"},{\"@type\":\"ListItem\",\"position\":2,\"name\":\"Productos\",\"item\":\"https:\/\/compuviper.mx\/tienda\/productos\/\"},{\"@type\":\"ListItem\",\"position\":3,\"name\":\"Camaras\",\"item\":\"https:\/\/compuviper.mx\/tienda\/categoria-producto\/camaras-2\/\"},{\"@type\":\"ListItem\",\"position\":4,\"name\":\"Camara De Videovigilancia\",\"item\":\"https:\/\/compuviper.mx\/tienda\/categoria-producto\/camaras-2\/camara-de-videovigilancia\/\"},{\"@type\":\"ListItem\",\"position\":5,\"name\":\"Dahua Dh-ipc-hfw3449t1-zas-pv Camara Ip\/ \/ \/ Bullet De 4 Mp \/wizsense\/ Varifocal\/ Tioc 2.01\/ Disuasion Activa De Luz Dual Inteligente\/ Ir 50 M\/luz Calida 40 M\/ Smd 4.0\/ Disuasion Activa\/ Audio Bidirecc\"}]},{\"@type\":\"WebSite\",\"@id\":\"https:\/\/compuviper.mx\/tienda\/#website\",\"url\":\"https:\/\/compuviper.mx\/tienda\/\",\"name\":\"Compuviper\",\"description\":\"Proveedor de Computadoras, Laptops, Servidores, Monitores, Puntos de Venta, Teclados,   Impresoras, T\u00f3ner, C\u00e1maras de Seguridad y m\u00e1s en tu tienda en l\u00ednea\",\"publisher\":{\"@id\":\"https:\/\/compuviper.mx\/tienda\/#organization\"},\"potentialAction\":[{\"@type\":\"SearchAction\",\"target\":{\"@type\":\"EntryPoint\",\"urlTemplate\":\"https:\/\/compuviper.mx\/tienda\/?s={search_term_string}\"},\"query-input\":\"required name=search_term_string\"}],\"inLanguage\":\"es-MX\"},{\"@type\":\"Organization\",\"@id\":\"https:\/\/compuviper.mx\/tienda\/#organization\",\"name\":\"Compuviper\",\"url\":\"https:\/\/compuviper.mx\/tienda\/\",\"logo\":{\"@type\":\"ImageObject\",\"inLanguage\":\"es-MX\",\"@id\":\"https:\/\/compuviper.mx\/tienda\/#\/schema\/logo\/image\/\",\"url\":\"https:\/\/compuviper.mx\/tienda\/wp-content\/uploads\/2021\/08\/Logo-Compuviper-10.png\",\"contentUrl\":\"https:\/\/compuviper.mx\/tienda\/wp-content\/uploads\/2021\/08\/Logo-Compuviper-10.png\",\"width\":1000,\"height\":500,\"caption\":\"Compuviper\"},\"image\":{\"@id\":\"https:\/\/compuviper.mx\/tienda\/#\/schema\/logo\/image\/\"},\"sameAs\":[\"https:\/\/www.facebook.com\/compuviper\",\"https:\/\/www.youtube.com\/channel\/UCf73dERp9Y3cfOq7q8BhLjA?view_as=subscriber\"]}]}<\/script>\n<meta property=\"product:brand\" content=\"DAHUA\" \/>\n<meta property=\"product:price:amount\" content=\"5139\" \/>\n<meta property=\"product:price:currency\" content=\"MXN\" \/>\n<meta property=\"og:availability\" content=\"out of stock\" \/>\n<meta property=\"product:availability\" content=\"out of stock\" \/>\n<meta property=\"product:retailer_item_id\" content=\"DH-IPC-HFW3449T1-ZAS-PV\" \/>\n<meta property=\"product:condition\" content=\"new\" \/>\n<!-- \/ Yoast SEO plugin. -->","yoast_head_json":{"title":"[ Dahua ] &#129351; Dh-ipc-hfw3449t1-zas-pv Camara Ip\/ \/ \/ Bullet De 4 Mp \/wizsense\/ Varifocal\/ Tioc 2.01\/ Disuasion Activa De Luz Dual Inteligente\/ Ir 50 M\/luz Calida 40 M\/ Smd 4.0\/ Disuasion Activa\/ Audio Bidirecc","description":"Compra Dh-ipc-hfw3449t1-zas-pv Camara Ip\/ \/ \/ Bullet De 4 Mp \/wizsense\/ Varifocal\/ Tioc 2.01\/ Disuasion Activa De Luz Dual Inteligente\/ Ir 50 M\/luz Calida 40 M\/ Smd 4.0\/ Disuasion Activa\/ Audio Bidirecc + Env\u00edo a domicilio + Pago seguro + Garant\u00eda","robots":{"index":"index","follow":"follow","max-snippet":"max-snippet:-1","max-image-preview":"max-image-preview:large","max-video-preview":"max-video-preview:-1"},"canonical":"https:\/\/compuviper.mx\/tienda\/producto\/dahua-dh-ipc-hfw3449t1-zas-pv-camara-ip-bullet-de-4-mp-wizsense-varifocal-tioc-2-01-disuasion-activa-de-luz-dual-inteligente-ir-50-m-luz-calida-40-m-smd-4-0-disuasion-activa-audio-bidirec\/","og_locale":"es_MX","og_type":"article","og_title":"[ Dahua ] &#129351; Dh-ipc-hfw3449t1-zas-pv Camara Ip\/ \/ \/ Bullet De 4 Mp \/wizsense\/ Varifocal\/ Tioc 2.01\/ Disuasion Activa De Luz Dual Inteligente\/ Ir 50 M\/luz Calida 40 M\/ Smd 4.0\/ Disuasion Activa\/ Audio Bidirecc","og_description":"Compra Dh-ipc-hfw3449t1-zas-pv Camara Ip\/ \/ \/ Bullet De 4 Mp \/wizsense\/ Varifocal\/ Tioc 2.01\/ Disuasion Activa De Luz Dual Inteligente\/ Ir 50 M\/luz Calida 40 M\/ Smd 4.0\/ Disuasion Activa\/ Audio Bidirecc + Env\u00edo a domicilio + Pago seguro + Garant\u00eda","og_url":"https:\/\/compuviper.mx\/tienda\/producto\/dahua-dh-ipc-hfw3449t1-zas-pv-camara-ip-bullet-de-4-mp-wizsense-varifocal-tioc-2-01-disuasion-activa-de-luz-dual-inteligente-ir-50-m-luz-calida-40-m-smd-4-0-disuasion-activa-audio-bidirec\/","og_site_name":"Compuviper","article_publisher":"https:\/\/www.facebook.com\/compuviper","twitter_card":"summary_large_image","twitter_misc":{"Precio":"&#36;5,139 con IVA","Availability":"Out of stock"},"schema":{"@context":"https:\/\/schema.org","@graph":[{"@type":"WebPage","@id":"https:\/\/compuviper.mx\/tienda\/producto\/dahua-dh-ipc-hfw3449t1-zas-pv-camara-ip-bullet-de-4-mp-wizsense-varifocal-tioc-2-01-disuasion-activa-de-luz-dual-inteligente-ir-50-m-luz-calida-40-m-smd-4-0-disuasion-activa-audio-bidirec\/","url":"https:\/\/compuviper.mx\/tienda\/producto\/dahua-dh-ipc-hfw3449t1-zas-pv-camara-ip-bullet-de-4-mp-wizsense-varifocal-tioc-2-01-disuasion-activa-de-luz-dual-inteligente-ir-50-m-luz-calida-40-m-smd-4-0-disuasion-activa-audio-bidirec\/","name":"[ Dahua ] &#129351; Dh-ipc-hfw3449t1-zas-pv Camara Ip\/ \/ \/ Bullet De 4 Mp \/wizsense\/ Varifocal\/ Tioc 2.01\/ Disuasion Activa De Luz Dual Inteligente\/ Ir 50 M\/luz Calida 40 M\/ Smd 4.0\/ Disuasion Activa\/ Audio Bidirecc","isPartOf":{"@id":"https:\/\/compuviper.mx\/tienda\/#website"},"datePublished":"2026-04-23T06:19:01+00:00","dateModified":"2026-04-23T06:19:01+00:00","description":"Compra Dh-ipc-hfw3449t1-zas-pv Camara Ip\/ \/ \/ Bullet De 4 Mp \/wizsense\/ Varifocal\/ Tioc 2.01\/ Disuasion Activa De Luz Dual Inteligente\/ Ir 50 M\/luz Calida 40 M\/ Smd 4.0\/ Disuasion Activa\/ Audio Bidirecc + Env\u00edo a domicilio + Pago seguro + Garant\u00eda","breadcrumb":{"@id":"https:\/\/compuviper.mx\/tienda\/producto\/dahua-dh-ipc-hfw3449t1-zas-pv-camara-ip-bullet-de-4-mp-wizsense-varifocal-tioc-2-01-disuasion-activa-de-luz-dual-inteligente-ir-50-m-luz-calida-40-m-smd-4-0-disuasion-activa-audio-bidirec\/#breadcrumb"},"inLanguage":"es-MX","potentialAction":[{"@type":"ReadAction","target":["https:\/\/compuviper.mx\/tienda\/producto\/dahua-dh-ipc-hfw3449t1-zas-pv-camara-ip-bullet-de-4-mp-wizsense-varifocal-tioc-2-01-disuasion-activa-de-luz-dual-inteligente-ir-50-m-luz-calida-40-m-smd-4-0-disuasion-activa-audio-bidirec\/"]}]},{"@type":"BreadcrumbList","@id":"https:\/\/compuviper.mx\/tienda\/producto\/dahua-dh-ipc-hfw3449t1-zas-pv-camara-ip-bullet-de-4-mp-wizsense-varifocal-tioc-2-01-disuasion-activa-de-luz-dual-inteligente-ir-50-m-luz-calida-40-m-smd-4-0-disuasion-activa-audio-bidirec\/#breadcrumb","itemListElement":[{"@type":"ListItem","position":1,"name":"Inicio","item":"https:\/\/compuviper.mx\/tienda\/"},{"@type":"ListItem","position":2,"name":"Productos","item":"https:\/\/compuviper.mx\/tienda\/productos\/"},{"@type":"ListItem","position":3,"name":"Camaras","item":"https:\/\/compuviper.mx\/tienda\/categoria-producto\/camaras-2\/"},{"@type":"ListItem","position":4,"name":"Camara De Videovigilancia","item":"https:\/\/compuviper.mx\/tienda\/categoria-producto\/camaras-2\/camara-de-videovigilancia\/"},{"@type":"ListItem","position":5,"name":"Dahua Dh-ipc-hfw3449t1-zas-pv Camara Ip\/ \/ \/ Bullet De 4 Mp \/wizsense\/ Varifocal\/ Tioc 2.01\/ Disuasion Activa De Luz Dual Inteligente\/ Ir 50 M\/luz Calida 40 M\/ Smd 4.0\/ Disuasion Activa\/ Audio Bidirecc"}]},{"@type":"WebSite","@id":"https:\/\/compuviper.mx\/tienda\/#website","url":"https:\/\/compuviper.mx\/tienda\/","name":"Compuviper","description":"Proveedor de Computadoras, Laptops, Servidores, Monitores, Puntos de Venta, Teclados,   Impresoras, T\u00f3ner, C\u00e1maras de Seguridad y m\u00e1s en tu tienda en l\u00ednea","publisher":{"@id":"https:\/\/compuviper.mx\/tienda\/#organization"},"potentialAction":[{"@type":"SearchAction","target":{"@type":"EntryPoint","urlTemplate":"https:\/\/compuviper.mx\/tienda\/?s={search_term_string}"},"query-input":"required name=search_term_string"}],"inLanguage":"es-MX"},{"@type":"Organization","@id":"https:\/\/compuviper.mx\/tienda\/#organization","name":"Compuviper","url":"https:\/\/compuviper.mx\/tienda\/","logo":{"@type":"ImageObject","inLanguage":"es-MX","@id":"https:\/\/compuviper.mx\/tienda\/#\/schema\/logo\/image\/","url":"https:\/\/compuviper.mx\/tienda\/wp-content\/uploads\/2021\/08\/Logo-Compuviper-10.png","contentUrl":"https:\/\/compuviper.mx\/tienda\/wp-content\/uploads\/2021\/08\/Logo-Compuviper-10.png","width":1000,"height":500,"caption":"Compuviper"},"image":{"@id":"https:\/\/compuviper.mx\/tienda\/#\/schema\/logo\/image\/"},"sameAs":["https:\/\/www.facebook.com\/compuviper","https:\/\/www.youtube.com\/channel\/UCf73dERp9Y3cfOq7q8BhLjA?view_as=subscriber"]}]},"product_brand":"DAHUA","product_price_amount":"5139","product_price_currency":"MXN","og_availability":"out of stock","product_availability":"out of stock","product_retailer_item_id":"DH-IPC-HFW3449T1-ZAS-PV","product_condition":"new"},"_links":{"self":[{"href":"https:\/\/compuviper.mx\/tienda\/wp-json\/wp\/v2\/product\/265668"}],"collection":[{"href":"https:\/\/compuviper.mx\/tienda\/wp-json\/wp\/v2\/product"}],"about":[{"href":"https:\/\/compuviper.mx\/tienda\/wp-json\/wp\/v2\/types\/product"}],"replies":[{"embeddable":true,"href":"https:\/\/compuviper.mx\/tienda\/wp-json\/wp\/v2\/comments?post=265668"}],"wp:attachment":[{"href":"https:\/\/compuviper.mx\/tienda\/wp-json\/wp\/v2\/media?parent=265668"}],"wp:term":[{"taxonomy":"product_cat","embeddable":true,"href":"https:\/\/compuviper.mx\/tienda\/wp-json\/wp\/v2\/product_cat?post=265668"},{"taxonomy":"product_tag","embeddable":true,"href":"https:\/\/compuviper.mx\/tienda\/wp-json\/wp\/v2\/product_tag?post=265668"}],"curies":[{"name":"wp","href":"https:\/\/api.w.org\/{rel}","templated":true}]}}