{"id":265648,"date":"2026-04-10T00:50:46","date_gmt":"2026-04-10T06:50:46","guid":{"rendered":"https:\/\/compuviper.mx\/tienda\/producto\/lg-65ul5q-monitor-de-sealizacion-digital-de-65-p-uso-24-7-brillo-500-nits-webos-6-1-3840-x-2160-8ms-hdmi-3rs232-60hz-ancho-del-marco-10-8-mm-vesa-300-x-300\/"},"modified":"2026-04-10T00:50:47","modified_gmt":"2026-04-10T06:50:47","slug":"lg-65ul5q-monitor-de-sealizacion-digital-de-65-p-uso-24-7-brillo-500-nits-webos-6-1-3840-x-2160-8ms-hdmi-3rs232-60hz-ancho-del-marco-10-8-mm-vesa-300-x-300","status":"publish","type":"product","link":"https:\/\/compuviper.mx\/tienda\/producto\/lg-65ul5q-monitor-de-sealizacion-digital-de-65-p-uso-24-7-brillo-500-nits-webos-6-1-3840-x-2160-8ms-hdmi-3rs232-60hz-ancho-del-marco-10-8-mm-vesa-300-x-300\/","title":{"rendered":"Lg 65ul5q Monitor De Se?alizacion Digital  De 65 P Uso 24\/7 Brillo 500 Nits, Webos 6.1 3840 X 2160 8ms Hdmi 3,rs232 60hz, Ancho Del Marco 10.8 Mm Vesa 300 X 300"},"content":{"rendered":"<table class=\"descripcion\">\n<tr>\n<td>Panel<\/td>\n<\/tr>\n<tr>\n<td>Tama\u00f1o de pantalla 65<\/td>\n<\/tr>\n<tr>\n<td>Tecnolog\u00eda de paneles anuncios<\/td>\n<\/tr>\n<tr>\n<td>Tipo de luz de fondo directo<\/td>\n<\/tr>\n<tr>\n<td>Relaci\u00f3n de aspecto 16:9<\/td>\n<\/tr>\n<tr>\n<td>Resoluci\u00f3n nativa 3840 x 2160 (4k uhd)<\/td>\n<\/tr>\n<tr>\n<td>Frecuencia de actualizaci\u00f3n 60 hz<\/td>\n<\/tr>\n<tr>\n<td>Brillo (t\u00edpico) 500 nits<\/td>\n<\/tr>\n<tr>\n<td>Relaci\u00f3n de contraste 1.200:1<\/td>\n<\/tr>\n<tr>\n<td>Cr din\u00e1mico 1.000.000:1<\/td>\n<\/tr>\n<tr>\n<td>Gama de colores dci 80%<\/td>\n<\/tr>\n<tr>\n<td>\u00e1ngulo de visi\u00f3n (h x v) 178 \u00d7 178<\/td>\n<\/tr>\n<tr>\n<td>Profundidad de color 1,07 mil millones de colores (8 bits + frc)<\/td>\n<\/tr>\n<tr>\n<td>Tiempo de respuesta 8 ms (g a g)<\/td>\n<\/tr>\n<tr>\n<td>Tratamiento de superficies (neblina) 1%<\/td>\n<\/tr>\n<tr>\n<td>Tiempo de vida (min.) 30.000 horas<\/td>\n<\/tr>\n<tr>\n<td>Horario de atenci\u00f3n (horas\/d\u00edas) 24\/7<\/td>\n<\/tr>\n<tr>\n<td>Retrato \/ paisaje s\u00ed \/ s\u00ed<\/td>\n<\/tr>\n<tr>\n<td>Especificaci\u00f3n mec\u00e1nica<\/td>\n<\/tr>\n<tr>\n<td>Color del bisel negro<\/td>\n<\/tr>\n<tr>\n<td>Ancho del bisel 10,8 mm (par)<\/td>\n<\/tr>\n<tr>\n<td>Peso (cabeza) 16,5 kilogramos<\/td>\n<\/tr>\n<tr>\n<td>Peso empaquetado 21,8 kilogramos<\/td>\n<\/tr>\n<tr>\n<td>Dimensiones del monitor (an. \u00d7 al. \u00d7 pr.) 1.452,9 \u00d7 829,2 \u00d7 59,7 mm<\/td>\n<\/tr>\n<tr>\n<td>Dimensiones de la caja (an \u00d7 al \u00d7 pr) 1.635 \u00d7 141 \u00d7 976 mm<\/td>\n<\/tr>\n<tr>\n<td>Interfaz de montaje est\u00e1ndar vesa\u0099 300 \u00d7 300 mm<\/td>\n<\/tr>\n<tr>\n<td>Caracter\u00edstica clave<\/td>\n<\/tr>\n<tr>\n<td>Memoria interna de 8 gb, wi-fi integrado, sensor de temperatura, sensor de brillo autom\u00e1tico, sensor de aceleraci\u00f3n (girosc\u00f3pico), operaci\u00f3n de tecla local (solo encendido\/apagado), webos 6.1, programaci\u00f3n de contenido local, administrador de grupos, usb plug  and  play, conmutaci\u00f3n por error, imagen del logotipo de arranque, imagen sin se\u00f1al, sincronizaci\u00f3n rs-232c, sincronizaci\u00f3n de red local, compartir pantalla, etiqueta de video (4, m\u00e1ximo una entrada hdmi), reproducir mediante url, rotaci\u00f3n de pantalla, rotaci\u00f3n de entrada externa, reproducci\u00f3n sin interrupciones, configuraci\u00f3n de modo mosaico, clonaci\u00f3n de datos de configuraci\u00f3n, snmp, m\u00e9todo ism, id de configuraci\u00f3n autom\u00e1tica, env\u00edo de estado por correo, administrador de control, certificaci\u00f3n cisco (por determinar), crestron connected\u00ae, ahorro de energ\u00eda inteligente, modo pm, activaci\u00f3n por lan, listo para red, baliza, hdmi-cec, configuraci\u00f3n de servidor si, webrtc, pro:idiom<\/td>\n<\/tr>\n<tr>\n<td>Condiciones ambientales<\/td>\n<\/tr>\n<tr>\n<td>Temperatura de funcionamiento 0\u00b0c a 40\u00b0c (escena de retrato: 0\u00b0c a 35\u00b0c)<\/td>\n<\/tr>\n<tr>\n<td>Humedad de funcionamiento 10 % a 80 %<\/td>\n<\/tr>\n<tr>\n<td>Fuerza<\/td>\n<\/tr>\n<tr>\n<td>Fuente de alimentaci\u00f3n ca 100-240 v ~, 50\/60 hz<\/td>\n<\/tr>\n<tr>\n<td>Tipo de energ\u00eda energ\u00eda incorporada<\/td>\n<\/tr>\n<tr>\n<td>Consumo de energ\u00eda<\/td>\n<\/tr>\n<tr>\n<td>T\u00edp.\/m\u00e1x. 155 w \/ 228 w<\/td>\n<\/tr>\n<tr>\n<td>Ahorro de energ\u00eda inteligente (70%) 108,5 w<\/td>\n<\/tr>\n<tr>\n<td>Director de proyectos 0,5 w<\/td>\n<\/tr>\n<tr>\n<td>Apagado 0,5 w<\/td>\n<\/tr>\n<tr>\n<td>Btu (unidad t\u00e9rmica brit\u00e1nica) 528.882 btu\/hora (t\u00edpico), 777.968 btu\/hora (m\u00e1x.)<\/td>\n<\/tr>\n<tr>\n<td>Est\u00e1ndar (certificaci\u00f3n)<\/td>\n<\/tr>\n<tr>\n<td>Seguridad cb<\/td>\n<\/tr>\n<tr>\n<td>Compatibilidad electromagn\u00e9tica clase b de la fcc \/ ce<\/td>\n<\/tr>\n<tr>\n<td>Epeat (solo ee. uu.) s\u00ed<\/td>\n<\/tr>\n<tr>\n<td>Erp \/ energy star s\u00ed (newerp) \/ s\u00ed<\/td>\n<\/tr>\n<tr>\n<td>Compatibilidad de software<\/td>\n<\/tr>\n<tr>\n<td>Supersign cms, supersign control+, supersign wb, supersign cloud, cms m\u00f3vil, lg connectedcare<\/td>\n<\/tr>\n<tr>\n<td>Conectividad<\/td>\n<\/tr>\n<tr>\n<td>Aporte hdmi (3, hdcp 2.2\/1.4), rs-232c (conector telef\u00f3nico de 4 pines), rj45 (lan), usb 2.0 tipo a (2)<\/td>\n<\/tr>\n<tr>\n<td>Producci\u00f3n audio, rs-232c<\/td>\n<\/tr>\n<tr>\n<td>Sonido<\/td>\n<\/tr>\n<tr>\n<td>Vocero 10 w \u00d7 2<\/td>\n<\/tr>\n<tr>\n<td>Idioma<\/td>\n<\/tr>\n<tr>\n<td>Ingl\u00e9s, franc\u00e9s, alem\u00e1n, espa\u00f1ol, italiano, coreano, chino (simplificado), chino (original), portugu\u00e9s (brasil), sueco, finland\u00e9s, noruego, dan\u00e9s, ruso, japon\u00e9s, portugu\u00e9s (europa), neerland\u00e9s, checo, griego, turco, \u00e1rabe, polaco<\/td>\n<\/tr>\n<tr>\n<td>Accesorio<\/td>\n<\/tr>\n<tr>\n<td>B\u00e1sico control remoto, cable de alimentaci\u00f3n, libro de regulaciones, gu\u00eda de instalaci\u00f3n f\u00e1cil, tarjeta de garant\u00eda, conector de tel\u00e9fono a d-sub9<\/td>\n<\/tr>\n<tr>\n<td>Caracter\u00edstica especial<\/td>\n<\/tr>\n<tr>\n<td>Recubrimiento conformado (placa de alimentaci\u00f3n) s\u00ed<\/td>\n<\/tr>\n<\/table>\n","protected":false},"excerpt":{"rendered":"<p>Se\u00f1alizaci\u00f3n uhd webos de lg para. Funcionamiento 24\/7. Excelente calidad de imagen con resoluci\u00f3n ultra hd. La serie ul5q-e, con resoluci\u00f3n uhd, realza el realismo de los colores y los detalles del contenido. Su amplio \u00e1ngulo de visi\u00f3n ofrece im\u00e1genes n\u00edtidas, mientras que su brillo de 500 nits muestra el contenido con gran nitidez. Alto rendimiento con lg webos 6.1. Lg webos 6.1 est\u00e1 disponible en la serie ul5q-e para una ejecuci\u00f3n fluida de m\u00faltiples tareas. La plataforma de se\u00f1alizaci\u00f3n inteligente lg webos mejora la comodidad del usuario con una interfaz gr\u00e1fica de usuario intuitiva*. Dise\u00f1o de bisel uniforme. La serie ul5q-e presenta biseles uniformes que realzan el atractivo est\u00e9tico de diversos espacios. Estos biseles uniformes no solo facilitan la instalaci\u00f3n, sino que tambi\u00e9n transforman las pantallas est\u00e1ndar en elegantes puntos focales. Experiencia de visualizaci\u00f3n adaptativa. Experimente la flexibilidad que ofrece la serie ul5q-e con su capacidad de inclinaci\u00f3n vertical. Ya sea que se instale en altura o en posici\u00f3n baja, la pantalla se puede ajustar a la altura de los ojos, lo que facilita la interacci\u00f3n del espectador independientemente de la altura de instalaci\u00f3n. Esta versatilidad no solo optimiza el espacio, sino que tambi\u00e9n proporciona comodidad visual, mostrando informaci\u00f3n clara desde diversos \u00e1ngulos de visi\u00f3n. Dise\u00f1ado para funcionar 24 horas al d\u00eda, 7 d\u00edas a la semana. Dise\u00f1ada para entornos que nunca duermen, la serie ul5q-e cuenta con tecnolog\u00eda de panel que permite un funcionamiento 24\/7. * la serie ul5q-e incluye el mismo periodo de garant\u00eda est\u00e1ndar que otros modelos de se\u00f1alizaci\u00f3n y ofrece una garant\u00eda extendida opcional con una cobertura de hasta 5 a\u00f1os. Si se adquiere la garant\u00eda extendida, la cobertura finaliza al alcanzar las 30.000 horas de uso o al finalizar el periodo de 5 a\u00f1os, lo que ocurra primero. Sensor de brillo incorporado. El sensor de brillo frontal de la serie ul5q-e ajusta autom\u00e1ticamente el brillo para adaptarse a diversas condiciones de iluminaci\u00f3n, optimizando la calidad de visualizaci\u00f3n y la eficiencia energ\u00e9tica sin intervenci\u00f3n manual. Esta funci\u00f3n adaptativa ofrece un rendimiento de pantalla uniforme, a la vez que optimiza el consumo de energ\u00eda, ofreciendo una experiencia visual que responde din\u00e1micamente a los cambios ambientales. Arquitectura de seguridad avanzada. La serie ul5q-e incorpora la tecnolog\u00eda enhanced kernel protection (ekp) de lg, que protege los datos cr\u00edticos contra accesos no autorizados y posibles amenazas a la seguridad. Este compromiso con la seguridad de la informaci\u00f3n est\u00e1 validado por la certificaci\u00f3n iso\/iec 15408 common criteria eal2, que ofrece a las empresas la confianza de que su contenido y operaciones confidenciales permanecen protegidos en el exigente panorama de seguridad actual. Monitoreo y control remoto. Esta soluci\u00f3n de monitoreo web es intuitiva y c\u00f3moda. Permite al usuario tener acceso completo en cualquier momento y lugar desde su tel\u00e9fono m\u00f3vil y pc en un entorno con acceso a la red, con acceso a datos actuales y hist\u00f3ricos. Permite al usuario monitorear la unidad, realizar ajustes y controlarla remotamente en tiempo real. Registrado en epeat. La herramienta de evaluaci\u00f3n ambiental de productos electr\u00f3nicos (epeat) es un m\u00e9todo que permite a varios niveles de clientes evaluar el impacto de un producto en el medio ambiente. La serie ul5q-e cuenta con certificaci\u00f3n epeat bronce*, lo que significa que cumple con todos los criterios requeridos en la categor\u00eda de computadoras y pantallas. Lg connectedcare. El mantenimiento es f\u00e1cil y r\u00e1pido con el servicio opcional lg connectedcare*, una soluci\u00f3n en la nube de lg. Gestiona remotamente el estado de las pantallas en los centros de trabajo de los clientes para el diagn\u00f3stico de fallos y el control remoto, lo que contribuye a la estabilidad de sus negocios.<\/p>\n","protected":false},"featured_media":0,"comment_status":"open","ping_status":"open","template":"","meta":[],"product_cat":[1740,1746],"product_tag":[1687],"acf":[],"yoast_head":"<!-- This site is optimized with the Yoast SEO plugin v21.7 - https:\/\/yoast.com\/wordpress\/plugins\/seo\/ -->\n<title>[ Lg ] &#129351; 65ul5q Monitor De Se\u00f1alizacion Digital De 65 P Uso 24\/7 Brillo 500 Nits, Webos 6.1 3840 X 2160 8ms Hdmi 3,rs232 60hz, Ancho Del Marco 10.8 Mm Vesa 300 X 300<\/title>\n<meta name=\"description\" content=\"Compra 65ul5q Monitor De Se\u00f1alizacion Digital De 65 P Uso 24\/7 Brillo 500 Nits, Webos 6.1 3840 X 2160 8ms Hdmi 3,rs232 60hz, Ancho Del Marco 10.8 Mm Vesa 300 X 300 + Env\u00edo a domicilio + Pago seguro + Garant\u00eda\" \/>\n<meta name=\"robots\" content=\"index, follow, max-snippet:-1, max-image-preview:large, max-video-preview:-1\" \/>\n<link rel=\"canonical\" href=\"https:\/\/compuviper.mx\/tienda\/producto\/lg-65ul5q-monitor-de-sealizacion-digital-de-65-p-uso-24-7-brillo-500-nits-webos-6-1-3840-x-2160-8ms-hdmi-3rs232-60hz-ancho-del-marco-10-8-mm-vesa-300-x-300\/\" \/>\n<meta property=\"og:locale\" content=\"es_MX\" \/>\n<meta property=\"og:type\" content=\"article\" \/>\n<meta property=\"og:title\" content=\"[ Lg ] &#129351; 65ul5q Monitor De Se\u00f1alizacion Digital De 65 P Uso 24\/7 Brillo 500 Nits, Webos 6.1 3840 X 2160 8ms Hdmi 3,rs232 60hz, Ancho Del Marco 10.8 Mm Vesa 300 X 300\" \/>\n<meta property=\"og:description\" content=\"Compra 65ul5q Monitor De Se\u00f1alizacion Digital De 65 P Uso 24\/7 Brillo 500 Nits, Webos 6.1 3840 X 2160 8ms Hdmi 3,rs232 60hz, Ancho Del Marco 10.8 Mm Vesa 300 X 300 + Env\u00edo a domicilio + Pago seguro + Garant\u00eda\" \/>\n<meta property=\"og:url\" content=\"https:\/\/compuviper.mx\/tienda\/producto\/lg-65ul5q-monitor-de-sealizacion-digital-de-65-p-uso-24-7-brillo-500-nits-webos-6-1-3840-x-2160-8ms-hdmi-3rs232-60hz-ancho-del-marco-10-8-mm-vesa-300-x-300\/\" \/>\n<meta property=\"og:site_name\" content=\"Compuviper\" \/>\n<meta property=\"article:publisher\" content=\"https:\/\/www.facebook.com\/compuviper\" \/>\n<meta property=\"article:modified_time\" content=\"2026-04-10T06:50:47+00:00\" \/>\n<meta name=\"twitter:card\" content=\"summary_large_image\" \/>\n<meta name=\"twitter:label1\" content=\"Precio\" \/>\n\t<meta name=\"twitter:data1\" content=\"&#36;14,188 con IVA\" \/>\n\t<meta name=\"twitter:label2\" content=\"Availability\" \/>\n\t<meta name=\"twitter:data2\" content=\"In stock\" \/>\n<script type=\"application\/ld+json\" class=\"yoast-schema-graph\">{\"@context\":\"https:\/\/schema.org\",\"@graph\":[{\"@type\":\"WebPage\",\"@id\":\"https:\/\/compuviper.mx\/tienda\/producto\/lg-65ul5q-monitor-de-sealizacion-digital-de-65-p-uso-24-7-brillo-500-nits-webos-6-1-3840-x-2160-8ms-hdmi-3rs232-60hz-ancho-del-marco-10-8-mm-vesa-300-x-300\/\",\"url\":\"https:\/\/compuviper.mx\/tienda\/producto\/lg-65ul5q-monitor-de-sealizacion-digital-de-65-p-uso-24-7-brillo-500-nits-webos-6-1-3840-x-2160-8ms-hdmi-3rs232-60hz-ancho-del-marco-10-8-mm-vesa-300-x-300\/\",\"name\":\"[ Lg ] &#129351; 65ul5q Monitor De Se\u00f1alizacion Digital De 65 P Uso 24\/7 Brillo 500 Nits, Webos 6.1 3840 X 2160 8ms Hdmi 3,rs232 60hz, Ancho Del Marco 10.8 Mm Vesa 300 X 300\",\"isPartOf\":{\"@id\":\"https:\/\/compuviper.mx\/tienda\/#website\"},\"datePublished\":\"2026-04-10T06:50:46+00:00\",\"dateModified\":\"2026-04-10T06:50:47+00:00\",\"description\":\"Compra 65ul5q Monitor De Se\u00f1alizacion Digital De 65 P Uso 24\/7 Brillo 500 Nits, Webos 6.1 3840 X 2160 8ms Hdmi 3,rs232 60hz, Ancho Del Marco 10.8 Mm Vesa 300 X 300 + Env\u00edo a domicilio + Pago seguro + Garant\u00eda\",\"breadcrumb\":{\"@id\":\"https:\/\/compuviper.mx\/tienda\/producto\/lg-65ul5q-monitor-de-sealizacion-digital-de-65-p-uso-24-7-brillo-500-nits-webos-6-1-3840-x-2160-8ms-hdmi-3rs232-60hz-ancho-del-marco-10-8-mm-vesa-300-x-300\/#breadcrumb\"},\"inLanguage\":\"es-MX\",\"potentialAction\":[{\"@type\":\"ReadAction\",\"target\":[\"https:\/\/compuviper.mx\/tienda\/producto\/lg-65ul5q-monitor-de-sealizacion-digital-de-65-p-uso-24-7-brillo-500-nits-webos-6-1-3840-x-2160-8ms-hdmi-3rs232-60hz-ancho-del-marco-10-8-mm-vesa-300-x-300\/\"]}]},{\"@type\":\"BreadcrumbList\",\"@id\":\"https:\/\/compuviper.mx\/tienda\/producto\/lg-65ul5q-monitor-de-sealizacion-digital-de-65-p-uso-24-7-brillo-500-nits-webos-6-1-3840-x-2160-8ms-hdmi-3rs232-60hz-ancho-del-marco-10-8-mm-vesa-300-x-300\/#breadcrumb\",\"itemListElement\":[{\"@type\":\"ListItem\",\"position\":1,\"name\":\"Inicio\",\"item\":\"https:\/\/compuviper.mx\/tienda\/\"},{\"@type\":\"ListItem\",\"position\":2,\"name\":\"Productos\",\"item\":\"https:\/\/compuviper.mx\/tienda\/productos\/\"},{\"@type\":\"ListItem\",\"position\":3,\"name\":\"Monitores\",\"item\":\"https:\/\/compuviper.mx\/tienda\/categoria-producto\/monitores\/\"},{\"@type\":\"ListItem\",\"position\":4,\"name\":\"Lcd\",\"item\":\"https:\/\/compuviper.mx\/tienda\/categoria-producto\/monitores\/lcd\/\"},{\"@type\":\"ListItem\",\"position\":5,\"name\":\"Lg 65ul5q Monitor De Se?alizacion Digital De 65 P Uso 24\/7 Brillo 500 Nits, Webos 6.1 3840 X 2160 8ms Hdmi 3,rs232 60hz, Ancho Del Marco 10.8 Mm Vesa 300 X 300\"}]},{\"@type\":\"WebSite\",\"@id\":\"https:\/\/compuviper.mx\/tienda\/#website\",\"url\":\"https:\/\/compuviper.mx\/tienda\/\",\"name\":\"Compuviper\",\"description\":\"Proveedor de Computadoras, Laptops, Servidores, Monitores, Puntos de Venta, Teclados,   Impresoras, T\u00f3ner, C\u00e1maras de Seguridad y m\u00e1s en tu tienda en l\u00ednea\",\"publisher\":{\"@id\":\"https:\/\/compuviper.mx\/tienda\/#organization\"},\"potentialAction\":[{\"@type\":\"SearchAction\",\"target\":{\"@type\":\"EntryPoint\",\"urlTemplate\":\"https:\/\/compuviper.mx\/tienda\/?s={search_term_string}\"},\"query-input\":\"required name=search_term_string\"}],\"inLanguage\":\"es-MX\"},{\"@type\":\"Organization\",\"@id\":\"https:\/\/compuviper.mx\/tienda\/#organization\",\"name\":\"Compuviper\",\"url\":\"https:\/\/compuviper.mx\/tienda\/\",\"logo\":{\"@type\":\"ImageObject\",\"inLanguage\":\"es-MX\",\"@id\":\"https:\/\/compuviper.mx\/tienda\/#\/schema\/logo\/image\/\",\"url\":\"https:\/\/compuviper.mx\/tienda\/wp-content\/uploads\/2021\/08\/Logo-Compuviper-10.png\",\"contentUrl\":\"https:\/\/compuviper.mx\/tienda\/wp-content\/uploads\/2021\/08\/Logo-Compuviper-10.png\",\"width\":1000,\"height\":500,\"caption\":\"Compuviper\"},\"image\":{\"@id\":\"https:\/\/compuviper.mx\/tienda\/#\/schema\/logo\/image\/\"},\"sameAs\":[\"https:\/\/www.facebook.com\/compuviper\",\"https:\/\/www.youtube.com\/channel\/UCf73dERp9Y3cfOq7q8BhLjA?view_as=subscriber\"]}]}<\/script>\n<meta property=\"product:brand\" content=\"LG\" \/>\n<meta property=\"product:price:amount\" content=\"14188\" \/>\n<meta property=\"product:price:currency\" content=\"MXN\" \/>\n<meta property=\"og:availability\" content=\"instock\" \/>\n<meta property=\"product:availability\" content=\"instock\" \/>\n<meta property=\"product:retailer_item_id\" content=\"65UL5Q\" \/>\n<meta property=\"product:condition\" content=\"new\" \/>\n<!-- \/ Yoast SEO plugin. -->","yoast_head_json":{"title":"[ Lg ] &#129351; 65ul5q Monitor De Se\u00f1alizacion Digital De 65 P Uso 24\/7 Brillo 500 Nits, Webos 6.1 3840 X 2160 8ms Hdmi 3,rs232 60hz, Ancho Del Marco 10.8 Mm Vesa 300 X 300","description":"Compra 65ul5q Monitor De Se\u00f1alizacion Digital De 65 P Uso 24\/7 Brillo 500 Nits, Webos 6.1 3840 X 2160 8ms Hdmi 3,rs232 60hz, Ancho Del Marco 10.8 Mm Vesa 300 X 300 + Env\u00edo a domicilio + Pago seguro + Garant\u00eda","robots":{"index":"index","follow":"follow","max-snippet":"max-snippet:-1","max-image-preview":"max-image-preview:large","max-video-preview":"max-video-preview:-1"},"canonical":"https:\/\/compuviper.mx\/tienda\/producto\/lg-65ul5q-monitor-de-sealizacion-digital-de-65-p-uso-24-7-brillo-500-nits-webos-6-1-3840-x-2160-8ms-hdmi-3rs232-60hz-ancho-del-marco-10-8-mm-vesa-300-x-300\/","og_locale":"es_MX","og_type":"article","og_title":"[ Lg ] &#129351; 65ul5q Monitor De Se\u00f1alizacion Digital De 65 P Uso 24\/7 Brillo 500 Nits, Webos 6.1 3840 X 2160 8ms Hdmi 3,rs232 60hz, Ancho Del Marco 10.8 Mm Vesa 300 X 300","og_description":"Compra 65ul5q Monitor De Se\u00f1alizacion Digital De 65 P Uso 24\/7 Brillo 500 Nits, Webos 6.1 3840 X 2160 8ms Hdmi 3,rs232 60hz, Ancho Del Marco 10.8 Mm Vesa 300 X 300 + Env\u00edo a domicilio + Pago seguro + Garant\u00eda","og_url":"https:\/\/compuviper.mx\/tienda\/producto\/lg-65ul5q-monitor-de-sealizacion-digital-de-65-p-uso-24-7-brillo-500-nits-webos-6-1-3840-x-2160-8ms-hdmi-3rs232-60hz-ancho-del-marco-10-8-mm-vesa-300-x-300\/","og_site_name":"Compuviper","article_publisher":"https:\/\/www.facebook.com\/compuviper","article_modified_time":"2026-04-10T06:50:47+00:00","twitter_card":"summary_large_image","twitter_misc":{"Precio":"&#36;14,188 con IVA","Availability":"In stock"},"schema":{"@context":"https:\/\/schema.org","@graph":[{"@type":"WebPage","@id":"https:\/\/compuviper.mx\/tienda\/producto\/lg-65ul5q-monitor-de-sealizacion-digital-de-65-p-uso-24-7-brillo-500-nits-webos-6-1-3840-x-2160-8ms-hdmi-3rs232-60hz-ancho-del-marco-10-8-mm-vesa-300-x-300\/","url":"https:\/\/compuviper.mx\/tienda\/producto\/lg-65ul5q-monitor-de-sealizacion-digital-de-65-p-uso-24-7-brillo-500-nits-webos-6-1-3840-x-2160-8ms-hdmi-3rs232-60hz-ancho-del-marco-10-8-mm-vesa-300-x-300\/","name":"[ Lg ] &#129351; 65ul5q Monitor De Se\u00f1alizacion Digital De 65 P Uso 24\/7 Brillo 500 Nits, Webos 6.1 3840 X 2160 8ms Hdmi 3,rs232 60hz, Ancho Del Marco 10.8 Mm Vesa 300 X 300","isPartOf":{"@id":"https:\/\/compuviper.mx\/tienda\/#website"},"datePublished":"2026-04-10T06:50:46+00:00","dateModified":"2026-04-10T06:50:47+00:00","description":"Compra 65ul5q Monitor De Se\u00f1alizacion Digital De 65 P Uso 24\/7 Brillo 500 Nits, Webos 6.1 3840 X 2160 8ms Hdmi 3,rs232 60hz, Ancho Del Marco 10.8 Mm Vesa 300 X 300 + Env\u00edo a domicilio + Pago seguro + Garant\u00eda","breadcrumb":{"@id":"https:\/\/compuviper.mx\/tienda\/producto\/lg-65ul5q-monitor-de-sealizacion-digital-de-65-p-uso-24-7-brillo-500-nits-webos-6-1-3840-x-2160-8ms-hdmi-3rs232-60hz-ancho-del-marco-10-8-mm-vesa-300-x-300\/#breadcrumb"},"inLanguage":"es-MX","potentialAction":[{"@type":"ReadAction","target":["https:\/\/compuviper.mx\/tienda\/producto\/lg-65ul5q-monitor-de-sealizacion-digital-de-65-p-uso-24-7-brillo-500-nits-webos-6-1-3840-x-2160-8ms-hdmi-3rs232-60hz-ancho-del-marco-10-8-mm-vesa-300-x-300\/"]}]},{"@type":"BreadcrumbList","@id":"https:\/\/compuviper.mx\/tienda\/producto\/lg-65ul5q-monitor-de-sealizacion-digital-de-65-p-uso-24-7-brillo-500-nits-webos-6-1-3840-x-2160-8ms-hdmi-3rs232-60hz-ancho-del-marco-10-8-mm-vesa-300-x-300\/#breadcrumb","itemListElement":[{"@type":"ListItem","position":1,"name":"Inicio","item":"https:\/\/compuviper.mx\/tienda\/"},{"@type":"ListItem","position":2,"name":"Productos","item":"https:\/\/compuviper.mx\/tienda\/productos\/"},{"@type":"ListItem","position":3,"name":"Monitores","item":"https:\/\/compuviper.mx\/tienda\/categoria-producto\/monitores\/"},{"@type":"ListItem","position":4,"name":"Lcd","item":"https:\/\/compuviper.mx\/tienda\/categoria-producto\/monitores\/lcd\/"},{"@type":"ListItem","position":5,"name":"Lg 65ul5q Monitor De Se?alizacion Digital De 65 P Uso 24\/7 Brillo 500 Nits, Webos 6.1 3840 X 2160 8ms Hdmi 3,rs232 60hz, Ancho Del Marco 10.8 Mm Vesa 300 X 300"}]},{"@type":"WebSite","@id":"https:\/\/compuviper.mx\/tienda\/#website","url":"https:\/\/compuviper.mx\/tienda\/","name":"Compuviper","description":"Proveedor de Computadoras, Laptops, Servidores, Monitores, Puntos de Venta, Teclados,   Impresoras, T\u00f3ner, C\u00e1maras de Seguridad y m\u00e1s en tu tienda en l\u00ednea","publisher":{"@id":"https:\/\/compuviper.mx\/tienda\/#organization"},"potentialAction":[{"@type":"SearchAction","target":{"@type":"EntryPoint","urlTemplate":"https:\/\/compuviper.mx\/tienda\/?s={search_term_string}"},"query-input":"required name=search_term_string"}],"inLanguage":"es-MX"},{"@type":"Organization","@id":"https:\/\/compuviper.mx\/tienda\/#organization","name":"Compuviper","url":"https:\/\/compuviper.mx\/tienda\/","logo":{"@type":"ImageObject","inLanguage":"es-MX","@id":"https:\/\/compuviper.mx\/tienda\/#\/schema\/logo\/image\/","url":"https:\/\/compuviper.mx\/tienda\/wp-content\/uploads\/2021\/08\/Logo-Compuviper-10.png","contentUrl":"https:\/\/compuviper.mx\/tienda\/wp-content\/uploads\/2021\/08\/Logo-Compuviper-10.png","width":1000,"height":500,"caption":"Compuviper"},"image":{"@id":"https:\/\/compuviper.mx\/tienda\/#\/schema\/logo\/image\/"},"sameAs":["https:\/\/www.facebook.com\/compuviper","https:\/\/www.youtube.com\/channel\/UCf73dERp9Y3cfOq7q8BhLjA?view_as=subscriber"]}]},"product_brand":"LG","product_price_amount":"14188","product_price_currency":"MXN","og_availability":"instock","product_availability":"instock","product_retailer_item_id":"65UL5Q","product_condition":"new"},"_links":{"self":[{"href":"https:\/\/compuviper.mx\/tienda\/wp-json\/wp\/v2\/product\/265648"}],"collection":[{"href":"https:\/\/compuviper.mx\/tienda\/wp-json\/wp\/v2\/product"}],"about":[{"href":"https:\/\/compuviper.mx\/tienda\/wp-json\/wp\/v2\/types\/product"}],"replies":[{"embeddable":true,"href":"https:\/\/compuviper.mx\/tienda\/wp-json\/wp\/v2\/comments?post=265648"}],"wp:attachment":[{"href":"https:\/\/compuviper.mx\/tienda\/wp-json\/wp\/v2\/media?parent=265648"}],"wp:term":[{"taxonomy":"product_cat","embeddable":true,"href":"https:\/\/compuviper.mx\/tienda\/wp-json\/wp\/v2\/product_cat?post=265648"},{"taxonomy":"product_tag","embeddable":true,"href":"https:\/\/compuviper.mx\/tienda\/wp-json\/wp\/v2\/product_tag?post=265648"}],"curies":[{"name":"wp","href":"https:\/\/api.w.org\/{rel}","templated":true}]}}