{"id":265613,"date":"2026-04-02T23:22:42","date_gmt":"2026-04-03T05:22:42","guid":{"rendered":"https:\/\/compuviper.mx\/tienda\/producto\/microsoft-fqc-10572-esd-windows-11-pro-64-bit-multilenguaje-uso-comercial-descarga-digital\/"},"modified":"2026-04-03T00:00:39","modified_gmt":"2026-04-03T06:00:39","slug":"microsoft-fqc-10572-esd-windows-11-pro-64-bit-multilenguaje-uso-comercial-descarga-digital","status":"publish","type":"product","link":"https:\/\/compuviper.mx\/tienda\/producto\/microsoft-fqc-10572-esd-windows-11-pro-64-bit-multilenguaje-uso-comercial-descarga-digital\/","title":{"rendered":"Microsoft Fqc-10572 Esd Windows 11 Pro 64 Bit &#8211; Multilenguaje &#8211; Uso Comercial &#8211; Descarga Digital"},"content":{"rendered":"<table class=\"descripcion\">\n<tr>\n<td>Requisitos minimos del sistema:<\/td>\n<\/tr>\n<tr>\n<td>Procesador: 1 giga hertz ghz o m\u00e1s r\u00e1pido con 2 o m\u00e1s ncleos en un procesador de 64 bits compatible o sistema en un chip soc.<\/td>\n<\/tr>\n<tr>\n<td>Ram: 4 gigabytes gb.<\/td>\n<\/tr>\n<tr>\n<td>Almacenamiento: dispositivo de almacenamiento de 64 gb o m\u00e1s.<\/td>\n<\/tr>\n<tr>\n<td>Firmware del sistema: uefi, compatible con arranque seguro.<\/td>\n<\/tr>\n<tr>\n<td>Tpm: mdulo de plataforma segura tpm versin 2.0.<\/td>\n<\/tr>\n<\/table>\n","protected":false},"excerpt":{"rendered":"<p>Windows 11 esta dise\u00f1ado para el trabajo h\u00edbrido. Una experiencia de usuario sencilla y potente para mejorar la productividad y la concentraci\u00f3n de los empleados. Colaboraci\u00f3n: windows 11 pro ofrece una experiencia m\u00e1s inteligente de colaborar con la integraci\u00f3n de microsoft teams. Consistencia: la compatibilidad de las aplicaciones y la gesti\u00f3n en la nube facilitan el acceso en todo momento a nuestra informaci\u00f3n. Seguridad: zero trust ready os permite proteger los datos y el acceso desde cualquier lugar<\/p>\n","protected":false},"featured_media":265614,"comment_status":"open","ping_status":"open","template":"","meta":[],"product_cat":[2004,1827],"product_tag":[1831],"acf":[],"yoast_head":"<!-- This site is optimized with the Yoast SEO plugin v21.7 - https:\/\/yoast.com\/wordpress\/plugins\/seo\/ -->\n<title>[ Microsoft ] &#129351; Fqc-10572 Esd Windows 11 Pro 64 Bit - Multilenguaje - Uso Comercial - Descarga Digital<\/title>\n<meta name=\"description\" content=\"Compra Fqc-10572 Esd Windows 11 Pro 64 Bit - Multilenguaje - Uso Comercial - Descarga Digital + Env\u00edo a domicilio + Pago seguro + Garant\u00eda\" \/>\n<meta name=\"robots\" content=\"index, follow, max-snippet:-1, max-image-preview:large, max-video-preview:-1\" \/>\n<link rel=\"canonical\" href=\"https:\/\/compuviper.mx\/tienda\/producto\/microsoft-fqc-10572-esd-windows-11-pro-64-bit-multilenguaje-uso-comercial-descarga-digital\/\" \/>\n<meta property=\"og:locale\" content=\"es_MX\" \/>\n<meta property=\"og:type\" content=\"article\" \/>\n<meta property=\"og:title\" content=\"[ Microsoft ] &#129351; Fqc-10572 Esd Windows 11 Pro 64 Bit - Multilenguaje - Uso Comercial - Descarga Digital\" \/>\n<meta property=\"og:description\" content=\"Compra Fqc-10572 Esd Windows 11 Pro 64 Bit - Multilenguaje - Uso Comercial - Descarga Digital + Env\u00edo a domicilio + Pago seguro + Garant\u00eda\" \/>\n<meta property=\"og:url\" content=\"https:\/\/compuviper.mx\/tienda\/producto\/microsoft-fqc-10572-esd-windows-11-pro-64-bit-multilenguaje-uso-comercial-descarga-digital\/\" \/>\n<meta property=\"og:site_name\" content=\"Compuviper\" \/>\n<meta property=\"article:publisher\" content=\"https:\/\/www.facebook.com\/compuviper\" \/>\n<meta property=\"article:modified_time\" content=\"2026-04-03T06:00:39+00:00\" \/>\n<meta property=\"og:image\" content=\"https:\/\/compuviper.mx\/tienda\/wp-content\/uploads\/2026\/01\/Esd-windows-11-pro-64-bit-multilenguaje-uso-comercial-descarga-digital.jpg\" \/>\n\t<meta property=\"og:image:width\" content=\"200\" \/>\n\t<meta property=\"og:image:height\" content=\"200\" \/>\n\t<meta property=\"og:image:type\" content=\"image\/jpeg\" \/>\n<meta name=\"twitter:card\" content=\"summary_large_image\" \/>\n<meta name=\"twitter:label1\" content=\"Precio\" \/>\n\t<meta name=\"twitter:data1\" content=\"&#36;3,618 con IVA\" \/>\n\t<meta name=\"twitter:label2\" content=\"Availability\" \/>\n\t<meta name=\"twitter:data2\" content=\"On backorder\" \/>\n<script type=\"application\/ld+json\" class=\"yoast-schema-graph\">{\"@context\":\"https:\/\/schema.org\",\"@graph\":[{\"@type\":\"WebPage\",\"@id\":\"https:\/\/compuviper.mx\/tienda\/producto\/microsoft-fqc-10572-esd-windows-11-pro-64-bit-multilenguaje-uso-comercial-descarga-digital\/\",\"url\":\"https:\/\/compuviper.mx\/tienda\/producto\/microsoft-fqc-10572-esd-windows-11-pro-64-bit-multilenguaje-uso-comercial-descarga-digital\/\",\"name\":\"[ Microsoft ] &#129351; Fqc-10572 Esd Windows 11 Pro 64 Bit - Multilenguaje - Uso Comercial - Descarga Digital\",\"isPartOf\":{\"@id\":\"https:\/\/compuviper.mx\/tienda\/#website\"},\"datePublished\":\"2026-04-03T05:22:42+00:00\",\"dateModified\":\"2026-04-03T06:00:39+00:00\",\"description\":\"Compra Fqc-10572 Esd Windows 11 Pro 64 Bit - Multilenguaje - Uso Comercial - Descarga Digital + Env\u00edo a domicilio + Pago seguro + Garant\u00eda\",\"breadcrumb\":{\"@id\":\"https:\/\/compuviper.mx\/tienda\/producto\/microsoft-fqc-10572-esd-windows-11-pro-64-bit-multilenguaje-uso-comercial-descarga-digital\/#breadcrumb\"},\"inLanguage\":\"es-MX\",\"potentialAction\":[{\"@type\":\"ReadAction\",\"target\":[\"https:\/\/compuviper.mx\/tienda\/producto\/microsoft-fqc-10572-esd-windows-11-pro-64-bit-multilenguaje-uso-comercial-descarga-digital\/\"]}]},{\"@type\":\"BreadcrumbList\",\"@id\":\"https:\/\/compuviper.mx\/tienda\/producto\/microsoft-fqc-10572-esd-windows-11-pro-64-bit-multilenguaje-uso-comercial-descarga-digital\/#breadcrumb\",\"itemListElement\":[{\"@type\":\"ListItem\",\"position\":1,\"name\":\"Inicio\",\"item\":\"https:\/\/compuviper.mx\/tienda\/\"},{\"@type\":\"ListItem\",\"position\":2,\"name\":\"Productos\",\"item\":\"https:\/\/compuviper.mx\/tienda\/productos\/\"},{\"@type\":\"ListItem\",\"position\":3,\"name\":\"Software\",\"item\":\"https:\/\/compuviper.mx\/tienda\/categoria-producto\/software\/\"},{\"@type\":\"ListItem\",\"position\":4,\"name\":\"Licenciamiento Esd\",\"item\":\"https:\/\/compuviper.mx\/tienda\/categoria-producto\/software\/licenciamiento-esd\/\"},{\"@type\":\"ListItem\",\"position\":5,\"name\":\"Microsoft Fqc-10572 Esd Windows 11 Pro 64 Bit &#8211; Multilenguaje &#8211; Uso Comercial &#8211; Descarga Digital\"}]},{\"@type\":\"WebSite\",\"@id\":\"https:\/\/compuviper.mx\/tienda\/#website\",\"url\":\"https:\/\/compuviper.mx\/tienda\/\",\"name\":\"Compuviper\",\"description\":\"Proveedor de Computadoras, Laptops, Servidores, Monitores, Puntos de Venta, Teclados,   Impresoras, T\u00f3ner, C\u00e1maras de Seguridad y m\u00e1s en tu tienda en l\u00ednea\",\"publisher\":{\"@id\":\"https:\/\/compuviper.mx\/tienda\/#organization\"},\"potentialAction\":[{\"@type\":\"SearchAction\",\"target\":{\"@type\":\"EntryPoint\",\"urlTemplate\":\"https:\/\/compuviper.mx\/tienda\/?s={search_term_string}\"},\"query-input\":\"required name=search_term_string\"}],\"inLanguage\":\"es-MX\"},{\"@type\":\"Organization\",\"@id\":\"https:\/\/compuviper.mx\/tienda\/#organization\",\"name\":\"Compuviper\",\"url\":\"https:\/\/compuviper.mx\/tienda\/\",\"logo\":{\"@type\":\"ImageObject\",\"inLanguage\":\"es-MX\",\"@id\":\"https:\/\/compuviper.mx\/tienda\/#\/schema\/logo\/image\/\",\"url\":\"https:\/\/compuviper.mx\/tienda\/wp-content\/uploads\/2021\/08\/Logo-Compuviper-10.png\",\"contentUrl\":\"https:\/\/compuviper.mx\/tienda\/wp-content\/uploads\/2021\/08\/Logo-Compuviper-10.png\",\"width\":1000,\"height\":500,\"caption\":\"Compuviper\"},\"image\":{\"@id\":\"https:\/\/compuviper.mx\/tienda\/#\/schema\/logo\/image\/\"},\"sameAs\":[\"https:\/\/www.facebook.com\/compuviper\",\"https:\/\/www.youtube.com\/channel\/UCf73dERp9Y3cfOq7q8BhLjA?view_as=subscriber\"]}]}<\/script>\n<meta property=\"product:brand\" content=\"MICROSOFT\" \/>\n<meta property=\"product:price:amount\" content=\"3618\" \/>\n<meta property=\"product:price:currency\" content=\"MXN\" \/>\n<meta property=\"og:availability\" content=\"backorder\" \/>\n<meta property=\"product:availability\" content=\"available for order\" \/>\n<meta property=\"product:retailer_item_id\" content=\"FQC-10572\" \/>\n<meta property=\"product:condition\" content=\"new\" \/>\n<!-- \/ Yoast SEO plugin. -->","yoast_head_json":{"title":"[ Microsoft ] &#129351; Fqc-10572 Esd Windows 11 Pro 64 Bit - Multilenguaje - Uso Comercial - Descarga Digital","description":"Compra Fqc-10572 Esd Windows 11 Pro 64 Bit - Multilenguaje - Uso Comercial - Descarga Digital + Env\u00edo a domicilio + Pago seguro + Garant\u00eda","robots":{"index":"index","follow":"follow","max-snippet":"max-snippet:-1","max-image-preview":"max-image-preview:large","max-video-preview":"max-video-preview:-1"},"canonical":"https:\/\/compuviper.mx\/tienda\/producto\/microsoft-fqc-10572-esd-windows-11-pro-64-bit-multilenguaje-uso-comercial-descarga-digital\/","og_locale":"es_MX","og_type":"article","og_title":"[ Microsoft ] &#129351; Fqc-10572 Esd Windows 11 Pro 64 Bit - Multilenguaje - Uso Comercial - Descarga Digital","og_description":"Compra Fqc-10572 Esd Windows 11 Pro 64 Bit - Multilenguaje - Uso Comercial - Descarga Digital + Env\u00edo a domicilio + Pago seguro + Garant\u00eda","og_url":"https:\/\/compuviper.mx\/tienda\/producto\/microsoft-fqc-10572-esd-windows-11-pro-64-bit-multilenguaje-uso-comercial-descarga-digital\/","og_site_name":"Compuviper","article_publisher":"https:\/\/www.facebook.com\/compuviper","article_modified_time":"2026-04-03T06:00:39+00:00","og_image":[{"width":200,"height":200,"url":"https:\/\/compuviper.mx\/tienda\/wp-content\/uploads\/2026\/01\/Esd-windows-11-pro-64-bit-multilenguaje-uso-comercial-descarga-digital.jpg","type":"image\/jpeg"}],"twitter_card":"summary_large_image","twitter_misc":{"Precio":"&#36;3,618 con IVA","Availability":"On backorder"},"schema":{"@context":"https:\/\/schema.org","@graph":[{"@type":"WebPage","@id":"https:\/\/compuviper.mx\/tienda\/producto\/microsoft-fqc-10572-esd-windows-11-pro-64-bit-multilenguaje-uso-comercial-descarga-digital\/","url":"https:\/\/compuviper.mx\/tienda\/producto\/microsoft-fqc-10572-esd-windows-11-pro-64-bit-multilenguaje-uso-comercial-descarga-digital\/","name":"[ Microsoft ] &#129351; Fqc-10572 Esd Windows 11 Pro 64 Bit - Multilenguaje - Uso Comercial - Descarga Digital","isPartOf":{"@id":"https:\/\/compuviper.mx\/tienda\/#website"},"datePublished":"2026-04-03T05:22:42+00:00","dateModified":"2026-04-03T06:00:39+00:00","description":"Compra Fqc-10572 Esd Windows 11 Pro 64 Bit - Multilenguaje - Uso Comercial - Descarga Digital + Env\u00edo a domicilio + Pago seguro + Garant\u00eda","breadcrumb":{"@id":"https:\/\/compuviper.mx\/tienda\/producto\/microsoft-fqc-10572-esd-windows-11-pro-64-bit-multilenguaje-uso-comercial-descarga-digital\/#breadcrumb"},"inLanguage":"es-MX","potentialAction":[{"@type":"ReadAction","target":["https:\/\/compuviper.mx\/tienda\/producto\/microsoft-fqc-10572-esd-windows-11-pro-64-bit-multilenguaje-uso-comercial-descarga-digital\/"]}]},{"@type":"BreadcrumbList","@id":"https:\/\/compuviper.mx\/tienda\/producto\/microsoft-fqc-10572-esd-windows-11-pro-64-bit-multilenguaje-uso-comercial-descarga-digital\/#breadcrumb","itemListElement":[{"@type":"ListItem","position":1,"name":"Inicio","item":"https:\/\/compuviper.mx\/tienda\/"},{"@type":"ListItem","position":2,"name":"Productos","item":"https:\/\/compuviper.mx\/tienda\/productos\/"},{"@type":"ListItem","position":3,"name":"Software","item":"https:\/\/compuviper.mx\/tienda\/categoria-producto\/software\/"},{"@type":"ListItem","position":4,"name":"Licenciamiento Esd","item":"https:\/\/compuviper.mx\/tienda\/categoria-producto\/software\/licenciamiento-esd\/"},{"@type":"ListItem","position":5,"name":"Microsoft Fqc-10572 Esd Windows 11 Pro 64 Bit &#8211; Multilenguaje &#8211; Uso Comercial &#8211; Descarga Digital"}]},{"@type":"WebSite","@id":"https:\/\/compuviper.mx\/tienda\/#website","url":"https:\/\/compuviper.mx\/tienda\/","name":"Compuviper","description":"Proveedor de Computadoras, Laptops, Servidores, Monitores, Puntos de Venta, Teclados,   Impresoras, T\u00f3ner, C\u00e1maras de Seguridad y m\u00e1s en tu tienda en l\u00ednea","publisher":{"@id":"https:\/\/compuviper.mx\/tienda\/#organization"},"potentialAction":[{"@type":"SearchAction","target":{"@type":"EntryPoint","urlTemplate":"https:\/\/compuviper.mx\/tienda\/?s={search_term_string}"},"query-input":"required name=search_term_string"}],"inLanguage":"es-MX"},{"@type":"Organization","@id":"https:\/\/compuviper.mx\/tienda\/#organization","name":"Compuviper","url":"https:\/\/compuviper.mx\/tienda\/","logo":{"@type":"ImageObject","inLanguage":"es-MX","@id":"https:\/\/compuviper.mx\/tienda\/#\/schema\/logo\/image\/","url":"https:\/\/compuviper.mx\/tienda\/wp-content\/uploads\/2021\/08\/Logo-Compuviper-10.png","contentUrl":"https:\/\/compuviper.mx\/tienda\/wp-content\/uploads\/2021\/08\/Logo-Compuviper-10.png","width":1000,"height":500,"caption":"Compuviper"},"image":{"@id":"https:\/\/compuviper.mx\/tienda\/#\/schema\/logo\/image\/"},"sameAs":["https:\/\/www.facebook.com\/compuviper","https:\/\/www.youtube.com\/channel\/UCf73dERp9Y3cfOq7q8BhLjA?view_as=subscriber"]}]},"product_brand":"MICROSOFT","product_price_amount":"3618","product_price_currency":"MXN","og_availability":"backorder","product_availability":"available for order","product_retailer_item_id":"FQC-10572","product_condition":"new"},"_links":{"self":[{"href":"https:\/\/compuviper.mx\/tienda\/wp-json\/wp\/v2\/product\/265613"}],"collection":[{"href":"https:\/\/compuviper.mx\/tienda\/wp-json\/wp\/v2\/product"}],"about":[{"href":"https:\/\/compuviper.mx\/tienda\/wp-json\/wp\/v2\/types\/product"}],"replies":[{"embeddable":true,"href":"https:\/\/compuviper.mx\/tienda\/wp-json\/wp\/v2\/comments?post=265613"}],"wp:featuredmedia":[{"embeddable":true,"href":"https:\/\/compuviper.mx\/tienda\/wp-json\/wp\/v2\/media\/265614"}],"wp:attachment":[{"href":"https:\/\/compuviper.mx\/tienda\/wp-json\/wp\/v2\/media?parent=265613"}],"wp:term":[{"taxonomy":"product_cat","embeddable":true,"href":"https:\/\/compuviper.mx\/tienda\/wp-json\/wp\/v2\/product_cat?post=265613"},{"taxonomy":"product_tag","embeddable":true,"href":"https:\/\/compuviper.mx\/tienda\/wp-json\/wp\/v2\/product_tag?post=265613"}],"curies":[{"name":"wp","href":"https:\/\/api.w.org\/{rel}","templated":true}]}}