{"id":265603,"date":"2026-04-03T23:21:19","date_gmt":"2026-04-04T05:21:19","guid":{"rendered":"https:\/\/compuviper.mx\/tienda\/producto\/microsoft-ep2-322956gq-00088-esd-365-family-multilenguaje-suscripcion-anual-uso-no-comercial-descarga-electronica\/"},"modified":"2026-04-03T23:21:20","modified_gmt":"2026-04-04T05:21:20","slug":"microsoft-ep2-322956gq-00088-esd-365-family-suscripcion-anual-descarga-digital-6-usuarios-5-dispositivos-aplicaciones-word-excel-power-point-outlook-one-note-onedrive-clipchamp-co","status":"publish","type":"product","link":"https:\/\/compuviper.mx\/tienda\/producto\/microsoft-ep2-322956gq-00088-esd-365-family-suscripcion-anual-descarga-digital-6-usuarios-5-dispositivos-aplicaciones-word-excel-power-point-outlook-one-note-onedrive-clipchamp-co\/","title":{"rendered":"Microsoft Ep2-32295,6gq-00088 Esd  365 Family \/ Suscripcion Anual \/ Descarga Digital \/ 6 Usuarios \/ 5 Dispositivos \/ Aplicaciones: Word, Excel, Power Point, Outlook, One Note, Onedrive, Clipchamp \/ Con Ia Copilot"},"content":{"rendered":"<table class=\"descripcion\">\n<tr>\n<td>Requisitos del sistema:<\/td>\n<\/tr>\n<tr>\n<td>\u0095cuenta de microsoft<\/td>\n<\/tr>\n<tr>\n<td>\u0095acceso a internet<\/td>\n<\/tr>\n<tr>\n<td>\u0095windows 10 o macos<\/td>\n<\/tr>\n<tr>\n<td>\u0095procesador 1.6 ghz, 2-core pc intel mac<\/td>\n<\/tr>\n<tr>\n<td>\u0095ram 4 gb, 2 gb 32 bits<\/td>\n<\/tr>\n<tr>\n<td>\u0095espacio en disco: 4 gb pc: 10 gb mac os ampliado o apfs<\/td>\n<\/tr>\n<tr>\n<td>\u0095pantalla: 1280 x 768 pc\/800 mac<\/td>\n<\/tr>\n<\/table>\n","protected":false},"excerpt":{"rendered":"<p>Office 365 home premium es la mejor opcion para tu familia, ya que es la unica licencia para 6 usuarios donde cada uno puede instalar hasta en 3 dispositivos 1 computadora, 1 tablet, 1 smartphone funciona en windows, mac, android, ios. Incluye word, excel, powerpoint, onenote y outlook, access y publisher, ademas de 1 tb de almacenamiento en la nube de onedrive por usuario con seguridad avanzada.<\/p>\n","protected":false},"featured_media":265604,"comment_status":"open","ping_status":"open","template":"","meta":[],"product_cat":[2004,1827],"product_tag":[1831],"acf":[],"yoast_head":"<!-- This site is optimized with the Yoast SEO plugin v21.7 - https:\/\/yoast.com\/wordpress\/plugins\/seo\/ -->\n<title>[ Microsoft ] &#129351; Ep2-32295,6gq-00088 Esd 365 Family \/ Suscripcion Anual \/ Descarga Digital \/ 6 Usuarios \/ 5 Dispositivos \/ Aplicaciones: Word, Excel, Power Point, Outlook, One Note, Onedrive, Clipchamp \/ Con Ia Copilot<\/title>\n<meta name=\"description\" content=\"Compra Ep2-32295,6gq-00088 Esd 365 Family \/ Suscripcion Anual \/ Descarga Digital \/ 6 Usuarios \/ 5 Dispositivos \/ Aplicaciones: Word, Excel, Power Point, Outlook, One Note, Onedrive, Clipchamp \/ Con Ia Copilot + Env\u00edo a domicilio + Pago seguro + Garant\u00eda\" \/>\n<meta name=\"robots\" content=\"index, follow, max-snippet:-1, max-image-preview:large, max-video-preview:-1\" \/>\n<link rel=\"canonical\" href=\"https:\/\/compuviper.mx\/tienda\/producto\/microsoft-ep2-322956gq-00088-esd-365-family-suscripcion-anual-descarga-digital-6-usuarios-5-dispositivos-aplicaciones-word-excel-power-point-outlook-one-note-onedrive-clipchamp-co\/\" \/>\n<meta property=\"og:locale\" content=\"es_MX\" \/>\n<meta property=\"og:type\" content=\"article\" \/>\n<meta property=\"og:title\" content=\"[ Microsoft ] &#129351; Ep2-32295,6gq-00088 Esd 365 Family \/ Suscripcion Anual \/ Descarga Digital \/ 6 Usuarios \/ 5 Dispositivos \/ Aplicaciones: Word, Excel, Power Point, Outlook, One Note, Onedrive, Clipchamp \/ Con Ia Copilot\" \/>\n<meta property=\"og:description\" content=\"Compra Ep2-32295,6gq-00088 Esd 365 Family \/ Suscripcion Anual \/ Descarga Digital \/ 6 Usuarios \/ 5 Dispositivos \/ Aplicaciones: Word, Excel, Power Point, Outlook, One Note, Onedrive, Clipchamp \/ Con Ia Copilot + Env\u00edo a domicilio + Pago seguro + Garant\u00eda\" \/>\n<meta property=\"og:url\" content=\"https:\/\/compuviper.mx\/tienda\/producto\/microsoft-ep2-322956gq-00088-esd-365-family-suscripcion-anual-descarga-digital-6-usuarios-5-dispositivos-aplicaciones-word-excel-power-point-outlook-one-note-onedrive-clipchamp-co\/\" \/>\n<meta property=\"og:site_name\" content=\"Compuviper\" \/>\n<meta property=\"article:publisher\" content=\"https:\/\/www.facebook.com\/compuviper\" \/>\n<meta property=\"article:modified_time\" content=\"2026-04-04T05:21:20+00:00\" \/>\n<meta property=\"og:image\" content=\"https:\/\/compuviper.mx\/tienda\/wp-content\/uploads\/2026\/01\/Esd-microsoft-365-family-multilenguaje-suscripcion-anual-uso-no-comercial-descarga-electronica.jpg\" \/>\n\t<meta property=\"og:image:width\" content=\"200\" \/>\n\t<meta property=\"og:image:height\" content=\"200\" \/>\n\t<meta property=\"og:image:type\" content=\"image\/jpeg\" \/>\n<meta name=\"twitter:card\" content=\"summary_large_image\" \/>\n<meta name=\"twitter:label1\" content=\"Precio\" \/>\n\t<meta name=\"twitter:data1\" content=\"&#36;1,460 con IVA\" \/>\n\t<meta name=\"twitter:label2\" content=\"Availability\" \/>\n\t<meta name=\"twitter:data2\" content=\"In stock\" \/>\n<script type=\"application\/ld+json\" class=\"yoast-schema-graph\">{\"@context\":\"https:\/\/schema.org\",\"@graph\":[{\"@type\":\"WebPage\",\"@id\":\"https:\/\/compuviper.mx\/tienda\/producto\/microsoft-ep2-322956gq-00088-esd-365-family-suscripcion-anual-descarga-digital-6-usuarios-5-dispositivos-aplicaciones-word-excel-power-point-outlook-one-note-onedrive-clipchamp-co\/\",\"url\":\"https:\/\/compuviper.mx\/tienda\/producto\/microsoft-ep2-322956gq-00088-esd-365-family-suscripcion-anual-descarga-digital-6-usuarios-5-dispositivos-aplicaciones-word-excel-power-point-outlook-one-note-onedrive-clipchamp-co\/\",\"name\":\"[ Microsoft ] &#129351; Ep2-32295,6gq-00088 Esd 365 Family \/ Suscripcion Anual \/ Descarga Digital \/ 6 Usuarios \/ 5 Dispositivos \/ Aplicaciones: Word, Excel, Power Point, Outlook, One Note, Onedrive, Clipchamp \/ Con Ia Copilot\",\"isPartOf\":{\"@id\":\"https:\/\/compuviper.mx\/tienda\/#website\"},\"datePublished\":\"2026-04-04T05:21:19+00:00\",\"dateModified\":\"2026-04-04T05:21:20+00:00\",\"description\":\"Compra Ep2-32295,6gq-00088 Esd 365 Family \/ Suscripcion Anual \/ Descarga Digital \/ 6 Usuarios \/ 5 Dispositivos \/ Aplicaciones: Word, Excel, Power Point, Outlook, One Note, Onedrive, Clipchamp \/ Con Ia Copilot + Env\u00edo a domicilio + Pago seguro + Garant\u00eda\",\"breadcrumb\":{\"@id\":\"https:\/\/compuviper.mx\/tienda\/producto\/microsoft-ep2-322956gq-00088-esd-365-family-suscripcion-anual-descarga-digital-6-usuarios-5-dispositivos-aplicaciones-word-excel-power-point-outlook-one-note-onedrive-clipchamp-co\/#breadcrumb\"},\"inLanguage\":\"es-MX\",\"potentialAction\":[{\"@type\":\"ReadAction\",\"target\":[\"https:\/\/compuviper.mx\/tienda\/producto\/microsoft-ep2-322956gq-00088-esd-365-family-suscripcion-anual-descarga-digital-6-usuarios-5-dispositivos-aplicaciones-word-excel-power-point-outlook-one-note-onedrive-clipchamp-co\/\"]}]},{\"@type\":\"BreadcrumbList\",\"@id\":\"https:\/\/compuviper.mx\/tienda\/producto\/microsoft-ep2-322956gq-00088-esd-365-family-suscripcion-anual-descarga-digital-6-usuarios-5-dispositivos-aplicaciones-word-excel-power-point-outlook-one-note-onedrive-clipchamp-co\/#breadcrumb\",\"itemListElement\":[{\"@type\":\"ListItem\",\"position\":1,\"name\":\"Inicio\",\"item\":\"https:\/\/compuviper.mx\/tienda\/\"},{\"@type\":\"ListItem\",\"position\":2,\"name\":\"Productos\",\"item\":\"https:\/\/compuviper.mx\/tienda\/productos\/\"},{\"@type\":\"ListItem\",\"position\":3,\"name\":\"Software\",\"item\":\"https:\/\/compuviper.mx\/tienda\/categoria-producto\/software\/\"},{\"@type\":\"ListItem\",\"position\":4,\"name\":\"Licenciamiento Esd\",\"item\":\"https:\/\/compuviper.mx\/tienda\/categoria-producto\/software\/licenciamiento-esd\/\"},{\"@type\":\"ListItem\",\"position\":5,\"name\":\"Microsoft Ep2-32295,6gq-00088 Esd 365 Family \/ Suscripcion Anual \/ Descarga Digital \/ 6 Usuarios \/ 5 Dispositivos \/ Aplicaciones: Word, Excel, Power Point, Outlook, One Note, Onedrive, Clipchamp \/ Con Ia Copilot\"}]},{\"@type\":\"WebSite\",\"@id\":\"https:\/\/compuviper.mx\/tienda\/#website\",\"url\":\"https:\/\/compuviper.mx\/tienda\/\",\"name\":\"Compuviper\",\"description\":\"Proveedor de Computadoras, Laptops, Servidores, Monitores, Puntos de Venta, Teclados,   Impresoras, T\u00f3ner, C\u00e1maras de Seguridad y m\u00e1s en tu tienda en l\u00ednea\",\"publisher\":{\"@id\":\"https:\/\/compuviper.mx\/tienda\/#organization\"},\"potentialAction\":[{\"@type\":\"SearchAction\",\"target\":{\"@type\":\"EntryPoint\",\"urlTemplate\":\"https:\/\/compuviper.mx\/tienda\/?s={search_term_string}\"},\"query-input\":\"required name=search_term_string\"}],\"inLanguage\":\"es-MX\"},{\"@type\":\"Organization\",\"@id\":\"https:\/\/compuviper.mx\/tienda\/#organization\",\"name\":\"Compuviper\",\"url\":\"https:\/\/compuviper.mx\/tienda\/\",\"logo\":{\"@type\":\"ImageObject\",\"inLanguage\":\"es-MX\",\"@id\":\"https:\/\/compuviper.mx\/tienda\/#\/schema\/logo\/image\/\",\"url\":\"https:\/\/compuviper.mx\/tienda\/wp-content\/uploads\/2021\/08\/Logo-Compuviper-10.png\",\"contentUrl\":\"https:\/\/compuviper.mx\/tienda\/wp-content\/uploads\/2021\/08\/Logo-Compuviper-10.png\",\"width\":1000,\"height\":500,\"caption\":\"Compuviper\"},\"image\":{\"@id\":\"https:\/\/compuviper.mx\/tienda\/#\/schema\/logo\/image\/\"},\"sameAs\":[\"https:\/\/www.facebook.com\/compuviper\",\"https:\/\/www.youtube.com\/channel\/UCf73dERp9Y3cfOq7q8BhLjA?view_as=subscriber\"]}]}<\/script>\n<meta property=\"product:brand\" content=\"MICROSOFT\" \/>\n<meta property=\"product:price:amount\" content=\"1460\" \/>\n<meta property=\"product:price:currency\" content=\"MXN\" \/>\n<meta property=\"og:availability\" content=\"instock\" \/>\n<meta property=\"product:availability\" content=\"instock\" \/>\n<meta property=\"product:retailer_item_id\" content=\"EP2-32295,6GQ-00088\" \/>\n<meta property=\"product:condition\" content=\"new\" \/>\n<!-- \/ Yoast SEO plugin. -->","yoast_head_json":{"title":"[ Microsoft ] &#129351; Ep2-32295,6gq-00088 Esd 365 Family \/ Suscripcion Anual \/ Descarga Digital \/ 6 Usuarios \/ 5 Dispositivos \/ Aplicaciones: Word, Excel, Power Point, Outlook, One Note, Onedrive, Clipchamp \/ Con Ia Copilot","description":"Compra Ep2-32295,6gq-00088 Esd 365 Family \/ Suscripcion Anual \/ Descarga Digital \/ 6 Usuarios \/ 5 Dispositivos \/ Aplicaciones: Word, Excel, Power Point, Outlook, One Note, Onedrive, Clipchamp \/ Con Ia Copilot + Env\u00edo a domicilio + Pago seguro + Garant\u00eda","robots":{"index":"index","follow":"follow","max-snippet":"max-snippet:-1","max-image-preview":"max-image-preview:large","max-video-preview":"max-video-preview:-1"},"canonical":"https:\/\/compuviper.mx\/tienda\/producto\/microsoft-ep2-322956gq-00088-esd-365-family-suscripcion-anual-descarga-digital-6-usuarios-5-dispositivos-aplicaciones-word-excel-power-point-outlook-one-note-onedrive-clipchamp-co\/","og_locale":"es_MX","og_type":"article","og_title":"[ Microsoft ] &#129351; Ep2-32295,6gq-00088 Esd 365 Family \/ Suscripcion Anual \/ Descarga Digital \/ 6 Usuarios \/ 5 Dispositivos \/ Aplicaciones: Word, Excel, Power Point, Outlook, One Note, Onedrive, Clipchamp \/ Con Ia Copilot","og_description":"Compra Ep2-32295,6gq-00088 Esd 365 Family \/ Suscripcion Anual \/ Descarga Digital \/ 6 Usuarios \/ 5 Dispositivos \/ Aplicaciones: Word, Excel, Power Point, Outlook, One Note, Onedrive, Clipchamp \/ Con Ia Copilot + Env\u00edo a domicilio + Pago seguro + Garant\u00eda","og_url":"https:\/\/compuviper.mx\/tienda\/producto\/microsoft-ep2-322956gq-00088-esd-365-family-suscripcion-anual-descarga-digital-6-usuarios-5-dispositivos-aplicaciones-word-excel-power-point-outlook-one-note-onedrive-clipchamp-co\/","og_site_name":"Compuviper","article_publisher":"https:\/\/www.facebook.com\/compuviper","article_modified_time":"2026-04-04T05:21:20+00:00","og_image":[{"width":200,"height":200,"url":"https:\/\/compuviper.mx\/tienda\/wp-content\/uploads\/2026\/01\/Esd-microsoft-365-family-multilenguaje-suscripcion-anual-uso-no-comercial-descarga-electronica.jpg","type":"image\/jpeg"}],"twitter_card":"summary_large_image","twitter_misc":{"Precio":"&#36;1,460 con IVA","Availability":"In stock"},"schema":{"@context":"https:\/\/schema.org","@graph":[{"@type":"WebPage","@id":"https:\/\/compuviper.mx\/tienda\/producto\/microsoft-ep2-322956gq-00088-esd-365-family-suscripcion-anual-descarga-digital-6-usuarios-5-dispositivos-aplicaciones-word-excel-power-point-outlook-one-note-onedrive-clipchamp-co\/","url":"https:\/\/compuviper.mx\/tienda\/producto\/microsoft-ep2-322956gq-00088-esd-365-family-suscripcion-anual-descarga-digital-6-usuarios-5-dispositivos-aplicaciones-word-excel-power-point-outlook-one-note-onedrive-clipchamp-co\/","name":"[ Microsoft ] &#129351; Ep2-32295,6gq-00088 Esd 365 Family \/ Suscripcion Anual \/ Descarga Digital \/ 6 Usuarios \/ 5 Dispositivos \/ Aplicaciones: Word, Excel, Power Point, Outlook, One Note, Onedrive, Clipchamp \/ Con Ia Copilot","isPartOf":{"@id":"https:\/\/compuviper.mx\/tienda\/#website"},"datePublished":"2026-04-04T05:21:19+00:00","dateModified":"2026-04-04T05:21:20+00:00","description":"Compra Ep2-32295,6gq-00088 Esd 365 Family \/ Suscripcion Anual \/ Descarga Digital \/ 6 Usuarios \/ 5 Dispositivos \/ Aplicaciones: Word, Excel, Power Point, Outlook, One Note, Onedrive, Clipchamp \/ Con Ia Copilot + Env\u00edo a domicilio + Pago seguro + Garant\u00eda","breadcrumb":{"@id":"https:\/\/compuviper.mx\/tienda\/producto\/microsoft-ep2-322956gq-00088-esd-365-family-suscripcion-anual-descarga-digital-6-usuarios-5-dispositivos-aplicaciones-word-excel-power-point-outlook-one-note-onedrive-clipchamp-co\/#breadcrumb"},"inLanguage":"es-MX","potentialAction":[{"@type":"ReadAction","target":["https:\/\/compuviper.mx\/tienda\/producto\/microsoft-ep2-322956gq-00088-esd-365-family-suscripcion-anual-descarga-digital-6-usuarios-5-dispositivos-aplicaciones-word-excel-power-point-outlook-one-note-onedrive-clipchamp-co\/"]}]},{"@type":"BreadcrumbList","@id":"https:\/\/compuviper.mx\/tienda\/producto\/microsoft-ep2-322956gq-00088-esd-365-family-suscripcion-anual-descarga-digital-6-usuarios-5-dispositivos-aplicaciones-word-excel-power-point-outlook-one-note-onedrive-clipchamp-co\/#breadcrumb","itemListElement":[{"@type":"ListItem","position":1,"name":"Inicio","item":"https:\/\/compuviper.mx\/tienda\/"},{"@type":"ListItem","position":2,"name":"Productos","item":"https:\/\/compuviper.mx\/tienda\/productos\/"},{"@type":"ListItem","position":3,"name":"Software","item":"https:\/\/compuviper.mx\/tienda\/categoria-producto\/software\/"},{"@type":"ListItem","position":4,"name":"Licenciamiento Esd","item":"https:\/\/compuviper.mx\/tienda\/categoria-producto\/software\/licenciamiento-esd\/"},{"@type":"ListItem","position":5,"name":"Microsoft Ep2-32295,6gq-00088 Esd 365 Family \/ Suscripcion Anual \/ Descarga Digital \/ 6 Usuarios \/ 5 Dispositivos \/ Aplicaciones: Word, Excel, Power Point, Outlook, One Note, Onedrive, Clipchamp \/ Con Ia Copilot"}]},{"@type":"WebSite","@id":"https:\/\/compuviper.mx\/tienda\/#website","url":"https:\/\/compuviper.mx\/tienda\/","name":"Compuviper","description":"Proveedor de Computadoras, Laptops, Servidores, Monitores, Puntos de Venta, Teclados,   Impresoras, T\u00f3ner, C\u00e1maras de Seguridad y m\u00e1s en tu tienda en l\u00ednea","publisher":{"@id":"https:\/\/compuviper.mx\/tienda\/#organization"},"potentialAction":[{"@type":"SearchAction","target":{"@type":"EntryPoint","urlTemplate":"https:\/\/compuviper.mx\/tienda\/?s={search_term_string}"},"query-input":"required name=search_term_string"}],"inLanguage":"es-MX"},{"@type":"Organization","@id":"https:\/\/compuviper.mx\/tienda\/#organization","name":"Compuviper","url":"https:\/\/compuviper.mx\/tienda\/","logo":{"@type":"ImageObject","inLanguage":"es-MX","@id":"https:\/\/compuviper.mx\/tienda\/#\/schema\/logo\/image\/","url":"https:\/\/compuviper.mx\/tienda\/wp-content\/uploads\/2021\/08\/Logo-Compuviper-10.png","contentUrl":"https:\/\/compuviper.mx\/tienda\/wp-content\/uploads\/2021\/08\/Logo-Compuviper-10.png","width":1000,"height":500,"caption":"Compuviper"},"image":{"@id":"https:\/\/compuviper.mx\/tienda\/#\/schema\/logo\/image\/"},"sameAs":["https:\/\/www.facebook.com\/compuviper","https:\/\/www.youtube.com\/channel\/UCf73dERp9Y3cfOq7q8BhLjA?view_as=subscriber"]}]},"product_brand":"MICROSOFT","product_price_amount":"1460","product_price_currency":"MXN","og_availability":"instock","product_availability":"instock","product_retailer_item_id":"EP2-32295,6GQ-00088","product_condition":"new"},"_links":{"self":[{"href":"https:\/\/compuviper.mx\/tienda\/wp-json\/wp\/v2\/product\/265603"}],"collection":[{"href":"https:\/\/compuviper.mx\/tienda\/wp-json\/wp\/v2\/product"}],"about":[{"href":"https:\/\/compuviper.mx\/tienda\/wp-json\/wp\/v2\/types\/product"}],"replies":[{"embeddable":true,"href":"https:\/\/compuviper.mx\/tienda\/wp-json\/wp\/v2\/comments?post=265603"}],"wp:featuredmedia":[{"embeddable":true,"href":"https:\/\/compuviper.mx\/tienda\/wp-json\/wp\/v2\/media\/265604"}],"wp:attachment":[{"href":"https:\/\/compuviper.mx\/tienda\/wp-json\/wp\/v2\/media?parent=265603"}],"wp:term":[{"taxonomy":"product_cat","embeddable":true,"href":"https:\/\/compuviper.mx\/tienda\/wp-json\/wp\/v2\/product_cat?post=265603"},{"taxonomy":"product_tag","embeddable":true,"href":"https:\/\/compuviper.mx\/tienda\/wp-json\/wp\/v2\/product_tag?post=265603"}],"curies":[{"name":"wp","href":"https:\/\/api.w.org\/{rel}","templated":true}]}}