{"id":265584,"date":"2026-04-02T00:47:51","date_gmt":"2026-04-02T06:47:51","guid":{"rendered":"https:\/\/compuviper.mx\/tienda\/producto\/asus-oem-vg34vql1b-monitor-gamer-asus-tuf-34-3440x1440-tr-1ms-165hz-hdmi-dp-vesa-altavoces-freesync-premium-curvo\/"},"modified":"2026-04-03T00:00:17","modified_gmt":"2026-04-03T06:00:17","slug":"asus-oem-vg34vql1b-monitor-gamer-asus-tuf-34-3440x1440-tr-1ms-165hz-hdmi-dp-vesa-altavoces-freesync-premium-curvo","status":"publish","type":"product","link":"https:\/\/compuviper.mx\/tienda\/producto\/asus-oem-vg34vql1b-monitor-gamer-asus-tuf-34-3440x1440-tr-1ms-165hz-hdmi-dp-vesa-altavoces-freesync-premium-curvo\/","title":{"rendered":"Asus Oem Vg34vql1b Monitor Gamer Asus Tuf  \/34 \/3440&#215;1440 \/tr 1ms \/165hz \/hdmi \/dp \/vesa \/altavoces \/freesync Premium \/curvo"},"content":{"rendered":"<table class=\"descripcion\">\n<tr>\n<td>&#8220;model<\/td>\n<\/tr>\n<tr>\n<td>Tuf gaming vg34vql1b<\/td>\n<\/tr>\n<tr>\n<td>Display<\/td>\n<\/tr>\n<tr>\n<td>Panel size (inch) : 34<\/td>\n<\/tr>\n<tr>\n<td>Aspect ratio : 21:9<\/td>\n<\/tr>\n<tr>\n<td>Display viewing area (h x v) : 797.2 x 333.7 mm<\/td>\n<\/tr>\n<tr>\n<td>Display surface : non-glare<\/td>\n<\/tr>\n<tr>\n<td>Backlight type : led<\/td>\n<\/tr>\n<tr>\n<td>Panel type : va<\/td>\n<\/tr>\n<tr>\n<td>Viewing angle (cr and #8807;10, h\/v) : 178\u00b0\/ 178\u00b0<\/td>\n<\/tr>\n<tr>\n<td>Curvature : 1500r<\/td>\n<\/tr>\n<tr>\n<td>Pixel pitch : 0.2325mm<\/td>\n<\/tr>\n<tr>\n<td>Resolution : 3440&#215;1440<\/td>\n<\/tr>\n<tr>\n<td>Color space (srgb) : 120%<\/td>\n<\/tr>\n<tr>\n<td>Color space (dci-p3) : 90%<\/td>\n<\/tr>\n<tr>\n<td>Brightness (hdr, peak) : 550 cd\/ and #13217;<\/td>\n<\/tr>\n<tr>\n<td>Brightness (typ.) : 550cd\/ and #13217;<\/td>\n<\/tr>\n<tr>\n<td>Contrast ratio (typ.) : 4000:1<\/td>\n<\/tr>\n<tr>\n<td>Display colors : 16.7m<\/td>\n<\/tr>\n<tr>\n<td>Response time : 1ms mprt<\/td>\n<\/tr>\n<tr>\n<td>Refresh rate (max) : 165hz<\/td>\n<\/tr>\n<tr>\n<td>Hdr (high dynamic range) support : hdr10<\/td>\n<\/tr>\n<tr>\n<td>Flicker-free : yes<\/td>\n<\/tr>\n<tr>\n<td>Video feature<\/td>\n<\/tr>\n<tr>\n<td>Trace free technology : yes<\/td>\n<\/tr>\n<tr>\n<td>Gamevisual : yes<\/td>\n<\/tr>\n<tr>\n<td>Color temp. selection : yes(4 modes)<\/td>\n<\/tr>\n<tr>\n<td>Gameplus : yes<\/td>\n<\/tr>\n<tr>\n<td>Pip \/ pbp technology : yes<\/td>\n<\/tr>\n<tr>\n<td>Hdcp : yes, 2.2<\/td>\n<\/tr>\n<tr>\n<td>Extreme low motion blur : yes<\/td>\n<\/tr>\n<tr>\n<td>Vrr technology : yes (adaptive-sync)<\/td>\n<\/tr>\n<tr>\n<td>Gamefast input technology : yes<\/td>\n<\/tr>\n<tr>\n<td>Shadow boost : yes<\/td>\n<\/tr>\n<tr>\n<td>Low blue light : yes<\/td>\n<\/tr>\n<tr>\n<td>Multiple hdr mode : yes<\/td>\n<\/tr>\n<tr>\n<td>Audio feature<\/td>\n<\/tr>\n<tr>\n<td>Speaker : yes(2wx2)<\/td>\n<\/tr>\n<tr>\n<td>I\/o ports<\/td>\n<\/tr>\n<tr>\n<td>Displayport 1.4 x 2<\/td>\n<\/tr>\n<tr>\n<td>Hdmi(v2.0) x 2<\/td>\n<\/tr>\n<tr>\n<td>Usb hub : 4x usb 3.2 gen 1 type-a<\/td>\n<\/tr>\n<tr>\n<td>Earphone jack : yes<\/td>\n<\/tr>\n<tr>\n<td>Signal frequency<\/td>\n<\/tr>\n<tr>\n<td>Digital signal frequency : hdmi:30~160khz (h) \/ 48~100hz (v)<\/td>\n<\/tr>\n<tr>\n<td>Displayport:30~260khz(h) \/ 48~165 hz(v)<\/td>\n<\/tr>\n<tr>\n<td>Power consumption<\/td>\n<\/tr>\n<tr>\n<td>Power consumption : 35w<\/td>\n<\/tr>\n<tr>\n<td>Power saving mode :  0.3w<\/td>\n<\/tr>\n<tr>\n<td>Power off mode :  0.3w<\/td>\n<\/tr>\n<tr>\n<td>Voltage : 100-240v, 50\/60hz<\/td>\n<\/tr>\n<tr>\n<td>Mechanical design<\/td>\n<\/tr>\n<tr>\n<td>Tilt : yes (+15\u00b0 ~ -5\u00b0)<\/td>\n<\/tr>\n<tr>\n<td>Swivel : yes (+10\u00b0 ~ -10\u00b0)<\/td>\n<\/tr>\n<tr>\n<td>Height adjustment : 0~130mm<\/td>\n<\/tr>\n<tr>\n<td>Vesa wall mounting : 100x100mm<\/td>\n<\/tr>\n<tr>\n<td>Kensington lock : yes<\/td>\n<\/tr>\n<tr>\n<td>Dimensions (esti.)<\/td>\n<\/tr>\n<tr>\n<td>Phys. dimension (w x h x d) : 809 x (416~546) x 274(mm)<\/td>\n<\/tr>\n<tr>\n<td>Phys. dimension without stand (w x h x d) : 809 x 366 x 105(mm)<\/td>\n<\/tr>\n<tr>\n<td>Box dimension (w x h x d) : 98.0 x 51.6 x 22.6 cm (38.58 x 20.31 x 8.90)<\/td>\n<\/tr>\n<tr>\n<td>Weight (esti.)<\/td>\n<\/tr>\n<tr>\n<td>Net weight : 9.01 kg<\/td>\n<\/tr>\n<tr>\n<td>Net weight without stand : 6.6 kg<\/td>\n<\/tr>\n<tr>\n<td>Gross weight : 11.74 kg<\/td>\n<\/tr>\n<tr>\n<td>Accessories (vary by regions)<\/td>\n<\/tr>\n<tr>\n<td>Displayport cable<\/td>\n<\/tr>\n<tr>\n<td>L-shaped screwdriver<\/td>\n<\/tr>\n<tr>\n<td>Power cord<\/td>\n<\/tr>\n<tr>\n<td>Quick start guide<\/td>\n<\/tr>\n<tr>\n<td>Usb 3.0 cable<\/td>\n<\/tr>\n<tr>\n<td>Warranty card<\/td>\n<\/tr>\n<tr>\n<td>Certificate<\/td>\n<\/tr>\n<tr>\n<td>T\u00fcv flicker-free<\/td>\n<\/tr>\n<tr>\n<td>T\u00fcv low blue light<\/td>\n<\/tr>\n<tr>\n<td>Vesa displayhdr 400<\/td>\n<\/tr>\n<tr>\n<td>Amd freesync premium&#8221;<\/td>\n<\/tr>\n<\/table>\n","protected":false},"excerpt":{"rendered":"<p>&#8220;tuf gaming vg34vql1b monitor curvo para juegos: 34 wqhd (3440&#215;1440), 165 hz (por encima de 144 hz), extreme low motion blur, freesync premium, 1ms (mprt), displayhdr 400. Monitor curvo wqhd (3440&#215;1440) 1500r de 34 pulgadas con frecuencia de actualizaci\u00f3n ultrarrapida de 165hz dise\u00f1ado para jugadores profesionales y juegos inmersivos. La tecnologia asus extreme low motion blur (elmb) permite un tiempo de respuesta de 1 ms (mprt) que elimina las imagenes fantasma y el desgarro para obtener imagenes de juego nitidas. Tecnologia freesync premium para eliminar el desgarro de la pantalla y las velocidades de cuadro entrecortadas. La tecnologia de alto rango dinamico (hdr) con una gama de colores profesional ofrece un rendimiento de contraste y color que cumple con la certificaci\u00f3n displayhdr 400. Admite adaptive-sync con tarjetas graficas nvidia geforce y freesync con tarjetas gr\u00e1ficas amd radeo compatible con las series nvidia geforce gtx 10, gtx 16, rtx 20 y tarjetas graficas mas nuevas. Alida full hd (1920 x 1080) @ 120hz en ps5 y xbox series x\/s. Tuf gaming vg34vql1b monitor curvo para juegos: 34 wqhd (3440&#215;1440), 165 hz (por encima de 144 hz), extreme low motion blur, freesync premium, 1ms (mprt), displayhdr 400. Monitor curvo wqhd (3440&#215;1440) 1500r de 34 pulgadas con frecuencia de actualizaci\u00f3n ultrarrapida de 165hz dise\u00f1ado para jugadores profesionales y juegos inmersivos. La tecnologia asus extreme low motion blur (elmb) permite un tiempo de respuesta de 1 ms (mprt) que elimina las imagenes fantasma y el desgarro para obtener imagenes de juego nitidas. Tecnologia freesync premium para eliminar el desgarro de la pantalla y las velocidades de cuadro entrecortadas. La tecnologia de alto rango dinamico (hdr) con una gama de colores profesional ofrece un rendimiento de contraste y color que cumple con la certificaci\u00f3n displayhdr 400. Admite adaptive-sync con tarjetas graficas nvidia geforce y freesync con tarjetas gr\u00e1ficas amd radeo compatible con las series nvidia geforce gtx 10, gtx 16, rtx 20 y tarjetas graficas mas nuevas. Alida full hd (1920 x 1080) @ 120hz en ps5 y xbox series x\/s. &#8220;<\/p>\n","protected":false},"featured_media":265585,"comment_status":"open","ping_status":"open","template":"","meta":[],"product_cat":[1741,1740],"product_tag":[2096],"acf":[],"yoast_head":"<!-- This site is optimized with the Yoast SEO plugin v21.7 - https:\/\/yoast.com\/wordpress\/plugins\/seo\/ -->\n<title>[ Asus Oem ] &#129351; Vg34vql1b Monitor Gamer Asus Tuf \/34 \/3440x1440 \/tr 1ms \/165hz \/hdmi \/dp \/vesa \/altavoces \/freesync Premium \/curvo<\/title>\n<meta name=\"description\" content=\"Compra Vg34vql1b Monitor Gamer Asus Tuf \/34 \/3440x1440 \/tr 1ms \/165hz \/hdmi \/dp \/vesa \/altavoces \/freesync Premium \/curvo + Env\u00edo a domicilio + Pago seguro + Garant\u00eda\" \/>\n<meta name=\"robots\" content=\"index, follow, max-snippet:-1, max-image-preview:large, max-video-preview:-1\" \/>\n<link rel=\"canonical\" href=\"https:\/\/compuviper.mx\/tienda\/producto\/asus-oem-vg34vql1b-monitor-gamer-asus-tuf-34-3440x1440-tr-1ms-165hz-hdmi-dp-vesa-altavoces-freesync-premium-curvo\/\" \/>\n<meta property=\"og:locale\" content=\"es_MX\" \/>\n<meta property=\"og:type\" content=\"article\" \/>\n<meta property=\"og:title\" content=\"[ Asus Oem ] &#129351; Vg34vql1b Monitor Gamer Asus Tuf \/34 \/3440x1440 \/tr 1ms \/165hz \/hdmi \/dp \/vesa \/altavoces \/freesync Premium \/curvo\" \/>\n<meta property=\"og:description\" content=\"Compra Vg34vql1b Monitor Gamer Asus Tuf \/34 \/3440x1440 \/tr 1ms \/165hz \/hdmi \/dp \/vesa \/altavoces \/freesync Premium \/curvo + Env\u00edo a domicilio + Pago seguro + Garant\u00eda\" \/>\n<meta property=\"og:url\" content=\"https:\/\/compuviper.mx\/tienda\/producto\/asus-oem-vg34vql1b-monitor-gamer-asus-tuf-34-3440x1440-tr-1ms-165hz-hdmi-dp-vesa-altavoces-freesync-premium-curvo\/\" \/>\n<meta property=\"og:site_name\" content=\"Compuviper\" \/>\n<meta property=\"article:publisher\" content=\"https:\/\/www.facebook.com\/compuviper\" \/>\n<meta property=\"article:modified_time\" content=\"2026-04-03T06:00:17+00:00\" \/>\n<meta property=\"og:image\" content=\"https:\/\/compuviper.mx\/tienda\/wp-content\/uploads\/2026\/01\/Monitor-gamer-asus-tuf-vg34vql1b-34-3440x1440-tr-1ms-165hz-hdmi-dp-vesa-altavoces-freesync-premium-curvo.jpg\" \/>\n\t<meta property=\"og:image:width\" content=\"200\" \/>\n\t<meta property=\"og:image:height\" content=\"200\" \/>\n\t<meta property=\"og:image:type\" content=\"image\/jpeg\" \/>\n<meta name=\"twitter:card\" content=\"summary_large_image\" \/>\n<meta name=\"twitter:label1\" content=\"Precio\" \/>\n\t<meta name=\"twitter:data1\" content=\"&#36;6,067 con IVA\" \/>\n\t<meta name=\"twitter:label2\" content=\"Availability\" \/>\n\t<meta name=\"twitter:data2\" content=\"Out of stock\" \/>\n<script type=\"application\/ld+json\" class=\"yoast-schema-graph\">{\"@context\":\"https:\/\/schema.org\",\"@graph\":[{\"@type\":\"WebPage\",\"@id\":\"https:\/\/compuviper.mx\/tienda\/producto\/asus-oem-vg34vql1b-monitor-gamer-asus-tuf-34-3440x1440-tr-1ms-165hz-hdmi-dp-vesa-altavoces-freesync-premium-curvo\/\",\"url\":\"https:\/\/compuviper.mx\/tienda\/producto\/asus-oem-vg34vql1b-monitor-gamer-asus-tuf-34-3440x1440-tr-1ms-165hz-hdmi-dp-vesa-altavoces-freesync-premium-curvo\/\",\"name\":\"[ Asus Oem ] &#129351; Vg34vql1b Monitor Gamer Asus Tuf \/34 \/3440x1440 \/tr 1ms \/165hz \/hdmi \/dp \/vesa \/altavoces \/freesync Premium \/curvo\",\"isPartOf\":{\"@id\":\"https:\/\/compuviper.mx\/tienda\/#website\"},\"datePublished\":\"2026-04-02T06:47:51+00:00\",\"dateModified\":\"2026-04-03T06:00:17+00:00\",\"description\":\"Compra Vg34vql1b Monitor Gamer Asus Tuf \/34 \/3440x1440 \/tr 1ms \/165hz \/hdmi \/dp \/vesa \/altavoces \/freesync Premium \/curvo + Env\u00edo a domicilio + Pago seguro + Garant\u00eda\",\"breadcrumb\":{\"@id\":\"https:\/\/compuviper.mx\/tienda\/producto\/asus-oem-vg34vql1b-monitor-gamer-asus-tuf-34-3440x1440-tr-1ms-165hz-hdmi-dp-vesa-altavoces-freesync-premium-curvo\/#breadcrumb\"},\"inLanguage\":\"es-MX\",\"potentialAction\":[{\"@type\":\"ReadAction\",\"target\":[\"https:\/\/compuviper.mx\/tienda\/producto\/asus-oem-vg34vql1b-monitor-gamer-asus-tuf-34-3440x1440-tr-1ms-165hz-hdmi-dp-vesa-altavoces-freesync-premium-curvo\/\"]}]},{\"@type\":\"BreadcrumbList\",\"@id\":\"https:\/\/compuviper.mx\/tienda\/producto\/asus-oem-vg34vql1b-monitor-gamer-asus-tuf-34-3440x1440-tr-1ms-165hz-hdmi-dp-vesa-altavoces-freesync-premium-curvo\/#breadcrumb\",\"itemListElement\":[{\"@type\":\"ListItem\",\"position\":1,\"name\":\"Inicio\",\"item\":\"https:\/\/compuviper.mx\/tienda\/\"},{\"@type\":\"ListItem\",\"position\":2,\"name\":\"Productos\",\"item\":\"https:\/\/compuviper.mx\/tienda\/productos\/\"},{\"@type\":\"ListItem\",\"position\":3,\"name\":\"Monitores\",\"item\":\"https:\/\/compuviper.mx\/tienda\/categoria-producto\/monitores\/\"},{\"@type\":\"ListItem\",\"position\":4,\"name\":\"Led\",\"item\":\"https:\/\/compuviper.mx\/tienda\/categoria-producto\/monitores\/led\/\"},{\"@type\":\"ListItem\",\"position\":5,\"name\":\"Asus Oem Vg34vql1b Monitor Gamer Asus Tuf \/34 \/3440&#215;1440 \/tr 1ms \/165hz \/hdmi \/dp \/vesa \/altavoces \/freesync Premium \/curvo\"}]},{\"@type\":\"WebSite\",\"@id\":\"https:\/\/compuviper.mx\/tienda\/#website\",\"url\":\"https:\/\/compuviper.mx\/tienda\/\",\"name\":\"Compuviper\",\"description\":\"Proveedor de Computadoras, Laptops, Servidores, Monitores, Puntos de Venta, Teclados,   Impresoras, T\u00f3ner, C\u00e1maras de Seguridad y m\u00e1s en tu tienda en l\u00ednea\",\"publisher\":{\"@id\":\"https:\/\/compuviper.mx\/tienda\/#organization\"},\"potentialAction\":[{\"@type\":\"SearchAction\",\"target\":{\"@type\":\"EntryPoint\",\"urlTemplate\":\"https:\/\/compuviper.mx\/tienda\/?s={search_term_string}\"},\"query-input\":\"required name=search_term_string\"}],\"inLanguage\":\"es-MX\"},{\"@type\":\"Organization\",\"@id\":\"https:\/\/compuviper.mx\/tienda\/#organization\",\"name\":\"Compuviper\",\"url\":\"https:\/\/compuviper.mx\/tienda\/\",\"logo\":{\"@type\":\"ImageObject\",\"inLanguage\":\"es-MX\",\"@id\":\"https:\/\/compuviper.mx\/tienda\/#\/schema\/logo\/image\/\",\"url\":\"https:\/\/compuviper.mx\/tienda\/wp-content\/uploads\/2021\/08\/Logo-Compuviper-10.png\",\"contentUrl\":\"https:\/\/compuviper.mx\/tienda\/wp-content\/uploads\/2021\/08\/Logo-Compuviper-10.png\",\"width\":1000,\"height\":500,\"caption\":\"Compuviper\"},\"image\":{\"@id\":\"https:\/\/compuviper.mx\/tienda\/#\/schema\/logo\/image\/\"},\"sameAs\":[\"https:\/\/www.facebook.com\/compuviper\",\"https:\/\/www.youtube.com\/channel\/UCf73dERp9Y3cfOq7q8BhLjA?view_as=subscriber\"]}]}<\/script>\n<meta property=\"product:brand\" content=\"Asus Oem\" \/>\n<meta property=\"product:price:amount\" content=\"6067\" \/>\n<meta property=\"product:price:currency\" content=\"MXN\" \/>\n<meta property=\"og:availability\" content=\"out of stock\" \/>\n<meta property=\"product:availability\" content=\"out of stock\" \/>\n<meta property=\"product:retailer_item_id\" content=\"VG34VQL1B\" \/>\n<meta property=\"product:condition\" content=\"new\" \/>\n<!-- \/ Yoast SEO plugin. -->","yoast_head_json":{"title":"[ Asus Oem ] &#129351; Vg34vql1b Monitor Gamer Asus Tuf \/34 \/3440x1440 \/tr 1ms \/165hz \/hdmi \/dp \/vesa \/altavoces \/freesync Premium \/curvo","description":"Compra Vg34vql1b Monitor Gamer Asus Tuf \/34 \/3440x1440 \/tr 1ms \/165hz \/hdmi \/dp \/vesa \/altavoces \/freesync Premium \/curvo + Env\u00edo a domicilio + Pago seguro + Garant\u00eda","robots":{"index":"index","follow":"follow","max-snippet":"max-snippet:-1","max-image-preview":"max-image-preview:large","max-video-preview":"max-video-preview:-1"},"canonical":"https:\/\/compuviper.mx\/tienda\/producto\/asus-oem-vg34vql1b-monitor-gamer-asus-tuf-34-3440x1440-tr-1ms-165hz-hdmi-dp-vesa-altavoces-freesync-premium-curvo\/","og_locale":"es_MX","og_type":"article","og_title":"[ Asus Oem ] &#129351; Vg34vql1b Monitor Gamer Asus Tuf \/34 \/3440x1440 \/tr 1ms \/165hz \/hdmi \/dp \/vesa \/altavoces \/freesync Premium \/curvo","og_description":"Compra Vg34vql1b Monitor Gamer Asus Tuf \/34 \/3440x1440 \/tr 1ms \/165hz \/hdmi \/dp \/vesa \/altavoces \/freesync Premium \/curvo + Env\u00edo a domicilio + Pago seguro + Garant\u00eda","og_url":"https:\/\/compuviper.mx\/tienda\/producto\/asus-oem-vg34vql1b-monitor-gamer-asus-tuf-34-3440x1440-tr-1ms-165hz-hdmi-dp-vesa-altavoces-freesync-premium-curvo\/","og_site_name":"Compuviper","article_publisher":"https:\/\/www.facebook.com\/compuviper","article_modified_time":"2026-04-03T06:00:17+00:00","og_image":[{"width":200,"height":200,"url":"https:\/\/compuviper.mx\/tienda\/wp-content\/uploads\/2026\/01\/Monitor-gamer-asus-tuf-vg34vql1b-34-3440x1440-tr-1ms-165hz-hdmi-dp-vesa-altavoces-freesync-premium-curvo.jpg","type":"image\/jpeg"}],"twitter_card":"summary_large_image","twitter_misc":{"Precio":"&#36;6,067 con IVA","Availability":"Out of stock"},"schema":{"@context":"https:\/\/schema.org","@graph":[{"@type":"WebPage","@id":"https:\/\/compuviper.mx\/tienda\/producto\/asus-oem-vg34vql1b-monitor-gamer-asus-tuf-34-3440x1440-tr-1ms-165hz-hdmi-dp-vesa-altavoces-freesync-premium-curvo\/","url":"https:\/\/compuviper.mx\/tienda\/producto\/asus-oem-vg34vql1b-monitor-gamer-asus-tuf-34-3440x1440-tr-1ms-165hz-hdmi-dp-vesa-altavoces-freesync-premium-curvo\/","name":"[ Asus Oem ] &#129351; Vg34vql1b Monitor Gamer Asus Tuf \/34 \/3440x1440 \/tr 1ms \/165hz \/hdmi \/dp \/vesa \/altavoces \/freesync Premium \/curvo","isPartOf":{"@id":"https:\/\/compuviper.mx\/tienda\/#website"},"datePublished":"2026-04-02T06:47:51+00:00","dateModified":"2026-04-03T06:00:17+00:00","description":"Compra Vg34vql1b Monitor Gamer Asus Tuf \/34 \/3440x1440 \/tr 1ms \/165hz \/hdmi \/dp \/vesa \/altavoces \/freesync Premium \/curvo + Env\u00edo a domicilio + Pago seguro + Garant\u00eda","breadcrumb":{"@id":"https:\/\/compuviper.mx\/tienda\/producto\/asus-oem-vg34vql1b-monitor-gamer-asus-tuf-34-3440x1440-tr-1ms-165hz-hdmi-dp-vesa-altavoces-freesync-premium-curvo\/#breadcrumb"},"inLanguage":"es-MX","potentialAction":[{"@type":"ReadAction","target":["https:\/\/compuviper.mx\/tienda\/producto\/asus-oem-vg34vql1b-monitor-gamer-asus-tuf-34-3440x1440-tr-1ms-165hz-hdmi-dp-vesa-altavoces-freesync-premium-curvo\/"]}]},{"@type":"BreadcrumbList","@id":"https:\/\/compuviper.mx\/tienda\/producto\/asus-oem-vg34vql1b-monitor-gamer-asus-tuf-34-3440x1440-tr-1ms-165hz-hdmi-dp-vesa-altavoces-freesync-premium-curvo\/#breadcrumb","itemListElement":[{"@type":"ListItem","position":1,"name":"Inicio","item":"https:\/\/compuviper.mx\/tienda\/"},{"@type":"ListItem","position":2,"name":"Productos","item":"https:\/\/compuviper.mx\/tienda\/productos\/"},{"@type":"ListItem","position":3,"name":"Monitores","item":"https:\/\/compuviper.mx\/tienda\/categoria-producto\/monitores\/"},{"@type":"ListItem","position":4,"name":"Led","item":"https:\/\/compuviper.mx\/tienda\/categoria-producto\/monitores\/led\/"},{"@type":"ListItem","position":5,"name":"Asus Oem Vg34vql1b Monitor Gamer Asus Tuf \/34 \/3440&#215;1440 \/tr 1ms \/165hz \/hdmi \/dp \/vesa \/altavoces \/freesync Premium \/curvo"}]},{"@type":"WebSite","@id":"https:\/\/compuviper.mx\/tienda\/#website","url":"https:\/\/compuviper.mx\/tienda\/","name":"Compuviper","description":"Proveedor de Computadoras, Laptops, Servidores, Monitores, Puntos de Venta, Teclados,   Impresoras, T\u00f3ner, C\u00e1maras de Seguridad y m\u00e1s en tu tienda en l\u00ednea","publisher":{"@id":"https:\/\/compuviper.mx\/tienda\/#organization"},"potentialAction":[{"@type":"SearchAction","target":{"@type":"EntryPoint","urlTemplate":"https:\/\/compuviper.mx\/tienda\/?s={search_term_string}"},"query-input":"required name=search_term_string"}],"inLanguage":"es-MX"},{"@type":"Organization","@id":"https:\/\/compuviper.mx\/tienda\/#organization","name":"Compuviper","url":"https:\/\/compuviper.mx\/tienda\/","logo":{"@type":"ImageObject","inLanguage":"es-MX","@id":"https:\/\/compuviper.mx\/tienda\/#\/schema\/logo\/image\/","url":"https:\/\/compuviper.mx\/tienda\/wp-content\/uploads\/2021\/08\/Logo-Compuviper-10.png","contentUrl":"https:\/\/compuviper.mx\/tienda\/wp-content\/uploads\/2021\/08\/Logo-Compuviper-10.png","width":1000,"height":500,"caption":"Compuviper"},"image":{"@id":"https:\/\/compuviper.mx\/tienda\/#\/schema\/logo\/image\/"},"sameAs":["https:\/\/www.facebook.com\/compuviper","https:\/\/www.youtube.com\/channel\/UCf73dERp9Y3cfOq7q8BhLjA?view_as=subscriber"]}]},"product_brand":"Asus Oem","product_price_amount":"6067","product_price_currency":"MXN","og_availability":"out of stock","product_availability":"out of stock","product_retailer_item_id":"VG34VQL1B","product_condition":"new"},"_links":{"self":[{"href":"https:\/\/compuviper.mx\/tienda\/wp-json\/wp\/v2\/product\/265584"}],"collection":[{"href":"https:\/\/compuviper.mx\/tienda\/wp-json\/wp\/v2\/product"}],"about":[{"href":"https:\/\/compuviper.mx\/tienda\/wp-json\/wp\/v2\/types\/product"}],"replies":[{"embeddable":true,"href":"https:\/\/compuviper.mx\/tienda\/wp-json\/wp\/v2\/comments?post=265584"}],"wp:featuredmedia":[{"embeddable":true,"href":"https:\/\/compuviper.mx\/tienda\/wp-json\/wp\/v2\/media\/265585"}],"wp:attachment":[{"href":"https:\/\/compuviper.mx\/tienda\/wp-json\/wp\/v2\/media?parent=265584"}],"wp:term":[{"taxonomy":"product_cat","embeddable":true,"href":"https:\/\/compuviper.mx\/tienda\/wp-json\/wp\/v2\/product_cat?post=265584"},{"taxonomy":"product_tag","embeddable":true,"href":"https:\/\/compuviper.mx\/tienda\/wp-json\/wp\/v2\/product_tag?post=265584"}],"curies":[{"name":"wp","href":"https:\/\/api.w.org\/{rel}","templated":true}]}}