{"id":265581,"date":"2026-04-01T23:21:26","date_gmt":"2026-04-02T05:21:26","guid":{"rendered":"https:\/\/compuviper.mx\/tienda\/producto\/perfect-choice-pc-117292-lentes-inteligentes-touch-con-audio-open-ear-polarizados-llamadas-musica-asistente-de-voz-evoir\/"},"modified":"2026-04-01T23:21:27","modified_gmt":"2026-04-02T05:21:27","slug":"perfect-choice-pc-117292-lentes-inteligentes-touch-con-audio-open-ear-polarizados-llamadas-musica-asistente-de-voz-evoir","status":"publish","type":"product","link":"https:\/\/compuviper.mx\/tienda\/producto\/perfect-choice-pc-117292-lentes-inteligentes-touch-con-audio-open-ear-polarizados-llamadas-musica-asistente-de-voz-evoir\/","title":{"rendered":"Perfect Choice Pc-117292 Lentes Inteligentes Touch Con Audio Open Ear, Polarizados. Llamadas, Musica, Asistente De Voz, Evoir"},"content":{"rendered":"<table class=\"descripcion\">\n<tr>\n<td>Modelo: pc-117292<\/td>\n<\/tr>\n<tr>\n<td>\u0095 alimentaci\u00f3n: 5vcc 1a<\/td>\n<\/tr>\n<tr>\n<td>\u0095 transmisi\u00f3n: inal\u00e1mbrica blue-tooth v5.3<\/td>\n<\/tr>\n<tr>\n<td>\u0095 perfiles: hfp a2dp hsp avrcp<\/td>\n<\/tr>\n<tr>\n<td>\u0095 cpu: ab5632f<\/td>\n<\/tr>\n<tr>\n<td>\u0095 bater\u00eda: 100mah*2<\/td>\n<\/tr>\n<tr>\n<td>\u0095 tiempo de reproducci\u00f3n:  and #8776;5h<\/td>\n<\/tr>\n<tr>\n<td>\u0095 protecci\u00f3n: ip68, uv400<\/td>\n<\/tr>\n<tr>\n<td>\u0095 material: policarbonato (pc)<\/td>\n<\/tr>\n<\/table>\n","protected":false},"excerpt":{"rendered":"<p>Lentes inteligentes con audio integrado, tecnolog\u00eda open. Ear para escuchar sin aislarte del entorno, polarizados con. Protecci\u00f3n uv400 contra la radiaci\u00f3n solar. Resistentes al. Agua con certificaci\u00f3n ip68, ideales para un estilo de vida. Activo y conectado.<\/p>\n","protected":false},"featured_media":0,"comment_status":"open","ping_status":"open","template":"","meta":[],"product_cat":[1485,2146],"product_tag":[1513],"acf":[],"yoast_head":"<!-- This site is optimized with the Yoast SEO plugin v21.7 - https:\/\/yoast.com\/wordpress\/plugins\/seo\/ -->\n<title>[ Perfect Choice ] &#129351; Pc-117292 Lentes Inteligentes Touch Con Audio Open Ear, Polarizados. Llamadas, Musica, Asistente De Voz, Evoir<\/title>\n<meta name=\"description\" content=\"Compra Pc-117292 Lentes Inteligentes Touch Con Audio Open Ear, Polarizados. Llamadas, Musica, Asistente De Voz, Evoir + Env\u00edo a domicilio + Pago seguro + Garant\u00eda\" \/>\n<meta name=\"robots\" content=\"index, follow, max-snippet:-1, max-image-preview:large, max-video-preview:-1\" \/>\n<link rel=\"canonical\" href=\"https:\/\/compuviper.mx\/tienda\/producto\/perfect-choice-pc-117292-lentes-inteligentes-touch-con-audio-open-ear-polarizados-llamadas-musica-asistente-de-voz-evoir\/\" \/>\n<meta property=\"og:locale\" content=\"es_MX\" \/>\n<meta property=\"og:type\" content=\"article\" \/>\n<meta property=\"og:title\" content=\"[ Perfect Choice ] &#129351; Pc-117292 Lentes Inteligentes Touch Con Audio Open Ear, Polarizados. Llamadas, Musica, Asistente De Voz, Evoir\" \/>\n<meta property=\"og:description\" content=\"Compra Pc-117292 Lentes Inteligentes Touch Con Audio Open Ear, Polarizados. Llamadas, Musica, Asistente De Voz, Evoir + Env\u00edo a domicilio + Pago seguro + Garant\u00eda\" \/>\n<meta property=\"og:url\" content=\"https:\/\/compuviper.mx\/tienda\/producto\/perfect-choice-pc-117292-lentes-inteligentes-touch-con-audio-open-ear-polarizados-llamadas-musica-asistente-de-voz-evoir\/\" \/>\n<meta property=\"og:site_name\" content=\"Compuviper\" \/>\n<meta property=\"article:publisher\" content=\"https:\/\/www.facebook.com\/compuviper\" \/>\n<meta property=\"article:modified_time\" content=\"2026-04-02T05:21:27+00:00\" \/>\n<meta name=\"twitter:card\" content=\"summary_large_image\" \/>\n<meta name=\"twitter:label1\" content=\"Precio\" \/>\n\t<meta name=\"twitter:data1\" content=\"&#36;666 con IVA\" \/>\n\t<meta name=\"twitter:label2\" content=\"Availability\" \/>\n\t<meta name=\"twitter:data2\" content=\"Out of stock\" \/>\n<script type=\"application\/ld+json\" class=\"yoast-schema-graph\">{\"@context\":\"https:\/\/schema.org\",\"@graph\":[{\"@type\":\"WebPage\",\"@id\":\"https:\/\/compuviper.mx\/tienda\/producto\/perfect-choice-pc-117292-lentes-inteligentes-touch-con-audio-open-ear-polarizados-llamadas-musica-asistente-de-voz-evoir\/\",\"url\":\"https:\/\/compuviper.mx\/tienda\/producto\/perfect-choice-pc-117292-lentes-inteligentes-touch-con-audio-open-ear-polarizados-llamadas-musica-asistente-de-voz-evoir\/\",\"name\":\"[ Perfect Choice ] &#129351; Pc-117292 Lentes Inteligentes Touch Con Audio Open Ear, Polarizados. Llamadas, Musica, Asistente De Voz, Evoir\",\"isPartOf\":{\"@id\":\"https:\/\/compuviper.mx\/tienda\/#website\"},\"datePublished\":\"2026-04-02T05:21:26+00:00\",\"dateModified\":\"2026-04-02T05:21:27+00:00\",\"description\":\"Compra Pc-117292 Lentes Inteligentes Touch Con Audio Open Ear, Polarizados. Llamadas, Musica, Asistente De Voz, Evoir + Env\u00edo a domicilio + Pago seguro + Garant\u00eda\",\"breadcrumb\":{\"@id\":\"https:\/\/compuviper.mx\/tienda\/producto\/perfect-choice-pc-117292-lentes-inteligentes-touch-con-audio-open-ear-polarizados-llamadas-musica-asistente-de-voz-evoir\/#breadcrumb\"},\"inLanguage\":\"es-MX\",\"potentialAction\":[{\"@type\":\"ReadAction\",\"target\":[\"https:\/\/compuviper.mx\/tienda\/producto\/perfect-choice-pc-117292-lentes-inteligentes-touch-con-audio-open-ear-polarizados-llamadas-musica-asistente-de-voz-evoir\/\"]}]},{\"@type\":\"BreadcrumbList\",\"@id\":\"https:\/\/compuviper.mx\/tienda\/producto\/perfect-choice-pc-117292-lentes-inteligentes-touch-con-audio-open-ear-polarizados-llamadas-musica-asistente-de-voz-evoir\/#breadcrumb\",\"itemListElement\":[{\"@type\":\"ListItem\",\"position\":1,\"name\":\"Inicio\",\"item\":\"https:\/\/compuviper.mx\/tienda\/\"},{\"@type\":\"ListItem\",\"position\":2,\"name\":\"Productos\",\"item\":\"https:\/\/compuviper.mx\/tienda\/productos\/\"},{\"@type\":\"ListItem\",\"position\":3,\"name\":\"Accesorios\",\"item\":\"https:\/\/compuviper.mx\/tienda\/categoria-producto\/accesorios\/\"},{\"@type\":\"ListItem\",\"position\":4,\"name\":\"Lentes Uso Personal\",\"item\":\"https:\/\/compuviper.mx\/tienda\/categoria-producto\/accesorios\/lentes-uso-personal\/\"},{\"@type\":\"ListItem\",\"position\":5,\"name\":\"Perfect Choice Pc-117292 Lentes Inteligentes Touch Con Audio Open Ear, Polarizados. Llamadas, Musica, Asistente De Voz, Evoir\"}]},{\"@type\":\"WebSite\",\"@id\":\"https:\/\/compuviper.mx\/tienda\/#website\",\"url\":\"https:\/\/compuviper.mx\/tienda\/\",\"name\":\"Compuviper\",\"description\":\"Proveedor de Computadoras, Laptops, Servidores, Monitores, Puntos de Venta, Teclados,   Impresoras, T\u00f3ner, C\u00e1maras de Seguridad y m\u00e1s en tu tienda en l\u00ednea\",\"publisher\":{\"@id\":\"https:\/\/compuviper.mx\/tienda\/#organization\"},\"potentialAction\":[{\"@type\":\"SearchAction\",\"target\":{\"@type\":\"EntryPoint\",\"urlTemplate\":\"https:\/\/compuviper.mx\/tienda\/?s={search_term_string}\"},\"query-input\":\"required name=search_term_string\"}],\"inLanguage\":\"es-MX\"},{\"@type\":\"Organization\",\"@id\":\"https:\/\/compuviper.mx\/tienda\/#organization\",\"name\":\"Compuviper\",\"url\":\"https:\/\/compuviper.mx\/tienda\/\",\"logo\":{\"@type\":\"ImageObject\",\"inLanguage\":\"es-MX\",\"@id\":\"https:\/\/compuviper.mx\/tienda\/#\/schema\/logo\/image\/\",\"url\":\"https:\/\/compuviper.mx\/tienda\/wp-content\/uploads\/2021\/08\/Logo-Compuviper-10.png\",\"contentUrl\":\"https:\/\/compuviper.mx\/tienda\/wp-content\/uploads\/2021\/08\/Logo-Compuviper-10.png\",\"width\":1000,\"height\":500,\"caption\":\"Compuviper\"},\"image\":{\"@id\":\"https:\/\/compuviper.mx\/tienda\/#\/schema\/logo\/image\/\"},\"sameAs\":[\"https:\/\/www.facebook.com\/compuviper\",\"https:\/\/www.youtube.com\/channel\/UCf73dERp9Y3cfOq7q8BhLjA?view_as=subscriber\"]}]}<\/script>\n<meta property=\"product:brand\" content=\"PERFECT CHOICE\" \/>\n<meta property=\"product:price:amount\" content=\"666\" \/>\n<meta property=\"product:price:currency\" content=\"MXN\" \/>\n<meta property=\"og:availability\" content=\"out of stock\" \/>\n<meta property=\"product:availability\" content=\"out of stock\" \/>\n<meta property=\"product:retailer_item_id\" content=\"PC-117292\" \/>\n<meta property=\"product:condition\" content=\"new\" \/>\n<!-- \/ Yoast SEO plugin. -->","yoast_head_json":{"title":"[ Perfect Choice ] &#129351; Pc-117292 Lentes Inteligentes Touch Con Audio Open Ear, Polarizados. Llamadas, Musica, Asistente De Voz, Evoir","description":"Compra Pc-117292 Lentes Inteligentes Touch Con Audio Open Ear, Polarizados. Llamadas, Musica, Asistente De Voz, Evoir + Env\u00edo a domicilio + Pago seguro + Garant\u00eda","robots":{"index":"index","follow":"follow","max-snippet":"max-snippet:-1","max-image-preview":"max-image-preview:large","max-video-preview":"max-video-preview:-1"},"canonical":"https:\/\/compuviper.mx\/tienda\/producto\/perfect-choice-pc-117292-lentes-inteligentes-touch-con-audio-open-ear-polarizados-llamadas-musica-asistente-de-voz-evoir\/","og_locale":"es_MX","og_type":"article","og_title":"[ Perfect Choice ] &#129351; Pc-117292 Lentes Inteligentes Touch Con Audio Open Ear, Polarizados. Llamadas, Musica, Asistente De Voz, Evoir","og_description":"Compra Pc-117292 Lentes Inteligentes Touch Con Audio Open Ear, Polarizados. Llamadas, Musica, Asistente De Voz, Evoir + Env\u00edo a domicilio + Pago seguro + Garant\u00eda","og_url":"https:\/\/compuviper.mx\/tienda\/producto\/perfect-choice-pc-117292-lentes-inteligentes-touch-con-audio-open-ear-polarizados-llamadas-musica-asistente-de-voz-evoir\/","og_site_name":"Compuviper","article_publisher":"https:\/\/www.facebook.com\/compuviper","article_modified_time":"2026-04-02T05:21:27+00:00","twitter_card":"summary_large_image","twitter_misc":{"Precio":"&#36;666 con IVA","Availability":"Out of stock"},"schema":{"@context":"https:\/\/schema.org","@graph":[{"@type":"WebPage","@id":"https:\/\/compuviper.mx\/tienda\/producto\/perfect-choice-pc-117292-lentes-inteligentes-touch-con-audio-open-ear-polarizados-llamadas-musica-asistente-de-voz-evoir\/","url":"https:\/\/compuviper.mx\/tienda\/producto\/perfect-choice-pc-117292-lentes-inteligentes-touch-con-audio-open-ear-polarizados-llamadas-musica-asistente-de-voz-evoir\/","name":"[ Perfect Choice ] &#129351; Pc-117292 Lentes Inteligentes Touch Con Audio Open Ear, Polarizados. Llamadas, Musica, Asistente De Voz, Evoir","isPartOf":{"@id":"https:\/\/compuviper.mx\/tienda\/#website"},"datePublished":"2026-04-02T05:21:26+00:00","dateModified":"2026-04-02T05:21:27+00:00","description":"Compra Pc-117292 Lentes Inteligentes Touch Con Audio Open Ear, Polarizados. Llamadas, Musica, Asistente De Voz, Evoir + Env\u00edo a domicilio + Pago seguro + Garant\u00eda","breadcrumb":{"@id":"https:\/\/compuviper.mx\/tienda\/producto\/perfect-choice-pc-117292-lentes-inteligentes-touch-con-audio-open-ear-polarizados-llamadas-musica-asistente-de-voz-evoir\/#breadcrumb"},"inLanguage":"es-MX","potentialAction":[{"@type":"ReadAction","target":["https:\/\/compuviper.mx\/tienda\/producto\/perfect-choice-pc-117292-lentes-inteligentes-touch-con-audio-open-ear-polarizados-llamadas-musica-asistente-de-voz-evoir\/"]}]},{"@type":"BreadcrumbList","@id":"https:\/\/compuviper.mx\/tienda\/producto\/perfect-choice-pc-117292-lentes-inteligentes-touch-con-audio-open-ear-polarizados-llamadas-musica-asistente-de-voz-evoir\/#breadcrumb","itemListElement":[{"@type":"ListItem","position":1,"name":"Inicio","item":"https:\/\/compuviper.mx\/tienda\/"},{"@type":"ListItem","position":2,"name":"Productos","item":"https:\/\/compuviper.mx\/tienda\/productos\/"},{"@type":"ListItem","position":3,"name":"Accesorios","item":"https:\/\/compuviper.mx\/tienda\/categoria-producto\/accesorios\/"},{"@type":"ListItem","position":4,"name":"Lentes Uso Personal","item":"https:\/\/compuviper.mx\/tienda\/categoria-producto\/accesorios\/lentes-uso-personal\/"},{"@type":"ListItem","position":5,"name":"Perfect Choice Pc-117292 Lentes Inteligentes Touch Con Audio Open Ear, Polarizados. Llamadas, Musica, Asistente De Voz, Evoir"}]},{"@type":"WebSite","@id":"https:\/\/compuviper.mx\/tienda\/#website","url":"https:\/\/compuviper.mx\/tienda\/","name":"Compuviper","description":"Proveedor de Computadoras, Laptops, Servidores, Monitores, Puntos de Venta, Teclados,   Impresoras, T\u00f3ner, C\u00e1maras de Seguridad y m\u00e1s en tu tienda en l\u00ednea","publisher":{"@id":"https:\/\/compuviper.mx\/tienda\/#organization"},"potentialAction":[{"@type":"SearchAction","target":{"@type":"EntryPoint","urlTemplate":"https:\/\/compuviper.mx\/tienda\/?s={search_term_string}"},"query-input":"required name=search_term_string"}],"inLanguage":"es-MX"},{"@type":"Organization","@id":"https:\/\/compuviper.mx\/tienda\/#organization","name":"Compuviper","url":"https:\/\/compuviper.mx\/tienda\/","logo":{"@type":"ImageObject","inLanguage":"es-MX","@id":"https:\/\/compuviper.mx\/tienda\/#\/schema\/logo\/image\/","url":"https:\/\/compuviper.mx\/tienda\/wp-content\/uploads\/2021\/08\/Logo-Compuviper-10.png","contentUrl":"https:\/\/compuviper.mx\/tienda\/wp-content\/uploads\/2021\/08\/Logo-Compuviper-10.png","width":1000,"height":500,"caption":"Compuviper"},"image":{"@id":"https:\/\/compuviper.mx\/tienda\/#\/schema\/logo\/image\/"},"sameAs":["https:\/\/www.facebook.com\/compuviper","https:\/\/www.youtube.com\/channel\/UCf73dERp9Y3cfOq7q8BhLjA?view_as=subscriber"]}]},"product_brand":"PERFECT CHOICE","product_price_amount":"666","product_price_currency":"MXN","og_availability":"out of stock","product_availability":"out of stock","product_retailer_item_id":"PC-117292","product_condition":"new"},"_links":{"self":[{"href":"https:\/\/compuviper.mx\/tienda\/wp-json\/wp\/v2\/product\/265581"}],"collection":[{"href":"https:\/\/compuviper.mx\/tienda\/wp-json\/wp\/v2\/product"}],"about":[{"href":"https:\/\/compuviper.mx\/tienda\/wp-json\/wp\/v2\/types\/product"}],"replies":[{"embeddable":true,"href":"https:\/\/compuviper.mx\/tienda\/wp-json\/wp\/v2\/comments?post=265581"}],"wp:attachment":[{"href":"https:\/\/compuviper.mx\/tienda\/wp-json\/wp\/v2\/media?parent=265581"}],"wp:term":[{"taxonomy":"product_cat","embeddable":true,"href":"https:\/\/compuviper.mx\/tienda\/wp-json\/wp\/v2\/product_cat?post=265581"},{"taxonomy":"product_tag","embeddable":true,"href":"https:\/\/compuviper.mx\/tienda\/wp-json\/wp\/v2\/product_tag?post=265581"}],"curies":[{"name":"wp","href":"https:\/\/api.w.org\/{rel}","templated":true}]}}