{"id":265485,"date":"2026-05-14T01:36:13","date_gmt":"2026-05-14T07:36:13","guid":{"rendered":"https:\/\/compuviper.mx\/tienda\/producto\/dell-3000197875693-1-pc-pro-max-slim-fcs1250-core-ultra-9-285-32gb-2x16gb-ddr5-1tb-ssd-win-11-pro-nvidia-rtx-a1000-gddr6-8gb-wi-fi-7-be200-inlcuye-teclado-y-mouse-3-aos-de-servic\/"},"modified":"2026-05-14T01:36:13","modified_gmt":"2026-05-14T07:36:13","slug":"dell-3000198336407-43000198336407-23000198336407-3-pc-pro-max-slim-fcs1250-core-ultra-9-285-32gb-2x16gb-ddr5-1tb-ssd-win-11-pro-nvidia-rtx-a1000-gddr6-8gb-wi-fi-7-be200-inlcuye-teclado-y-mouse-3-a","status":"publish","type":"product","link":"https:\/\/compuviper.mx\/tienda\/producto\/dell-3000198336407-43000198336407-23000198336407-3-pc-pro-max-slim-fcs1250-core-ultra-9-285-32gb-2x16gb-ddr5-1tb-ssd-win-11-pro-nvidia-rtx-a1000-gddr6-8gb-wi-fi-7-be200-inlcuye-teclado-y-mouse-3-a\/","title":{"rendered":"Dell 3000198336407.4,3000198336407.2\n,3000198336407.3 Pc  Pro Max Slim Fcs1250 Core Ultra 9-285 32gb 2x16gb Ddr5 1tb Ssd Win 11 Pro Nvidia Rtx A1000 Gddr6 8gb Wi-fi 7 Be200 Inlcuye Teclado Y Mouse 3 A?os De Servicio Prosupport"},"content":{"rendered":"<table class=\"descripcion\">\n<tr>\n<td>Procesador intel core ultra 9 285 (36 mb de cach\u00e9, 24 n\u00facleos, 24 subprocesos, de 1,9 ghz a 5,6 ghz, 65 w)<\/td>\n<\/tr>\n<tr>\n<td>Memoria 32 gb: 2 x 16 gb, ddr5, 5600 mt\/s, sin ecc<\/td>\n<\/tr>\n<tr>\n<td>Almacenamiento ssd m.2 2280, 1 tb, pcie tlc de 4.\u00aa generaci\u00f3n, lista para sed<\/td>\n<\/tr>\n<tr>\n<td>Sistema operativo windows 11 pro<\/td>\n<\/tr>\n<tr>\n<td>Tarjeta gr\u00e1fica nvidia rtx a1000, gddr6 de 8 gb, adaptadores de 4 mdp a dp<\/td>\n<\/tr>\n<tr>\n<td>Chasis dell pro max peque\u00f1o con psu de 360 w (80 plus platinum) (con ventilador del sistema), dao enfriamiento t\u00e9rmico<\/td>\n<\/tr>\n<tr>\n<td>Enfriador de aire de cpu de 65 w<\/td>\n<\/tr>\n<tr>\n<td>Wifi tarjeta inal\u00e1mbrica intel(r) wi-fi 7 be200, 2&#215;2, 802.11be, mu-mimo, bluetooth(r) 5.4 con antena interna<\/td>\n<\/tr>\n<tr>\n<td>Teclado con cable dell &#8211; kb216, espa\u00f1ol, negro<\/td>\n<\/tr>\n<tr>\n<td>Rat\u00f3n mouse con cable dell, ms116 negro<\/td>\n<\/tr>\n<tr>\n<td>Servicio 3 a\u00f1os de servicio prosupport in situ al siguiente d\u00eda laboral despu\u00e9s del diagn\u00f3stico remoto con soporte de hardware y software<\/td>\n<\/tr>\n<\/table>\n","protected":false},"excerpt":{"rendered":"<p>La dell pro max tower t2 es una potente estaci\u00f3n de trabajo de escritorio, orientada a profesionales y cargas de trabajo exigentes como ia y dise\u00f1o, destacando por sus procesadores intel core ultra de alto rendimiento, gr\u00e1ficas nvidia de nivel profesional (opcionales), memoria ddr5 ultrarr\u00e1pida y almacenamiento ssd pcie gen4, todo en un chasis con excelente capacidad de expansi\u00f3n y refrigeraci\u00f3n, ofreciendo un rendimiento superior a generaciones anteriores y ejecutando windows 11 pro.<\/p>\n","protected":false},"featured_media":0,"comment_status":"open","ping_status":"open","template":"","meta":[],"product_cat":[1971,1976],"product_tag":[1537],"acf":[],"yoast_head":"<!-- This site is optimized with the Yoast SEO plugin v21.7 - https:\/\/yoast.com\/wordpress\/plugins\/seo\/ -->\n<title>[ Dell ] &#129351; 3000198336407.4,3000198336407.2 ,3000198336407.3 Pc Pro Max Slim Fcs1250 Core Ultra 9-285 32gb 2x16gb Ddr5 1tb Ssd Win 11 Pro Nvidia Rtx A1000 Gddr6 8gb Wi-fi 7 Be200 Inlcuye Teclado Y Mouse 3 A\u00f1os De Servicio Prosupport<\/title>\n<meta name=\"description\" content=\"Compra 3000198336407.4,3000198336407.2 ,3000198336407.3 Pc Pro Max Slim Fcs1250 Core Ultra 9-285 32gb 2x16gb Ddr5 1tb Ssd Win 11 Pro Nvidia Rtx A1000 Gddr6 8gb Wi-fi 7 Be200 Inlcuye Teclado Y Mouse 3 A\u00f1os De Servicio Prosupport + Env\u00edo a domicilio + Pago seguro + Garant\u00eda\" \/>\n<meta name=\"robots\" content=\"index, follow, max-snippet:-1, max-image-preview:large, max-video-preview:-1\" \/>\n<link rel=\"canonical\" href=\"https:\/\/compuviper.mx\/tienda\/producto\/dell-3000198336407-43000198336407-23000198336407-3-pc-pro-max-slim-fcs1250-core-ultra-9-285-32gb-2x16gb-ddr5-1tb-ssd-win-11-pro-nvidia-rtx-a1000-gddr6-8gb-wi-fi-7-be200-inlcuye-teclado-y-mouse-3-a\/\" \/>\n<meta property=\"og:locale\" content=\"es_MX\" \/>\n<meta property=\"og:type\" content=\"article\" \/>\n<meta property=\"og:title\" content=\"[ Dell ] &#129351; 3000198336407.4,3000198336407.2 ,3000198336407.3 Pc Pro Max Slim Fcs1250 Core Ultra 9-285 32gb 2x16gb Ddr5 1tb Ssd Win 11 Pro Nvidia Rtx A1000 Gddr6 8gb Wi-fi 7 Be200 Inlcuye Teclado Y Mouse 3 A\u00f1os De Servicio Prosupport\" \/>\n<meta property=\"og:description\" content=\"Compra 3000198336407.4,3000198336407.2 ,3000198336407.3 Pc Pro Max Slim Fcs1250 Core Ultra 9-285 32gb 2x16gb Ddr5 1tb Ssd Win 11 Pro Nvidia Rtx A1000 Gddr6 8gb Wi-fi 7 Be200 Inlcuye Teclado Y Mouse 3 A\u00f1os De Servicio Prosupport + Env\u00edo a domicilio + Pago seguro + Garant\u00eda\" \/>\n<meta property=\"og:url\" content=\"https:\/\/compuviper.mx\/tienda\/producto\/dell-3000198336407-43000198336407-23000198336407-3-pc-pro-max-slim-fcs1250-core-ultra-9-285-32gb-2x16gb-ddr5-1tb-ssd-win-11-pro-nvidia-rtx-a1000-gddr6-8gb-wi-fi-7-be200-inlcuye-teclado-y-mouse-3-a\/\" \/>\n<meta property=\"og:site_name\" content=\"Compuviper\" \/>\n<meta property=\"article:publisher\" content=\"https:\/\/www.facebook.com\/compuviper\" \/>\n<meta name=\"twitter:card\" content=\"summary_large_image\" \/>\n<meta name=\"twitter:label1\" content=\"Precio\" \/>\n\t<meta name=\"twitter:data1\" content=\"&#36;43,216 &#36;42,424 con IVA\" \/>\n\t<meta name=\"twitter:label2\" content=\"Availability\" \/>\n\t<meta name=\"twitter:data2\" content=\"In stock\" \/>\n<script type=\"application\/ld+json\" class=\"yoast-schema-graph\">{\"@context\":\"https:\/\/schema.org\",\"@graph\":[{\"@type\":\"WebPage\",\"@id\":\"https:\/\/compuviper.mx\/tienda\/producto\/dell-3000198336407-43000198336407-23000198336407-3-pc-pro-max-slim-fcs1250-core-ultra-9-285-32gb-2x16gb-ddr5-1tb-ssd-win-11-pro-nvidia-rtx-a1000-gddr6-8gb-wi-fi-7-be200-inlcuye-teclado-y-mouse-3-a\/\",\"url\":\"https:\/\/compuviper.mx\/tienda\/producto\/dell-3000198336407-43000198336407-23000198336407-3-pc-pro-max-slim-fcs1250-core-ultra-9-285-32gb-2x16gb-ddr5-1tb-ssd-win-11-pro-nvidia-rtx-a1000-gddr6-8gb-wi-fi-7-be200-inlcuye-teclado-y-mouse-3-a\/\",\"name\":\"[ Dell ] &#129351; 3000198336407.4,3000198336407.2 ,3000198336407.3 Pc Pro Max Slim Fcs1250 Core Ultra 9-285 32gb 2x16gb Ddr5 1tb Ssd Win 11 Pro Nvidia Rtx A1000 Gddr6 8gb Wi-fi 7 Be200 Inlcuye Teclado Y Mouse 3 A\u00f1os De Servicio Prosupport\",\"isPartOf\":{\"@id\":\"https:\/\/compuviper.mx\/tienda\/#website\"},\"datePublished\":\"2026-05-14T07:36:13+00:00\",\"dateModified\":\"2026-05-14T07:36:13+00:00\",\"description\":\"Compra 3000198336407.4,3000198336407.2 ,3000198336407.3 Pc Pro Max Slim Fcs1250 Core Ultra 9-285 32gb 2x16gb Ddr5 1tb Ssd Win 11 Pro Nvidia Rtx A1000 Gddr6 8gb Wi-fi 7 Be200 Inlcuye Teclado Y Mouse 3 A\u00f1os De Servicio Prosupport + Env\u00edo a domicilio + Pago seguro + Garant\u00eda\",\"breadcrumb\":{\"@id\":\"https:\/\/compuviper.mx\/tienda\/producto\/dell-3000198336407-43000198336407-23000198336407-3-pc-pro-max-slim-fcs1250-core-ultra-9-285-32gb-2x16gb-ddr5-1tb-ssd-win-11-pro-nvidia-rtx-a1000-gddr6-8gb-wi-fi-7-be200-inlcuye-teclado-y-mouse-3-a\/#breadcrumb\"},\"inLanguage\":\"es-MX\",\"potentialAction\":[{\"@type\":\"ReadAction\",\"target\":[\"https:\/\/compuviper.mx\/tienda\/producto\/dell-3000198336407-43000198336407-23000198336407-3-pc-pro-max-slim-fcs1250-core-ultra-9-285-32gb-2x16gb-ddr5-1tb-ssd-win-11-pro-nvidia-rtx-a1000-gddr6-8gb-wi-fi-7-be200-inlcuye-teclado-y-mouse-3-a\/\"]}]},{\"@type\":\"BreadcrumbList\",\"@id\":\"https:\/\/compuviper.mx\/tienda\/producto\/dell-3000198336407-43000198336407-23000198336407-3-pc-pro-max-slim-fcs1250-core-ultra-9-285-32gb-2x16gb-ddr5-1tb-ssd-win-11-pro-nvidia-rtx-a1000-gddr6-8gb-wi-fi-7-be200-inlcuye-teclado-y-mouse-3-a\/#breadcrumb\",\"itemListElement\":[{\"@type\":\"ListItem\",\"position\":1,\"name\":\"Inicio\",\"item\":\"https:\/\/compuviper.mx\/tienda\/\"},{\"@type\":\"ListItem\",\"position\":2,\"name\":\"Productos\",\"item\":\"https:\/\/compuviper.mx\/tienda\/productos\/\"},{\"@type\":\"ListItem\",\"position\":3,\"name\":\"Computadoras\",\"item\":\"https:\/\/compuviper.mx\/tienda\/categoria-producto\/computadoras\/\"},{\"@type\":\"ListItem\",\"position\":4,\"name\":\"Pc Workstation\",\"item\":\"https:\/\/compuviper.mx\/tienda\/categoria-producto\/computadoras\/pc-workstation-computadoras\/\"},{\"@type\":\"ListItem\",\"position\":5,\"name\":\"Dell 3000198336407.4,3000198336407.2 ,3000198336407.3 Pc Pro Max Slim Fcs1250 Core Ultra 9-285 32gb 2x16gb Ddr5 1tb Ssd Win 11 Pro Nvidia Rtx A1000 Gddr6 8gb Wi-fi 7 Be200 Inlcuye Teclado Y Mouse 3 A?os De Servicio Prosupport\"}]},{\"@type\":\"WebSite\",\"@id\":\"https:\/\/compuviper.mx\/tienda\/#website\",\"url\":\"https:\/\/compuviper.mx\/tienda\/\",\"name\":\"Compuviper\",\"description\":\"Proveedor de Computadoras, Laptops, Servidores, Monitores, Puntos de Venta, Teclados,   Impresoras, T\u00f3ner, C\u00e1maras de Seguridad y m\u00e1s en tu tienda en l\u00ednea\",\"publisher\":{\"@id\":\"https:\/\/compuviper.mx\/tienda\/#organization\"},\"potentialAction\":[{\"@type\":\"SearchAction\",\"target\":{\"@type\":\"EntryPoint\",\"urlTemplate\":\"https:\/\/compuviper.mx\/tienda\/?s={search_term_string}\"},\"query-input\":\"required name=search_term_string\"}],\"inLanguage\":\"es-MX\"},{\"@type\":\"Organization\",\"@id\":\"https:\/\/compuviper.mx\/tienda\/#organization\",\"name\":\"Compuviper\",\"url\":\"https:\/\/compuviper.mx\/tienda\/\",\"logo\":{\"@type\":\"ImageObject\",\"inLanguage\":\"es-MX\",\"@id\":\"https:\/\/compuviper.mx\/tienda\/#\/schema\/logo\/image\/\",\"url\":\"https:\/\/compuviper.mx\/tienda\/wp-content\/uploads\/2021\/08\/Logo-Compuviper-10.png\",\"contentUrl\":\"https:\/\/compuviper.mx\/tienda\/wp-content\/uploads\/2021\/08\/Logo-Compuviper-10.png\",\"width\":1000,\"height\":500,\"caption\":\"Compuviper\"},\"image\":{\"@id\":\"https:\/\/compuviper.mx\/tienda\/#\/schema\/logo\/image\/\"},\"sameAs\":[\"https:\/\/www.facebook.com\/compuviper\",\"https:\/\/www.youtube.com\/channel\/UCf73dERp9Y3cfOq7q8BhLjA?view_as=subscriber\"]}]}<\/script>\n<meta property=\"product:brand\" content=\"DELL\" \/>\n<meta property=\"product:price:amount\" content=\"42424\" \/>\n<meta property=\"product:price:currency\" content=\"MXN\" \/>\n<meta property=\"og:availability\" content=\"instock\" \/>\n<meta property=\"product:availability\" content=\"instock\" \/>\n<meta property=\"product:retailer_item_id\" content=\"3000198336407.4,3000198336407.2 ,3000198336407.3\" \/>\n<meta property=\"product:condition\" content=\"new\" \/>\n<!-- \/ Yoast SEO plugin. -->","yoast_head_json":{"title":"[ Dell ] &#129351; 3000198336407.4,3000198336407.2 ,3000198336407.3 Pc Pro Max Slim Fcs1250 Core Ultra 9-285 32gb 2x16gb Ddr5 1tb Ssd Win 11 Pro Nvidia Rtx A1000 Gddr6 8gb Wi-fi 7 Be200 Inlcuye Teclado Y Mouse 3 A\u00f1os De Servicio Prosupport","description":"Compra 3000198336407.4,3000198336407.2 ,3000198336407.3 Pc Pro Max Slim Fcs1250 Core Ultra 9-285 32gb 2x16gb Ddr5 1tb Ssd Win 11 Pro Nvidia Rtx A1000 Gddr6 8gb Wi-fi 7 Be200 Inlcuye Teclado Y Mouse 3 A\u00f1os De Servicio Prosupport + Env\u00edo a domicilio + Pago seguro + Garant\u00eda","robots":{"index":"index","follow":"follow","max-snippet":"max-snippet:-1","max-image-preview":"max-image-preview:large","max-video-preview":"max-video-preview:-1"},"canonical":"https:\/\/compuviper.mx\/tienda\/producto\/dell-3000198336407-43000198336407-23000198336407-3-pc-pro-max-slim-fcs1250-core-ultra-9-285-32gb-2x16gb-ddr5-1tb-ssd-win-11-pro-nvidia-rtx-a1000-gddr6-8gb-wi-fi-7-be200-inlcuye-teclado-y-mouse-3-a\/","og_locale":"es_MX","og_type":"article","og_title":"[ Dell ] &#129351; 3000198336407.4,3000198336407.2 ,3000198336407.3 Pc Pro Max Slim Fcs1250 Core Ultra 9-285 32gb 2x16gb Ddr5 1tb Ssd Win 11 Pro Nvidia Rtx A1000 Gddr6 8gb Wi-fi 7 Be200 Inlcuye Teclado Y Mouse 3 A\u00f1os De Servicio Prosupport","og_description":"Compra 3000198336407.4,3000198336407.2 ,3000198336407.3 Pc Pro Max Slim Fcs1250 Core Ultra 9-285 32gb 2x16gb Ddr5 1tb Ssd Win 11 Pro Nvidia Rtx A1000 Gddr6 8gb Wi-fi 7 Be200 Inlcuye Teclado Y Mouse 3 A\u00f1os De Servicio Prosupport + Env\u00edo a domicilio + Pago seguro + Garant\u00eda","og_url":"https:\/\/compuviper.mx\/tienda\/producto\/dell-3000198336407-43000198336407-23000198336407-3-pc-pro-max-slim-fcs1250-core-ultra-9-285-32gb-2x16gb-ddr5-1tb-ssd-win-11-pro-nvidia-rtx-a1000-gddr6-8gb-wi-fi-7-be200-inlcuye-teclado-y-mouse-3-a\/","og_site_name":"Compuviper","article_publisher":"https:\/\/www.facebook.com\/compuviper","twitter_card":"summary_large_image","twitter_misc":{"Precio":"&#36;43,216 &#36;42,424 con IVA","Availability":"In stock"},"schema":{"@context":"https:\/\/schema.org","@graph":[{"@type":"WebPage","@id":"https:\/\/compuviper.mx\/tienda\/producto\/dell-3000198336407-43000198336407-23000198336407-3-pc-pro-max-slim-fcs1250-core-ultra-9-285-32gb-2x16gb-ddr5-1tb-ssd-win-11-pro-nvidia-rtx-a1000-gddr6-8gb-wi-fi-7-be200-inlcuye-teclado-y-mouse-3-a\/","url":"https:\/\/compuviper.mx\/tienda\/producto\/dell-3000198336407-43000198336407-23000198336407-3-pc-pro-max-slim-fcs1250-core-ultra-9-285-32gb-2x16gb-ddr5-1tb-ssd-win-11-pro-nvidia-rtx-a1000-gddr6-8gb-wi-fi-7-be200-inlcuye-teclado-y-mouse-3-a\/","name":"[ Dell ] &#129351; 3000198336407.4,3000198336407.2 ,3000198336407.3 Pc Pro Max Slim Fcs1250 Core Ultra 9-285 32gb 2x16gb Ddr5 1tb Ssd Win 11 Pro Nvidia Rtx A1000 Gddr6 8gb Wi-fi 7 Be200 Inlcuye Teclado Y Mouse 3 A\u00f1os De Servicio Prosupport","isPartOf":{"@id":"https:\/\/compuviper.mx\/tienda\/#website"},"datePublished":"2026-05-14T07:36:13+00:00","dateModified":"2026-05-14T07:36:13+00:00","description":"Compra 3000198336407.4,3000198336407.2 ,3000198336407.3 Pc Pro Max Slim Fcs1250 Core Ultra 9-285 32gb 2x16gb Ddr5 1tb Ssd Win 11 Pro Nvidia Rtx A1000 Gddr6 8gb Wi-fi 7 Be200 Inlcuye Teclado Y Mouse 3 A\u00f1os De Servicio Prosupport + Env\u00edo a domicilio + Pago seguro + Garant\u00eda","breadcrumb":{"@id":"https:\/\/compuviper.mx\/tienda\/producto\/dell-3000198336407-43000198336407-23000198336407-3-pc-pro-max-slim-fcs1250-core-ultra-9-285-32gb-2x16gb-ddr5-1tb-ssd-win-11-pro-nvidia-rtx-a1000-gddr6-8gb-wi-fi-7-be200-inlcuye-teclado-y-mouse-3-a\/#breadcrumb"},"inLanguage":"es-MX","potentialAction":[{"@type":"ReadAction","target":["https:\/\/compuviper.mx\/tienda\/producto\/dell-3000198336407-43000198336407-23000198336407-3-pc-pro-max-slim-fcs1250-core-ultra-9-285-32gb-2x16gb-ddr5-1tb-ssd-win-11-pro-nvidia-rtx-a1000-gddr6-8gb-wi-fi-7-be200-inlcuye-teclado-y-mouse-3-a\/"]}]},{"@type":"BreadcrumbList","@id":"https:\/\/compuviper.mx\/tienda\/producto\/dell-3000198336407-43000198336407-23000198336407-3-pc-pro-max-slim-fcs1250-core-ultra-9-285-32gb-2x16gb-ddr5-1tb-ssd-win-11-pro-nvidia-rtx-a1000-gddr6-8gb-wi-fi-7-be200-inlcuye-teclado-y-mouse-3-a\/#breadcrumb","itemListElement":[{"@type":"ListItem","position":1,"name":"Inicio","item":"https:\/\/compuviper.mx\/tienda\/"},{"@type":"ListItem","position":2,"name":"Productos","item":"https:\/\/compuviper.mx\/tienda\/productos\/"},{"@type":"ListItem","position":3,"name":"Computadoras","item":"https:\/\/compuviper.mx\/tienda\/categoria-producto\/computadoras\/"},{"@type":"ListItem","position":4,"name":"Pc Workstation","item":"https:\/\/compuviper.mx\/tienda\/categoria-producto\/computadoras\/pc-workstation-computadoras\/"},{"@type":"ListItem","position":5,"name":"Dell 3000198336407.4,3000198336407.2 ,3000198336407.3 Pc Pro Max Slim Fcs1250 Core Ultra 9-285 32gb 2x16gb Ddr5 1tb Ssd Win 11 Pro Nvidia Rtx A1000 Gddr6 8gb Wi-fi 7 Be200 Inlcuye Teclado Y Mouse 3 A?os De Servicio Prosupport"}]},{"@type":"WebSite","@id":"https:\/\/compuviper.mx\/tienda\/#website","url":"https:\/\/compuviper.mx\/tienda\/","name":"Compuviper","description":"Proveedor de Computadoras, Laptops, Servidores, Monitores, Puntos de Venta, Teclados,   Impresoras, T\u00f3ner, C\u00e1maras de Seguridad y m\u00e1s en tu tienda en l\u00ednea","publisher":{"@id":"https:\/\/compuviper.mx\/tienda\/#organization"},"potentialAction":[{"@type":"SearchAction","target":{"@type":"EntryPoint","urlTemplate":"https:\/\/compuviper.mx\/tienda\/?s={search_term_string}"},"query-input":"required name=search_term_string"}],"inLanguage":"es-MX"},{"@type":"Organization","@id":"https:\/\/compuviper.mx\/tienda\/#organization","name":"Compuviper","url":"https:\/\/compuviper.mx\/tienda\/","logo":{"@type":"ImageObject","inLanguage":"es-MX","@id":"https:\/\/compuviper.mx\/tienda\/#\/schema\/logo\/image\/","url":"https:\/\/compuviper.mx\/tienda\/wp-content\/uploads\/2021\/08\/Logo-Compuviper-10.png","contentUrl":"https:\/\/compuviper.mx\/tienda\/wp-content\/uploads\/2021\/08\/Logo-Compuviper-10.png","width":1000,"height":500,"caption":"Compuviper"},"image":{"@id":"https:\/\/compuviper.mx\/tienda\/#\/schema\/logo\/image\/"},"sameAs":["https:\/\/www.facebook.com\/compuviper","https:\/\/www.youtube.com\/channel\/UCf73dERp9Y3cfOq7q8BhLjA?view_as=subscriber"]}]},"product_brand":"DELL","product_price_amount":"42424","product_price_currency":"MXN","og_availability":"instock","product_availability":"instock","product_retailer_item_id":"3000198336407.4,3000198336407.2 ,3000198336407.3","product_condition":"new"},"_links":{"self":[{"href":"https:\/\/compuviper.mx\/tienda\/wp-json\/wp\/v2\/product\/265485"}],"collection":[{"href":"https:\/\/compuviper.mx\/tienda\/wp-json\/wp\/v2\/product"}],"about":[{"href":"https:\/\/compuviper.mx\/tienda\/wp-json\/wp\/v2\/types\/product"}],"replies":[{"embeddable":true,"href":"https:\/\/compuviper.mx\/tienda\/wp-json\/wp\/v2\/comments?post=265485"}],"wp:attachment":[{"href":"https:\/\/compuviper.mx\/tienda\/wp-json\/wp\/v2\/media?parent=265485"}],"wp:term":[{"taxonomy":"product_cat","embeddable":true,"href":"https:\/\/compuviper.mx\/tienda\/wp-json\/wp\/v2\/product_cat?post=265485"},{"taxonomy":"product_tag","embeddable":true,"href":"https:\/\/compuviper.mx\/tienda\/wp-json\/wp\/v2\/product_tag?post=265485"}],"curies":[{"name":"wp","href":"https:\/\/api.w.org\/{rel}","templated":true}]}}