{"id":265477,"date":"2026-04-02T00:39:10","date_gmt":"2026-04-02T06:39:10","guid":{"rendered":"https:\/\/compuviper.mx\/tienda\/producto\/kingston-snv3s-4000g-unidad-de-estado-solido-interno-snv3s-nv3-4tb-m-2-2280-nvme-pcie-gen-4x4-lect-6000-escrit-5000-mb-s-pc-laptop-mini-pc\/"},"modified":"2026-04-03T00:00:14","modified_gmt":"2026-04-03T06:00:14","slug":"kingston-snv3s-4000g-unidad-de-estado-solido-interno-snv3s-nv3-4tb-m-2-2280-nvme-pcie-gen-4x4-lect-6000-escrit-5000-mb-s-pc-laptop-mini-pc","status":"publish","type":"product","link":"https:\/\/compuviper.mx\/tienda\/producto\/kingston-snv3s-4000g-unidad-de-estado-solido-interno-snv3s-nv3-4tb-m-2-2280-nvme-pcie-gen-4x4-lect-6000-escrit-5000-mb-s-pc-laptop-mini-pc\/","title":{"rendered":"Kingston Snv3s\/4000g Unidad De Estado Solido  Interno Snv3s Nv3 4tb M.2 2280 Nvme Pcie Gen 4&#215;4 Lect.6000\/escrit.5000 Mb\/s Pc\/laptop\/mini Pc"},"content":{"rendered":"<table class=\"descripcion\">\n<tr>\n<td>Factor de forma: m.2 2280<\/td>\n<\/tr>\n<tr>\n<td>Interfaz: nvme pcie gen 4&#215;4<\/td>\n<\/tr>\n<tr>\n<td>Capacidad: 4 tb<\/td>\n<\/tr>\n<tr>\n<td>Dimensiones: 22mm x 80mm x 2,3mm<\/td>\n<\/tr>\n<tr>\n<td>Peso: 7g<\/td>\n<\/tr>\n<tr>\n<td>Temp. operacion: 0\u00b0c ~ 70\u00b0c<\/td>\n<\/tr>\n<tr>\n<td>Temp. almacenamiento: -40\u00b0c ~ 85\u00b0c<\/td>\n<\/tr>\n<tr>\n<td>Resistencia a las vibraciones fuera de operacion: 10g 10-1000 hz<\/td>\n<\/tr>\n<\/table>\n","protected":false},"excerpt":{"rendered":"<p>Ingstons nv3 pcie 4.0 nvme ssd es una solucion de almacenamiento de ultima generacion alimentada por un controlador nvme 4&#215;4 gen, que ofrece velocidades de lectura\/escritura de hasta 6.000\/5.000mb\/seg.1 ofrece un menor consumo de energia y reduce el calor, optimizando el rendimiento de tu sistema sin comprometer el valor. El diseo compacto de una sola cara m.2 2280 22&#215;80 mm amplia el almacenamiento hasta 4 tb2,3, conservando espacio para otros componentes. Vive las velocidades de nvme con nv3.<\/p>\n","protected":false},"featured_media":265478,"comment_status":"open","ping_status":"open","template":"","meta":[],"product_cat":[1703,1708],"product_tag":[1573],"acf":[],"yoast_head":"<!-- This site is optimized with the Yoast SEO plugin v21.7 - https:\/\/yoast.com\/wordpress\/plugins\/seo\/ -->\n<title>[ Kingston ] &#129351; Snv3s\/4000g Unidad De Estado Solido Interno Snv3s Nv3 4tb M.2 2280 Nvme Pcie Gen 4x4 Lect.6000\/escrit.5000 Mb\/s Pc\/laptop\/mini Pc<\/title>\n<meta name=\"description\" content=\"Compra Snv3s\/4000g Unidad De Estado Solido Interno Snv3s Nv3 4tb M.2 2280 Nvme Pcie Gen 4x4 Lect.6000\/escrit.5000 Mb\/s Pc\/laptop\/mini Pc + Env\u00edo a domicilio + Pago seguro + Garant\u00eda\" \/>\n<meta name=\"robots\" content=\"index, follow, max-snippet:-1, max-image-preview:large, max-video-preview:-1\" \/>\n<link rel=\"canonical\" href=\"https:\/\/compuviper.mx\/tienda\/producto\/kingston-snv3s-4000g-unidad-de-estado-solido-interno-snv3s-nv3-4tb-m-2-2280-nvme-pcie-gen-4x4-lect-6000-escrit-5000-mb-s-pc-laptop-mini-pc\/\" \/>\n<meta property=\"og:locale\" content=\"es_MX\" \/>\n<meta property=\"og:type\" content=\"article\" \/>\n<meta property=\"og:title\" content=\"[ Kingston ] &#129351; Snv3s\/4000g Unidad De Estado Solido Interno Snv3s Nv3 4tb M.2 2280 Nvme Pcie Gen 4x4 Lect.6000\/escrit.5000 Mb\/s Pc\/laptop\/mini Pc\" \/>\n<meta property=\"og:description\" content=\"Compra Snv3s\/4000g Unidad De Estado Solido Interno Snv3s Nv3 4tb M.2 2280 Nvme Pcie Gen 4x4 Lect.6000\/escrit.5000 Mb\/s Pc\/laptop\/mini Pc + Env\u00edo a domicilio + Pago seguro + Garant\u00eda\" \/>\n<meta property=\"og:url\" content=\"https:\/\/compuviper.mx\/tienda\/producto\/kingston-snv3s-4000g-unidad-de-estado-solido-interno-snv3s-nv3-4tb-m-2-2280-nvme-pcie-gen-4x4-lect-6000-escrit-5000-mb-s-pc-laptop-mini-pc\/\" \/>\n<meta property=\"og:site_name\" content=\"Compuviper\" \/>\n<meta property=\"article:publisher\" content=\"https:\/\/www.facebook.com\/compuviper\" \/>\n<meta property=\"article:modified_time\" content=\"2026-04-03T06:00:14+00:00\" \/>\n<meta property=\"og:image\" content=\"https:\/\/compuviper.mx\/tienda\/wp-content\/uploads\/2026\/01\/Unidad-de-estado-solido-kingston-interno-snv3s-nv3-4tb-m.2-2280-nvme-pcie-gen-4x4-lect.6000escrit.5000-mbs-pclaptopmini-pc-snv3s4000g.jpg\" \/>\n\t<meta property=\"og:image:width\" content=\"200\" \/>\n\t<meta property=\"og:image:height\" content=\"200\" \/>\n\t<meta property=\"og:image:type\" content=\"image\/jpeg\" \/>\n<meta name=\"twitter:card\" content=\"summary_large_image\" \/>\n<meta name=\"twitter:label1\" content=\"Precio\" \/>\n\t<meta name=\"twitter:data1\" content=\"&#36;11,099 con IVA\" \/>\n\t<meta name=\"twitter:label2\" content=\"Availability\" \/>\n\t<meta name=\"twitter:data2\" content=\"In stock\" \/>\n<script type=\"application\/ld+json\" class=\"yoast-schema-graph\">{\"@context\":\"https:\/\/schema.org\",\"@graph\":[{\"@type\":\"WebPage\",\"@id\":\"https:\/\/compuviper.mx\/tienda\/producto\/kingston-snv3s-4000g-unidad-de-estado-solido-interno-snv3s-nv3-4tb-m-2-2280-nvme-pcie-gen-4x4-lect-6000-escrit-5000-mb-s-pc-laptop-mini-pc\/\",\"url\":\"https:\/\/compuviper.mx\/tienda\/producto\/kingston-snv3s-4000g-unidad-de-estado-solido-interno-snv3s-nv3-4tb-m-2-2280-nvme-pcie-gen-4x4-lect-6000-escrit-5000-mb-s-pc-laptop-mini-pc\/\",\"name\":\"[ Kingston ] &#129351; Snv3s\/4000g Unidad De Estado Solido Interno Snv3s Nv3 4tb M.2 2280 Nvme Pcie Gen 4x4 Lect.6000\/escrit.5000 Mb\/s Pc\/laptop\/mini Pc\",\"isPartOf\":{\"@id\":\"https:\/\/compuviper.mx\/tienda\/#website\"},\"datePublished\":\"2026-04-02T06:39:10+00:00\",\"dateModified\":\"2026-04-03T06:00:14+00:00\",\"description\":\"Compra Snv3s\/4000g Unidad De Estado Solido Interno Snv3s Nv3 4tb M.2 2280 Nvme Pcie Gen 4x4 Lect.6000\/escrit.5000 Mb\/s Pc\/laptop\/mini Pc + Env\u00edo a domicilio + Pago seguro + Garant\u00eda\",\"breadcrumb\":{\"@id\":\"https:\/\/compuviper.mx\/tienda\/producto\/kingston-snv3s-4000g-unidad-de-estado-solido-interno-snv3s-nv3-4tb-m-2-2280-nvme-pcie-gen-4x4-lect-6000-escrit-5000-mb-s-pc-laptop-mini-pc\/#breadcrumb\"},\"inLanguage\":\"es-MX\",\"potentialAction\":[{\"@type\":\"ReadAction\",\"target\":[\"https:\/\/compuviper.mx\/tienda\/producto\/kingston-snv3s-4000g-unidad-de-estado-solido-interno-snv3s-nv3-4tb-m-2-2280-nvme-pcie-gen-4x4-lect-6000-escrit-5000-mb-s-pc-laptop-mini-pc\/\"]}]},{\"@type\":\"BreadcrumbList\",\"@id\":\"https:\/\/compuviper.mx\/tienda\/producto\/kingston-snv3s-4000g-unidad-de-estado-solido-interno-snv3s-nv3-4tb-m-2-2280-nvme-pcie-gen-4x4-lect-6000-escrit-5000-mb-s-pc-laptop-mini-pc\/#breadcrumb\",\"itemListElement\":[{\"@type\":\"ListItem\",\"position\":1,\"name\":\"Inicio\",\"item\":\"https:\/\/compuviper.mx\/tienda\/\"},{\"@type\":\"ListItem\",\"position\":2,\"name\":\"Productos\",\"item\":\"https:\/\/compuviper.mx\/tienda\/productos\/\"},{\"@type\":\"ListItem\",\"position\":3,\"name\":\"Discos Duros\",\"item\":\"https:\/\/compuviper.mx\/tienda\/categoria-producto\/discos-duros\/\"},{\"@type\":\"ListItem\",\"position\":4,\"name\":\"Unidad De Estado Solido\",\"item\":\"https:\/\/compuviper.mx\/tienda\/categoria-producto\/discos-duros\/unidad-de-estado-solido\/\"},{\"@type\":\"ListItem\",\"position\":5,\"name\":\"Kingston Snv3s\/4000g Unidad De Estado Solido Interno Snv3s Nv3 4tb M.2 2280 Nvme Pcie Gen 4&#215;4 Lect.6000\/escrit.5000 Mb\/s Pc\/laptop\/mini Pc\"}]},{\"@type\":\"WebSite\",\"@id\":\"https:\/\/compuviper.mx\/tienda\/#website\",\"url\":\"https:\/\/compuviper.mx\/tienda\/\",\"name\":\"Compuviper\",\"description\":\"Proveedor de Computadoras, Laptops, Servidores, Monitores, Puntos de Venta, Teclados,   Impresoras, T\u00f3ner, C\u00e1maras de Seguridad y m\u00e1s en tu tienda en l\u00ednea\",\"publisher\":{\"@id\":\"https:\/\/compuviper.mx\/tienda\/#organization\"},\"potentialAction\":[{\"@type\":\"SearchAction\",\"target\":{\"@type\":\"EntryPoint\",\"urlTemplate\":\"https:\/\/compuviper.mx\/tienda\/?s={search_term_string}\"},\"query-input\":\"required name=search_term_string\"}],\"inLanguage\":\"es-MX\"},{\"@type\":\"Organization\",\"@id\":\"https:\/\/compuviper.mx\/tienda\/#organization\",\"name\":\"Compuviper\",\"url\":\"https:\/\/compuviper.mx\/tienda\/\",\"logo\":{\"@type\":\"ImageObject\",\"inLanguage\":\"es-MX\",\"@id\":\"https:\/\/compuviper.mx\/tienda\/#\/schema\/logo\/image\/\",\"url\":\"https:\/\/compuviper.mx\/tienda\/wp-content\/uploads\/2021\/08\/Logo-Compuviper-10.png\",\"contentUrl\":\"https:\/\/compuviper.mx\/tienda\/wp-content\/uploads\/2021\/08\/Logo-Compuviper-10.png\",\"width\":1000,\"height\":500,\"caption\":\"Compuviper\"},\"image\":{\"@id\":\"https:\/\/compuviper.mx\/tienda\/#\/schema\/logo\/image\/\"},\"sameAs\":[\"https:\/\/www.facebook.com\/compuviper\",\"https:\/\/www.youtube.com\/channel\/UCf73dERp9Y3cfOq7q8BhLjA?view_as=subscriber\"]}]}<\/script>\n<meta property=\"product:brand\" content=\"KINGSTON\" \/>\n<meta property=\"product:price:amount\" content=\"11099\" \/>\n<meta property=\"product:price:currency\" content=\"MXN\" \/>\n<meta property=\"og:availability\" content=\"instock\" \/>\n<meta property=\"product:availability\" content=\"instock\" \/>\n<meta property=\"product:retailer_item_id\" content=\"SNV3S\/4000G\" \/>\n<meta property=\"product:condition\" content=\"new\" \/>\n<!-- \/ Yoast SEO plugin. -->","yoast_head_json":{"title":"[ Kingston ] &#129351; Snv3s\/4000g Unidad De Estado Solido Interno Snv3s Nv3 4tb M.2 2280 Nvme Pcie Gen 4x4 Lect.6000\/escrit.5000 Mb\/s Pc\/laptop\/mini Pc","description":"Compra Snv3s\/4000g Unidad De Estado Solido Interno Snv3s Nv3 4tb M.2 2280 Nvme Pcie Gen 4x4 Lect.6000\/escrit.5000 Mb\/s Pc\/laptop\/mini Pc + Env\u00edo a domicilio + Pago seguro + Garant\u00eda","robots":{"index":"index","follow":"follow","max-snippet":"max-snippet:-1","max-image-preview":"max-image-preview:large","max-video-preview":"max-video-preview:-1"},"canonical":"https:\/\/compuviper.mx\/tienda\/producto\/kingston-snv3s-4000g-unidad-de-estado-solido-interno-snv3s-nv3-4tb-m-2-2280-nvme-pcie-gen-4x4-lect-6000-escrit-5000-mb-s-pc-laptop-mini-pc\/","og_locale":"es_MX","og_type":"article","og_title":"[ Kingston ] &#129351; Snv3s\/4000g Unidad De Estado Solido Interno Snv3s Nv3 4tb M.2 2280 Nvme Pcie Gen 4x4 Lect.6000\/escrit.5000 Mb\/s Pc\/laptop\/mini Pc","og_description":"Compra Snv3s\/4000g Unidad De Estado Solido Interno Snv3s Nv3 4tb M.2 2280 Nvme Pcie Gen 4x4 Lect.6000\/escrit.5000 Mb\/s Pc\/laptop\/mini Pc + Env\u00edo a domicilio + Pago seguro + Garant\u00eda","og_url":"https:\/\/compuviper.mx\/tienda\/producto\/kingston-snv3s-4000g-unidad-de-estado-solido-interno-snv3s-nv3-4tb-m-2-2280-nvme-pcie-gen-4x4-lect-6000-escrit-5000-mb-s-pc-laptop-mini-pc\/","og_site_name":"Compuviper","article_publisher":"https:\/\/www.facebook.com\/compuviper","article_modified_time":"2026-04-03T06:00:14+00:00","og_image":[{"width":200,"height":200,"url":"https:\/\/compuviper.mx\/tienda\/wp-content\/uploads\/2026\/01\/Unidad-de-estado-solido-kingston-interno-snv3s-nv3-4tb-m.2-2280-nvme-pcie-gen-4x4-lect.6000escrit.5000-mbs-pclaptopmini-pc-snv3s4000g.jpg","type":"image\/jpeg"}],"twitter_card":"summary_large_image","twitter_misc":{"Precio":"&#36;11,099 con IVA","Availability":"In stock"},"schema":{"@context":"https:\/\/schema.org","@graph":[{"@type":"WebPage","@id":"https:\/\/compuviper.mx\/tienda\/producto\/kingston-snv3s-4000g-unidad-de-estado-solido-interno-snv3s-nv3-4tb-m-2-2280-nvme-pcie-gen-4x4-lect-6000-escrit-5000-mb-s-pc-laptop-mini-pc\/","url":"https:\/\/compuviper.mx\/tienda\/producto\/kingston-snv3s-4000g-unidad-de-estado-solido-interno-snv3s-nv3-4tb-m-2-2280-nvme-pcie-gen-4x4-lect-6000-escrit-5000-mb-s-pc-laptop-mini-pc\/","name":"[ Kingston ] &#129351; Snv3s\/4000g Unidad De Estado Solido Interno Snv3s Nv3 4tb M.2 2280 Nvme Pcie Gen 4x4 Lect.6000\/escrit.5000 Mb\/s Pc\/laptop\/mini Pc","isPartOf":{"@id":"https:\/\/compuviper.mx\/tienda\/#website"},"datePublished":"2026-04-02T06:39:10+00:00","dateModified":"2026-04-03T06:00:14+00:00","description":"Compra Snv3s\/4000g Unidad De Estado Solido Interno Snv3s Nv3 4tb M.2 2280 Nvme Pcie Gen 4x4 Lect.6000\/escrit.5000 Mb\/s Pc\/laptop\/mini Pc + Env\u00edo a domicilio + Pago seguro + Garant\u00eda","breadcrumb":{"@id":"https:\/\/compuviper.mx\/tienda\/producto\/kingston-snv3s-4000g-unidad-de-estado-solido-interno-snv3s-nv3-4tb-m-2-2280-nvme-pcie-gen-4x4-lect-6000-escrit-5000-mb-s-pc-laptop-mini-pc\/#breadcrumb"},"inLanguage":"es-MX","potentialAction":[{"@type":"ReadAction","target":["https:\/\/compuviper.mx\/tienda\/producto\/kingston-snv3s-4000g-unidad-de-estado-solido-interno-snv3s-nv3-4tb-m-2-2280-nvme-pcie-gen-4x4-lect-6000-escrit-5000-mb-s-pc-laptop-mini-pc\/"]}]},{"@type":"BreadcrumbList","@id":"https:\/\/compuviper.mx\/tienda\/producto\/kingston-snv3s-4000g-unidad-de-estado-solido-interno-snv3s-nv3-4tb-m-2-2280-nvme-pcie-gen-4x4-lect-6000-escrit-5000-mb-s-pc-laptop-mini-pc\/#breadcrumb","itemListElement":[{"@type":"ListItem","position":1,"name":"Inicio","item":"https:\/\/compuviper.mx\/tienda\/"},{"@type":"ListItem","position":2,"name":"Productos","item":"https:\/\/compuviper.mx\/tienda\/productos\/"},{"@type":"ListItem","position":3,"name":"Discos Duros","item":"https:\/\/compuviper.mx\/tienda\/categoria-producto\/discos-duros\/"},{"@type":"ListItem","position":4,"name":"Unidad De Estado Solido","item":"https:\/\/compuviper.mx\/tienda\/categoria-producto\/discos-duros\/unidad-de-estado-solido\/"},{"@type":"ListItem","position":5,"name":"Kingston Snv3s\/4000g Unidad De Estado Solido Interno Snv3s Nv3 4tb M.2 2280 Nvme Pcie Gen 4&#215;4 Lect.6000\/escrit.5000 Mb\/s Pc\/laptop\/mini Pc"}]},{"@type":"WebSite","@id":"https:\/\/compuviper.mx\/tienda\/#website","url":"https:\/\/compuviper.mx\/tienda\/","name":"Compuviper","description":"Proveedor de Computadoras, Laptops, Servidores, Monitores, Puntos de Venta, Teclados,   Impresoras, T\u00f3ner, C\u00e1maras de Seguridad y m\u00e1s en tu tienda en l\u00ednea","publisher":{"@id":"https:\/\/compuviper.mx\/tienda\/#organization"},"potentialAction":[{"@type":"SearchAction","target":{"@type":"EntryPoint","urlTemplate":"https:\/\/compuviper.mx\/tienda\/?s={search_term_string}"},"query-input":"required name=search_term_string"}],"inLanguage":"es-MX"},{"@type":"Organization","@id":"https:\/\/compuviper.mx\/tienda\/#organization","name":"Compuviper","url":"https:\/\/compuviper.mx\/tienda\/","logo":{"@type":"ImageObject","inLanguage":"es-MX","@id":"https:\/\/compuviper.mx\/tienda\/#\/schema\/logo\/image\/","url":"https:\/\/compuviper.mx\/tienda\/wp-content\/uploads\/2021\/08\/Logo-Compuviper-10.png","contentUrl":"https:\/\/compuviper.mx\/tienda\/wp-content\/uploads\/2021\/08\/Logo-Compuviper-10.png","width":1000,"height":500,"caption":"Compuviper"},"image":{"@id":"https:\/\/compuviper.mx\/tienda\/#\/schema\/logo\/image\/"},"sameAs":["https:\/\/www.facebook.com\/compuviper","https:\/\/www.youtube.com\/channel\/UCf73dERp9Y3cfOq7q8BhLjA?view_as=subscriber"]}]},"product_brand":"KINGSTON","product_price_amount":"11099","product_price_currency":"MXN","og_availability":"instock","product_availability":"instock","product_retailer_item_id":"SNV3S\/4000G","product_condition":"new"},"_links":{"self":[{"href":"https:\/\/compuviper.mx\/tienda\/wp-json\/wp\/v2\/product\/265477"}],"collection":[{"href":"https:\/\/compuviper.mx\/tienda\/wp-json\/wp\/v2\/product"}],"about":[{"href":"https:\/\/compuviper.mx\/tienda\/wp-json\/wp\/v2\/types\/product"}],"replies":[{"embeddable":true,"href":"https:\/\/compuviper.mx\/tienda\/wp-json\/wp\/v2\/comments?post=265477"}],"wp:featuredmedia":[{"embeddable":true,"href":"https:\/\/compuviper.mx\/tienda\/wp-json\/wp\/v2\/media\/265478"}],"wp:attachment":[{"href":"https:\/\/compuviper.mx\/tienda\/wp-json\/wp\/v2\/media?parent=265477"}],"wp:term":[{"taxonomy":"product_cat","embeddable":true,"href":"https:\/\/compuviper.mx\/tienda\/wp-json\/wp\/v2\/product_cat?post=265477"},{"taxonomy":"product_tag","embeddable":true,"href":"https:\/\/compuviper.mx\/tienda\/wp-json\/wp\/v2\/product_tag?post=265477"}],"curies":[{"name":"wp","href":"https:\/\/api.w.org\/{rel}","templated":true}]}}