{"id":265425,"date":"2026-04-02T00:39:23","date_gmt":"2026-04-02T06:39:23","guid":{"rendered":"https:\/\/compuviper.mx\/tienda\/producto\/corsair-cssd-f2000gbmp700pnh-unidad-de-estado-solido-interno-mp700-pro-2tb-pcie-gen5-x4-nvme-2-0-m-2-ssd\/"},"modified":"2026-04-03T00:00:14","modified_gmt":"2026-04-03T06:00:14","slug":"corsair-cssd-f2000gbmp700pnh-unidad-de-estado-solido-interno-mp700-pro-2tb-pcie-gen5-x4-nvme-2-0-m-2-ssd","status":"publish","type":"product","link":"https:\/\/compuviper.mx\/tienda\/producto\/corsair-cssd-f2000gbmp700pnh-unidad-de-estado-solido-interno-mp700-pro-2tb-pcie-gen5-x4-nvme-2-0-m-2-ssd\/","title":{"rendered":"Corsair Cssd-f2000gbmp700pnh Unidad De Estado Solido Interno  Mp700 Pro 2tb Pcie Gen5 X4 Nvme 2.0 M.2 Ssd ()"},"content":{"rendered":"<table class=\"descripcion\">\n<tr>\n<td>Storage form factor m.2 2280<\/td>\n<\/tr>\n<tr>\n<td>Heatsink color black<\/td>\n<\/tr>\n<tr>\n<td>Memory type pcie gen 5.0 x4<\/td>\n<\/tr>\n<tr>\n<td>Ssd max sequential write cdm up to 11800mb\/s<\/td>\n<\/tr>\n<tr>\n<td>Ssd smart support yes<\/td>\n<\/tr>\n<tr>\n<td>Storage temperature -40\u00b0c to +85\u00b0c<\/td>\n<\/tr>\n<tr>\n<td>Endurance 1400tbw<\/td>\n<\/tr>\n<tr>\n<td>Storage humidity 93% rh (40\u00b0 c)<\/td>\n<\/tr>\n<tr>\n<td>Ssd package contents mp700 pro m.2 ssd (no included heatsink, separate cooling required)<\/td>\n<\/tr>\n<tr>\n<td>Ssd max sequential read cdm up to 12400mb\/s<\/td>\n<\/tr>\n<tr>\n<td>Max random read qd32 iometer up to 1.5m<\/td>\n<\/tr>\n<tr>\n<td>Max random write qd32 iometer up to 1.6m<\/td>\n<\/tr>\n<tr>\n<td>Power consumption active 11.5w average<\/td>\n<\/tr>\n<tr>\n<td>Nand technology 3d tlc<\/td>\n<\/tr>\n<tr>\n<td>Ssd operating temperature 0\u00b0c to +70\u00b0c<\/td>\n<\/tr>\n<tr>\n<td>Ssd shock 1,500 g<\/td>\n<\/tr>\n<tr>\n<td>Form factor m.2 2280<\/td>\n<\/tr>\n<tr>\n<td>Application consumer client<\/td>\n<\/tr>\n<tr>\n<td>Ssd compatibility m.2 2280 interface connector windows 10, 11, mac os x<\/td>\n<\/tr>\n<tr>\n<td>Voltage 3.3v, +\/- 5%<\/td>\n<\/tr>\n<tr>\n<td>Vibration 20 hz~80 hz\/1.52 mm, 80 hz~2000 hz\/20g<\/td>\n<\/tr>\n<tr>\n<td>Devslp ps4:  85mw<\/td>\n<\/tr>\n<tr>\n<td>Encryption aes 256-bit encryption<\/td>\n<\/tr>\n<tr>\n<td>Mtbf hours 1,600,000 hours<\/td>\n<\/tr>\n<tr>\n<td>Ssd tbw 1400<\/td>\n<\/tr>\n<tr>\n<td>Interface pcie* 5 x 4<\/td>\n<\/tr>\n<tr>\n<td>Weight 0.030<\/td>\n<\/tr>\n<\/table>\n","protected":false},"excerpt":{"rendered":"<p>Experience the incredible performance of pcie gen5 storage in your system, with unbelievable sequential read and write speeds using the high-bandwidth nvme 2.0 interface for great performance and longevity.<\/p>\n","protected":false},"featured_media":265426,"comment_status":"open","ping_status":"open","template":"","meta":[],"product_cat":[1703,1708],"product_tag":[2242],"acf":[],"yoast_head":"<!-- This site is optimized with the Yoast SEO plugin v21.7 - https:\/\/yoast.com\/wordpress\/plugins\/seo\/ -->\n<title>[ Corsair ] &#129351; Cssd-f2000gbmp700pnh Unidad De Estado Solido Interno Mp700 Pro 2tb Pcie Gen5 X4 Nvme 2.0 M.2 Ssd ()<\/title>\n<meta name=\"description\" content=\"Compra Cssd-f2000gbmp700pnh Unidad De Estado Solido Interno Mp700 Pro 2tb Pcie Gen5 X4 Nvme 2.0 M.2 Ssd () + Env\u00edo a domicilio + Pago seguro + Garant\u00eda\" \/>\n<meta name=\"robots\" content=\"index, follow, max-snippet:-1, max-image-preview:large, max-video-preview:-1\" \/>\n<link rel=\"canonical\" href=\"https:\/\/compuviper.mx\/tienda\/producto\/corsair-cssd-f2000gbmp700pnh-unidad-de-estado-solido-interno-mp700-pro-2tb-pcie-gen5-x4-nvme-2-0-m-2-ssd\/\" \/>\n<meta property=\"og:locale\" content=\"es_MX\" \/>\n<meta property=\"og:type\" content=\"article\" \/>\n<meta property=\"og:title\" content=\"[ Corsair ] &#129351; Cssd-f2000gbmp700pnh Unidad De Estado Solido Interno Mp700 Pro 2tb Pcie Gen5 X4 Nvme 2.0 M.2 Ssd ()\" \/>\n<meta property=\"og:description\" content=\"Compra Cssd-f2000gbmp700pnh Unidad De Estado Solido Interno Mp700 Pro 2tb Pcie Gen5 X4 Nvme 2.0 M.2 Ssd () + Env\u00edo a domicilio + Pago seguro + Garant\u00eda\" \/>\n<meta property=\"og:url\" content=\"https:\/\/compuviper.mx\/tienda\/producto\/corsair-cssd-f2000gbmp700pnh-unidad-de-estado-solido-interno-mp700-pro-2tb-pcie-gen5-x4-nvme-2-0-m-2-ssd\/\" \/>\n<meta property=\"og:site_name\" content=\"Compuviper\" \/>\n<meta property=\"article:publisher\" content=\"https:\/\/www.facebook.com\/compuviper\" \/>\n<meta property=\"article:modified_time\" content=\"2026-04-03T06:00:14+00:00\" \/>\n<meta property=\"og:image\" content=\"https:\/\/compuviper.mx\/tienda\/wp-content\/uploads\/2026\/01\/Unidad-de-estado-solido-interno-corsair-mp700-pro-2tb-pcie-gen5-x4-nvme-2.0-m.2-ssd-cssd-f2000gbmp700pnh.jpg\" \/>\n\t<meta property=\"og:image:width\" content=\"200\" \/>\n\t<meta property=\"og:image:height\" content=\"200\" \/>\n\t<meta property=\"og:image:type\" content=\"image\/jpeg\" \/>\n<meta name=\"twitter:card\" content=\"summary_large_image\" \/>\n<meta name=\"twitter:label1\" content=\"Precio\" \/>\n\t<meta name=\"twitter:data1\" content=\"&#36;3,921 con IVA\" \/>\n\t<meta name=\"twitter:label2\" content=\"Availability\" \/>\n\t<meta name=\"twitter:data2\" content=\"Out of stock\" \/>\n<script type=\"application\/ld+json\" class=\"yoast-schema-graph\">{\"@context\":\"https:\/\/schema.org\",\"@graph\":[{\"@type\":\"WebPage\",\"@id\":\"https:\/\/compuviper.mx\/tienda\/producto\/corsair-cssd-f2000gbmp700pnh-unidad-de-estado-solido-interno-mp700-pro-2tb-pcie-gen5-x4-nvme-2-0-m-2-ssd\/\",\"url\":\"https:\/\/compuviper.mx\/tienda\/producto\/corsair-cssd-f2000gbmp700pnh-unidad-de-estado-solido-interno-mp700-pro-2tb-pcie-gen5-x4-nvme-2-0-m-2-ssd\/\",\"name\":\"[ Corsair ] &#129351; Cssd-f2000gbmp700pnh Unidad De Estado Solido Interno Mp700 Pro 2tb Pcie Gen5 X4 Nvme 2.0 M.2 Ssd ()\",\"isPartOf\":{\"@id\":\"https:\/\/compuviper.mx\/tienda\/#website\"},\"datePublished\":\"2026-04-02T06:39:23+00:00\",\"dateModified\":\"2026-04-03T06:00:14+00:00\",\"description\":\"Compra Cssd-f2000gbmp700pnh Unidad De Estado Solido Interno Mp700 Pro 2tb Pcie Gen5 X4 Nvme 2.0 M.2 Ssd () + Env\u00edo a domicilio + Pago seguro + Garant\u00eda\",\"breadcrumb\":{\"@id\":\"https:\/\/compuviper.mx\/tienda\/producto\/corsair-cssd-f2000gbmp700pnh-unidad-de-estado-solido-interno-mp700-pro-2tb-pcie-gen5-x4-nvme-2-0-m-2-ssd\/#breadcrumb\"},\"inLanguage\":\"es-MX\",\"potentialAction\":[{\"@type\":\"ReadAction\",\"target\":[\"https:\/\/compuviper.mx\/tienda\/producto\/corsair-cssd-f2000gbmp700pnh-unidad-de-estado-solido-interno-mp700-pro-2tb-pcie-gen5-x4-nvme-2-0-m-2-ssd\/\"]}]},{\"@type\":\"BreadcrumbList\",\"@id\":\"https:\/\/compuviper.mx\/tienda\/producto\/corsair-cssd-f2000gbmp700pnh-unidad-de-estado-solido-interno-mp700-pro-2tb-pcie-gen5-x4-nvme-2-0-m-2-ssd\/#breadcrumb\",\"itemListElement\":[{\"@type\":\"ListItem\",\"position\":1,\"name\":\"Inicio\",\"item\":\"https:\/\/compuviper.mx\/tienda\/\"},{\"@type\":\"ListItem\",\"position\":2,\"name\":\"Productos\",\"item\":\"https:\/\/compuviper.mx\/tienda\/productos\/\"},{\"@type\":\"ListItem\",\"position\":3,\"name\":\"Discos Duros\",\"item\":\"https:\/\/compuviper.mx\/tienda\/categoria-producto\/discos-duros\/\"},{\"@type\":\"ListItem\",\"position\":4,\"name\":\"Unidad De Estado Solido\",\"item\":\"https:\/\/compuviper.mx\/tienda\/categoria-producto\/discos-duros\/unidad-de-estado-solido\/\"},{\"@type\":\"ListItem\",\"position\":5,\"name\":\"Corsair Cssd-f2000gbmp700pnh Unidad De Estado Solido Interno Mp700 Pro 2tb Pcie Gen5 X4 Nvme 2.0 M.2 Ssd ()\"}]},{\"@type\":\"WebSite\",\"@id\":\"https:\/\/compuviper.mx\/tienda\/#website\",\"url\":\"https:\/\/compuviper.mx\/tienda\/\",\"name\":\"Compuviper\",\"description\":\"Proveedor de Computadoras, Laptops, Servidores, Monitores, Puntos de Venta, Teclados,   Impresoras, T\u00f3ner, C\u00e1maras de Seguridad y m\u00e1s en tu tienda en l\u00ednea\",\"publisher\":{\"@id\":\"https:\/\/compuviper.mx\/tienda\/#organization\"},\"potentialAction\":[{\"@type\":\"SearchAction\",\"target\":{\"@type\":\"EntryPoint\",\"urlTemplate\":\"https:\/\/compuviper.mx\/tienda\/?s={search_term_string}\"},\"query-input\":\"required name=search_term_string\"}],\"inLanguage\":\"es-MX\"},{\"@type\":\"Organization\",\"@id\":\"https:\/\/compuviper.mx\/tienda\/#organization\",\"name\":\"Compuviper\",\"url\":\"https:\/\/compuviper.mx\/tienda\/\",\"logo\":{\"@type\":\"ImageObject\",\"inLanguage\":\"es-MX\",\"@id\":\"https:\/\/compuviper.mx\/tienda\/#\/schema\/logo\/image\/\",\"url\":\"https:\/\/compuviper.mx\/tienda\/wp-content\/uploads\/2021\/08\/Logo-Compuviper-10.png\",\"contentUrl\":\"https:\/\/compuviper.mx\/tienda\/wp-content\/uploads\/2021\/08\/Logo-Compuviper-10.png\",\"width\":1000,\"height\":500,\"caption\":\"Compuviper\"},\"image\":{\"@id\":\"https:\/\/compuviper.mx\/tienda\/#\/schema\/logo\/image\/\"},\"sameAs\":[\"https:\/\/www.facebook.com\/compuviper\",\"https:\/\/www.youtube.com\/channel\/UCf73dERp9Y3cfOq7q8BhLjA?view_as=subscriber\"]}]}<\/script>\n<meta property=\"product:brand\" content=\"Corsair\" \/>\n<meta property=\"product:price:amount\" content=\"3921\" \/>\n<meta property=\"product:price:currency\" content=\"MXN\" \/>\n<meta property=\"og:availability\" content=\"out of stock\" \/>\n<meta property=\"product:availability\" content=\"out of stock\" \/>\n<meta property=\"product:retailer_item_id\" content=\"CSSD-F2000GBMP700PNH\" \/>\n<meta property=\"product:condition\" content=\"new\" \/>\n<!-- \/ Yoast SEO plugin. -->","yoast_head_json":{"title":"[ Corsair ] &#129351; Cssd-f2000gbmp700pnh Unidad De Estado Solido Interno Mp700 Pro 2tb Pcie Gen5 X4 Nvme 2.0 M.2 Ssd ()","description":"Compra Cssd-f2000gbmp700pnh Unidad De Estado Solido Interno Mp700 Pro 2tb Pcie Gen5 X4 Nvme 2.0 M.2 Ssd () + Env\u00edo a domicilio + Pago seguro + Garant\u00eda","robots":{"index":"index","follow":"follow","max-snippet":"max-snippet:-1","max-image-preview":"max-image-preview:large","max-video-preview":"max-video-preview:-1"},"canonical":"https:\/\/compuviper.mx\/tienda\/producto\/corsair-cssd-f2000gbmp700pnh-unidad-de-estado-solido-interno-mp700-pro-2tb-pcie-gen5-x4-nvme-2-0-m-2-ssd\/","og_locale":"es_MX","og_type":"article","og_title":"[ Corsair ] &#129351; Cssd-f2000gbmp700pnh Unidad De Estado Solido Interno Mp700 Pro 2tb Pcie Gen5 X4 Nvme 2.0 M.2 Ssd ()","og_description":"Compra Cssd-f2000gbmp700pnh Unidad De Estado Solido Interno Mp700 Pro 2tb Pcie Gen5 X4 Nvme 2.0 M.2 Ssd () + Env\u00edo a domicilio + Pago seguro + Garant\u00eda","og_url":"https:\/\/compuviper.mx\/tienda\/producto\/corsair-cssd-f2000gbmp700pnh-unidad-de-estado-solido-interno-mp700-pro-2tb-pcie-gen5-x4-nvme-2-0-m-2-ssd\/","og_site_name":"Compuviper","article_publisher":"https:\/\/www.facebook.com\/compuviper","article_modified_time":"2026-04-03T06:00:14+00:00","og_image":[{"width":200,"height":200,"url":"https:\/\/compuviper.mx\/tienda\/wp-content\/uploads\/2026\/01\/Unidad-de-estado-solido-interno-corsair-mp700-pro-2tb-pcie-gen5-x4-nvme-2.0-m.2-ssd-cssd-f2000gbmp700pnh.jpg","type":"image\/jpeg"}],"twitter_card":"summary_large_image","twitter_misc":{"Precio":"&#36;3,921 con IVA","Availability":"Out of stock"},"schema":{"@context":"https:\/\/schema.org","@graph":[{"@type":"WebPage","@id":"https:\/\/compuviper.mx\/tienda\/producto\/corsair-cssd-f2000gbmp700pnh-unidad-de-estado-solido-interno-mp700-pro-2tb-pcie-gen5-x4-nvme-2-0-m-2-ssd\/","url":"https:\/\/compuviper.mx\/tienda\/producto\/corsair-cssd-f2000gbmp700pnh-unidad-de-estado-solido-interno-mp700-pro-2tb-pcie-gen5-x4-nvme-2-0-m-2-ssd\/","name":"[ Corsair ] &#129351; Cssd-f2000gbmp700pnh Unidad De Estado Solido Interno Mp700 Pro 2tb Pcie Gen5 X4 Nvme 2.0 M.2 Ssd ()","isPartOf":{"@id":"https:\/\/compuviper.mx\/tienda\/#website"},"datePublished":"2026-04-02T06:39:23+00:00","dateModified":"2026-04-03T06:00:14+00:00","description":"Compra Cssd-f2000gbmp700pnh Unidad De Estado Solido Interno Mp700 Pro 2tb Pcie Gen5 X4 Nvme 2.0 M.2 Ssd () + Env\u00edo a domicilio + Pago seguro + Garant\u00eda","breadcrumb":{"@id":"https:\/\/compuviper.mx\/tienda\/producto\/corsair-cssd-f2000gbmp700pnh-unidad-de-estado-solido-interno-mp700-pro-2tb-pcie-gen5-x4-nvme-2-0-m-2-ssd\/#breadcrumb"},"inLanguage":"es-MX","potentialAction":[{"@type":"ReadAction","target":["https:\/\/compuviper.mx\/tienda\/producto\/corsair-cssd-f2000gbmp700pnh-unidad-de-estado-solido-interno-mp700-pro-2tb-pcie-gen5-x4-nvme-2-0-m-2-ssd\/"]}]},{"@type":"BreadcrumbList","@id":"https:\/\/compuviper.mx\/tienda\/producto\/corsair-cssd-f2000gbmp700pnh-unidad-de-estado-solido-interno-mp700-pro-2tb-pcie-gen5-x4-nvme-2-0-m-2-ssd\/#breadcrumb","itemListElement":[{"@type":"ListItem","position":1,"name":"Inicio","item":"https:\/\/compuviper.mx\/tienda\/"},{"@type":"ListItem","position":2,"name":"Productos","item":"https:\/\/compuviper.mx\/tienda\/productos\/"},{"@type":"ListItem","position":3,"name":"Discos Duros","item":"https:\/\/compuviper.mx\/tienda\/categoria-producto\/discos-duros\/"},{"@type":"ListItem","position":4,"name":"Unidad De Estado Solido","item":"https:\/\/compuviper.mx\/tienda\/categoria-producto\/discos-duros\/unidad-de-estado-solido\/"},{"@type":"ListItem","position":5,"name":"Corsair Cssd-f2000gbmp700pnh Unidad De Estado Solido Interno Mp700 Pro 2tb Pcie Gen5 X4 Nvme 2.0 M.2 Ssd ()"}]},{"@type":"WebSite","@id":"https:\/\/compuviper.mx\/tienda\/#website","url":"https:\/\/compuviper.mx\/tienda\/","name":"Compuviper","description":"Proveedor de Computadoras, Laptops, Servidores, Monitores, Puntos de Venta, Teclados,   Impresoras, T\u00f3ner, C\u00e1maras de Seguridad y m\u00e1s en tu tienda en l\u00ednea","publisher":{"@id":"https:\/\/compuviper.mx\/tienda\/#organization"},"potentialAction":[{"@type":"SearchAction","target":{"@type":"EntryPoint","urlTemplate":"https:\/\/compuviper.mx\/tienda\/?s={search_term_string}"},"query-input":"required name=search_term_string"}],"inLanguage":"es-MX"},{"@type":"Organization","@id":"https:\/\/compuviper.mx\/tienda\/#organization","name":"Compuviper","url":"https:\/\/compuviper.mx\/tienda\/","logo":{"@type":"ImageObject","inLanguage":"es-MX","@id":"https:\/\/compuviper.mx\/tienda\/#\/schema\/logo\/image\/","url":"https:\/\/compuviper.mx\/tienda\/wp-content\/uploads\/2021\/08\/Logo-Compuviper-10.png","contentUrl":"https:\/\/compuviper.mx\/tienda\/wp-content\/uploads\/2021\/08\/Logo-Compuviper-10.png","width":1000,"height":500,"caption":"Compuviper"},"image":{"@id":"https:\/\/compuviper.mx\/tienda\/#\/schema\/logo\/image\/"},"sameAs":["https:\/\/www.facebook.com\/compuviper","https:\/\/www.youtube.com\/channel\/UCf73dERp9Y3cfOq7q8BhLjA?view_as=subscriber"]}]},"product_brand":"Corsair","product_price_amount":"3921","product_price_currency":"MXN","og_availability":"out of stock","product_availability":"out of stock","product_retailer_item_id":"CSSD-F2000GBMP700PNH","product_condition":"new"},"_links":{"self":[{"href":"https:\/\/compuviper.mx\/tienda\/wp-json\/wp\/v2\/product\/265425"}],"collection":[{"href":"https:\/\/compuviper.mx\/tienda\/wp-json\/wp\/v2\/product"}],"about":[{"href":"https:\/\/compuviper.mx\/tienda\/wp-json\/wp\/v2\/types\/product"}],"replies":[{"embeddable":true,"href":"https:\/\/compuviper.mx\/tienda\/wp-json\/wp\/v2\/comments?post=265425"}],"wp:featuredmedia":[{"embeddable":true,"href":"https:\/\/compuviper.mx\/tienda\/wp-json\/wp\/v2\/media\/265426"}],"wp:attachment":[{"href":"https:\/\/compuviper.mx\/tienda\/wp-json\/wp\/v2\/media?parent=265425"}],"wp:term":[{"taxonomy":"product_cat","embeddable":true,"href":"https:\/\/compuviper.mx\/tienda\/wp-json\/wp\/v2\/product_cat?post=265425"},{"taxonomy":"product_tag","embeddable":true,"href":"https:\/\/compuviper.mx\/tienda\/wp-json\/wp\/v2\/product_tag?post=265425"}],"curies":[{"name":"wp","href":"https:\/\/api.w.org\/{rel}","templated":true}]}}