{"id":265423,"date":"2026-04-02T00:38:34","date_gmt":"2026-04-02T06:38:34","guid":{"rendered":"https:\/\/compuviper.mx\/tienda\/producto\/kingston-sedc600m-960g-unidad-de-estado-solido-ssd-dc600m-960gb-enterprice-sata-2-5-lect-560-escr-470mbs-para-servidor\/"},"modified":"2026-04-03T00:00:12","modified_gmt":"2026-04-03T06:00:12","slug":"kingston-sedc600m-960g-unidad-de-estado-solido-ssd-dc600m-960gb-enterprice-sata-2-5-lect-560-escr-470mbs-para-servidor","status":"publish","type":"product","link":"https:\/\/compuviper.mx\/tienda\/producto\/kingston-sedc600m-960g-unidad-de-estado-solido-ssd-dc600m-960gb-enterprice-sata-2-5-lect-560-escr-470mbs-para-servidor\/","title":{"rendered":"Kingston Sedc600m\/960g Unidad De Estado Solido Ssd  Dc600m 960gb Enterprice Sata 2.5 Lect.560\/escr.470mbs Para Servidor"},"content":{"rendered":"<table class=\"descripcion\">\n<tr>\n<td>\u0095tipo unidad de estado s\u00f3lido<\/td>\n<\/tr>\n<tr>\n<td>\u0095capacidad 960gb<\/td>\n<\/tr>\n<tr>\n<td>\u0095interfaz sata iii (6.0 gb\/s)<\/td>\n<\/tr>\n<tr>\n<td>\u0095factor de forma 2.5<\/td>\n<\/tr>\n<tr>\n<td>\u0095velocidad de transferencia lectura: 560 mb\/s<\/td>\n<\/tr>\n<tr>\n<td>\u0095escritura: 530 mb\/s<\/td>\n<\/tr>\n<\/table>\n","protected":false},"excerpt":{"rendered":"<p>El ssd dc600m de kingston es un ssd sata 3.0 de 6 gbps para centro de datos de cuarta generaci\u00f3n con 3d tlc nand dise\u00f1ado para cargas de trabajo de uso mixto. El dc600m es adecuado para su uso en servidores de montaje en bastidor de gran volumen e incluye plp integrado basado en hardware. A trav\u00e9s de condensadores de p\u00e9rdida de energ\u00eda, dc600m protege los datos contra fallas de energ\u00eda inesperadas para reducir la posibilidad de p\u00e9rdida de datos y garantizar que la unidad se reinicialice con \u00e9xito en el pr\u00f3ximo encendido del sistema. Dc600m est\u00e1 dise\u00f1ado para brindar latencia y consistencia de iops para integradores de sistemas, centros de datos de hiperescala y proveedores de servicios en la nube.<\/p>\n","protected":false},"featured_media":265424,"comment_status":"open","ping_status":"open","template":"","meta":[],"product_cat":[1703,1708],"product_tag":[1573],"acf":[],"yoast_head":"<!-- This site is optimized with the Yoast SEO plugin v21.7 - https:\/\/yoast.com\/wordpress\/plugins\/seo\/ -->\n<title>[ Kingston ] &#129351; Sedc600m\/960g Unidad De Estado Solido Ssd Dc600m 960gb Enterprice Sata 2.5 Lect.560\/escr.470mbs Para Servidor<\/title>\n<meta name=\"description\" content=\"Compra Sedc600m\/960g Unidad De Estado Solido Ssd Dc600m 960gb Enterprice Sata 2.5 Lect.560\/escr.470mbs Para Servidor + Env\u00edo a domicilio + Pago seguro + Garant\u00eda\" \/>\n<meta name=\"robots\" content=\"index, follow, max-snippet:-1, max-image-preview:large, max-video-preview:-1\" \/>\n<link rel=\"canonical\" href=\"https:\/\/compuviper.mx\/tienda\/producto\/kingston-sedc600m-960g-unidad-de-estado-solido-ssd-dc600m-960gb-enterprice-sata-2-5-lect-560-escr-470mbs-para-servidor\/\" \/>\n<meta property=\"og:locale\" content=\"es_MX\" \/>\n<meta property=\"og:type\" content=\"article\" \/>\n<meta property=\"og:title\" content=\"[ Kingston ] &#129351; Sedc600m\/960g Unidad De Estado Solido Ssd Dc600m 960gb Enterprice Sata 2.5 Lect.560\/escr.470mbs Para Servidor\" \/>\n<meta property=\"og:description\" content=\"Compra Sedc600m\/960g Unidad De Estado Solido Ssd Dc600m 960gb Enterprice Sata 2.5 Lect.560\/escr.470mbs Para Servidor + Env\u00edo a domicilio + Pago seguro + Garant\u00eda\" \/>\n<meta property=\"og:url\" content=\"https:\/\/compuviper.mx\/tienda\/producto\/kingston-sedc600m-960g-unidad-de-estado-solido-ssd-dc600m-960gb-enterprice-sata-2-5-lect-560-escr-470mbs-para-servidor\/\" \/>\n<meta property=\"og:site_name\" content=\"Compuviper\" \/>\n<meta property=\"article:publisher\" content=\"https:\/\/www.facebook.com\/compuviper\" \/>\n<meta property=\"article:modified_time\" content=\"2026-04-03T06:00:12+00:00\" \/>\n<meta property=\"og:image\" content=\"https:\/\/compuviper.mx\/tienda\/wp-content\/uploads\/2026\/01\/Unidad-de-estado-solido-ssd-kingston-dc600m-960gb-enterprice-sata-2.5-lect.560escr.470mbs-para-servidor-sedc600m960g.jpg\" \/>\n\t<meta property=\"og:image:width\" content=\"200\" \/>\n\t<meta property=\"og:image:height\" content=\"200\" \/>\n\t<meta property=\"og:image:type\" content=\"image\/jpeg\" \/>\n<meta name=\"twitter:card\" content=\"summary_large_image\" \/>\n<meta name=\"twitter:label1\" content=\"Precio\" \/>\n\t<meta name=\"twitter:data1\" content=\"&#36;6,714 con IVA\" \/>\n\t<meta name=\"twitter:label2\" content=\"Availability\" \/>\n\t<meta name=\"twitter:data2\" content=\"In stock\" \/>\n<script type=\"application\/ld+json\" class=\"yoast-schema-graph\">{\"@context\":\"https:\/\/schema.org\",\"@graph\":[{\"@type\":\"WebPage\",\"@id\":\"https:\/\/compuviper.mx\/tienda\/producto\/kingston-sedc600m-960g-unidad-de-estado-solido-ssd-dc600m-960gb-enterprice-sata-2-5-lect-560-escr-470mbs-para-servidor\/\",\"url\":\"https:\/\/compuviper.mx\/tienda\/producto\/kingston-sedc600m-960g-unidad-de-estado-solido-ssd-dc600m-960gb-enterprice-sata-2-5-lect-560-escr-470mbs-para-servidor\/\",\"name\":\"[ Kingston ] &#129351; Sedc600m\/960g Unidad De Estado Solido Ssd Dc600m 960gb Enterprice Sata 2.5 Lect.560\/escr.470mbs Para Servidor\",\"isPartOf\":{\"@id\":\"https:\/\/compuviper.mx\/tienda\/#website\"},\"datePublished\":\"2026-04-02T06:38:34+00:00\",\"dateModified\":\"2026-04-03T06:00:12+00:00\",\"description\":\"Compra Sedc600m\/960g Unidad De Estado Solido Ssd Dc600m 960gb Enterprice Sata 2.5 Lect.560\/escr.470mbs Para Servidor + Env\u00edo a domicilio + Pago seguro + Garant\u00eda\",\"breadcrumb\":{\"@id\":\"https:\/\/compuviper.mx\/tienda\/producto\/kingston-sedc600m-960g-unidad-de-estado-solido-ssd-dc600m-960gb-enterprice-sata-2-5-lect-560-escr-470mbs-para-servidor\/#breadcrumb\"},\"inLanguage\":\"es-MX\",\"potentialAction\":[{\"@type\":\"ReadAction\",\"target\":[\"https:\/\/compuviper.mx\/tienda\/producto\/kingston-sedc600m-960g-unidad-de-estado-solido-ssd-dc600m-960gb-enterprice-sata-2-5-lect-560-escr-470mbs-para-servidor\/\"]}]},{\"@type\":\"BreadcrumbList\",\"@id\":\"https:\/\/compuviper.mx\/tienda\/producto\/kingston-sedc600m-960g-unidad-de-estado-solido-ssd-dc600m-960gb-enterprice-sata-2-5-lect-560-escr-470mbs-para-servidor\/#breadcrumb\",\"itemListElement\":[{\"@type\":\"ListItem\",\"position\":1,\"name\":\"Inicio\",\"item\":\"https:\/\/compuviper.mx\/tienda\/\"},{\"@type\":\"ListItem\",\"position\":2,\"name\":\"Productos\",\"item\":\"https:\/\/compuviper.mx\/tienda\/productos\/\"},{\"@type\":\"ListItem\",\"position\":3,\"name\":\"Discos Duros\",\"item\":\"https:\/\/compuviper.mx\/tienda\/categoria-producto\/discos-duros\/\"},{\"@type\":\"ListItem\",\"position\":4,\"name\":\"Unidad De Estado Solido\",\"item\":\"https:\/\/compuviper.mx\/tienda\/categoria-producto\/discos-duros\/unidad-de-estado-solido\/\"},{\"@type\":\"ListItem\",\"position\":5,\"name\":\"Kingston Sedc600m\/960g Unidad De Estado Solido Ssd Dc600m 960gb Enterprice Sata 2.5 Lect.560\/escr.470mbs Para Servidor\"}]},{\"@type\":\"WebSite\",\"@id\":\"https:\/\/compuviper.mx\/tienda\/#website\",\"url\":\"https:\/\/compuviper.mx\/tienda\/\",\"name\":\"Compuviper\",\"description\":\"Proveedor de Computadoras, Laptops, Servidores, Monitores, Puntos de Venta, Teclados,   Impresoras, T\u00f3ner, C\u00e1maras de Seguridad y m\u00e1s en tu tienda en l\u00ednea\",\"publisher\":{\"@id\":\"https:\/\/compuviper.mx\/tienda\/#organization\"},\"potentialAction\":[{\"@type\":\"SearchAction\",\"target\":{\"@type\":\"EntryPoint\",\"urlTemplate\":\"https:\/\/compuviper.mx\/tienda\/?s={search_term_string}\"},\"query-input\":\"required name=search_term_string\"}],\"inLanguage\":\"es-MX\"},{\"@type\":\"Organization\",\"@id\":\"https:\/\/compuviper.mx\/tienda\/#organization\",\"name\":\"Compuviper\",\"url\":\"https:\/\/compuviper.mx\/tienda\/\",\"logo\":{\"@type\":\"ImageObject\",\"inLanguage\":\"es-MX\",\"@id\":\"https:\/\/compuviper.mx\/tienda\/#\/schema\/logo\/image\/\",\"url\":\"https:\/\/compuviper.mx\/tienda\/wp-content\/uploads\/2021\/08\/Logo-Compuviper-10.png\",\"contentUrl\":\"https:\/\/compuviper.mx\/tienda\/wp-content\/uploads\/2021\/08\/Logo-Compuviper-10.png\",\"width\":1000,\"height\":500,\"caption\":\"Compuviper\"},\"image\":{\"@id\":\"https:\/\/compuviper.mx\/tienda\/#\/schema\/logo\/image\/\"},\"sameAs\":[\"https:\/\/www.facebook.com\/compuviper\",\"https:\/\/www.youtube.com\/channel\/UCf73dERp9Y3cfOq7q8BhLjA?view_as=subscriber\"]}]}<\/script>\n<meta property=\"product:brand\" content=\"KINGSTON\" \/>\n<meta property=\"product:price:amount\" content=\"6714\" \/>\n<meta property=\"product:price:currency\" content=\"MXN\" \/>\n<meta property=\"og:availability\" content=\"instock\" \/>\n<meta property=\"product:availability\" content=\"instock\" \/>\n<meta property=\"product:retailer_item_id\" content=\"SEDC600M\/960G\" \/>\n<meta property=\"product:condition\" content=\"new\" \/>\n<!-- \/ Yoast SEO plugin. -->","yoast_head_json":{"title":"[ Kingston ] &#129351; Sedc600m\/960g Unidad De Estado Solido Ssd Dc600m 960gb Enterprice Sata 2.5 Lect.560\/escr.470mbs Para Servidor","description":"Compra Sedc600m\/960g Unidad De Estado Solido Ssd Dc600m 960gb Enterprice Sata 2.5 Lect.560\/escr.470mbs Para Servidor + Env\u00edo a domicilio + Pago seguro + Garant\u00eda","robots":{"index":"index","follow":"follow","max-snippet":"max-snippet:-1","max-image-preview":"max-image-preview:large","max-video-preview":"max-video-preview:-1"},"canonical":"https:\/\/compuviper.mx\/tienda\/producto\/kingston-sedc600m-960g-unidad-de-estado-solido-ssd-dc600m-960gb-enterprice-sata-2-5-lect-560-escr-470mbs-para-servidor\/","og_locale":"es_MX","og_type":"article","og_title":"[ Kingston ] &#129351; Sedc600m\/960g Unidad De Estado Solido Ssd Dc600m 960gb Enterprice Sata 2.5 Lect.560\/escr.470mbs Para Servidor","og_description":"Compra Sedc600m\/960g Unidad De Estado Solido Ssd Dc600m 960gb Enterprice Sata 2.5 Lect.560\/escr.470mbs Para Servidor + Env\u00edo a domicilio + Pago seguro + Garant\u00eda","og_url":"https:\/\/compuviper.mx\/tienda\/producto\/kingston-sedc600m-960g-unidad-de-estado-solido-ssd-dc600m-960gb-enterprice-sata-2-5-lect-560-escr-470mbs-para-servidor\/","og_site_name":"Compuviper","article_publisher":"https:\/\/www.facebook.com\/compuviper","article_modified_time":"2026-04-03T06:00:12+00:00","og_image":[{"width":200,"height":200,"url":"https:\/\/compuviper.mx\/tienda\/wp-content\/uploads\/2026\/01\/Unidad-de-estado-solido-ssd-kingston-dc600m-960gb-enterprice-sata-2.5-lect.560escr.470mbs-para-servidor-sedc600m960g.jpg","type":"image\/jpeg"}],"twitter_card":"summary_large_image","twitter_misc":{"Precio":"&#36;6,714 con IVA","Availability":"In stock"},"schema":{"@context":"https:\/\/schema.org","@graph":[{"@type":"WebPage","@id":"https:\/\/compuviper.mx\/tienda\/producto\/kingston-sedc600m-960g-unidad-de-estado-solido-ssd-dc600m-960gb-enterprice-sata-2-5-lect-560-escr-470mbs-para-servidor\/","url":"https:\/\/compuviper.mx\/tienda\/producto\/kingston-sedc600m-960g-unidad-de-estado-solido-ssd-dc600m-960gb-enterprice-sata-2-5-lect-560-escr-470mbs-para-servidor\/","name":"[ Kingston ] &#129351; Sedc600m\/960g Unidad De Estado Solido Ssd Dc600m 960gb Enterprice Sata 2.5 Lect.560\/escr.470mbs Para Servidor","isPartOf":{"@id":"https:\/\/compuviper.mx\/tienda\/#website"},"datePublished":"2026-04-02T06:38:34+00:00","dateModified":"2026-04-03T06:00:12+00:00","description":"Compra Sedc600m\/960g Unidad De Estado Solido Ssd Dc600m 960gb Enterprice Sata 2.5 Lect.560\/escr.470mbs Para Servidor + Env\u00edo a domicilio + Pago seguro + Garant\u00eda","breadcrumb":{"@id":"https:\/\/compuviper.mx\/tienda\/producto\/kingston-sedc600m-960g-unidad-de-estado-solido-ssd-dc600m-960gb-enterprice-sata-2-5-lect-560-escr-470mbs-para-servidor\/#breadcrumb"},"inLanguage":"es-MX","potentialAction":[{"@type":"ReadAction","target":["https:\/\/compuviper.mx\/tienda\/producto\/kingston-sedc600m-960g-unidad-de-estado-solido-ssd-dc600m-960gb-enterprice-sata-2-5-lect-560-escr-470mbs-para-servidor\/"]}]},{"@type":"BreadcrumbList","@id":"https:\/\/compuviper.mx\/tienda\/producto\/kingston-sedc600m-960g-unidad-de-estado-solido-ssd-dc600m-960gb-enterprice-sata-2-5-lect-560-escr-470mbs-para-servidor\/#breadcrumb","itemListElement":[{"@type":"ListItem","position":1,"name":"Inicio","item":"https:\/\/compuviper.mx\/tienda\/"},{"@type":"ListItem","position":2,"name":"Productos","item":"https:\/\/compuviper.mx\/tienda\/productos\/"},{"@type":"ListItem","position":3,"name":"Discos Duros","item":"https:\/\/compuviper.mx\/tienda\/categoria-producto\/discos-duros\/"},{"@type":"ListItem","position":4,"name":"Unidad De Estado Solido","item":"https:\/\/compuviper.mx\/tienda\/categoria-producto\/discos-duros\/unidad-de-estado-solido\/"},{"@type":"ListItem","position":5,"name":"Kingston Sedc600m\/960g Unidad De Estado Solido Ssd Dc600m 960gb Enterprice Sata 2.5 Lect.560\/escr.470mbs Para Servidor"}]},{"@type":"WebSite","@id":"https:\/\/compuviper.mx\/tienda\/#website","url":"https:\/\/compuviper.mx\/tienda\/","name":"Compuviper","description":"Proveedor de Computadoras, Laptops, Servidores, Monitores, Puntos de Venta, Teclados,   Impresoras, T\u00f3ner, C\u00e1maras de Seguridad y m\u00e1s en tu tienda en l\u00ednea","publisher":{"@id":"https:\/\/compuviper.mx\/tienda\/#organization"},"potentialAction":[{"@type":"SearchAction","target":{"@type":"EntryPoint","urlTemplate":"https:\/\/compuviper.mx\/tienda\/?s={search_term_string}"},"query-input":"required name=search_term_string"}],"inLanguage":"es-MX"},{"@type":"Organization","@id":"https:\/\/compuviper.mx\/tienda\/#organization","name":"Compuviper","url":"https:\/\/compuviper.mx\/tienda\/","logo":{"@type":"ImageObject","inLanguage":"es-MX","@id":"https:\/\/compuviper.mx\/tienda\/#\/schema\/logo\/image\/","url":"https:\/\/compuviper.mx\/tienda\/wp-content\/uploads\/2021\/08\/Logo-Compuviper-10.png","contentUrl":"https:\/\/compuviper.mx\/tienda\/wp-content\/uploads\/2021\/08\/Logo-Compuviper-10.png","width":1000,"height":500,"caption":"Compuviper"},"image":{"@id":"https:\/\/compuviper.mx\/tienda\/#\/schema\/logo\/image\/"},"sameAs":["https:\/\/www.facebook.com\/compuviper","https:\/\/www.youtube.com\/channel\/UCf73dERp9Y3cfOq7q8BhLjA?view_as=subscriber"]}]},"product_brand":"KINGSTON","product_price_amount":"6714","product_price_currency":"MXN","og_availability":"instock","product_availability":"instock","product_retailer_item_id":"SEDC600M\/960G","product_condition":"new"},"_links":{"self":[{"href":"https:\/\/compuviper.mx\/tienda\/wp-json\/wp\/v2\/product\/265423"}],"collection":[{"href":"https:\/\/compuviper.mx\/tienda\/wp-json\/wp\/v2\/product"}],"about":[{"href":"https:\/\/compuviper.mx\/tienda\/wp-json\/wp\/v2\/types\/product"}],"replies":[{"embeddable":true,"href":"https:\/\/compuviper.mx\/tienda\/wp-json\/wp\/v2\/comments?post=265423"}],"wp:featuredmedia":[{"embeddable":true,"href":"https:\/\/compuviper.mx\/tienda\/wp-json\/wp\/v2\/media\/265424"}],"wp:attachment":[{"href":"https:\/\/compuviper.mx\/tienda\/wp-json\/wp\/v2\/media?parent=265423"}],"wp:term":[{"taxonomy":"product_cat","embeddable":true,"href":"https:\/\/compuviper.mx\/tienda\/wp-json\/wp\/v2\/product_cat?post=265423"},{"taxonomy":"product_tag","embeddable":true,"href":"https:\/\/compuviper.mx\/tienda\/wp-json\/wp\/v2\/product_tag?post=265423"}],"curies":[{"name":"wp","href":"https:\/\/api.w.org\/{rel}","templated":true}]}}