{"id":265404,"date":"2026-05-01T01:55:34","date_gmt":"2026-05-01T07:55:34","guid":{"rendered":"https:\/\/compuviper.mx\/tienda\/producto\/lenovo-7dgd1003la-servidor-thinksystem-sr650-v4-2u-xeon-6505p-12c-150w-2-2ghz-1x32gb-6400mhz-s-d-2u-8x2-5-sas-sata-bp-1gb-rj45-2x800wp-3yr-wty-9x5\/"},"modified":"2026-05-01T01:55:34","modified_gmt":"2026-05-01T07:55:34","slug":"lenovo-7dgd1003la1p7dgd1003la-servidor-thinksystem-sr650-v4-2u-xeon-6505p-12c-150w-2-2ghz-1x32gb-6400mhz-s-d-2u-8x2-5-sas-sata-bp-1gb-rj45-2x800wp-3yr-wty-9x5","status":"publish","type":"product","link":"https:\/\/compuviper.mx\/tienda\/producto\/lenovo-7dgd1003la1p7dgd1003la-servidor-thinksystem-sr650-v4-2u-xeon-6505p-12c-150w-2-2ghz-1x32gb-6400mhz-s-d-2u-8x2-5-sas-sata-bp-1gb-rj45-2x800wp-3yr-wty-9x5\/","title":{"rendered":"Lenovo 7dgd1003la,1p7dgd1003la Servidor  Thinksystem Sr650 V4  2u \/ Xeon 6505p 12c 150w 2.2ghz \/ 1x32gb 6400mhz \/ S.d. 2u 8&#215;2.5 Sas\/sata Bp \/ 1gb, Rj45 \/ 2x800wp \/ 3yr Wty 9&#215;5"},"content":{"rendered":"<table class=\"descripcion\">\n<tr>\n<td>Procesador: xeon 6505p 12c 150w 2.2ghz<\/td>\n<\/tr>\n<tr>\n<td>Ram: 1x32gb 2rx8 6400mhz<\/td>\n<\/tr>\n<tr>\n<td>Raid: raid 940-8i 4gb flash<\/td>\n<\/tr>\n<tr>\n<td>Bahias: 2u v4 8&#215;2.5 sas\/sata bp<\/td>\n<\/tr>\n<tr>\n<td>Power supply: 2x800wp ac psu crps v1.5<\/td>\n<\/tr>\n<tr>\n<td>Fan: 5x 2u 6056 20k performance fan module<\/td>\n<\/tr>\n<tr>\n<td>Thinksystem sr650 v4 &#8211; 3yr wty 9&#215;5<\/td>\n<\/tr>\n<\/table>\n","protected":false},"excerpt":{"rendered":"<p>Procesador: xeon 6505p 12c 150w 2.2ghz Ram: 1x32gb 2rx8 6400mhz Raid: raid 940-8i 4gb flash Bahias: 2u v4 8&#215;2.5 sas\/sata bp Power supply: 2x800wp ac psu crps v1.5 Fan: 5x 2u 6056 20k performance fan module Thinksystem sr650 v4 &#8211; 3yr wty 9&#215;5<\/p>\n","protected":false},"featured_media":0,"comment_status":"open","ping_status":"open","template":"","meta":[],"product_cat":[1808,1809],"product_tag":[1578],"acf":[],"yoast_head":"<!-- This site is optimized with the Yoast SEO plugin v21.7 - https:\/\/yoast.com\/wordpress\/plugins\/seo\/ -->\n<title>[ Lenovo ] &#129351; 7dgd1003la,1p7dgd1003la Servidor Thinksystem Sr650 V4 2u \/ Xeon 6505p 12c 150w 2.2ghz \/ 1x32gb 6400mhz \/ S.d. 2u 8x2.5 Sas\/sata Bp \/ 1gb, Rj45 \/ 2x800wp \/ 3yr Wty 9x5<\/title>\n<meta name=\"description\" content=\"Compra 7dgd1003la,1p7dgd1003la Servidor Thinksystem Sr650 V4 2u \/ Xeon 6505p 12c 150w 2.2ghz \/ 1x32gb 6400mhz \/ S.d. 2u 8x2.5 Sas\/sata Bp \/ 1gb, Rj45 \/ 2x800wp \/ 3yr Wty 9x5 + Env\u00edo a domicilio + Pago seguro + Garant\u00eda\" \/>\n<meta name=\"robots\" content=\"index, follow, max-snippet:-1, max-image-preview:large, max-video-preview:-1\" \/>\n<link rel=\"canonical\" href=\"https:\/\/compuviper.mx\/tienda\/producto\/lenovo-7dgd1003la1p7dgd1003la-servidor-thinksystem-sr650-v4-2u-xeon-6505p-12c-150w-2-2ghz-1x32gb-6400mhz-s-d-2u-8x2-5-sas-sata-bp-1gb-rj45-2x800wp-3yr-wty-9x5\/\" \/>\n<meta property=\"og:locale\" content=\"es_MX\" \/>\n<meta property=\"og:type\" content=\"article\" \/>\n<meta property=\"og:title\" content=\"[ Lenovo ] &#129351; 7dgd1003la,1p7dgd1003la Servidor Thinksystem Sr650 V4 2u \/ Xeon 6505p 12c 150w 2.2ghz \/ 1x32gb 6400mhz \/ S.d. 2u 8x2.5 Sas\/sata Bp \/ 1gb, Rj45 \/ 2x800wp \/ 3yr Wty 9x5\" \/>\n<meta property=\"og:description\" content=\"Compra 7dgd1003la,1p7dgd1003la Servidor Thinksystem Sr650 V4 2u \/ Xeon 6505p 12c 150w 2.2ghz \/ 1x32gb 6400mhz \/ S.d. 2u 8x2.5 Sas\/sata Bp \/ 1gb, Rj45 \/ 2x800wp \/ 3yr Wty 9x5 + Env\u00edo a domicilio + Pago seguro + Garant\u00eda\" \/>\n<meta property=\"og:url\" content=\"https:\/\/compuviper.mx\/tienda\/producto\/lenovo-7dgd1003la1p7dgd1003la-servidor-thinksystem-sr650-v4-2u-xeon-6505p-12c-150w-2-2ghz-1x32gb-6400mhz-s-d-2u-8x2-5-sas-sata-bp-1gb-rj45-2x800wp-3yr-wty-9x5\/\" \/>\n<meta property=\"og:site_name\" content=\"Compuviper\" \/>\n<meta property=\"article:publisher\" content=\"https:\/\/www.facebook.com\/compuviper\" \/>\n<meta name=\"twitter:card\" content=\"summary_large_image\" \/>\n<meta name=\"twitter:label1\" content=\"Precio\" \/>\n\t<meta name=\"twitter:data1\" content=\"&#36;128,822 con IVA\" \/>\n\t<meta name=\"twitter:label2\" content=\"Availability\" \/>\n\t<meta name=\"twitter:data2\" content=\"In stock\" \/>\n<script type=\"application\/ld+json\" class=\"yoast-schema-graph\">{\"@context\":\"https:\/\/schema.org\",\"@graph\":[{\"@type\":\"WebPage\",\"@id\":\"https:\/\/compuviper.mx\/tienda\/producto\/lenovo-7dgd1003la1p7dgd1003la-servidor-thinksystem-sr650-v4-2u-xeon-6505p-12c-150w-2-2ghz-1x32gb-6400mhz-s-d-2u-8x2-5-sas-sata-bp-1gb-rj45-2x800wp-3yr-wty-9x5\/\",\"url\":\"https:\/\/compuviper.mx\/tienda\/producto\/lenovo-7dgd1003la1p7dgd1003la-servidor-thinksystem-sr650-v4-2u-xeon-6505p-12c-150w-2-2ghz-1x32gb-6400mhz-s-d-2u-8x2-5-sas-sata-bp-1gb-rj45-2x800wp-3yr-wty-9x5\/\",\"name\":\"[ Lenovo ] &#129351; 7dgd1003la,1p7dgd1003la Servidor Thinksystem Sr650 V4 2u \/ Xeon 6505p 12c 150w 2.2ghz \/ 1x32gb 6400mhz \/ S.d. 2u 8x2.5 Sas\/sata Bp \/ 1gb, Rj45 \/ 2x800wp \/ 3yr Wty 9x5\",\"isPartOf\":{\"@id\":\"https:\/\/compuviper.mx\/tienda\/#website\"},\"datePublished\":\"2026-05-01T07:55:34+00:00\",\"dateModified\":\"2026-05-01T07:55:34+00:00\",\"description\":\"Compra 7dgd1003la,1p7dgd1003la Servidor Thinksystem Sr650 V4 2u \/ Xeon 6505p 12c 150w 2.2ghz \/ 1x32gb 6400mhz \/ S.d. 2u 8x2.5 Sas\/sata Bp \/ 1gb, Rj45 \/ 2x800wp \/ 3yr Wty 9x5 + Env\u00edo a domicilio + Pago seguro + Garant\u00eda\",\"breadcrumb\":{\"@id\":\"https:\/\/compuviper.mx\/tienda\/producto\/lenovo-7dgd1003la1p7dgd1003la-servidor-thinksystem-sr650-v4-2u-xeon-6505p-12c-150w-2-2ghz-1x32gb-6400mhz-s-d-2u-8x2-5-sas-sata-bp-1gb-rj45-2x800wp-3yr-wty-9x5\/#breadcrumb\"},\"inLanguage\":\"es-MX\",\"potentialAction\":[{\"@type\":\"ReadAction\",\"target\":[\"https:\/\/compuviper.mx\/tienda\/producto\/lenovo-7dgd1003la1p7dgd1003la-servidor-thinksystem-sr650-v4-2u-xeon-6505p-12c-150w-2-2ghz-1x32gb-6400mhz-s-d-2u-8x2-5-sas-sata-bp-1gb-rj45-2x800wp-3yr-wty-9x5\/\"]}]},{\"@type\":\"BreadcrumbList\",\"@id\":\"https:\/\/compuviper.mx\/tienda\/producto\/lenovo-7dgd1003la1p7dgd1003la-servidor-thinksystem-sr650-v4-2u-xeon-6505p-12c-150w-2-2ghz-1x32gb-6400mhz-s-d-2u-8x2-5-sas-sata-bp-1gb-rj45-2x800wp-3yr-wty-9x5\/#breadcrumb\",\"itemListElement\":[{\"@type\":\"ListItem\",\"position\":1,\"name\":\"Inicio\",\"item\":\"https:\/\/compuviper.mx\/tienda\/\"},{\"@type\":\"ListItem\",\"position\":2,\"name\":\"Productos\",\"item\":\"https:\/\/compuviper.mx\/tienda\/productos\/\"},{\"@type\":\"ListItem\",\"position\":3,\"name\":\"Servidores\",\"item\":\"https:\/\/compuviper.mx\/tienda\/categoria-producto\/servidores-2\/\"},{\"@type\":\"ListItem\",\"position\":4,\"name\":\"Rack (dl)\",\"item\":\"https:\/\/compuviper.mx\/tienda\/categoria-producto\/servidores-2\/rack-dl\/\"},{\"@type\":\"ListItem\",\"position\":5,\"name\":\"Lenovo 7dgd1003la,1p7dgd1003la Servidor Thinksystem Sr650 V4 2u \/ Xeon 6505p 12c 150w 2.2ghz \/ 1x32gb 6400mhz \/ S.d. 2u 8&#215;2.5 Sas\/sata Bp \/ 1gb, Rj45 \/ 2x800wp \/ 3yr Wty 9&#215;5\"}]},{\"@type\":\"WebSite\",\"@id\":\"https:\/\/compuviper.mx\/tienda\/#website\",\"url\":\"https:\/\/compuviper.mx\/tienda\/\",\"name\":\"Compuviper\",\"description\":\"Proveedor de Computadoras, Laptops, Servidores, Monitores, Puntos de Venta, Teclados,   Impresoras, T\u00f3ner, C\u00e1maras de Seguridad y m\u00e1s en tu tienda en l\u00ednea\",\"publisher\":{\"@id\":\"https:\/\/compuviper.mx\/tienda\/#organization\"},\"potentialAction\":[{\"@type\":\"SearchAction\",\"target\":{\"@type\":\"EntryPoint\",\"urlTemplate\":\"https:\/\/compuviper.mx\/tienda\/?s={search_term_string}\"},\"query-input\":\"required name=search_term_string\"}],\"inLanguage\":\"es-MX\"},{\"@type\":\"Organization\",\"@id\":\"https:\/\/compuviper.mx\/tienda\/#organization\",\"name\":\"Compuviper\",\"url\":\"https:\/\/compuviper.mx\/tienda\/\",\"logo\":{\"@type\":\"ImageObject\",\"inLanguage\":\"es-MX\",\"@id\":\"https:\/\/compuviper.mx\/tienda\/#\/schema\/logo\/image\/\",\"url\":\"https:\/\/compuviper.mx\/tienda\/wp-content\/uploads\/2021\/08\/Logo-Compuviper-10.png\",\"contentUrl\":\"https:\/\/compuviper.mx\/tienda\/wp-content\/uploads\/2021\/08\/Logo-Compuviper-10.png\",\"width\":1000,\"height\":500,\"caption\":\"Compuviper\"},\"image\":{\"@id\":\"https:\/\/compuviper.mx\/tienda\/#\/schema\/logo\/image\/\"},\"sameAs\":[\"https:\/\/www.facebook.com\/compuviper\",\"https:\/\/www.youtube.com\/channel\/UCf73dERp9Y3cfOq7q8BhLjA?view_as=subscriber\"]}]}<\/script>\n<meta property=\"product:brand\" content=\"LENOVO\" \/>\n<meta property=\"product:price:amount\" content=\"128822\" \/>\n<meta property=\"product:price:currency\" content=\"MXN\" \/>\n<meta property=\"og:availability\" content=\"instock\" \/>\n<meta property=\"product:availability\" content=\"instock\" \/>\n<meta property=\"product:retailer_item_id\" content=\"7DGD1003LA,1P7DGD1003LA\" \/>\n<meta property=\"product:condition\" content=\"new\" \/>\n<!-- \/ Yoast SEO plugin. -->","yoast_head_json":{"title":"[ Lenovo ] &#129351; 7dgd1003la,1p7dgd1003la Servidor Thinksystem Sr650 V4 2u \/ Xeon 6505p 12c 150w 2.2ghz \/ 1x32gb 6400mhz \/ S.d. 2u 8x2.5 Sas\/sata Bp \/ 1gb, Rj45 \/ 2x800wp \/ 3yr Wty 9x5","description":"Compra 7dgd1003la,1p7dgd1003la Servidor Thinksystem Sr650 V4 2u \/ Xeon 6505p 12c 150w 2.2ghz \/ 1x32gb 6400mhz \/ S.d. 2u 8x2.5 Sas\/sata Bp \/ 1gb, Rj45 \/ 2x800wp \/ 3yr Wty 9x5 + Env\u00edo a domicilio + Pago seguro + Garant\u00eda","robots":{"index":"index","follow":"follow","max-snippet":"max-snippet:-1","max-image-preview":"max-image-preview:large","max-video-preview":"max-video-preview:-1"},"canonical":"https:\/\/compuviper.mx\/tienda\/producto\/lenovo-7dgd1003la1p7dgd1003la-servidor-thinksystem-sr650-v4-2u-xeon-6505p-12c-150w-2-2ghz-1x32gb-6400mhz-s-d-2u-8x2-5-sas-sata-bp-1gb-rj45-2x800wp-3yr-wty-9x5\/","og_locale":"es_MX","og_type":"article","og_title":"[ Lenovo ] &#129351; 7dgd1003la,1p7dgd1003la Servidor Thinksystem Sr650 V4 2u \/ Xeon 6505p 12c 150w 2.2ghz \/ 1x32gb 6400mhz \/ S.d. 2u 8x2.5 Sas\/sata Bp \/ 1gb, Rj45 \/ 2x800wp \/ 3yr Wty 9x5","og_description":"Compra 7dgd1003la,1p7dgd1003la Servidor Thinksystem Sr650 V4 2u \/ Xeon 6505p 12c 150w 2.2ghz \/ 1x32gb 6400mhz \/ S.d. 2u 8x2.5 Sas\/sata Bp \/ 1gb, Rj45 \/ 2x800wp \/ 3yr Wty 9x5 + Env\u00edo a domicilio + Pago seguro + Garant\u00eda","og_url":"https:\/\/compuviper.mx\/tienda\/producto\/lenovo-7dgd1003la1p7dgd1003la-servidor-thinksystem-sr650-v4-2u-xeon-6505p-12c-150w-2-2ghz-1x32gb-6400mhz-s-d-2u-8x2-5-sas-sata-bp-1gb-rj45-2x800wp-3yr-wty-9x5\/","og_site_name":"Compuviper","article_publisher":"https:\/\/www.facebook.com\/compuviper","twitter_card":"summary_large_image","twitter_misc":{"Precio":"&#36;128,822 con IVA","Availability":"In stock"},"schema":{"@context":"https:\/\/schema.org","@graph":[{"@type":"WebPage","@id":"https:\/\/compuviper.mx\/tienda\/producto\/lenovo-7dgd1003la1p7dgd1003la-servidor-thinksystem-sr650-v4-2u-xeon-6505p-12c-150w-2-2ghz-1x32gb-6400mhz-s-d-2u-8x2-5-sas-sata-bp-1gb-rj45-2x800wp-3yr-wty-9x5\/","url":"https:\/\/compuviper.mx\/tienda\/producto\/lenovo-7dgd1003la1p7dgd1003la-servidor-thinksystem-sr650-v4-2u-xeon-6505p-12c-150w-2-2ghz-1x32gb-6400mhz-s-d-2u-8x2-5-sas-sata-bp-1gb-rj45-2x800wp-3yr-wty-9x5\/","name":"[ Lenovo ] &#129351; 7dgd1003la,1p7dgd1003la Servidor Thinksystem Sr650 V4 2u \/ Xeon 6505p 12c 150w 2.2ghz \/ 1x32gb 6400mhz \/ S.d. 2u 8x2.5 Sas\/sata Bp \/ 1gb, Rj45 \/ 2x800wp \/ 3yr Wty 9x5","isPartOf":{"@id":"https:\/\/compuviper.mx\/tienda\/#website"},"datePublished":"2026-05-01T07:55:34+00:00","dateModified":"2026-05-01T07:55:34+00:00","description":"Compra 7dgd1003la,1p7dgd1003la Servidor Thinksystem Sr650 V4 2u \/ Xeon 6505p 12c 150w 2.2ghz \/ 1x32gb 6400mhz \/ S.d. 2u 8x2.5 Sas\/sata Bp \/ 1gb, Rj45 \/ 2x800wp \/ 3yr Wty 9x5 + Env\u00edo a domicilio + Pago seguro + Garant\u00eda","breadcrumb":{"@id":"https:\/\/compuviper.mx\/tienda\/producto\/lenovo-7dgd1003la1p7dgd1003la-servidor-thinksystem-sr650-v4-2u-xeon-6505p-12c-150w-2-2ghz-1x32gb-6400mhz-s-d-2u-8x2-5-sas-sata-bp-1gb-rj45-2x800wp-3yr-wty-9x5\/#breadcrumb"},"inLanguage":"es-MX","potentialAction":[{"@type":"ReadAction","target":["https:\/\/compuviper.mx\/tienda\/producto\/lenovo-7dgd1003la1p7dgd1003la-servidor-thinksystem-sr650-v4-2u-xeon-6505p-12c-150w-2-2ghz-1x32gb-6400mhz-s-d-2u-8x2-5-sas-sata-bp-1gb-rj45-2x800wp-3yr-wty-9x5\/"]}]},{"@type":"BreadcrumbList","@id":"https:\/\/compuviper.mx\/tienda\/producto\/lenovo-7dgd1003la1p7dgd1003la-servidor-thinksystem-sr650-v4-2u-xeon-6505p-12c-150w-2-2ghz-1x32gb-6400mhz-s-d-2u-8x2-5-sas-sata-bp-1gb-rj45-2x800wp-3yr-wty-9x5\/#breadcrumb","itemListElement":[{"@type":"ListItem","position":1,"name":"Inicio","item":"https:\/\/compuviper.mx\/tienda\/"},{"@type":"ListItem","position":2,"name":"Productos","item":"https:\/\/compuviper.mx\/tienda\/productos\/"},{"@type":"ListItem","position":3,"name":"Servidores","item":"https:\/\/compuviper.mx\/tienda\/categoria-producto\/servidores-2\/"},{"@type":"ListItem","position":4,"name":"Rack (dl)","item":"https:\/\/compuviper.mx\/tienda\/categoria-producto\/servidores-2\/rack-dl\/"},{"@type":"ListItem","position":5,"name":"Lenovo 7dgd1003la,1p7dgd1003la Servidor Thinksystem Sr650 V4 2u \/ Xeon 6505p 12c 150w 2.2ghz \/ 1x32gb 6400mhz \/ S.d. 2u 8&#215;2.5 Sas\/sata Bp \/ 1gb, Rj45 \/ 2x800wp \/ 3yr Wty 9&#215;5"}]},{"@type":"WebSite","@id":"https:\/\/compuviper.mx\/tienda\/#website","url":"https:\/\/compuviper.mx\/tienda\/","name":"Compuviper","description":"Proveedor de Computadoras, Laptops, Servidores, Monitores, Puntos de Venta, Teclados,   Impresoras, T\u00f3ner, C\u00e1maras de Seguridad y m\u00e1s en tu tienda en l\u00ednea","publisher":{"@id":"https:\/\/compuviper.mx\/tienda\/#organization"},"potentialAction":[{"@type":"SearchAction","target":{"@type":"EntryPoint","urlTemplate":"https:\/\/compuviper.mx\/tienda\/?s={search_term_string}"},"query-input":"required name=search_term_string"}],"inLanguage":"es-MX"},{"@type":"Organization","@id":"https:\/\/compuviper.mx\/tienda\/#organization","name":"Compuviper","url":"https:\/\/compuviper.mx\/tienda\/","logo":{"@type":"ImageObject","inLanguage":"es-MX","@id":"https:\/\/compuviper.mx\/tienda\/#\/schema\/logo\/image\/","url":"https:\/\/compuviper.mx\/tienda\/wp-content\/uploads\/2021\/08\/Logo-Compuviper-10.png","contentUrl":"https:\/\/compuviper.mx\/tienda\/wp-content\/uploads\/2021\/08\/Logo-Compuviper-10.png","width":1000,"height":500,"caption":"Compuviper"},"image":{"@id":"https:\/\/compuviper.mx\/tienda\/#\/schema\/logo\/image\/"},"sameAs":["https:\/\/www.facebook.com\/compuviper","https:\/\/www.youtube.com\/channel\/UCf73dERp9Y3cfOq7q8BhLjA?view_as=subscriber"]}]},"product_brand":"LENOVO","product_price_amount":"128822","product_price_currency":"MXN","og_availability":"instock","product_availability":"instock","product_retailer_item_id":"7DGD1003LA,1P7DGD1003LA","product_condition":"new"},"_links":{"self":[{"href":"https:\/\/compuviper.mx\/tienda\/wp-json\/wp\/v2\/product\/265404"}],"collection":[{"href":"https:\/\/compuviper.mx\/tienda\/wp-json\/wp\/v2\/product"}],"about":[{"href":"https:\/\/compuviper.mx\/tienda\/wp-json\/wp\/v2\/types\/product"}],"replies":[{"embeddable":true,"href":"https:\/\/compuviper.mx\/tienda\/wp-json\/wp\/v2\/comments?post=265404"}],"wp:attachment":[{"href":"https:\/\/compuviper.mx\/tienda\/wp-json\/wp\/v2\/media?parent=265404"}],"wp:term":[{"taxonomy":"product_cat","embeddable":true,"href":"https:\/\/compuviper.mx\/tienda\/wp-json\/wp\/v2\/product_cat?post=265404"},{"taxonomy":"product_tag","embeddable":true,"href":"https:\/\/compuviper.mx\/tienda\/wp-json\/wp\/v2\/product_tag?post=265404"}],"curies":[{"name":"wp","href":"https:\/\/api.w.org\/{rel}","templated":true}]}}