{"id":265402,"date":"2026-04-02T01:54:37","date_gmt":"2026-04-02T07:54:37","guid":{"rendered":"https:\/\/compuviper.mx\/tienda\/producto\/lenovo-4x77a99752-memoria-thinksystem-32gb-truddr5-5600mhz-2rx8-ecc-udimm\/"},"modified":"2026-04-02T01:54:37","modified_gmt":"2026-04-02T07:54:37","slug":"lenovo-4x77a99752-memoria-thinksystem-32gb-truddr5-5600mhz-2rx8-ecc-udimm","status":"publish","type":"product","link":"https:\/\/compuviper.mx\/tienda\/producto\/lenovo-4x77a99752-memoria-thinksystem-32gb-truddr5-5600mhz-2rx8-ecc-udimm\/","title":{"rendered":"Lenovo 4x77a99752 Memoria  Thinksystem 32gb Truddr5 5600mhz (2rx8) Ecc Udimm"},"content":{"rendered":"<table class=\"descripcion\">\n<tr>\n<td>Capacidad 32 gb<\/td>\n<\/tr>\n<tr>\n<td>Tecnolog\u00eda de memoria ddr5 sdram<\/td>\n<\/tr>\n<tr>\n<td>Velocidad de reloj 5600 mhz (pc5-44800)<\/td>\n<\/tr>\n<tr>\n<td>Latencia cas cl40 (aplicada)<\/td>\n<\/tr>\n<tr>\n<td>Correcci\u00f3n de errores ecc (error-correcting code)<\/td>\n<\/tr>\n<tr>\n<td>Buffered \/ registered no registrada \/ unbuffered (udimm)<\/td>\n<\/tr>\n<tr>\n<td>Rank 2rx8 (doble fila)<\/td>\n<\/tr>\n<tr>\n<td>Formato \/ factor de forma dimm de 288 pines<\/td>\n<\/tr>\n<tr>\n<td>Compatibilidad t\u00edpica servidores lenovo thinksystem (ej. sr250 v3, st250 v3, st50 v3)<\/td>\n<\/tr>\n<\/table>\n","protected":false},"excerpt":{"rendered":"<p>El m\u00f3dulo de memoria ecc lenovo 4x77a99752 es una ram ddr5 de 32 gb para servidores, dise\u00f1ada para aplicaciones de alto rendimiento y fiabilidad (correcci\u00f3n de errores ecc). Tiene un formato dimm de 288 pines, opera a 5600 mhz y es no registrada (unbuffered), ideal para plataformas lenovo thinksystem que soportan m\u00f3dulos truddr5 de alta velocidad<\/p>\n","protected":false},"featured_media":0,"comment_status":"open","ping_status":"open","template":"","meta":[],"product_cat":[1797,1793],"product_tag":[1578],"acf":[],"yoast_head":"<!-- This site is optimized with the Yoast SEO plugin v21.7 - https:\/\/yoast.com\/wordpress\/plugins\/seo\/ -->\n<title>[ Lenovo ] &#129351; 4x77a99752 Memoria Thinksystem 32gb Truddr5 5600mhz (2rx8) Ecc Udimm<\/title>\n<meta name=\"description\" content=\"Compra 4x77a99752 Memoria Thinksystem 32gb Truddr5 5600mhz (2rx8) Ecc Udimm + Env\u00edo a domicilio + Pago seguro + Garant\u00eda\" \/>\n<meta name=\"robots\" content=\"index, follow, max-snippet:-1, max-image-preview:large, max-video-preview:-1\" \/>\n<link rel=\"canonical\" href=\"https:\/\/compuviper.mx\/tienda\/producto\/lenovo-4x77a99752-memoria-thinksystem-32gb-truddr5-5600mhz-2rx8-ecc-udimm\/\" \/>\n<meta property=\"og:locale\" content=\"es_MX\" \/>\n<meta property=\"og:type\" content=\"article\" \/>\n<meta property=\"og:title\" content=\"[ Lenovo ] &#129351; 4x77a99752 Memoria Thinksystem 32gb Truddr5 5600mhz (2rx8) Ecc Udimm\" \/>\n<meta property=\"og:description\" content=\"Compra 4x77a99752 Memoria Thinksystem 32gb Truddr5 5600mhz (2rx8) Ecc Udimm + Env\u00edo a domicilio + Pago seguro + Garant\u00eda\" \/>\n<meta property=\"og:url\" content=\"https:\/\/compuviper.mx\/tienda\/producto\/lenovo-4x77a99752-memoria-thinksystem-32gb-truddr5-5600mhz-2rx8-ecc-udimm\/\" \/>\n<meta property=\"og:site_name\" content=\"Compuviper\" \/>\n<meta property=\"article:publisher\" content=\"https:\/\/www.facebook.com\/compuviper\" \/>\n<meta name=\"twitter:card\" content=\"summary_large_image\" \/>\n<meta name=\"twitter:label1\" content=\"Precio\" \/>\n\t<meta name=\"twitter:data1\" content=\"&#36;40,884 con IVA\" \/>\n\t<meta name=\"twitter:label2\" content=\"Availability\" \/>\n\t<meta name=\"twitter:data2\" content=\"Out of stock\" \/>\n<script type=\"application\/ld+json\" class=\"yoast-schema-graph\">{\"@context\":\"https:\/\/schema.org\",\"@graph\":[{\"@type\":\"WebPage\",\"@id\":\"https:\/\/compuviper.mx\/tienda\/producto\/lenovo-4x77a99752-memoria-thinksystem-32gb-truddr5-5600mhz-2rx8-ecc-udimm\/\",\"url\":\"https:\/\/compuviper.mx\/tienda\/producto\/lenovo-4x77a99752-memoria-thinksystem-32gb-truddr5-5600mhz-2rx8-ecc-udimm\/\",\"name\":\"[ Lenovo ] &#129351; 4x77a99752 Memoria Thinksystem 32gb Truddr5 5600mhz (2rx8) Ecc Udimm\",\"isPartOf\":{\"@id\":\"https:\/\/compuviper.mx\/tienda\/#website\"},\"datePublished\":\"2026-04-02T07:54:37+00:00\",\"dateModified\":\"2026-04-02T07:54:37+00:00\",\"description\":\"Compra 4x77a99752 Memoria Thinksystem 32gb Truddr5 5600mhz (2rx8) Ecc Udimm + Env\u00edo a domicilio + Pago seguro + Garant\u00eda\",\"breadcrumb\":{\"@id\":\"https:\/\/compuviper.mx\/tienda\/producto\/lenovo-4x77a99752-memoria-thinksystem-32gb-truddr5-5600mhz-2rx8-ecc-udimm\/#breadcrumb\"},\"inLanguage\":\"es-MX\",\"potentialAction\":[{\"@type\":\"ReadAction\",\"target\":[\"https:\/\/compuviper.mx\/tienda\/producto\/lenovo-4x77a99752-memoria-thinksystem-32gb-truddr5-5600mhz-2rx8-ecc-udimm\/\"]}]},{\"@type\":\"BreadcrumbList\",\"@id\":\"https:\/\/compuviper.mx\/tienda\/producto\/lenovo-4x77a99752-memoria-thinksystem-32gb-truddr5-5600mhz-2rx8-ecc-udimm\/#breadcrumb\",\"itemListElement\":[{\"@type\":\"ListItem\",\"position\":1,\"name\":\"Inicio\",\"item\":\"https:\/\/compuviper.mx\/tienda\/\"},{\"@type\":\"ListItem\",\"position\":2,\"name\":\"Productos\",\"item\":\"https:\/\/compuviper.mx\/tienda\/productos\/\"},{\"@type\":\"ListItem\",\"position\":3,\"name\":\"Memorias\",\"item\":\"https:\/\/compuviper.mx\/tienda\/categoria-producto\/memorias\/\"},{\"@type\":\"ListItem\",\"position\":4,\"name\":\"Memoria Ram\",\"item\":\"https:\/\/compuviper.mx\/tienda\/categoria-producto\/memorias\/memoria-ram\/\"},{\"@type\":\"ListItem\",\"position\":5,\"name\":\"Lenovo 4x77a99752 Memoria Thinksystem 32gb Truddr5 5600mhz (2rx8) Ecc Udimm\"}]},{\"@type\":\"WebSite\",\"@id\":\"https:\/\/compuviper.mx\/tienda\/#website\",\"url\":\"https:\/\/compuviper.mx\/tienda\/\",\"name\":\"Compuviper\",\"description\":\"Proveedor de Computadoras, Laptops, Servidores, Monitores, Puntos de Venta, Teclados,   Impresoras, T\u00f3ner, C\u00e1maras de Seguridad y m\u00e1s en tu tienda en l\u00ednea\",\"publisher\":{\"@id\":\"https:\/\/compuviper.mx\/tienda\/#organization\"},\"potentialAction\":[{\"@type\":\"SearchAction\",\"target\":{\"@type\":\"EntryPoint\",\"urlTemplate\":\"https:\/\/compuviper.mx\/tienda\/?s={search_term_string}\"},\"query-input\":\"required name=search_term_string\"}],\"inLanguage\":\"es-MX\"},{\"@type\":\"Organization\",\"@id\":\"https:\/\/compuviper.mx\/tienda\/#organization\",\"name\":\"Compuviper\",\"url\":\"https:\/\/compuviper.mx\/tienda\/\",\"logo\":{\"@type\":\"ImageObject\",\"inLanguage\":\"es-MX\",\"@id\":\"https:\/\/compuviper.mx\/tienda\/#\/schema\/logo\/image\/\",\"url\":\"https:\/\/compuviper.mx\/tienda\/wp-content\/uploads\/2021\/08\/Logo-Compuviper-10.png\",\"contentUrl\":\"https:\/\/compuviper.mx\/tienda\/wp-content\/uploads\/2021\/08\/Logo-Compuviper-10.png\",\"width\":1000,\"height\":500,\"caption\":\"Compuviper\"},\"image\":{\"@id\":\"https:\/\/compuviper.mx\/tienda\/#\/schema\/logo\/image\/\"},\"sameAs\":[\"https:\/\/www.facebook.com\/compuviper\",\"https:\/\/www.youtube.com\/channel\/UCf73dERp9Y3cfOq7q8BhLjA?view_as=subscriber\"]}]}<\/script>\n<meta property=\"product:brand\" content=\"LENOVO\" \/>\n<meta property=\"product:price:amount\" content=\"40884\" \/>\n<meta property=\"product:price:currency\" content=\"MXN\" \/>\n<meta property=\"og:availability\" content=\"out of stock\" \/>\n<meta property=\"product:availability\" content=\"out of stock\" \/>\n<meta property=\"product:retailer_item_id\" content=\"4X77A99752\" \/>\n<meta property=\"product:condition\" content=\"new\" \/>\n<!-- \/ Yoast SEO plugin. -->","yoast_head_json":{"title":"[ Lenovo ] &#129351; 4x77a99752 Memoria Thinksystem 32gb Truddr5 5600mhz (2rx8) Ecc Udimm","description":"Compra 4x77a99752 Memoria Thinksystem 32gb Truddr5 5600mhz (2rx8) Ecc Udimm + Env\u00edo a domicilio + Pago seguro + Garant\u00eda","robots":{"index":"index","follow":"follow","max-snippet":"max-snippet:-1","max-image-preview":"max-image-preview:large","max-video-preview":"max-video-preview:-1"},"canonical":"https:\/\/compuviper.mx\/tienda\/producto\/lenovo-4x77a99752-memoria-thinksystem-32gb-truddr5-5600mhz-2rx8-ecc-udimm\/","og_locale":"es_MX","og_type":"article","og_title":"[ Lenovo ] &#129351; 4x77a99752 Memoria Thinksystem 32gb Truddr5 5600mhz (2rx8) Ecc Udimm","og_description":"Compra 4x77a99752 Memoria Thinksystem 32gb Truddr5 5600mhz (2rx8) Ecc Udimm + Env\u00edo a domicilio + Pago seguro + Garant\u00eda","og_url":"https:\/\/compuviper.mx\/tienda\/producto\/lenovo-4x77a99752-memoria-thinksystem-32gb-truddr5-5600mhz-2rx8-ecc-udimm\/","og_site_name":"Compuviper","article_publisher":"https:\/\/www.facebook.com\/compuviper","twitter_card":"summary_large_image","twitter_misc":{"Precio":"&#36;40,884 con IVA","Availability":"Out of stock"},"schema":{"@context":"https:\/\/schema.org","@graph":[{"@type":"WebPage","@id":"https:\/\/compuviper.mx\/tienda\/producto\/lenovo-4x77a99752-memoria-thinksystem-32gb-truddr5-5600mhz-2rx8-ecc-udimm\/","url":"https:\/\/compuviper.mx\/tienda\/producto\/lenovo-4x77a99752-memoria-thinksystem-32gb-truddr5-5600mhz-2rx8-ecc-udimm\/","name":"[ Lenovo ] &#129351; 4x77a99752 Memoria Thinksystem 32gb Truddr5 5600mhz (2rx8) Ecc Udimm","isPartOf":{"@id":"https:\/\/compuviper.mx\/tienda\/#website"},"datePublished":"2026-04-02T07:54:37+00:00","dateModified":"2026-04-02T07:54:37+00:00","description":"Compra 4x77a99752 Memoria Thinksystem 32gb Truddr5 5600mhz (2rx8) Ecc Udimm + Env\u00edo a domicilio + Pago seguro + Garant\u00eda","breadcrumb":{"@id":"https:\/\/compuviper.mx\/tienda\/producto\/lenovo-4x77a99752-memoria-thinksystem-32gb-truddr5-5600mhz-2rx8-ecc-udimm\/#breadcrumb"},"inLanguage":"es-MX","potentialAction":[{"@type":"ReadAction","target":["https:\/\/compuviper.mx\/tienda\/producto\/lenovo-4x77a99752-memoria-thinksystem-32gb-truddr5-5600mhz-2rx8-ecc-udimm\/"]}]},{"@type":"BreadcrumbList","@id":"https:\/\/compuviper.mx\/tienda\/producto\/lenovo-4x77a99752-memoria-thinksystem-32gb-truddr5-5600mhz-2rx8-ecc-udimm\/#breadcrumb","itemListElement":[{"@type":"ListItem","position":1,"name":"Inicio","item":"https:\/\/compuviper.mx\/tienda\/"},{"@type":"ListItem","position":2,"name":"Productos","item":"https:\/\/compuviper.mx\/tienda\/productos\/"},{"@type":"ListItem","position":3,"name":"Memorias","item":"https:\/\/compuviper.mx\/tienda\/categoria-producto\/memorias\/"},{"@type":"ListItem","position":4,"name":"Memoria Ram","item":"https:\/\/compuviper.mx\/tienda\/categoria-producto\/memorias\/memoria-ram\/"},{"@type":"ListItem","position":5,"name":"Lenovo 4x77a99752 Memoria Thinksystem 32gb Truddr5 5600mhz (2rx8) Ecc Udimm"}]},{"@type":"WebSite","@id":"https:\/\/compuviper.mx\/tienda\/#website","url":"https:\/\/compuviper.mx\/tienda\/","name":"Compuviper","description":"Proveedor de Computadoras, Laptops, Servidores, Monitores, Puntos de Venta, Teclados,   Impresoras, T\u00f3ner, C\u00e1maras de Seguridad y m\u00e1s en tu tienda en l\u00ednea","publisher":{"@id":"https:\/\/compuviper.mx\/tienda\/#organization"},"potentialAction":[{"@type":"SearchAction","target":{"@type":"EntryPoint","urlTemplate":"https:\/\/compuviper.mx\/tienda\/?s={search_term_string}"},"query-input":"required name=search_term_string"}],"inLanguage":"es-MX"},{"@type":"Organization","@id":"https:\/\/compuviper.mx\/tienda\/#organization","name":"Compuviper","url":"https:\/\/compuviper.mx\/tienda\/","logo":{"@type":"ImageObject","inLanguage":"es-MX","@id":"https:\/\/compuviper.mx\/tienda\/#\/schema\/logo\/image\/","url":"https:\/\/compuviper.mx\/tienda\/wp-content\/uploads\/2021\/08\/Logo-Compuviper-10.png","contentUrl":"https:\/\/compuviper.mx\/tienda\/wp-content\/uploads\/2021\/08\/Logo-Compuviper-10.png","width":1000,"height":500,"caption":"Compuviper"},"image":{"@id":"https:\/\/compuviper.mx\/tienda\/#\/schema\/logo\/image\/"},"sameAs":["https:\/\/www.facebook.com\/compuviper","https:\/\/www.youtube.com\/channel\/UCf73dERp9Y3cfOq7q8BhLjA?view_as=subscriber"]}]},"product_brand":"LENOVO","product_price_amount":"40884","product_price_currency":"MXN","og_availability":"out of stock","product_availability":"out of stock","product_retailer_item_id":"4X77A99752","product_condition":"new"},"_links":{"self":[{"href":"https:\/\/compuviper.mx\/tienda\/wp-json\/wp\/v2\/product\/265402"}],"collection":[{"href":"https:\/\/compuviper.mx\/tienda\/wp-json\/wp\/v2\/product"}],"about":[{"href":"https:\/\/compuviper.mx\/tienda\/wp-json\/wp\/v2\/types\/product"}],"replies":[{"embeddable":true,"href":"https:\/\/compuviper.mx\/tienda\/wp-json\/wp\/v2\/comments?post=265402"}],"wp:attachment":[{"href":"https:\/\/compuviper.mx\/tienda\/wp-json\/wp\/v2\/media?parent=265402"}],"wp:term":[{"taxonomy":"product_cat","embeddable":true,"href":"https:\/\/compuviper.mx\/tienda\/wp-json\/wp\/v2\/product_cat?post=265402"},{"taxonomy":"product_tag","embeddable":true,"href":"https:\/\/compuviper.mx\/tienda\/wp-json\/wp\/v2\/product_tag?post=265402"}],"curies":[{"name":"wp","href":"https:\/\/api.w.org\/{rel}","templated":true}]}}