{"id":265392,"date":"2026-04-11T01:47:29","date_gmt":"2026-04-11T07:47:29","guid":{"rendered":"https:\/\/compuviper.mx\/tienda\/producto\/patriot-psd432g32002s814914027233-memoria-ram-signature-sodimm-ddr4-32gb-3200mhz-cl22-pc4-25600-260pin-1-2v-laptop-aio-minipcs-psd432g32002s\/"},"modified":"2026-04-12T00:00:23","modified_gmt":"2026-04-12T06:00:23","slug":"patriot-psd432g32002s814914027233-memoria-ram-signature-sodimm-ddr4-32gb-3200mhz-cl22-pc4-25600-260pin-1-2v-laptop-aio-minipcs-psd432g32002s","status":"publish","type":"product","link":"https:\/\/compuviper.mx\/tienda\/producto\/patriot-psd432g32002s814914027233-memoria-ram-signature-sodimm-ddr4-32gb-3200mhz-cl22-pc4-25600-260pin-1-2v-laptop-aio-minipcs-psd432g32002s\/","title":{"rendered":"Patriot Psd432g32002s,814914027233 Memoria Ram  Signature Sodimm Ddr4 32gb 3200mhz Cl22 Pc4-25600 260pin 1.2v Laptop Aio Minipcs (psd432g32002s)"},"content":{"rendered":"<table class=\"descripcion\">\n<tr>\n<td>Especificaciones t\u00e9cnicas<\/td>\n<\/tr>\n<tr>\n<td>Marca   and #8206;patriot memory<\/td>\n<\/tr>\n<tr>\n<td>Fabricante   and #8206;patriot<\/td>\n<\/tr>\n<tr>\n<td>Modelo   and #8206;signature<\/td>\n<\/tr>\n<tr>\n<td>N\u00famero de parte   and #8206;psd432g32002s<\/td>\n<\/tr>\n<tr>\n<td>Tama\u00f1o de ram   and #8206;32 gb<\/td>\n<\/tr>\n<tr>\n<td>Capacidad de almacenamiento de la memoria   and #8206;32 gb<\/td>\n<\/tr>\n<tr>\n<td>Tecnolog\u00eda de la memoria ram   and #8206;ddr4<\/td>\n<\/tr>\n<tr>\n<td>Tipo de memoria del equipo   and #8206;sodimm<\/td>\n<\/tr>\n<tr>\n<td>Dispositivos compatibles   and #8206;port\u00e1til<\/td>\n<\/tr>\n<tr>\n<td>N\u00famero de productos   and #8206;1<\/td>\n<\/tr>\n<tr>\n<td>Voltaje   and #8206;1,2 voltios<\/td>\n<\/tr>\n<tr>\n<td>Vataje   and #8206;3600<\/td>\n<\/tr>\n<tr>\n<td>Bater\u00edas incluidas   and #8206;no<\/td>\n<\/tr>\n<tr>\n<td>Bater\u00edas necesarias   and #8206;no<\/td>\n<\/tr>\n<tr>\n<td>Velocidad de transferencia de datos   and #8206;12 gigabits per second<\/td>\n<\/tr>\n<tr>\n<td>Factor de forma   and #8206;so-dimm<\/td>\n<\/tr>\n<tr>\n<td>Dimensiones del producto  0,3 x 6,9 x 3 cm; 9 g<\/td>\n<\/tr>\n<tr>\n<td>Pilas  1 litio ion (tipo de pila necesaria)<\/td>\n<\/tr>\n<tr>\n<td>N\u00famero de modelo del producto  signature<\/td>\n<\/tr>\n<\/table>\n","protected":false},"excerpt":{"rendered":"<p>Especificaciones t\u00e9cnicas Marca and #8206;patriot memory Fabricante and #8206;patriot Modelo and #8206;signature N\u00famero de parte and #8206;psd432g32002s Tama\u00f1o de ram and #8206;32 gb Capacidad de almacenamiento de la memoria and #8206;32 gb Tecnolog\u00eda de la memoria ram and #8206;ddr4 Tipo de memoria del equipo and #8206;sodimm Dispositivos compatibles and #8206;port\u00e1til N\u00famero de productos and #8206;1 [&hellip;]<\/p>\n","protected":false},"featured_media":265393,"comment_status":"open","ping_status":"open","template":"","meta":[],"product_cat":[1793,1797],"product_tag":[2121],"acf":[],"yoast_head":"<!-- This site is optimized with the Yoast SEO plugin v21.7 - https:\/\/yoast.com\/wordpress\/plugins\/seo\/ -->\n<title>[ Patriot ] &#129351; Psd432g32002s,814914027233 Memoria Ram Signature Sodimm Ddr4 32gb 3200mhz Cl22 Pc4-25600 260pin 1.2v Laptop Aio Minipcs (psd432g32002s)<\/title>\n<meta name=\"description\" content=\"Compra Psd432g32002s,814914027233 Memoria Ram Signature Sodimm Ddr4 32gb 3200mhz Cl22 Pc4-25600 260pin 1.2v Laptop Aio Minipcs (psd432g32002s) + Env\u00edo a domicilio + Pago seguro + Garant\u00eda\" \/>\n<meta name=\"robots\" content=\"index, follow, max-snippet:-1, max-image-preview:large, max-video-preview:-1\" \/>\n<link rel=\"canonical\" href=\"https:\/\/compuviper.mx\/tienda\/producto\/patriot-psd432g32002s814914027233-memoria-ram-signature-sodimm-ddr4-32gb-3200mhz-cl22-pc4-25600-260pin-1-2v-laptop-aio-minipcs-psd432g32002s\/\" \/>\n<meta property=\"og:locale\" content=\"es_MX\" \/>\n<meta property=\"og:type\" content=\"article\" \/>\n<meta property=\"og:title\" content=\"[ Patriot ] &#129351; Psd432g32002s,814914027233 Memoria Ram Signature Sodimm Ddr4 32gb 3200mhz Cl22 Pc4-25600 260pin 1.2v Laptop Aio Minipcs (psd432g32002s)\" \/>\n<meta property=\"og:description\" content=\"Compra Psd432g32002s,814914027233 Memoria Ram Signature Sodimm Ddr4 32gb 3200mhz Cl22 Pc4-25600 260pin 1.2v Laptop Aio Minipcs (psd432g32002s) + Env\u00edo a domicilio + Pago seguro + Garant\u00eda\" \/>\n<meta property=\"og:url\" content=\"https:\/\/compuviper.mx\/tienda\/producto\/patriot-psd432g32002s814914027233-memoria-ram-signature-sodimm-ddr4-32gb-3200mhz-cl22-pc4-25600-260pin-1-2v-laptop-aio-minipcs-psd432g32002s\/\" \/>\n<meta property=\"og:site_name\" content=\"Compuviper\" \/>\n<meta property=\"article:publisher\" content=\"https:\/\/www.facebook.com\/compuviper\" \/>\n<meta property=\"article:modified_time\" content=\"2026-04-12T06:00:23+00:00\" \/>\n<meta property=\"og:image\" content=\"https:\/\/compuviper.mx\/tienda\/wp-content\/uploads\/2026\/01\/Memoria-ram-patriot-signature-sodimm-ddr4-32gb-3200mhz-cl22-pc4-25600-260pin-1.2v-laptop-aio-minipcs-psd432g32002s.jpg\" \/>\n\t<meta property=\"og:image:width\" content=\"200\" \/>\n\t<meta property=\"og:image:height\" content=\"200\" \/>\n\t<meta property=\"og:image:type\" content=\"image\/jpeg\" \/>\n<meta name=\"twitter:card\" content=\"summary_large_image\" \/>\n<meta name=\"twitter:label1\" content=\"Precio\" \/>\n\t<meta name=\"twitter:data1\" content=\"&#36;1,492 con IVA\" \/>\n\t<meta name=\"twitter:label2\" content=\"Availability\" \/>\n\t<meta name=\"twitter:data2\" content=\"Out of stock\" \/>\n<script type=\"application\/ld+json\" class=\"yoast-schema-graph\">{\"@context\":\"https:\/\/schema.org\",\"@graph\":[{\"@type\":\"WebPage\",\"@id\":\"https:\/\/compuviper.mx\/tienda\/producto\/patriot-psd432g32002s814914027233-memoria-ram-signature-sodimm-ddr4-32gb-3200mhz-cl22-pc4-25600-260pin-1-2v-laptop-aio-minipcs-psd432g32002s\/\",\"url\":\"https:\/\/compuviper.mx\/tienda\/producto\/patriot-psd432g32002s814914027233-memoria-ram-signature-sodimm-ddr4-32gb-3200mhz-cl22-pc4-25600-260pin-1-2v-laptop-aio-minipcs-psd432g32002s\/\",\"name\":\"[ Patriot ] &#129351; Psd432g32002s,814914027233 Memoria Ram Signature Sodimm Ddr4 32gb 3200mhz Cl22 Pc4-25600 260pin 1.2v Laptop Aio Minipcs (psd432g32002s)\",\"isPartOf\":{\"@id\":\"https:\/\/compuviper.mx\/tienda\/#website\"},\"datePublished\":\"2026-04-11T07:47:29+00:00\",\"dateModified\":\"2026-04-12T06:00:23+00:00\",\"description\":\"Compra Psd432g32002s,814914027233 Memoria Ram Signature Sodimm Ddr4 32gb 3200mhz Cl22 Pc4-25600 260pin 1.2v Laptop Aio Minipcs (psd432g32002s) + Env\u00edo a domicilio + Pago seguro + Garant\u00eda\",\"breadcrumb\":{\"@id\":\"https:\/\/compuviper.mx\/tienda\/producto\/patriot-psd432g32002s814914027233-memoria-ram-signature-sodimm-ddr4-32gb-3200mhz-cl22-pc4-25600-260pin-1-2v-laptop-aio-minipcs-psd432g32002s\/#breadcrumb\"},\"inLanguage\":\"es-MX\",\"potentialAction\":[{\"@type\":\"ReadAction\",\"target\":[\"https:\/\/compuviper.mx\/tienda\/producto\/patriot-psd432g32002s814914027233-memoria-ram-signature-sodimm-ddr4-32gb-3200mhz-cl22-pc4-25600-260pin-1-2v-laptop-aio-minipcs-psd432g32002s\/\"]}]},{\"@type\":\"BreadcrumbList\",\"@id\":\"https:\/\/compuviper.mx\/tienda\/producto\/patriot-psd432g32002s814914027233-memoria-ram-signature-sodimm-ddr4-32gb-3200mhz-cl22-pc4-25600-260pin-1-2v-laptop-aio-minipcs-psd432g32002s\/#breadcrumb\",\"itemListElement\":[{\"@type\":\"ListItem\",\"position\":1,\"name\":\"Inicio\",\"item\":\"https:\/\/compuviper.mx\/tienda\/\"},{\"@type\":\"ListItem\",\"position\":2,\"name\":\"Productos\",\"item\":\"https:\/\/compuviper.mx\/tienda\/productos\/\"},{\"@type\":\"ListItem\",\"position\":3,\"name\":\"Memorias\",\"item\":\"https:\/\/compuviper.mx\/tienda\/categoria-producto\/memorias\/\"},{\"@type\":\"ListItem\",\"position\":4,\"name\":\"Memoria Ram\",\"item\":\"https:\/\/compuviper.mx\/tienda\/categoria-producto\/memorias\/memoria-ram\/\"},{\"@type\":\"ListItem\",\"position\":5,\"name\":\"Patriot Psd432g32002s,814914027233 Memoria Ram Signature Sodimm Ddr4 32gb 3200mhz Cl22 Pc4-25600 260pin 1.2v Laptop Aio Minipcs (psd432g32002s)\"}]},{\"@type\":\"WebSite\",\"@id\":\"https:\/\/compuviper.mx\/tienda\/#website\",\"url\":\"https:\/\/compuviper.mx\/tienda\/\",\"name\":\"Compuviper\",\"description\":\"Proveedor de Computadoras, Laptops, Servidores, Monitores, Puntos de Venta, Teclados,   Impresoras, T\u00f3ner, C\u00e1maras de Seguridad y m\u00e1s en tu tienda en l\u00ednea\",\"publisher\":{\"@id\":\"https:\/\/compuviper.mx\/tienda\/#organization\"},\"potentialAction\":[{\"@type\":\"SearchAction\",\"target\":{\"@type\":\"EntryPoint\",\"urlTemplate\":\"https:\/\/compuviper.mx\/tienda\/?s={search_term_string}\"},\"query-input\":\"required name=search_term_string\"}],\"inLanguage\":\"es-MX\"},{\"@type\":\"Organization\",\"@id\":\"https:\/\/compuviper.mx\/tienda\/#organization\",\"name\":\"Compuviper\",\"url\":\"https:\/\/compuviper.mx\/tienda\/\",\"logo\":{\"@type\":\"ImageObject\",\"inLanguage\":\"es-MX\",\"@id\":\"https:\/\/compuviper.mx\/tienda\/#\/schema\/logo\/image\/\",\"url\":\"https:\/\/compuviper.mx\/tienda\/wp-content\/uploads\/2021\/08\/Logo-Compuviper-10.png\",\"contentUrl\":\"https:\/\/compuviper.mx\/tienda\/wp-content\/uploads\/2021\/08\/Logo-Compuviper-10.png\",\"width\":1000,\"height\":500,\"caption\":\"Compuviper\"},\"image\":{\"@id\":\"https:\/\/compuviper.mx\/tienda\/#\/schema\/logo\/image\/\"},\"sameAs\":[\"https:\/\/www.facebook.com\/compuviper\",\"https:\/\/www.youtube.com\/channel\/UCf73dERp9Y3cfOq7q8BhLjA?view_as=subscriber\"]}]}<\/script>\n<meta property=\"product:brand\" content=\"Patriot\" \/>\n<meta property=\"product:price:amount\" content=\"1492\" \/>\n<meta property=\"product:price:currency\" content=\"MXN\" \/>\n<meta property=\"og:availability\" content=\"out of stock\" \/>\n<meta property=\"product:availability\" content=\"out of stock\" \/>\n<meta property=\"product:retailer_item_id\" content=\"PSD432G32002S,814914027233\" \/>\n<meta property=\"product:condition\" content=\"new\" \/>\n<!-- \/ Yoast SEO plugin. -->","yoast_head_json":{"title":"[ Patriot ] &#129351; Psd432g32002s,814914027233 Memoria Ram Signature Sodimm Ddr4 32gb 3200mhz Cl22 Pc4-25600 260pin 1.2v Laptop Aio Minipcs (psd432g32002s)","description":"Compra Psd432g32002s,814914027233 Memoria Ram Signature Sodimm Ddr4 32gb 3200mhz Cl22 Pc4-25600 260pin 1.2v Laptop Aio Minipcs (psd432g32002s) + Env\u00edo a domicilio + Pago seguro + Garant\u00eda","robots":{"index":"index","follow":"follow","max-snippet":"max-snippet:-1","max-image-preview":"max-image-preview:large","max-video-preview":"max-video-preview:-1"},"canonical":"https:\/\/compuviper.mx\/tienda\/producto\/patriot-psd432g32002s814914027233-memoria-ram-signature-sodimm-ddr4-32gb-3200mhz-cl22-pc4-25600-260pin-1-2v-laptop-aio-minipcs-psd432g32002s\/","og_locale":"es_MX","og_type":"article","og_title":"[ Patriot ] &#129351; Psd432g32002s,814914027233 Memoria Ram Signature Sodimm Ddr4 32gb 3200mhz Cl22 Pc4-25600 260pin 1.2v Laptop Aio Minipcs (psd432g32002s)","og_description":"Compra Psd432g32002s,814914027233 Memoria Ram Signature Sodimm Ddr4 32gb 3200mhz Cl22 Pc4-25600 260pin 1.2v Laptop Aio Minipcs (psd432g32002s) + Env\u00edo a domicilio + Pago seguro + Garant\u00eda","og_url":"https:\/\/compuviper.mx\/tienda\/producto\/patriot-psd432g32002s814914027233-memoria-ram-signature-sodimm-ddr4-32gb-3200mhz-cl22-pc4-25600-260pin-1-2v-laptop-aio-minipcs-psd432g32002s\/","og_site_name":"Compuviper","article_publisher":"https:\/\/www.facebook.com\/compuviper","article_modified_time":"2026-04-12T06:00:23+00:00","og_image":[{"width":200,"height":200,"url":"https:\/\/compuviper.mx\/tienda\/wp-content\/uploads\/2026\/01\/Memoria-ram-patriot-signature-sodimm-ddr4-32gb-3200mhz-cl22-pc4-25600-260pin-1.2v-laptop-aio-minipcs-psd432g32002s.jpg","type":"image\/jpeg"}],"twitter_card":"summary_large_image","twitter_misc":{"Precio":"&#36;1,492 con IVA","Availability":"Out of stock"},"schema":{"@context":"https:\/\/schema.org","@graph":[{"@type":"WebPage","@id":"https:\/\/compuviper.mx\/tienda\/producto\/patriot-psd432g32002s814914027233-memoria-ram-signature-sodimm-ddr4-32gb-3200mhz-cl22-pc4-25600-260pin-1-2v-laptop-aio-minipcs-psd432g32002s\/","url":"https:\/\/compuviper.mx\/tienda\/producto\/patriot-psd432g32002s814914027233-memoria-ram-signature-sodimm-ddr4-32gb-3200mhz-cl22-pc4-25600-260pin-1-2v-laptop-aio-minipcs-psd432g32002s\/","name":"[ Patriot ] &#129351; Psd432g32002s,814914027233 Memoria Ram Signature Sodimm Ddr4 32gb 3200mhz Cl22 Pc4-25600 260pin 1.2v Laptop Aio Minipcs (psd432g32002s)","isPartOf":{"@id":"https:\/\/compuviper.mx\/tienda\/#website"},"datePublished":"2026-04-11T07:47:29+00:00","dateModified":"2026-04-12T06:00:23+00:00","description":"Compra Psd432g32002s,814914027233 Memoria Ram Signature Sodimm Ddr4 32gb 3200mhz Cl22 Pc4-25600 260pin 1.2v Laptop Aio Minipcs (psd432g32002s) + Env\u00edo a domicilio + Pago seguro + Garant\u00eda","breadcrumb":{"@id":"https:\/\/compuviper.mx\/tienda\/producto\/patriot-psd432g32002s814914027233-memoria-ram-signature-sodimm-ddr4-32gb-3200mhz-cl22-pc4-25600-260pin-1-2v-laptop-aio-minipcs-psd432g32002s\/#breadcrumb"},"inLanguage":"es-MX","potentialAction":[{"@type":"ReadAction","target":["https:\/\/compuviper.mx\/tienda\/producto\/patriot-psd432g32002s814914027233-memoria-ram-signature-sodimm-ddr4-32gb-3200mhz-cl22-pc4-25600-260pin-1-2v-laptop-aio-minipcs-psd432g32002s\/"]}]},{"@type":"BreadcrumbList","@id":"https:\/\/compuviper.mx\/tienda\/producto\/patriot-psd432g32002s814914027233-memoria-ram-signature-sodimm-ddr4-32gb-3200mhz-cl22-pc4-25600-260pin-1-2v-laptop-aio-minipcs-psd432g32002s\/#breadcrumb","itemListElement":[{"@type":"ListItem","position":1,"name":"Inicio","item":"https:\/\/compuviper.mx\/tienda\/"},{"@type":"ListItem","position":2,"name":"Productos","item":"https:\/\/compuviper.mx\/tienda\/productos\/"},{"@type":"ListItem","position":3,"name":"Memorias","item":"https:\/\/compuviper.mx\/tienda\/categoria-producto\/memorias\/"},{"@type":"ListItem","position":4,"name":"Memoria Ram","item":"https:\/\/compuviper.mx\/tienda\/categoria-producto\/memorias\/memoria-ram\/"},{"@type":"ListItem","position":5,"name":"Patriot Psd432g32002s,814914027233 Memoria Ram Signature Sodimm Ddr4 32gb 3200mhz Cl22 Pc4-25600 260pin 1.2v Laptop Aio Minipcs (psd432g32002s)"}]},{"@type":"WebSite","@id":"https:\/\/compuviper.mx\/tienda\/#website","url":"https:\/\/compuviper.mx\/tienda\/","name":"Compuviper","description":"Proveedor de Computadoras, Laptops, Servidores, Monitores, Puntos de Venta, Teclados,   Impresoras, T\u00f3ner, C\u00e1maras de Seguridad y m\u00e1s en tu tienda en l\u00ednea","publisher":{"@id":"https:\/\/compuviper.mx\/tienda\/#organization"},"potentialAction":[{"@type":"SearchAction","target":{"@type":"EntryPoint","urlTemplate":"https:\/\/compuviper.mx\/tienda\/?s={search_term_string}"},"query-input":"required name=search_term_string"}],"inLanguage":"es-MX"},{"@type":"Organization","@id":"https:\/\/compuviper.mx\/tienda\/#organization","name":"Compuviper","url":"https:\/\/compuviper.mx\/tienda\/","logo":{"@type":"ImageObject","inLanguage":"es-MX","@id":"https:\/\/compuviper.mx\/tienda\/#\/schema\/logo\/image\/","url":"https:\/\/compuviper.mx\/tienda\/wp-content\/uploads\/2021\/08\/Logo-Compuviper-10.png","contentUrl":"https:\/\/compuviper.mx\/tienda\/wp-content\/uploads\/2021\/08\/Logo-Compuviper-10.png","width":1000,"height":500,"caption":"Compuviper"},"image":{"@id":"https:\/\/compuviper.mx\/tienda\/#\/schema\/logo\/image\/"},"sameAs":["https:\/\/www.facebook.com\/compuviper","https:\/\/www.youtube.com\/channel\/UCf73dERp9Y3cfOq7q8BhLjA?view_as=subscriber"]}]},"product_brand":"Patriot","product_price_amount":"1492","product_price_currency":"MXN","og_availability":"out of stock","product_availability":"out of stock","product_retailer_item_id":"PSD432G32002S,814914027233","product_condition":"new"},"_links":{"self":[{"href":"https:\/\/compuviper.mx\/tienda\/wp-json\/wp\/v2\/product\/265392"}],"collection":[{"href":"https:\/\/compuviper.mx\/tienda\/wp-json\/wp\/v2\/product"}],"about":[{"href":"https:\/\/compuviper.mx\/tienda\/wp-json\/wp\/v2\/types\/product"}],"replies":[{"embeddable":true,"href":"https:\/\/compuviper.mx\/tienda\/wp-json\/wp\/v2\/comments?post=265392"}],"wp:featuredmedia":[{"embeddable":true,"href":"https:\/\/compuviper.mx\/tienda\/wp-json\/wp\/v2\/media\/265393"}],"wp:attachment":[{"href":"https:\/\/compuviper.mx\/tienda\/wp-json\/wp\/v2\/media?parent=265392"}],"wp:term":[{"taxonomy":"product_cat","embeddable":true,"href":"https:\/\/compuviper.mx\/tienda\/wp-json\/wp\/v2\/product_cat?post=265392"},{"taxonomy":"product_tag","embeddable":true,"href":"https:\/\/compuviper.mx\/tienda\/wp-json\/wp\/v2\/product_tag?post=265392"}],"curies":[{"name":"wp","href":"https:\/\/api.w.org\/{rel}","templated":true}]}}