{"id":265366,"date":"2026-04-16T00:06:57","date_gmt":"2026-04-16T06:06:57","guid":{"rendered":"https:\/\/compuviper.mx\/tienda\/producto\/msi-claw-8-ai-a2vm-208mx-consola-gaming-claw-8-ai-a2vm-intel-ultra-7-258v-hasta-4-8ghz-32gb-lpddr5x-8533-1tb-ssd-gpu-intel-arc-140v-16gb-windows-11-homehandheld\/"},"modified":"2026-04-16T00:06:57","modified_gmt":"2026-04-16T06:06:57","slug":"msi-claw-8-ai-a2vm-208mx-consola-gaming-claw-8-ai-a2vm-intel-ultra-7-258v-hasta-4-8ghz-32gb-lpddr5x-8533-1tb-ssd-gpu-intel-arc-140v-16gb-windows-11-homehandheld","status":"publish","type":"product","link":"https:\/\/compuviper.mx\/tienda\/producto\/msi-claw-8-ai-a2vm-208mx-consola-gaming-claw-8-ai-a2vm-intel-ultra-7-258v-hasta-4-8ghz-32gb-lpddr5x-8533-1tb-ssd-gpu-intel-arc-140v-16gb-windows-11-homehandheld\/","title":{"rendered":"Msi Claw 8 Ai+ A2vm-208mx Consola Gaming  Claw 8 Ai A2vm \/ Intel Ultra 7 258v Hasta 4.8ghz \/ 32gb Lpddr5x-8533 \/ 1tb Ssd \/ Gpu Intel Arc 140v 16gb \/ Windows 11 Homehandheld"},"content":{"rendered":"<table class=\"descripcion\">\n<tr>\n<td>Modelo claw 8 ai+ a2vm-208mx<\/td>\n<\/tr>\n<tr>\n<td>P\/n 9s7-1t5211-208<\/td>\n<\/tr>\n<tr>\n<td>Project code ms-1t52<\/td>\n<\/tr>\n<tr>\n<td>Color sandstorm<\/td>\n<\/tr>\n<tr>\n<td>Pantalla 8\u0094 fhd+ (1920&#215;1200), 120hz, vrr touchscreen<\/td>\n<\/tr>\n<tr>\n<td>Resoluci\u00f3n \/ aspecto 1920&#215;1200<\/td>\n<\/tr>\n<tr>\n<td>G-sync na<\/td>\n<\/tr>\n<tr>\n<td>Cpu lunar lake core ultra 7 258v<\/td>\n<\/tr>\n<tr>\n<td>Frecuencia del cpu hasta 4.8ghz<\/td>\n<\/tr>\n<tr>\n<td>Chipset integrated soc<\/td>\n<\/tr>\n<tr>\n<td>Lista para vr na<\/td>\n<\/tr>\n<tr>\n<td>Tarjeta de video intel\u00ae arc\u0099 140v gpu (16gb)<\/td>\n<\/tr>\n<tr>\n<td>Vram 16gb<\/td>\n<\/tr>\n<tr>\n<td>Memoria en el sistema 32gb lpddr5x-8533<\/td>\n<\/tr>\n<tr>\n<td>Sodimm 1 socket<\/td>\n<\/tr>\n<tr>\n<td>Hdd\/ssd 1tb ssd<\/td>\n<\/tr>\n<tr>\n<td>Format pcie gen4x4 w\/odram nvme<\/td>\n<\/tr>\n<tr>\n<td>Lector \u00f3ptico na<\/td>\n<\/tr>\n<tr>\n<td>Lan na<\/td>\n<\/tr>\n<tr>\n<td>Salida hdmi na<\/td>\n<\/tr>\n<tr>\n<td>Mini-display port na<\/td>\n<\/tr>\n<tr>\n<td>Usb tipo c 2x thunderbolt\u0099 4 (displayport\u0099\/ power delivery 3.0)<\/td>\n<\/tr>\n<tr>\n<td>Usb na<\/td>\n<\/tr>\n<tr>\n<td>Entrada micr\u00f3fono \/ salida aud\u00edfono mic-in\/headphone-out combo jack<\/td>\n<\/tr>\n<tr>\n<td>Bocinas speakers 2w*2<\/td>\n<\/tr>\n<tr>\n<td>Webcam na<\/td>\n<\/tr>\n<tr>\n<td>Bater\u00eda 6 cell, 80 whrs<\/td>\n<\/tr>\n<tr>\n<td>Adaptador de corriente si 65w<\/td>\n<\/tr>\n<tr>\n<td>Sistema operativo windows 11 home(handheld)<\/td>\n<\/tr>\n<tr>\n<td>Energy star si<\/td>\n<\/tr>\n<tr>\n<td>Peso unidad 795 gms<\/td>\n<\/tr>\n<tr>\n<td>Dimensiones unidad 380.34 x 297.97 x 28.75 mm<\/td>\n<\/tr>\n<tr>\n<td>Dimensiones con caja 489x93x315 mm<\/td>\n<\/tr>\n<tr>\n<td>Peso total 6.88 kg<\/td>\n<\/tr>\n<tr>\n<td>Dimensiones totales 488 x 184 x 376 mm<\/td>\n<\/tr>\n<tr>\n<td>Unidades 1<\/td>\n<\/tr>\n<\/table>\n","protected":false},"excerpt":{"rendered":"<p>El claw tiene un agarre excelente, especialmente con el nuevo claw 8 ai+ a2vm. Equipado con el \u00faltimo procesador intel\u00ae core\u0099 ultra 7 (serie 2) para una mayor eficiencia, ofrece un rendimiento excepcional. Con su pantalla inmersiva de 8 pulgadas y su bater\u00eda de 80 wh, el claw 8 ai+ garantiza una experiencia de usuario completa y sin restricciones.<\/p>\n","protected":false},"featured_media":265367,"comment_status":"open","ping_status":"open","template":"","meta":[],"product_cat":[2125,2124],"product_tag":[1970],"acf":[],"yoast_head":"<!-- This site is optimized with the Yoast SEO plugin v21.7 - https:\/\/yoast.com\/wordpress\/plugins\/seo\/ -->\n<title>[ Msi ] &#129351; Claw 8 Ai+ A2vm-208mx Consola Gaming Claw 8 Ai A2vm \/ Intel Ultra 7 258v Hasta 4.8ghz \/ 32gb Lpddr5x-8533 \/ 1tb Ssd \/ Gpu Intel Arc 140v 16gb \/ Windows 11 Homehandheld<\/title>\n<meta name=\"description\" content=\"Compra Claw 8 Ai+ A2vm-208mx Consola Gaming Claw 8 Ai A2vm \/ Intel Ultra 7 258v Hasta 4.8ghz \/ 32gb Lpddr5x-8533 \/ 1tb Ssd \/ Gpu Intel Arc 140v 16gb \/ Windows 11 Homehandheld + Env\u00edo a domicilio + Pago seguro + Garant\u00eda\" \/>\n<meta name=\"robots\" content=\"index, follow, max-snippet:-1, max-image-preview:large, max-video-preview:-1\" \/>\n<link rel=\"canonical\" href=\"https:\/\/compuviper.mx\/tienda\/producto\/msi-claw-8-ai-a2vm-208mx-consola-gaming-claw-8-ai-a2vm-intel-ultra-7-258v-hasta-4-8ghz-32gb-lpddr5x-8533-1tb-ssd-gpu-intel-arc-140v-16gb-windows-11-homehandheld\/\" \/>\n<meta property=\"og:locale\" content=\"es_MX\" \/>\n<meta property=\"og:type\" content=\"article\" \/>\n<meta property=\"og:title\" content=\"[ Msi ] &#129351; Claw 8 Ai+ A2vm-208mx Consola Gaming Claw 8 Ai A2vm \/ Intel Ultra 7 258v Hasta 4.8ghz \/ 32gb Lpddr5x-8533 \/ 1tb Ssd \/ Gpu Intel Arc 140v 16gb \/ Windows 11 Homehandheld\" \/>\n<meta property=\"og:description\" content=\"Compra Claw 8 Ai+ A2vm-208mx Consola Gaming Claw 8 Ai A2vm \/ Intel Ultra 7 258v Hasta 4.8ghz \/ 32gb Lpddr5x-8533 \/ 1tb Ssd \/ Gpu Intel Arc 140v 16gb \/ Windows 11 Homehandheld + Env\u00edo a domicilio + Pago seguro + Garant\u00eda\" \/>\n<meta property=\"og:url\" content=\"https:\/\/compuviper.mx\/tienda\/producto\/msi-claw-8-ai-a2vm-208mx-consola-gaming-claw-8-ai-a2vm-intel-ultra-7-258v-hasta-4-8ghz-32gb-lpddr5x-8533-1tb-ssd-gpu-intel-arc-140v-16gb-windows-11-homehandheld\/\" \/>\n<meta property=\"og:site_name\" content=\"Compuviper\" \/>\n<meta property=\"article:publisher\" content=\"https:\/\/www.facebook.com\/compuviper\" \/>\n<meta property=\"og:image\" content=\"https:\/\/compuviper.mx\/tienda\/wp-content\/uploads\/2026\/01\/Consola-gaming-msi-claw-8-ai-a2vm-intel-ultra-7-258v-hasta-4.8ghz-32gb-lpddr5x-8533-1tb-ssd-gpu-intel-arc-140v-16gb-windows-11-homehandheld.jpg\" \/>\n\t<meta property=\"og:image:width\" content=\"200\" \/>\n\t<meta property=\"og:image:height\" content=\"200\" \/>\n\t<meta property=\"og:image:type\" content=\"image\/jpeg\" \/>\n<meta name=\"twitter:card\" content=\"summary_large_image\" \/>\n<meta name=\"twitter:label1\" content=\"Precio\" \/>\n\t<meta name=\"twitter:data1\" content=\"&#36;16,479 con IVA\" \/>\n\t<meta name=\"twitter:label2\" content=\"Availability\" \/>\n\t<meta name=\"twitter:data2\" content=\"In stock\" \/>\n<script type=\"application\/ld+json\" class=\"yoast-schema-graph\">{\"@context\":\"https:\/\/schema.org\",\"@graph\":[{\"@type\":\"WebPage\",\"@id\":\"https:\/\/compuviper.mx\/tienda\/producto\/msi-claw-8-ai-a2vm-208mx-consola-gaming-claw-8-ai-a2vm-intel-ultra-7-258v-hasta-4-8ghz-32gb-lpddr5x-8533-1tb-ssd-gpu-intel-arc-140v-16gb-windows-11-homehandheld\/\",\"url\":\"https:\/\/compuviper.mx\/tienda\/producto\/msi-claw-8-ai-a2vm-208mx-consola-gaming-claw-8-ai-a2vm-intel-ultra-7-258v-hasta-4-8ghz-32gb-lpddr5x-8533-1tb-ssd-gpu-intel-arc-140v-16gb-windows-11-homehandheld\/\",\"name\":\"[ Msi ] &#129351; Claw 8 Ai+ A2vm-208mx Consola Gaming Claw 8 Ai A2vm \/ Intel Ultra 7 258v Hasta 4.8ghz \/ 32gb Lpddr5x-8533 \/ 1tb Ssd \/ Gpu Intel Arc 140v 16gb \/ Windows 11 Homehandheld\",\"isPartOf\":{\"@id\":\"https:\/\/compuviper.mx\/tienda\/#website\"},\"datePublished\":\"2026-04-16T06:06:57+00:00\",\"dateModified\":\"2026-04-16T06:06:57+00:00\",\"description\":\"Compra Claw 8 Ai+ A2vm-208mx Consola Gaming Claw 8 Ai A2vm \/ Intel Ultra 7 258v Hasta 4.8ghz \/ 32gb Lpddr5x-8533 \/ 1tb Ssd \/ Gpu Intel Arc 140v 16gb \/ Windows 11 Homehandheld + Env\u00edo a domicilio + Pago seguro + Garant\u00eda\",\"breadcrumb\":{\"@id\":\"https:\/\/compuviper.mx\/tienda\/producto\/msi-claw-8-ai-a2vm-208mx-consola-gaming-claw-8-ai-a2vm-intel-ultra-7-258v-hasta-4-8ghz-32gb-lpddr5x-8533-1tb-ssd-gpu-intel-arc-140v-16gb-windows-11-homehandheld\/#breadcrumb\"},\"inLanguage\":\"es-MX\",\"potentialAction\":[{\"@type\":\"ReadAction\",\"target\":[\"https:\/\/compuviper.mx\/tienda\/producto\/msi-claw-8-ai-a2vm-208mx-consola-gaming-claw-8-ai-a2vm-intel-ultra-7-258v-hasta-4-8ghz-32gb-lpddr5x-8533-1tb-ssd-gpu-intel-arc-140v-16gb-windows-11-homehandheld\/\"]}]},{\"@type\":\"BreadcrumbList\",\"@id\":\"https:\/\/compuviper.mx\/tienda\/producto\/msi-claw-8-ai-a2vm-208mx-consola-gaming-claw-8-ai-a2vm-intel-ultra-7-258v-hasta-4-8ghz-32gb-lpddr5x-8533-1tb-ssd-gpu-intel-arc-140v-16gb-windows-11-homehandheld\/#breadcrumb\",\"itemListElement\":[{\"@type\":\"ListItem\",\"position\":1,\"name\":\"Inicio\",\"item\":\"https:\/\/compuviper.mx\/tienda\/\"},{\"@type\":\"ListItem\",\"position\":2,\"name\":\"Productos\",\"item\":\"https:\/\/compuviper.mx\/tienda\/productos\/\"},{\"@type\":\"ListItem\",\"position\":3,\"name\":\"Consolas\",\"item\":\"https:\/\/compuviper.mx\/tienda\/categoria-producto\/consolas\/\"},{\"@type\":\"ListItem\",\"position\":4,\"name\":\"Consola De Video Juegos\",\"item\":\"https:\/\/compuviper.mx\/tienda\/categoria-producto\/consolas\/consola-de-video-juegos\/\"},{\"@type\":\"ListItem\",\"position\":5,\"name\":\"Msi Claw 8 Ai+ A2vm-208mx Consola Gaming Claw 8 Ai A2vm \/ Intel Ultra 7 258v Hasta 4.8ghz \/ 32gb Lpddr5x-8533 \/ 1tb Ssd \/ Gpu Intel Arc 140v 16gb \/ Windows 11 Homehandheld\"}]},{\"@type\":\"WebSite\",\"@id\":\"https:\/\/compuviper.mx\/tienda\/#website\",\"url\":\"https:\/\/compuviper.mx\/tienda\/\",\"name\":\"Compuviper\",\"description\":\"Proveedor de Computadoras, Laptops, Servidores, Monitores, Puntos de Venta, Teclados,   Impresoras, T\u00f3ner, C\u00e1maras de Seguridad y m\u00e1s en tu tienda en l\u00ednea\",\"publisher\":{\"@id\":\"https:\/\/compuviper.mx\/tienda\/#organization\"},\"potentialAction\":[{\"@type\":\"SearchAction\",\"target\":{\"@type\":\"EntryPoint\",\"urlTemplate\":\"https:\/\/compuviper.mx\/tienda\/?s={search_term_string}\"},\"query-input\":\"required name=search_term_string\"}],\"inLanguage\":\"es-MX\"},{\"@type\":\"Organization\",\"@id\":\"https:\/\/compuviper.mx\/tienda\/#organization\",\"name\":\"Compuviper\",\"url\":\"https:\/\/compuviper.mx\/tienda\/\",\"logo\":{\"@type\":\"ImageObject\",\"inLanguage\":\"es-MX\",\"@id\":\"https:\/\/compuviper.mx\/tienda\/#\/schema\/logo\/image\/\",\"url\":\"https:\/\/compuviper.mx\/tienda\/wp-content\/uploads\/2021\/08\/Logo-Compuviper-10.png\",\"contentUrl\":\"https:\/\/compuviper.mx\/tienda\/wp-content\/uploads\/2021\/08\/Logo-Compuviper-10.png\",\"width\":1000,\"height\":500,\"caption\":\"Compuviper\"},\"image\":{\"@id\":\"https:\/\/compuviper.mx\/tienda\/#\/schema\/logo\/image\/\"},\"sameAs\":[\"https:\/\/www.facebook.com\/compuviper\",\"https:\/\/www.youtube.com\/channel\/UCf73dERp9Y3cfOq7q8BhLjA?view_as=subscriber\"]}]}<\/script>\n<meta property=\"product:brand\" content=\"MSI\" \/>\n<meta property=\"product:price:amount\" content=\"16479\" \/>\n<meta property=\"product:price:currency\" content=\"MXN\" \/>\n<meta property=\"og:availability\" content=\"instock\" \/>\n<meta property=\"product:availability\" content=\"instock\" \/>\n<meta property=\"product:retailer_item_id\" content=\"CLAW 8 AI+ A2VM-208MX\" \/>\n<meta property=\"product:condition\" content=\"new\" \/>\n<!-- \/ Yoast SEO plugin. -->","yoast_head_json":{"title":"[ Msi ] &#129351; Claw 8 Ai+ A2vm-208mx Consola Gaming Claw 8 Ai A2vm \/ Intel Ultra 7 258v Hasta 4.8ghz \/ 32gb Lpddr5x-8533 \/ 1tb Ssd \/ Gpu Intel Arc 140v 16gb \/ Windows 11 Homehandheld","description":"Compra Claw 8 Ai+ A2vm-208mx Consola Gaming Claw 8 Ai A2vm \/ Intel Ultra 7 258v Hasta 4.8ghz \/ 32gb Lpddr5x-8533 \/ 1tb Ssd \/ Gpu Intel Arc 140v 16gb \/ Windows 11 Homehandheld + Env\u00edo a domicilio + Pago seguro + Garant\u00eda","robots":{"index":"index","follow":"follow","max-snippet":"max-snippet:-1","max-image-preview":"max-image-preview:large","max-video-preview":"max-video-preview:-1"},"canonical":"https:\/\/compuviper.mx\/tienda\/producto\/msi-claw-8-ai-a2vm-208mx-consola-gaming-claw-8-ai-a2vm-intel-ultra-7-258v-hasta-4-8ghz-32gb-lpddr5x-8533-1tb-ssd-gpu-intel-arc-140v-16gb-windows-11-homehandheld\/","og_locale":"es_MX","og_type":"article","og_title":"[ Msi ] &#129351; Claw 8 Ai+ A2vm-208mx Consola Gaming Claw 8 Ai A2vm \/ Intel Ultra 7 258v Hasta 4.8ghz \/ 32gb Lpddr5x-8533 \/ 1tb Ssd \/ Gpu Intel Arc 140v 16gb \/ Windows 11 Homehandheld","og_description":"Compra Claw 8 Ai+ A2vm-208mx Consola Gaming Claw 8 Ai A2vm \/ Intel Ultra 7 258v Hasta 4.8ghz \/ 32gb Lpddr5x-8533 \/ 1tb Ssd \/ Gpu Intel Arc 140v 16gb \/ Windows 11 Homehandheld + Env\u00edo a domicilio + Pago seguro + Garant\u00eda","og_url":"https:\/\/compuviper.mx\/tienda\/producto\/msi-claw-8-ai-a2vm-208mx-consola-gaming-claw-8-ai-a2vm-intel-ultra-7-258v-hasta-4-8ghz-32gb-lpddr5x-8533-1tb-ssd-gpu-intel-arc-140v-16gb-windows-11-homehandheld\/","og_site_name":"Compuviper","article_publisher":"https:\/\/www.facebook.com\/compuviper","og_image":[{"width":200,"height":200,"url":"https:\/\/compuviper.mx\/tienda\/wp-content\/uploads\/2026\/01\/Consola-gaming-msi-claw-8-ai-a2vm-intel-ultra-7-258v-hasta-4.8ghz-32gb-lpddr5x-8533-1tb-ssd-gpu-intel-arc-140v-16gb-windows-11-homehandheld.jpg","type":"image\/jpeg"}],"twitter_card":"summary_large_image","twitter_misc":{"Precio":"&#36;16,479 con IVA","Availability":"In stock"},"schema":{"@context":"https:\/\/schema.org","@graph":[{"@type":"WebPage","@id":"https:\/\/compuviper.mx\/tienda\/producto\/msi-claw-8-ai-a2vm-208mx-consola-gaming-claw-8-ai-a2vm-intel-ultra-7-258v-hasta-4-8ghz-32gb-lpddr5x-8533-1tb-ssd-gpu-intel-arc-140v-16gb-windows-11-homehandheld\/","url":"https:\/\/compuviper.mx\/tienda\/producto\/msi-claw-8-ai-a2vm-208mx-consola-gaming-claw-8-ai-a2vm-intel-ultra-7-258v-hasta-4-8ghz-32gb-lpddr5x-8533-1tb-ssd-gpu-intel-arc-140v-16gb-windows-11-homehandheld\/","name":"[ Msi ] &#129351; Claw 8 Ai+ A2vm-208mx Consola Gaming Claw 8 Ai A2vm \/ Intel Ultra 7 258v Hasta 4.8ghz \/ 32gb Lpddr5x-8533 \/ 1tb Ssd \/ Gpu Intel Arc 140v 16gb \/ Windows 11 Homehandheld","isPartOf":{"@id":"https:\/\/compuviper.mx\/tienda\/#website"},"datePublished":"2026-04-16T06:06:57+00:00","dateModified":"2026-04-16T06:06:57+00:00","description":"Compra Claw 8 Ai+ A2vm-208mx Consola Gaming Claw 8 Ai A2vm \/ Intel Ultra 7 258v Hasta 4.8ghz \/ 32gb Lpddr5x-8533 \/ 1tb Ssd \/ Gpu Intel Arc 140v 16gb \/ Windows 11 Homehandheld + Env\u00edo a domicilio + Pago seguro + Garant\u00eda","breadcrumb":{"@id":"https:\/\/compuviper.mx\/tienda\/producto\/msi-claw-8-ai-a2vm-208mx-consola-gaming-claw-8-ai-a2vm-intel-ultra-7-258v-hasta-4-8ghz-32gb-lpddr5x-8533-1tb-ssd-gpu-intel-arc-140v-16gb-windows-11-homehandheld\/#breadcrumb"},"inLanguage":"es-MX","potentialAction":[{"@type":"ReadAction","target":["https:\/\/compuviper.mx\/tienda\/producto\/msi-claw-8-ai-a2vm-208mx-consola-gaming-claw-8-ai-a2vm-intel-ultra-7-258v-hasta-4-8ghz-32gb-lpddr5x-8533-1tb-ssd-gpu-intel-arc-140v-16gb-windows-11-homehandheld\/"]}]},{"@type":"BreadcrumbList","@id":"https:\/\/compuviper.mx\/tienda\/producto\/msi-claw-8-ai-a2vm-208mx-consola-gaming-claw-8-ai-a2vm-intel-ultra-7-258v-hasta-4-8ghz-32gb-lpddr5x-8533-1tb-ssd-gpu-intel-arc-140v-16gb-windows-11-homehandheld\/#breadcrumb","itemListElement":[{"@type":"ListItem","position":1,"name":"Inicio","item":"https:\/\/compuviper.mx\/tienda\/"},{"@type":"ListItem","position":2,"name":"Productos","item":"https:\/\/compuviper.mx\/tienda\/productos\/"},{"@type":"ListItem","position":3,"name":"Consolas","item":"https:\/\/compuviper.mx\/tienda\/categoria-producto\/consolas\/"},{"@type":"ListItem","position":4,"name":"Consola De Video Juegos","item":"https:\/\/compuviper.mx\/tienda\/categoria-producto\/consolas\/consola-de-video-juegos\/"},{"@type":"ListItem","position":5,"name":"Msi Claw 8 Ai+ A2vm-208mx Consola Gaming Claw 8 Ai A2vm \/ Intel Ultra 7 258v Hasta 4.8ghz \/ 32gb Lpddr5x-8533 \/ 1tb Ssd \/ Gpu Intel Arc 140v 16gb \/ Windows 11 Homehandheld"}]},{"@type":"WebSite","@id":"https:\/\/compuviper.mx\/tienda\/#website","url":"https:\/\/compuviper.mx\/tienda\/","name":"Compuviper","description":"Proveedor de Computadoras, Laptops, Servidores, Monitores, Puntos de Venta, Teclados,   Impresoras, T\u00f3ner, C\u00e1maras de Seguridad y m\u00e1s en tu tienda en l\u00ednea","publisher":{"@id":"https:\/\/compuviper.mx\/tienda\/#organization"},"potentialAction":[{"@type":"SearchAction","target":{"@type":"EntryPoint","urlTemplate":"https:\/\/compuviper.mx\/tienda\/?s={search_term_string}"},"query-input":"required name=search_term_string"}],"inLanguage":"es-MX"},{"@type":"Organization","@id":"https:\/\/compuviper.mx\/tienda\/#organization","name":"Compuviper","url":"https:\/\/compuviper.mx\/tienda\/","logo":{"@type":"ImageObject","inLanguage":"es-MX","@id":"https:\/\/compuviper.mx\/tienda\/#\/schema\/logo\/image\/","url":"https:\/\/compuviper.mx\/tienda\/wp-content\/uploads\/2021\/08\/Logo-Compuviper-10.png","contentUrl":"https:\/\/compuviper.mx\/tienda\/wp-content\/uploads\/2021\/08\/Logo-Compuviper-10.png","width":1000,"height":500,"caption":"Compuviper"},"image":{"@id":"https:\/\/compuviper.mx\/tienda\/#\/schema\/logo\/image\/"},"sameAs":["https:\/\/www.facebook.com\/compuviper","https:\/\/www.youtube.com\/channel\/UCf73dERp9Y3cfOq7q8BhLjA?view_as=subscriber"]}]},"product_brand":"MSI","product_price_amount":"16479","product_price_currency":"MXN","og_availability":"instock","product_availability":"instock","product_retailer_item_id":"CLAW 8 AI+ A2VM-208MX","product_condition":"new"},"_links":{"self":[{"href":"https:\/\/compuviper.mx\/tienda\/wp-json\/wp\/v2\/product\/265366"}],"collection":[{"href":"https:\/\/compuviper.mx\/tienda\/wp-json\/wp\/v2\/product"}],"about":[{"href":"https:\/\/compuviper.mx\/tienda\/wp-json\/wp\/v2\/types\/product"}],"replies":[{"embeddable":true,"href":"https:\/\/compuviper.mx\/tienda\/wp-json\/wp\/v2\/comments?post=265366"}],"wp:featuredmedia":[{"embeddable":true,"href":"https:\/\/compuviper.mx\/tienda\/wp-json\/wp\/v2\/media\/265367"}],"wp:attachment":[{"href":"https:\/\/compuviper.mx\/tienda\/wp-json\/wp\/v2\/media?parent=265366"}],"wp:term":[{"taxonomy":"product_cat","embeddable":true,"href":"https:\/\/compuviper.mx\/tienda\/wp-json\/wp\/v2\/product_cat?post=265366"},{"taxonomy":"product_tag","embeddable":true,"href":"https:\/\/compuviper.mx\/tienda\/wp-json\/wp\/v2\/product_tag?post=265366"}],"curies":[{"name":"wp","href":"https:\/\/api.w.org\/{rel}","templated":true}]}}