{"id":265363,"date":"2026-04-01T23:08:40","date_gmt":"2026-04-02T05:08:40","guid":{"rendered":"https:\/\/compuviper.mx\/tienda\/producto\/startech-com-privacy-screen-238m-filtro-de-privacidad-para-monitores-de-23-8-pulgadas-pantalla-de-privacidad-para-reducir-luz-azul-mate-brillante-169-mod\/"},"modified":"2026-04-01T23:08:41","modified_gmt":"2026-04-02T05:08:41","slug":"startech-com-privacy-screen-238m-filtro-de-privacidad-para-monitores-de-23-8-pulgadas-pantalla-de-privacidad-para-reducir-luz-azul-mate-brillante-169-mod","status":"publish","type":"product","link":"https:\/\/compuviper.mx\/tienda\/producto\/startech-com-privacy-screen-238m-filtro-de-privacidad-para-monitores-de-23-8-pulgadas-pantalla-de-privacidad-para-reducir-luz-azul-mate-brillante-169-mod\/","title":{"rendered":"Startech.com Privacy-screen-238m Filtro De Privacidad Para Monitores De 23.8 Pulgadas &#8211; Pantalla De Privacidad &#8211; Para Reducir Luz Azul &#8211; Mate\/brillante &#8211; 169 &#8211;  Mod."},"content":{"rendered":"<table class=\"descripcion\">\n<tr>\n<td>Ancho del producto: 2.000 mm<\/td>\n<\/tr>\n<tr>\n<td>Color: transparente<\/td>\n<\/tr>\n<tr>\n<td>Tipo de gabinete: plastico<\/td>\n<\/tr>\n<tr>\n<td>Peso del producto: 98.000 g<\/td>\n<\/tr>\n<tr>\n<td>Opciones de montaje: front of monitor<\/td>\n<\/tr>\n<tr>\n<td>Longitud del producto: 527.000 mm<\/td>\n<\/tr>\n<tr>\n<td>Altura del producto: 297.000 mm<\/td>\n<\/tr>\n<\/table>\n","protected":false},"excerpt":{"rendered":"<p>El filtro de privacidad del monitor se puede instalar y desinstalar facilmente. Simplemente coloque el filtro de privacidad de 23,8 en su pantalla con relacion de aspecto 16:9, mediante tiras adhesivas o pestanas deslizantes laterales. Este filtro de privacidad para pantalla tambien es reversible. La cara mate elimina los reflejos y la cara brillante aumenta la claridad. El filtro protector para monitores de computadora de escritorio es una gran inversion a la hora de proteger su privacidad. Es una forma practica que resulta economica de proteger su informacion confidencial, propiedad intelectual o cualquier otro tipo de datos. Ya sea al trabajar en la oficina o en un entorno publico, no tiene que preocuparse por la seguridad de su pantalla, protegida gracias al filtro de angulo de vision de privacidad de +\/-30 grados. El borde con abertura en la esquina superior del filtro de privacidad facilita desinstalarlo a la hora de compartir contenido.<\/p>\n","protected":false},"featured_media":265408,"comment_status":"open","ping_status":"open","template":"","meta":[],"product_cat":[1485,2026],"product_tag":[1590],"acf":[],"yoast_head":"<!-- This site is optimized with the Yoast SEO plugin v21.7 - https:\/\/yoast.com\/wordpress\/plugins\/seo\/ -->\n<title>[ Startech.com ] &#129351; Privacy-screen-238m Filtro De Privacidad Para Monitores De 23.8 Pulgadas - Pantalla De Privacidad - Para Reducir Luz Azul - Mate\/brillante - 169 - Mod.<\/title>\n<meta name=\"description\" content=\"Compra Privacy-screen-238m Filtro De Privacidad Para Monitores De 23.8 Pulgadas - Pantalla De Privacidad - Para Reducir Luz Azul - Mate\/brillante - 169 - Mod. + Env\u00edo a domicilio + Pago seguro + Garant\u00eda\" \/>\n<meta name=\"robots\" content=\"index, follow, max-snippet:-1, max-image-preview:large, max-video-preview:-1\" \/>\n<link rel=\"canonical\" href=\"https:\/\/compuviper.mx\/tienda\/producto\/startech-com-privacy-screen-238m-filtro-de-privacidad-para-monitores-de-23-8-pulgadas-pantalla-de-privacidad-para-reducir-luz-azul-mate-brillante-169-mod\/\" \/>\n<meta property=\"og:locale\" content=\"es_MX\" \/>\n<meta property=\"og:type\" content=\"article\" \/>\n<meta property=\"og:title\" content=\"[ Startech.com ] &#129351; Privacy-screen-238m Filtro De Privacidad Para Monitores De 23.8 Pulgadas - Pantalla De Privacidad - Para Reducir Luz Azul - Mate\/brillante - 169 - Mod.\" \/>\n<meta property=\"og:description\" content=\"Compra Privacy-screen-238m Filtro De Privacidad Para Monitores De 23.8 Pulgadas - Pantalla De Privacidad - Para Reducir Luz Azul - Mate\/brillante - 169 - Mod. + Env\u00edo a domicilio + Pago seguro + Garant\u00eda\" \/>\n<meta property=\"og:url\" content=\"https:\/\/compuviper.mx\/tienda\/producto\/startech-com-privacy-screen-238m-filtro-de-privacidad-para-monitores-de-23-8-pulgadas-pantalla-de-privacidad-para-reducir-luz-azul-mate-brillante-169-mod\/\" \/>\n<meta property=\"og:site_name\" content=\"Compuviper\" \/>\n<meta property=\"article:publisher\" content=\"https:\/\/www.facebook.com\/compuviper\" \/>\n<meta property=\"article:modified_time\" content=\"2026-04-02T05:08:41+00:00\" \/>\n<meta property=\"og:image\" content=\"https:\/\/compuviper.mx\/tienda\/wp-content\/uploads\/2026\/01\/Filtro-de-privacidad-para-monitores-de-23.8-pulgadas-pantalla-de-privacidad-para-reducir-luz-azul-matebrillante-169-startech.com-mod.-privacy-screen-238m.jpg\" \/>\n\t<meta property=\"og:image:width\" content=\"200\" \/>\n\t<meta property=\"og:image:height\" content=\"200\" \/>\n\t<meta property=\"og:image:type\" content=\"image\/jpeg\" \/>\n<meta name=\"twitter:card\" content=\"summary_large_image\" \/>\n<meta name=\"twitter:label1\" content=\"Precio\" \/>\n\t<meta name=\"twitter:data1\" content=\"&#36;1,642 con IVA\" \/>\n\t<meta name=\"twitter:label2\" content=\"Availability\" \/>\n\t<meta name=\"twitter:data2\" content=\"On backorder\" \/>\n<script type=\"application\/ld+json\" class=\"yoast-schema-graph\">{\"@context\":\"https:\/\/schema.org\",\"@graph\":[{\"@type\":\"WebPage\",\"@id\":\"https:\/\/compuviper.mx\/tienda\/producto\/startech-com-privacy-screen-238m-filtro-de-privacidad-para-monitores-de-23-8-pulgadas-pantalla-de-privacidad-para-reducir-luz-azul-mate-brillante-169-mod\/\",\"url\":\"https:\/\/compuviper.mx\/tienda\/producto\/startech-com-privacy-screen-238m-filtro-de-privacidad-para-monitores-de-23-8-pulgadas-pantalla-de-privacidad-para-reducir-luz-azul-mate-brillante-169-mod\/\",\"name\":\"[ Startech.com ] &#129351; Privacy-screen-238m Filtro De Privacidad Para Monitores De 23.8 Pulgadas - Pantalla De Privacidad - Para Reducir Luz Azul - Mate\/brillante - 169 - Mod.\",\"isPartOf\":{\"@id\":\"https:\/\/compuviper.mx\/tienda\/#website\"},\"datePublished\":\"2026-04-02T05:08:40+00:00\",\"dateModified\":\"2026-04-02T05:08:41+00:00\",\"description\":\"Compra Privacy-screen-238m Filtro De Privacidad Para Monitores De 23.8 Pulgadas - Pantalla De Privacidad - Para Reducir Luz Azul - Mate\/brillante - 169 - Mod. + Env\u00edo a domicilio + Pago seguro + Garant\u00eda\",\"breadcrumb\":{\"@id\":\"https:\/\/compuviper.mx\/tienda\/producto\/startech-com-privacy-screen-238m-filtro-de-privacidad-para-monitores-de-23-8-pulgadas-pantalla-de-privacidad-para-reducir-luz-azul-mate-brillante-169-mod\/#breadcrumb\"},\"inLanguage\":\"es-MX\",\"potentialAction\":[{\"@type\":\"ReadAction\",\"target\":[\"https:\/\/compuviper.mx\/tienda\/producto\/startech-com-privacy-screen-238m-filtro-de-privacidad-para-monitores-de-23-8-pulgadas-pantalla-de-privacidad-para-reducir-luz-azul-mate-brillante-169-mod\/\"]}]},{\"@type\":\"BreadcrumbList\",\"@id\":\"https:\/\/compuviper.mx\/tienda\/producto\/startech-com-privacy-screen-238m-filtro-de-privacidad-para-monitores-de-23-8-pulgadas-pantalla-de-privacidad-para-reducir-luz-azul-mate-brillante-169-mod\/#breadcrumb\",\"itemListElement\":[{\"@type\":\"ListItem\",\"position\":1,\"name\":\"Inicio\",\"item\":\"https:\/\/compuviper.mx\/tienda\/\"},{\"@type\":\"ListItem\",\"position\":2,\"name\":\"Productos\",\"item\":\"https:\/\/compuviper.mx\/tienda\/productos\/\"},{\"@type\":\"ListItem\",\"position\":3,\"name\":\"Accesorios\",\"item\":\"https:\/\/compuviper.mx\/tienda\/categoria-producto\/accesorios\/\"},{\"@type\":\"ListItem\",\"position\":4,\"name\":\"Filtros\",\"item\":\"https:\/\/compuviper.mx\/tienda\/categoria-producto\/accesorios\/filtros\/\"},{\"@type\":\"ListItem\",\"position\":5,\"name\":\"Startech.com Privacy-screen-238m Filtro De Privacidad Para Monitores De 23.8 Pulgadas &#8211; Pantalla De Privacidad &#8211; Para Reducir Luz Azul &#8211; Mate\/brillante &#8211; 169 &#8211; Mod.\"}]},{\"@type\":\"WebSite\",\"@id\":\"https:\/\/compuviper.mx\/tienda\/#website\",\"url\":\"https:\/\/compuviper.mx\/tienda\/\",\"name\":\"Compuviper\",\"description\":\"Proveedor de Computadoras, Laptops, Servidores, Monitores, Puntos de Venta, Teclados,   Impresoras, T\u00f3ner, C\u00e1maras de Seguridad y m\u00e1s en tu tienda en l\u00ednea\",\"publisher\":{\"@id\":\"https:\/\/compuviper.mx\/tienda\/#organization\"},\"potentialAction\":[{\"@type\":\"SearchAction\",\"target\":{\"@type\":\"EntryPoint\",\"urlTemplate\":\"https:\/\/compuviper.mx\/tienda\/?s={search_term_string}\"},\"query-input\":\"required name=search_term_string\"}],\"inLanguage\":\"es-MX\"},{\"@type\":\"Organization\",\"@id\":\"https:\/\/compuviper.mx\/tienda\/#organization\",\"name\":\"Compuviper\",\"url\":\"https:\/\/compuviper.mx\/tienda\/\",\"logo\":{\"@type\":\"ImageObject\",\"inLanguage\":\"es-MX\",\"@id\":\"https:\/\/compuviper.mx\/tienda\/#\/schema\/logo\/image\/\",\"url\":\"https:\/\/compuviper.mx\/tienda\/wp-content\/uploads\/2021\/08\/Logo-Compuviper-10.png\",\"contentUrl\":\"https:\/\/compuviper.mx\/tienda\/wp-content\/uploads\/2021\/08\/Logo-Compuviper-10.png\",\"width\":1000,\"height\":500,\"caption\":\"Compuviper\"},\"image\":{\"@id\":\"https:\/\/compuviper.mx\/tienda\/#\/schema\/logo\/image\/\"},\"sameAs\":[\"https:\/\/www.facebook.com\/compuviper\",\"https:\/\/www.youtube.com\/channel\/UCf73dERp9Y3cfOq7q8BhLjA?view_as=subscriber\"]}]}<\/script>\n<meta property=\"product:brand\" content=\"STARTECH.COM\" \/>\n<meta property=\"product:price:amount\" content=\"1642\" \/>\n<meta property=\"product:price:currency\" content=\"MXN\" \/>\n<meta property=\"og:availability\" content=\"backorder\" \/>\n<meta property=\"product:availability\" content=\"available for order\" \/>\n<meta property=\"product:retailer_item_id\" content=\"PRIVACY-SCREEN-238M\" \/>\n<meta property=\"product:condition\" content=\"new\" \/>\n<!-- \/ Yoast SEO plugin. -->","yoast_head_json":{"title":"[ Startech.com ] &#129351; Privacy-screen-238m Filtro De Privacidad Para Monitores De 23.8 Pulgadas - Pantalla De Privacidad - Para Reducir Luz Azul - Mate\/brillante - 169 - Mod.","description":"Compra Privacy-screen-238m Filtro De Privacidad Para Monitores De 23.8 Pulgadas - Pantalla De Privacidad - Para Reducir Luz Azul - Mate\/brillante - 169 - Mod. + Env\u00edo a domicilio + Pago seguro + Garant\u00eda","robots":{"index":"index","follow":"follow","max-snippet":"max-snippet:-1","max-image-preview":"max-image-preview:large","max-video-preview":"max-video-preview:-1"},"canonical":"https:\/\/compuviper.mx\/tienda\/producto\/startech-com-privacy-screen-238m-filtro-de-privacidad-para-monitores-de-23-8-pulgadas-pantalla-de-privacidad-para-reducir-luz-azul-mate-brillante-169-mod\/","og_locale":"es_MX","og_type":"article","og_title":"[ Startech.com ] &#129351; Privacy-screen-238m Filtro De Privacidad Para Monitores De 23.8 Pulgadas - Pantalla De Privacidad - Para Reducir Luz Azul - Mate\/brillante - 169 - Mod.","og_description":"Compra Privacy-screen-238m Filtro De Privacidad Para Monitores De 23.8 Pulgadas - Pantalla De Privacidad - Para Reducir Luz Azul - Mate\/brillante - 169 - Mod. + Env\u00edo a domicilio + Pago seguro + Garant\u00eda","og_url":"https:\/\/compuviper.mx\/tienda\/producto\/startech-com-privacy-screen-238m-filtro-de-privacidad-para-monitores-de-23-8-pulgadas-pantalla-de-privacidad-para-reducir-luz-azul-mate-brillante-169-mod\/","og_site_name":"Compuviper","article_publisher":"https:\/\/www.facebook.com\/compuviper","article_modified_time":"2026-04-02T05:08:41+00:00","og_image":[{"width":200,"height":200,"url":"https:\/\/compuviper.mx\/tienda\/wp-content\/uploads\/2026\/01\/Filtro-de-privacidad-para-monitores-de-23.8-pulgadas-pantalla-de-privacidad-para-reducir-luz-azul-matebrillante-169-startech.com-mod.-privacy-screen-238m.jpg","type":"image\/jpeg"}],"twitter_card":"summary_large_image","twitter_misc":{"Precio":"&#36;1,642 con IVA","Availability":"On backorder"},"schema":{"@context":"https:\/\/schema.org","@graph":[{"@type":"WebPage","@id":"https:\/\/compuviper.mx\/tienda\/producto\/startech-com-privacy-screen-238m-filtro-de-privacidad-para-monitores-de-23-8-pulgadas-pantalla-de-privacidad-para-reducir-luz-azul-mate-brillante-169-mod\/","url":"https:\/\/compuviper.mx\/tienda\/producto\/startech-com-privacy-screen-238m-filtro-de-privacidad-para-monitores-de-23-8-pulgadas-pantalla-de-privacidad-para-reducir-luz-azul-mate-brillante-169-mod\/","name":"[ Startech.com ] &#129351; Privacy-screen-238m Filtro De Privacidad Para Monitores De 23.8 Pulgadas - Pantalla De Privacidad - Para Reducir Luz Azul - Mate\/brillante - 169 - Mod.","isPartOf":{"@id":"https:\/\/compuviper.mx\/tienda\/#website"},"datePublished":"2026-04-02T05:08:40+00:00","dateModified":"2026-04-02T05:08:41+00:00","description":"Compra Privacy-screen-238m Filtro De Privacidad Para Monitores De 23.8 Pulgadas - Pantalla De Privacidad - Para Reducir Luz Azul - Mate\/brillante - 169 - Mod. + Env\u00edo a domicilio + Pago seguro + Garant\u00eda","breadcrumb":{"@id":"https:\/\/compuviper.mx\/tienda\/producto\/startech-com-privacy-screen-238m-filtro-de-privacidad-para-monitores-de-23-8-pulgadas-pantalla-de-privacidad-para-reducir-luz-azul-mate-brillante-169-mod\/#breadcrumb"},"inLanguage":"es-MX","potentialAction":[{"@type":"ReadAction","target":["https:\/\/compuviper.mx\/tienda\/producto\/startech-com-privacy-screen-238m-filtro-de-privacidad-para-monitores-de-23-8-pulgadas-pantalla-de-privacidad-para-reducir-luz-azul-mate-brillante-169-mod\/"]}]},{"@type":"BreadcrumbList","@id":"https:\/\/compuviper.mx\/tienda\/producto\/startech-com-privacy-screen-238m-filtro-de-privacidad-para-monitores-de-23-8-pulgadas-pantalla-de-privacidad-para-reducir-luz-azul-mate-brillante-169-mod\/#breadcrumb","itemListElement":[{"@type":"ListItem","position":1,"name":"Inicio","item":"https:\/\/compuviper.mx\/tienda\/"},{"@type":"ListItem","position":2,"name":"Productos","item":"https:\/\/compuviper.mx\/tienda\/productos\/"},{"@type":"ListItem","position":3,"name":"Accesorios","item":"https:\/\/compuviper.mx\/tienda\/categoria-producto\/accesorios\/"},{"@type":"ListItem","position":4,"name":"Filtros","item":"https:\/\/compuviper.mx\/tienda\/categoria-producto\/accesorios\/filtros\/"},{"@type":"ListItem","position":5,"name":"Startech.com Privacy-screen-238m Filtro De Privacidad Para Monitores De 23.8 Pulgadas &#8211; Pantalla De Privacidad &#8211; Para Reducir Luz Azul &#8211; Mate\/brillante &#8211; 169 &#8211; Mod."}]},{"@type":"WebSite","@id":"https:\/\/compuviper.mx\/tienda\/#website","url":"https:\/\/compuviper.mx\/tienda\/","name":"Compuviper","description":"Proveedor de Computadoras, Laptops, Servidores, Monitores, Puntos de Venta, Teclados,   Impresoras, T\u00f3ner, C\u00e1maras de Seguridad y m\u00e1s en tu tienda en l\u00ednea","publisher":{"@id":"https:\/\/compuviper.mx\/tienda\/#organization"},"potentialAction":[{"@type":"SearchAction","target":{"@type":"EntryPoint","urlTemplate":"https:\/\/compuviper.mx\/tienda\/?s={search_term_string}"},"query-input":"required name=search_term_string"}],"inLanguage":"es-MX"},{"@type":"Organization","@id":"https:\/\/compuviper.mx\/tienda\/#organization","name":"Compuviper","url":"https:\/\/compuviper.mx\/tienda\/","logo":{"@type":"ImageObject","inLanguage":"es-MX","@id":"https:\/\/compuviper.mx\/tienda\/#\/schema\/logo\/image\/","url":"https:\/\/compuviper.mx\/tienda\/wp-content\/uploads\/2021\/08\/Logo-Compuviper-10.png","contentUrl":"https:\/\/compuviper.mx\/tienda\/wp-content\/uploads\/2021\/08\/Logo-Compuviper-10.png","width":1000,"height":500,"caption":"Compuviper"},"image":{"@id":"https:\/\/compuviper.mx\/tienda\/#\/schema\/logo\/image\/"},"sameAs":["https:\/\/www.facebook.com\/compuviper","https:\/\/www.youtube.com\/channel\/UCf73dERp9Y3cfOq7q8BhLjA?view_as=subscriber"]}]},"product_brand":"STARTECH.COM","product_price_amount":"1642","product_price_currency":"MXN","og_availability":"backorder","product_availability":"available for order","product_retailer_item_id":"PRIVACY-SCREEN-238M","product_condition":"new"},"_links":{"self":[{"href":"https:\/\/compuviper.mx\/tienda\/wp-json\/wp\/v2\/product\/265363"}],"collection":[{"href":"https:\/\/compuviper.mx\/tienda\/wp-json\/wp\/v2\/product"}],"about":[{"href":"https:\/\/compuviper.mx\/tienda\/wp-json\/wp\/v2\/types\/product"}],"replies":[{"embeddable":true,"href":"https:\/\/compuviper.mx\/tienda\/wp-json\/wp\/v2\/comments?post=265363"}],"wp:featuredmedia":[{"embeddable":true,"href":"https:\/\/compuviper.mx\/tienda\/wp-json\/wp\/v2\/media\/265408"}],"wp:attachment":[{"href":"https:\/\/compuviper.mx\/tienda\/wp-json\/wp\/v2\/media?parent=265363"}],"wp:term":[{"taxonomy":"product_cat","embeddable":true,"href":"https:\/\/compuviper.mx\/tienda\/wp-json\/wp\/v2\/product_cat?post=265363"},{"taxonomy":"product_tag","embeddable":true,"href":"https:\/\/compuviper.mx\/tienda\/wp-json\/wp\/v2\/product_tag?post=265363"}],"curies":[{"name":"wp","href":"https:\/\/api.w.org\/{rel}","templated":true}]}}