{"id":265346,"date":"2026-04-02T00:55:16","date_gmt":"2026-04-02T06:55:16","guid":{"rendered":"https:\/\/compuviper.mx\/tienda\/producto\/balam-rush-br-944137-monitor-gamer-cosmos-arcus-mca34x-34-pulgadas-curvo-2-bocinas-de-3w-165-hz-2x-dp-1-4-2x-hdmi-2-0-1-ms-led-freesync-g-sync-negro\/"},"modified":"2026-04-02T00:55:16","modified_gmt":"2026-04-02T06:55:16","slug":"balam-rush-br-944137-monitor-gamer-cosmos-arcus-mca34x-34-pulgadas-curvo-2-bocinas-de-3w-165-hz-2x-dp-1-4-2x-hdmi-2-0-1-ms-led-freesync-g-sync-negro","status":"publish","type":"product","link":"https:\/\/compuviper.mx\/tienda\/producto\/balam-rush-br-944137-monitor-gamer-cosmos-arcus-mca34x-34-pulgadas-curvo-2-bocinas-de-3w-165-hz-2x-dp-1-4-2x-hdmi-2-0-1-ms-led-freesync-g-sync-negro\/","title":{"rendered":"Balam Rush Br-944137 Monitor Gamer  Cosmos Arcus Mca34x \/ 34 Pulgadas \/ Curvo \/ 2 Bocinas De 3w \/ 165 Hz \/ 2x Dp 1.4 \/ 2x Hdmi 2.0 \/ 1 Ms \/ Led \/  Freesync\/g-sync \/ Negro \/"},"content":{"rendered":"<table class=\"descripcion\">\n<tr>\n<td>Ficha tecnica<\/td>\n<\/tr>\n<tr>\n<td>Monitor gamer cosmos arcus mca34x<\/td>\n<\/tr>\n<tr>\n<td>\u0095 modelo: br-944137<\/td>\n<\/tr>\n<tr>\n<td>\u0095 producto: monitor gamer<\/td>\n<\/tr>\n<tr>\n<td>\u0095 materiales: metal y plastico<\/td>\n<\/tr>\n<tr>\n<td>\u0095 dimensiones: 80.6 x 52.4 x 11.2 cm<\/td>\n<\/tr>\n<tr>\n<td>\u0095 peso: 5.100 kg<\/td>\n<\/tr>\n<tr>\n<td>\u0095 tipo de panel: va<\/td>\n<\/tr>\n<tr>\n<td>\u0095 forma de pantalla: curvo<\/td>\n<\/tr>\n<tr>\n<td>\u0095 tamano de pantalla: 34.0 pulgadas<\/td>\n<\/tr>\n<tr>\n<td>\u0095 resolucion maxima: 3440 x 1440<\/td>\n<\/tr>\n<tr>\n<td>\u0095 relacion de aspecto: 21:9<\/td>\n<\/tr>\n<tr>\n<td>\u0095 frecuencia de actualizacion (hz): dp 1.4 &#8211; 165 hz hdmi 2.0 &#8211; 100 hz<\/td>\n<\/tr>\n<tr>\n<td>\u0095 pantalla a color: 16.7 m (8 bits)<\/td>\n<\/tr>\n<tr>\n<td>\u0095 angulos de vision grados: 178 grados \/ 178 grados<\/td>\n<\/tr>\n<tr>\n<td>\u0095 tipo de iluminacion: led<\/td>\n<\/tr>\n<tr>\n<td>\u0095 brillo (cd\/m2): 300 cd\/m2<\/td>\n<\/tr>\n<tr>\n<td>\u0095 relacion de contraste: 3000:1<\/td>\n<\/tr>\n<tr>\n<td>\u0095 tiempo de respuesta: mprt\/1ms<\/td>\n<\/tr>\n<tr>\n<td>\u0095 tipo hd: wqhd<\/td>\n<\/tr>\n<tr>\n<td>\u0095 pantalla radio: r1500<\/td>\n<\/tr>\n<tr>\n<td>\u0095 diseno sin marco: si<\/td>\n<\/tr>\n<tr>\n<td>\u0095 i\/o: 2x dp 1.4<\/td>\n<\/tr>\n<tr>\n<td>        2x hdmi 2.0<\/td>\n<\/tr>\n<tr>\n<td>        1x audio out 3.5 mm<\/td>\n<\/tr>\n<tr>\n<td>        1x dc<\/td>\n<\/tr>\n<tr>\n<td>\u0095 control: joystick<\/td>\n<\/tr>\n<tr>\n<td>\u0095 tecnologias: low blue light, flicker free, od<\/td>\n<\/tr>\n<tr>\n<td>        eco, freesync\/g-snyc, mprt<\/td>\n<\/tr>\n<tr>\n<td>        ai vision, aicrosshair,<\/td>\n<\/tr>\n<tr>\n<td>        pbp\/pip<\/td>\n<\/tr>\n<tr>\n<td>        2x bocinas 3 w<\/td>\n<\/tr>\n<\/table>\n","protected":false},"excerpt":{"rendered":"<p>El cosmos arcus mca34x de balam rush redefine la forma de trabajar y jugar. Con su pantalla curva ultrawide y desempeno de alto nivel, transforma cada tarea en una experiencia envolvente. Ideal para gamers, creadores de contenido y profesionales que buscan potencia y estilo en un solo monitor.<\/p>\n","protected":false},"featured_media":0,"comment_status":"open","ping_status":"open","template":"","meta":[],"product_cat":[1741,1740],"product_tag":[2097],"acf":[],"yoast_head":"<!-- This site is optimized with the Yoast SEO plugin v21.7 - https:\/\/yoast.com\/wordpress\/plugins\/seo\/ -->\n<title>[ Balam Rush ] &#129351; Br-944137 Monitor Gamer Cosmos Arcus Mca34x \/ 34 Pulgadas \/ Curvo \/ 2 Bocinas De 3w \/ 165 Hz \/ 2x Dp 1.4 \/ 2x Hdmi 2.0 \/ 1 Ms \/ Led \/ Freesync\/g-sync \/ Negro \/<\/title>\n<meta name=\"description\" content=\"Compra Br-944137 Monitor Gamer Cosmos Arcus Mca34x \/ 34 Pulgadas \/ Curvo \/ 2 Bocinas De 3w \/ 165 Hz \/ 2x Dp 1.4 \/ 2x Hdmi 2.0 \/ 1 Ms \/ Led \/ Freesync\/g-sync \/ Negro \/ + Env\u00edo a domicilio + Pago seguro + Garant\u00eda\" \/>\n<meta name=\"robots\" content=\"index, follow, max-snippet:-1, max-image-preview:large, max-video-preview:-1\" \/>\n<link rel=\"canonical\" href=\"https:\/\/compuviper.mx\/tienda\/producto\/balam-rush-br-944137-monitor-gamer-cosmos-arcus-mca34x-34-pulgadas-curvo-2-bocinas-de-3w-165-hz-2x-dp-1-4-2x-hdmi-2-0-1-ms-led-freesync-g-sync-negro\/\" \/>\n<meta property=\"og:locale\" content=\"es_MX\" \/>\n<meta property=\"og:type\" content=\"article\" \/>\n<meta property=\"og:title\" content=\"[ Balam Rush ] &#129351; Br-944137 Monitor Gamer Cosmos Arcus Mca34x \/ 34 Pulgadas \/ Curvo \/ 2 Bocinas De 3w \/ 165 Hz \/ 2x Dp 1.4 \/ 2x Hdmi 2.0 \/ 1 Ms \/ Led \/ Freesync\/g-sync \/ Negro \/\" \/>\n<meta property=\"og:description\" content=\"Compra Br-944137 Monitor Gamer Cosmos Arcus Mca34x \/ 34 Pulgadas \/ Curvo \/ 2 Bocinas De 3w \/ 165 Hz \/ 2x Dp 1.4 \/ 2x Hdmi 2.0 \/ 1 Ms \/ Led \/ Freesync\/g-sync \/ Negro \/ + Env\u00edo a domicilio + Pago seguro + Garant\u00eda\" \/>\n<meta property=\"og:url\" content=\"https:\/\/compuviper.mx\/tienda\/producto\/balam-rush-br-944137-monitor-gamer-cosmos-arcus-mca34x-34-pulgadas-curvo-2-bocinas-de-3w-165-hz-2x-dp-1-4-2x-hdmi-2-0-1-ms-led-freesync-g-sync-negro\/\" \/>\n<meta property=\"og:site_name\" content=\"Compuviper\" \/>\n<meta property=\"article:publisher\" content=\"https:\/\/www.facebook.com\/compuviper\" \/>\n<meta name=\"twitter:card\" content=\"summary_large_image\" \/>\n<meta name=\"twitter:label1\" content=\"Precio\" \/>\n\t<meta name=\"twitter:data1\" content=\"&#36;4,360 con IVA\" \/>\n\t<meta name=\"twitter:label2\" content=\"Availability\" \/>\n\t<meta name=\"twitter:data2\" content=\"Out of stock\" \/>\n<script type=\"application\/ld+json\" class=\"yoast-schema-graph\">{\"@context\":\"https:\/\/schema.org\",\"@graph\":[{\"@type\":\"WebPage\",\"@id\":\"https:\/\/compuviper.mx\/tienda\/producto\/balam-rush-br-944137-monitor-gamer-cosmos-arcus-mca34x-34-pulgadas-curvo-2-bocinas-de-3w-165-hz-2x-dp-1-4-2x-hdmi-2-0-1-ms-led-freesync-g-sync-negro\/\",\"url\":\"https:\/\/compuviper.mx\/tienda\/producto\/balam-rush-br-944137-monitor-gamer-cosmos-arcus-mca34x-34-pulgadas-curvo-2-bocinas-de-3w-165-hz-2x-dp-1-4-2x-hdmi-2-0-1-ms-led-freesync-g-sync-negro\/\",\"name\":\"[ Balam Rush ] &#129351; Br-944137 Monitor Gamer Cosmos Arcus Mca34x \/ 34 Pulgadas \/ Curvo \/ 2 Bocinas De 3w \/ 165 Hz \/ 2x Dp 1.4 \/ 2x Hdmi 2.0 \/ 1 Ms \/ Led \/ Freesync\/g-sync \/ Negro \/\",\"isPartOf\":{\"@id\":\"https:\/\/compuviper.mx\/tienda\/#website\"},\"datePublished\":\"2026-04-02T06:55:16+00:00\",\"dateModified\":\"2026-04-02T06:55:16+00:00\",\"description\":\"Compra Br-944137 Monitor Gamer Cosmos Arcus Mca34x \/ 34 Pulgadas \/ Curvo \/ 2 Bocinas De 3w \/ 165 Hz \/ 2x Dp 1.4 \/ 2x Hdmi 2.0 \/ 1 Ms \/ Led \/ Freesync\/g-sync \/ Negro \/ + Env\u00edo a domicilio + Pago seguro + Garant\u00eda\",\"breadcrumb\":{\"@id\":\"https:\/\/compuviper.mx\/tienda\/producto\/balam-rush-br-944137-monitor-gamer-cosmos-arcus-mca34x-34-pulgadas-curvo-2-bocinas-de-3w-165-hz-2x-dp-1-4-2x-hdmi-2-0-1-ms-led-freesync-g-sync-negro\/#breadcrumb\"},\"inLanguage\":\"es-MX\",\"potentialAction\":[{\"@type\":\"ReadAction\",\"target\":[\"https:\/\/compuviper.mx\/tienda\/producto\/balam-rush-br-944137-monitor-gamer-cosmos-arcus-mca34x-34-pulgadas-curvo-2-bocinas-de-3w-165-hz-2x-dp-1-4-2x-hdmi-2-0-1-ms-led-freesync-g-sync-negro\/\"]}]},{\"@type\":\"BreadcrumbList\",\"@id\":\"https:\/\/compuviper.mx\/tienda\/producto\/balam-rush-br-944137-monitor-gamer-cosmos-arcus-mca34x-34-pulgadas-curvo-2-bocinas-de-3w-165-hz-2x-dp-1-4-2x-hdmi-2-0-1-ms-led-freesync-g-sync-negro\/#breadcrumb\",\"itemListElement\":[{\"@type\":\"ListItem\",\"position\":1,\"name\":\"Inicio\",\"item\":\"https:\/\/compuviper.mx\/tienda\/\"},{\"@type\":\"ListItem\",\"position\":2,\"name\":\"Productos\",\"item\":\"https:\/\/compuviper.mx\/tienda\/productos\/\"},{\"@type\":\"ListItem\",\"position\":3,\"name\":\"Monitores\",\"item\":\"https:\/\/compuviper.mx\/tienda\/categoria-producto\/monitores\/\"},{\"@type\":\"ListItem\",\"position\":4,\"name\":\"Led\",\"item\":\"https:\/\/compuviper.mx\/tienda\/categoria-producto\/monitores\/led\/\"},{\"@type\":\"ListItem\",\"position\":5,\"name\":\"Balam Rush Br-944137 Monitor Gamer Cosmos Arcus Mca34x \/ 34 Pulgadas \/ Curvo \/ 2 Bocinas De 3w \/ 165 Hz \/ 2x Dp 1.4 \/ 2x Hdmi 2.0 \/ 1 Ms \/ Led \/ Freesync\/g-sync \/ Negro \/\"}]},{\"@type\":\"WebSite\",\"@id\":\"https:\/\/compuviper.mx\/tienda\/#website\",\"url\":\"https:\/\/compuviper.mx\/tienda\/\",\"name\":\"Compuviper\",\"description\":\"Proveedor de Computadoras, Laptops, Servidores, Monitores, Puntos de Venta, Teclados,   Impresoras, T\u00f3ner, C\u00e1maras de Seguridad y m\u00e1s en tu tienda en l\u00ednea\",\"publisher\":{\"@id\":\"https:\/\/compuviper.mx\/tienda\/#organization\"},\"potentialAction\":[{\"@type\":\"SearchAction\",\"target\":{\"@type\":\"EntryPoint\",\"urlTemplate\":\"https:\/\/compuviper.mx\/tienda\/?s={search_term_string}\"},\"query-input\":\"required name=search_term_string\"}],\"inLanguage\":\"es-MX\"},{\"@type\":\"Organization\",\"@id\":\"https:\/\/compuviper.mx\/tienda\/#organization\",\"name\":\"Compuviper\",\"url\":\"https:\/\/compuviper.mx\/tienda\/\",\"logo\":{\"@type\":\"ImageObject\",\"inLanguage\":\"es-MX\",\"@id\":\"https:\/\/compuviper.mx\/tienda\/#\/schema\/logo\/image\/\",\"url\":\"https:\/\/compuviper.mx\/tienda\/wp-content\/uploads\/2021\/08\/Logo-Compuviper-10.png\",\"contentUrl\":\"https:\/\/compuviper.mx\/tienda\/wp-content\/uploads\/2021\/08\/Logo-Compuviper-10.png\",\"width\":1000,\"height\":500,\"caption\":\"Compuviper\"},\"image\":{\"@id\":\"https:\/\/compuviper.mx\/tienda\/#\/schema\/logo\/image\/\"},\"sameAs\":[\"https:\/\/www.facebook.com\/compuviper\",\"https:\/\/www.youtube.com\/channel\/UCf73dERp9Y3cfOq7q8BhLjA?view_as=subscriber\"]}]}<\/script>\n<meta property=\"product:brand\" content=\"Balam Rush\" \/>\n<meta property=\"product:price:amount\" content=\"4360\" \/>\n<meta property=\"product:price:currency\" content=\"MXN\" \/>\n<meta property=\"og:availability\" content=\"out of stock\" \/>\n<meta property=\"product:availability\" content=\"out of stock\" \/>\n<meta property=\"product:retailer_item_id\" content=\"BR-944137\" \/>\n<meta property=\"product:condition\" content=\"new\" \/>\n<!-- \/ Yoast SEO plugin. -->","yoast_head_json":{"title":"[ Balam Rush ] &#129351; Br-944137 Monitor Gamer Cosmos Arcus Mca34x \/ 34 Pulgadas \/ Curvo \/ 2 Bocinas De 3w \/ 165 Hz \/ 2x Dp 1.4 \/ 2x Hdmi 2.0 \/ 1 Ms \/ Led \/ Freesync\/g-sync \/ Negro \/","description":"Compra Br-944137 Monitor Gamer Cosmos Arcus Mca34x \/ 34 Pulgadas \/ Curvo \/ 2 Bocinas De 3w \/ 165 Hz \/ 2x Dp 1.4 \/ 2x Hdmi 2.0 \/ 1 Ms \/ Led \/ Freesync\/g-sync \/ Negro \/ + Env\u00edo a domicilio + Pago seguro + Garant\u00eda","robots":{"index":"index","follow":"follow","max-snippet":"max-snippet:-1","max-image-preview":"max-image-preview:large","max-video-preview":"max-video-preview:-1"},"canonical":"https:\/\/compuviper.mx\/tienda\/producto\/balam-rush-br-944137-monitor-gamer-cosmos-arcus-mca34x-34-pulgadas-curvo-2-bocinas-de-3w-165-hz-2x-dp-1-4-2x-hdmi-2-0-1-ms-led-freesync-g-sync-negro\/","og_locale":"es_MX","og_type":"article","og_title":"[ Balam Rush ] &#129351; Br-944137 Monitor Gamer Cosmos Arcus Mca34x \/ 34 Pulgadas \/ Curvo \/ 2 Bocinas De 3w \/ 165 Hz \/ 2x Dp 1.4 \/ 2x Hdmi 2.0 \/ 1 Ms \/ Led \/ Freesync\/g-sync \/ Negro \/","og_description":"Compra Br-944137 Monitor Gamer Cosmos Arcus Mca34x \/ 34 Pulgadas \/ Curvo \/ 2 Bocinas De 3w \/ 165 Hz \/ 2x Dp 1.4 \/ 2x Hdmi 2.0 \/ 1 Ms \/ Led \/ Freesync\/g-sync \/ Negro \/ + Env\u00edo a domicilio + Pago seguro + Garant\u00eda","og_url":"https:\/\/compuviper.mx\/tienda\/producto\/balam-rush-br-944137-monitor-gamer-cosmos-arcus-mca34x-34-pulgadas-curvo-2-bocinas-de-3w-165-hz-2x-dp-1-4-2x-hdmi-2-0-1-ms-led-freesync-g-sync-negro\/","og_site_name":"Compuviper","article_publisher":"https:\/\/www.facebook.com\/compuviper","twitter_card":"summary_large_image","twitter_misc":{"Precio":"&#36;4,360 con IVA","Availability":"Out of stock"},"schema":{"@context":"https:\/\/schema.org","@graph":[{"@type":"WebPage","@id":"https:\/\/compuviper.mx\/tienda\/producto\/balam-rush-br-944137-monitor-gamer-cosmos-arcus-mca34x-34-pulgadas-curvo-2-bocinas-de-3w-165-hz-2x-dp-1-4-2x-hdmi-2-0-1-ms-led-freesync-g-sync-negro\/","url":"https:\/\/compuviper.mx\/tienda\/producto\/balam-rush-br-944137-monitor-gamer-cosmos-arcus-mca34x-34-pulgadas-curvo-2-bocinas-de-3w-165-hz-2x-dp-1-4-2x-hdmi-2-0-1-ms-led-freesync-g-sync-negro\/","name":"[ Balam Rush ] &#129351; Br-944137 Monitor Gamer Cosmos Arcus Mca34x \/ 34 Pulgadas \/ Curvo \/ 2 Bocinas De 3w \/ 165 Hz \/ 2x Dp 1.4 \/ 2x Hdmi 2.0 \/ 1 Ms \/ Led \/ Freesync\/g-sync \/ Negro \/","isPartOf":{"@id":"https:\/\/compuviper.mx\/tienda\/#website"},"datePublished":"2026-04-02T06:55:16+00:00","dateModified":"2026-04-02T06:55:16+00:00","description":"Compra Br-944137 Monitor Gamer Cosmos Arcus Mca34x \/ 34 Pulgadas \/ Curvo \/ 2 Bocinas De 3w \/ 165 Hz \/ 2x Dp 1.4 \/ 2x Hdmi 2.0 \/ 1 Ms \/ Led \/ Freesync\/g-sync \/ Negro \/ + Env\u00edo a domicilio + Pago seguro + Garant\u00eda","breadcrumb":{"@id":"https:\/\/compuviper.mx\/tienda\/producto\/balam-rush-br-944137-monitor-gamer-cosmos-arcus-mca34x-34-pulgadas-curvo-2-bocinas-de-3w-165-hz-2x-dp-1-4-2x-hdmi-2-0-1-ms-led-freesync-g-sync-negro\/#breadcrumb"},"inLanguage":"es-MX","potentialAction":[{"@type":"ReadAction","target":["https:\/\/compuviper.mx\/tienda\/producto\/balam-rush-br-944137-monitor-gamer-cosmos-arcus-mca34x-34-pulgadas-curvo-2-bocinas-de-3w-165-hz-2x-dp-1-4-2x-hdmi-2-0-1-ms-led-freesync-g-sync-negro\/"]}]},{"@type":"BreadcrumbList","@id":"https:\/\/compuviper.mx\/tienda\/producto\/balam-rush-br-944137-monitor-gamer-cosmos-arcus-mca34x-34-pulgadas-curvo-2-bocinas-de-3w-165-hz-2x-dp-1-4-2x-hdmi-2-0-1-ms-led-freesync-g-sync-negro\/#breadcrumb","itemListElement":[{"@type":"ListItem","position":1,"name":"Inicio","item":"https:\/\/compuviper.mx\/tienda\/"},{"@type":"ListItem","position":2,"name":"Productos","item":"https:\/\/compuviper.mx\/tienda\/productos\/"},{"@type":"ListItem","position":3,"name":"Monitores","item":"https:\/\/compuviper.mx\/tienda\/categoria-producto\/monitores\/"},{"@type":"ListItem","position":4,"name":"Led","item":"https:\/\/compuviper.mx\/tienda\/categoria-producto\/monitores\/led\/"},{"@type":"ListItem","position":5,"name":"Balam Rush Br-944137 Monitor Gamer Cosmos Arcus Mca34x \/ 34 Pulgadas \/ Curvo \/ 2 Bocinas De 3w \/ 165 Hz \/ 2x Dp 1.4 \/ 2x Hdmi 2.0 \/ 1 Ms \/ Led \/ Freesync\/g-sync \/ Negro \/"}]},{"@type":"WebSite","@id":"https:\/\/compuviper.mx\/tienda\/#website","url":"https:\/\/compuviper.mx\/tienda\/","name":"Compuviper","description":"Proveedor de Computadoras, Laptops, Servidores, Monitores, Puntos de Venta, Teclados,   Impresoras, T\u00f3ner, C\u00e1maras de Seguridad y m\u00e1s en tu tienda en l\u00ednea","publisher":{"@id":"https:\/\/compuviper.mx\/tienda\/#organization"},"potentialAction":[{"@type":"SearchAction","target":{"@type":"EntryPoint","urlTemplate":"https:\/\/compuviper.mx\/tienda\/?s={search_term_string}"},"query-input":"required name=search_term_string"}],"inLanguage":"es-MX"},{"@type":"Organization","@id":"https:\/\/compuviper.mx\/tienda\/#organization","name":"Compuviper","url":"https:\/\/compuviper.mx\/tienda\/","logo":{"@type":"ImageObject","inLanguage":"es-MX","@id":"https:\/\/compuviper.mx\/tienda\/#\/schema\/logo\/image\/","url":"https:\/\/compuviper.mx\/tienda\/wp-content\/uploads\/2021\/08\/Logo-Compuviper-10.png","contentUrl":"https:\/\/compuviper.mx\/tienda\/wp-content\/uploads\/2021\/08\/Logo-Compuviper-10.png","width":1000,"height":500,"caption":"Compuviper"},"image":{"@id":"https:\/\/compuviper.mx\/tienda\/#\/schema\/logo\/image\/"},"sameAs":["https:\/\/www.facebook.com\/compuviper","https:\/\/www.youtube.com\/channel\/UCf73dERp9Y3cfOq7q8BhLjA?view_as=subscriber"]}]},"product_brand":"Balam Rush","product_price_amount":"4360","product_price_currency":"MXN","og_availability":"out of stock","product_availability":"out of stock","product_retailer_item_id":"BR-944137","product_condition":"new"},"_links":{"self":[{"href":"https:\/\/compuviper.mx\/tienda\/wp-json\/wp\/v2\/product\/265346"}],"collection":[{"href":"https:\/\/compuviper.mx\/tienda\/wp-json\/wp\/v2\/product"}],"about":[{"href":"https:\/\/compuviper.mx\/tienda\/wp-json\/wp\/v2\/types\/product"}],"replies":[{"embeddable":true,"href":"https:\/\/compuviper.mx\/tienda\/wp-json\/wp\/v2\/comments?post=265346"}],"wp:attachment":[{"href":"https:\/\/compuviper.mx\/tienda\/wp-json\/wp\/v2\/media?parent=265346"}],"wp:term":[{"taxonomy":"product_cat","embeddable":true,"href":"https:\/\/compuviper.mx\/tienda\/wp-json\/wp\/v2\/product_cat?post=265346"},{"taxonomy":"product_tag","embeddable":true,"href":"https:\/\/compuviper.mx\/tienda\/wp-json\/wp\/v2\/product_tag?post=265346"}],"curies":[{"name":"wp","href":"https:\/\/api.w.org\/{rel}","templated":true}]}}