{"id":265303,"date":"2026-04-16T01:49:45","date_gmt":"2026-04-16T07:49:45","guid":{"rendered":"https:\/\/compuviper.mx\/tienda\/producto\/sandisk-sdsqxfn-512g-gn4nn-memoria-micro-sdxc-express-512gb-nintendo-switch-2-880mb-s\/"},"modified":"2026-04-16T01:49:45","modified_gmt":"2026-04-16T07:49:45","slug":"sandisk-sdsqxfn-512g-gn4nn-memoria-micro-sdxc-express-512gb-nintendo-switch-2-880mb-s","status":"publish","type":"product","link":"https:\/\/compuviper.mx\/tienda\/producto\/sandisk-sdsqxfn-512g-gn4nn-memoria-micro-sdxc-express-512gb-nintendo-switch-2-880mb-s\/","title":{"rendered":"Sandisk Sdsqxfn-512g-gn4nn Memoria  Micro Sdxc Express 512gb Nintendo Switch 2 880mb\/s"},"content":{"rendered":"<table class=\"descripcion\">\n<tr>\n<td>Capacidad  512 gb<\/td>\n<\/tr>\n<tr>\n<td>Formato  microsdxc<\/td>\n<\/tr>\n<tr>\n<td>Rendimiento de lectura secuencial  880mb\/s<\/td>\n<\/tr>\n<tr>\n<td>Rendimiento de escritura secuencial  650mb\/s<\/td>\n<\/tr>\n<tr>\n<td>Interfaz  pcie nvme  uhs-i<\/td>\n<\/tr>\n<tr>\n<td>Dimensiones (largo, ancho y alto)  0.59 x 0.43 x 0.04<\/td>\n<\/tr>\n<tr>\n<td>Garantia limitada<\/td>\n<\/tr>\n<tr>\n<td>Peso  0.26gms<\/td>\n<\/tr>\n<tr>\n<td>Numero de modelo  sdsqxfn-512g-gn4nn<\/td>\n<\/tr>\n<tr>\n<td>Temp. operativa  -13\u00b0f to 185\u00b0f<\/td>\n<\/tr>\n<tr>\n<td>Non-operating temperature  -40\u00b0f to 185\u00b0f<\/td>\n<\/tr>\n<tr>\n<td>Caracteristicas del producto :<\/td>\n<\/tr>\n<tr>\n<td>\u0095productos ultrarrapidos listos para el futuro con una interfaz pcie-nvme y un rendimiento a velocidades uhs-i<\/td>\n<\/tr>\n<tr>\n<td>\u0095hasta 4,4 veces mas rapida que nuestras tarjetas microsd uhs-i mas rapidas<\/td>\n<\/tr>\n<tr>\n<td>\u0095nuestras tarjetas son a prueba de agua, de temperatura, de humedad, de caidas, de golpes, de magnetismo, de rayos x y de desgaste<\/td>\n<\/tr>\n<tr>\n<td>Compatibilidad<\/td>\n<\/tr>\n<tr>\n<td>\u0095dispositivos que tienen una ranura para microsdxc, incluidos telefonos inteligentes y tabletas android, camaras de accion, drones, consolas de juego portatiles y computadoras portatiles.<\/td>\n<\/tr>\n<tr>\n<td>\u0095dispositivos que incluyen ranuras para microsd express, microsd uhs-i y microsd uhs-ii.<\/td>\n<\/tr>\n<tr>\n<td>\u0095alcanzan las velocidades de microsd uhs-i cuando se utilizan con dispositivos que funcionan con microsd uhs-i y microsd uhs-ii.<\/td>\n<\/tr>\n<\/table>\n","protected":false},"excerpt":{"rendered":"<p>Velocidad superior para experiencias de otro nivel. Dale rienda suelta a todo tu potencial creativo y sumergete en nuevas experiencias con sandisk microsd express, la tarjeta microsd de ultima generacion para los usuarios mas exigentes. Descarga tus fotografias en tiempo record y transfiere una pelicula hd de 2 horas en menos de 3,5 segundos con el lector sandisk pro-reader para dos tarjetas sd express2 (se venden por separado): velocidades hasta 4,4 veces mas rapidas que nuestras tarjetas microsd uhs-i mas veloces. Juega mas rapido y explora mundos virtuales que se ven mas realistas que nunca. Ademas de ahorrar tiempo, crea contenido inmersivo superior con una tarjeta que admite velocidades de rafaga y velocidades de grabacion continua mas rapidas que una tarjeta sd uhs-ii. Con la incorporacion de una interfaz pcie gen 3-nvme, la tarjeta microsd express representa un enorme avance en la evolucion del formato microsd, con rendimientos similares a los de una unidad ssd basica portatil. Las tarjetas sandisk microsd express funcionan con los dispositivos para microsd uhs-i y uhs-ii actuales, por lo que admiten videos hasta 5.3k y captura de imagenes raw de 10 mp. Thermadapt de sandisk te permite evitar que tus dispositivos se sobrecalienten con una carcasa especialmente dise\u00f1ada y un controlador t\u00e9rmico adaptable. La tecnologia sandisk microsd express prepara a la siguiente generaci\u00f3n de creadores y exploradores para el futuro de los dispositivos ultrarrapidos. Listo para el futuro. Productos ultrarrapidos listos para el futuro con una interfaz pcie-nvme y un rendimiento a velocidades uhs-i con dispositivos que funcionan con microsd uhs-i y uhs-ii. Rendimiento exponencialmente mas rapido. Velocidades de lectura hasta 4,4 veces mas rapidas que las de nuestras tarjetas microsd uhs-i mas veloces con velocidades de transferencia que llegan hasta 880 mb\/s. Un enorme ahorro de tiempo. Transfiere una pelicula hd de 2 horas en menos de 3,5 segundos2 y ahorra hasta 2,8 minutos al transferir 60 minutos de video 4k uhd6 grabado a 30 fps con el lector sandisk pro-reader para dos tarjetas sd express (se venden por separado. Durabilidad en la que puedes confiar. Nuestras tarjetas son a prueba de agua, de temperatura, de humedad, de caidas, de golpes, de magnetismo, de rayos x y de desgaste. Confianos tu contenido. Experimenta un rendimiento confiable y tranquilidad con su garantia. Recuperacion confiable de archivos. Relajate sabiendo que los archivos eliminados por accidente se pueden recuperar al activar el servicio de recuperacion de archivos rescuepro deluxe de dos a\u00f1os de duracion. Capturas excepcionales. Una tarjeta lista para video que captura brillantes videos en 4k y 5.3k, ademas de imagenes full hd en camara lenta.<\/p>\n","protected":false},"featured_media":265304,"comment_status":"open","ping_status":"open","template":"","meta":[],"product_cat":[1793,1795],"product_tag":[1709],"acf":[],"yoast_head":"<!-- This site is optimized with the Yoast SEO plugin v21.7 - https:\/\/yoast.com\/wordpress\/plugins\/seo\/ -->\n<title>[ Sandisk ] &#129351; Sdsqxfn-512g-gn4nn Memoria Micro Sdxc Express 512gb Nintendo Switch 2 880mb\/s<\/title>\n<meta name=\"description\" content=\"Compra Sdsqxfn-512g-gn4nn Memoria Micro Sdxc Express 512gb Nintendo Switch 2 880mb\/s + Env\u00edo a domicilio + Pago seguro + Garant\u00eda\" \/>\n<meta name=\"robots\" content=\"index, follow, max-snippet:-1, max-image-preview:large, max-video-preview:-1\" \/>\n<link rel=\"canonical\" href=\"https:\/\/compuviper.mx\/tienda\/producto\/sandisk-sdsqxfn-512g-gn4nn-memoria-micro-sdxc-express-512gb-nintendo-switch-2-880mb-s\/\" \/>\n<meta property=\"og:locale\" content=\"es_MX\" \/>\n<meta property=\"og:type\" content=\"article\" \/>\n<meta property=\"og:title\" content=\"[ Sandisk ] &#129351; Sdsqxfn-512g-gn4nn Memoria Micro Sdxc Express 512gb Nintendo Switch 2 880mb\/s\" \/>\n<meta property=\"og:description\" content=\"Compra Sdsqxfn-512g-gn4nn Memoria Micro Sdxc Express 512gb Nintendo Switch 2 880mb\/s + Env\u00edo a domicilio + Pago seguro + Garant\u00eda\" \/>\n<meta property=\"og:url\" content=\"https:\/\/compuviper.mx\/tienda\/producto\/sandisk-sdsqxfn-512g-gn4nn-memoria-micro-sdxc-express-512gb-nintendo-switch-2-880mb-s\/\" \/>\n<meta property=\"og:site_name\" content=\"Compuviper\" \/>\n<meta property=\"article:publisher\" content=\"https:\/\/www.facebook.com\/compuviper\" \/>\n<meta property=\"og:image\" content=\"https:\/\/compuviper.mx\/tienda\/wp-content\/uploads\/2026\/01\/Memoria-sandisk-micro-sdxc-express-512gb-nintendo-switch-2-880mbs-sdsqxfn-512g-gn4nn.jpg\" \/>\n\t<meta property=\"og:image:width\" content=\"200\" \/>\n\t<meta property=\"og:image:height\" content=\"200\" \/>\n\t<meta property=\"og:image:type\" content=\"image\/jpeg\" \/>\n<meta name=\"twitter:card\" content=\"summary_large_image\" \/>\n<meta name=\"twitter:label1\" content=\"Precio\" \/>\n\t<meta name=\"twitter:data1\" content=\"&#36;2,434 &#36;1,717 con IVA\" \/>\n\t<meta name=\"twitter:label2\" content=\"Availability\" \/>\n\t<meta name=\"twitter:data2\" content=\"In stock\" \/>\n<script type=\"application\/ld+json\" class=\"yoast-schema-graph\">{\"@context\":\"https:\/\/schema.org\",\"@graph\":[{\"@type\":\"WebPage\",\"@id\":\"https:\/\/compuviper.mx\/tienda\/producto\/sandisk-sdsqxfn-512g-gn4nn-memoria-micro-sdxc-express-512gb-nintendo-switch-2-880mb-s\/\",\"url\":\"https:\/\/compuviper.mx\/tienda\/producto\/sandisk-sdsqxfn-512g-gn4nn-memoria-micro-sdxc-express-512gb-nintendo-switch-2-880mb-s\/\",\"name\":\"[ Sandisk ] &#129351; Sdsqxfn-512g-gn4nn Memoria Micro Sdxc Express 512gb Nintendo Switch 2 880mb\/s\",\"isPartOf\":{\"@id\":\"https:\/\/compuviper.mx\/tienda\/#website\"},\"datePublished\":\"2026-04-16T07:49:45+00:00\",\"dateModified\":\"2026-04-16T07:49:45+00:00\",\"description\":\"Compra Sdsqxfn-512g-gn4nn Memoria Micro Sdxc Express 512gb Nintendo Switch 2 880mb\/s + Env\u00edo a domicilio + Pago seguro + Garant\u00eda\",\"breadcrumb\":{\"@id\":\"https:\/\/compuviper.mx\/tienda\/producto\/sandisk-sdsqxfn-512g-gn4nn-memoria-micro-sdxc-express-512gb-nintendo-switch-2-880mb-s\/#breadcrumb\"},\"inLanguage\":\"es-MX\",\"potentialAction\":[{\"@type\":\"ReadAction\",\"target\":[\"https:\/\/compuviper.mx\/tienda\/producto\/sandisk-sdsqxfn-512g-gn4nn-memoria-micro-sdxc-express-512gb-nintendo-switch-2-880mb-s\/\"]}]},{\"@type\":\"BreadcrumbList\",\"@id\":\"https:\/\/compuviper.mx\/tienda\/producto\/sandisk-sdsqxfn-512g-gn4nn-memoria-micro-sdxc-express-512gb-nintendo-switch-2-880mb-s\/#breadcrumb\",\"itemListElement\":[{\"@type\":\"ListItem\",\"position\":1,\"name\":\"Inicio\",\"item\":\"https:\/\/compuviper.mx\/tienda\/\"},{\"@type\":\"ListItem\",\"position\":2,\"name\":\"Productos\",\"item\":\"https:\/\/compuviper.mx\/tienda\/productos\/\"},{\"@type\":\"ListItem\",\"position\":3,\"name\":\"Memorias\",\"item\":\"https:\/\/compuviper.mx\/tienda\/categoria-producto\/memorias\/\"},{\"@type\":\"ListItem\",\"position\":4,\"name\":\"Memoria Flash Card\",\"item\":\"https:\/\/compuviper.mx\/tienda\/categoria-producto\/memorias\/memoria-flash-card\/\"},{\"@type\":\"ListItem\",\"position\":5,\"name\":\"Sandisk Sdsqxfn-512g-gn4nn Memoria Micro Sdxc Express 512gb Nintendo Switch 2 880mb\/s\"}]},{\"@type\":\"WebSite\",\"@id\":\"https:\/\/compuviper.mx\/tienda\/#website\",\"url\":\"https:\/\/compuviper.mx\/tienda\/\",\"name\":\"Compuviper\",\"description\":\"Proveedor de Computadoras, Laptops, Servidores, Monitores, Puntos de Venta, Teclados,   Impresoras, T\u00f3ner, C\u00e1maras de Seguridad y m\u00e1s en tu tienda en l\u00ednea\",\"publisher\":{\"@id\":\"https:\/\/compuviper.mx\/tienda\/#organization\"},\"potentialAction\":[{\"@type\":\"SearchAction\",\"target\":{\"@type\":\"EntryPoint\",\"urlTemplate\":\"https:\/\/compuviper.mx\/tienda\/?s={search_term_string}\"},\"query-input\":\"required name=search_term_string\"}],\"inLanguage\":\"es-MX\"},{\"@type\":\"Organization\",\"@id\":\"https:\/\/compuviper.mx\/tienda\/#organization\",\"name\":\"Compuviper\",\"url\":\"https:\/\/compuviper.mx\/tienda\/\",\"logo\":{\"@type\":\"ImageObject\",\"inLanguage\":\"es-MX\",\"@id\":\"https:\/\/compuviper.mx\/tienda\/#\/schema\/logo\/image\/\",\"url\":\"https:\/\/compuviper.mx\/tienda\/wp-content\/uploads\/2021\/08\/Logo-Compuviper-10.png\",\"contentUrl\":\"https:\/\/compuviper.mx\/tienda\/wp-content\/uploads\/2021\/08\/Logo-Compuviper-10.png\",\"width\":1000,\"height\":500,\"caption\":\"Compuviper\"},\"image\":{\"@id\":\"https:\/\/compuviper.mx\/tienda\/#\/schema\/logo\/image\/\"},\"sameAs\":[\"https:\/\/www.facebook.com\/compuviper\",\"https:\/\/www.youtube.com\/channel\/UCf73dERp9Y3cfOq7q8BhLjA?view_as=subscriber\"]}]}<\/script>\n<meta property=\"product:brand\" content=\"SANDISK\" \/>\n<meta property=\"product:price:amount\" content=\"1717\" \/>\n<meta property=\"product:price:currency\" content=\"MXN\" \/>\n<meta property=\"og:availability\" content=\"instock\" \/>\n<meta property=\"product:availability\" content=\"instock\" \/>\n<meta property=\"product:retailer_item_id\" content=\"SDSQXFN-512G-GN4NN\" \/>\n<meta property=\"product:condition\" content=\"new\" \/>\n<!-- \/ Yoast SEO plugin. -->","yoast_head_json":{"title":"[ Sandisk ] &#129351; Sdsqxfn-512g-gn4nn Memoria Micro Sdxc Express 512gb Nintendo Switch 2 880mb\/s","description":"Compra Sdsqxfn-512g-gn4nn Memoria Micro Sdxc Express 512gb Nintendo Switch 2 880mb\/s + Env\u00edo a domicilio + Pago seguro + Garant\u00eda","robots":{"index":"index","follow":"follow","max-snippet":"max-snippet:-1","max-image-preview":"max-image-preview:large","max-video-preview":"max-video-preview:-1"},"canonical":"https:\/\/compuviper.mx\/tienda\/producto\/sandisk-sdsqxfn-512g-gn4nn-memoria-micro-sdxc-express-512gb-nintendo-switch-2-880mb-s\/","og_locale":"es_MX","og_type":"article","og_title":"[ Sandisk ] &#129351; Sdsqxfn-512g-gn4nn Memoria Micro Sdxc Express 512gb Nintendo Switch 2 880mb\/s","og_description":"Compra Sdsqxfn-512g-gn4nn Memoria Micro Sdxc Express 512gb Nintendo Switch 2 880mb\/s + Env\u00edo a domicilio + Pago seguro + Garant\u00eda","og_url":"https:\/\/compuviper.mx\/tienda\/producto\/sandisk-sdsqxfn-512g-gn4nn-memoria-micro-sdxc-express-512gb-nintendo-switch-2-880mb-s\/","og_site_name":"Compuviper","article_publisher":"https:\/\/www.facebook.com\/compuviper","og_image":[{"width":200,"height":200,"url":"https:\/\/compuviper.mx\/tienda\/wp-content\/uploads\/2026\/01\/Memoria-sandisk-micro-sdxc-express-512gb-nintendo-switch-2-880mbs-sdsqxfn-512g-gn4nn.jpg","type":"image\/jpeg"}],"twitter_card":"summary_large_image","twitter_misc":{"Precio":"&#36;2,434 &#36;1,717 con IVA","Availability":"In stock"},"schema":{"@context":"https:\/\/schema.org","@graph":[{"@type":"WebPage","@id":"https:\/\/compuviper.mx\/tienda\/producto\/sandisk-sdsqxfn-512g-gn4nn-memoria-micro-sdxc-express-512gb-nintendo-switch-2-880mb-s\/","url":"https:\/\/compuviper.mx\/tienda\/producto\/sandisk-sdsqxfn-512g-gn4nn-memoria-micro-sdxc-express-512gb-nintendo-switch-2-880mb-s\/","name":"[ Sandisk ] &#129351; Sdsqxfn-512g-gn4nn Memoria Micro Sdxc Express 512gb Nintendo Switch 2 880mb\/s","isPartOf":{"@id":"https:\/\/compuviper.mx\/tienda\/#website"},"datePublished":"2026-04-16T07:49:45+00:00","dateModified":"2026-04-16T07:49:45+00:00","description":"Compra Sdsqxfn-512g-gn4nn Memoria Micro Sdxc Express 512gb Nintendo Switch 2 880mb\/s + Env\u00edo a domicilio + Pago seguro + Garant\u00eda","breadcrumb":{"@id":"https:\/\/compuviper.mx\/tienda\/producto\/sandisk-sdsqxfn-512g-gn4nn-memoria-micro-sdxc-express-512gb-nintendo-switch-2-880mb-s\/#breadcrumb"},"inLanguage":"es-MX","potentialAction":[{"@type":"ReadAction","target":["https:\/\/compuviper.mx\/tienda\/producto\/sandisk-sdsqxfn-512g-gn4nn-memoria-micro-sdxc-express-512gb-nintendo-switch-2-880mb-s\/"]}]},{"@type":"BreadcrumbList","@id":"https:\/\/compuviper.mx\/tienda\/producto\/sandisk-sdsqxfn-512g-gn4nn-memoria-micro-sdxc-express-512gb-nintendo-switch-2-880mb-s\/#breadcrumb","itemListElement":[{"@type":"ListItem","position":1,"name":"Inicio","item":"https:\/\/compuviper.mx\/tienda\/"},{"@type":"ListItem","position":2,"name":"Productos","item":"https:\/\/compuviper.mx\/tienda\/productos\/"},{"@type":"ListItem","position":3,"name":"Memorias","item":"https:\/\/compuviper.mx\/tienda\/categoria-producto\/memorias\/"},{"@type":"ListItem","position":4,"name":"Memoria Flash Card","item":"https:\/\/compuviper.mx\/tienda\/categoria-producto\/memorias\/memoria-flash-card\/"},{"@type":"ListItem","position":5,"name":"Sandisk Sdsqxfn-512g-gn4nn Memoria Micro Sdxc Express 512gb Nintendo Switch 2 880mb\/s"}]},{"@type":"WebSite","@id":"https:\/\/compuviper.mx\/tienda\/#website","url":"https:\/\/compuviper.mx\/tienda\/","name":"Compuviper","description":"Proveedor de Computadoras, Laptops, Servidores, Monitores, Puntos de Venta, Teclados,   Impresoras, T\u00f3ner, C\u00e1maras de Seguridad y m\u00e1s en tu tienda en l\u00ednea","publisher":{"@id":"https:\/\/compuviper.mx\/tienda\/#organization"},"potentialAction":[{"@type":"SearchAction","target":{"@type":"EntryPoint","urlTemplate":"https:\/\/compuviper.mx\/tienda\/?s={search_term_string}"},"query-input":"required name=search_term_string"}],"inLanguage":"es-MX"},{"@type":"Organization","@id":"https:\/\/compuviper.mx\/tienda\/#organization","name":"Compuviper","url":"https:\/\/compuviper.mx\/tienda\/","logo":{"@type":"ImageObject","inLanguage":"es-MX","@id":"https:\/\/compuviper.mx\/tienda\/#\/schema\/logo\/image\/","url":"https:\/\/compuviper.mx\/tienda\/wp-content\/uploads\/2021\/08\/Logo-Compuviper-10.png","contentUrl":"https:\/\/compuviper.mx\/tienda\/wp-content\/uploads\/2021\/08\/Logo-Compuviper-10.png","width":1000,"height":500,"caption":"Compuviper"},"image":{"@id":"https:\/\/compuviper.mx\/tienda\/#\/schema\/logo\/image\/"},"sameAs":["https:\/\/www.facebook.com\/compuviper","https:\/\/www.youtube.com\/channel\/UCf73dERp9Y3cfOq7q8BhLjA?view_as=subscriber"]}]},"product_brand":"SANDISK","product_price_amount":"1717","product_price_currency":"MXN","og_availability":"instock","product_availability":"instock","product_retailer_item_id":"SDSQXFN-512G-GN4NN","product_condition":"new"},"_links":{"self":[{"href":"https:\/\/compuviper.mx\/tienda\/wp-json\/wp\/v2\/product\/265303"}],"collection":[{"href":"https:\/\/compuviper.mx\/tienda\/wp-json\/wp\/v2\/product"}],"about":[{"href":"https:\/\/compuviper.mx\/tienda\/wp-json\/wp\/v2\/types\/product"}],"replies":[{"embeddable":true,"href":"https:\/\/compuviper.mx\/tienda\/wp-json\/wp\/v2\/comments?post=265303"}],"wp:featuredmedia":[{"embeddable":true,"href":"https:\/\/compuviper.mx\/tienda\/wp-json\/wp\/v2\/media\/265304"}],"wp:attachment":[{"href":"https:\/\/compuviper.mx\/tienda\/wp-json\/wp\/v2\/media?parent=265303"}],"wp:term":[{"taxonomy":"product_cat","embeddable":true,"href":"https:\/\/compuviper.mx\/tienda\/wp-json\/wp\/v2\/product_cat?post=265303"},{"taxonomy":"product_tag","embeddable":true,"href":"https:\/\/compuviper.mx\/tienda\/wp-json\/wp\/v2\/product_tag?post=265303"}],"curies":[{"name":"wp","href":"https:\/\/api.w.org\/{rel}","templated":true}]}}