{"id":265292,"date":"2026-04-25T00:40:34","date_gmt":"2026-04-25T06:40:34","guid":{"rendered":"https:\/\/compuviper.mx\/tienda\/producto\/asus-oem-prime-b760m-a-ax6-ii-mb-asus-b760-intel-s-1700-14a-gen-4x-ddr5-5600-hdmi-dp-3x-m-2-2x-usb-3-2-wifi-6-bluetooth-micro-atx-gama-media\/"},"modified":"2026-04-26T00:00:20","modified_gmt":"2026-04-26T06:00:20","slug":"asus-oem-prime-b760m-a-ax6-ii-mb-asus-b760-intel-s-1700-14a-gen-4x-ddr5-5600-hdmi-dp-3x-m-2-2x-usb-3-2-wifi-6-bluetooth-micro-atx-gama-media","status":"publish","type":"product","link":"https:\/\/compuviper.mx\/tienda\/producto\/asus-oem-prime-b760m-a-ax6-ii-mb-asus-b760-intel-s-1700-14a-gen-4x-ddr5-5600-hdmi-dp-3x-m-2-2x-usb-3-2-wifi-6-bluetooth-micro-atx-gama-media\/","title":{"rendered":"Asus Oem Prime B760m-a Ax6 Ii Mb Asus B760 Intel S-1700 14a Gen \/4x Ddr5 5600 \/hdmi \/dp \/3x M.2 \/2x Usb 3.2 \/wifi 6\/bluetooth \/micro Atx \/gama Media"},"content":{"rendered":"<table class=\"descripcion\">\n<tr>\n<td>Prime b760m-a ax6 ii<\/td>\n<\/tr>\n<tr>\n<td>Cpu<\/td>\n<\/tr>\n<tr>\n<td>Intel\u00ae socket lga1700 for intel\u00ae core\u009914th  and  13th gen processors, intel\u00ae core\u0099 12th gen, pentium\u00ae gold and celeron\u00ae processors*<\/td>\n<\/tr>\n<tr>\n<td>Supports intel\u00ae turbo boost technology 2.0 and intel\u00ae turbo boost max technology 3.0**<\/td>\n<\/tr>\n<tr>\n<td>Chipset<\/td>\n<\/tr>\n<tr>\n<td>Intel\u00ae b760 chipset<\/td>\n<\/tr>\n<tr>\n<td>Memory<\/td>\n<\/tr>\n<tr>\n<td>4 x dimm, max. 192gb, ddr5 7200+(oc)\/7000(oc)\/6800(oc)\/6600(oc)\/6400(oc)\/6200(oc)\/6000(oc)\/5800(oc)\/5600\/ 5400\/5200\/5000\/4800mhz non-ecc, un-buffered memory*<\/td>\n<\/tr>\n<tr>\n<td>Dual channel memory architecture<\/td>\n<\/tr>\n<tr>\n<td>Supports intel\u00ae extreme memory profile (xmp)<\/td>\n<\/tr>\n<tr>\n<td>Optimem ii<\/td>\n<\/tr>\n<tr>\n<td>Graphics<\/td>\n<\/tr>\n<tr>\n<td>1 x displayport**<\/td>\n<\/tr>\n<tr>\n<td>1 x hdmitm port***<\/td>\n<\/tr>\n<tr>\n<td>* graphics specifications may vary between cpu types. please refer to www.intel.com for any updates.<\/td>\n<\/tr>\n<tr>\n<td>** supports max. 4k@60hz as specified in displayport 1.4.<\/td>\n<\/tr>\n<tr>\n<td>*** supports 4k@60hz as specified in hdmi 2.1.<\/td>\n<\/tr>\n<tr>\n<td>Expansion slots<\/td>\n<\/tr>\n<tr>\n<td>Intel\u00ae core\u0099 processors (14th  and  13th  and  12th gen)<\/td>\n<\/tr>\n<tr>\n<td>1 x pcie 4.0 x16 slot<\/td>\n<\/tr>\n<tr>\n<td>Intel\u00ae b760 chipset<\/td>\n<\/tr>\n<tr>\n<td>1 x pcie 4.0 x16 slot (supports x4 mode)<\/td>\n<\/tr>\n<tr>\n<td>2 x pcie 4.0 x16 slot (support x1 mode)<\/td>\n<\/tr>\n<tr>\n<td>Storage<\/td>\n<\/tr>\n<tr>\n<td>Total supports 3 x m.2 slots and 4 x sata 6gb\/s ports*<\/td>\n<\/tr>\n<tr>\n<td>Intel\u00ae core\u0099 processors (14th  and  13th  and  12th gen)<\/td>\n<\/tr>\n<tr>\n<td>M.2_1 slot (key m), type 2242\/2260\/2280 (supports pcie 4.0 x4 mode)<\/td>\n<\/tr>\n<tr>\n<td>Intel\u00ae b760 chipset<\/td>\n<\/tr>\n<tr>\n<td>M.2_2 slot (key m), type 2242\/2260\/2280 (supports pcie 4.0 x4 mode)<\/td>\n<\/tr>\n<tr>\n<td>M.2_3 slot (key m), type 2242\/2260\/2280 (supports pcie 3.0 x2 mode)<\/td>\n<\/tr>\n<tr>\n<td>4 x sata 6gb\/s ports<\/td>\n<\/tr>\n<tr>\n<td>* intel\u00ae rapid storage technology supports  sata raid 0\/1\/5\/10.<\/td>\n<\/tr>\n<tr>\n<td>Ethernet<\/td>\n<\/tr>\n<tr>\n<td>1 x realtek 1gb ethernet<\/td>\n<\/tr>\n<tr>\n<td>Wireless  and  bluetooth<\/td>\n<\/tr>\n<tr>\n<td>Wi-fi 6<\/td>\n<\/tr>\n<tr>\n<td>Wi-fi 6 (802.11 a\/b\/g\/n\/ac\/ax)<\/td>\n<\/tr>\n<tr>\n<td>Supports 2.4\/5ghz frequency band<\/td>\n<\/tr>\n<tr>\n<td>Bluetooth\u00ae v5.3<\/td>\n<\/tr>\n<tr>\n<td>*the bluetooth version may vary, please refer to the wi-fi module manufacturers website for the latest specifications.<\/td>\n<\/tr>\n<tr>\n<td>Usb<\/td>\n<\/tr>\n<tr>\n<td>Rear usb (total 6 ports)<\/td>\n<\/tr>\n<tr>\n<td>2 x usb 10gbps ports (2 x type-a)<\/td>\n<\/tr>\n<tr>\n<td>4 x usb 2.0 ports (4 x type-a)<\/td>\n<\/tr>\n<tr>\n<td>Front usb (total 10 ports)<\/td>\n<\/tr>\n<tr>\n<td>2 x usb 5gbps headers support 4 additional usb 5gbps ports<\/td>\n<\/tr>\n<tr>\n<td>2 x usb 5gbps port (support usb type-c\u00ae)<\/td>\n<\/tr>\n<tr>\n<td>2 x usb 2.0 headers support 4 additional usb 2.0 ports<\/td>\n<\/tr>\n<\/table>\n","protected":false},"excerpt":{"rendered":"<p>Prime b760m-a ax6 ii. Las placas base asus prime est\u00e1n dise\u00f1adas por expertos para liberar todo el potencial de los procesadores intel core de 14.\u00aa y 13.\u00aa generaci\u00f3n . Con un dise\u00f1o de alimentaci\u00f3n robusto, soluciones de refrigeraci\u00f3n integrales y opciones de ajuste inteligentes, prime b760m-a ax6 ii ofrece a usuarios y ensambladores de pc diy diversas optimizaciones de rendimiento mediante funciones intuitivas de software y firmware. Esta plataforma ofrece la potencia y la conectividad que exigen las aplicaciones avanzadas de ia para pc.<\/p>\n","protected":false},"featured_media":265293,"comment_status":"open","ping_status":"open","template":"","meta":[],"product_cat":[2239,1727],"product_tag":[2096],"acf":[],"yoast_head":"<!-- This site is optimized with the Yoast SEO plugin v21.7 - https:\/\/yoast.com\/wordpress\/plugins\/seo\/ -->\n<title>[ Asus Oem ] &#129351; Prime B760m-a Ax6 Ii Mb Asus B760 Intel S-1700 14a Gen \/4x Ddr5 5600 \/hdmi \/dp \/3x M.2 \/2x Usb 3.2 \/wifi 6\/bluetooth \/micro Atx \/gama Media<\/title>\n<meta name=\"description\" content=\"Compra Prime B760m-a Ax6 Ii Mb Asus B760 Intel S-1700 14a Gen \/4x Ddr5 5600 \/hdmi \/dp \/3x M.2 \/2x Usb 3.2 \/wifi 6\/bluetooth \/micro Atx \/gama Media + Env\u00edo a domicilio + Pago seguro + Garant\u00eda\" \/>\n<meta name=\"robots\" content=\"index, follow, max-snippet:-1, max-image-preview:large, max-video-preview:-1\" \/>\n<link rel=\"canonical\" href=\"https:\/\/compuviper.mx\/tienda\/producto\/asus-oem-prime-b760m-a-ax6-ii-mb-asus-b760-intel-s-1700-14a-gen-4x-ddr5-5600-hdmi-dp-3x-m-2-2x-usb-3-2-wifi-6-bluetooth-micro-atx-gama-media\/\" \/>\n<meta property=\"og:locale\" content=\"es_MX\" \/>\n<meta property=\"og:type\" content=\"article\" \/>\n<meta property=\"og:title\" content=\"[ Asus Oem ] &#129351; Prime B760m-a Ax6 Ii Mb Asus B760 Intel S-1700 14a Gen \/4x Ddr5 5600 \/hdmi \/dp \/3x M.2 \/2x Usb 3.2 \/wifi 6\/bluetooth \/micro Atx \/gama Media\" \/>\n<meta property=\"og:description\" content=\"Compra Prime B760m-a Ax6 Ii Mb Asus B760 Intel S-1700 14a Gen \/4x Ddr5 5600 \/hdmi \/dp \/3x M.2 \/2x Usb 3.2 \/wifi 6\/bluetooth \/micro Atx \/gama Media + Env\u00edo a domicilio + Pago seguro + Garant\u00eda\" \/>\n<meta property=\"og:url\" content=\"https:\/\/compuviper.mx\/tienda\/producto\/asus-oem-prime-b760m-a-ax6-ii-mb-asus-b760-intel-s-1700-14a-gen-4x-ddr5-5600-hdmi-dp-3x-m-2-2x-usb-3-2-wifi-6-bluetooth-micro-atx-gama-media\/\" \/>\n<meta property=\"og:site_name\" content=\"Compuviper\" \/>\n<meta property=\"article:publisher\" content=\"https:\/\/www.facebook.com\/compuviper\" \/>\n<meta property=\"article:modified_time\" content=\"2026-04-26T06:00:20+00:00\" \/>\n<meta property=\"og:image\" content=\"https:\/\/compuviper.mx\/tienda\/wp-content\/uploads\/2026\/01\/Mb-asus-b760-intel-s-1700-14a-gen-4x-ddr5-5600-hdmi-dp-3x-m.2-2x-usb-3.2-wifi-6bluetooth-micro-atx-gama-media.jpg\" \/>\n\t<meta property=\"og:image:width\" content=\"200\" \/>\n\t<meta property=\"og:image:height\" content=\"200\" \/>\n\t<meta property=\"og:image:type\" content=\"image\/jpeg\" \/>\n<meta name=\"twitter:card\" content=\"summary_large_image\" \/>\n<meta name=\"twitter:label1\" content=\"Precio\" \/>\n\t<meta name=\"twitter:data1\" content=\"&#36;1,957 con IVA\" \/>\n\t<meta name=\"twitter:label2\" content=\"Availability\" \/>\n\t<meta name=\"twitter:data2\" content=\"In stock\" \/>\n<script type=\"application\/ld+json\" class=\"yoast-schema-graph\">{\"@context\":\"https:\/\/schema.org\",\"@graph\":[{\"@type\":\"WebPage\",\"@id\":\"https:\/\/compuviper.mx\/tienda\/producto\/asus-oem-prime-b760m-a-ax6-ii-mb-asus-b760-intel-s-1700-14a-gen-4x-ddr5-5600-hdmi-dp-3x-m-2-2x-usb-3-2-wifi-6-bluetooth-micro-atx-gama-media\/\",\"url\":\"https:\/\/compuviper.mx\/tienda\/producto\/asus-oem-prime-b760m-a-ax6-ii-mb-asus-b760-intel-s-1700-14a-gen-4x-ddr5-5600-hdmi-dp-3x-m-2-2x-usb-3-2-wifi-6-bluetooth-micro-atx-gama-media\/\",\"name\":\"[ Asus Oem ] &#129351; Prime B760m-a Ax6 Ii Mb Asus B760 Intel S-1700 14a Gen \/4x Ddr5 5600 \/hdmi \/dp \/3x M.2 \/2x Usb 3.2 \/wifi 6\/bluetooth \/micro Atx \/gama Media\",\"isPartOf\":{\"@id\":\"https:\/\/compuviper.mx\/tienda\/#website\"},\"datePublished\":\"2026-04-25T06:40:34+00:00\",\"dateModified\":\"2026-04-26T06:00:20+00:00\",\"description\":\"Compra Prime B760m-a Ax6 Ii Mb Asus B760 Intel S-1700 14a Gen \/4x Ddr5 5600 \/hdmi \/dp \/3x M.2 \/2x Usb 3.2 \/wifi 6\/bluetooth \/micro Atx \/gama Media + Env\u00edo a domicilio + Pago seguro + Garant\u00eda\",\"breadcrumb\":{\"@id\":\"https:\/\/compuviper.mx\/tienda\/producto\/asus-oem-prime-b760m-a-ax6-ii-mb-asus-b760-intel-s-1700-14a-gen-4x-ddr5-5600-hdmi-dp-3x-m-2-2x-usb-3-2-wifi-6-bluetooth-micro-atx-gama-media\/#breadcrumb\"},\"inLanguage\":\"es-MX\",\"potentialAction\":[{\"@type\":\"ReadAction\",\"target\":[\"https:\/\/compuviper.mx\/tienda\/producto\/asus-oem-prime-b760m-a-ax6-ii-mb-asus-b760-intel-s-1700-14a-gen-4x-ddr5-5600-hdmi-dp-3x-m-2-2x-usb-3-2-wifi-6-bluetooth-micro-atx-gama-media\/\"]}]},{\"@type\":\"BreadcrumbList\",\"@id\":\"https:\/\/compuviper.mx\/tienda\/producto\/asus-oem-prime-b760m-a-ax6-ii-mb-asus-b760-intel-s-1700-14a-gen-4x-ddr5-5600-hdmi-dp-3x-m-2-2x-usb-3-2-wifi-6-bluetooth-micro-atx-gama-media\/#breadcrumb\",\"itemListElement\":[{\"@type\":\"ListItem\",\"position\":1,\"name\":\"Inicio\",\"item\":\"https:\/\/compuviper.mx\/tienda\/\"},{\"@type\":\"ListItem\",\"position\":2,\"name\":\"Productos\",\"item\":\"https:\/\/compuviper.mx\/tienda\/productos\/\"},{\"@type\":\"ListItem\",\"position\":3,\"name\":\"Tarjeta Madre\",\"item\":\"https:\/\/compuviper.mx\/tienda\/categoria-producto\/tarjeta-madre\/\"},{\"@type\":\"ListItem\",\"position\":4,\"name\":\"Socket 1700\",\"item\":\"https:\/\/compuviper.mx\/tienda\/categoria-producto\/tarjeta-madre\/socket-1700\/\"},{\"@type\":\"ListItem\",\"position\":5,\"name\":\"Asus Oem Prime B760m-a Ax6 Ii Mb Asus B760 Intel S-1700 14a Gen \/4x Ddr5 5600 \/hdmi \/dp \/3x M.2 \/2x Usb 3.2 \/wifi 6\/bluetooth \/micro Atx \/gama Media\"}]},{\"@type\":\"WebSite\",\"@id\":\"https:\/\/compuviper.mx\/tienda\/#website\",\"url\":\"https:\/\/compuviper.mx\/tienda\/\",\"name\":\"Compuviper\",\"description\":\"Proveedor de Computadoras, Laptops, Servidores, Monitores, Puntos de Venta, Teclados,   Impresoras, T\u00f3ner, C\u00e1maras de Seguridad y m\u00e1s en tu tienda en l\u00ednea\",\"publisher\":{\"@id\":\"https:\/\/compuviper.mx\/tienda\/#organization\"},\"potentialAction\":[{\"@type\":\"SearchAction\",\"target\":{\"@type\":\"EntryPoint\",\"urlTemplate\":\"https:\/\/compuviper.mx\/tienda\/?s={search_term_string}\"},\"query-input\":\"required name=search_term_string\"}],\"inLanguage\":\"es-MX\"},{\"@type\":\"Organization\",\"@id\":\"https:\/\/compuviper.mx\/tienda\/#organization\",\"name\":\"Compuviper\",\"url\":\"https:\/\/compuviper.mx\/tienda\/\",\"logo\":{\"@type\":\"ImageObject\",\"inLanguage\":\"es-MX\",\"@id\":\"https:\/\/compuviper.mx\/tienda\/#\/schema\/logo\/image\/\",\"url\":\"https:\/\/compuviper.mx\/tienda\/wp-content\/uploads\/2021\/08\/Logo-Compuviper-10.png\",\"contentUrl\":\"https:\/\/compuviper.mx\/tienda\/wp-content\/uploads\/2021\/08\/Logo-Compuviper-10.png\",\"width\":1000,\"height\":500,\"caption\":\"Compuviper\"},\"image\":{\"@id\":\"https:\/\/compuviper.mx\/tienda\/#\/schema\/logo\/image\/\"},\"sameAs\":[\"https:\/\/www.facebook.com\/compuviper\",\"https:\/\/www.youtube.com\/channel\/UCf73dERp9Y3cfOq7q8BhLjA?view_as=subscriber\"]}]}<\/script>\n<meta property=\"product:brand\" content=\"Asus Oem\" \/>\n<meta property=\"product:price:amount\" content=\"1957\" \/>\n<meta property=\"product:price:currency\" content=\"MXN\" \/>\n<meta property=\"og:availability\" content=\"instock\" \/>\n<meta property=\"product:availability\" content=\"instock\" \/>\n<meta property=\"product:retailer_item_id\" content=\"PRIME B760M-A AX6 II\" \/>\n<meta property=\"product:condition\" content=\"new\" \/>\n<!-- \/ Yoast SEO plugin. -->","yoast_head_json":{"title":"[ Asus Oem ] &#129351; Prime B760m-a Ax6 Ii Mb Asus B760 Intel S-1700 14a Gen \/4x Ddr5 5600 \/hdmi \/dp \/3x M.2 \/2x Usb 3.2 \/wifi 6\/bluetooth \/micro Atx \/gama Media","description":"Compra Prime B760m-a Ax6 Ii Mb Asus B760 Intel S-1700 14a Gen \/4x Ddr5 5600 \/hdmi \/dp \/3x M.2 \/2x Usb 3.2 \/wifi 6\/bluetooth \/micro Atx \/gama Media + Env\u00edo a domicilio + Pago seguro + Garant\u00eda","robots":{"index":"index","follow":"follow","max-snippet":"max-snippet:-1","max-image-preview":"max-image-preview:large","max-video-preview":"max-video-preview:-1"},"canonical":"https:\/\/compuviper.mx\/tienda\/producto\/asus-oem-prime-b760m-a-ax6-ii-mb-asus-b760-intel-s-1700-14a-gen-4x-ddr5-5600-hdmi-dp-3x-m-2-2x-usb-3-2-wifi-6-bluetooth-micro-atx-gama-media\/","og_locale":"es_MX","og_type":"article","og_title":"[ Asus Oem ] &#129351; Prime B760m-a Ax6 Ii Mb Asus B760 Intel S-1700 14a Gen \/4x Ddr5 5600 \/hdmi \/dp \/3x M.2 \/2x Usb 3.2 \/wifi 6\/bluetooth \/micro Atx \/gama Media","og_description":"Compra Prime B760m-a Ax6 Ii Mb Asus B760 Intel S-1700 14a Gen \/4x Ddr5 5600 \/hdmi \/dp \/3x M.2 \/2x Usb 3.2 \/wifi 6\/bluetooth \/micro Atx \/gama Media + Env\u00edo a domicilio + Pago seguro + Garant\u00eda","og_url":"https:\/\/compuviper.mx\/tienda\/producto\/asus-oem-prime-b760m-a-ax6-ii-mb-asus-b760-intel-s-1700-14a-gen-4x-ddr5-5600-hdmi-dp-3x-m-2-2x-usb-3-2-wifi-6-bluetooth-micro-atx-gama-media\/","og_site_name":"Compuviper","article_publisher":"https:\/\/www.facebook.com\/compuviper","article_modified_time":"2026-04-26T06:00:20+00:00","og_image":[{"width":200,"height":200,"url":"https:\/\/compuviper.mx\/tienda\/wp-content\/uploads\/2026\/01\/Mb-asus-b760-intel-s-1700-14a-gen-4x-ddr5-5600-hdmi-dp-3x-m.2-2x-usb-3.2-wifi-6bluetooth-micro-atx-gama-media.jpg","type":"image\/jpeg"}],"twitter_card":"summary_large_image","twitter_misc":{"Precio":"&#36;1,957 con IVA","Availability":"In stock"},"schema":{"@context":"https:\/\/schema.org","@graph":[{"@type":"WebPage","@id":"https:\/\/compuviper.mx\/tienda\/producto\/asus-oem-prime-b760m-a-ax6-ii-mb-asus-b760-intel-s-1700-14a-gen-4x-ddr5-5600-hdmi-dp-3x-m-2-2x-usb-3-2-wifi-6-bluetooth-micro-atx-gama-media\/","url":"https:\/\/compuviper.mx\/tienda\/producto\/asus-oem-prime-b760m-a-ax6-ii-mb-asus-b760-intel-s-1700-14a-gen-4x-ddr5-5600-hdmi-dp-3x-m-2-2x-usb-3-2-wifi-6-bluetooth-micro-atx-gama-media\/","name":"[ Asus Oem ] &#129351; Prime B760m-a Ax6 Ii Mb Asus B760 Intel S-1700 14a Gen \/4x Ddr5 5600 \/hdmi \/dp \/3x M.2 \/2x Usb 3.2 \/wifi 6\/bluetooth \/micro Atx \/gama Media","isPartOf":{"@id":"https:\/\/compuviper.mx\/tienda\/#website"},"datePublished":"2026-04-25T06:40:34+00:00","dateModified":"2026-04-26T06:00:20+00:00","description":"Compra Prime B760m-a Ax6 Ii Mb Asus B760 Intel S-1700 14a Gen \/4x Ddr5 5600 \/hdmi \/dp \/3x M.2 \/2x Usb 3.2 \/wifi 6\/bluetooth \/micro Atx \/gama Media + Env\u00edo a domicilio + Pago seguro + Garant\u00eda","breadcrumb":{"@id":"https:\/\/compuviper.mx\/tienda\/producto\/asus-oem-prime-b760m-a-ax6-ii-mb-asus-b760-intel-s-1700-14a-gen-4x-ddr5-5600-hdmi-dp-3x-m-2-2x-usb-3-2-wifi-6-bluetooth-micro-atx-gama-media\/#breadcrumb"},"inLanguage":"es-MX","potentialAction":[{"@type":"ReadAction","target":["https:\/\/compuviper.mx\/tienda\/producto\/asus-oem-prime-b760m-a-ax6-ii-mb-asus-b760-intel-s-1700-14a-gen-4x-ddr5-5600-hdmi-dp-3x-m-2-2x-usb-3-2-wifi-6-bluetooth-micro-atx-gama-media\/"]}]},{"@type":"BreadcrumbList","@id":"https:\/\/compuviper.mx\/tienda\/producto\/asus-oem-prime-b760m-a-ax6-ii-mb-asus-b760-intel-s-1700-14a-gen-4x-ddr5-5600-hdmi-dp-3x-m-2-2x-usb-3-2-wifi-6-bluetooth-micro-atx-gama-media\/#breadcrumb","itemListElement":[{"@type":"ListItem","position":1,"name":"Inicio","item":"https:\/\/compuviper.mx\/tienda\/"},{"@type":"ListItem","position":2,"name":"Productos","item":"https:\/\/compuviper.mx\/tienda\/productos\/"},{"@type":"ListItem","position":3,"name":"Tarjeta Madre","item":"https:\/\/compuviper.mx\/tienda\/categoria-producto\/tarjeta-madre\/"},{"@type":"ListItem","position":4,"name":"Socket 1700","item":"https:\/\/compuviper.mx\/tienda\/categoria-producto\/tarjeta-madre\/socket-1700\/"},{"@type":"ListItem","position":5,"name":"Asus Oem Prime B760m-a Ax6 Ii Mb Asus B760 Intel S-1700 14a Gen \/4x Ddr5 5600 \/hdmi \/dp \/3x M.2 \/2x Usb 3.2 \/wifi 6\/bluetooth \/micro Atx \/gama Media"}]},{"@type":"WebSite","@id":"https:\/\/compuviper.mx\/tienda\/#website","url":"https:\/\/compuviper.mx\/tienda\/","name":"Compuviper","description":"Proveedor de Computadoras, Laptops, Servidores, Monitores, Puntos de Venta, Teclados,   Impresoras, T\u00f3ner, C\u00e1maras de Seguridad y m\u00e1s en tu tienda en l\u00ednea","publisher":{"@id":"https:\/\/compuviper.mx\/tienda\/#organization"},"potentialAction":[{"@type":"SearchAction","target":{"@type":"EntryPoint","urlTemplate":"https:\/\/compuviper.mx\/tienda\/?s={search_term_string}"},"query-input":"required name=search_term_string"}],"inLanguage":"es-MX"},{"@type":"Organization","@id":"https:\/\/compuviper.mx\/tienda\/#organization","name":"Compuviper","url":"https:\/\/compuviper.mx\/tienda\/","logo":{"@type":"ImageObject","inLanguage":"es-MX","@id":"https:\/\/compuviper.mx\/tienda\/#\/schema\/logo\/image\/","url":"https:\/\/compuviper.mx\/tienda\/wp-content\/uploads\/2021\/08\/Logo-Compuviper-10.png","contentUrl":"https:\/\/compuviper.mx\/tienda\/wp-content\/uploads\/2021\/08\/Logo-Compuviper-10.png","width":1000,"height":500,"caption":"Compuviper"},"image":{"@id":"https:\/\/compuviper.mx\/tienda\/#\/schema\/logo\/image\/"},"sameAs":["https:\/\/www.facebook.com\/compuviper","https:\/\/www.youtube.com\/channel\/UCf73dERp9Y3cfOq7q8BhLjA?view_as=subscriber"]}]},"product_brand":"Asus Oem","product_price_amount":"1957","product_price_currency":"MXN","og_availability":"instock","product_availability":"instock","product_retailer_item_id":"PRIME B760M-A AX6 II","product_condition":"new"},"_links":{"self":[{"href":"https:\/\/compuviper.mx\/tienda\/wp-json\/wp\/v2\/product\/265292"}],"collection":[{"href":"https:\/\/compuviper.mx\/tienda\/wp-json\/wp\/v2\/product"}],"about":[{"href":"https:\/\/compuviper.mx\/tienda\/wp-json\/wp\/v2\/types\/product"}],"replies":[{"embeddable":true,"href":"https:\/\/compuviper.mx\/tienda\/wp-json\/wp\/v2\/comments?post=265292"}],"wp:featuredmedia":[{"embeddable":true,"href":"https:\/\/compuviper.mx\/tienda\/wp-json\/wp\/v2\/media\/265293"}],"wp:attachment":[{"href":"https:\/\/compuviper.mx\/tienda\/wp-json\/wp\/v2\/media?parent=265292"}],"wp:term":[{"taxonomy":"product_cat","embeddable":true,"href":"https:\/\/compuviper.mx\/tienda\/wp-json\/wp\/v2\/product_cat?post=265292"},{"taxonomy":"product_tag","embeddable":true,"href":"https:\/\/compuviper.mx\/tienda\/wp-json\/wp\/v2\/product_tag?post=265292"}],"curies":[{"name":"wp","href":"https:\/\/api.w.org\/{rel}","templated":true}]}}