{"id":265226,"date":"2026-05-09T00:55:00","date_gmt":"2026-05-09T06:55:00","guid":{"rendered":"https:\/\/compuviper.mx\/tienda\/producto\/acteck-ac-943451-mouse-virtuos-pro-air-mi766-inalambrico-dual-ergonomico-recargable-win-mac-android-bluetooth-optico-9-botones-scroll-3200-dpi-ajustable-negro\/"},"modified":"2026-05-09T00:55:01","modified_gmt":"2026-05-09T06:55:01","slug":"acteck-ac-943451-mouse-virtuos-pro-air-mi766-inalambrico-dual-ergonomico-recargable-win-mac-android-bluetooth-optico-9-botones-scroll-3200-dpi-ajustable-negro","status":"publish","type":"product","link":"https:\/\/compuviper.mx\/tienda\/producto\/acteck-ac-943451-mouse-virtuos-pro-air-mi766-inalambrico-dual-ergonomico-recargable-win-mac-android-bluetooth-optico-9-botones-scroll-3200-dpi-ajustable-negro\/","title":{"rendered":"Acteck Ac-943451 Mouse  Virtuos Pro Air Mi766 \/ Inalambrico Dual \/ Ergonomico \/ Recargable \/ Win, Mac, Android \/ Bluetooth \/ Optico \/ 9 Botones + Scroll \/ 3200 Dpi Ajustable \/ Negro \/"},"content":{"rendered":"<table class=\"descripcion\">\n<tr>\n<td>Ficha tecnica<\/td>\n<\/tr>\n<tr>\n<td>Mouse inalambrico virtuos pro air mi766<\/td>\n<\/tr>\n<tr>\n<td>\u0095 modelo: ac-943451<\/td>\n<\/tr>\n<tr>\n<td>\u0095 producto: mouse inalambrico<\/td>\n<\/tr>\n<tr>\n<td>\u0095 color: negro<\/td>\n<\/tr>\n<tr>\n<td>\u0095 material: abs<\/td>\n<\/tr>\n<tr>\n<td>\u0095 dimensiones (l  w  h): 10.7 x 6 x 3.7 cm<\/td>\n<\/tr>\n<tr>\n<td>\u0095 peso: 84 g<\/td>\n<\/tr>\n<tr>\n<td>\u0095 compatibilidad: windows \/ macos \/ android<\/td>\n<\/tr>\n<tr>\n<td>Sensor<\/td>\n<\/tr>\n<tr>\n<td>\u0095 tipo: optico<\/td>\n<\/tr>\n<tr>\n<td>\u0095 resolucion: 1000-1600-2400-3200<\/td>\n<\/tr>\n<tr>\n<td>\u0095 modos de dpi: 4<\/td>\n<\/tr>\n<tr>\n<td>\u0095 tasa de sondeo: 125 hz<\/td>\n<\/tr>\n<tr>\n<td>\u0095 aceleracion : 8 g<\/td>\n<\/tr>\n<tr>\n<td>\u0095 velocidad maxima: 30 ips<\/td>\n<\/tr>\n<tr>\n<td>       botones y funciones<\/td>\n<\/tr>\n<tr>\n<td>\u0095 numero de botones: 9<\/td>\n<\/tr>\n<tr>\n<td>\u0095 switch : kaihua<\/td>\n<\/tr>\n<tr>\n<td>\u0095 retroalimentacion : 15 gf min<\/td>\n<\/tr>\n<tr>\n<td>\u0095 interruptor de encendido\/apagado: si<\/td>\n<\/tr>\n<tr>\n<td>\u0095 ubicacion del boton dpi : superior del mouse<\/td>\n<\/tr>\n<tr>\n<td>\u0095 millones de clics por boton : 3 milliones<\/td>\n<\/tr>\n<tr>\n<td>        diseno<\/td>\n<\/tr>\n<tr>\n<td>\u0095 ergonomia: diseno ergonomico para diestros<\/td>\n<\/tr>\n<tr>\n<td>\u0095 tip de agarre: apto para agarres de palma y de garra<\/td>\n<\/tr>\n<tr>\n<td>\u0095 rueda de desplazamiento: scroll metalico ultra rapido y de desplazamiento lateral.<\/td>\n<\/tr>\n<tr>\n<td>        inalambrico<\/td>\n<\/tr>\n<tr>\n<td>\u0095 version de bluetooth: 5.1<\/td>\n<\/tr>\n<tr>\n<td>\u0095 frecuencia: 2.4 ghz<\/td>\n<\/tr>\n<tr>\n<td>\u0095 distancia maxima de conexion: 10 m<\/td>\n<\/tr>\n<tr>\n<td>\u0095 emparejamiento con multiples dispositivos: 3<\/td>\n<\/tr>\n<tr>\n<td>\u0095 apagado automatico del dispositivo: automatico<\/td>\n<\/tr>\n<tr>\n<td>\u0095 alimentacion: 5 v- 1 a bateria recargable: 500 mah<\/td>\n<\/tr>\n<tr>\n<td>\u0095 beteria: 2x aa<\/td>\n<\/tr>\n<\/table>\n","protected":false},"excerpt":{"rendered":"<p>Scrolling ultra rapido. \u0095 alterna entre desplazamiento rapido y control detallado segun la tarea. Navegacion precisa en todas direcciones. \u0095 gracias a su scroll inteligente 4d, este mouse te permite desplazarte hacia arriba, abajo, izquierda y derecha sin esfuerzo. Olvidate de los movimientos repetitivos y disfruta de una navegacion mas agil, precisa y comoda, ideal para revisar documentos, hojas de calculo explorar contenido creativo con total libertad.<\/p>\n","protected":false},"featured_media":0,"comment_status":"open","ping_status":"open","template":"","meta":[],"product_cat":[1748,1749],"product_tag":[1582],"acf":[],"yoast_head":"<!-- This site is optimized with the Yoast SEO plugin v21.7 - https:\/\/yoast.com\/wordpress\/plugins\/seo\/ -->\n<title>[ Acteck ] &#129351; Ac-943451 Mouse Virtuos Pro Air Mi766 \/ Inalambrico Dual \/ Ergonomico \/ Recargable \/ Win, Mac, Android \/ Bluetooth \/ Optico \/ 9 Botones + Scroll \/ 3200 Dpi Ajustable \/ Negro \/<\/title>\n<meta name=\"description\" content=\"Compra Ac-943451 Mouse Virtuos Pro Air Mi766 \/ Inalambrico Dual \/ Ergonomico \/ Recargable \/ Win, Mac, Android \/ Bluetooth \/ Optico \/ 9 Botones + Scroll \/ 3200 Dpi Ajustable \/ Negro \/ + Env\u00edo a domicilio + Pago seguro + Garant\u00eda\" \/>\n<meta name=\"robots\" content=\"index, follow, max-snippet:-1, max-image-preview:large, max-video-preview:-1\" \/>\n<link rel=\"canonical\" href=\"https:\/\/compuviper.mx\/tienda\/producto\/acteck-ac-943451-mouse-virtuos-pro-air-mi766-inalambrico-dual-ergonomico-recargable-win-mac-android-bluetooth-optico-9-botones-scroll-3200-dpi-ajustable-negro\/\" \/>\n<meta property=\"og:locale\" content=\"es_MX\" \/>\n<meta property=\"og:type\" content=\"article\" \/>\n<meta property=\"og:title\" content=\"[ Acteck ] &#129351; Ac-943451 Mouse Virtuos Pro Air Mi766 \/ Inalambrico Dual \/ Ergonomico \/ Recargable \/ Win, Mac, Android \/ Bluetooth \/ Optico \/ 9 Botones + Scroll \/ 3200 Dpi Ajustable \/ Negro \/\" \/>\n<meta property=\"og:description\" content=\"Compra Ac-943451 Mouse Virtuos Pro Air Mi766 \/ Inalambrico Dual \/ Ergonomico \/ Recargable \/ Win, Mac, Android \/ Bluetooth \/ Optico \/ 9 Botones + Scroll \/ 3200 Dpi Ajustable \/ Negro \/ + Env\u00edo a domicilio + Pago seguro + Garant\u00eda\" \/>\n<meta property=\"og:url\" content=\"https:\/\/compuviper.mx\/tienda\/producto\/acteck-ac-943451-mouse-virtuos-pro-air-mi766-inalambrico-dual-ergonomico-recargable-win-mac-android-bluetooth-optico-9-botones-scroll-3200-dpi-ajustable-negro\/\" \/>\n<meta property=\"og:site_name\" content=\"Compuviper\" \/>\n<meta property=\"article:publisher\" content=\"https:\/\/www.facebook.com\/compuviper\" \/>\n<meta property=\"article:modified_time\" content=\"2026-05-09T06:55:01+00:00\" \/>\n<meta name=\"twitter:card\" content=\"summary_large_image\" \/>\n<meta name=\"twitter:label1\" content=\"Precio\" \/>\n\t<meta name=\"twitter:data1\" content=\"&#36;387 con IVA\" \/>\n\t<meta name=\"twitter:label2\" content=\"Availability\" \/>\n\t<meta name=\"twitter:data2\" content=\"In stock\" \/>\n<script type=\"application\/ld+json\" class=\"yoast-schema-graph\">{\"@context\":\"https:\/\/schema.org\",\"@graph\":[{\"@type\":\"WebPage\",\"@id\":\"https:\/\/compuviper.mx\/tienda\/producto\/acteck-ac-943451-mouse-virtuos-pro-air-mi766-inalambrico-dual-ergonomico-recargable-win-mac-android-bluetooth-optico-9-botones-scroll-3200-dpi-ajustable-negro\/\",\"url\":\"https:\/\/compuviper.mx\/tienda\/producto\/acteck-ac-943451-mouse-virtuos-pro-air-mi766-inalambrico-dual-ergonomico-recargable-win-mac-android-bluetooth-optico-9-botones-scroll-3200-dpi-ajustable-negro\/\",\"name\":\"[ Acteck ] &#129351; Ac-943451 Mouse Virtuos Pro Air Mi766 \/ Inalambrico Dual \/ Ergonomico \/ Recargable \/ Win, Mac, Android \/ Bluetooth \/ Optico \/ 9 Botones + Scroll \/ 3200 Dpi Ajustable \/ Negro \/\",\"isPartOf\":{\"@id\":\"https:\/\/compuviper.mx\/tienda\/#website\"},\"datePublished\":\"2026-05-09T06:55:00+00:00\",\"dateModified\":\"2026-05-09T06:55:01+00:00\",\"description\":\"Compra Ac-943451 Mouse Virtuos Pro Air Mi766 \/ Inalambrico Dual \/ Ergonomico \/ Recargable \/ Win, Mac, Android \/ Bluetooth \/ Optico \/ 9 Botones + Scroll \/ 3200 Dpi Ajustable \/ Negro \/ + Env\u00edo a domicilio + Pago seguro + Garant\u00eda\",\"breadcrumb\":{\"@id\":\"https:\/\/compuviper.mx\/tienda\/producto\/acteck-ac-943451-mouse-virtuos-pro-air-mi766-inalambrico-dual-ergonomico-recargable-win-mac-android-bluetooth-optico-9-botones-scroll-3200-dpi-ajustable-negro\/#breadcrumb\"},\"inLanguage\":\"es-MX\",\"potentialAction\":[{\"@type\":\"ReadAction\",\"target\":[\"https:\/\/compuviper.mx\/tienda\/producto\/acteck-ac-943451-mouse-virtuos-pro-air-mi766-inalambrico-dual-ergonomico-recargable-win-mac-android-bluetooth-optico-9-botones-scroll-3200-dpi-ajustable-negro\/\"]}]},{\"@type\":\"BreadcrumbList\",\"@id\":\"https:\/\/compuviper.mx\/tienda\/producto\/acteck-ac-943451-mouse-virtuos-pro-air-mi766-inalambrico-dual-ergonomico-recargable-win-mac-android-bluetooth-optico-9-botones-scroll-3200-dpi-ajustable-negro\/#breadcrumb\",\"itemListElement\":[{\"@type\":\"ListItem\",\"position\":1,\"name\":\"Inicio\",\"item\":\"https:\/\/compuviper.mx\/tienda\/\"},{\"@type\":\"ListItem\",\"position\":2,\"name\":\"Productos\",\"item\":\"https:\/\/compuviper.mx\/tienda\/productos\/\"},{\"@type\":\"ListItem\",\"position\":3,\"name\":\"Mouse\",\"item\":\"https:\/\/compuviper.mx\/tienda\/categoria-producto\/mouse\/\"},{\"@type\":\"ListItem\",\"position\":4,\"name\":\"Optico\",\"item\":\"https:\/\/compuviper.mx\/tienda\/categoria-producto\/mouse\/optico\/\"},{\"@type\":\"ListItem\",\"position\":5,\"name\":\"Acteck Ac-943451 Mouse Virtuos Pro Air Mi766 \/ Inalambrico Dual \/ Ergonomico \/ Recargable \/ Win, Mac, Android \/ Bluetooth \/ Optico \/ 9 Botones + Scroll \/ 3200 Dpi Ajustable \/ Negro \/\"}]},{\"@type\":\"WebSite\",\"@id\":\"https:\/\/compuviper.mx\/tienda\/#website\",\"url\":\"https:\/\/compuviper.mx\/tienda\/\",\"name\":\"Compuviper\",\"description\":\"Proveedor de Computadoras, Laptops, Servidores, Monitores, Puntos de Venta, Teclados,   Impresoras, T\u00f3ner, C\u00e1maras de Seguridad y m\u00e1s en tu tienda en l\u00ednea\",\"publisher\":{\"@id\":\"https:\/\/compuviper.mx\/tienda\/#organization\"},\"potentialAction\":[{\"@type\":\"SearchAction\",\"target\":{\"@type\":\"EntryPoint\",\"urlTemplate\":\"https:\/\/compuviper.mx\/tienda\/?s={search_term_string}\"},\"query-input\":\"required name=search_term_string\"}],\"inLanguage\":\"es-MX\"},{\"@type\":\"Organization\",\"@id\":\"https:\/\/compuviper.mx\/tienda\/#organization\",\"name\":\"Compuviper\",\"url\":\"https:\/\/compuviper.mx\/tienda\/\",\"logo\":{\"@type\":\"ImageObject\",\"inLanguage\":\"es-MX\",\"@id\":\"https:\/\/compuviper.mx\/tienda\/#\/schema\/logo\/image\/\",\"url\":\"https:\/\/compuviper.mx\/tienda\/wp-content\/uploads\/2021\/08\/Logo-Compuviper-10.png\",\"contentUrl\":\"https:\/\/compuviper.mx\/tienda\/wp-content\/uploads\/2021\/08\/Logo-Compuviper-10.png\",\"width\":1000,\"height\":500,\"caption\":\"Compuviper\"},\"image\":{\"@id\":\"https:\/\/compuviper.mx\/tienda\/#\/schema\/logo\/image\/\"},\"sameAs\":[\"https:\/\/www.facebook.com\/compuviper\",\"https:\/\/www.youtube.com\/channel\/UCf73dERp9Y3cfOq7q8BhLjA?view_as=subscriber\"]}]}<\/script>\n<meta property=\"product:brand\" content=\"ACTECK\" \/>\n<meta property=\"product:price:amount\" content=\"387\" \/>\n<meta property=\"product:price:currency\" content=\"MXN\" \/>\n<meta property=\"og:availability\" content=\"instock\" \/>\n<meta property=\"product:availability\" content=\"instock\" \/>\n<meta property=\"product:retailer_item_id\" content=\"AC-943451\" \/>\n<meta property=\"product:condition\" content=\"new\" \/>\n<!-- \/ Yoast SEO plugin. -->","yoast_head_json":{"title":"[ Acteck ] &#129351; Ac-943451 Mouse Virtuos Pro Air Mi766 \/ Inalambrico Dual \/ Ergonomico \/ Recargable \/ Win, Mac, Android \/ Bluetooth \/ Optico \/ 9 Botones + Scroll \/ 3200 Dpi Ajustable \/ Negro \/","description":"Compra Ac-943451 Mouse Virtuos Pro Air Mi766 \/ Inalambrico Dual \/ Ergonomico \/ Recargable \/ Win, Mac, Android \/ Bluetooth \/ Optico \/ 9 Botones + Scroll \/ 3200 Dpi Ajustable \/ Negro \/ + Env\u00edo a domicilio + Pago seguro + Garant\u00eda","robots":{"index":"index","follow":"follow","max-snippet":"max-snippet:-1","max-image-preview":"max-image-preview:large","max-video-preview":"max-video-preview:-1"},"canonical":"https:\/\/compuviper.mx\/tienda\/producto\/acteck-ac-943451-mouse-virtuos-pro-air-mi766-inalambrico-dual-ergonomico-recargable-win-mac-android-bluetooth-optico-9-botones-scroll-3200-dpi-ajustable-negro\/","og_locale":"es_MX","og_type":"article","og_title":"[ Acteck ] &#129351; Ac-943451 Mouse Virtuos Pro Air Mi766 \/ Inalambrico Dual \/ Ergonomico \/ Recargable \/ Win, Mac, Android \/ Bluetooth \/ Optico \/ 9 Botones + Scroll \/ 3200 Dpi Ajustable \/ Negro \/","og_description":"Compra Ac-943451 Mouse Virtuos Pro Air Mi766 \/ Inalambrico Dual \/ Ergonomico \/ Recargable \/ Win, Mac, Android \/ Bluetooth \/ Optico \/ 9 Botones + Scroll \/ 3200 Dpi Ajustable \/ Negro \/ + Env\u00edo a domicilio + Pago seguro + Garant\u00eda","og_url":"https:\/\/compuviper.mx\/tienda\/producto\/acteck-ac-943451-mouse-virtuos-pro-air-mi766-inalambrico-dual-ergonomico-recargable-win-mac-android-bluetooth-optico-9-botones-scroll-3200-dpi-ajustable-negro\/","og_site_name":"Compuviper","article_publisher":"https:\/\/www.facebook.com\/compuviper","article_modified_time":"2026-05-09T06:55:01+00:00","twitter_card":"summary_large_image","twitter_misc":{"Precio":"&#36;387 con IVA","Availability":"In stock"},"schema":{"@context":"https:\/\/schema.org","@graph":[{"@type":"WebPage","@id":"https:\/\/compuviper.mx\/tienda\/producto\/acteck-ac-943451-mouse-virtuos-pro-air-mi766-inalambrico-dual-ergonomico-recargable-win-mac-android-bluetooth-optico-9-botones-scroll-3200-dpi-ajustable-negro\/","url":"https:\/\/compuviper.mx\/tienda\/producto\/acteck-ac-943451-mouse-virtuos-pro-air-mi766-inalambrico-dual-ergonomico-recargable-win-mac-android-bluetooth-optico-9-botones-scroll-3200-dpi-ajustable-negro\/","name":"[ Acteck ] &#129351; Ac-943451 Mouse Virtuos Pro Air Mi766 \/ Inalambrico Dual \/ Ergonomico \/ Recargable \/ Win, Mac, Android \/ Bluetooth \/ Optico \/ 9 Botones + Scroll \/ 3200 Dpi Ajustable \/ Negro \/","isPartOf":{"@id":"https:\/\/compuviper.mx\/tienda\/#website"},"datePublished":"2026-05-09T06:55:00+00:00","dateModified":"2026-05-09T06:55:01+00:00","description":"Compra Ac-943451 Mouse Virtuos Pro Air Mi766 \/ Inalambrico Dual \/ Ergonomico \/ Recargable \/ Win, Mac, Android \/ Bluetooth \/ Optico \/ 9 Botones + Scroll \/ 3200 Dpi Ajustable \/ Negro \/ + Env\u00edo a domicilio + Pago seguro + Garant\u00eda","breadcrumb":{"@id":"https:\/\/compuviper.mx\/tienda\/producto\/acteck-ac-943451-mouse-virtuos-pro-air-mi766-inalambrico-dual-ergonomico-recargable-win-mac-android-bluetooth-optico-9-botones-scroll-3200-dpi-ajustable-negro\/#breadcrumb"},"inLanguage":"es-MX","potentialAction":[{"@type":"ReadAction","target":["https:\/\/compuviper.mx\/tienda\/producto\/acteck-ac-943451-mouse-virtuos-pro-air-mi766-inalambrico-dual-ergonomico-recargable-win-mac-android-bluetooth-optico-9-botones-scroll-3200-dpi-ajustable-negro\/"]}]},{"@type":"BreadcrumbList","@id":"https:\/\/compuviper.mx\/tienda\/producto\/acteck-ac-943451-mouse-virtuos-pro-air-mi766-inalambrico-dual-ergonomico-recargable-win-mac-android-bluetooth-optico-9-botones-scroll-3200-dpi-ajustable-negro\/#breadcrumb","itemListElement":[{"@type":"ListItem","position":1,"name":"Inicio","item":"https:\/\/compuviper.mx\/tienda\/"},{"@type":"ListItem","position":2,"name":"Productos","item":"https:\/\/compuviper.mx\/tienda\/productos\/"},{"@type":"ListItem","position":3,"name":"Mouse","item":"https:\/\/compuviper.mx\/tienda\/categoria-producto\/mouse\/"},{"@type":"ListItem","position":4,"name":"Optico","item":"https:\/\/compuviper.mx\/tienda\/categoria-producto\/mouse\/optico\/"},{"@type":"ListItem","position":5,"name":"Acteck Ac-943451 Mouse Virtuos Pro Air Mi766 \/ Inalambrico Dual \/ Ergonomico \/ Recargable \/ Win, Mac, Android \/ Bluetooth \/ Optico \/ 9 Botones + Scroll \/ 3200 Dpi Ajustable \/ Negro \/"}]},{"@type":"WebSite","@id":"https:\/\/compuviper.mx\/tienda\/#website","url":"https:\/\/compuviper.mx\/tienda\/","name":"Compuviper","description":"Proveedor de Computadoras, Laptops, Servidores, Monitores, Puntos de Venta, Teclados,   Impresoras, T\u00f3ner, C\u00e1maras de Seguridad y m\u00e1s en tu tienda en l\u00ednea","publisher":{"@id":"https:\/\/compuviper.mx\/tienda\/#organization"},"potentialAction":[{"@type":"SearchAction","target":{"@type":"EntryPoint","urlTemplate":"https:\/\/compuviper.mx\/tienda\/?s={search_term_string}"},"query-input":"required name=search_term_string"}],"inLanguage":"es-MX"},{"@type":"Organization","@id":"https:\/\/compuviper.mx\/tienda\/#organization","name":"Compuviper","url":"https:\/\/compuviper.mx\/tienda\/","logo":{"@type":"ImageObject","inLanguage":"es-MX","@id":"https:\/\/compuviper.mx\/tienda\/#\/schema\/logo\/image\/","url":"https:\/\/compuviper.mx\/tienda\/wp-content\/uploads\/2021\/08\/Logo-Compuviper-10.png","contentUrl":"https:\/\/compuviper.mx\/tienda\/wp-content\/uploads\/2021\/08\/Logo-Compuviper-10.png","width":1000,"height":500,"caption":"Compuviper"},"image":{"@id":"https:\/\/compuviper.mx\/tienda\/#\/schema\/logo\/image\/"},"sameAs":["https:\/\/www.facebook.com\/compuviper","https:\/\/www.youtube.com\/channel\/UCf73dERp9Y3cfOq7q8BhLjA?view_as=subscriber"]}]},"product_brand":"ACTECK","product_price_amount":"387","product_price_currency":"MXN","og_availability":"instock","product_availability":"instock","product_retailer_item_id":"AC-943451","product_condition":"new"},"_links":{"self":[{"href":"https:\/\/compuviper.mx\/tienda\/wp-json\/wp\/v2\/product\/265226"}],"collection":[{"href":"https:\/\/compuviper.mx\/tienda\/wp-json\/wp\/v2\/product"}],"about":[{"href":"https:\/\/compuviper.mx\/tienda\/wp-json\/wp\/v2\/types\/product"}],"replies":[{"embeddable":true,"href":"https:\/\/compuviper.mx\/tienda\/wp-json\/wp\/v2\/comments?post=265226"}],"wp:attachment":[{"href":"https:\/\/compuviper.mx\/tienda\/wp-json\/wp\/v2\/media?parent=265226"}],"wp:term":[{"taxonomy":"product_cat","embeddable":true,"href":"https:\/\/compuviper.mx\/tienda\/wp-json\/wp\/v2\/product_cat?post=265226"},{"taxonomy":"product_tag","embeddable":true,"href":"https:\/\/compuviper.mx\/tienda\/wp-json\/wp\/v2\/product_tag?post=265226"}],"curies":[{"name":"wp","href":"https:\/\/api.w.org\/{rel}","templated":true}]}}