{"id":265224,"date":"2026-04-02T00:43:10","date_gmt":"2026-04-02T06:43:10","guid":{"rendered":"https:\/\/compuviper.mx\/tienda\/producto\/acteck-ac-943505-kit-creator-silent-pro-mk474-teclado-y-mouse-inalambrico-dongle-usb-win-mac-android-membrana-106-teclas-ergonomico-5000-dpi-ajustable-6-botones-optico-negro\/"},"modified":"2026-04-02T00:43:10","modified_gmt":"2026-04-02T06:43:10","slug":"acteck-ac-943505-kit-creator-silent-pro-mk474-teclado-y-mouse-inalambrico-dongle-usb-win-mac-android-membrana-106-teclas-ergonomico-5000-dpi-ajustable-6-botones-optico-negro","status":"publish","type":"product","link":"https:\/\/compuviper.mx\/tienda\/producto\/acteck-ac-943505-kit-creator-silent-pro-mk474-teclado-y-mouse-inalambrico-dongle-usb-win-mac-android-membrana-106-teclas-ergonomico-5000-dpi-ajustable-6-botones-optico-negro\/","title":{"rendered":"Acteck Ac-943505 Kit  Creator Silent Pro Mk474 \/ Teclado Y Mouse \/ Inalambrico Dongle Usb \/ Win, Mac, Android \/ Membrana \/106 Teclas \/ Ergonomico \/ 5000 Dpi Ajustable \/ 6 Botones \/ Optico \/ Negro \/"},"content":{"rendered":"<table class=\"descripcion\">\n<tr>\n<td>Ficha tecnica<\/td>\n<\/tr>\n<tr>\n<td>Creator silent pro mk474<\/td>\n<\/tr>\n<tr>\n<td>\u0095 producto: teclado inalambrico<\/td>\n<\/tr>\n<tr>\n<td>\u0095 modelo: ac-943505<\/td>\n<\/tr>\n<tr>\n<td>\u0095 material general: abs<\/td>\n<\/tr>\n<tr>\n<td>\u0095 material de teclas: abs<\/td>\n<\/tr>\n<tr>\n<td>\u0095 dimensiones (largo x ancho x alto): 44 x 13 x 3 cm<\/td>\n<\/tr>\n<tr>\n<td>\u0095 peso: 485 g<\/td>\n<\/tr>\n<tr>\n<td>\u0095 compatibilidad: windows \/ macos \/ android<\/td>\n<\/tr>\n<tr>\n<td>\u0095 tipo de teclado: membrana<\/td>\n<\/tr>\n<tr>\n<td>\u0095 tamano del teclado: 100 porciento<\/td>\n<\/tr>\n<tr>\n<td>\u0095 numero de teclas totales: 106<\/td>\n<\/tr>\n<tr>\n<td>\u0095 idioma de distribucion de teclas: espanol<\/td>\n<\/tr>\n<tr>\n<td>\u0095 teclas con funcion multimedia (fn): 12<\/td>\n<\/tr>\n<tr>\n<td>\u0095 tipo de alimentacion: 1x aa 1.5 v-<\/td>\n<\/tr>\n<tr>\n<td>\u0095 duracion estimada de bateria: 20 h<\/td>\n<\/tr>\n<tr>\n<td>\u0095 conexion tipo de conexion: 1x dongle usb a para teclado y mouse<\/td>\n<\/tr>\n<tr>\n<td>\u0095 alcance inalambrico max. 10 m<\/td>\n<\/tr>\n<tr>\n<td>Especificaciones mouse<\/td>\n<\/tr>\n<tr>\n<td>\u0095 producto: mouse inalambrico<\/td>\n<\/tr>\n<tr>\n<td>\u0095 modelo: ac-943505<\/td>\n<\/tr>\n<tr>\n<td>\u0095 material general: abs<\/td>\n<\/tr>\n<tr>\n<td>\u0095 dimensiones (largo x ancho x alto): 10.8 x 6.1 x 3.9 cm<\/td>\n<\/tr>\n<tr>\n<td>\u0095 compatibilidad: windows \/ macos \/ android<\/td>\n<\/tr>\n<tr>\n<td>\u0095 peso del mouse: 55 g<\/td>\n<\/tr>\n<tr>\n<td>\u0095 tipo de sensor: optico<\/td>\n<\/tr>\n<tr>\n<td>\u0095 marca y modelo del sensor: sigma<\/td>\n<\/tr>\n<tr>\n<td>\u0095 resolucion dpi: 1000\/1600\/2400\/3600\/5000<\/td>\n<\/tr>\n<tr>\n<td>\u0095 botones totales: 6<\/td>\n<\/tr>\n<tr>\n<td>\u0095 tasa de sondeo (polling rate): 125 hz<\/td>\n<\/tr>\n<tr>\n<td>\u0095 tiempo de respuesta (ms): 30 inch\/s<\/td>\n<\/tr>\n<tr>\n<td>\u0095 tipo de agarre: agarre de palma<\/td>\n<\/tr>\n<tr>\n<td>\u0095 tipo de alimentacion: 1x aa 1.5 v-<\/td>\n<\/tr>\n<\/table>\n","protected":false},"excerpt":{"rendered":"<p>Control multimedia sin interrupciones. Incluye 12 teclas multimedia integradas y compatibilidad. Con windows, macos y android. Gestiona tu musica. Videos o volumen con facilidad, optimizando tu flujo. De trabajo o momentos de estudio. Conexion inalambrica estable y rapida. Disfruta de un enlace confiable y sin interrupciones entre teclado y mouse, de. Conexion inalambrica mediante dongle usb-a con frecuencia de 2.4 ghz. Ofrece un. Alcance inalambrico maximo de 10 metros y hasta 20 horas con una bateria o sin cambiar la bateria.<\/p>\n","protected":false},"featured_media":0,"comment_status":"open","ping_status":"open","template":"","meta":[],"product_cat":[1712,1711],"product_tag":[1582],"acf":[],"yoast_head":"<!-- This site is optimized with the Yoast SEO plugin v21.7 - https:\/\/yoast.com\/wordpress\/plugins\/seo\/ -->\n<title>[ Acteck ] &#129351; Ac-943505 Kit Creator Silent Pro Mk474 \/ Teclado Y Mouse \/ Inalambrico Dongle Usb \/ Win, Mac, Android \/ Membrana \/106 Teclas \/ Ergonomico \/ 5000 Dpi Ajustable \/ 6 Botones \/ Optico \/ Negro \/<\/title>\n<meta name=\"description\" content=\"Compra Ac-943505 Kit Creator Silent Pro Mk474 \/ Teclado Y Mouse \/ Inalambrico Dongle Usb \/ Win, Mac, Android \/ Membrana \/106 Teclas \/ Ergonomico \/ 5000 Dpi Ajustable \/ 6 Botones \/ Optico \/ Negro \/ + Env\u00edo a domicilio + Pago seguro + Garant\u00eda\" \/>\n<meta name=\"robots\" content=\"index, follow, max-snippet:-1, max-image-preview:large, max-video-preview:-1\" \/>\n<link rel=\"canonical\" href=\"https:\/\/compuviper.mx\/tienda\/producto\/acteck-ac-943505-kit-creator-silent-pro-mk474-teclado-y-mouse-inalambrico-dongle-usb-win-mac-android-membrana-106-teclas-ergonomico-5000-dpi-ajustable-6-botones-optico-negro\/\" \/>\n<meta property=\"og:locale\" content=\"es_MX\" \/>\n<meta property=\"og:type\" content=\"article\" \/>\n<meta property=\"og:title\" content=\"[ Acteck ] &#129351; Ac-943505 Kit Creator Silent Pro Mk474 \/ Teclado Y Mouse \/ Inalambrico Dongle Usb \/ Win, Mac, Android \/ Membrana \/106 Teclas \/ Ergonomico \/ 5000 Dpi Ajustable \/ 6 Botones \/ Optico \/ Negro \/\" \/>\n<meta property=\"og:description\" content=\"Compra Ac-943505 Kit Creator Silent Pro Mk474 \/ Teclado Y Mouse \/ Inalambrico Dongle Usb \/ Win, Mac, Android \/ Membrana \/106 Teclas \/ Ergonomico \/ 5000 Dpi Ajustable \/ 6 Botones \/ Optico \/ Negro \/ + Env\u00edo a domicilio + Pago seguro + Garant\u00eda\" \/>\n<meta property=\"og:url\" content=\"https:\/\/compuviper.mx\/tienda\/producto\/acteck-ac-943505-kit-creator-silent-pro-mk474-teclado-y-mouse-inalambrico-dongle-usb-win-mac-android-membrana-106-teclas-ergonomico-5000-dpi-ajustable-6-botones-optico-negro\/\" \/>\n<meta property=\"og:site_name\" content=\"Compuviper\" \/>\n<meta property=\"article:publisher\" content=\"https:\/\/www.facebook.com\/compuviper\" \/>\n<meta name=\"twitter:card\" content=\"summary_large_image\" \/>\n<meta name=\"twitter:label1\" content=\"Precio\" \/>\n\t<meta name=\"twitter:data1\" content=\"&#36;374 &#36;337 con IVA\" \/>\n\t<meta name=\"twitter:label2\" content=\"Availability\" \/>\n\t<meta name=\"twitter:data2\" content=\"In stock\" \/>\n<script type=\"application\/ld+json\" class=\"yoast-schema-graph\">{\"@context\":\"https:\/\/schema.org\",\"@graph\":[{\"@type\":\"WebPage\",\"@id\":\"https:\/\/compuviper.mx\/tienda\/producto\/acteck-ac-943505-kit-creator-silent-pro-mk474-teclado-y-mouse-inalambrico-dongle-usb-win-mac-android-membrana-106-teclas-ergonomico-5000-dpi-ajustable-6-botones-optico-negro\/\",\"url\":\"https:\/\/compuviper.mx\/tienda\/producto\/acteck-ac-943505-kit-creator-silent-pro-mk474-teclado-y-mouse-inalambrico-dongle-usb-win-mac-android-membrana-106-teclas-ergonomico-5000-dpi-ajustable-6-botones-optico-negro\/\",\"name\":\"[ Acteck ] &#129351; Ac-943505 Kit Creator Silent Pro Mk474 \/ Teclado Y Mouse \/ Inalambrico Dongle Usb \/ Win, Mac, Android \/ Membrana \/106 Teclas \/ Ergonomico \/ 5000 Dpi Ajustable \/ 6 Botones \/ Optico \/ Negro \/\",\"isPartOf\":{\"@id\":\"https:\/\/compuviper.mx\/tienda\/#website\"},\"datePublished\":\"2026-04-02T06:43:10+00:00\",\"dateModified\":\"2026-04-02T06:43:10+00:00\",\"description\":\"Compra Ac-943505 Kit Creator Silent Pro Mk474 \/ Teclado Y Mouse \/ Inalambrico Dongle Usb \/ Win, Mac, Android \/ Membrana \/106 Teclas \/ Ergonomico \/ 5000 Dpi Ajustable \/ 6 Botones \/ Optico \/ Negro \/ + Env\u00edo a domicilio + Pago seguro + Garant\u00eda\",\"breadcrumb\":{\"@id\":\"https:\/\/compuviper.mx\/tienda\/producto\/acteck-ac-943505-kit-creator-silent-pro-mk474-teclado-y-mouse-inalambrico-dongle-usb-win-mac-android-membrana-106-teclas-ergonomico-5000-dpi-ajustable-6-botones-optico-negro\/#breadcrumb\"},\"inLanguage\":\"es-MX\",\"potentialAction\":[{\"@type\":\"ReadAction\",\"target\":[\"https:\/\/compuviper.mx\/tienda\/producto\/acteck-ac-943505-kit-creator-silent-pro-mk474-teclado-y-mouse-inalambrico-dongle-usb-win-mac-android-membrana-106-teclas-ergonomico-5000-dpi-ajustable-6-botones-optico-negro\/\"]}]},{\"@type\":\"BreadcrumbList\",\"@id\":\"https:\/\/compuviper.mx\/tienda\/producto\/acteck-ac-943505-kit-creator-silent-pro-mk474-teclado-y-mouse-inalambrico-dongle-usb-win-mac-android-membrana-106-teclas-ergonomico-5000-dpi-ajustable-6-botones-optico-negro\/#breadcrumb\",\"itemListElement\":[{\"@type\":\"ListItem\",\"position\":1,\"name\":\"Inicio\",\"item\":\"https:\/\/compuviper.mx\/tienda\/\"},{\"@type\":\"ListItem\",\"position\":2,\"name\":\"Productos\",\"item\":\"https:\/\/compuviper.mx\/tienda\/productos\/\"},{\"@type\":\"ListItem\",\"position\":3,\"name\":\"Teclado Y Mouse\",\"item\":\"https:\/\/compuviper.mx\/tienda\/categoria-producto\/teclado-y-mouse\/\"},{\"@type\":\"ListItem\",\"position\":4,\"name\":\"Sin Categor\u00eda\",\"item\":\"https:\/\/compuviper.mx\/tienda\/categoria-producto\/teclado-y-mouse\/sin-categoria-teclado-y-mouse\/\"},{\"@type\":\"ListItem\",\"position\":5,\"name\":\"Acteck Ac-943505 Kit Creator Silent Pro Mk474 \/ Teclado Y Mouse \/ Inalambrico Dongle Usb \/ Win, Mac, Android \/ Membrana \/106 Teclas \/ Ergonomico \/ 5000 Dpi Ajustable \/ 6 Botones \/ Optico \/ Negro \/\"}]},{\"@type\":\"WebSite\",\"@id\":\"https:\/\/compuviper.mx\/tienda\/#website\",\"url\":\"https:\/\/compuviper.mx\/tienda\/\",\"name\":\"Compuviper\",\"description\":\"Proveedor de Computadoras, Laptops, Servidores, Monitores, Puntos de Venta, Teclados,   Impresoras, T\u00f3ner, C\u00e1maras de Seguridad y m\u00e1s en tu tienda en l\u00ednea\",\"publisher\":{\"@id\":\"https:\/\/compuviper.mx\/tienda\/#organization\"},\"potentialAction\":[{\"@type\":\"SearchAction\",\"target\":{\"@type\":\"EntryPoint\",\"urlTemplate\":\"https:\/\/compuviper.mx\/tienda\/?s={search_term_string}\"},\"query-input\":\"required name=search_term_string\"}],\"inLanguage\":\"es-MX\"},{\"@type\":\"Organization\",\"@id\":\"https:\/\/compuviper.mx\/tienda\/#organization\",\"name\":\"Compuviper\",\"url\":\"https:\/\/compuviper.mx\/tienda\/\",\"logo\":{\"@type\":\"ImageObject\",\"inLanguage\":\"es-MX\",\"@id\":\"https:\/\/compuviper.mx\/tienda\/#\/schema\/logo\/image\/\",\"url\":\"https:\/\/compuviper.mx\/tienda\/wp-content\/uploads\/2021\/08\/Logo-Compuviper-10.png\",\"contentUrl\":\"https:\/\/compuviper.mx\/tienda\/wp-content\/uploads\/2021\/08\/Logo-Compuviper-10.png\",\"width\":1000,\"height\":500,\"caption\":\"Compuviper\"},\"image\":{\"@id\":\"https:\/\/compuviper.mx\/tienda\/#\/schema\/logo\/image\/\"},\"sameAs\":[\"https:\/\/www.facebook.com\/compuviper\",\"https:\/\/www.youtube.com\/channel\/UCf73dERp9Y3cfOq7q8BhLjA?view_as=subscriber\"]}]}<\/script>\n<meta property=\"product:brand\" content=\"ACTECK\" \/>\n<meta property=\"product:price:amount\" content=\"337\" \/>\n<meta property=\"product:price:currency\" content=\"MXN\" \/>\n<meta property=\"og:availability\" content=\"instock\" \/>\n<meta property=\"product:availability\" content=\"instock\" \/>\n<meta property=\"product:retailer_item_id\" content=\"AC-943505\" \/>\n<meta property=\"product:condition\" content=\"new\" \/>\n<!-- \/ Yoast SEO plugin. -->","yoast_head_json":{"title":"[ Acteck ] &#129351; Ac-943505 Kit Creator Silent Pro Mk474 \/ Teclado Y Mouse \/ Inalambrico Dongle Usb \/ Win, Mac, Android \/ Membrana \/106 Teclas \/ Ergonomico \/ 5000 Dpi Ajustable \/ 6 Botones \/ Optico \/ Negro \/","description":"Compra Ac-943505 Kit Creator Silent Pro Mk474 \/ Teclado Y Mouse \/ Inalambrico Dongle Usb \/ Win, Mac, Android \/ Membrana \/106 Teclas \/ Ergonomico \/ 5000 Dpi Ajustable \/ 6 Botones \/ Optico \/ Negro \/ + Env\u00edo a domicilio + Pago seguro + Garant\u00eda","robots":{"index":"index","follow":"follow","max-snippet":"max-snippet:-1","max-image-preview":"max-image-preview:large","max-video-preview":"max-video-preview:-1"},"canonical":"https:\/\/compuviper.mx\/tienda\/producto\/acteck-ac-943505-kit-creator-silent-pro-mk474-teclado-y-mouse-inalambrico-dongle-usb-win-mac-android-membrana-106-teclas-ergonomico-5000-dpi-ajustable-6-botones-optico-negro\/","og_locale":"es_MX","og_type":"article","og_title":"[ Acteck ] &#129351; Ac-943505 Kit Creator Silent Pro Mk474 \/ Teclado Y Mouse \/ Inalambrico Dongle Usb \/ Win, Mac, Android \/ Membrana \/106 Teclas \/ Ergonomico \/ 5000 Dpi Ajustable \/ 6 Botones \/ Optico \/ Negro \/","og_description":"Compra Ac-943505 Kit Creator Silent Pro Mk474 \/ Teclado Y Mouse \/ Inalambrico Dongle Usb \/ Win, Mac, Android \/ Membrana \/106 Teclas \/ Ergonomico \/ 5000 Dpi Ajustable \/ 6 Botones \/ Optico \/ Negro \/ + Env\u00edo a domicilio + Pago seguro + Garant\u00eda","og_url":"https:\/\/compuviper.mx\/tienda\/producto\/acteck-ac-943505-kit-creator-silent-pro-mk474-teclado-y-mouse-inalambrico-dongle-usb-win-mac-android-membrana-106-teclas-ergonomico-5000-dpi-ajustable-6-botones-optico-negro\/","og_site_name":"Compuviper","article_publisher":"https:\/\/www.facebook.com\/compuviper","twitter_card":"summary_large_image","twitter_misc":{"Precio":"&#36;374 &#36;337 con IVA","Availability":"In stock"},"schema":{"@context":"https:\/\/schema.org","@graph":[{"@type":"WebPage","@id":"https:\/\/compuviper.mx\/tienda\/producto\/acteck-ac-943505-kit-creator-silent-pro-mk474-teclado-y-mouse-inalambrico-dongle-usb-win-mac-android-membrana-106-teclas-ergonomico-5000-dpi-ajustable-6-botones-optico-negro\/","url":"https:\/\/compuviper.mx\/tienda\/producto\/acteck-ac-943505-kit-creator-silent-pro-mk474-teclado-y-mouse-inalambrico-dongle-usb-win-mac-android-membrana-106-teclas-ergonomico-5000-dpi-ajustable-6-botones-optico-negro\/","name":"[ Acteck ] &#129351; Ac-943505 Kit Creator Silent Pro Mk474 \/ Teclado Y Mouse \/ Inalambrico Dongle Usb \/ Win, Mac, Android \/ Membrana \/106 Teclas \/ Ergonomico \/ 5000 Dpi Ajustable \/ 6 Botones \/ Optico \/ Negro \/","isPartOf":{"@id":"https:\/\/compuviper.mx\/tienda\/#website"},"datePublished":"2026-04-02T06:43:10+00:00","dateModified":"2026-04-02T06:43:10+00:00","description":"Compra Ac-943505 Kit Creator Silent Pro Mk474 \/ Teclado Y Mouse \/ Inalambrico Dongle Usb \/ Win, Mac, Android \/ Membrana \/106 Teclas \/ Ergonomico \/ 5000 Dpi Ajustable \/ 6 Botones \/ Optico \/ Negro \/ + Env\u00edo a domicilio + Pago seguro + Garant\u00eda","breadcrumb":{"@id":"https:\/\/compuviper.mx\/tienda\/producto\/acteck-ac-943505-kit-creator-silent-pro-mk474-teclado-y-mouse-inalambrico-dongle-usb-win-mac-android-membrana-106-teclas-ergonomico-5000-dpi-ajustable-6-botones-optico-negro\/#breadcrumb"},"inLanguage":"es-MX","potentialAction":[{"@type":"ReadAction","target":["https:\/\/compuviper.mx\/tienda\/producto\/acteck-ac-943505-kit-creator-silent-pro-mk474-teclado-y-mouse-inalambrico-dongle-usb-win-mac-android-membrana-106-teclas-ergonomico-5000-dpi-ajustable-6-botones-optico-negro\/"]}]},{"@type":"BreadcrumbList","@id":"https:\/\/compuviper.mx\/tienda\/producto\/acteck-ac-943505-kit-creator-silent-pro-mk474-teclado-y-mouse-inalambrico-dongle-usb-win-mac-android-membrana-106-teclas-ergonomico-5000-dpi-ajustable-6-botones-optico-negro\/#breadcrumb","itemListElement":[{"@type":"ListItem","position":1,"name":"Inicio","item":"https:\/\/compuviper.mx\/tienda\/"},{"@type":"ListItem","position":2,"name":"Productos","item":"https:\/\/compuviper.mx\/tienda\/productos\/"},{"@type":"ListItem","position":3,"name":"Teclado Y Mouse","item":"https:\/\/compuviper.mx\/tienda\/categoria-producto\/teclado-y-mouse\/"},{"@type":"ListItem","position":4,"name":"Sin Categor\u00eda","item":"https:\/\/compuviper.mx\/tienda\/categoria-producto\/teclado-y-mouse\/sin-categoria-teclado-y-mouse\/"},{"@type":"ListItem","position":5,"name":"Acteck Ac-943505 Kit Creator Silent Pro Mk474 \/ Teclado Y Mouse \/ Inalambrico Dongle Usb \/ Win, Mac, Android \/ Membrana \/106 Teclas \/ Ergonomico \/ 5000 Dpi Ajustable \/ 6 Botones \/ Optico \/ Negro \/"}]},{"@type":"WebSite","@id":"https:\/\/compuviper.mx\/tienda\/#website","url":"https:\/\/compuviper.mx\/tienda\/","name":"Compuviper","description":"Proveedor de Computadoras, Laptops, Servidores, Monitores, Puntos de Venta, Teclados,   Impresoras, T\u00f3ner, C\u00e1maras de Seguridad y m\u00e1s en tu tienda en l\u00ednea","publisher":{"@id":"https:\/\/compuviper.mx\/tienda\/#organization"},"potentialAction":[{"@type":"SearchAction","target":{"@type":"EntryPoint","urlTemplate":"https:\/\/compuviper.mx\/tienda\/?s={search_term_string}"},"query-input":"required name=search_term_string"}],"inLanguage":"es-MX"},{"@type":"Organization","@id":"https:\/\/compuviper.mx\/tienda\/#organization","name":"Compuviper","url":"https:\/\/compuviper.mx\/tienda\/","logo":{"@type":"ImageObject","inLanguage":"es-MX","@id":"https:\/\/compuviper.mx\/tienda\/#\/schema\/logo\/image\/","url":"https:\/\/compuviper.mx\/tienda\/wp-content\/uploads\/2021\/08\/Logo-Compuviper-10.png","contentUrl":"https:\/\/compuviper.mx\/tienda\/wp-content\/uploads\/2021\/08\/Logo-Compuviper-10.png","width":1000,"height":500,"caption":"Compuviper"},"image":{"@id":"https:\/\/compuviper.mx\/tienda\/#\/schema\/logo\/image\/"},"sameAs":["https:\/\/www.facebook.com\/compuviper","https:\/\/www.youtube.com\/channel\/UCf73dERp9Y3cfOq7q8BhLjA?view_as=subscriber"]}]},"product_brand":"ACTECK","product_price_amount":"337","product_price_currency":"MXN","og_availability":"instock","product_availability":"instock","product_retailer_item_id":"AC-943505","product_condition":"new"},"_links":{"self":[{"href":"https:\/\/compuviper.mx\/tienda\/wp-json\/wp\/v2\/product\/265224"}],"collection":[{"href":"https:\/\/compuviper.mx\/tienda\/wp-json\/wp\/v2\/product"}],"about":[{"href":"https:\/\/compuviper.mx\/tienda\/wp-json\/wp\/v2\/types\/product"}],"replies":[{"embeddable":true,"href":"https:\/\/compuviper.mx\/tienda\/wp-json\/wp\/v2\/comments?post=265224"}],"wp:attachment":[{"href":"https:\/\/compuviper.mx\/tienda\/wp-json\/wp\/v2\/media?parent=265224"}],"wp:term":[{"taxonomy":"product_cat","embeddable":true,"href":"https:\/\/compuviper.mx\/tienda\/wp-json\/wp\/v2\/product_cat?post=265224"},{"taxonomy":"product_tag","embeddable":true,"href":"https:\/\/compuviper.mx\/tienda\/wp-json\/wp\/v2\/product_tag?post=265224"}],"curies":[{"name":"wp","href":"https:\/\/api.w.org\/{rel}","templated":true}]}}