{"id":265211,"date":"2026-04-22T00:24:00","date_gmt":"2026-04-22T06:24:00","guid":{"rendered":"https:\/\/compuviper.mx\/tienda\/producto\/vertiv-gxt5-1000lvrt2uxl-ip-ups-liebert-gxt5-1000va-1000w-6-contactos-doble-conversion\/"},"modified":"2026-04-22T00:24:00","modified_gmt":"2026-04-22T06:24:00","slug":"vertiv-gxt5-1000lvrt2uxl-liebert-gxt5-ups-online-1000va-1000w-120v-montaje-en-rack-torre-nema-5-15p-salida-5-15r-6","status":"publish","type":"product","link":"https:\/\/compuviper.mx\/tienda\/producto\/vertiv-gxt5-1000lvrt2uxl-liebert-gxt5-ups-online-1000va-1000w-120v-montaje-en-rack-torre-nema-5-15p-salida-5-15r-6\/","title":{"rendered":"Vertiv Gxt5-1000lvrt2uxl Liebert Gxt5 Ups Online 1000va\/1000w 120v, Montaje En Rack\/torre, Nema 5-15p, Salida: 5-15r ? 6"},"content":{"rendered":"<table class=\"descripcion\">\n<tr>\n<td>No break vertiv liebert ups gxt5-1000lvrt2uxl on line, 1000w, 1000va, entrada 60 &#8211; 150v, salida 110 &#8211; 125v, 6 contactos 5-15r, hasta 2 a\u00f1os de garantia.<\/td>\n<\/tr>\n<tr>\n<td>Vertiv liebert gxt5-1000lvrt2uxl sistema de alimentaci\u00f3n ininterrumpida (ups) doble conversi\u00f3n (en l\u00ednea) 1 kva 1000 w 6 salidas ac :<\/td>\n<\/tr>\n<tr>\n<td>&#8211; las capacidades mejoradas de gesti\u00f3n local y remota permiten a los usuarios comprender la condici\u00f3n del espacio de infraestructura cr\u00edtica y tomar medidas cuando sea necesario.<\/td>\n<\/tr>\n<tr>\n<td>&#8211; el funcionamiento con factor de potencia alto hasta la unidad proporciona la mayor potencia disponible (vatios) para uso de los equipos de ti conectados, lo que permite conectar m\u00e1s dispositivos<\/td>\n<\/tr>\n<tr>\n<td>&#8211; conexi\u00f3n serie integrada para integraci\u00f3n avanzada del servidor de consola o control directo del terminal del ups<\/td>\n<\/tr>\n<tr>\n<td>&#8211; certificaci\u00f3n energy star\u00ae 2.0 con eficiencia en modos online (95%) y active eco (98%)<\/td>\n<\/tr>\n<tr>\n<td>&#8211; comunicaciones de red snmp con nic liebert\u00ae rdu101 opcional y trellis\u0099 power insight gratuito<\/td>\n<\/tr>\n<tr>\n<td>&#8211; lcd en color con sensor de gravedad para una f\u00e1cil configuraci\u00f3n y diagn\u00f3stico del sistema<\/td>\n<\/tr>\n<tr>\n<td>&#8211; energ\u00eda escalable con detecci\u00f3n autom\u00e1tica de gabinetes de bater\u00edas externas<\/td>\n<\/tr>\n<\/table>\n","protected":false},"excerpt":{"rendered":"<p>No break vertiv liebert  ups gxt5-1000lvrt2uxl on line, 1000w, 1000va, entrada 60 &#8211; 150v, salida 110 &#8211; 125v, 6 contactos 5-15r, hasta 2 a\u00f1os de garantia. Ideal para servidores.<\/p>\n","protected":false},"featured_media":265212,"comment_status":"open","ping_status":"open","template":"","meta":[],"product_cat":[1508,1691],"product_tag":[2173],"acf":[],"yoast_head":"<!-- This site is optimized with the Yoast SEO plugin v21.7 - https:\/\/yoast.com\/wordpress\/plugins\/seo\/ -->\n<title>[ Vertiv ] &#129351; Gxt5-1000lvrt2uxl Liebert Gxt5 Ups Online 1000va\/1000w 120v, Montaje En Rack\/torre, Nema 5-15p, Salida: 5-15r \u00d7 6<\/title>\n<meta name=\"description\" content=\"Compra Gxt5-1000lvrt2uxl Liebert Gxt5 Ups Online 1000va\/1000w 120v, Montaje En Rack\/torre, Nema 5-15p, Salida: 5-15r \u00d7 6 + Env\u00edo a domicilio + Pago seguro + Garant\u00eda\" \/>\n<meta name=\"robots\" content=\"index, follow, max-snippet:-1, max-image-preview:large, max-video-preview:-1\" \/>\n<link rel=\"canonical\" href=\"https:\/\/compuviper.mx\/tienda\/producto\/vertiv-gxt5-1000lvrt2uxl-liebert-gxt5-ups-online-1000va-1000w-120v-montaje-en-rack-torre-nema-5-15p-salida-5-15r-6\/\" \/>\n<meta property=\"og:locale\" content=\"es_MX\" \/>\n<meta property=\"og:type\" content=\"article\" \/>\n<meta property=\"og:title\" content=\"[ Vertiv ] &#129351; Gxt5-1000lvrt2uxl Liebert Gxt5 Ups Online 1000va\/1000w 120v, Montaje En Rack\/torre, Nema 5-15p, Salida: 5-15r \u00d7 6\" \/>\n<meta property=\"og:description\" content=\"Compra Gxt5-1000lvrt2uxl Liebert Gxt5 Ups Online 1000va\/1000w 120v, Montaje En Rack\/torre, Nema 5-15p, Salida: 5-15r \u00d7 6 + Env\u00edo a domicilio + Pago seguro + Garant\u00eda\" \/>\n<meta property=\"og:url\" content=\"https:\/\/compuviper.mx\/tienda\/producto\/vertiv-gxt5-1000lvrt2uxl-liebert-gxt5-ups-online-1000va-1000w-120v-montaje-en-rack-torre-nema-5-15p-salida-5-15r-6\/\" \/>\n<meta property=\"og:site_name\" content=\"Compuviper\" \/>\n<meta property=\"article:publisher\" content=\"https:\/\/www.facebook.com\/compuviper\" \/>\n<meta property=\"og:image\" content=\"https:\/\/compuviper.mx\/tienda\/wp-content\/uploads\/2026\/01\/Ip-ups-vertiv-liebert-gxt5-1000va-1000w-6-contactos-doble-conversion.jpg\" \/>\n\t<meta property=\"og:image:width\" content=\"200\" \/>\n\t<meta property=\"og:image:height\" content=\"200\" \/>\n\t<meta property=\"og:image:type\" content=\"image\/jpeg\" \/>\n<meta name=\"twitter:card\" content=\"summary_large_image\" \/>\n<meta name=\"twitter:label1\" content=\"Precio\" \/>\n\t<meta name=\"twitter:data1\" content=\"&#36;10,810 con IVA\" \/>\n\t<meta name=\"twitter:label2\" content=\"Availability\" \/>\n\t<meta name=\"twitter:data2\" content=\"Out of stock\" \/>\n<script type=\"application\/ld+json\" class=\"yoast-schema-graph\">{\"@context\":\"https:\/\/schema.org\",\"@graph\":[{\"@type\":\"WebPage\",\"@id\":\"https:\/\/compuviper.mx\/tienda\/producto\/vertiv-gxt5-1000lvrt2uxl-liebert-gxt5-ups-online-1000va-1000w-120v-montaje-en-rack-torre-nema-5-15p-salida-5-15r-6\/\",\"url\":\"https:\/\/compuviper.mx\/tienda\/producto\/vertiv-gxt5-1000lvrt2uxl-liebert-gxt5-ups-online-1000va-1000w-120v-montaje-en-rack-torre-nema-5-15p-salida-5-15r-6\/\",\"name\":\"[ Vertiv ] &#129351; Gxt5-1000lvrt2uxl Liebert Gxt5 Ups Online 1000va\/1000w 120v, Montaje En Rack\/torre, Nema 5-15p, Salida: 5-15r \u00d7 6\",\"isPartOf\":{\"@id\":\"https:\/\/compuviper.mx\/tienda\/#website\"},\"datePublished\":\"2026-04-22T06:24:00+00:00\",\"dateModified\":\"2026-04-22T06:24:00+00:00\",\"description\":\"Compra Gxt5-1000lvrt2uxl Liebert Gxt5 Ups Online 1000va\/1000w 120v, Montaje En Rack\/torre, Nema 5-15p, Salida: 5-15r \u00d7 6 + Env\u00edo a domicilio + Pago seguro + Garant\u00eda\",\"breadcrumb\":{\"@id\":\"https:\/\/compuviper.mx\/tienda\/producto\/vertiv-gxt5-1000lvrt2uxl-liebert-gxt5-ups-online-1000va-1000w-120v-montaje-en-rack-torre-nema-5-15p-salida-5-15r-6\/#breadcrumb\"},\"inLanguage\":\"es-MX\",\"potentialAction\":[{\"@type\":\"ReadAction\",\"target\":[\"https:\/\/compuviper.mx\/tienda\/producto\/vertiv-gxt5-1000lvrt2uxl-liebert-gxt5-ups-online-1000va-1000w-120v-montaje-en-rack-torre-nema-5-15p-salida-5-15r-6\/\"]}]},{\"@type\":\"BreadcrumbList\",\"@id\":\"https:\/\/compuviper.mx\/tienda\/producto\/vertiv-gxt5-1000lvrt2uxl-liebert-gxt5-ups-online-1000va-1000w-120v-montaje-en-rack-torre-nema-5-15p-salida-5-15r-6\/#breadcrumb\",\"itemListElement\":[{\"@type\":\"ListItem\",\"position\":1,\"name\":\"Inicio\",\"item\":\"https:\/\/compuviper.mx\/tienda\/\"},{\"@type\":\"ListItem\",\"position\":2,\"name\":\"Productos\",\"item\":\"https:\/\/compuviper.mx\/tienda\/productos\/\"},{\"@type\":\"ListItem\",\"position\":3,\"name\":\"Energia\",\"item\":\"https:\/\/compuviper.mx\/tienda\/categoria-producto\/energia\/\"},{\"@type\":\"ListItem\",\"position\":4,\"name\":\"No Break\",\"item\":\"https:\/\/compuviper.mx\/tienda\/categoria-producto\/energia\/no-break\/\"},{\"@type\":\"ListItem\",\"position\":5,\"name\":\"Vertiv Gxt5-1000lvrt2uxl Liebert Gxt5 Ups Online 1000va\/1000w 120v, Montaje En Rack\/torre, Nema 5-15p, Salida: 5-15r ? 6\"}]},{\"@type\":\"WebSite\",\"@id\":\"https:\/\/compuviper.mx\/tienda\/#website\",\"url\":\"https:\/\/compuviper.mx\/tienda\/\",\"name\":\"Compuviper\",\"description\":\"Proveedor de Computadoras, Laptops, Servidores, Monitores, Puntos de Venta, Teclados,   Impresoras, T\u00f3ner, C\u00e1maras de Seguridad y m\u00e1s en tu tienda en l\u00ednea\",\"publisher\":{\"@id\":\"https:\/\/compuviper.mx\/tienda\/#organization\"},\"potentialAction\":[{\"@type\":\"SearchAction\",\"target\":{\"@type\":\"EntryPoint\",\"urlTemplate\":\"https:\/\/compuviper.mx\/tienda\/?s={search_term_string}\"},\"query-input\":\"required name=search_term_string\"}],\"inLanguage\":\"es-MX\"},{\"@type\":\"Organization\",\"@id\":\"https:\/\/compuviper.mx\/tienda\/#organization\",\"name\":\"Compuviper\",\"url\":\"https:\/\/compuviper.mx\/tienda\/\",\"logo\":{\"@type\":\"ImageObject\",\"inLanguage\":\"es-MX\",\"@id\":\"https:\/\/compuviper.mx\/tienda\/#\/schema\/logo\/image\/\",\"url\":\"https:\/\/compuviper.mx\/tienda\/wp-content\/uploads\/2021\/08\/Logo-Compuviper-10.png\",\"contentUrl\":\"https:\/\/compuviper.mx\/tienda\/wp-content\/uploads\/2021\/08\/Logo-Compuviper-10.png\",\"width\":1000,\"height\":500,\"caption\":\"Compuviper\"},\"image\":{\"@id\":\"https:\/\/compuviper.mx\/tienda\/#\/schema\/logo\/image\/\"},\"sameAs\":[\"https:\/\/www.facebook.com\/compuviper\",\"https:\/\/www.youtube.com\/channel\/UCf73dERp9Y3cfOq7q8BhLjA?view_as=subscriber\"]}]}<\/script>\n<meta property=\"product:brand\" content=\"Vertiv\" \/>\n<meta property=\"product:price:amount\" content=\"10810\" \/>\n<meta property=\"product:price:currency\" content=\"MXN\" \/>\n<meta property=\"og:availability\" content=\"out of stock\" \/>\n<meta property=\"product:availability\" content=\"out of stock\" \/>\n<meta property=\"product:retailer_item_id\" content=\"GXT5-1000LVRT2UXL\" \/>\n<meta property=\"product:condition\" content=\"new\" \/>\n<!-- \/ Yoast SEO plugin. -->","yoast_head_json":{"title":"[ Vertiv ] &#129351; Gxt5-1000lvrt2uxl Liebert Gxt5 Ups Online 1000va\/1000w 120v, Montaje En Rack\/torre, Nema 5-15p, Salida: 5-15r \u00d7 6","description":"Compra Gxt5-1000lvrt2uxl Liebert Gxt5 Ups Online 1000va\/1000w 120v, Montaje En Rack\/torre, Nema 5-15p, Salida: 5-15r \u00d7 6 + Env\u00edo a domicilio + Pago seguro + Garant\u00eda","robots":{"index":"index","follow":"follow","max-snippet":"max-snippet:-1","max-image-preview":"max-image-preview:large","max-video-preview":"max-video-preview:-1"},"canonical":"https:\/\/compuviper.mx\/tienda\/producto\/vertiv-gxt5-1000lvrt2uxl-liebert-gxt5-ups-online-1000va-1000w-120v-montaje-en-rack-torre-nema-5-15p-salida-5-15r-6\/","og_locale":"es_MX","og_type":"article","og_title":"[ Vertiv ] &#129351; Gxt5-1000lvrt2uxl Liebert Gxt5 Ups Online 1000va\/1000w 120v, Montaje En Rack\/torre, Nema 5-15p, Salida: 5-15r \u00d7 6","og_description":"Compra Gxt5-1000lvrt2uxl Liebert Gxt5 Ups Online 1000va\/1000w 120v, Montaje En Rack\/torre, Nema 5-15p, Salida: 5-15r \u00d7 6 + Env\u00edo a domicilio + Pago seguro + Garant\u00eda","og_url":"https:\/\/compuviper.mx\/tienda\/producto\/vertiv-gxt5-1000lvrt2uxl-liebert-gxt5-ups-online-1000va-1000w-120v-montaje-en-rack-torre-nema-5-15p-salida-5-15r-6\/","og_site_name":"Compuviper","article_publisher":"https:\/\/www.facebook.com\/compuviper","og_image":[{"width":200,"height":200,"url":"https:\/\/compuviper.mx\/tienda\/wp-content\/uploads\/2026\/01\/Ip-ups-vertiv-liebert-gxt5-1000va-1000w-6-contactos-doble-conversion.jpg","type":"image\/jpeg"}],"twitter_card":"summary_large_image","twitter_misc":{"Precio":"&#36;10,810 con IVA","Availability":"Out of stock"},"schema":{"@context":"https:\/\/schema.org","@graph":[{"@type":"WebPage","@id":"https:\/\/compuviper.mx\/tienda\/producto\/vertiv-gxt5-1000lvrt2uxl-liebert-gxt5-ups-online-1000va-1000w-120v-montaje-en-rack-torre-nema-5-15p-salida-5-15r-6\/","url":"https:\/\/compuviper.mx\/tienda\/producto\/vertiv-gxt5-1000lvrt2uxl-liebert-gxt5-ups-online-1000va-1000w-120v-montaje-en-rack-torre-nema-5-15p-salida-5-15r-6\/","name":"[ Vertiv ] &#129351; Gxt5-1000lvrt2uxl Liebert Gxt5 Ups Online 1000va\/1000w 120v, Montaje En Rack\/torre, Nema 5-15p, Salida: 5-15r \u00d7 6","isPartOf":{"@id":"https:\/\/compuviper.mx\/tienda\/#website"},"datePublished":"2026-04-22T06:24:00+00:00","dateModified":"2026-04-22T06:24:00+00:00","description":"Compra Gxt5-1000lvrt2uxl Liebert Gxt5 Ups Online 1000va\/1000w 120v, Montaje En Rack\/torre, Nema 5-15p, Salida: 5-15r \u00d7 6 + Env\u00edo a domicilio + Pago seguro + Garant\u00eda","breadcrumb":{"@id":"https:\/\/compuviper.mx\/tienda\/producto\/vertiv-gxt5-1000lvrt2uxl-liebert-gxt5-ups-online-1000va-1000w-120v-montaje-en-rack-torre-nema-5-15p-salida-5-15r-6\/#breadcrumb"},"inLanguage":"es-MX","potentialAction":[{"@type":"ReadAction","target":["https:\/\/compuviper.mx\/tienda\/producto\/vertiv-gxt5-1000lvrt2uxl-liebert-gxt5-ups-online-1000va-1000w-120v-montaje-en-rack-torre-nema-5-15p-salida-5-15r-6\/"]}]},{"@type":"BreadcrumbList","@id":"https:\/\/compuviper.mx\/tienda\/producto\/vertiv-gxt5-1000lvrt2uxl-liebert-gxt5-ups-online-1000va-1000w-120v-montaje-en-rack-torre-nema-5-15p-salida-5-15r-6\/#breadcrumb","itemListElement":[{"@type":"ListItem","position":1,"name":"Inicio","item":"https:\/\/compuviper.mx\/tienda\/"},{"@type":"ListItem","position":2,"name":"Productos","item":"https:\/\/compuviper.mx\/tienda\/productos\/"},{"@type":"ListItem","position":3,"name":"Energia","item":"https:\/\/compuviper.mx\/tienda\/categoria-producto\/energia\/"},{"@type":"ListItem","position":4,"name":"No Break","item":"https:\/\/compuviper.mx\/tienda\/categoria-producto\/energia\/no-break\/"},{"@type":"ListItem","position":5,"name":"Vertiv Gxt5-1000lvrt2uxl Liebert Gxt5 Ups Online 1000va\/1000w 120v, Montaje En Rack\/torre, Nema 5-15p, Salida: 5-15r ? 6"}]},{"@type":"WebSite","@id":"https:\/\/compuviper.mx\/tienda\/#website","url":"https:\/\/compuviper.mx\/tienda\/","name":"Compuviper","description":"Proveedor de Computadoras, Laptops, Servidores, Monitores, Puntos de Venta, Teclados,   Impresoras, T\u00f3ner, C\u00e1maras de Seguridad y m\u00e1s en tu tienda en l\u00ednea","publisher":{"@id":"https:\/\/compuviper.mx\/tienda\/#organization"},"potentialAction":[{"@type":"SearchAction","target":{"@type":"EntryPoint","urlTemplate":"https:\/\/compuviper.mx\/tienda\/?s={search_term_string}"},"query-input":"required name=search_term_string"}],"inLanguage":"es-MX"},{"@type":"Organization","@id":"https:\/\/compuviper.mx\/tienda\/#organization","name":"Compuviper","url":"https:\/\/compuviper.mx\/tienda\/","logo":{"@type":"ImageObject","inLanguage":"es-MX","@id":"https:\/\/compuviper.mx\/tienda\/#\/schema\/logo\/image\/","url":"https:\/\/compuviper.mx\/tienda\/wp-content\/uploads\/2021\/08\/Logo-Compuviper-10.png","contentUrl":"https:\/\/compuviper.mx\/tienda\/wp-content\/uploads\/2021\/08\/Logo-Compuviper-10.png","width":1000,"height":500,"caption":"Compuviper"},"image":{"@id":"https:\/\/compuviper.mx\/tienda\/#\/schema\/logo\/image\/"},"sameAs":["https:\/\/www.facebook.com\/compuviper","https:\/\/www.youtube.com\/channel\/UCf73dERp9Y3cfOq7q8BhLjA?view_as=subscriber"]}]},"product_brand":"Vertiv","product_price_amount":"10810","product_price_currency":"MXN","og_availability":"out of stock","product_availability":"out of stock","product_retailer_item_id":"GXT5-1000LVRT2UXL","product_condition":"new"},"_links":{"self":[{"href":"https:\/\/compuviper.mx\/tienda\/wp-json\/wp\/v2\/product\/265211"}],"collection":[{"href":"https:\/\/compuviper.mx\/tienda\/wp-json\/wp\/v2\/product"}],"about":[{"href":"https:\/\/compuviper.mx\/tienda\/wp-json\/wp\/v2\/types\/product"}],"replies":[{"embeddable":true,"href":"https:\/\/compuviper.mx\/tienda\/wp-json\/wp\/v2\/comments?post=265211"}],"wp:featuredmedia":[{"embeddable":true,"href":"https:\/\/compuviper.mx\/tienda\/wp-json\/wp\/v2\/media\/265212"}],"wp:attachment":[{"href":"https:\/\/compuviper.mx\/tienda\/wp-json\/wp\/v2\/media?parent=265211"}],"wp:term":[{"taxonomy":"product_cat","embeddable":true,"href":"https:\/\/compuviper.mx\/tienda\/wp-json\/wp\/v2\/product_cat?post=265211"},{"taxonomy":"product_tag","embeddable":true,"href":"https:\/\/compuviper.mx\/tienda\/wp-json\/wp\/v2\/product_tag?post=265211"}],"curies":[{"name":"wp","href":"https:\/\/api.w.org\/{rel}","templated":true}]}}