{"id":265195,"date":"2026-04-16T23:14:51","date_gmt":"2026-04-17T05:14:51","guid":{"rendered":"https:\/\/compuviper.mx\/tienda\/producto\/adata-pr050-11lb-bateria-de-respaldo-power-bank-magntico-r050-5000-mah-usb-c-carga-inalmbrica-color-azul\/"},"modified":"2026-04-16T23:14:51","modified_gmt":"2026-04-17T05:14:51","slug":"adata-pr050-11lb-bateria-de-respaldo-power-bank-magntico-r050-5000-mah-usb-c-carga-inalmbrica-color-azul","status":"publish","type":"product","link":"https:\/\/compuviper.mx\/tienda\/producto\/adata-pr050-11lb-bateria-de-respaldo-power-bank-magntico-r050-5000-mah-usb-c-carga-inalmbrica-color-azul\/","title":{"rendered":"Adata Pr050-11lb Bateria De Respaldo  Power Bank Magn?tico R050 5000 Mah Usb -c Carga Inal?mbrica Color Azul ()"},"content":{"rendered":"<table class=\"descripcion\">\n<tr>\n<td>And #9679;carga inal\u00e1mbrica magn\u00e9tica port\u00e1til<\/td>\n<\/tr>\n<tr>\n<td> and #9679;carga r\u00e1pida qc\/pd de 20 w<\/td>\n<\/tr>\n<tr>\n<td> and #9679;carga simult\u00e1nea de 2 dispositivos<\/td>\n<\/tr>\n<tr>\n<td> and #9679;soporte plegable integrado dise\u00f1ado en la placa posterior<\/td>\n<\/tr>\n<tr>\n<td> and #9679;m\u00faltiples mecanismos de protecci\u00f3nmde circuitos<\/td>\n<\/tr>\n<tr>\n<td>Caracter\u00edsticas adicionales<\/td>\n<\/tr>\n<tr>\n<td> and #9679;capacidad: 5000 mah (19,25 wh)<\/td>\n<\/tr>\n<tr>\n<td> and #9679;capacidad nominal: 5v \/ 3100mah, 9v \/ 1600mah<\/td>\n<\/tr>\n<tr>\n<td> and #9679;bater\u00eda: bater\u00eda recargable de pol\u00edmero de litio<\/td>\n<\/tr>\n<tr>\n<td> and #9679;color: azul<\/td>\n<\/tr>\n<tr>\n<td> and #9679;dimensiones (largo x ancho x alto):<\/td>\n<\/tr>\n<tr>\n<td>105 x 67 x 13,9 mm \/ 4,0 x 2,6 x 0,5 pulgadas<\/td>\n<\/tr>\n<tr>\n<td> and #9679;peso: 148 g \/ 5,2 oz<\/td>\n<\/tr>\n<tr>\n<td> and #9679;entrada: usb-c: cc 5 v\/3 a, 9 v\/2 a, 18 w m\u00e1x.<\/td>\n<\/tr>\n<tr>\n<td> and #9679;salida: usb-c: cc 5 v\/3 a, 9 v\/2,22 a, 20 w m\u00e1x.<\/td>\n<\/tr>\n<tr>\n<td>Carga inal\u00e1mbrica: 5w \/ 7,5w \/ 10w \/ 15w<\/td>\n<\/tr>\n<tr>\n<td> and #9679;m\u00e1x. salida: usb-c + salida inal\u00e1mbrica: 15w<\/td>\n<\/tr>\n<tr>\n<td> and #9679;accesorios: cable usb-c, manual del usuario<\/td>\n<\/tr>\n<tr>\n<td> and #9679;garant\u00eda: 1 a\u00f1o<\/td>\n<\/tr>\n<\/table>\n","protected":false},"excerpt":{"rendered":"<p>El banco de energ\u00eda r050 tiene una capacidad de 5000 mah y utiliza bater\u00edas de pol\u00edmero de litio de alta eficiencia, lo que permite la carga inal\u00e1mbrica por adherencia magn\u00e9tica de dos dispositivos simult\u00e1neamente. Este banco de energ\u00eda fue dise\u00f1ado especialmente para iphones magsafe y tel\u00e9fonos android que admiten carga inal\u00e1mbrica. El r050 admite carga r\u00e1pida pd\/qc de 20 w, mientras que su indicador de carga led incorporado le recuerda cuando la bater\u00eda est\u00e1 baja con una advertencia parpadeante. La placa posterior contiene un soporte plegable que se puede desplegar en un instante para tener las manos libres al mirar v\u00eddeos o jugar. El r050 tambi\u00e9n incluye m\u00faltiples mecanismos de protecci\u00f3n de circuitos, lo que proporciona tranquilidad durante las 24 horas del d\u00eda.<\/p>\n","protected":false},"featured_media":265196,"comment_status":"open","ping_status":"open","template":"","meta":[],"product_cat":[1485,1538],"product_tag":[1539],"acf":[],"yoast_head":"<!-- This site is optimized with the Yoast SEO plugin v21.7 - https:\/\/yoast.com\/wordpress\/plugins\/seo\/ -->\n<title>[ Adata ] &#129351; Pr050-11lb Bateria De Respaldo Power Bank Magn\u00e9tico R050 5000 Mah Usb -c Carga Inal\u00e1mbrica Color Azul ()<\/title>\n<meta name=\"description\" content=\"Compra Pr050-11lb Bateria De Respaldo Power Bank Magn\u00e9tico R050 5000 Mah Usb -c Carga Inal\u00e1mbrica Color Azul () + Env\u00edo a domicilio + Pago seguro + Garant\u00eda\" \/>\n<meta name=\"robots\" content=\"index, follow, max-snippet:-1, max-image-preview:large, max-video-preview:-1\" \/>\n<link rel=\"canonical\" href=\"https:\/\/compuviper.mx\/tienda\/producto\/adata-pr050-11lb-bateria-de-respaldo-power-bank-magntico-r050-5000-mah-usb-c-carga-inalmbrica-color-azul\/\" \/>\n<meta property=\"og:locale\" content=\"es_MX\" \/>\n<meta property=\"og:type\" content=\"article\" \/>\n<meta property=\"og:title\" content=\"[ Adata ] &#129351; Pr050-11lb Bateria De Respaldo Power Bank Magn\u00e9tico R050 5000 Mah Usb -c Carga Inal\u00e1mbrica Color Azul ()\" \/>\n<meta property=\"og:description\" content=\"Compra Pr050-11lb Bateria De Respaldo Power Bank Magn\u00e9tico R050 5000 Mah Usb -c Carga Inal\u00e1mbrica Color Azul () + Env\u00edo a domicilio + Pago seguro + Garant\u00eda\" \/>\n<meta property=\"og:url\" content=\"https:\/\/compuviper.mx\/tienda\/producto\/adata-pr050-11lb-bateria-de-respaldo-power-bank-magntico-r050-5000-mah-usb-c-carga-inalmbrica-color-azul\/\" \/>\n<meta property=\"og:site_name\" content=\"Compuviper\" \/>\n<meta property=\"article:publisher\" content=\"https:\/\/www.facebook.com\/compuviper\" \/>\n<meta property=\"og:image\" content=\"https:\/\/compuviper.mx\/tienda\/wp-content\/uploads\/2026\/01\/Bateria-de-respaldo-adata-power-bank-magnetico-r050-5000-mah-usb-c-carga-inalambrica-color-azul-pr050-11lb.jpg\" \/>\n\t<meta property=\"og:image:width\" content=\"200\" \/>\n\t<meta property=\"og:image:height\" content=\"200\" \/>\n\t<meta property=\"og:image:type\" content=\"image\/jpeg\" \/>\n<meta name=\"twitter:card\" content=\"summary_large_image\" \/>\n<meta name=\"twitter:label1\" content=\"Precio\" \/>\n\t<meta name=\"twitter:data1\" content=\"&#36;290 &#36;270 con IVA\" \/>\n\t<meta name=\"twitter:label2\" content=\"Availability\" \/>\n\t<meta name=\"twitter:data2\" content=\"In stock\" \/>\n<script type=\"application\/ld+json\" class=\"yoast-schema-graph\">{\"@context\":\"https:\/\/schema.org\",\"@graph\":[{\"@type\":\"WebPage\",\"@id\":\"https:\/\/compuviper.mx\/tienda\/producto\/adata-pr050-11lb-bateria-de-respaldo-power-bank-magntico-r050-5000-mah-usb-c-carga-inalmbrica-color-azul\/\",\"url\":\"https:\/\/compuviper.mx\/tienda\/producto\/adata-pr050-11lb-bateria-de-respaldo-power-bank-magntico-r050-5000-mah-usb-c-carga-inalmbrica-color-azul\/\",\"name\":\"[ Adata ] &#129351; Pr050-11lb Bateria De Respaldo Power Bank Magn\u00e9tico R050 5000 Mah Usb -c Carga Inal\u00e1mbrica Color Azul ()\",\"isPartOf\":{\"@id\":\"https:\/\/compuviper.mx\/tienda\/#website\"},\"datePublished\":\"2026-04-17T05:14:51+00:00\",\"dateModified\":\"2026-04-17T05:14:51+00:00\",\"description\":\"Compra Pr050-11lb Bateria De Respaldo Power Bank Magn\u00e9tico R050 5000 Mah Usb -c Carga Inal\u00e1mbrica Color Azul () + Env\u00edo a domicilio + Pago seguro + Garant\u00eda\",\"breadcrumb\":{\"@id\":\"https:\/\/compuviper.mx\/tienda\/producto\/adata-pr050-11lb-bateria-de-respaldo-power-bank-magntico-r050-5000-mah-usb-c-carga-inalmbrica-color-azul\/#breadcrumb\"},\"inLanguage\":\"es-MX\",\"potentialAction\":[{\"@type\":\"ReadAction\",\"target\":[\"https:\/\/compuviper.mx\/tienda\/producto\/adata-pr050-11lb-bateria-de-respaldo-power-bank-magntico-r050-5000-mah-usb-c-carga-inalmbrica-color-azul\/\"]}]},{\"@type\":\"BreadcrumbList\",\"@id\":\"https:\/\/compuviper.mx\/tienda\/producto\/adata-pr050-11lb-bateria-de-respaldo-power-bank-magntico-r050-5000-mah-usb-c-carga-inalmbrica-color-azul\/#breadcrumb\",\"itemListElement\":[{\"@type\":\"ListItem\",\"position\":1,\"name\":\"Inicio\",\"item\":\"https:\/\/compuviper.mx\/tienda\/\"},{\"@type\":\"ListItem\",\"position\":2,\"name\":\"Productos\",\"item\":\"https:\/\/compuviper.mx\/tienda\/productos\/\"},{\"@type\":\"ListItem\",\"position\":3,\"name\":\"Accesorios\",\"item\":\"https:\/\/compuviper.mx\/tienda\/categoria-producto\/accesorios\/\"},{\"@type\":\"ListItem\",\"position\":4,\"name\":\"Power Bank\",\"item\":\"https:\/\/compuviper.mx\/tienda\/categoria-producto\/accesorios\/power-bank\/\"},{\"@type\":\"ListItem\",\"position\":5,\"name\":\"Adata Pr050-11lb Bateria De Respaldo Power Bank Magn?tico R050 5000 Mah Usb -c Carga Inal?mbrica Color Azul ()\"}]},{\"@type\":\"WebSite\",\"@id\":\"https:\/\/compuviper.mx\/tienda\/#website\",\"url\":\"https:\/\/compuviper.mx\/tienda\/\",\"name\":\"Compuviper\",\"description\":\"Proveedor de Computadoras, Laptops, Servidores, Monitores, Puntos de Venta, Teclados,   Impresoras, T\u00f3ner, C\u00e1maras de Seguridad y m\u00e1s en tu tienda en l\u00ednea\",\"publisher\":{\"@id\":\"https:\/\/compuviper.mx\/tienda\/#organization\"},\"potentialAction\":[{\"@type\":\"SearchAction\",\"target\":{\"@type\":\"EntryPoint\",\"urlTemplate\":\"https:\/\/compuviper.mx\/tienda\/?s={search_term_string}\"},\"query-input\":\"required name=search_term_string\"}],\"inLanguage\":\"es-MX\"},{\"@type\":\"Organization\",\"@id\":\"https:\/\/compuviper.mx\/tienda\/#organization\",\"name\":\"Compuviper\",\"url\":\"https:\/\/compuviper.mx\/tienda\/\",\"logo\":{\"@type\":\"ImageObject\",\"inLanguage\":\"es-MX\",\"@id\":\"https:\/\/compuviper.mx\/tienda\/#\/schema\/logo\/image\/\",\"url\":\"https:\/\/compuviper.mx\/tienda\/wp-content\/uploads\/2021\/08\/Logo-Compuviper-10.png\",\"contentUrl\":\"https:\/\/compuviper.mx\/tienda\/wp-content\/uploads\/2021\/08\/Logo-Compuviper-10.png\",\"width\":1000,\"height\":500,\"caption\":\"Compuviper\"},\"image\":{\"@id\":\"https:\/\/compuviper.mx\/tienda\/#\/schema\/logo\/image\/\"},\"sameAs\":[\"https:\/\/www.facebook.com\/compuviper\",\"https:\/\/www.youtube.com\/channel\/UCf73dERp9Y3cfOq7q8BhLjA?view_as=subscriber\"]}]}<\/script>\n<meta property=\"product:brand\" content=\"ADATA\" \/>\n<meta property=\"product:price:amount\" content=\"270\" \/>\n<meta property=\"product:price:currency\" content=\"MXN\" \/>\n<meta property=\"og:availability\" content=\"instock\" \/>\n<meta property=\"product:availability\" content=\"instock\" \/>\n<meta property=\"product:retailer_item_id\" content=\"PR050-11LB\" \/>\n<meta property=\"product:condition\" content=\"new\" \/>\n<!-- \/ Yoast SEO plugin. -->","yoast_head_json":{"title":"[ Adata ] &#129351; Pr050-11lb Bateria De Respaldo Power Bank Magn\u00e9tico R050 5000 Mah Usb -c Carga Inal\u00e1mbrica Color Azul ()","description":"Compra Pr050-11lb Bateria De Respaldo Power Bank Magn\u00e9tico R050 5000 Mah Usb -c Carga Inal\u00e1mbrica Color Azul () + Env\u00edo a domicilio + Pago seguro + Garant\u00eda","robots":{"index":"index","follow":"follow","max-snippet":"max-snippet:-1","max-image-preview":"max-image-preview:large","max-video-preview":"max-video-preview:-1"},"canonical":"https:\/\/compuviper.mx\/tienda\/producto\/adata-pr050-11lb-bateria-de-respaldo-power-bank-magntico-r050-5000-mah-usb-c-carga-inalmbrica-color-azul\/","og_locale":"es_MX","og_type":"article","og_title":"[ Adata ] &#129351; Pr050-11lb Bateria De Respaldo Power Bank Magn\u00e9tico R050 5000 Mah Usb -c Carga Inal\u00e1mbrica Color Azul ()","og_description":"Compra Pr050-11lb Bateria De Respaldo Power Bank Magn\u00e9tico R050 5000 Mah Usb -c Carga Inal\u00e1mbrica Color Azul () + Env\u00edo a domicilio + Pago seguro + Garant\u00eda","og_url":"https:\/\/compuviper.mx\/tienda\/producto\/adata-pr050-11lb-bateria-de-respaldo-power-bank-magntico-r050-5000-mah-usb-c-carga-inalmbrica-color-azul\/","og_site_name":"Compuviper","article_publisher":"https:\/\/www.facebook.com\/compuviper","og_image":[{"width":200,"height":200,"url":"https:\/\/compuviper.mx\/tienda\/wp-content\/uploads\/2026\/01\/Bateria-de-respaldo-adata-power-bank-magnetico-r050-5000-mah-usb-c-carga-inalambrica-color-azul-pr050-11lb.jpg","type":"image\/jpeg"}],"twitter_card":"summary_large_image","twitter_misc":{"Precio":"&#36;290 &#36;270 con IVA","Availability":"In stock"},"schema":{"@context":"https:\/\/schema.org","@graph":[{"@type":"WebPage","@id":"https:\/\/compuviper.mx\/tienda\/producto\/adata-pr050-11lb-bateria-de-respaldo-power-bank-magntico-r050-5000-mah-usb-c-carga-inalmbrica-color-azul\/","url":"https:\/\/compuviper.mx\/tienda\/producto\/adata-pr050-11lb-bateria-de-respaldo-power-bank-magntico-r050-5000-mah-usb-c-carga-inalmbrica-color-azul\/","name":"[ Adata ] &#129351; Pr050-11lb Bateria De Respaldo Power Bank Magn\u00e9tico R050 5000 Mah Usb -c Carga Inal\u00e1mbrica Color Azul ()","isPartOf":{"@id":"https:\/\/compuviper.mx\/tienda\/#website"},"datePublished":"2026-04-17T05:14:51+00:00","dateModified":"2026-04-17T05:14:51+00:00","description":"Compra Pr050-11lb Bateria De Respaldo Power Bank Magn\u00e9tico R050 5000 Mah Usb -c Carga Inal\u00e1mbrica Color Azul () + Env\u00edo a domicilio + Pago seguro + Garant\u00eda","breadcrumb":{"@id":"https:\/\/compuviper.mx\/tienda\/producto\/adata-pr050-11lb-bateria-de-respaldo-power-bank-magntico-r050-5000-mah-usb-c-carga-inalmbrica-color-azul\/#breadcrumb"},"inLanguage":"es-MX","potentialAction":[{"@type":"ReadAction","target":["https:\/\/compuviper.mx\/tienda\/producto\/adata-pr050-11lb-bateria-de-respaldo-power-bank-magntico-r050-5000-mah-usb-c-carga-inalmbrica-color-azul\/"]}]},{"@type":"BreadcrumbList","@id":"https:\/\/compuviper.mx\/tienda\/producto\/adata-pr050-11lb-bateria-de-respaldo-power-bank-magntico-r050-5000-mah-usb-c-carga-inalmbrica-color-azul\/#breadcrumb","itemListElement":[{"@type":"ListItem","position":1,"name":"Inicio","item":"https:\/\/compuviper.mx\/tienda\/"},{"@type":"ListItem","position":2,"name":"Productos","item":"https:\/\/compuviper.mx\/tienda\/productos\/"},{"@type":"ListItem","position":3,"name":"Accesorios","item":"https:\/\/compuviper.mx\/tienda\/categoria-producto\/accesorios\/"},{"@type":"ListItem","position":4,"name":"Power Bank","item":"https:\/\/compuviper.mx\/tienda\/categoria-producto\/accesorios\/power-bank\/"},{"@type":"ListItem","position":5,"name":"Adata Pr050-11lb Bateria De Respaldo Power Bank Magn?tico R050 5000 Mah Usb -c Carga Inal?mbrica Color Azul ()"}]},{"@type":"WebSite","@id":"https:\/\/compuviper.mx\/tienda\/#website","url":"https:\/\/compuviper.mx\/tienda\/","name":"Compuviper","description":"Proveedor de Computadoras, Laptops, Servidores, Monitores, Puntos de Venta, Teclados,   Impresoras, T\u00f3ner, C\u00e1maras de Seguridad y m\u00e1s en tu tienda en l\u00ednea","publisher":{"@id":"https:\/\/compuviper.mx\/tienda\/#organization"},"potentialAction":[{"@type":"SearchAction","target":{"@type":"EntryPoint","urlTemplate":"https:\/\/compuviper.mx\/tienda\/?s={search_term_string}"},"query-input":"required name=search_term_string"}],"inLanguage":"es-MX"},{"@type":"Organization","@id":"https:\/\/compuviper.mx\/tienda\/#organization","name":"Compuviper","url":"https:\/\/compuviper.mx\/tienda\/","logo":{"@type":"ImageObject","inLanguage":"es-MX","@id":"https:\/\/compuviper.mx\/tienda\/#\/schema\/logo\/image\/","url":"https:\/\/compuviper.mx\/tienda\/wp-content\/uploads\/2021\/08\/Logo-Compuviper-10.png","contentUrl":"https:\/\/compuviper.mx\/tienda\/wp-content\/uploads\/2021\/08\/Logo-Compuviper-10.png","width":1000,"height":500,"caption":"Compuviper"},"image":{"@id":"https:\/\/compuviper.mx\/tienda\/#\/schema\/logo\/image\/"},"sameAs":["https:\/\/www.facebook.com\/compuviper","https:\/\/www.youtube.com\/channel\/UCf73dERp9Y3cfOq7q8BhLjA?view_as=subscriber"]}]},"product_brand":"ADATA","product_price_amount":"270","product_price_currency":"MXN","og_availability":"instock","product_availability":"instock","product_retailer_item_id":"PR050-11LB","product_condition":"new"},"_links":{"self":[{"href":"https:\/\/compuviper.mx\/tienda\/wp-json\/wp\/v2\/product\/265195"}],"collection":[{"href":"https:\/\/compuviper.mx\/tienda\/wp-json\/wp\/v2\/product"}],"about":[{"href":"https:\/\/compuviper.mx\/tienda\/wp-json\/wp\/v2\/types\/product"}],"replies":[{"embeddable":true,"href":"https:\/\/compuviper.mx\/tienda\/wp-json\/wp\/v2\/comments?post=265195"}],"wp:featuredmedia":[{"embeddable":true,"href":"https:\/\/compuviper.mx\/tienda\/wp-json\/wp\/v2\/media\/265196"}],"wp:attachment":[{"href":"https:\/\/compuviper.mx\/tienda\/wp-json\/wp\/v2\/media?parent=265195"}],"wp:term":[{"taxonomy":"product_cat","embeddable":true,"href":"https:\/\/compuviper.mx\/tienda\/wp-json\/wp\/v2\/product_cat?post=265195"},{"taxonomy":"product_tag","embeddable":true,"href":"https:\/\/compuviper.mx\/tienda\/wp-json\/wp\/v2\/product_tag?post=265195"}],"curies":[{"name":"wp","href":"https:\/\/api.w.org\/{rel}","templated":true}]}}