{"id":265087,"date":"2026-04-16T00:37:59","date_gmt":"2026-04-16T06:37:59","guid":{"rendered":"https:\/\/compuviper.mx\/tienda\/producto\/kingston-sxs1000-1000g-unidad-de-estado-solido-externo-xs1000-1tb-usb-3-2-gen-2-lect-1050-escrit-1000-mb-s-conector-tipo-a-tipo-c\/"},"modified":"2026-04-16T00:37:59","modified_gmt":"2026-04-16T06:37:59","slug":"kingston-sxs1000-1000g-unidad-de-estado-solido-externo-xs1000-1tb-usb-3-2-gen-2-lect-1050-escrit-1000-mb-s-conector-tipo-a-tipo-c","status":"publish","type":"product","link":"https:\/\/compuviper.mx\/tienda\/producto\/kingston-sxs1000-1000g-unidad-de-estado-solido-externo-xs1000-1tb-usb-3-2-gen-2-lect-1050-escrit-1000-mb-s-conector-tipo-a-tipo-c\/","title":{"rendered":"Kingston Sxs1000\/1000g Unidad De Estado Solido  Externo Xs1000 1tb Usb 3.2 Gen 2 Lect.1050\/escrit.1000 Mb\/s Conector Tipo A Tipo C"},"content":{"rendered":"<table class=\"descripcion\">\n<tr>\n<td>Especificaciones<\/td>\n<\/tr>\n<tr>\n<td>Puertos e interfaces<\/td>\n<\/tr>\n<tr>\n<td>Tecnologia thunderbolt (rayo) no<\/td>\n<\/tr>\n<tr>\n<td>Version usb 3.2 gen 2 (3.1 gen 2)<\/td>\n<\/tr>\n<tr>\n<td>Conector usb usb tipo c<\/td>\n<\/tr>\n<tr>\n<td>Peso y dimensiones<\/td>\n<\/tr>\n<tr>\n<td>Altura 32.6 mm<\/td>\n<\/tr>\n<tr>\n<td>Profundidad 13.5 mm<\/td>\n<\/tr>\n<tr>\n<td>Peso 28.7 g<\/td>\n<\/tr>\n<tr>\n<td>Ancho 69.5 mm<\/td>\n<\/tr>\n<tr>\n<td>Otras caracteristicas<\/td>\n<\/tr>\n<tr>\n<td>Interfaz usb 3.2 gen 2 (3.1 gen 2)<\/td>\n<\/tr>\n<tr>\n<td>Diseno<\/td>\n<\/tr>\n<tr>\n<td>Material de la carcasa metal, plastico<\/td>\n<\/tr>\n<tr>\n<td>Color del producto negro<\/td>\n<\/tr>\n<tr>\n<td>Conexion<\/td>\n<\/tr>\n<tr>\n<td>Wifi no<\/td>\n<\/tr>\n<\/table>\n","protected":false},"excerpt":{"rendered":"<p>El ssd externo xs1000 de kingston es una soluci\u00f3n de respaldo de archivos incre\u00edblemente pr\u00e1ctica. Su formato compacto y elegante est\u00e1 dise\u00f1ado para adaptarse perfectamente a su estilo de vida, que permite llevarlo a cualquier parte con facilidad. No se deje enga\u00f1ar por su tama\u00f1o: esta peque\u00f1a unidad cuenta con velocidades de hasta 1.050mb\/seg1 y altas capacidades de hasta 2tb2, lo que le proporciona una gran velocidad y espacio para almacenar sus datos m\u00e1s valiosos. Con su comodidad sin igual y sus impresionantes capacidades de almacenamiento, el xs1000 es su compa\u00f1ero de confianza para realizar copias de seguridad de archivos sin complicaciones, garantizando que sus documentos importantes, sus recuerdos m\u00e1s preciados y sus archivos multimedia est\u00e9n siempre accesibles. Diga adi\u00f3s a los bultos y hola a la eficiencia del almacenamiento optimizado con el ssd externo xs1000.<\/p>\n","protected":false},"featured_media":265088,"comment_status":"open","ping_status":"open","template":"","meta":[],"product_cat":[1703,1704],"product_tag":[1573],"acf":[],"yoast_head":"<!-- This site is optimized with the Yoast SEO plugin v21.7 - https:\/\/yoast.com\/wordpress\/plugins\/seo\/ -->\n<title>[ Kingston ] &#129351; Sxs1000\/1000g Unidad De Estado Solido Externo Xs1000 1tb Usb 3.2 Gen 2 Lect.1050\/escrit.1000 Mb\/s Conector Tipo A Tipo C<\/title>\n<meta name=\"description\" content=\"Compra Sxs1000\/1000g Unidad De Estado Solido Externo Xs1000 1tb Usb 3.2 Gen 2 Lect.1050\/escrit.1000 Mb\/s Conector Tipo A Tipo C + Env\u00edo a domicilio + Pago seguro + Garant\u00eda\" \/>\n<meta name=\"robots\" content=\"index, follow, max-snippet:-1, max-image-preview:large, max-video-preview:-1\" \/>\n<link rel=\"canonical\" href=\"https:\/\/compuviper.mx\/tienda\/producto\/kingston-sxs1000-1000g-unidad-de-estado-solido-externo-xs1000-1tb-usb-3-2-gen-2-lect-1050-escrit-1000-mb-s-conector-tipo-a-tipo-c\/\" \/>\n<meta property=\"og:locale\" content=\"es_MX\" \/>\n<meta property=\"og:type\" content=\"article\" \/>\n<meta property=\"og:title\" content=\"[ Kingston ] &#129351; Sxs1000\/1000g Unidad De Estado Solido Externo Xs1000 1tb Usb 3.2 Gen 2 Lect.1050\/escrit.1000 Mb\/s Conector Tipo A Tipo C\" \/>\n<meta property=\"og:description\" content=\"Compra Sxs1000\/1000g Unidad De Estado Solido Externo Xs1000 1tb Usb 3.2 Gen 2 Lect.1050\/escrit.1000 Mb\/s Conector Tipo A Tipo C + Env\u00edo a domicilio + Pago seguro + Garant\u00eda\" \/>\n<meta property=\"og:url\" content=\"https:\/\/compuviper.mx\/tienda\/producto\/kingston-sxs1000-1000g-unidad-de-estado-solido-externo-xs1000-1tb-usb-3-2-gen-2-lect-1050-escrit-1000-mb-s-conector-tipo-a-tipo-c\/\" \/>\n<meta property=\"og:site_name\" content=\"Compuviper\" \/>\n<meta property=\"article:publisher\" content=\"https:\/\/www.facebook.com\/compuviper\" \/>\n<meta property=\"og:image\" content=\"https:\/\/compuviper.mx\/tienda\/wp-content\/uploads\/2026\/01\/Unidad-de-estado-solido-kingston-externo-xs1000-1tb-usb-3.2-gen-2-lect.1050escrit.1000-mbs-conector-tipo-a-tipo-c-sxs10001000g.jpg\" \/>\n\t<meta property=\"og:image:width\" content=\"200\" \/>\n\t<meta property=\"og:image:height\" content=\"200\" \/>\n\t<meta property=\"og:image:type\" content=\"image\/jpeg\" \/>\n<meta name=\"twitter:card\" content=\"summary_large_image\" \/>\n<meta name=\"twitter:label1\" content=\"Precio\" \/>\n\t<meta name=\"twitter:data1\" content=\"&#36;3,334 &#36;3,230 con IVA\" \/>\n\t<meta name=\"twitter:label2\" content=\"Availability\" \/>\n\t<meta name=\"twitter:data2\" content=\"In stock\" \/>\n<script type=\"application\/ld+json\" class=\"yoast-schema-graph\">{\"@context\":\"https:\/\/schema.org\",\"@graph\":[{\"@type\":\"WebPage\",\"@id\":\"https:\/\/compuviper.mx\/tienda\/producto\/kingston-sxs1000-1000g-unidad-de-estado-solido-externo-xs1000-1tb-usb-3-2-gen-2-lect-1050-escrit-1000-mb-s-conector-tipo-a-tipo-c\/\",\"url\":\"https:\/\/compuviper.mx\/tienda\/producto\/kingston-sxs1000-1000g-unidad-de-estado-solido-externo-xs1000-1tb-usb-3-2-gen-2-lect-1050-escrit-1000-mb-s-conector-tipo-a-tipo-c\/\",\"name\":\"[ Kingston ] &#129351; Sxs1000\/1000g Unidad De Estado Solido Externo Xs1000 1tb Usb 3.2 Gen 2 Lect.1050\/escrit.1000 Mb\/s Conector Tipo A Tipo C\",\"isPartOf\":{\"@id\":\"https:\/\/compuviper.mx\/tienda\/#website\"},\"datePublished\":\"2026-04-16T06:37:59+00:00\",\"dateModified\":\"2026-04-16T06:37:59+00:00\",\"description\":\"Compra Sxs1000\/1000g Unidad De Estado Solido Externo Xs1000 1tb Usb 3.2 Gen 2 Lect.1050\/escrit.1000 Mb\/s Conector Tipo A Tipo C + Env\u00edo a domicilio + Pago seguro + Garant\u00eda\",\"breadcrumb\":{\"@id\":\"https:\/\/compuviper.mx\/tienda\/producto\/kingston-sxs1000-1000g-unidad-de-estado-solido-externo-xs1000-1tb-usb-3-2-gen-2-lect-1050-escrit-1000-mb-s-conector-tipo-a-tipo-c\/#breadcrumb\"},\"inLanguage\":\"es-MX\",\"potentialAction\":[{\"@type\":\"ReadAction\",\"target\":[\"https:\/\/compuviper.mx\/tienda\/producto\/kingston-sxs1000-1000g-unidad-de-estado-solido-externo-xs1000-1tb-usb-3-2-gen-2-lect-1050-escrit-1000-mb-s-conector-tipo-a-tipo-c\/\"]}]},{\"@type\":\"BreadcrumbList\",\"@id\":\"https:\/\/compuviper.mx\/tienda\/producto\/kingston-sxs1000-1000g-unidad-de-estado-solido-externo-xs1000-1tb-usb-3-2-gen-2-lect-1050-escrit-1000-mb-s-conector-tipo-a-tipo-c\/#breadcrumb\",\"itemListElement\":[{\"@type\":\"ListItem\",\"position\":1,\"name\":\"Inicio\",\"item\":\"https:\/\/compuviper.mx\/tienda\/\"},{\"@type\":\"ListItem\",\"position\":2,\"name\":\"Productos\",\"item\":\"https:\/\/compuviper.mx\/tienda\/productos\/\"},{\"@type\":\"ListItem\",\"position\":3,\"name\":\"Discos Duros\",\"item\":\"https:\/\/compuviper.mx\/tienda\/categoria-producto\/discos-duros\/\"},{\"@type\":\"ListItem\",\"position\":4,\"name\":\"Sin Categor\u00eda\",\"item\":\"https:\/\/compuviper.mx\/tienda\/categoria-producto\/discos-duros\/sin-categoria-discos-duros\/\"},{\"@type\":\"ListItem\",\"position\":5,\"name\":\"Kingston Sxs1000\/1000g Unidad De Estado Solido Externo Xs1000 1tb Usb 3.2 Gen 2 Lect.1050\/escrit.1000 Mb\/s Conector Tipo A Tipo C\"}]},{\"@type\":\"WebSite\",\"@id\":\"https:\/\/compuviper.mx\/tienda\/#website\",\"url\":\"https:\/\/compuviper.mx\/tienda\/\",\"name\":\"Compuviper\",\"description\":\"Proveedor de Computadoras, Laptops, Servidores, Monitores, Puntos de Venta, Teclados,   Impresoras, T\u00f3ner, C\u00e1maras de Seguridad y m\u00e1s en tu tienda en l\u00ednea\",\"publisher\":{\"@id\":\"https:\/\/compuviper.mx\/tienda\/#organization\"},\"potentialAction\":[{\"@type\":\"SearchAction\",\"target\":{\"@type\":\"EntryPoint\",\"urlTemplate\":\"https:\/\/compuviper.mx\/tienda\/?s={search_term_string}\"},\"query-input\":\"required name=search_term_string\"}],\"inLanguage\":\"es-MX\"},{\"@type\":\"Organization\",\"@id\":\"https:\/\/compuviper.mx\/tienda\/#organization\",\"name\":\"Compuviper\",\"url\":\"https:\/\/compuviper.mx\/tienda\/\",\"logo\":{\"@type\":\"ImageObject\",\"inLanguage\":\"es-MX\",\"@id\":\"https:\/\/compuviper.mx\/tienda\/#\/schema\/logo\/image\/\",\"url\":\"https:\/\/compuviper.mx\/tienda\/wp-content\/uploads\/2021\/08\/Logo-Compuviper-10.png\",\"contentUrl\":\"https:\/\/compuviper.mx\/tienda\/wp-content\/uploads\/2021\/08\/Logo-Compuviper-10.png\",\"width\":1000,\"height\":500,\"caption\":\"Compuviper\"},\"image\":{\"@id\":\"https:\/\/compuviper.mx\/tienda\/#\/schema\/logo\/image\/\"},\"sameAs\":[\"https:\/\/www.facebook.com\/compuviper\",\"https:\/\/www.youtube.com\/channel\/UCf73dERp9Y3cfOq7q8BhLjA?view_as=subscriber\"]}]}<\/script>\n<meta property=\"product:brand\" content=\"KINGSTON\" \/>\n<meta property=\"product:price:amount\" content=\"3230\" \/>\n<meta property=\"product:price:currency\" content=\"MXN\" \/>\n<meta property=\"og:availability\" content=\"instock\" \/>\n<meta property=\"product:availability\" content=\"instock\" \/>\n<meta property=\"product:retailer_item_id\" content=\"SXS1000\/1000G\" \/>\n<meta property=\"product:condition\" content=\"new\" \/>\n<!-- \/ Yoast SEO plugin. -->","yoast_head_json":{"title":"[ Kingston ] &#129351; Sxs1000\/1000g Unidad De Estado Solido Externo Xs1000 1tb Usb 3.2 Gen 2 Lect.1050\/escrit.1000 Mb\/s Conector Tipo A Tipo C","description":"Compra Sxs1000\/1000g Unidad De Estado Solido Externo Xs1000 1tb Usb 3.2 Gen 2 Lect.1050\/escrit.1000 Mb\/s Conector Tipo A Tipo C + Env\u00edo a domicilio + Pago seguro + Garant\u00eda","robots":{"index":"index","follow":"follow","max-snippet":"max-snippet:-1","max-image-preview":"max-image-preview:large","max-video-preview":"max-video-preview:-1"},"canonical":"https:\/\/compuviper.mx\/tienda\/producto\/kingston-sxs1000-1000g-unidad-de-estado-solido-externo-xs1000-1tb-usb-3-2-gen-2-lect-1050-escrit-1000-mb-s-conector-tipo-a-tipo-c\/","og_locale":"es_MX","og_type":"article","og_title":"[ Kingston ] &#129351; Sxs1000\/1000g Unidad De Estado Solido Externo Xs1000 1tb Usb 3.2 Gen 2 Lect.1050\/escrit.1000 Mb\/s Conector Tipo A Tipo C","og_description":"Compra Sxs1000\/1000g Unidad De Estado Solido Externo Xs1000 1tb Usb 3.2 Gen 2 Lect.1050\/escrit.1000 Mb\/s Conector Tipo A Tipo C + Env\u00edo a domicilio + Pago seguro + Garant\u00eda","og_url":"https:\/\/compuviper.mx\/tienda\/producto\/kingston-sxs1000-1000g-unidad-de-estado-solido-externo-xs1000-1tb-usb-3-2-gen-2-lect-1050-escrit-1000-mb-s-conector-tipo-a-tipo-c\/","og_site_name":"Compuviper","article_publisher":"https:\/\/www.facebook.com\/compuviper","og_image":[{"width":200,"height":200,"url":"https:\/\/compuviper.mx\/tienda\/wp-content\/uploads\/2026\/01\/Unidad-de-estado-solido-kingston-externo-xs1000-1tb-usb-3.2-gen-2-lect.1050escrit.1000-mbs-conector-tipo-a-tipo-c-sxs10001000g.jpg","type":"image\/jpeg"}],"twitter_card":"summary_large_image","twitter_misc":{"Precio":"&#36;3,334 &#36;3,230 con IVA","Availability":"In stock"},"schema":{"@context":"https:\/\/schema.org","@graph":[{"@type":"WebPage","@id":"https:\/\/compuviper.mx\/tienda\/producto\/kingston-sxs1000-1000g-unidad-de-estado-solido-externo-xs1000-1tb-usb-3-2-gen-2-lect-1050-escrit-1000-mb-s-conector-tipo-a-tipo-c\/","url":"https:\/\/compuviper.mx\/tienda\/producto\/kingston-sxs1000-1000g-unidad-de-estado-solido-externo-xs1000-1tb-usb-3-2-gen-2-lect-1050-escrit-1000-mb-s-conector-tipo-a-tipo-c\/","name":"[ Kingston ] &#129351; Sxs1000\/1000g Unidad De Estado Solido Externo Xs1000 1tb Usb 3.2 Gen 2 Lect.1050\/escrit.1000 Mb\/s Conector Tipo A Tipo C","isPartOf":{"@id":"https:\/\/compuviper.mx\/tienda\/#website"},"datePublished":"2026-04-16T06:37:59+00:00","dateModified":"2026-04-16T06:37:59+00:00","description":"Compra Sxs1000\/1000g Unidad De Estado Solido Externo Xs1000 1tb Usb 3.2 Gen 2 Lect.1050\/escrit.1000 Mb\/s Conector Tipo A Tipo C + Env\u00edo a domicilio + Pago seguro + Garant\u00eda","breadcrumb":{"@id":"https:\/\/compuviper.mx\/tienda\/producto\/kingston-sxs1000-1000g-unidad-de-estado-solido-externo-xs1000-1tb-usb-3-2-gen-2-lect-1050-escrit-1000-mb-s-conector-tipo-a-tipo-c\/#breadcrumb"},"inLanguage":"es-MX","potentialAction":[{"@type":"ReadAction","target":["https:\/\/compuviper.mx\/tienda\/producto\/kingston-sxs1000-1000g-unidad-de-estado-solido-externo-xs1000-1tb-usb-3-2-gen-2-lect-1050-escrit-1000-mb-s-conector-tipo-a-tipo-c\/"]}]},{"@type":"BreadcrumbList","@id":"https:\/\/compuviper.mx\/tienda\/producto\/kingston-sxs1000-1000g-unidad-de-estado-solido-externo-xs1000-1tb-usb-3-2-gen-2-lect-1050-escrit-1000-mb-s-conector-tipo-a-tipo-c\/#breadcrumb","itemListElement":[{"@type":"ListItem","position":1,"name":"Inicio","item":"https:\/\/compuviper.mx\/tienda\/"},{"@type":"ListItem","position":2,"name":"Productos","item":"https:\/\/compuviper.mx\/tienda\/productos\/"},{"@type":"ListItem","position":3,"name":"Discos Duros","item":"https:\/\/compuviper.mx\/tienda\/categoria-producto\/discos-duros\/"},{"@type":"ListItem","position":4,"name":"Sin Categor\u00eda","item":"https:\/\/compuviper.mx\/tienda\/categoria-producto\/discos-duros\/sin-categoria-discos-duros\/"},{"@type":"ListItem","position":5,"name":"Kingston Sxs1000\/1000g Unidad De Estado Solido Externo Xs1000 1tb Usb 3.2 Gen 2 Lect.1050\/escrit.1000 Mb\/s Conector Tipo A Tipo C"}]},{"@type":"WebSite","@id":"https:\/\/compuviper.mx\/tienda\/#website","url":"https:\/\/compuviper.mx\/tienda\/","name":"Compuviper","description":"Proveedor de Computadoras, Laptops, Servidores, Monitores, Puntos de Venta, Teclados,   Impresoras, T\u00f3ner, C\u00e1maras de Seguridad y m\u00e1s en tu tienda en l\u00ednea","publisher":{"@id":"https:\/\/compuviper.mx\/tienda\/#organization"},"potentialAction":[{"@type":"SearchAction","target":{"@type":"EntryPoint","urlTemplate":"https:\/\/compuviper.mx\/tienda\/?s={search_term_string}"},"query-input":"required name=search_term_string"}],"inLanguage":"es-MX"},{"@type":"Organization","@id":"https:\/\/compuviper.mx\/tienda\/#organization","name":"Compuviper","url":"https:\/\/compuviper.mx\/tienda\/","logo":{"@type":"ImageObject","inLanguage":"es-MX","@id":"https:\/\/compuviper.mx\/tienda\/#\/schema\/logo\/image\/","url":"https:\/\/compuviper.mx\/tienda\/wp-content\/uploads\/2021\/08\/Logo-Compuviper-10.png","contentUrl":"https:\/\/compuviper.mx\/tienda\/wp-content\/uploads\/2021\/08\/Logo-Compuviper-10.png","width":1000,"height":500,"caption":"Compuviper"},"image":{"@id":"https:\/\/compuviper.mx\/tienda\/#\/schema\/logo\/image\/"},"sameAs":["https:\/\/www.facebook.com\/compuviper","https:\/\/www.youtube.com\/channel\/UCf73dERp9Y3cfOq7q8BhLjA?view_as=subscriber"]}]},"product_brand":"KINGSTON","product_price_amount":"3230","product_price_currency":"MXN","og_availability":"instock","product_availability":"instock","product_retailer_item_id":"SXS1000\/1000G","product_condition":"new"},"_links":{"self":[{"href":"https:\/\/compuviper.mx\/tienda\/wp-json\/wp\/v2\/product\/265087"}],"collection":[{"href":"https:\/\/compuviper.mx\/tienda\/wp-json\/wp\/v2\/product"}],"about":[{"href":"https:\/\/compuviper.mx\/tienda\/wp-json\/wp\/v2\/types\/product"}],"replies":[{"embeddable":true,"href":"https:\/\/compuviper.mx\/tienda\/wp-json\/wp\/v2\/comments?post=265087"}],"wp:featuredmedia":[{"embeddable":true,"href":"https:\/\/compuviper.mx\/tienda\/wp-json\/wp\/v2\/media\/265088"}],"wp:attachment":[{"href":"https:\/\/compuviper.mx\/tienda\/wp-json\/wp\/v2\/media?parent=265087"}],"wp:term":[{"taxonomy":"product_cat","embeddable":true,"href":"https:\/\/compuviper.mx\/tienda\/wp-json\/wp\/v2\/product_cat?post=265087"},{"taxonomy":"product_tag","embeddable":true,"href":"https:\/\/compuviper.mx\/tienda\/wp-json\/wp\/v2\/product_tag?post=265087"}],"curies":[{"name":"wp","href":"https:\/\/api.w.org\/{rel}","templated":true}]}}