{"id":265081,"date":"2026-05-06T00:14:11","date_gmt":"2026-05-06T06:14:11","guid":{"rendered":"https:\/\/compuviper.mx\/tienda\/producto\/nzxt-ca-h510i-mh-rv-gabinete-h510i-rivals-amarillo-con-ventana-midi-tower-atx-micro-atx-mini-atx-edicion-especial-gamer\/"},"modified":"2026-05-06T00:14:11","modified_gmt":"2026-05-06T06:14:11","slug":"nzxt-ca-h510i-mh-rv-gabinete-h510i-rivals-amarillo-con-ventana-midi-tower-atx-micro-atx-mini-atx-edicion-especial-gamer","status":"publish","type":"product","link":"https:\/\/compuviper.mx\/tienda\/producto\/nzxt-ca-h510i-mh-rv-gabinete-h510i-rivals-amarillo-con-ventana-midi-tower-atx-micro-atx-mini-atx-edicion-especial-gamer\/","title":{"rendered":"Nzxt Ca-h510i-mh-rv Gabinete  H510i Rivals \/amarillo\/con Ventana\/midi-tower\/atx\/micro-atx\/mini-atx\/ Edicion Especial\/gamer"},"content":{"rendered":"<table class=\"descripcion\">\n<tr>\n<td>Especificaciones clave<\/td>\n<\/tr>\n<tr>\n<td>    soporte de placa base: mini-itx, microatx, atx<\/td>\n<\/tr>\n<tr>\n<td>    tipo de gabinete: torre media compacta<\/td>\n<\/tr>\n<tr>\n<td>    material de la caja: acero sgcc, vidrio templado<\/td>\n<\/tr>\n<tr>\n<td>Dimensiones<\/td>\n<\/tr>\n<tr>\n<td>    altura: 460 mm\/18,11 pulgadas<\/td>\n<\/tr>\n<tr>\n<td>    ancho: 210 mm\/8,27 pulgadas<\/td>\n<\/tr>\n<tr>\n<td>    profundidad: 428 mm\/16,85 pulgadas<\/td>\n<\/tr>\n<tr>\n<td>    peso: 6,8 kg\/15 libras<\/td>\n<\/tr>\n<tr>\n<td>Compatibilidad y liquidaci\u00f3n<\/td>\n<\/tr>\n<tr>\n<td>    espacio libre m\u00e1ximo del enfriador de cpu: 165 mm<\/td>\n<\/tr>\n<tr>\n<td>    espacio libre m\u00e1ximo de gpu: 321 &#8211; 381 mm<\/td>\n<\/tr>\n<tr>\n<td>    espacio libre para ventilador frontal y radiador: 60 mm.<\/td>\n<\/tr>\n<tr>\n<td>    espacio libre de gpu vertical: 50,8 mm<\/td>\n<\/tr>\n<tr>\n<td>    gesti\u00f3n de cables: 19 &#8211; 23 mm<\/td>\n<\/tr>\n<tr>\n<td>Puertos de e\/s frontales<\/td>\n<\/tr>\n<tr>\n<td>    usb 3.2 gen 2 tipo a:1<\/td>\n<\/tr>\n<tr>\n<td>    usb 3.2 gen 1 tipo c:1<\/td>\n<\/tr>\n<tr>\n<td>    conector de audio para auriculares: 1<\/td>\n<\/tr>\n<tr>\n<td>Dispositivo inteligente<\/td>\n<\/tr>\n<tr>\n<td>    canales de ventilador: 3 (10 w m\u00e1ximo por canal)<\/td>\n<\/tr>\n<tr>\n<td>    conector nzxt rgb: 2 (admite hasta 40 led)<\/td>\n<\/tr>\n<tr>\n<td>Ranuras de expansi\u00f3n<\/td>\n<\/tr>\n<tr>\n<td>    est\u00e1ndar: 7<\/td>\n<\/tr>\n<tr>\n<td>    verticales: 2<\/td>\n<\/tr>\n<tr>\n<td>Bah\u00edas de unidades<\/td>\n<\/tr>\n<tr>\n<td>    2,5:2 + 1<\/td>\n<\/tr>\n<tr>\n<td>    3,5:2 + 1<\/td>\n<\/tr>\n<tr>\n<td>Soporte de fans<\/td>\n<\/tr>\n<tr>\n<td>    frente: 2x120mm\/2x140mm<\/td>\n<\/tr>\n<tr>\n<td>    parte superior: 1 x 120 mm \/ 1 x 140 mm<\/td>\n<\/tr>\n<tr>\n<td>    trasero: 1 x 120 mm<\/td>\n<\/tr>\n<tr>\n<td>    filtros:todas las tomas de aire.<\/td>\n<\/tr>\n<tr>\n<td>Soporte de radiador<\/td>\n<\/tr>\n<tr>\n<td>    frente: 280 mm<\/td>\n<\/tr>\n<tr>\n<td>    arriba:-<\/td>\n<\/tr>\n<tr>\n<td>    trasero: 120 mm<\/td>\n<\/tr>\n<tr>\n<td>Especificaciones del ventilador<\/td>\n<\/tr>\n<tr>\n<td>    modelo: aer p 120 mm (versi\u00f3n con caja)<\/td>\n<\/tr>\n<tr>\n<td>    velocidad: 1200 \u00b1 200 rpm<\/td>\n<\/tr>\n<tr>\n<td>    flujo de aire: 50,42 cfm<\/td>\n<\/tr>\n<tr>\n<td>    ruido: 28 dba<\/td>\n<\/tr>\n<tr>\n<td>    conector del ventilador: 3 pines.<\/td>\n<\/tr>\n<tr>\n<td>General<\/td>\n<\/tr>\n<\/table>\n","protected":false},"excerpt":{"rendered":"<p>El h510i rivals rinde homenaje a nuestro d\u00fao de amigos favoritos, constantemente en desacuerdo entre s\u00ed. Celebre el choque entre estos dos y haga crecer sus poderes juntos.     Tira led rgb preinstalada.     Soporte de montaje incorporado para instalar su gpu verticalmente.     Control de iluminaci\u00f3n y ventilador compatible con cam smart device v2.     Kit de enrutamiento de cables con canales y correas preinstalados. Los ventiladores y las especificaciones de la versi\u00f3n de caja var\u00edan de la versi\u00f3n comercial.<\/p>\n","protected":false},"featured_media":265082,"comment_status":"open","ping_status":"open","template":"","meta":[],"product_cat":[1674,1676],"product_tag":[1851],"acf":[],"yoast_head":"<!-- This site is optimized with the Yoast SEO plugin v21.7 - https:\/\/yoast.com\/wordpress\/plugins\/seo\/ -->\n<title>[ Nzxt ] &#129351; Ca-h510i-mh-rv Gabinete H510i Rivals \/amarillo\/con Ventana\/midi-tower\/atx\/micro-atx\/mini-atx\/ Edicion Especial\/gamer<\/title>\n<meta name=\"description\" content=\"Compra Ca-h510i-mh-rv Gabinete H510i Rivals \/amarillo\/con Ventana\/midi-tower\/atx\/micro-atx\/mini-atx\/ Edicion Especial\/gamer + Env\u00edo a domicilio + Pago seguro + Garant\u00eda\" \/>\n<meta name=\"robots\" content=\"index, follow, max-snippet:-1, max-image-preview:large, max-video-preview:-1\" \/>\n<link rel=\"canonical\" href=\"https:\/\/compuviper.mx\/tienda\/producto\/nzxt-ca-h510i-mh-rv-gabinete-h510i-rivals-amarillo-con-ventana-midi-tower-atx-micro-atx-mini-atx-edicion-especial-gamer\/\" \/>\n<meta property=\"og:locale\" content=\"es_MX\" \/>\n<meta property=\"og:type\" content=\"article\" \/>\n<meta property=\"og:title\" content=\"[ Nzxt ] &#129351; Ca-h510i-mh-rv Gabinete H510i Rivals \/amarillo\/con Ventana\/midi-tower\/atx\/micro-atx\/mini-atx\/ Edicion Especial\/gamer\" \/>\n<meta property=\"og:description\" content=\"Compra Ca-h510i-mh-rv Gabinete H510i Rivals \/amarillo\/con Ventana\/midi-tower\/atx\/micro-atx\/mini-atx\/ Edicion Especial\/gamer + Env\u00edo a domicilio + Pago seguro + Garant\u00eda\" \/>\n<meta property=\"og:url\" content=\"https:\/\/compuviper.mx\/tienda\/producto\/nzxt-ca-h510i-mh-rv-gabinete-h510i-rivals-amarillo-con-ventana-midi-tower-atx-micro-atx-mini-atx-edicion-especial-gamer\/\" \/>\n<meta property=\"og:site_name\" content=\"Compuviper\" \/>\n<meta property=\"article:publisher\" content=\"https:\/\/www.facebook.com\/compuviper\" \/>\n<meta property=\"og:image\" content=\"https:\/\/compuviper.mx\/tienda\/wp-content\/uploads\/2026\/01\/Gabinete-nzxt-h510i-rivals-amarillocon-ventanamidi-toweratxmicro-atxmini-atx-edicion-especialgamer.jpg\" \/>\n\t<meta property=\"og:image:width\" content=\"200\" \/>\n\t<meta property=\"og:image:height\" content=\"200\" \/>\n\t<meta property=\"og:image:type\" content=\"image\/jpeg\" \/>\n<meta name=\"twitter:card\" content=\"summary_large_image\" \/>\n<meta name=\"twitter:label1\" content=\"Precio\" \/>\n\t<meta name=\"twitter:data1\" content=\"&#36;1,881 con IVA\" \/>\n\t<meta name=\"twitter:label2\" content=\"Availability\" \/>\n\t<meta name=\"twitter:data2\" content=\"In stock\" \/>\n<script type=\"application\/ld+json\" class=\"yoast-schema-graph\">{\"@context\":\"https:\/\/schema.org\",\"@graph\":[{\"@type\":\"WebPage\",\"@id\":\"https:\/\/compuviper.mx\/tienda\/producto\/nzxt-ca-h510i-mh-rv-gabinete-h510i-rivals-amarillo-con-ventana-midi-tower-atx-micro-atx-mini-atx-edicion-especial-gamer\/\",\"url\":\"https:\/\/compuviper.mx\/tienda\/producto\/nzxt-ca-h510i-mh-rv-gabinete-h510i-rivals-amarillo-con-ventana-midi-tower-atx-micro-atx-mini-atx-edicion-especial-gamer\/\",\"name\":\"[ Nzxt ] &#129351; Ca-h510i-mh-rv Gabinete H510i Rivals \/amarillo\/con Ventana\/midi-tower\/atx\/micro-atx\/mini-atx\/ Edicion Especial\/gamer\",\"isPartOf\":{\"@id\":\"https:\/\/compuviper.mx\/tienda\/#website\"},\"datePublished\":\"2026-05-06T06:14:11+00:00\",\"dateModified\":\"2026-05-06T06:14:11+00:00\",\"description\":\"Compra Ca-h510i-mh-rv Gabinete H510i Rivals \/amarillo\/con Ventana\/midi-tower\/atx\/micro-atx\/mini-atx\/ Edicion Especial\/gamer + Env\u00edo a domicilio + Pago seguro + Garant\u00eda\",\"breadcrumb\":{\"@id\":\"https:\/\/compuviper.mx\/tienda\/producto\/nzxt-ca-h510i-mh-rv-gabinete-h510i-rivals-amarillo-con-ventana-midi-tower-atx-micro-atx-mini-atx-edicion-especial-gamer\/#breadcrumb\"},\"inLanguage\":\"es-MX\",\"potentialAction\":[{\"@type\":\"ReadAction\",\"target\":[\"https:\/\/compuviper.mx\/tienda\/producto\/nzxt-ca-h510i-mh-rv-gabinete-h510i-rivals-amarillo-con-ventana-midi-tower-atx-micro-atx-mini-atx-edicion-especial-gamer\/\"]}]},{\"@type\":\"BreadcrumbList\",\"@id\":\"https:\/\/compuviper.mx\/tienda\/producto\/nzxt-ca-h510i-mh-rv-gabinete-h510i-rivals-amarillo-con-ventana-midi-tower-atx-micro-atx-mini-atx-edicion-especial-gamer\/#breadcrumb\",\"itemListElement\":[{\"@type\":\"ListItem\",\"position\":1,\"name\":\"Inicio\",\"item\":\"https:\/\/compuviper.mx\/tienda\/\"},{\"@type\":\"ListItem\",\"position\":2,\"name\":\"Productos\",\"item\":\"https:\/\/compuviper.mx\/tienda\/productos\/\"},{\"@type\":\"ListItem\",\"position\":3,\"name\":\"Gabinetes\",\"item\":\"https:\/\/compuviper.mx\/tienda\/categoria-producto\/gabinetes\/\"},{\"@type\":\"ListItem\",\"position\":4,\"name\":\"Media Torre\",\"item\":\"https:\/\/compuviper.mx\/tienda\/categoria-producto\/gabinetes\/media-torre\/\"},{\"@type\":\"ListItem\",\"position\":5,\"name\":\"Nzxt Ca-h510i-mh-rv Gabinete H510i Rivals \/amarillo\/con Ventana\/midi-tower\/atx\/micro-atx\/mini-atx\/ Edicion Especial\/gamer\"}]},{\"@type\":\"WebSite\",\"@id\":\"https:\/\/compuviper.mx\/tienda\/#website\",\"url\":\"https:\/\/compuviper.mx\/tienda\/\",\"name\":\"Compuviper\",\"description\":\"Proveedor de Computadoras, Laptops, Servidores, Monitores, Puntos de Venta, Teclados,   Impresoras, T\u00f3ner, C\u00e1maras de Seguridad y m\u00e1s en tu tienda en l\u00ednea\",\"publisher\":{\"@id\":\"https:\/\/compuviper.mx\/tienda\/#organization\"},\"potentialAction\":[{\"@type\":\"SearchAction\",\"target\":{\"@type\":\"EntryPoint\",\"urlTemplate\":\"https:\/\/compuviper.mx\/tienda\/?s={search_term_string}\"},\"query-input\":\"required name=search_term_string\"}],\"inLanguage\":\"es-MX\"},{\"@type\":\"Organization\",\"@id\":\"https:\/\/compuviper.mx\/tienda\/#organization\",\"name\":\"Compuviper\",\"url\":\"https:\/\/compuviper.mx\/tienda\/\",\"logo\":{\"@type\":\"ImageObject\",\"inLanguage\":\"es-MX\",\"@id\":\"https:\/\/compuviper.mx\/tienda\/#\/schema\/logo\/image\/\",\"url\":\"https:\/\/compuviper.mx\/tienda\/wp-content\/uploads\/2021\/08\/Logo-Compuviper-10.png\",\"contentUrl\":\"https:\/\/compuviper.mx\/tienda\/wp-content\/uploads\/2021\/08\/Logo-Compuviper-10.png\",\"width\":1000,\"height\":500,\"caption\":\"Compuviper\"},\"image\":{\"@id\":\"https:\/\/compuviper.mx\/tienda\/#\/schema\/logo\/image\/\"},\"sameAs\":[\"https:\/\/www.facebook.com\/compuviper\",\"https:\/\/www.youtube.com\/channel\/UCf73dERp9Y3cfOq7q8BhLjA?view_as=subscriber\"]}]}<\/script>\n<meta property=\"product:brand\" content=\"NZXT\" \/>\n<meta property=\"product:price:amount\" content=\"1881\" \/>\n<meta property=\"product:price:currency\" content=\"MXN\" \/>\n<meta property=\"og:availability\" content=\"instock\" \/>\n<meta property=\"product:availability\" content=\"instock\" \/>\n<meta property=\"product:retailer_item_id\" content=\"CA-H510I-MH-RV\" \/>\n<meta property=\"product:condition\" content=\"new\" \/>\n<!-- \/ Yoast SEO plugin. -->","yoast_head_json":{"title":"[ Nzxt ] &#129351; Ca-h510i-mh-rv Gabinete H510i Rivals \/amarillo\/con Ventana\/midi-tower\/atx\/micro-atx\/mini-atx\/ Edicion Especial\/gamer","description":"Compra Ca-h510i-mh-rv Gabinete H510i Rivals \/amarillo\/con Ventana\/midi-tower\/atx\/micro-atx\/mini-atx\/ Edicion Especial\/gamer + Env\u00edo a domicilio + Pago seguro + Garant\u00eda","robots":{"index":"index","follow":"follow","max-snippet":"max-snippet:-1","max-image-preview":"max-image-preview:large","max-video-preview":"max-video-preview:-1"},"canonical":"https:\/\/compuviper.mx\/tienda\/producto\/nzxt-ca-h510i-mh-rv-gabinete-h510i-rivals-amarillo-con-ventana-midi-tower-atx-micro-atx-mini-atx-edicion-especial-gamer\/","og_locale":"es_MX","og_type":"article","og_title":"[ Nzxt ] &#129351; Ca-h510i-mh-rv Gabinete H510i Rivals \/amarillo\/con Ventana\/midi-tower\/atx\/micro-atx\/mini-atx\/ Edicion Especial\/gamer","og_description":"Compra Ca-h510i-mh-rv Gabinete H510i Rivals \/amarillo\/con Ventana\/midi-tower\/atx\/micro-atx\/mini-atx\/ Edicion Especial\/gamer + Env\u00edo a domicilio + Pago seguro + Garant\u00eda","og_url":"https:\/\/compuviper.mx\/tienda\/producto\/nzxt-ca-h510i-mh-rv-gabinete-h510i-rivals-amarillo-con-ventana-midi-tower-atx-micro-atx-mini-atx-edicion-especial-gamer\/","og_site_name":"Compuviper","article_publisher":"https:\/\/www.facebook.com\/compuviper","og_image":[{"width":200,"height":200,"url":"https:\/\/compuviper.mx\/tienda\/wp-content\/uploads\/2026\/01\/Gabinete-nzxt-h510i-rivals-amarillocon-ventanamidi-toweratxmicro-atxmini-atx-edicion-especialgamer.jpg","type":"image\/jpeg"}],"twitter_card":"summary_large_image","twitter_misc":{"Precio":"&#36;1,881 con IVA","Availability":"In stock"},"schema":{"@context":"https:\/\/schema.org","@graph":[{"@type":"WebPage","@id":"https:\/\/compuviper.mx\/tienda\/producto\/nzxt-ca-h510i-mh-rv-gabinete-h510i-rivals-amarillo-con-ventana-midi-tower-atx-micro-atx-mini-atx-edicion-especial-gamer\/","url":"https:\/\/compuviper.mx\/tienda\/producto\/nzxt-ca-h510i-mh-rv-gabinete-h510i-rivals-amarillo-con-ventana-midi-tower-atx-micro-atx-mini-atx-edicion-especial-gamer\/","name":"[ Nzxt ] &#129351; Ca-h510i-mh-rv Gabinete H510i Rivals \/amarillo\/con Ventana\/midi-tower\/atx\/micro-atx\/mini-atx\/ Edicion Especial\/gamer","isPartOf":{"@id":"https:\/\/compuviper.mx\/tienda\/#website"},"datePublished":"2026-05-06T06:14:11+00:00","dateModified":"2026-05-06T06:14:11+00:00","description":"Compra Ca-h510i-mh-rv Gabinete H510i Rivals \/amarillo\/con Ventana\/midi-tower\/atx\/micro-atx\/mini-atx\/ Edicion Especial\/gamer + Env\u00edo a domicilio + Pago seguro + Garant\u00eda","breadcrumb":{"@id":"https:\/\/compuviper.mx\/tienda\/producto\/nzxt-ca-h510i-mh-rv-gabinete-h510i-rivals-amarillo-con-ventana-midi-tower-atx-micro-atx-mini-atx-edicion-especial-gamer\/#breadcrumb"},"inLanguage":"es-MX","potentialAction":[{"@type":"ReadAction","target":["https:\/\/compuviper.mx\/tienda\/producto\/nzxt-ca-h510i-mh-rv-gabinete-h510i-rivals-amarillo-con-ventana-midi-tower-atx-micro-atx-mini-atx-edicion-especial-gamer\/"]}]},{"@type":"BreadcrumbList","@id":"https:\/\/compuviper.mx\/tienda\/producto\/nzxt-ca-h510i-mh-rv-gabinete-h510i-rivals-amarillo-con-ventana-midi-tower-atx-micro-atx-mini-atx-edicion-especial-gamer\/#breadcrumb","itemListElement":[{"@type":"ListItem","position":1,"name":"Inicio","item":"https:\/\/compuviper.mx\/tienda\/"},{"@type":"ListItem","position":2,"name":"Productos","item":"https:\/\/compuviper.mx\/tienda\/productos\/"},{"@type":"ListItem","position":3,"name":"Gabinetes","item":"https:\/\/compuviper.mx\/tienda\/categoria-producto\/gabinetes\/"},{"@type":"ListItem","position":4,"name":"Media Torre","item":"https:\/\/compuviper.mx\/tienda\/categoria-producto\/gabinetes\/media-torre\/"},{"@type":"ListItem","position":5,"name":"Nzxt Ca-h510i-mh-rv Gabinete H510i Rivals \/amarillo\/con Ventana\/midi-tower\/atx\/micro-atx\/mini-atx\/ Edicion Especial\/gamer"}]},{"@type":"WebSite","@id":"https:\/\/compuviper.mx\/tienda\/#website","url":"https:\/\/compuviper.mx\/tienda\/","name":"Compuviper","description":"Proveedor de Computadoras, Laptops, Servidores, Monitores, Puntos de Venta, Teclados,   Impresoras, T\u00f3ner, C\u00e1maras de Seguridad y m\u00e1s en tu tienda en l\u00ednea","publisher":{"@id":"https:\/\/compuviper.mx\/tienda\/#organization"},"potentialAction":[{"@type":"SearchAction","target":{"@type":"EntryPoint","urlTemplate":"https:\/\/compuviper.mx\/tienda\/?s={search_term_string}"},"query-input":"required name=search_term_string"}],"inLanguage":"es-MX"},{"@type":"Organization","@id":"https:\/\/compuviper.mx\/tienda\/#organization","name":"Compuviper","url":"https:\/\/compuviper.mx\/tienda\/","logo":{"@type":"ImageObject","inLanguage":"es-MX","@id":"https:\/\/compuviper.mx\/tienda\/#\/schema\/logo\/image\/","url":"https:\/\/compuviper.mx\/tienda\/wp-content\/uploads\/2021\/08\/Logo-Compuviper-10.png","contentUrl":"https:\/\/compuviper.mx\/tienda\/wp-content\/uploads\/2021\/08\/Logo-Compuviper-10.png","width":1000,"height":500,"caption":"Compuviper"},"image":{"@id":"https:\/\/compuviper.mx\/tienda\/#\/schema\/logo\/image\/"},"sameAs":["https:\/\/www.facebook.com\/compuviper","https:\/\/www.youtube.com\/channel\/UCf73dERp9Y3cfOq7q8BhLjA?view_as=subscriber"]}]},"product_brand":"NZXT","product_price_amount":"1881","product_price_currency":"MXN","og_availability":"instock","product_availability":"instock","product_retailer_item_id":"CA-H510I-MH-RV","product_condition":"new"},"_links":{"self":[{"href":"https:\/\/compuviper.mx\/tienda\/wp-json\/wp\/v2\/product\/265081"}],"collection":[{"href":"https:\/\/compuviper.mx\/tienda\/wp-json\/wp\/v2\/product"}],"about":[{"href":"https:\/\/compuviper.mx\/tienda\/wp-json\/wp\/v2\/types\/product"}],"replies":[{"embeddable":true,"href":"https:\/\/compuviper.mx\/tienda\/wp-json\/wp\/v2\/comments?post=265081"}],"wp:featuredmedia":[{"embeddable":true,"href":"https:\/\/compuviper.mx\/tienda\/wp-json\/wp\/v2\/media\/265082"}],"wp:attachment":[{"href":"https:\/\/compuviper.mx\/tienda\/wp-json\/wp\/v2\/media?parent=265081"}],"wp:term":[{"taxonomy":"product_cat","embeddable":true,"href":"https:\/\/compuviper.mx\/tienda\/wp-json\/wp\/v2\/product_cat?post=265081"},{"taxonomy":"product_tag","embeddable":true,"href":"https:\/\/compuviper.mx\/tienda\/wp-json\/wp\/v2\/product_tag?post=265081"}],"curies":[{"name":"wp","href":"https:\/\/api.w.org\/{rel}","templated":true}]}}