{"id":265055,"date":"2026-04-02T02:07:42","date_gmt":"2026-04-02T08:07:42","guid":{"rendered":"https:\/\/compuviper.mx\/tienda\/producto\/vorago-hpb-601-v2-diadema-bluetooth-5-0-premium-3-5mm-20-horas-negro\/"},"modified":"2026-04-02T02:07:42","modified_gmt":"2026-04-02T08:07:42","slug":"vorago-hpb-601-v2-diadema-bluetooth-5-0-premium-3-5mm-20-horas-negro","status":"publish","type":"product","link":"https:\/\/compuviper.mx\/tienda\/producto\/vorago-hpb-601-v2-diadema-bluetooth-5-0-premium-3-5mm-20-horas-negro\/","title":{"rendered":"Vorago Hpb-601 V2 Diadema   Bluetooth 5.0 \/ Premium\/ 3.5mm\/20 Horas\/ Negro"},"content":{"rendered":"<table class=\"descripcion\">\n<tr>\n<td>Art\u00edculo:<\/td>\n<\/tr>\n<tr>\n<td>Rango de<\/td>\n<\/tr>\n<tr>\n<td>Diadema bt<\/td>\n<\/tr>\n<tr>\n<td>Frecuencia: 20 hz &#8211; 20 khz<\/td>\n<\/tr>\n<tr>\n<td>Sensibilidad: 113 &#8211; 3db (at1khz \/ 1mw)<\/td>\n<\/tr>\n<tr>\n<td>Impedancia: 32  and #937;<\/td>\n<\/tr>\n<tr>\n<td>Thd:   1%<\/td>\n<\/tr>\n<tr>\n<td>Conecto and #1075;: 3.5 mm<\/td>\n<\/tr>\n<tr>\n<td>Di\u00e1metro de bocina: 40mm<\/td>\n<\/tr>\n<tr>\n<td>Micr\u00f3fono<\/td>\n<\/tr>\n<tr>\n<td>Rango de<\/td>\n<\/tr>\n<tr>\n<td>Frecuencia: 30 hz &#8211; 16 khz<\/td>\n<\/tr>\n<tr>\n<td>Sensibilidad<\/td>\n<\/tr>\n<tr>\n<td>Micr\u00f3fono: -42db \u00b1 3db<\/td>\n<\/tr>\n<tr>\n<td>Compatibilidad: bt 5.0, conector 3.5mm<\/td>\n<\/tr>\n<tr>\n<td>Alcance \/ bt wirless: 10m<\/td>\n<\/tr>\n<tr>\n<td>Peso del producto: 240g<\/td>\n<\/tr>\n<tr>\n<td>Bater\u00eda:<\/td>\n<\/tr>\n<tr>\n<td>Tiempo de<\/td>\n<\/tr>\n<tr>\n<td>Li-polymer (3.7 v 500 mah)<\/td>\n<\/tr>\n<tr>\n<td>Reproducci\u00f3n: hasta 18 hrs*<\/td>\n<\/tr>\n<\/table>\n","protected":false},"excerpt":{"rendered":"<p>Los headphones bluetooth hpb-601 v2 de vorago lucen y suenan espectacular. Est\u00e1n dise\u00f1ados para ofrecerte la mejor calidad de audio con la m\u00e1xima comodidad, adem\u00e1s de que puedes llevarlos a cualquier lado gracias a su dise\u00f1o plegable y estuche protector.<\/p>\n","protected":false},"featured_media":0,"comment_status":"open","ping_status":"open","template":"","meta":[],"product_cat":[1552,1816],"product_tag":[2294],"acf":[],"yoast_head":"<!-- This site is optimized with the Yoast SEO plugin v21.7 - https:\/\/yoast.com\/wordpress\/plugins\/seo\/ -->\n<title>[ Vorago ] &#129351; Hpb-601 V2 Diadema Bluetooth 5.0 \/ Premium\/ 3.5mm\/20 Horas\/ Negro<\/title>\n<meta name=\"description\" content=\"Compra Hpb-601 V2 Diadema Bluetooth 5.0 \/ Premium\/ 3.5mm\/20 Horas\/ Negro + Env\u00edo a domicilio + Pago seguro + Garant\u00eda\" \/>\n<meta name=\"robots\" content=\"index, follow, max-snippet:-1, max-image-preview:large, max-video-preview:-1\" \/>\n<link rel=\"canonical\" href=\"https:\/\/compuviper.mx\/tienda\/producto\/vorago-hpb-601-v2-diadema-bluetooth-5-0-premium-3-5mm-20-horas-negro\/\" \/>\n<meta property=\"og:locale\" content=\"es_MX\" \/>\n<meta property=\"og:type\" content=\"article\" \/>\n<meta property=\"og:title\" content=\"[ Vorago ] &#129351; Hpb-601 V2 Diadema Bluetooth 5.0 \/ Premium\/ 3.5mm\/20 Horas\/ Negro\" \/>\n<meta property=\"og:description\" content=\"Compra Hpb-601 V2 Diadema Bluetooth 5.0 \/ Premium\/ 3.5mm\/20 Horas\/ Negro + Env\u00edo a domicilio + Pago seguro + Garant\u00eda\" \/>\n<meta property=\"og:url\" content=\"https:\/\/compuviper.mx\/tienda\/producto\/vorago-hpb-601-v2-diadema-bluetooth-5-0-premium-3-5mm-20-horas-negro\/\" \/>\n<meta property=\"og:site_name\" content=\"Compuviper\" \/>\n<meta property=\"article:publisher\" content=\"https:\/\/www.facebook.com\/compuviper\" \/>\n<meta name=\"twitter:card\" content=\"summary_large_image\" \/>\n<meta name=\"twitter:label1\" content=\"Precio\" \/>\n\t<meta name=\"twitter:data1\" content=\"&#36;697 con IVA\" \/>\n\t<meta name=\"twitter:label2\" content=\"Availability\" \/>\n\t<meta name=\"twitter:data2\" content=\"In stock\" \/>\n<script type=\"application\/ld+json\" class=\"yoast-schema-graph\">{\"@context\":\"https:\/\/schema.org\",\"@graph\":[{\"@type\":\"WebPage\",\"@id\":\"https:\/\/compuviper.mx\/tienda\/producto\/vorago-hpb-601-v2-diadema-bluetooth-5-0-premium-3-5mm-20-horas-negro\/\",\"url\":\"https:\/\/compuviper.mx\/tienda\/producto\/vorago-hpb-601-v2-diadema-bluetooth-5-0-premium-3-5mm-20-horas-negro\/\",\"name\":\"[ Vorago ] &#129351; Hpb-601 V2 Diadema Bluetooth 5.0 \/ Premium\/ 3.5mm\/20 Horas\/ Negro\",\"isPartOf\":{\"@id\":\"https:\/\/compuviper.mx\/tienda\/#website\"},\"datePublished\":\"2026-04-02T08:07:42+00:00\",\"dateModified\":\"2026-04-02T08:07:42+00:00\",\"description\":\"Compra Hpb-601 V2 Diadema Bluetooth 5.0 \/ Premium\/ 3.5mm\/20 Horas\/ Negro + Env\u00edo a domicilio + Pago seguro + Garant\u00eda\",\"breadcrumb\":{\"@id\":\"https:\/\/compuviper.mx\/tienda\/producto\/vorago-hpb-601-v2-diadema-bluetooth-5-0-premium-3-5mm-20-horas-negro\/#breadcrumb\"},\"inLanguage\":\"es-MX\",\"potentialAction\":[{\"@type\":\"ReadAction\",\"target\":[\"https:\/\/compuviper.mx\/tienda\/producto\/vorago-hpb-601-v2-diadema-bluetooth-5-0-premium-3-5mm-20-horas-negro\/\"]}]},{\"@type\":\"BreadcrumbList\",\"@id\":\"https:\/\/compuviper.mx\/tienda\/producto\/vorago-hpb-601-v2-diadema-bluetooth-5-0-premium-3-5mm-20-horas-negro\/#breadcrumb\",\"itemListElement\":[{\"@type\":\"ListItem\",\"position\":1,\"name\":\"Inicio\",\"item\":\"https:\/\/compuviper.mx\/tienda\/\"},{\"@type\":\"ListItem\",\"position\":2,\"name\":\"Productos\",\"item\":\"https:\/\/compuviper.mx\/tienda\/productos\/\"},{\"@type\":\"ListItem\",\"position\":3,\"name\":\"Audifonos Y Micro\",\"item\":\"https:\/\/compuviper.mx\/tienda\/categoria-producto\/audifonos-y-micro\/\"},{\"@type\":\"ListItem\",\"position\":4,\"name\":\"Audifono Con Microfono\",\"item\":\"https:\/\/compuviper.mx\/tienda\/categoria-producto\/audifonos-y-micro\/audifono-con-microfono\/\"},{\"@type\":\"ListItem\",\"position\":5,\"name\":\"Vorago Hpb-601 V2 Diadema Bluetooth 5.0 \/ Premium\/ 3.5mm\/20 Horas\/ Negro\"}]},{\"@type\":\"WebSite\",\"@id\":\"https:\/\/compuviper.mx\/tienda\/#website\",\"url\":\"https:\/\/compuviper.mx\/tienda\/\",\"name\":\"Compuviper\",\"description\":\"Proveedor de Computadoras, Laptops, Servidores, Monitores, Puntos de Venta, Teclados,   Impresoras, T\u00f3ner, C\u00e1maras de Seguridad y m\u00e1s en tu tienda en l\u00ednea\",\"publisher\":{\"@id\":\"https:\/\/compuviper.mx\/tienda\/#organization\"},\"potentialAction\":[{\"@type\":\"SearchAction\",\"target\":{\"@type\":\"EntryPoint\",\"urlTemplate\":\"https:\/\/compuviper.mx\/tienda\/?s={search_term_string}\"},\"query-input\":\"required name=search_term_string\"}],\"inLanguage\":\"es-MX\"},{\"@type\":\"Organization\",\"@id\":\"https:\/\/compuviper.mx\/tienda\/#organization\",\"name\":\"Compuviper\",\"url\":\"https:\/\/compuviper.mx\/tienda\/\",\"logo\":{\"@type\":\"ImageObject\",\"inLanguage\":\"es-MX\",\"@id\":\"https:\/\/compuviper.mx\/tienda\/#\/schema\/logo\/image\/\",\"url\":\"https:\/\/compuviper.mx\/tienda\/wp-content\/uploads\/2021\/08\/Logo-Compuviper-10.png\",\"contentUrl\":\"https:\/\/compuviper.mx\/tienda\/wp-content\/uploads\/2021\/08\/Logo-Compuviper-10.png\",\"width\":1000,\"height\":500,\"caption\":\"Compuviper\"},\"image\":{\"@id\":\"https:\/\/compuviper.mx\/tienda\/#\/schema\/logo\/image\/\"},\"sameAs\":[\"https:\/\/www.facebook.com\/compuviper\",\"https:\/\/www.youtube.com\/channel\/UCf73dERp9Y3cfOq7q8BhLjA?view_as=subscriber\"]}]}<\/script>\n<meta property=\"product:brand\" content=\"Vorago\" \/>\n<meta property=\"product:price:amount\" content=\"697\" \/>\n<meta property=\"product:price:currency\" content=\"MXN\" \/>\n<meta property=\"og:availability\" content=\"instock\" \/>\n<meta property=\"product:availability\" content=\"instock\" \/>\n<meta property=\"product:retailer_item_id\" content=\"HPB-601 V2\" \/>\n<meta property=\"product:condition\" content=\"new\" \/>\n<!-- \/ Yoast SEO plugin. -->","yoast_head_json":{"title":"[ Vorago ] &#129351; Hpb-601 V2 Diadema Bluetooth 5.0 \/ Premium\/ 3.5mm\/20 Horas\/ Negro","description":"Compra Hpb-601 V2 Diadema Bluetooth 5.0 \/ Premium\/ 3.5mm\/20 Horas\/ Negro + Env\u00edo a domicilio + Pago seguro + Garant\u00eda","robots":{"index":"index","follow":"follow","max-snippet":"max-snippet:-1","max-image-preview":"max-image-preview:large","max-video-preview":"max-video-preview:-1"},"canonical":"https:\/\/compuviper.mx\/tienda\/producto\/vorago-hpb-601-v2-diadema-bluetooth-5-0-premium-3-5mm-20-horas-negro\/","og_locale":"es_MX","og_type":"article","og_title":"[ Vorago ] &#129351; Hpb-601 V2 Diadema Bluetooth 5.0 \/ Premium\/ 3.5mm\/20 Horas\/ Negro","og_description":"Compra Hpb-601 V2 Diadema Bluetooth 5.0 \/ Premium\/ 3.5mm\/20 Horas\/ Negro + Env\u00edo a domicilio + Pago seguro + Garant\u00eda","og_url":"https:\/\/compuviper.mx\/tienda\/producto\/vorago-hpb-601-v2-diadema-bluetooth-5-0-premium-3-5mm-20-horas-negro\/","og_site_name":"Compuviper","article_publisher":"https:\/\/www.facebook.com\/compuviper","twitter_card":"summary_large_image","twitter_misc":{"Precio":"&#36;697 con IVA","Availability":"In stock"},"schema":{"@context":"https:\/\/schema.org","@graph":[{"@type":"WebPage","@id":"https:\/\/compuviper.mx\/tienda\/producto\/vorago-hpb-601-v2-diadema-bluetooth-5-0-premium-3-5mm-20-horas-negro\/","url":"https:\/\/compuviper.mx\/tienda\/producto\/vorago-hpb-601-v2-diadema-bluetooth-5-0-premium-3-5mm-20-horas-negro\/","name":"[ Vorago ] &#129351; Hpb-601 V2 Diadema Bluetooth 5.0 \/ Premium\/ 3.5mm\/20 Horas\/ Negro","isPartOf":{"@id":"https:\/\/compuviper.mx\/tienda\/#website"},"datePublished":"2026-04-02T08:07:42+00:00","dateModified":"2026-04-02T08:07:42+00:00","description":"Compra Hpb-601 V2 Diadema Bluetooth 5.0 \/ Premium\/ 3.5mm\/20 Horas\/ Negro + Env\u00edo a domicilio + Pago seguro + Garant\u00eda","breadcrumb":{"@id":"https:\/\/compuviper.mx\/tienda\/producto\/vorago-hpb-601-v2-diadema-bluetooth-5-0-premium-3-5mm-20-horas-negro\/#breadcrumb"},"inLanguage":"es-MX","potentialAction":[{"@type":"ReadAction","target":["https:\/\/compuviper.mx\/tienda\/producto\/vorago-hpb-601-v2-diadema-bluetooth-5-0-premium-3-5mm-20-horas-negro\/"]}]},{"@type":"BreadcrumbList","@id":"https:\/\/compuviper.mx\/tienda\/producto\/vorago-hpb-601-v2-diadema-bluetooth-5-0-premium-3-5mm-20-horas-negro\/#breadcrumb","itemListElement":[{"@type":"ListItem","position":1,"name":"Inicio","item":"https:\/\/compuviper.mx\/tienda\/"},{"@type":"ListItem","position":2,"name":"Productos","item":"https:\/\/compuviper.mx\/tienda\/productos\/"},{"@type":"ListItem","position":3,"name":"Audifonos Y Micro","item":"https:\/\/compuviper.mx\/tienda\/categoria-producto\/audifonos-y-micro\/"},{"@type":"ListItem","position":4,"name":"Audifono Con Microfono","item":"https:\/\/compuviper.mx\/tienda\/categoria-producto\/audifonos-y-micro\/audifono-con-microfono\/"},{"@type":"ListItem","position":5,"name":"Vorago Hpb-601 V2 Diadema Bluetooth 5.0 \/ Premium\/ 3.5mm\/20 Horas\/ Negro"}]},{"@type":"WebSite","@id":"https:\/\/compuviper.mx\/tienda\/#website","url":"https:\/\/compuviper.mx\/tienda\/","name":"Compuviper","description":"Proveedor de Computadoras, Laptops, Servidores, Monitores, Puntos de Venta, Teclados,   Impresoras, T\u00f3ner, C\u00e1maras de Seguridad y m\u00e1s en tu tienda en l\u00ednea","publisher":{"@id":"https:\/\/compuviper.mx\/tienda\/#organization"},"potentialAction":[{"@type":"SearchAction","target":{"@type":"EntryPoint","urlTemplate":"https:\/\/compuviper.mx\/tienda\/?s={search_term_string}"},"query-input":"required name=search_term_string"}],"inLanguage":"es-MX"},{"@type":"Organization","@id":"https:\/\/compuviper.mx\/tienda\/#organization","name":"Compuviper","url":"https:\/\/compuviper.mx\/tienda\/","logo":{"@type":"ImageObject","inLanguage":"es-MX","@id":"https:\/\/compuviper.mx\/tienda\/#\/schema\/logo\/image\/","url":"https:\/\/compuviper.mx\/tienda\/wp-content\/uploads\/2021\/08\/Logo-Compuviper-10.png","contentUrl":"https:\/\/compuviper.mx\/tienda\/wp-content\/uploads\/2021\/08\/Logo-Compuviper-10.png","width":1000,"height":500,"caption":"Compuviper"},"image":{"@id":"https:\/\/compuviper.mx\/tienda\/#\/schema\/logo\/image\/"},"sameAs":["https:\/\/www.facebook.com\/compuviper","https:\/\/www.youtube.com\/channel\/UCf73dERp9Y3cfOq7q8BhLjA?view_as=subscriber"]}]},"product_brand":"Vorago","product_price_amount":"697","product_price_currency":"MXN","og_availability":"instock","product_availability":"instock","product_retailer_item_id":"HPB-601 V2","product_condition":"new"},"_links":{"self":[{"href":"https:\/\/compuviper.mx\/tienda\/wp-json\/wp\/v2\/product\/265055"}],"collection":[{"href":"https:\/\/compuviper.mx\/tienda\/wp-json\/wp\/v2\/product"}],"about":[{"href":"https:\/\/compuviper.mx\/tienda\/wp-json\/wp\/v2\/types\/product"}],"replies":[{"embeddable":true,"href":"https:\/\/compuviper.mx\/tienda\/wp-json\/wp\/v2\/comments?post=265055"}],"wp:attachment":[{"href":"https:\/\/compuviper.mx\/tienda\/wp-json\/wp\/v2\/media?parent=265055"}],"wp:term":[{"taxonomy":"product_cat","embeddable":true,"href":"https:\/\/compuviper.mx\/tienda\/wp-json\/wp\/v2\/product_cat?post=265055"},{"taxonomy":"product_tag","embeddable":true,"href":"https:\/\/compuviper.mx\/tienda\/wp-json\/wp\/v2\/product_tag?post=265055"}],"curies":[{"name":"wp","href":"https:\/\/api.w.org\/{rel}","templated":true}]}}