{"id":265053,"date":"2026-04-02T02:07:24","date_gmt":"2026-04-02T08:07:24","guid":{"rendered":"https:\/\/compuviper.mx\/tienda\/producto\/start-the-game-esb-301-pro-audfonos-inalambricos-vorago-tws-bluetooth-manos-libres-ipx6-led-35-hrs\/"},"modified":"2026-04-02T02:07:24","modified_gmt":"2026-04-02T08:07:24","slug":"start-the-game-esb-301-pro-audfonos-inalambricos-vorago-tws-bluetooth-manos-libres-ipx6-led-35-hrs","status":"publish","type":"product","link":"https:\/\/compuviper.mx\/tienda\/producto\/start-the-game-esb-301-pro-audfonos-inalambricos-vorago-tws-bluetooth-manos-libres-ipx6-led-35-hrs\/","title":{"rendered":"Start The Game Esb-301-pro Aud?fonos Inalambricos \/ Vorago  \/   Tws Bluetooth Manos Libres  Ipx6 Led 35 Hrs"},"content":{"rendered":"<table class=\"descripcion\">\n<tr>\n<td>Articulo: earphones bt<\/td>\n<\/tr>\n<tr>\n<td>Conector: bt 5.3<\/td>\n<\/tr>\n<tr>\n<td>Sensibilidad: 94\u00b13db<\/td>\n<\/tr>\n<tr>\n<td>Impedancia: 32  and 937;<\/td>\n<\/tr>\n<tr>\n<td>Rango de frecuencia: 20 hz &#8211; 20 khz<\/td>\n<\/tr>\n<tr>\n<td>Iluminacion: rgb<\/td>\n<\/tr>\n<tr>\n<td>Conexion: bt, usb tipo c<\/td>\n<\/tr>\n<tr>\n<td>Diametro de bocina: 10 mm<\/td>\n<\/tr>\n<tr>\n<td>Alcance: 10 m<\/td>\n<\/tr>\n<tr>\n<td>Peso: 32g<\/td>\n<\/tr>\n<tr>\n<td>Bateria li-polymer: 3.7 v 35 mah x 2<\/td>\n<\/tr>\n<tr>\n<td>Thd:   1<\/td>\n<\/tr>\n<tr>\n<td>Bateria case 300mah<\/td>\n<\/tr>\n<\/table>\n","protected":false},"excerpt":{"rendered":"<p>Las partidas sin sonido no son lo mismo; y para quienes llevan el juego a todas partes en sus dispositivos mviles, los audfonos inalmbricos esb-301-pro son la mejor opcin para contar con gran calidad de audio, batera de larga duracin y un estilo deslumbrante que slo da la iluminacin multicolor.<\/p>\n","protected":false},"featured_media":265176,"comment_status":"open","ping_status":"open","template":"","meta":[],"product_cat":[1552,1822],"product_tag":[2297],"acf":[],"yoast_head":"<!-- This site is optimized with the Yoast SEO plugin v21.7 - https:\/\/yoast.com\/wordpress\/plugins\/seo\/ -->\n<title>[ Start The Game ] &#129351; Esb-301-pro Aud\u00edfonos Inalambricos \/ Vorago \/ Tws Bluetooth Manos Libres Ipx6 Led 35 Hrs<\/title>\n<meta name=\"description\" content=\"Compra Esb-301-pro Aud\u00edfonos Inalambricos \/ Vorago \/ Tws Bluetooth Manos Libres Ipx6 Led 35 Hrs + Env\u00edo a domicilio + Pago seguro + Garant\u00eda\" \/>\n<meta name=\"robots\" content=\"index, follow, max-snippet:-1, max-image-preview:large, max-video-preview:-1\" \/>\n<link rel=\"canonical\" href=\"https:\/\/compuviper.mx\/tienda\/producto\/start-the-game-esb-301-pro-audfonos-inalambricos-vorago-tws-bluetooth-manos-libres-ipx6-led-35-hrs\/\" \/>\n<meta property=\"og:locale\" content=\"es_MX\" \/>\n<meta property=\"og:type\" content=\"article\" \/>\n<meta property=\"og:title\" content=\"[ Start The Game ] &#129351; Esb-301-pro Aud\u00edfonos Inalambricos \/ Vorago \/ Tws Bluetooth Manos Libres Ipx6 Led 35 Hrs\" \/>\n<meta property=\"og:description\" content=\"Compra Esb-301-pro Aud\u00edfonos Inalambricos \/ Vorago \/ Tws Bluetooth Manos Libres Ipx6 Led 35 Hrs + Env\u00edo a domicilio + Pago seguro + Garant\u00eda\" \/>\n<meta property=\"og:url\" content=\"https:\/\/compuviper.mx\/tienda\/producto\/start-the-game-esb-301-pro-audfonos-inalambricos-vorago-tws-bluetooth-manos-libres-ipx6-led-35-hrs\/\" \/>\n<meta property=\"og:site_name\" content=\"Compuviper\" \/>\n<meta property=\"article:publisher\" content=\"https:\/\/www.facebook.com\/compuviper\" \/>\n<meta property=\"og:image\" content=\"https:\/\/compuviper.mx\/tienda\/wp-content\/uploads\/2026\/01\/Audifonos-inalambricos-vorago-start-the-game-esb-301-pro-tws-bluetooth-manos-libres-ipx6-led-35-hrs.jpg\" \/>\n\t<meta property=\"og:image:width\" content=\"200\" \/>\n\t<meta property=\"og:image:height\" content=\"200\" \/>\n\t<meta property=\"og:image:type\" content=\"image\/jpeg\" \/>\n<meta name=\"twitter:card\" content=\"summary_large_image\" \/>\n<meta name=\"twitter:label1\" content=\"Precio\" \/>\n\t<meta name=\"twitter:data1\" content=\"&#36;366 con IVA\" \/>\n\t<meta name=\"twitter:label2\" content=\"Availability\" \/>\n\t<meta name=\"twitter:data2\" content=\"Out of stock\" \/>\n<script type=\"application\/ld+json\" class=\"yoast-schema-graph\">{\"@context\":\"https:\/\/schema.org\",\"@graph\":[{\"@type\":\"WebPage\",\"@id\":\"https:\/\/compuviper.mx\/tienda\/producto\/start-the-game-esb-301-pro-audfonos-inalambricos-vorago-tws-bluetooth-manos-libres-ipx6-led-35-hrs\/\",\"url\":\"https:\/\/compuviper.mx\/tienda\/producto\/start-the-game-esb-301-pro-audfonos-inalambricos-vorago-tws-bluetooth-manos-libres-ipx6-led-35-hrs\/\",\"name\":\"[ Start The Game ] &#129351; Esb-301-pro Aud\u00edfonos Inalambricos \/ Vorago \/ Tws Bluetooth Manos Libres Ipx6 Led 35 Hrs\",\"isPartOf\":{\"@id\":\"https:\/\/compuviper.mx\/tienda\/#website\"},\"datePublished\":\"2026-04-02T08:07:24+00:00\",\"dateModified\":\"2026-04-02T08:07:24+00:00\",\"description\":\"Compra Esb-301-pro Aud\u00edfonos Inalambricos \/ Vorago \/ Tws Bluetooth Manos Libres Ipx6 Led 35 Hrs + Env\u00edo a domicilio + Pago seguro + Garant\u00eda\",\"breadcrumb\":{\"@id\":\"https:\/\/compuviper.mx\/tienda\/producto\/start-the-game-esb-301-pro-audfonos-inalambricos-vorago-tws-bluetooth-manos-libres-ipx6-led-35-hrs\/#breadcrumb\"},\"inLanguage\":\"es-MX\",\"potentialAction\":[{\"@type\":\"ReadAction\",\"target\":[\"https:\/\/compuviper.mx\/tienda\/producto\/start-the-game-esb-301-pro-audfonos-inalambricos-vorago-tws-bluetooth-manos-libres-ipx6-led-35-hrs\/\"]}]},{\"@type\":\"BreadcrumbList\",\"@id\":\"https:\/\/compuviper.mx\/tienda\/producto\/start-the-game-esb-301-pro-audfonos-inalambricos-vorago-tws-bluetooth-manos-libres-ipx6-led-35-hrs\/#breadcrumb\",\"itemListElement\":[{\"@type\":\"ListItem\",\"position\":1,\"name\":\"Inicio\",\"item\":\"https:\/\/compuviper.mx\/tienda\/\"},{\"@type\":\"ListItem\",\"position\":2,\"name\":\"Productos\",\"item\":\"https:\/\/compuviper.mx\/tienda\/productos\/\"},{\"@type\":\"ListItem\",\"position\":3,\"name\":\"Audifonos Y Micro\",\"item\":\"https:\/\/compuviper.mx\/tienda\/categoria-producto\/audifonos-y-micro\/\"},{\"@type\":\"ListItem\",\"position\":4,\"name\":\"Gamers\",\"item\":\"https:\/\/compuviper.mx\/tienda\/categoria-producto\/audifonos-y-micro\/gamers-audifonos-y-micro\/\"},{\"@type\":\"ListItem\",\"position\":5,\"name\":\"Start The Game Esb-301-pro Aud?fonos Inalambricos \/ Vorago \/ Tws Bluetooth Manos Libres Ipx6 Led 35 Hrs\"}]},{\"@type\":\"WebSite\",\"@id\":\"https:\/\/compuviper.mx\/tienda\/#website\",\"url\":\"https:\/\/compuviper.mx\/tienda\/\",\"name\":\"Compuviper\",\"description\":\"Proveedor de Computadoras, Laptops, Servidores, Monitores, Puntos de Venta, Teclados,   Impresoras, T\u00f3ner, C\u00e1maras de Seguridad y m\u00e1s en tu tienda en l\u00ednea\",\"publisher\":{\"@id\":\"https:\/\/compuviper.mx\/tienda\/#organization\"},\"potentialAction\":[{\"@type\":\"SearchAction\",\"target\":{\"@type\":\"EntryPoint\",\"urlTemplate\":\"https:\/\/compuviper.mx\/tienda\/?s={search_term_string}\"},\"query-input\":\"required name=search_term_string\"}],\"inLanguage\":\"es-MX\"},{\"@type\":\"Organization\",\"@id\":\"https:\/\/compuviper.mx\/tienda\/#organization\",\"name\":\"Compuviper\",\"url\":\"https:\/\/compuviper.mx\/tienda\/\",\"logo\":{\"@type\":\"ImageObject\",\"inLanguage\":\"es-MX\",\"@id\":\"https:\/\/compuviper.mx\/tienda\/#\/schema\/logo\/image\/\",\"url\":\"https:\/\/compuviper.mx\/tienda\/wp-content\/uploads\/2021\/08\/Logo-Compuviper-10.png\",\"contentUrl\":\"https:\/\/compuviper.mx\/tienda\/wp-content\/uploads\/2021\/08\/Logo-Compuviper-10.png\",\"width\":1000,\"height\":500,\"caption\":\"Compuviper\"},\"image\":{\"@id\":\"https:\/\/compuviper.mx\/tienda\/#\/schema\/logo\/image\/\"},\"sameAs\":[\"https:\/\/www.facebook.com\/compuviper\",\"https:\/\/www.youtube.com\/channel\/UCf73dERp9Y3cfOq7q8BhLjA?view_as=subscriber\"]}]}<\/script>\n<meta property=\"product:brand\" content=\"Start The Game\" \/>\n<meta property=\"product:price:amount\" content=\"366\" \/>\n<meta property=\"product:price:currency\" content=\"MXN\" \/>\n<meta property=\"og:availability\" content=\"out of stock\" \/>\n<meta property=\"product:availability\" content=\"out of stock\" \/>\n<meta property=\"product:retailer_item_id\" content=\"ESB-301-PRO\" \/>\n<meta property=\"product:condition\" content=\"new\" \/>\n<!-- \/ Yoast SEO plugin. -->","yoast_head_json":{"title":"[ Start The Game ] &#129351; Esb-301-pro Aud\u00edfonos Inalambricos \/ Vorago \/ Tws Bluetooth Manos Libres Ipx6 Led 35 Hrs","description":"Compra Esb-301-pro Aud\u00edfonos Inalambricos \/ Vorago \/ Tws Bluetooth Manos Libres Ipx6 Led 35 Hrs + Env\u00edo a domicilio + Pago seguro + Garant\u00eda","robots":{"index":"index","follow":"follow","max-snippet":"max-snippet:-1","max-image-preview":"max-image-preview:large","max-video-preview":"max-video-preview:-1"},"canonical":"https:\/\/compuviper.mx\/tienda\/producto\/start-the-game-esb-301-pro-audfonos-inalambricos-vorago-tws-bluetooth-manos-libres-ipx6-led-35-hrs\/","og_locale":"es_MX","og_type":"article","og_title":"[ Start The Game ] &#129351; Esb-301-pro Aud\u00edfonos Inalambricos \/ Vorago \/ Tws Bluetooth Manos Libres Ipx6 Led 35 Hrs","og_description":"Compra Esb-301-pro Aud\u00edfonos Inalambricos \/ Vorago \/ Tws Bluetooth Manos Libres Ipx6 Led 35 Hrs + Env\u00edo a domicilio + Pago seguro + Garant\u00eda","og_url":"https:\/\/compuviper.mx\/tienda\/producto\/start-the-game-esb-301-pro-audfonos-inalambricos-vorago-tws-bluetooth-manos-libres-ipx6-led-35-hrs\/","og_site_name":"Compuviper","article_publisher":"https:\/\/www.facebook.com\/compuviper","og_image":[{"width":200,"height":200,"url":"https:\/\/compuviper.mx\/tienda\/wp-content\/uploads\/2026\/01\/Audifonos-inalambricos-vorago-start-the-game-esb-301-pro-tws-bluetooth-manos-libres-ipx6-led-35-hrs.jpg","type":"image\/jpeg"}],"twitter_card":"summary_large_image","twitter_misc":{"Precio":"&#36;366 con IVA","Availability":"Out of stock"},"schema":{"@context":"https:\/\/schema.org","@graph":[{"@type":"WebPage","@id":"https:\/\/compuviper.mx\/tienda\/producto\/start-the-game-esb-301-pro-audfonos-inalambricos-vorago-tws-bluetooth-manos-libres-ipx6-led-35-hrs\/","url":"https:\/\/compuviper.mx\/tienda\/producto\/start-the-game-esb-301-pro-audfonos-inalambricos-vorago-tws-bluetooth-manos-libres-ipx6-led-35-hrs\/","name":"[ Start The Game ] &#129351; Esb-301-pro Aud\u00edfonos Inalambricos \/ Vorago \/ Tws Bluetooth Manos Libres Ipx6 Led 35 Hrs","isPartOf":{"@id":"https:\/\/compuviper.mx\/tienda\/#website"},"datePublished":"2026-04-02T08:07:24+00:00","dateModified":"2026-04-02T08:07:24+00:00","description":"Compra Esb-301-pro Aud\u00edfonos Inalambricos \/ Vorago \/ Tws Bluetooth Manos Libres Ipx6 Led 35 Hrs + Env\u00edo a domicilio + Pago seguro + Garant\u00eda","breadcrumb":{"@id":"https:\/\/compuviper.mx\/tienda\/producto\/start-the-game-esb-301-pro-audfonos-inalambricos-vorago-tws-bluetooth-manos-libres-ipx6-led-35-hrs\/#breadcrumb"},"inLanguage":"es-MX","potentialAction":[{"@type":"ReadAction","target":["https:\/\/compuviper.mx\/tienda\/producto\/start-the-game-esb-301-pro-audfonos-inalambricos-vorago-tws-bluetooth-manos-libres-ipx6-led-35-hrs\/"]}]},{"@type":"BreadcrumbList","@id":"https:\/\/compuviper.mx\/tienda\/producto\/start-the-game-esb-301-pro-audfonos-inalambricos-vorago-tws-bluetooth-manos-libres-ipx6-led-35-hrs\/#breadcrumb","itemListElement":[{"@type":"ListItem","position":1,"name":"Inicio","item":"https:\/\/compuviper.mx\/tienda\/"},{"@type":"ListItem","position":2,"name":"Productos","item":"https:\/\/compuviper.mx\/tienda\/productos\/"},{"@type":"ListItem","position":3,"name":"Audifonos Y Micro","item":"https:\/\/compuviper.mx\/tienda\/categoria-producto\/audifonos-y-micro\/"},{"@type":"ListItem","position":4,"name":"Gamers","item":"https:\/\/compuviper.mx\/tienda\/categoria-producto\/audifonos-y-micro\/gamers-audifonos-y-micro\/"},{"@type":"ListItem","position":5,"name":"Start The Game Esb-301-pro Aud?fonos Inalambricos \/ Vorago \/ Tws Bluetooth Manos Libres Ipx6 Led 35 Hrs"}]},{"@type":"WebSite","@id":"https:\/\/compuviper.mx\/tienda\/#website","url":"https:\/\/compuviper.mx\/tienda\/","name":"Compuviper","description":"Proveedor de Computadoras, Laptops, Servidores, Monitores, Puntos de Venta, Teclados,   Impresoras, T\u00f3ner, C\u00e1maras de Seguridad y m\u00e1s en tu tienda en l\u00ednea","publisher":{"@id":"https:\/\/compuviper.mx\/tienda\/#organization"},"potentialAction":[{"@type":"SearchAction","target":{"@type":"EntryPoint","urlTemplate":"https:\/\/compuviper.mx\/tienda\/?s={search_term_string}"},"query-input":"required name=search_term_string"}],"inLanguage":"es-MX"},{"@type":"Organization","@id":"https:\/\/compuviper.mx\/tienda\/#organization","name":"Compuviper","url":"https:\/\/compuviper.mx\/tienda\/","logo":{"@type":"ImageObject","inLanguage":"es-MX","@id":"https:\/\/compuviper.mx\/tienda\/#\/schema\/logo\/image\/","url":"https:\/\/compuviper.mx\/tienda\/wp-content\/uploads\/2021\/08\/Logo-Compuviper-10.png","contentUrl":"https:\/\/compuviper.mx\/tienda\/wp-content\/uploads\/2021\/08\/Logo-Compuviper-10.png","width":1000,"height":500,"caption":"Compuviper"},"image":{"@id":"https:\/\/compuviper.mx\/tienda\/#\/schema\/logo\/image\/"},"sameAs":["https:\/\/www.facebook.com\/compuviper","https:\/\/www.youtube.com\/channel\/UCf73dERp9Y3cfOq7q8BhLjA?view_as=subscriber"]}]},"product_brand":"Start The Game","product_price_amount":"366","product_price_currency":"MXN","og_availability":"out of stock","product_availability":"out of stock","product_retailer_item_id":"ESB-301-PRO","product_condition":"new"},"_links":{"self":[{"href":"https:\/\/compuviper.mx\/tienda\/wp-json\/wp\/v2\/product\/265053"}],"collection":[{"href":"https:\/\/compuviper.mx\/tienda\/wp-json\/wp\/v2\/product"}],"about":[{"href":"https:\/\/compuviper.mx\/tienda\/wp-json\/wp\/v2\/types\/product"}],"replies":[{"embeddable":true,"href":"https:\/\/compuviper.mx\/tienda\/wp-json\/wp\/v2\/comments?post=265053"}],"wp:featuredmedia":[{"embeddable":true,"href":"https:\/\/compuviper.mx\/tienda\/wp-json\/wp\/v2\/media\/265176"}],"wp:attachment":[{"href":"https:\/\/compuviper.mx\/tienda\/wp-json\/wp\/v2\/media?parent=265053"}],"wp:term":[{"taxonomy":"product_cat","embeddable":true,"href":"https:\/\/compuviper.mx\/tienda\/wp-json\/wp\/v2\/product_cat?post=265053"},{"taxonomy":"product_tag","embeddable":true,"href":"https:\/\/compuviper.mx\/tienda\/wp-json\/wp\/v2\/product_tag?post=265053"}],"curies":[{"name":"wp","href":"https:\/\/api.w.org\/{rel}","templated":true}]}}