{"id":265039,"date":"2026-04-16T00:59:41","date_gmt":"2026-04-16T06:59:41","guid":{"rendered":"https:\/\/compuviper.mx\/tienda\/producto\/balam-rush-br-943512-mouse-gamer-drift-plus-mg3-alambrico-usb-diseo-ergonomico-iluminacion-rgb-dinamica-6-botones-7200-dpi-negro\/"},"modified":"2026-04-16T00:59:41","modified_gmt":"2026-04-16T06:59:41","slug":"balam-rush-br-943512-mouse-gamer-drift-plus-mg3-alambrico-usb-ergonomico-iluminacion-rgb-dinamica-6-botones-7200-dpi-ajustable-sensor-optico-windows-mac-negro","status":"publish","type":"product","link":"https:\/\/compuviper.mx\/tienda\/producto\/balam-rush-br-943512-mouse-gamer-drift-plus-mg3-alambrico-usb-ergonomico-iluminacion-rgb-dinamica-6-botones-7200-dpi-ajustable-sensor-optico-windows-mac-negro\/","title":{"rendered":"Balam Rush Br-943512 Mouse Gamer  Drift Plus Mg3 \/ Alambrico Usb \/ Ergonomico \/ Iluminacion Rgb Dinamica \/ 6 Botones \/ 7200 Dpi Ajustable \/ Sensor Optico \/ Windows &#8211; Mac \/ Negro \/"},"content":{"rendered":"<table class=\"descripcion\">\n<tr>\n<td>Ficha tecnica<\/td>\n<\/tr>\n<tr>\n<td>Mouse gamer alambrico drift plus mg3<\/td>\n<\/tr>\n<tr>\n<td>\u0095 modelo: br-943512<\/td>\n<\/tr>\n<tr>\n<td>\u0095 producto: mouse alambrico<\/td>\n<\/tr>\n<tr>\n<td>\u0095 color: negro<\/td>\n<\/tr>\n<tr>\n<td>\u0095 material: abs<\/td>\n<\/tr>\n<tr>\n<td>\u0095 dimensiones (l  w  h): 12 x 6.8 x 3.8 cm<\/td>\n<\/tr>\n<tr>\n<td>\u0095 peso: 70 g<\/td>\n<\/tr>\n<tr>\n<td>\u0095 compatibilidad: windows \/ mac<\/td>\n<\/tr>\n<tr>\n<td>Sensor<\/td>\n<\/tr>\n<tr>\n<td>\u0095 tipo: optico \/ instant 725f<\/td>\n<\/tr>\n<tr>\n<td>\u0095 resolucion: 800-1600-2400-3200-4800-7200<\/td>\n<\/tr>\n<tr>\n<td>\u0095 modos de dpi: 6<\/td>\n<\/tr>\n<tr>\n<td>\u0095 tasa de sondeo: 125 hz<\/td>\n<\/tr>\n<tr>\n<td>\u0095 aceleracion : 20 g<\/td>\n<\/tr>\n<tr>\n<td>\u0095 velocidad maxima: 60 ips<\/td>\n<\/tr>\n<tr>\n<td>Botones y funciones<\/td>\n<\/tr>\n<tr>\n<td>\u0095 numero de botones: 6<\/td>\n<\/tr>\n<tr>\n<td>\u0095 switch : huano<\/td>\n<\/tr>\n<tr>\n<td>\u0095 retroalimentacion : respuesta rapida<\/td>\n<\/tr>\n<tr>\n<td>\u0095 ubicacion del boton dpi : boton superior<\/td>\n<\/tr>\n<tr>\n<td>\u0095 millones de clics por boton : 3 m<\/td>\n<\/tr>\n<tr>\n<td>Iluminacion<\/td>\n<\/tr>\n<tr>\n<td>\u0095 tipo: rgb<\/td>\n<\/tr>\n<tr>\n<td>\u0095 modos: 13<\/td>\n<\/tr>\n<tr>\n<td>Diseno<\/td>\n<\/tr>\n<tr>\n<td>\u0095 ergonomia: diseno ergonomico para diestros, apto para agarres de palma y garra<\/td>\n<\/tr>\n<tr>\n<td>\u0095 rueda de desplazamiento: alta precision con textura antideslizante<\/td>\n<\/tr>\n<tr>\n<td>Alambrico<\/td>\n<\/tr>\n<tr>\n<td>\u0095 conector: usb a<\/td>\n<\/tr>\n<tr>\n<td>\u0095 longitud del cable: 1.5 m<\/td>\n<\/tr>\n<tr>\n<td>\u0095 material del cable: trenzado<\/td>\n<\/tr>\n<tr>\n<td>\u0095 alimentacion: 5v \u0096 1a<\/td>\n<\/tr>\n<\/table>\n","protected":false},"excerpt":{"rendered":"<p>Durabilidad y conexion sin limites. \u0095 fabricado con material abs resistente y equipado con un cable trenzado de 1.5 m, este. Mouse combina robustez y flexibilidad, asegurando un uso prolongado sin desgaste y. Movimientos libres durante largas sesiones de juego. Scroll firme y preciso. \u0095 su superficie antideslizante garantiza un control firme y consistente, mejorando laexperiencia tanto en juegos como en navegacion diaria.<\/p>\n","protected":false},"featured_media":0,"comment_status":"open","ping_status":"open","template":"","meta":[],"product_cat":[1752,1748],"product_tag":[2097],"acf":[],"yoast_head":"<!-- This site is optimized with the Yoast SEO plugin v21.7 - https:\/\/yoast.com\/wordpress\/plugins\/seo\/ -->\n<title>[ Balam Rush ] &#129351; Br-943512 Mouse Gamer Drift Plus Mg3 \/ Alambrico Usb \/ Ergonomico \/ Iluminacion Rgb Dinamica \/ 6 Botones \/ 7200 Dpi Ajustable \/ Sensor Optico \/ Windows - Mac \/ Negro \/<\/title>\n<meta name=\"description\" content=\"Compra Br-943512 Mouse Gamer Drift Plus Mg3 \/ Alambrico Usb \/ Ergonomico \/ Iluminacion Rgb Dinamica \/ 6 Botones \/ 7200 Dpi Ajustable \/ Sensor Optico \/ Windows - Mac \/ Negro \/ + Env\u00edo a domicilio + Pago seguro + Garant\u00eda\" \/>\n<meta name=\"robots\" content=\"index, follow, max-snippet:-1, max-image-preview:large, max-video-preview:-1\" \/>\n<link rel=\"canonical\" href=\"https:\/\/compuviper.mx\/tienda\/producto\/balam-rush-br-943512-mouse-gamer-drift-plus-mg3-alambrico-usb-ergonomico-iluminacion-rgb-dinamica-6-botones-7200-dpi-ajustable-sensor-optico-windows-mac-negro\/\" \/>\n<meta property=\"og:locale\" content=\"es_MX\" \/>\n<meta property=\"og:type\" content=\"article\" \/>\n<meta property=\"og:title\" content=\"[ Balam Rush ] &#129351; Br-943512 Mouse Gamer Drift Plus Mg3 \/ Alambrico Usb \/ Ergonomico \/ Iluminacion Rgb Dinamica \/ 6 Botones \/ 7200 Dpi Ajustable \/ Sensor Optico \/ Windows - Mac \/ Negro \/\" \/>\n<meta property=\"og:description\" content=\"Compra Br-943512 Mouse Gamer Drift Plus Mg3 \/ Alambrico Usb \/ Ergonomico \/ Iluminacion Rgb Dinamica \/ 6 Botones \/ 7200 Dpi Ajustable \/ Sensor Optico \/ Windows - Mac \/ Negro \/ + Env\u00edo a domicilio + Pago seguro + Garant\u00eda\" \/>\n<meta property=\"og:url\" content=\"https:\/\/compuviper.mx\/tienda\/producto\/balam-rush-br-943512-mouse-gamer-drift-plus-mg3-alambrico-usb-ergonomico-iluminacion-rgb-dinamica-6-botones-7200-dpi-ajustable-sensor-optico-windows-mac-negro\/\" \/>\n<meta property=\"og:site_name\" content=\"Compuviper\" \/>\n<meta property=\"article:publisher\" content=\"https:\/\/www.facebook.com\/compuviper\" \/>\n<meta name=\"twitter:card\" content=\"summary_large_image\" \/>\n<meta name=\"twitter:label1\" content=\"Precio\" \/>\n\t<meta name=\"twitter:data1\" content=\"&#36;156 &#36;140 con IVA\" \/>\n\t<meta name=\"twitter:label2\" content=\"Availability\" \/>\n\t<meta name=\"twitter:data2\" content=\"In stock\" \/>\n<script type=\"application\/ld+json\" class=\"yoast-schema-graph\">{\"@context\":\"https:\/\/schema.org\",\"@graph\":[{\"@type\":\"WebPage\",\"@id\":\"https:\/\/compuviper.mx\/tienda\/producto\/balam-rush-br-943512-mouse-gamer-drift-plus-mg3-alambrico-usb-ergonomico-iluminacion-rgb-dinamica-6-botones-7200-dpi-ajustable-sensor-optico-windows-mac-negro\/\",\"url\":\"https:\/\/compuviper.mx\/tienda\/producto\/balam-rush-br-943512-mouse-gamer-drift-plus-mg3-alambrico-usb-ergonomico-iluminacion-rgb-dinamica-6-botones-7200-dpi-ajustable-sensor-optico-windows-mac-negro\/\",\"name\":\"[ Balam Rush ] &#129351; Br-943512 Mouse Gamer Drift Plus Mg3 \/ Alambrico Usb \/ Ergonomico \/ Iluminacion Rgb Dinamica \/ 6 Botones \/ 7200 Dpi Ajustable \/ Sensor Optico \/ Windows - Mac \/ Negro \/\",\"isPartOf\":{\"@id\":\"https:\/\/compuviper.mx\/tienda\/#website\"},\"datePublished\":\"2026-04-16T06:59:41+00:00\",\"dateModified\":\"2026-04-16T06:59:41+00:00\",\"description\":\"Compra Br-943512 Mouse Gamer Drift Plus Mg3 \/ Alambrico Usb \/ Ergonomico \/ Iluminacion Rgb Dinamica \/ 6 Botones \/ 7200 Dpi Ajustable \/ Sensor Optico \/ Windows - Mac \/ Negro \/ + Env\u00edo a domicilio + Pago seguro + Garant\u00eda\",\"breadcrumb\":{\"@id\":\"https:\/\/compuviper.mx\/tienda\/producto\/balam-rush-br-943512-mouse-gamer-drift-plus-mg3-alambrico-usb-ergonomico-iluminacion-rgb-dinamica-6-botones-7200-dpi-ajustable-sensor-optico-windows-mac-negro\/#breadcrumb\"},\"inLanguage\":\"es-MX\",\"potentialAction\":[{\"@type\":\"ReadAction\",\"target\":[\"https:\/\/compuviper.mx\/tienda\/producto\/balam-rush-br-943512-mouse-gamer-drift-plus-mg3-alambrico-usb-ergonomico-iluminacion-rgb-dinamica-6-botones-7200-dpi-ajustable-sensor-optico-windows-mac-negro\/\"]}]},{\"@type\":\"BreadcrumbList\",\"@id\":\"https:\/\/compuviper.mx\/tienda\/producto\/balam-rush-br-943512-mouse-gamer-drift-plus-mg3-alambrico-usb-ergonomico-iluminacion-rgb-dinamica-6-botones-7200-dpi-ajustable-sensor-optico-windows-mac-negro\/#breadcrumb\",\"itemListElement\":[{\"@type\":\"ListItem\",\"position\":1,\"name\":\"Inicio\",\"item\":\"https:\/\/compuviper.mx\/tienda\/\"},{\"@type\":\"ListItem\",\"position\":2,\"name\":\"Productos\",\"item\":\"https:\/\/compuviper.mx\/tienda\/productos\/\"},{\"@type\":\"ListItem\",\"position\":3,\"name\":\"Mouse\",\"item\":\"https:\/\/compuviper.mx\/tienda\/categoria-producto\/mouse\/\"},{\"@type\":\"ListItem\",\"position\":4,\"name\":\"Gamers\",\"item\":\"https:\/\/compuviper.mx\/tienda\/categoria-producto\/mouse\/gamers-mouse\/\"},{\"@type\":\"ListItem\",\"position\":5,\"name\":\"Balam Rush Br-943512 Mouse Gamer Drift Plus Mg3 \/ Alambrico Usb \/ Ergonomico \/ Iluminacion Rgb Dinamica \/ 6 Botones \/ 7200 Dpi Ajustable \/ Sensor Optico \/ Windows &#8211; Mac \/ Negro \/\"}]},{\"@type\":\"WebSite\",\"@id\":\"https:\/\/compuviper.mx\/tienda\/#website\",\"url\":\"https:\/\/compuviper.mx\/tienda\/\",\"name\":\"Compuviper\",\"description\":\"Proveedor de Computadoras, Laptops, Servidores, Monitores, Puntos de Venta, Teclados,   Impresoras, T\u00f3ner, C\u00e1maras de Seguridad y m\u00e1s en tu tienda en l\u00ednea\",\"publisher\":{\"@id\":\"https:\/\/compuviper.mx\/tienda\/#organization\"},\"potentialAction\":[{\"@type\":\"SearchAction\",\"target\":{\"@type\":\"EntryPoint\",\"urlTemplate\":\"https:\/\/compuviper.mx\/tienda\/?s={search_term_string}\"},\"query-input\":\"required name=search_term_string\"}],\"inLanguage\":\"es-MX\"},{\"@type\":\"Organization\",\"@id\":\"https:\/\/compuviper.mx\/tienda\/#organization\",\"name\":\"Compuviper\",\"url\":\"https:\/\/compuviper.mx\/tienda\/\",\"logo\":{\"@type\":\"ImageObject\",\"inLanguage\":\"es-MX\",\"@id\":\"https:\/\/compuviper.mx\/tienda\/#\/schema\/logo\/image\/\",\"url\":\"https:\/\/compuviper.mx\/tienda\/wp-content\/uploads\/2021\/08\/Logo-Compuviper-10.png\",\"contentUrl\":\"https:\/\/compuviper.mx\/tienda\/wp-content\/uploads\/2021\/08\/Logo-Compuviper-10.png\",\"width\":1000,\"height\":500,\"caption\":\"Compuviper\"},\"image\":{\"@id\":\"https:\/\/compuviper.mx\/tienda\/#\/schema\/logo\/image\/\"},\"sameAs\":[\"https:\/\/www.facebook.com\/compuviper\",\"https:\/\/www.youtube.com\/channel\/UCf73dERp9Y3cfOq7q8BhLjA?view_as=subscriber\"]}]}<\/script>\n<meta property=\"product:brand\" content=\"Balam Rush\" \/>\n<meta property=\"product:price:amount\" content=\"140\" \/>\n<meta property=\"product:price:currency\" content=\"MXN\" \/>\n<meta property=\"og:availability\" content=\"instock\" \/>\n<meta property=\"product:availability\" content=\"instock\" \/>\n<meta property=\"product:retailer_item_id\" content=\"BR-943512\" \/>\n<meta property=\"product:condition\" content=\"new\" \/>\n<!-- \/ Yoast SEO plugin. -->","yoast_head_json":{"title":"[ Balam Rush ] &#129351; Br-943512 Mouse Gamer Drift Plus Mg3 \/ Alambrico Usb \/ Ergonomico \/ Iluminacion Rgb Dinamica \/ 6 Botones \/ 7200 Dpi Ajustable \/ Sensor Optico \/ Windows - Mac \/ Negro \/","description":"Compra Br-943512 Mouse Gamer Drift Plus Mg3 \/ Alambrico Usb \/ Ergonomico \/ Iluminacion Rgb Dinamica \/ 6 Botones \/ 7200 Dpi Ajustable \/ Sensor Optico \/ Windows - Mac \/ Negro \/ + Env\u00edo a domicilio + Pago seguro + Garant\u00eda","robots":{"index":"index","follow":"follow","max-snippet":"max-snippet:-1","max-image-preview":"max-image-preview:large","max-video-preview":"max-video-preview:-1"},"canonical":"https:\/\/compuviper.mx\/tienda\/producto\/balam-rush-br-943512-mouse-gamer-drift-plus-mg3-alambrico-usb-ergonomico-iluminacion-rgb-dinamica-6-botones-7200-dpi-ajustable-sensor-optico-windows-mac-negro\/","og_locale":"es_MX","og_type":"article","og_title":"[ Balam Rush ] &#129351; Br-943512 Mouse Gamer Drift Plus Mg3 \/ Alambrico Usb \/ Ergonomico \/ Iluminacion Rgb Dinamica \/ 6 Botones \/ 7200 Dpi Ajustable \/ Sensor Optico \/ Windows - Mac \/ Negro \/","og_description":"Compra Br-943512 Mouse Gamer Drift Plus Mg3 \/ Alambrico Usb \/ Ergonomico \/ Iluminacion Rgb Dinamica \/ 6 Botones \/ 7200 Dpi Ajustable \/ Sensor Optico \/ Windows - Mac \/ Negro \/ + Env\u00edo a domicilio + Pago seguro + Garant\u00eda","og_url":"https:\/\/compuviper.mx\/tienda\/producto\/balam-rush-br-943512-mouse-gamer-drift-plus-mg3-alambrico-usb-ergonomico-iluminacion-rgb-dinamica-6-botones-7200-dpi-ajustable-sensor-optico-windows-mac-negro\/","og_site_name":"Compuviper","article_publisher":"https:\/\/www.facebook.com\/compuviper","twitter_card":"summary_large_image","twitter_misc":{"Precio":"&#36;156 &#36;140 con IVA","Availability":"In stock"},"schema":{"@context":"https:\/\/schema.org","@graph":[{"@type":"WebPage","@id":"https:\/\/compuviper.mx\/tienda\/producto\/balam-rush-br-943512-mouse-gamer-drift-plus-mg3-alambrico-usb-ergonomico-iluminacion-rgb-dinamica-6-botones-7200-dpi-ajustable-sensor-optico-windows-mac-negro\/","url":"https:\/\/compuviper.mx\/tienda\/producto\/balam-rush-br-943512-mouse-gamer-drift-plus-mg3-alambrico-usb-ergonomico-iluminacion-rgb-dinamica-6-botones-7200-dpi-ajustable-sensor-optico-windows-mac-negro\/","name":"[ Balam Rush ] &#129351; Br-943512 Mouse Gamer Drift Plus Mg3 \/ Alambrico Usb \/ Ergonomico \/ Iluminacion Rgb Dinamica \/ 6 Botones \/ 7200 Dpi Ajustable \/ Sensor Optico \/ Windows - Mac \/ Negro \/","isPartOf":{"@id":"https:\/\/compuviper.mx\/tienda\/#website"},"datePublished":"2026-04-16T06:59:41+00:00","dateModified":"2026-04-16T06:59:41+00:00","description":"Compra Br-943512 Mouse Gamer Drift Plus Mg3 \/ Alambrico Usb \/ Ergonomico \/ Iluminacion Rgb Dinamica \/ 6 Botones \/ 7200 Dpi Ajustable \/ Sensor Optico \/ Windows - Mac \/ Negro \/ + Env\u00edo a domicilio + Pago seguro + Garant\u00eda","breadcrumb":{"@id":"https:\/\/compuviper.mx\/tienda\/producto\/balam-rush-br-943512-mouse-gamer-drift-plus-mg3-alambrico-usb-ergonomico-iluminacion-rgb-dinamica-6-botones-7200-dpi-ajustable-sensor-optico-windows-mac-negro\/#breadcrumb"},"inLanguage":"es-MX","potentialAction":[{"@type":"ReadAction","target":["https:\/\/compuviper.mx\/tienda\/producto\/balam-rush-br-943512-mouse-gamer-drift-plus-mg3-alambrico-usb-ergonomico-iluminacion-rgb-dinamica-6-botones-7200-dpi-ajustable-sensor-optico-windows-mac-negro\/"]}]},{"@type":"BreadcrumbList","@id":"https:\/\/compuviper.mx\/tienda\/producto\/balam-rush-br-943512-mouse-gamer-drift-plus-mg3-alambrico-usb-ergonomico-iluminacion-rgb-dinamica-6-botones-7200-dpi-ajustable-sensor-optico-windows-mac-negro\/#breadcrumb","itemListElement":[{"@type":"ListItem","position":1,"name":"Inicio","item":"https:\/\/compuviper.mx\/tienda\/"},{"@type":"ListItem","position":2,"name":"Productos","item":"https:\/\/compuviper.mx\/tienda\/productos\/"},{"@type":"ListItem","position":3,"name":"Mouse","item":"https:\/\/compuviper.mx\/tienda\/categoria-producto\/mouse\/"},{"@type":"ListItem","position":4,"name":"Gamers","item":"https:\/\/compuviper.mx\/tienda\/categoria-producto\/mouse\/gamers-mouse\/"},{"@type":"ListItem","position":5,"name":"Balam Rush Br-943512 Mouse Gamer Drift Plus Mg3 \/ Alambrico Usb \/ Ergonomico \/ Iluminacion Rgb Dinamica \/ 6 Botones \/ 7200 Dpi Ajustable \/ Sensor Optico \/ Windows &#8211; Mac \/ Negro \/"}]},{"@type":"WebSite","@id":"https:\/\/compuviper.mx\/tienda\/#website","url":"https:\/\/compuviper.mx\/tienda\/","name":"Compuviper","description":"Proveedor de Computadoras, Laptops, Servidores, Monitores, Puntos de Venta, Teclados,   Impresoras, T\u00f3ner, C\u00e1maras de Seguridad y m\u00e1s en tu tienda en l\u00ednea","publisher":{"@id":"https:\/\/compuviper.mx\/tienda\/#organization"},"potentialAction":[{"@type":"SearchAction","target":{"@type":"EntryPoint","urlTemplate":"https:\/\/compuviper.mx\/tienda\/?s={search_term_string}"},"query-input":"required name=search_term_string"}],"inLanguage":"es-MX"},{"@type":"Organization","@id":"https:\/\/compuviper.mx\/tienda\/#organization","name":"Compuviper","url":"https:\/\/compuviper.mx\/tienda\/","logo":{"@type":"ImageObject","inLanguage":"es-MX","@id":"https:\/\/compuviper.mx\/tienda\/#\/schema\/logo\/image\/","url":"https:\/\/compuviper.mx\/tienda\/wp-content\/uploads\/2021\/08\/Logo-Compuviper-10.png","contentUrl":"https:\/\/compuviper.mx\/tienda\/wp-content\/uploads\/2021\/08\/Logo-Compuviper-10.png","width":1000,"height":500,"caption":"Compuviper"},"image":{"@id":"https:\/\/compuviper.mx\/tienda\/#\/schema\/logo\/image\/"},"sameAs":["https:\/\/www.facebook.com\/compuviper","https:\/\/www.youtube.com\/channel\/UCf73dERp9Y3cfOq7q8BhLjA?view_as=subscriber"]}]},"product_brand":"Balam Rush","product_price_amount":"140","product_price_currency":"MXN","og_availability":"instock","product_availability":"instock","product_retailer_item_id":"BR-943512","product_condition":"new"},"_links":{"self":[{"href":"https:\/\/compuviper.mx\/tienda\/wp-json\/wp\/v2\/product\/265039"}],"collection":[{"href":"https:\/\/compuviper.mx\/tienda\/wp-json\/wp\/v2\/product"}],"about":[{"href":"https:\/\/compuviper.mx\/tienda\/wp-json\/wp\/v2\/types\/product"}],"replies":[{"embeddable":true,"href":"https:\/\/compuviper.mx\/tienda\/wp-json\/wp\/v2\/comments?post=265039"}],"wp:attachment":[{"href":"https:\/\/compuviper.mx\/tienda\/wp-json\/wp\/v2\/media?parent=265039"}],"wp:term":[{"taxonomy":"product_cat","embeddable":true,"href":"https:\/\/compuviper.mx\/tienda\/wp-json\/wp\/v2\/product_cat?post=265039"},{"taxonomy":"product_tag","embeddable":true,"href":"https:\/\/compuviper.mx\/tienda\/wp-json\/wp\/v2\/product_tag?post=265039"}],"curies":[{"name":"wp","href":"https:\/\/api.w.org\/{rel}","templated":true}]}}