{"id":265037,"date":"2026-04-16T00:59:38","date_gmt":"2026-04-16T06:59:38","guid":{"rendered":"https:\/\/compuviper.mx\/tienda\/producto\/balam-rush-br-938556-mouse-gamer-drift-perform-mg5-inalambrico-recargable-5-botones-sensor-optico-paw3311-12000-dpi-blanco\/"},"modified":"2026-04-16T00:59:38","modified_gmt":"2026-04-16T06:59:38","slug":"balam-rush-br-938556-mouse-gamer-drift-perform-mg5-dual-inalambrico-alambrico-recargable-usb-5-botones-sensor-optico-12000-dpi-ajustale-windows-blanco","status":"publish","type":"product","link":"https:\/\/compuviper.mx\/tienda\/producto\/balam-rush-br-938556-mouse-gamer-drift-perform-mg5-dual-inalambrico-alambrico-recargable-usb-5-botones-sensor-optico-12000-dpi-ajustale-windows-blanco\/","title":{"rendered":"Balam Rush Br-938556 Mouse Gamer  Drift Perform Mg5 \/ Dual Inalambrico  &#8211; Alambrico \/ Recargable Usb \/ 5 Botones \/ Sensor Optico 12,000 Dpi Ajustale \/ Windows \/ Blanco \/"},"content":{"rendered":"<table class=\"descripcion\">\n<tr>\n<td>Ficha tecnica<\/td>\n<\/tr>\n<tr>\n<td>Mouse gamer inalambrico drift perform mg5<\/td>\n<\/tr>\n<tr>\n<td>\u0095 modelo: br -938556<\/td>\n<\/tr>\n<tr>\n<td>\u0095 producto: mouse inalambrico<\/td>\n<\/tr>\n<tr>\n<td>\u0095 color: blanco<\/td>\n<\/tr>\n<tr>\n<td>\u0095 material: abs \/ pc<\/td>\n<\/tr>\n<tr>\n<td>\u0095 dimensiones (l  w  h): 11.7 x 6.7 x 4.1 cm<\/td>\n<\/tr>\n<tr>\n<td>\u0095 peso: 58 g<\/td>\n<\/tr>\n<tr>\n<td>\u0095 compatibilidad: windows<\/td>\n<\/tr>\n<tr>\n<td>Sensor<\/td>\n<\/tr>\n<tr>\n<td>\u0095 tipo: optico paw3311<\/td>\n<\/tr>\n<tr>\n<td>\u0095 resolucion: 800-1200-1600-3600-5000-12000<\/td>\n<\/tr>\n<tr>\n<td>\u0095 modos de dpi: 6<\/td>\n<\/tr>\n<tr>\n<td>\u0095 tasa de sondeo: 1000 hz<\/td>\n<\/tr>\n<tr>\n<td>\u0095 aceleracion : 35 g<\/td>\n<\/tr>\n<tr>\n<td>\u0095 velocidad maxima: 300 ips<\/td>\n<\/tr>\n<tr>\n<td>       botones y funciones<\/td>\n<\/tr>\n<tr>\n<td>\u0095 numero de botones: 5<\/td>\n<\/tr>\n<tr>\n<td>\u0095 switch : huano<\/td>\n<\/tr>\n<tr>\n<td>\u0095 retroalimentacion : 70 &#8211; 80 g<\/td>\n<\/tr>\n<tr>\n<td>\u0095 interruptor de encendido\/apagado : si<\/td>\n<\/tr>\n<tr>\n<td>\u0095 ubicacion del boton dpi : parte inferior<\/td>\n<\/tr>\n<tr>\n<td>\u0095 millones de clics por boton : 20 m<\/td>\n<\/tr>\n<tr>\n<td>Diseno<\/td>\n<\/tr>\n<tr>\n<td>\u0095 rueda de desplazamiento: texturizada<\/td>\n<\/tr>\n<tr>\n<td>       inalambrico<\/td>\n<\/tr>\n<tr>\n<td>\u0095 version de bluetooth: bt 5.1<\/td>\n<\/tr>\n<tr>\n<td>\u0095 frecuencia: 2.4 ghz<\/td>\n<\/tr>\n<tr>\n<td>\u0095 distancia maxima de conexion: 10 m<\/td>\n<\/tr>\n<tr>\n<td>\u0095 emparejamiento con multiples dispositivos: 2<\/td>\n<\/tr>\n<tr>\n<td>\u0095 apagado automatico del dispositivo: automatico<\/td>\n<\/tr>\n<tr>\n<td>\u0095 alimentacion: 5 v-1 a bateria recargable: 400 mah<\/td>\n<\/tr>\n<tr>\n<td>\u0095 bateria: 3 h de carga \/ 40 h de duracion<\/td>\n<\/tr>\n<\/table>\n","protected":false},"excerpt":{"rendered":"<p>Sensor paw3311: precision fluida para tus juegos. \u0095 el sensor optico paw3311 con tasa de sondeo de 1000 hz y velocidad maxima de 300 ips ofrece un rendimiento fluido y confiable, mientras que supeso ultraligero de 58 g te brinda una movilidad mas rapida y natural, ideal para shooters y juegos de accion casuales donde disfrutas sin perder control ni precision.         Control absoluto en cada movimiento. \u0095 disenado para el control total, este mouse ergonomico de 5 botones con sensor optico de 800 a 12,000 dpi te brinda precision milimetrica y comodidad prolongada, para que disfrutes partidas fluidas y reacciones inmediatas en cualquier g\u00e9nero de juego.<\/p>\n","protected":false},"featured_media":0,"comment_status":"open","ping_status":"open","template":"","meta":[],"product_cat":[1748,1752],"product_tag":[2097],"acf":[],"yoast_head":"<!-- This site is optimized with the Yoast SEO plugin v21.7 - https:\/\/yoast.com\/wordpress\/plugins\/seo\/ -->\n<title>[ Balam Rush ] &#129351; Br-938556 Mouse Gamer Drift Perform Mg5 \/ Dual Inalambrico - Alambrico \/ Recargable Usb \/ 5 Botones \/ Sensor Optico 12,000 Dpi Ajustale \/ Windows \/ Blanco \/<\/title>\n<meta name=\"description\" content=\"Compra Br-938556 Mouse Gamer Drift Perform Mg5 \/ Dual Inalambrico - Alambrico \/ Recargable Usb \/ 5 Botones \/ Sensor Optico 12,000 Dpi Ajustale \/ Windows \/ Blanco \/ + Env\u00edo a domicilio + Pago seguro + Garant\u00eda\" \/>\n<meta name=\"robots\" content=\"index, follow, max-snippet:-1, max-image-preview:large, max-video-preview:-1\" \/>\n<link rel=\"canonical\" href=\"https:\/\/compuviper.mx\/tienda\/producto\/balam-rush-br-938556-mouse-gamer-drift-perform-mg5-dual-inalambrico-alambrico-recargable-usb-5-botones-sensor-optico-12000-dpi-ajustale-windows-blanco\/\" \/>\n<meta property=\"og:locale\" content=\"es_MX\" \/>\n<meta property=\"og:type\" content=\"article\" \/>\n<meta property=\"og:title\" content=\"[ Balam Rush ] &#129351; Br-938556 Mouse Gamer Drift Perform Mg5 \/ Dual Inalambrico - Alambrico \/ Recargable Usb \/ 5 Botones \/ Sensor Optico 12,000 Dpi Ajustale \/ Windows \/ Blanco \/\" \/>\n<meta property=\"og:description\" content=\"Compra Br-938556 Mouse Gamer Drift Perform Mg5 \/ Dual Inalambrico - Alambrico \/ Recargable Usb \/ 5 Botones \/ Sensor Optico 12,000 Dpi Ajustale \/ Windows \/ Blanco \/ + Env\u00edo a domicilio + Pago seguro + Garant\u00eda\" \/>\n<meta property=\"og:url\" content=\"https:\/\/compuviper.mx\/tienda\/producto\/balam-rush-br-938556-mouse-gamer-drift-perform-mg5-dual-inalambrico-alambrico-recargable-usb-5-botones-sensor-optico-12000-dpi-ajustale-windows-blanco\/\" \/>\n<meta property=\"og:site_name\" content=\"Compuviper\" \/>\n<meta property=\"article:publisher\" content=\"https:\/\/www.facebook.com\/compuviper\" \/>\n<meta name=\"twitter:card\" content=\"summary_large_image\" \/>\n<meta name=\"twitter:label1\" content=\"Precio\" \/>\n\t<meta name=\"twitter:data1\" content=\"&#36;325 &#36;293 con IVA\" \/>\n\t<meta name=\"twitter:label2\" content=\"Availability\" \/>\n\t<meta name=\"twitter:data2\" content=\"Out of stock\" \/>\n<script type=\"application\/ld+json\" class=\"yoast-schema-graph\">{\"@context\":\"https:\/\/schema.org\",\"@graph\":[{\"@type\":\"WebPage\",\"@id\":\"https:\/\/compuviper.mx\/tienda\/producto\/balam-rush-br-938556-mouse-gamer-drift-perform-mg5-dual-inalambrico-alambrico-recargable-usb-5-botones-sensor-optico-12000-dpi-ajustale-windows-blanco\/\",\"url\":\"https:\/\/compuviper.mx\/tienda\/producto\/balam-rush-br-938556-mouse-gamer-drift-perform-mg5-dual-inalambrico-alambrico-recargable-usb-5-botones-sensor-optico-12000-dpi-ajustale-windows-blanco\/\",\"name\":\"[ Balam Rush ] &#129351; Br-938556 Mouse Gamer Drift Perform Mg5 \/ Dual Inalambrico - Alambrico \/ Recargable Usb \/ 5 Botones \/ Sensor Optico 12,000 Dpi Ajustale \/ Windows \/ Blanco \/\",\"isPartOf\":{\"@id\":\"https:\/\/compuviper.mx\/tienda\/#website\"},\"datePublished\":\"2026-04-16T06:59:38+00:00\",\"dateModified\":\"2026-04-16T06:59:38+00:00\",\"description\":\"Compra Br-938556 Mouse Gamer Drift Perform Mg5 \/ Dual Inalambrico - Alambrico \/ Recargable Usb \/ 5 Botones \/ Sensor Optico 12,000 Dpi Ajustale \/ Windows \/ Blanco \/ + Env\u00edo a domicilio + Pago seguro + Garant\u00eda\",\"breadcrumb\":{\"@id\":\"https:\/\/compuviper.mx\/tienda\/producto\/balam-rush-br-938556-mouse-gamer-drift-perform-mg5-dual-inalambrico-alambrico-recargable-usb-5-botones-sensor-optico-12000-dpi-ajustale-windows-blanco\/#breadcrumb\"},\"inLanguage\":\"es-MX\",\"potentialAction\":[{\"@type\":\"ReadAction\",\"target\":[\"https:\/\/compuviper.mx\/tienda\/producto\/balam-rush-br-938556-mouse-gamer-drift-perform-mg5-dual-inalambrico-alambrico-recargable-usb-5-botones-sensor-optico-12000-dpi-ajustale-windows-blanco\/\"]}]},{\"@type\":\"BreadcrumbList\",\"@id\":\"https:\/\/compuviper.mx\/tienda\/producto\/balam-rush-br-938556-mouse-gamer-drift-perform-mg5-dual-inalambrico-alambrico-recargable-usb-5-botones-sensor-optico-12000-dpi-ajustale-windows-blanco\/#breadcrumb\",\"itemListElement\":[{\"@type\":\"ListItem\",\"position\":1,\"name\":\"Inicio\",\"item\":\"https:\/\/compuviper.mx\/tienda\/\"},{\"@type\":\"ListItem\",\"position\":2,\"name\":\"Productos\",\"item\":\"https:\/\/compuviper.mx\/tienda\/productos\/\"},{\"@type\":\"ListItem\",\"position\":3,\"name\":\"Mouse\",\"item\":\"https:\/\/compuviper.mx\/tienda\/categoria-producto\/mouse\/\"},{\"@type\":\"ListItem\",\"position\":4,\"name\":\"Gamers\",\"item\":\"https:\/\/compuviper.mx\/tienda\/categoria-producto\/mouse\/gamers-mouse\/\"},{\"@type\":\"ListItem\",\"position\":5,\"name\":\"Balam Rush Br-938556 Mouse Gamer Drift Perform Mg5 \/ Dual Inalambrico &#8211; Alambrico \/ Recargable Usb \/ 5 Botones \/ Sensor Optico 12,000 Dpi Ajustale \/ Windows \/ Blanco \/\"}]},{\"@type\":\"WebSite\",\"@id\":\"https:\/\/compuviper.mx\/tienda\/#website\",\"url\":\"https:\/\/compuviper.mx\/tienda\/\",\"name\":\"Compuviper\",\"description\":\"Proveedor de Computadoras, Laptops, Servidores, Monitores, Puntos de Venta, Teclados,   Impresoras, T\u00f3ner, C\u00e1maras de Seguridad y m\u00e1s en tu tienda en l\u00ednea\",\"publisher\":{\"@id\":\"https:\/\/compuviper.mx\/tienda\/#organization\"},\"potentialAction\":[{\"@type\":\"SearchAction\",\"target\":{\"@type\":\"EntryPoint\",\"urlTemplate\":\"https:\/\/compuviper.mx\/tienda\/?s={search_term_string}\"},\"query-input\":\"required name=search_term_string\"}],\"inLanguage\":\"es-MX\"},{\"@type\":\"Organization\",\"@id\":\"https:\/\/compuviper.mx\/tienda\/#organization\",\"name\":\"Compuviper\",\"url\":\"https:\/\/compuviper.mx\/tienda\/\",\"logo\":{\"@type\":\"ImageObject\",\"inLanguage\":\"es-MX\",\"@id\":\"https:\/\/compuviper.mx\/tienda\/#\/schema\/logo\/image\/\",\"url\":\"https:\/\/compuviper.mx\/tienda\/wp-content\/uploads\/2021\/08\/Logo-Compuviper-10.png\",\"contentUrl\":\"https:\/\/compuviper.mx\/tienda\/wp-content\/uploads\/2021\/08\/Logo-Compuviper-10.png\",\"width\":1000,\"height\":500,\"caption\":\"Compuviper\"},\"image\":{\"@id\":\"https:\/\/compuviper.mx\/tienda\/#\/schema\/logo\/image\/\"},\"sameAs\":[\"https:\/\/www.facebook.com\/compuviper\",\"https:\/\/www.youtube.com\/channel\/UCf73dERp9Y3cfOq7q8BhLjA?view_as=subscriber\"]}]}<\/script>\n<meta property=\"product:brand\" content=\"Balam Rush\" \/>\n<meta property=\"product:price:amount\" content=\"293\" \/>\n<meta property=\"product:price:currency\" content=\"MXN\" \/>\n<meta property=\"og:availability\" content=\"out of stock\" \/>\n<meta property=\"product:availability\" content=\"out of stock\" \/>\n<meta property=\"product:retailer_item_id\" content=\"BR-938556\" \/>\n<meta property=\"product:condition\" content=\"new\" \/>\n<!-- \/ Yoast SEO plugin. -->","yoast_head_json":{"title":"[ Balam Rush ] &#129351; Br-938556 Mouse Gamer Drift Perform Mg5 \/ Dual Inalambrico - Alambrico \/ Recargable Usb \/ 5 Botones \/ Sensor Optico 12,000 Dpi Ajustale \/ Windows \/ Blanco \/","description":"Compra Br-938556 Mouse Gamer Drift Perform Mg5 \/ Dual Inalambrico - Alambrico \/ Recargable Usb \/ 5 Botones \/ Sensor Optico 12,000 Dpi Ajustale \/ Windows \/ Blanco \/ + Env\u00edo a domicilio + Pago seguro + Garant\u00eda","robots":{"index":"index","follow":"follow","max-snippet":"max-snippet:-1","max-image-preview":"max-image-preview:large","max-video-preview":"max-video-preview:-1"},"canonical":"https:\/\/compuviper.mx\/tienda\/producto\/balam-rush-br-938556-mouse-gamer-drift-perform-mg5-dual-inalambrico-alambrico-recargable-usb-5-botones-sensor-optico-12000-dpi-ajustale-windows-blanco\/","og_locale":"es_MX","og_type":"article","og_title":"[ Balam Rush ] &#129351; Br-938556 Mouse Gamer Drift Perform Mg5 \/ Dual Inalambrico - Alambrico \/ Recargable Usb \/ 5 Botones \/ Sensor Optico 12,000 Dpi Ajustale \/ Windows \/ Blanco \/","og_description":"Compra Br-938556 Mouse Gamer Drift Perform Mg5 \/ Dual Inalambrico - Alambrico \/ Recargable Usb \/ 5 Botones \/ Sensor Optico 12,000 Dpi Ajustale \/ Windows \/ Blanco \/ + Env\u00edo a domicilio + Pago seguro + Garant\u00eda","og_url":"https:\/\/compuviper.mx\/tienda\/producto\/balam-rush-br-938556-mouse-gamer-drift-perform-mg5-dual-inalambrico-alambrico-recargable-usb-5-botones-sensor-optico-12000-dpi-ajustale-windows-blanco\/","og_site_name":"Compuviper","article_publisher":"https:\/\/www.facebook.com\/compuviper","twitter_card":"summary_large_image","twitter_misc":{"Precio":"&#36;325 &#36;293 con IVA","Availability":"Out of stock"},"schema":{"@context":"https:\/\/schema.org","@graph":[{"@type":"WebPage","@id":"https:\/\/compuviper.mx\/tienda\/producto\/balam-rush-br-938556-mouse-gamer-drift-perform-mg5-dual-inalambrico-alambrico-recargable-usb-5-botones-sensor-optico-12000-dpi-ajustale-windows-blanco\/","url":"https:\/\/compuviper.mx\/tienda\/producto\/balam-rush-br-938556-mouse-gamer-drift-perform-mg5-dual-inalambrico-alambrico-recargable-usb-5-botones-sensor-optico-12000-dpi-ajustale-windows-blanco\/","name":"[ Balam Rush ] &#129351; Br-938556 Mouse Gamer Drift Perform Mg5 \/ Dual Inalambrico - Alambrico \/ Recargable Usb \/ 5 Botones \/ Sensor Optico 12,000 Dpi Ajustale \/ Windows \/ Blanco \/","isPartOf":{"@id":"https:\/\/compuviper.mx\/tienda\/#website"},"datePublished":"2026-04-16T06:59:38+00:00","dateModified":"2026-04-16T06:59:38+00:00","description":"Compra Br-938556 Mouse Gamer Drift Perform Mg5 \/ Dual Inalambrico - Alambrico \/ Recargable Usb \/ 5 Botones \/ Sensor Optico 12,000 Dpi Ajustale \/ Windows \/ Blanco \/ + Env\u00edo a domicilio + Pago seguro + Garant\u00eda","breadcrumb":{"@id":"https:\/\/compuviper.mx\/tienda\/producto\/balam-rush-br-938556-mouse-gamer-drift-perform-mg5-dual-inalambrico-alambrico-recargable-usb-5-botones-sensor-optico-12000-dpi-ajustale-windows-blanco\/#breadcrumb"},"inLanguage":"es-MX","potentialAction":[{"@type":"ReadAction","target":["https:\/\/compuviper.mx\/tienda\/producto\/balam-rush-br-938556-mouse-gamer-drift-perform-mg5-dual-inalambrico-alambrico-recargable-usb-5-botones-sensor-optico-12000-dpi-ajustale-windows-blanco\/"]}]},{"@type":"BreadcrumbList","@id":"https:\/\/compuviper.mx\/tienda\/producto\/balam-rush-br-938556-mouse-gamer-drift-perform-mg5-dual-inalambrico-alambrico-recargable-usb-5-botones-sensor-optico-12000-dpi-ajustale-windows-blanco\/#breadcrumb","itemListElement":[{"@type":"ListItem","position":1,"name":"Inicio","item":"https:\/\/compuviper.mx\/tienda\/"},{"@type":"ListItem","position":2,"name":"Productos","item":"https:\/\/compuviper.mx\/tienda\/productos\/"},{"@type":"ListItem","position":3,"name":"Mouse","item":"https:\/\/compuviper.mx\/tienda\/categoria-producto\/mouse\/"},{"@type":"ListItem","position":4,"name":"Gamers","item":"https:\/\/compuviper.mx\/tienda\/categoria-producto\/mouse\/gamers-mouse\/"},{"@type":"ListItem","position":5,"name":"Balam Rush Br-938556 Mouse Gamer Drift Perform Mg5 \/ Dual Inalambrico &#8211; Alambrico \/ Recargable Usb \/ 5 Botones \/ Sensor Optico 12,000 Dpi Ajustale \/ Windows \/ Blanco \/"}]},{"@type":"WebSite","@id":"https:\/\/compuviper.mx\/tienda\/#website","url":"https:\/\/compuviper.mx\/tienda\/","name":"Compuviper","description":"Proveedor de Computadoras, Laptops, Servidores, Monitores, Puntos de Venta, Teclados,   Impresoras, T\u00f3ner, C\u00e1maras de Seguridad y m\u00e1s en tu tienda en l\u00ednea","publisher":{"@id":"https:\/\/compuviper.mx\/tienda\/#organization"},"potentialAction":[{"@type":"SearchAction","target":{"@type":"EntryPoint","urlTemplate":"https:\/\/compuviper.mx\/tienda\/?s={search_term_string}"},"query-input":"required name=search_term_string"}],"inLanguage":"es-MX"},{"@type":"Organization","@id":"https:\/\/compuviper.mx\/tienda\/#organization","name":"Compuviper","url":"https:\/\/compuviper.mx\/tienda\/","logo":{"@type":"ImageObject","inLanguage":"es-MX","@id":"https:\/\/compuviper.mx\/tienda\/#\/schema\/logo\/image\/","url":"https:\/\/compuviper.mx\/tienda\/wp-content\/uploads\/2021\/08\/Logo-Compuviper-10.png","contentUrl":"https:\/\/compuviper.mx\/tienda\/wp-content\/uploads\/2021\/08\/Logo-Compuviper-10.png","width":1000,"height":500,"caption":"Compuviper"},"image":{"@id":"https:\/\/compuviper.mx\/tienda\/#\/schema\/logo\/image\/"},"sameAs":["https:\/\/www.facebook.com\/compuviper","https:\/\/www.youtube.com\/channel\/UCf73dERp9Y3cfOq7q8BhLjA?view_as=subscriber"]}]},"product_brand":"Balam Rush","product_price_amount":"293","product_price_currency":"MXN","og_availability":"out of stock","product_availability":"out of stock","product_retailer_item_id":"BR-938556","product_condition":"new"},"_links":{"self":[{"href":"https:\/\/compuviper.mx\/tienda\/wp-json\/wp\/v2\/product\/265037"}],"collection":[{"href":"https:\/\/compuviper.mx\/tienda\/wp-json\/wp\/v2\/product"}],"about":[{"href":"https:\/\/compuviper.mx\/tienda\/wp-json\/wp\/v2\/types\/product"}],"replies":[{"embeddable":true,"href":"https:\/\/compuviper.mx\/tienda\/wp-json\/wp\/v2\/comments?post=265037"}],"wp:attachment":[{"href":"https:\/\/compuviper.mx\/tienda\/wp-json\/wp\/v2\/media?parent=265037"}],"wp:term":[{"taxonomy":"product_cat","embeddable":true,"href":"https:\/\/compuviper.mx\/tienda\/wp-json\/wp\/v2\/product_cat?post=265037"},{"taxonomy":"product_tag","embeddable":true,"href":"https:\/\/compuviper.mx\/tienda\/wp-json\/wp\/v2\/product_tag?post=265037"}],"curies":[{"name":"wp","href":"https:\/\/api.w.org\/{rel}","templated":true}]}}