{"id":265031,"date":"2026-04-08T00:49:09","date_gmt":"2026-04-08T06:49:09","guid":{"rendered":"https:\/\/compuviper.mx\/tienda\/producto\/balam-rush-br-942584-gamepad-kontrol-pocket-g555-control-inalambrico-compatibilidad-nintendo-switch-android-iod13-0-pc-windows-recargable-turbo-y-giroscopio-6-ejes-joytick-rojo\/"},"modified":"2026-04-08T00:49:10","modified_gmt":"2026-04-08T06:49:10","slug":"balam-rush-br-942584-gamepad-kontrol-pocket-g555-control-game-pad-inalambrico-dual-compatible-nintendo-switch-android-ios-win-recargable-joystick-iluminacion-rgb-rojo","status":"publish","type":"product","link":"https:\/\/compuviper.mx\/tienda\/producto\/balam-rush-br-942584-gamepad-kontrol-pocket-g555-control-game-pad-inalambrico-dual-compatible-nintendo-switch-android-ios-win-recargable-joystick-iluminacion-rgb-rojo\/","title":{"rendered":"Balam Rush Br-942584 Gamepad  Kontrol Pocket G555 \/ Control Game Pad \/ Inalambrico Dual \/ Compatible Nintendo Switch, Android, Ios , Win \/ Recargable \/ Joystick \/ Iluminacion Rgb \/ Rojo \/"},"content":{"rendered":"<table class=\"descripcion\">\n<tr>\n<td>Ficha tecnica<\/td>\n<\/tr>\n<tr>\n<td>Kontrol pocket g555<\/td>\n<\/tr>\n<tr>\n<td>\u0095 modelo: br-942584<\/td>\n<\/tr>\n<tr>\n<td>\u0095 color: rojo<\/td>\n<\/tr>\n<tr>\n<td>\u0095 materiales: abs<\/td>\n<\/tr>\n<tr>\n<td>\u0095 dimensiones: 160 x 110 x 55 mm<\/td>\n<\/tr>\n<tr>\n<td>\u0095 peso: 120 g<\/td>\n<\/tr>\n<tr>\n<td>\u0095 compatibilidad : nintendo switch \/ switch lite \/ oled \/<\/td>\n<\/tr>\n<tr>\n<td>Android \/ ios13.0\/ pc windowspuerto de carga: alimentacion- puerto c 5 v- 2 a<\/td>\n<\/tr>\n<tr>\n<td>\u0095 conexion: bluetooth 5.0 dual mode \/ alambrico<\/td>\n<\/tr>\n<tr>\n<td>\u0095 rango:  8 m<\/td>\n<\/tr>\n<tr>\n<td>\u0095 tiempo de carga: 1 &#8211; 1.5 horas<\/td>\n<\/tr>\n<tr>\n<td>\u0095 tiempo de trabajo: 6 &#8211; 10 horas<\/td>\n<\/tr>\n<tr>\n<td>\u0095 iluminacion- rgb<\/td>\n<\/tr>\n<tr>\n<td>\u0095 alimentaci\u00f3n: 5 v &#8211; 1 a<\/td>\n<\/tr>\n<tr>\n<td>\u0095 bateria: 400 mah<\/td>\n<\/tr>\n<tr>\n<td>\u0095 puerto de carga: usb c<\/td>\n<\/tr>\n<\/table>\n","protected":false},"excerpt":{"rendered":"<p>\u0095 multiplataforma: switch, android, ios, pc. \u0095 conexion dual: bluetooth 5.0 \/ usb-c. \u0095 compacto y ligero: 120 g. \u0095 iluminacion rgb: personalizable con un boton. \u0095 bateria duradera: 6\u009610 horas de juego. \u0095 carga rapida: 1\u00961.5 horas. \u0095 vibracion \/ giroscopio: experiencia inmersiva<\/p>\n","protected":false},"featured_media":0,"comment_status":"open","ping_status":"open","template":"","meta":[],"product_cat":[1738,1966],"product_tag":[2097],"acf":[],"yoast_head":"<!-- This site is optimized with the Yoast SEO plugin v21.7 - https:\/\/yoast.com\/wordpress\/plugins\/seo\/ -->\n<title>[ Balam Rush ] &#129351; Br-942584 Gamepad Kontrol Pocket G555 \/ Control Game Pad \/ Inalambrico Dual \/ Compatible Nintendo Switch, Android, Ios , Win \/ Recargable \/ Joystick \/ Iluminacion Rgb \/ Rojo \/<\/title>\n<meta name=\"description\" content=\"Compra Br-942584 Gamepad Kontrol Pocket G555 \/ Control Game Pad \/ Inalambrico Dual \/ Compatible Nintendo Switch, Android, Ios , Win \/ Recargable \/ Joystick \/ Iluminacion Rgb \/ Rojo \/ + Env\u00edo a domicilio + Pago seguro + Garant\u00eda\" \/>\n<meta name=\"robots\" content=\"index, follow, max-snippet:-1, max-image-preview:large, max-video-preview:-1\" \/>\n<link rel=\"canonical\" href=\"https:\/\/compuviper.mx\/tienda\/producto\/balam-rush-br-942584-gamepad-kontrol-pocket-g555-control-game-pad-inalambrico-dual-compatible-nintendo-switch-android-ios-win-recargable-joystick-iluminacion-rgb-rojo\/\" \/>\n<meta property=\"og:locale\" content=\"es_MX\" \/>\n<meta property=\"og:type\" content=\"article\" \/>\n<meta property=\"og:title\" content=\"[ Balam Rush ] &#129351; Br-942584 Gamepad Kontrol Pocket G555 \/ Control Game Pad \/ Inalambrico Dual \/ Compatible Nintendo Switch, Android, Ios , Win \/ Recargable \/ Joystick \/ Iluminacion Rgb \/ Rojo \/\" \/>\n<meta property=\"og:description\" content=\"Compra Br-942584 Gamepad Kontrol Pocket G555 \/ Control Game Pad \/ Inalambrico Dual \/ Compatible Nintendo Switch, Android, Ios , Win \/ Recargable \/ Joystick \/ Iluminacion Rgb \/ Rojo \/ + Env\u00edo a domicilio + Pago seguro + Garant\u00eda\" \/>\n<meta property=\"og:url\" content=\"https:\/\/compuviper.mx\/tienda\/producto\/balam-rush-br-942584-gamepad-kontrol-pocket-g555-control-game-pad-inalambrico-dual-compatible-nintendo-switch-android-ios-win-recargable-joystick-iluminacion-rgb-rojo\/\" \/>\n<meta property=\"og:site_name\" content=\"Compuviper\" \/>\n<meta property=\"article:publisher\" content=\"https:\/\/www.facebook.com\/compuviper\" \/>\n<meta property=\"article:modified_time\" content=\"2026-04-08T06:49:10+00:00\" \/>\n<meta name=\"twitter:card\" content=\"summary_large_image\" \/>\n<meta name=\"twitter:label1\" content=\"Precio\" \/>\n\t<meta name=\"twitter:data1\" content=\"&#36;286 con IVA\" \/>\n\t<meta name=\"twitter:label2\" content=\"Availability\" \/>\n\t<meta name=\"twitter:data2\" content=\"Out of stock\" \/>\n<script type=\"application\/ld+json\" class=\"yoast-schema-graph\">{\"@context\":\"https:\/\/schema.org\",\"@graph\":[{\"@type\":\"WebPage\",\"@id\":\"https:\/\/compuviper.mx\/tienda\/producto\/balam-rush-br-942584-gamepad-kontrol-pocket-g555-control-game-pad-inalambrico-dual-compatible-nintendo-switch-android-ios-win-recargable-joystick-iluminacion-rgb-rojo\/\",\"url\":\"https:\/\/compuviper.mx\/tienda\/producto\/balam-rush-br-942584-gamepad-kontrol-pocket-g555-control-game-pad-inalambrico-dual-compatible-nintendo-switch-android-ios-win-recargable-joystick-iluminacion-rgb-rojo\/\",\"name\":\"[ Balam Rush ] &#129351; Br-942584 Gamepad Kontrol Pocket G555 \/ Control Game Pad \/ Inalambrico Dual \/ Compatible Nintendo Switch, Android, Ios , Win \/ Recargable \/ Joystick \/ Iluminacion Rgb \/ Rojo \/\",\"isPartOf\":{\"@id\":\"https:\/\/compuviper.mx\/tienda\/#website\"},\"datePublished\":\"2026-04-08T06:49:09+00:00\",\"dateModified\":\"2026-04-08T06:49:10+00:00\",\"description\":\"Compra Br-942584 Gamepad Kontrol Pocket G555 \/ Control Game Pad \/ Inalambrico Dual \/ Compatible Nintendo Switch, Android, Ios , Win \/ Recargable \/ Joystick \/ Iluminacion Rgb \/ Rojo \/ + Env\u00edo a domicilio + Pago seguro + Garant\u00eda\",\"breadcrumb\":{\"@id\":\"https:\/\/compuviper.mx\/tienda\/producto\/balam-rush-br-942584-gamepad-kontrol-pocket-g555-control-game-pad-inalambrico-dual-compatible-nintendo-switch-android-ios-win-recargable-joystick-iluminacion-rgb-rojo\/#breadcrumb\"},\"inLanguage\":\"es-MX\",\"potentialAction\":[{\"@type\":\"ReadAction\",\"target\":[\"https:\/\/compuviper.mx\/tienda\/producto\/balam-rush-br-942584-gamepad-kontrol-pocket-g555-control-game-pad-inalambrico-dual-compatible-nintendo-switch-android-ios-win-recargable-joystick-iluminacion-rgb-rojo\/\"]}]},{\"@type\":\"BreadcrumbList\",\"@id\":\"https:\/\/compuviper.mx\/tienda\/producto\/balam-rush-br-942584-gamepad-kontrol-pocket-g555-control-game-pad-inalambrico-dual-compatible-nintendo-switch-android-ios-win-recargable-joystick-iluminacion-rgb-rojo\/#breadcrumb\",\"itemListElement\":[{\"@type\":\"ListItem\",\"position\":1,\"name\":\"Inicio\",\"item\":\"https:\/\/compuviper.mx\/tienda\/\"},{\"@type\":\"ListItem\",\"position\":2,\"name\":\"Productos\",\"item\":\"https:\/\/compuviper.mx\/tienda\/productos\/\"},{\"@type\":\"ListItem\",\"position\":3,\"name\":\"Games\",\"item\":\"https:\/\/compuviper.mx\/tienda\/categoria-producto\/games\/\"},{\"@type\":\"ListItem\",\"position\":4,\"name\":\"Game Pad\",\"item\":\"https:\/\/compuviper.mx\/tienda\/categoria-producto\/games\/game-pad\/\"},{\"@type\":\"ListItem\",\"position\":5,\"name\":\"Balam Rush Br-942584 Gamepad Kontrol Pocket G555 \/ Control Game Pad \/ Inalambrico Dual \/ Compatible Nintendo Switch, Android, Ios , Win \/ Recargable \/ Joystick \/ Iluminacion Rgb \/ Rojo \/\"}]},{\"@type\":\"WebSite\",\"@id\":\"https:\/\/compuviper.mx\/tienda\/#website\",\"url\":\"https:\/\/compuviper.mx\/tienda\/\",\"name\":\"Compuviper\",\"description\":\"Proveedor de Computadoras, Laptops, Servidores, Monitores, Puntos de Venta, Teclados,   Impresoras, T\u00f3ner, C\u00e1maras de Seguridad y m\u00e1s en tu tienda en l\u00ednea\",\"publisher\":{\"@id\":\"https:\/\/compuviper.mx\/tienda\/#organization\"},\"potentialAction\":[{\"@type\":\"SearchAction\",\"target\":{\"@type\":\"EntryPoint\",\"urlTemplate\":\"https:\/\/compuviper.mx\/tienda\/?s={search_term_string}\"},\"query-input\":\"required name=search_term_string\"}],\"inLanguage\":\"es-MX\"},{\"@type\":\"Organization\",\"@id\":\"https:\/\/compuviper.mx\/tienda\/#organization\",\"name\":\"Compuviper\",\"url\":\"https:\/\/compuviper.mx\/tienda\/\",\"logo\":{\"@type\":\"ImageObject\",\"inLanguage\":\"es-MX\",\"@id\":\"https:\/\/compuviper.mx\/tienda\/#\/schema\/logo\/image\/\",\"url\":\"https:\/\/compuviper.mx\/tienda\/wp-content\/uploads\/2021\/08\/Logo-Compuviper-10.png\",\"contentUrl\":\"https:\/\/compuviper.mx\/tienda\/wp-content\/uploads\/2021\/08\/Logo-Compuviper-10.png\",\"width\":1000,\"height\":500,\"caption\":\"Compuviper\"},\"image\":{\"@id\":\"https:\/\/compuviper.mx\/tienda\/#\/schema\/logo\/image\/\"},\"sameAs\":[\"https:\/\/www.facebook.com\/compuviper\",\"https:\/\/www.youtube.com\/channel\/UCf73dERp9Y3cfOq7q8BhLjA?view_as=subscriber\"]}]}<\/script>\n<meta property=\"product:brand\" content=\"Balam Rush\" \/>\n<meta property=\"product:price:amount\" content=\"286\" \/>\n<meta property=\"product:price:currency\" content=\"MXN\" \/>\n<meta property=\"og:availability\" content=\"out of stock\" \/>\n<meta property=\"product:availability\" content=\"out of stock\" \/>\n<meta property=\"product:retailer_item_id\" content=\"BR-942584\" \/>\n<meta property=\"product:condition\" content=\"new\" \/>\n<!-- \/ Yoast SEO plugin. -->","yoast_head_json":{"title":"[ Balam Rush ] &#129351; Br-942584 Gamepad Kontrol Pocket G555 \/ Control Game Pad \/ Inalambrico Dual \/ Compatible Nintendo Switch, Android, Ios , Win \/ Recargable \/ Joystick \/ Iluminacion Rgb \/ Rojo \/","description":"Compra Br-942584 Gamepad Kontrol Pocket G555 \/ Control Game Pad \/ Inalambrico Dual \/ Compatible Nintendo Switch, Android, Ios , Win \/ Recargable \/ Joystick \/ Iluminacion Rgb \/ Rojo \/ + Env\u00edo a domicilio + Pago seguro + Garant\u00eda","robots":{"index":"index","follow":"follow","max-snippet":"max-snippet:-1","max-image-preview":"max-image-preview:large","max-video-preview":"max-video-preview:-1"},"canonical":"https:\/\/compuviper.mx\/tienda\/producto\/balam-rush-br-942584-gamepad-kontrol-pocket-g555-control-game-pad-inalambrico-dual-compatible-nintendo-switch-android-ios-win-recargable-joystick-iluminacion-rgb-rojo\/","og_locale":"es_MX","og_type":"article","og_title":"[ Balam Rush ] &#129351; Br-942584 Gamepad Kontrol Pocket G555 \/ Control Game Pad \/ Inalambrico Dual \/ Compatible Nintendo Switch, Android, Ios , Win \/ Recargable \/ Joystick \/ Iluminacion Rgb \/ Rojo \/","og_description":"Compra Br-942584 Gamepad Kontrol Pocket G555 \/ Control Game Pad \/ Inalambrico Dual \/ Compatible Nintendo Switch, Android, Ios , Win \/ Recargable \/ Joystick \/ Iluminacion Rgb \/ Rojo \/ + Env\u00edo a domicilio + Pago seguro + Garant\u00eda","og_url":"https:\/\/compuviper.mx\/tienda\/producto\/balam-rush-br-942584-gamepad-kontrol-pocket-g555-control-game-pad-inalambrico-dual-compatible-nintendo-switch-android-ios-win-recargable-joystick-iluminacion-rgb-rojo\/","og_site_name":"Compuviper","article_publisher":"https:\/\/www.facebook.com\/compuviper","article_modified_time":"2026-04-08T06:49:10+00:00","twitter_card":"summary_large_image","twitter_misc":{"Precio":"&#36;286 con IVA","Availability":"Out of stock"},"schema":{"@context":"https:\/\/schema.org","@graph":[{"@type":"WebPage","@id":"https:\/\/compuviper.mx\/tienda\/producto\/balam-rush-br-942584-gamepad-kontrol-pocket-g555-control-game-pad-inalambrico-dual-compatible-nintendo-switch-android-ios-win-recargable-joystick-iluminacion-rgb-rojo\/","url":"https:\/\/compuviper.mx\/tienda\/producto\/balam-rush-br-942584-gamepad-kontrol-pocket-g555-control-game-pad-inalambrico-dual-compatible-nintendo-switch-android-ios-win-recargable-joystick-iluminacion-rgb-rojo\/","name":"[ Balam Rush ] &#129351; Br-942584 Gamepad Kontrol Pocket G555 \/ Control Game Pad \/ Inalambrico Dual \/ Compatible Nintendo Switch, Android, Ios , Win \/ Recargable \/ Joystick \/ Iluminacion Rgb \/ Rojo \/","isPartOf":{"@id":"https:\/\/compuviper.mx\/tienda\/#website"},"datePublished":"2026-04-08T06:49:09+00:00","dateModified":"2026-04-08T06:49:10+00:00","description":"Compra Br-942584 Gamepad Kontrol Pocket G555 \/ Control Game Pad \/ Inalambrico Dual \/ Compatible Nintendo Switch, Android, Ios , Win \/ Recargable \/ Joystick \/ Iluminacion Rgb \/ Rojo \/ + Env\u00edo a domicilio + Pago seguro + Garant\u00eda","breadcrumb":{"@id":"https:\/\/compuviper.mx\/tienda\/producto\/balam-rush-br-942584-gamepad-kontrol-pocket-g555-control-game-pad-inalambrico-dual-compatible-nintendo-switch-android-ios-win-recargable-joystick-iluminacion-rgb-rojo\/#breadcrumb"},"inLanguage":"es-MX","potentialAction":[{"@type":"ReadAction","target":["https:\/\/compuviper.mx\/tienda\/producto\/balam-rush-br-942584-gamepad-kontrol-pocket-g555-control-game-pad-inalambrico-dual-compatible-nintendo-switch-android-ios-win-recargable-joystick-iluminacion-rgb-rojo\/"]}]},{"@type":"BreadcrumbList","@id":"https:\/\/compuviper.mx\/tienda\/producto\/balam-rush-br-942584-gamepad-kontrol-pocket-g555-control-game-pad-inalambrico-dual-compatible-nintendo-switch-android-ios-win-recargable-joystick-iluminacion-rgb-rojo\/#breadcrumb","itemListElement":[{"@type":"ListItem","position":1,"name":"Inicio","item":"https:\/\/compuviper.mx\/tienda\/"},{"@type":"ListItem","position":2,"name":"Productos","item":"https:\/\/compuviper.mx\/tienda\/productos\/"},{"@type":"ListItem","position":3,"name":"Games","item":"https:\/\/compuviper.mx\/tienda\/categoria-producto\/games\/"},{"@type":"ListItem","position":4,"name":"Game Pad","item":"https:\/\/compuviper.mx\/tienda\/categoria-producto\/games\/game-pad\/"},{"@type":"ListItem","position":5,"name":"Balam Rush Br-942584 Gamepad Kontrol Pocket G555 \/ Control Game Pad \/ Inalambrico Dual \/ Compatible Nintendo Switch, Android, Ios , Win \/ Recargable \/ Joystick \/ Iluminacion Rgb \/ Rojo \/"}]},{"@type":"WebSite","@id":"https:\/\/compuviper.mx\/tienda\/#website","url":"https:\/\/compuviper.mx\/tienda\/","name":"Compuviper","description":"Proveedor de Computadoras, Laptops, Servidores, Monitores, Puntos de Venta, Teclados,   Impresoras, T\u00f3ner, C\u00e1maras de Seguridad y m\u00e1s en tu tienda en l\u00ednea","publisher":{"@id":"https:\/\/compuviper.mx\/tienda\/#organization"},"potentialAction":[{"@type":"SearchAction","target":{"@type":"EntryPoint","urlTemplate":"https:\/\/compuviper.mx\/tienda\/?s={search_term_string}"},"query-input":"required name=search_term_string"}],"inLanguage":"es-MX"},{"@type":"Organization","@id":"https:\/\/compuviper.mx\/tienda\/#organization","name":"Compuviper","url":"https:\/\/compuviper.mx\/tienda\/","logo":{"@type":"ImageObject","inLanguage":"es-MX","@id":"https:\/\/compuviper.mx\/tienda\/#\/schema\/logo\/image\/","url":"https:\/\/compuviper.mx\/tienda\/wp-content\/uploads\/2021\/08\/Logo-Compuviper-10.png","contentUrl":"https:\/\/compuviper.mx\/tienda\/wp-content\/uploads\/2021\/08\/Logo-Compuviper-10.png","width":1000,"height":500,"caption":"Compuviper"},"image":{"@id":"https:\/\/compuviper.mx\/tienda\/#\/schema\/logo\/image\/"},"sameAs":["https:\/\/www.facebook.com\/compuviper","https:\/\/www.youtube.com\/channel\/UCf73dERp9Y3cfOq7q8BhLjA?view_as=subscriber"]}]},"product_brand":"Balam Rush","product_price_amount":"286","product_price_currency":"MXN","og_availability":"out of stock","product_availability":"out of stock","product_retailer_item_id":"BR-942584","product_condition":"new"},"_links":{"self":[{"href":"https:\/\/compuviper.mx\/tienda\/wp-json\/wp\/v2\/product\/265031"}],"collection":[{"href":"https:\/\/compuviper.mx\/tienda\/wp-json\/wp\/v2\/product"}],"about":[{"href":"https:\/\/compuviper.mx\/tienda\/wp-json\/wp\/v2\/types\/product"}],"replies":[{"embeddable":true,"href":"https:\/\/compuviper.mx\/tienda\/wp-json\/wp\/v2\/comments?post=265031"}],"wp:attachment":[{"href":"https:\/\/compuviper.mx\/tienda\/wp-json\/wp\/v2\/media?parent=265031"}],"wp:term":[{"taxonomy":"product_cat","embeddable":true,"href":"https:\/\/compuviper.mx\/tienda\/wp-json\/wp\/v2\/product_cat?post=265031"},{"taxonomy":"product_tag","embeddable":true,"href":"https:\/\/compuviper.mx\/tienda\/wp-json\/wp\/v2\/product_tag?post=265031"}],"curies":[{"name":"wp","href":"https:\/\/api.w.org\/{rel}","templated":true}]}}