{"id":265029,"date":"2026-04-21T00:53:07","date_gmt":"2026-04-21T06:53:07","guid":{"rendered":"https:\/\/compuviper.mx\/tienda\/producto\/balam-rush-br-942492-teclado-gamer-defeat-level-gk3-teclado-mecanico-gasket-inalambrico-espaol-iluminacion-rgb-pantalla-inteligente-ips-1-14-pulgadas-smart-knob-negro\/"},"modified":"2026-04-21T00:53:07","modified_gmt":"2026-04-21T06:53:07","slug":"balam-rush-br-942492-teclado-gamer-defeat-level-gk3-inalambrico-mecanico-gasket-espaol-iluminacion-rgb-pantalla-inteligente-ips-1-14-pulg-smart-knob-qwerty-negro","status":"publish","type":"product","link":"https:\/\/compuviper.mx\/tienda\/producto\/balam-rush-br-942492-teclado-gamer-defeat-level-gk3-inalambrico-mecanico-gasket-espaol-iluminacion-rgb-pantalla-inteligente-ips-1-14-pulg-smart-knob-qwerty-negro\/","title":{"rendered":"Balam Rush Br-942492 Teclado Gamer  Defeat Level Gk3 \/ Inalambrico \/ Mecanico Gasket \/ Espa?ol \/ Iluminacion Rgb \/ Pantalla Inteligente Ips 1.14 Pulg \/ Smart Knob \/ Qwerty \/ Negro \/"},"content":{"rendered":"<table class=\"descripcion\">\n<tr>\n<td>Ficha tecnica<\/td>\n<\/tr>\n<tr>\n<td>Teclado mecanico gasket<\/td>\n<\/tr>\n<tr>\n<td>\u0095 modelo: br-942492<\/td>\n<\/tr>\n<tr>\n<td>\u0095 materiales: abs \/ metal \/ pbt<\/td>\n<\/tr>\n<tr>\n<td>\u0095 dimensiones: 40.8 x 14.2 x 4.3 cm<\/td>\n<\/tr>\n<tr>\n<td>\u0095 peso: 930 g<\/td>\n<\/tr>\n<tr>\n<td>\u0095 compatibilidad win \/ mac \/ android<\/td>\n<\/tr>\n<tr>\n<td>\u0095 idioma: espanol<\/td>\n<\/tr>\n<tr>\n<td>\u0095 formato: 90 porciento qwerty<\/td>\n<\/tr>\n<tr>\n<td>\u0095 tipo de teclado: mecanico<\/td>\n<\/tr>\n<tr>\n<td>\u0095 tipo de switch : ktt cream yellow pro<\/td>\n<\/tr>\n<tr>\n<td>\u0095 fabricacion de teclas: pbt<\/td>\n<\/tr>\n<tr>\n<td>\u0095 anti-ghosting: full anti-ghosting<\/td>\n<\/tr>\n<tr>\n<td>\u0095 numero de teclas totales: 99 \/ 1 knob<\/td>\n<\/tr>\n<tr>\n<td>\u0095 teclas multimedia: fn<\/td>\n<\/tr>\n<tr>\n<td>\u0095 conectividad: 2.4 ghz \/ bt 5.1 \/ alambrico<\/td>\n<\/tr>\n<tr>\n<td>Frecuencia de respuesta:<\/td>\n<\/tr>\n<tr>\n<td>\u0095 alambrica : 1000 hz<\/td>\n<\/tr>\n<tr>\n<td>\u0095 inalambrica: 2.4 g &#8211; 1000 hz &#8211; bt &#8211; 125 hz<\/td>\n<\/tr>\n<tr>\n<td>Inalambrico<\/td>\n<\/tr>\n<tr>\n<td>\u0095 distancia maxima: 10 m<\/td>\n<\/tr>\n<tr>\n<td>\u0095 emparejamiento de multiples dispositivos: 5 dispositivos<\/td>\n<\/tr>\n<tr>\n<td>Iluminacion<\/td>\n<\/tr>\n<tr>\n<td>\u0095 tipo: rgb<\/td>\n<\/tr>\n<tr>\n<td>\u0095 control de modos: smart knob<\/td>\n<\/tr>\n<tr>\n<td>\u0095 modos: 16 modos<\/td>\n<\/tr>\n<tr>\n<td>\u0095 niveles de velocidad: 5 niveles<\/td>\n<\/tr>\n<tr>\n<td>\u0095 niveles de brillo: 5 niveles<\/td>\n<\/tr>\n<tr>\n<td>       caracteristicas electricas<\/td>\n<\/tr>\n<tr>\n<td>\u0095 caracteristicas electricas: 5 v- 1 a<\/td>\n<\/tr>\n<tr>\n<td>\u0095 bateria: 4000 mah<\/td>\n<\/tr>\n<tr>\n<td>\u0095 duracion de bateria: 35 h con rgb encendido, 600 h con rgb apagado<\/td>\n<\/tr>\n<tr>\n<td>\u0095 tiempo de carga: 4 horas<\/td>\n<\/tr>\n<tr>\n<td>\u0095 altura ajustable: 3 niveles<\/td>\n<\/tr>\n<\/table>\n","protected":false},"excerpt":{"rendered":"<p>Potencia y estilo. En cada tecla. Teclado mecanico con montaje gasket de 5. Capas que combina solidez y comodidad con. Sus keycaps pbt de triple color y un peso de. 930 g que asegura estabilidad en cada. Pulsacion. Disfruta de su conectividad versatil. (usb-c, bluetooth y dongle inalambrico) y su. Bateria de 4000 mah que ofrecen hasta 35 h. De uso continuo con rgb encendido y 600 h. Con rgb apagado, para que juegues o trabajes. Sin interrupciones y con un desempeno. Confiable en todo momento. Control total en. Tus manos. Con sus 99 teclas y 1 knob. Controla musica, brillo o. Configuraciones rapidas con. Fluidez, ideal para mantenerte. Concentrado en cada partida. O tarea.<\/p>\n","protected":false},"featured_media":0,"comment_status":"open","ping_status":"open","template":"","meta":[],"product_cat":[1713,1718],"product_tag":[2097],"acf":[],"yoast_head":"<!-- This site is optimized with the Yoast SEO plugin v21.7 - https:\/\/yoast.com\/wordpress\/plugins\/seo\/ -->\n<title>[ Balam Rush ] &#129351; Br-942492 Teclado Gamer Defeat Level Gk3 \/ Inalambrico \/ Mecanico Gasket \/ Espa\u00f1ol \/ Iluminacion Rgb \/ Pantalla Inteligente Ips 1.14 Pulg \/ Smart Knob \/ Qwerty \/ Negro \/<\/title>\n<meta name=\"description\" content=\"Compra Br-942492 Teclado Gamer Defeat Level Gk3 \/ Inalambrico \/ Mecanico Gasket \/ Espa\u00f1ol \/ Iluminacion Rgb \/ Pantalla Inteligente Ips 1.14 Pulg \/ Smart Knob \/ Qwerty \/ Negro \/ + Env\u00edo a domicilio + Pago seguro + Garant\u00eda\" \/>\n<meta name=\"robots\" content=\"index, follow, max-snippet:-1, max-image-preview:large, max-video-preview:-1\" \/>\n<link rel=\"canonical\" href=\"https:\/\/compuviper.mx\/tienda\/producto\/balam-rush-br-942492-teclado-gamer-defeat-level-gk3-inalambrico-mecanico-gasket-espaol-iluminacion-rgb-pantalla-inteligente-ips-1-14-pulg-smart-knob-qwerty-negro\/\" \/>\n<meta property=\"og:locale\" content=\"es_MX\" \/>\n<meta property=\"og:type\" content=\"article\" \/>\n<meta property=\"og:title\" content=\"[ Balam Rush ] &#129351; Br-942492 Teclado Gamer Defeat Level Gk3 \/ Inalambrico \/ Mecanico Gasket \/ Espa\u00f1ol \/ Iluminacion Rgb \/ Pantalla Inteligente Ips 1.14 Pulg \/ Smart Knob \/ Qwerty \/ Negro \/\" \/>\n<meta property=\"og:description\" content=\"Compra Br-942492 Teclado Gamer Defeat Level Gk3 \/ Inalambrico \/ Mecanico Gasket \/ Espa\u00f1ol \/ Iluminacion Rgb \/ Pantalla Inteligente Ips 1.14 Pulg \/ Smart Knob \/ Qwerty \/ Negro \/ + Env\u00edo a domicilio + Pago seguro + Garant\u00eda\" \/>\n<meta property=\"og:url\" content=\"https:\/\/compuviper.mx\/tienda\/producto\/balam-rush-br-942492-teclado-gamer-defeat-level-gk3-inalambrico-mecanico-gasket-espaol-iluminacion-rgb-pantalla-inteligente-ips-1-14-pulg-smart-knob-qwerty-negro\/\" \/>\n<meta property=\"og:site_name\" content=\"Compuviper\" \/>\n<meta property=\"article:publisher\" content=\"https:\/\/www.facebook.com\/compuviper\" \/>\n<meta name=\"twitter:card\" content=\"summary_large_image\" \/>\n<meta name=\"twitter:label1\" content=\"Precio\" \/>\n\t<meta name=\"twitter:data1\" content=\"&#36;1,194 &#36;1,075 con IVA\" \/>\n\t<meta name=\"twitter:label2\" content=\"Availability\" \/>\n\t<meta name=\"twitter:data2\" content=\"Out of stock\" \/>\n<script type=\"application\/ld+json\" class=\"yoast-schema-graph\">{\"@context\":\"https:\/\/schema.org\",\"@graph\":[{\"@type\":\"WebPage\",\"@id\":\"https:\/\/compuviper.mx\/tienda\/producto\/balam-rush-br-942492-teclado-gamer-defeat-level-gk3-inalambrico-mecanico-gasket-espaol-iluminacion-rgb-pantalla-inteligente-ips-1-14-pulg-smart-knob-qwerty-negro\/\",\"url\":\"https:\/\/compuviper.mx\/tienda\/producto\/balam-rush-br-942492-teclado-gamer-defeat-level-gk3-inalambrico-mecanico-gasket-espaol-iluminacion-rgb-pantalla-inteligente-ips-1-14-pulg-smart-knob-qwerty-negro\/\",\"name\":\"[ Balam Rush ] &#129351; Br-942492 Teclado Gamer Defeat Level Gk3 \/ Inalambrico \/ Mecanico Gasket \/ Espa\u00f1ol \/ Iluminacion Rgb \/ Pantalla Inteligente Ips 1.14 Pulg \/ Smart Knob \/ Qwerty \/ Negro \/\",\"isPartOf\":{\"@id\":\"https:\/\/compuviper.mx\/tienda\/#website\"},\"datePublished\":\"2026-04-21T06:53:07+00:00\",\"dateModified\":\"2026-04-21T06:53:07+00:00\",\"description\":\"Compra Br-942492 Teclado Gamer Defeat Level Gk3 \/ Inalambrico \/ Mecanico Gasket \/ Espa\u00f1ol \/ Iluminacion Rgb \/ Pantalla Inteligente Ips 1.14 Pulg \/ Smart Knob \/ Qwerty \/ Negro \/ + Env\u00edo a domicilio + Pago seguro + Garant\u00eda\",\"breadcrumb\":{\"@id\":\"https:\/\/compuviper.mx\/tienda\/producto\/balam-rush-br-942492-teclado-gamer-defeat-level-gk3-inalambrico-mecanico-gasket-espaol-iluminacion-rgb-pantalla-inteligente-ips-1-14-pulg-smart-knob-qwerty-negro\/#breadcrumb\"},\"inLanguage\":\"es-MX\",\"potentialAction\":[{\"@type\":\"ReadAction\",\"target\":[\"https:\/\/compuviper.mx\/tienda\/producto\/balam-rush-br-942492-teclado-gamer-defeat-level-gk3-inalambrico-mecanico-gasket-espaol-iluminacion-rgb-pantalla-inteligente-ips-1-14-pulg-smart-knob-qwerty-negro\/\"]}]},{\"@type\":\"BreadcrumbList\",\"@id\":\"https:\/\/compuviper.mx\/tienda\/producto\/balam-rush-br-942492-teclado-gamer-defeat-level-gk3-inalambrico-mecanico-gasket-espaol-iluminacion-rgb-pantalla-inteligente-ips-1-14-pulg-smart-knob-qwerty-negro\/#breadcrumb\",\"itemListElement\":[{\"@type\":\"ListItem\",\"position\":1,\"name\":\"Inicio\",\"item\":\"https:\/\/compuviper.mx\/tienda\/\"},{\"@type\":\"ListItem\",\"position\":2,\"name\":\"Productos\",\"item\":\"https:\/\/compuviper.mx\/tienda\/productos\/\"},{\"@type\":\"ListItem\",\"position\":3,\"name\":\"Teclados\",\"item\":\"https:\/\/compuviper.mx\/tienda\/categoria-producto\/teclados\/\"},{\"@type\":\"ListItem\",\"position\":4,\"name\":\"Gamers\",\"item\":\"https:\/\/compuviper.mx\/tienda\/categoria-producto\/teclados\/gamers\/\"},{\"@type\":\"ListItem\",\"position\":5,\"name\":\"Balam Rush Br-942492 Teclado Gamer Defeat Level Gk3 \/ Inalambrico \/ Mecanico Gasket \/ Espa?ol \/ Iluminacion Rgb \/ Pantalla Inteligente Ips 1.14 Pulg \/ Smart Knob \/ Qwerty \/ Negro \/\"}]},{\"@type\":\"WebSite\",\"@id\":\"https:\/\/compuviper.mx\/tienda\/#website\",\"url\":\"https:\/\/compuviper.mx\/tienda\/\",\"name\":\"Compuviper\",\"description\":\"Proveedor de Computadoras, Laptops, Servidores, Monitores, Puntos de Venta, Teclados,   Impresoras, T\u00f3ner, C\u00e1maras de Seguridad y m\u00e1s en tu tienda en l\u00ednea\",\"publisher\":{\"@id\":\"https:\/\/compuviper.mx\/tienda\/#organization\"},\"potentialAction\":[{\"@type\":\"SearchAction\",\"target\":{\"@type\":\"EntryPoint\",\"urlTemplate\":\"https:\/\/compuviper.mx\/tienda\/?s={search_term_string}\"},\"query-input\":\"required name=search_term_string\"}],\"inLanguage\":\"es-MX\"},{\"@type\":\"Organization\",\"@id\":\"https:\/\/compuviper.mx\/tienda\/#organization\",\"name\":\"Compuviper\",\"url\":\"https:\/\/compuviper.mx\/tienda\/\",\"logo\":{\"@type\":\"ImageObject\",\"inLanguage\":\"es-MX\",\"@id\":\"https:\/\/compuviper.mx\/tienda\/#\/schema\/logo\/image\/\",\"url\":\"https:\/\/compuviper.mx\/tienda\/wp-content\/uploads\/2021\/08\/Logo-Compuviper-10.png\",\"contentUrl\":\"https:\/\/compuviper.mx\/tienda\/wp-content\/uploads\/2021\/08\/Logo-Compuviper-10.png\",\"width\":1000,\"height\":500,\"caption\":\"Compuviper\"},\"image\":{\"@id\":\"https:\/\/compuviper.mx\/tienda\/#\/schema\/logo\/image\/\"},\"sameAs\":[\"https:\/\/www.facebook.com\/compuviper\",\"https:\/\/www.youtube.com\/channel\/UCf73dERp9Y3cfOq7q8BhLjA?view_as=subscriber\"]}]}<\/script>\n<meta property=\"product:brand\" content=\"Balam Rush\" \/>\n<meta property=\"product:price:amount\" content=\"1075\" \/>\n<meta property=\"product:price:currency\" content=\"MXN\" \/>\n<meta property=\"og:availability\" content=\"out of stock\" \/>\n<meta property=\"product:availability\" content=\"out of stock\" \/>\n<meta property=\"product:retailer_item_id\" content=\"BR-942492\" \/>\n<meta property=\"product:condition\" content=\"new\" \/>\n<!-- \/ Yoast SEO plugin. -->","yoast_head_json":{"title":"[ Balam Rush ] &#129351; Br-942492 Teclado Gamer Defeat Level Gk3 \/ Inalambrico \/ Mecanico Gasket \/ Espa\u00f1ol \/ Iluminacion Rgb \/ Pantalla Inteligente Ips 1.14 Pulg \/ Smart Knob \/ Qwerty \/ Negro \/","description":"Compra Br-942492 Teclado Gamer Defeat Level Gk3 \/ Inalambrico \/ Mecanico Gasket \/ Espa\u00f1ol \/ Iluminacion Rgb \/ Pantalla Inteligente Ips 1.14 Pulg \/ Smart Knob \/ Qwerty \/ Negro \/ + Env\u00edo a domicilio + Pago seguro + Garant\u00eda","robots":{"index":"index","follow":"follow","max-snippet":"max-snippet:-1","max-image-preview":"max-image-preview:large","max-video-preview":"max-video-preview:-1"},"canonical":"https:\/\/compuviper.mx\/tienda\/producto\/balam-rush-br-942492-teclado-gamer-defeat-level-gk3-inalambrico-mecanico-gasket-espaol-iluminacion-rgb-pantalla-inteligente-ips-1-14-pulg-smart-knob-qwerty-negro\/","og_locale":"es_MX","og_type":"article","og_title":"[ Balam Rush ] &#129351; Br-942492 Teclado Gamer Defeat Level Gk3 \/ Inalambrico \/ Mecanico Gasket \/ Espa\u00f1ol \/ Iluminacion Rgb \/ Pantalla Inteligente Ips 1.14 Pulg \/ Smart Knob \/ Qwerty \/ Negro \/","og_description":"Compra Br-942492 Teclado Gamer Defeat Level Gk3 \/ Inalambrico \/ Mecanico Gasket \/ Espa\u00f1ol \/ Iluminacion Rgb \/ Pantalla Inteligente Ips 1.14 Pulg \/ Smart Knob \/ Qwerty \/ Negro \/ + Env\u00edo a domicilio + Pago seguro + Garant\u00eda","og_url":"https:\/\/compuviper.mx\/tienda\/producto\/balam-rush-br-942492-teclado-gamer-defeat-level-gk3-inalambrico-mecanico-gasket-espaol-iluminacion-rgb-pantalla-inteligente-ips-1-14-pulg-smart-knob-qwerty-negro\/","og_site_name":"Compuviper","article_publisher":"https:\/\/www.facebook.com\/compuviper","twitter_card":"summary_large_image","twitter_misc":{"Precio":"&#36;1,194 &#36;1,075 con IVA","Availability":"Out of stock"},"schema":{"@context":"https:\/\/schema.org","@graph":[{"@type":"WebPage","@id":"https:\/\/compuviper.mx\/tienda\/producto\/balam-rush-br-942492-teclado-gamer-defeat-level-gk3-inalambrico-mecanico-gasket-espaol-iluminacion-rgb-pantalla-inteligente-ips-1-14-pulg-smart-knob-qwerty-negro\/","url":"https:\/\/compuviper.mx\/tienda\/producto\/balam-rush-br-942492-teclado-gamer-defeat-level-gk3-inalambrico-mecanico-gasket-espaol-iluminacion-rgb-pantalla-inteligente-ips-1-14-pulg-smart-knob-qwerty-negro\/","name":"[ Balam Rush ] &#129351; Br-942492 Teclado Gamer Defeat Level Gk3 \/ Inalambrico \/ Mecanico Gasket \/ Espa\u00f1ol \/ Iluminacion Rgb \/ Pantalla Inteligente Ips 1.14 Pulg \/ Smart Knob \/ Qwerty \/ Negro \/","isPartOf":{"@id":"https:\/\/compuviper.mx\/tienda\/#website"},"datePublished":"2026-04-21T06:53:07+00:00","dateModified":"2026-04-21T06:53:07+00:00","description":"Compra Br-942492 Teclado Gamer Defeat Level Gk3 \/ Inalambrico \/ Mecanico Gasket \/ Espa\u00f1ol \/ Iluminacion Rgb \/ Pantalla Inteligente Ips 1.14 Pulg \/ Smart Knob \/ Qwerty \/ Negro \/ + Env\u00edo a domicilio + Pago seguro + Garant\u00eda","breadcrumb":{"@id":"https:\/\/compuviper.mx\/tienda\/producto\/balam-rush-br-942492-teclado-gamer-defeat-level-gk3-inalambrico-mecanico-gasket-espaol-iluminacion-rgb-pantalla-inteligente-ips-1-14-pulg-smart-knob-qwerty-negro\/#breadcrumb"},"inLanguage":"es-MX","potentialAction":[{"@type":"ReadAction","target":["https:\/\/compuviper.mx\/tienda\/producto\/balam-rush-br-942492-teclado-gamer-defeat-level-gk3-inalambrico-mecanico-gasket-espaol-iluminacion-rgb-pantalla-inteligente-ips-1-14-pulg-smart-knob-qwerty-negro\/"]}]},{"@type":"BreadcrumbList","@id":"https:\/\/compuviper.mx\/tienda\/producto\/balam-rush-br-942492-teclado-gamer-defeat-level-gk3-inalambrico-mecanico-gasket-espaol-iluminacion-rgb-pantalla-inteligente-ips-1-14-pulg-smart-knob-qwerty-negro\/#breadcrumb","itemListElement":[{"@type":"ListItem","position":1,"name":"Inicio","item":"https:\/\/compuviper.mx\/tienda\/"},{"@type":"ListItem","position":2,"name":"Productos","item":"https:\/\/compuviper.mx\/tienda\/productos\/"},{"@type":"ListItem","position":3,"name":"Teclados","item":"https:\/\/compuviper.mx\/tienda\/categoria-producto\/teclados\/"},{"@type":"ListItem","position":4,"name":"Gamers","item":"https:\/\/compuviper.mx\/tienda\/categoria-producto\/teclados\/gamers\/"},{"@type":"ListItem","position":5,"name":"Balam Rush Br-942492 Teclado Gamer Defeat Level Gk3 \/ Inalambrico \/ Mecanico Gasket \/ Espa?ol \/ Iluminacion Rgb \/ Pantalla Inteligente Ips 1.14 Pulg \/ Smart Knob \/ Qwerty \/ Negro \/"}]},{"@type":"WebSite","@id":"https:\/\/compuviper.mx\/tienda\/#website","url":"https:\/\/compuviper.mx\/tienda\/","name":"Compuviper","description":"Proveedor de Computadoras, Laptops, Servidores, Monitores, Puntos de Venta, Teclados,   Impresoras, T\u00f3ner, C\u00e1maras de Seguridad y m\u00e1s en tu tienda en l\u00ednea","publisher":{"@id":"https:\/\/compuviper.mx\/tienda\/#organization"},"potentialAction":[{"@type":"SearchAction","target":{"@type":"EntryPoint","urlTemplate":"https:\/\/compuviper.mx\/tienda\/?s={search_term_string}"},"query-input":"required name=search_term_string"}],"inLanguage":"es-MX"},{"@type":"Organization","@id":"https:\/\/compuviper.mx\/tienda\/#organization","name":"Compuviper","url":"https:\/\/compuviper.mx\/tienda\/","logo":{"@type":"ImageObject","inLanguage":"es-MX","@id":"https:\/\/compuviper.mx\/tienda\/#\/schema\/logo\/image\/","url":"https:\/\/compuviper.mx\/tienda\/wp-content\/uploads\/2021\/08\/Logo-Compuviper-10.png","contentUrl":"https:\/\/compuviper.mx\/tienda\/wp-content\/uploads\/2021\/08\/Logo-Compuviper-10.png","width":1000,"height":500,"caption":"Compuviper"},"image":{"@id":"https:\/\/compuviper.mx\/tienda\/#\/schema\/logo\/image\/"},"sameAs":["https:\/\/www.facebook.com\/compuviper","https:\/\/www.youtube.com\/channel\/UCf73dERp9Y3cfOq7q8BhLjA?view_as=subscriber"]}]},"product_brand":"Balam Rush","product_price_amount":"1075","product_price_currency":"MXN","og_availability":"out of stock","product_availability":"out of stock","product_retailer_item_id":"BR-942492","product_condition":"new"},"_links":{"self":[{"href":"https:\/\/compuviper.mx\/tienda\/wp-json\/wp\/v2\/product\/265029"}],"collection":[{"href":"https:\/\/compuviper.mx\/tienda\/wp-json\/wp\/v2\/product"}],"about":[{"href":"https:\/\/compuviper.mx\/tienda\/wp-json\/wp\/v2\/types\/product"}],"replies":[{"embeddable":true,"href":"https:\/\/compuviper.mx\/tienda\/wp-json\/wp\/v2\/comments?post=265029"}],"wp:attachment":[{"href":"https:\/\/compuviper.mx\/tienda\/wp-json\/wp\/v2\/media?parent=265029"}],"wp:term":[{"taxonomy":"product_cat","embeddable":true,"href":"https:\/\/compuviper.mx\/tienda\/wp-json\/wp\/v2\/product_cat?post=265029"},{"taxonomy":"product_tag","embeddable":true,"href":"https:\/\/compuviper.mx\/tienda\/wp-json\/wp\/v2\/product_tag?post=265029"}],"curies":[{"name":"wp","href":"https:\/\/api.w.org\/{rel}","templated":true}]}}