{"id":264992,"date":"2026-04-02T02:24:01","date_gmt":"2026-04-02T08:24:01","guid":{"rendered":"https:\/\/compuviper.mx\/tienda\/producto\/samsung-lh75befhvgfxzx-television-led-75-biz-tv-smart-tv-serie-be75f-h-4k-uhd-3840x2160-3-aos-garantia-sealizacion-digital-basica-apps-smart-usb-hdmi-16-7\/"},"modified":"2026-04-02T02:24:01","modified_gmt":"2026-04-02T08:24:01","slug":"samsung-lh75befhvgfxzx-television-led-75-biz-tv-smart-tv-serie-be75f-h-4k-uhd-3840x2160-3-aos-garantia-sealizacion-digital-basica-apps-smart-usb-hdmi-16-7","status":"publish","type":"product","link":"https:\/\/compuviper.mx\/tienda\/producto\/samsung-lh75befhvgfxzx-television-led-75-biz-tv-smart-tv-serie-be75f-h-4k-uhd-3840x2160-3-aos-garantia-sealizacion-digital-basica-apps-smart-usb-hdmi-16-7\/","title":{"rendered":"Samsung Lh75befhvgfxzx Television Led  75 Biz Tv , Smart Tv Serie Be75f-h, 4k Uhd 3840&#215;2160, 3 A?os Garantia, Se?alizacion Digital Basica, Apps Smart, Usb, Hdmi, 16\/7"},"content":{"rendered":"<table class=\"descripcion\">\n<tr>\n<td>Tama\u00f1o diagonal de la pantalla (pulgadas): 75<\/td>\n<\/tr>\n<tr>\n<td>Tama\u00f1o diagonal (cm): 189,3 cm<\/td>\n<\/tr>\n<tr>\n<td>Resoluci\u00f3n de pantalla: 4k (3840 x 2160)<\/td>\n<\/tr>\n<tr>\n<td>Tiempo de funcionamiento: 16\/7<\/td>\n<\/tr>\n<tr>\n<td>Motor de imagen: crystal processor 4k<\/td>\n<\/tr>\n<tr>\n<td>Compatibilidad con hdr10+<\/td>\n<\/tr>\n<tr>\n<td>Potenciador de contraste: s\u00ed<\/td>\n<\/tr>\n<tr>\n<td>Tecnolog\u00eda de movimiento: motion xcelerator<\/td>\n<\/tr>\n<tr>\n<td>Escalado de imagen: 4k<\/td>\n<\/tr>\n<tr>\n<td>Modo cineasta: s\u00ed<\/td>\n<\/tr>\n<tr>\n<td>Antirreflejo: no disponible<\/td>\n<\/tr>\n<tr>\n<td>Seguimiento de objetos: sonido ots lite<\/td>\n<\/tr>\n<tr>\n<td>Q-symphony: s\u00ed<\/td>\n<\/tr>\n<tr>\n<td>Descriptor de preselecci\u00f3n de audio: no disponible<\/td>\n<\/tr>\n<tr>\n<td>Salida de sonido (rms): 20 w<\/td>\n<\/tr>\n<tr>\n<td>Tipo de altavoz: 2 canales<\/td>\n<\/tr>\n<tr>\n<td>Audio bluetooth: s\u00ed<\/td>\n<\/tr>\n<tr>\n<td>Sistema operativo: tizen\u0099 smart tv<\/td>\n<\/tr>\n<tr>\n<td>Bixby: s\u00ed (preparado para voz)<\/td>\n<\/tr>\n<tr>\n<td>Interacci\u00f3n de voz de campo lejano: no disponible<\/td>\n<\/tr>\n<tr>\n<td>Asistente de voz integrado: no disponible<\/td>\n<\/tr>\n<tr>\n<td>Navegador web: s\u00ed<\/td>\n<\/tr>\n<tr>\n<td>Samsung health: no disponible<\/td>\n<\/tr>\n<tr>\n<td>Gu\u00eda universal: no disponible<\/td>\n<\/tr>\n<tr>\n<td>Media home: s\u00ed<\/td>\n<\/tr>\n<tr>\n<td>Funci\u00f3n inteligente: experiencia multidispositivo: m\u00f3vil a tv, duplicaci\u00f3n de sonido, tv inal\u00e1mbrica activada<\/td>\n<\/tr>\n<tr>\n<td>Espacio de trabajo: s\u00ed<\/td>\n<\/tr>\n<tr>\n<td>Compatibilidad con reproductor vxt: n\/d<\/td>\n<\/tr>\n<tr>\n<td>Conectividad: hdmi 3<\/td>\n<\/tr>\n<tr>\n<td>Usb: 1 x usb-a<\/td>\n<\/tr>\n<tr>\n<td>Ethernet (lan): 1<\/td>\n<\/tr>\n<tr>\n<td>Salida de audio (mini jack \/ lr): n\/d<\/td>\n<\/tr>\n<tr>\n<td>Salida de audio digital (\u00f3ptica): n\/d<\/td>\n<\/tr>\n<tr>\n<td>Entrada rf (terrestre \/ entrada de cable \/ entrada de sat\u00e9lite): 1\/1 (uso com\u00fan para terrestre): 0<\/td>\n<\/tr>\n<tr>\n<td>Ex-link (rs-232c): n\/d<\/td>\n<\/tr>\n<tr>\n<td>Ranura ci (interfaz com\u00fan): n\/d<\/td>\n<\/tr>\n<tr>\n<td>Canal de retorno de audio hdmi: earc\/arc<\/td>\n<\/tr>\n<tr>\n<td>Wi-fi: s\u00ed (wi-fi 5)<\/td>\n<\/tr>\n<tr>\n<td>Bluetooth: s\u00ed (bt5.3)<\/td>\n<\/tr>\n<tr>\n<td>Dise\u00f1o dise\u00f1o dise\u00f1o<\/td>\n<\/tr>\n<tr>\n<td>Tipo de bisel: 3 sin bisel<\/td>\n<\/tr>\n<tr>\n<td>Color frontal: negro<\/td>\n<\/tr>\n<tr>\n<td>Tipo de soporte: basic feet<\/td>\n<\/tr>\n<tr>\n<td>Color del soporte: negro<\/td>\n<\/tr>\n<tr>\n<td>Accesibilidad: compatible con baja visi\u00f3n: descripci\u00f3n de audio, zoom de men\u00fa y texto, alto contraste, seecolors, inversi\u00f3n de color, escala de grises, apagado autom\u00e1tico de imagen<\/td>\n<\/tr>\n<tr>\n<td>Compatible con personas con discapacidad auditiva: subt\u00edtulos, audio multisalida, posici\u00f3n de subt\u00edtulos, zoom en lenguaje de se\u00f1as, subt\u00edtulos separados, gu\u00eda en lenguaje de se\u00f1as<\/td>\n<\/tr>\n<tr>\n<td>Compatible con personas con discapacidad motriz: repetici\u00f3n lenta de botones, aplicaci\u00f3n de control remoto. para todos<\/td>\n<\/tr>\n<tr>\n<td>Gu\u00eda de voz: checo (rep\u00fablica checa), dan\u00e9s (dinamarca), neerland\u00e9s (pa\u00edses bajos), ingl\u00e9s (ee. uu.), finland\u00e9s (finlandia), franc\u00e9s (canad\u00e1), alem\u00e1n (alemania), griego (grecia), h\u00fangaro (hungr\u00eda), italiano (italia), coreano (corea), noruego (noruega), polaco (polonia), portugu\u00e9s (portugal), rumano (rumania), ruso (rusia), eslovaco (eslovaquia), espa\u00f1ol (m\u00e9xico), sueco (suecia).<\/td>\n<\/tr>\n<tr>\n<td>Consumo de energ\u00eda (t\u00edpico) n\/d<\/td>\n<\/tr>\n<tr>\n<td>Consumo de energ\u00eda (encendido) 215 w<\/td>\n<\/tr>\n<tr>\n<td>Consumo de energ\u00eda (en espera) n\/d<\/td>\n<\/tr>\n<tr>\n<td>Dimensiones del equipo (an. x al. x pr.): 1668,1 x 957,8 x 77 mm<\/td>\n<\/tr>\n<tr>\n<td>Dimensiones del embalaje (an. x al. x pr.): 1820 x 1100 x 164 mm<\/td>\n<\/tr>\n<tr>\n<td>Peso del equipo: 22,4 kg<\/td>\n<\/tr>\n<tr>\n<td>Peso del embalaje: 31,0 kg<\/td>\n<\/tr>\n<tr>\n<td>Clase de eficiencia energ\u00e9tica eco: n\/d<\/td>\n<\/tr>\n<tr>\n<td>Sensor eco: s\u00ed<\/td>\n<\/tr>\n<tr>\n<td>Accesorio: soporte de montaje en pared slim fit: n\/d<\/td>\n<\/tr>\n<tr>\n<td>Minisoporte de pared compatible: n\/d<\/td>\n<\/tr>\n<tr>\n<td>Certificaci\u00f3n y cumplimiento: emc clase b<\/td>\n<\/tr>\n<tr>\n<td>Seguridad: 60065, 62368-1<\/td>\n<\/tr>\n<tr>\n<td>Sistema: transmisi\u00f3n digital atsc<\/td>\n<\/tr>\n<tr>\n<td>Sintonizador anal\u00f3gico: s\u00ed<\/td>\n<\/tr>\n<tr>\n<td>Sintonizador doble: n\/d<\/td>\n<\/tr>\n<tr>\n<td>Ci (interfaz com\u00fan): n\/d<\/td>\n<\/tr>\n<tr>\n<td>Funci\u00f3n adicional: imagen adaptable: n\/d<\/td>\n<\/tr>\n<tr>\n<td>App de tv para empresas (android, ios): s\u00ed<\/td>\n<\/tr>\n<tr>\n<td>Bloqueo de botones del panel: n\/d<\/td>\n<\/tr>\n<tr>\n<td>Bloqueo de puerto usb n \/ a<\/td>\n<\/tr>\n<\/table>\n","protected":false},"excerpt":{"rendered":"<p>Tama\u00f1o diagonal de la pantalla (pulgadas): 75 Tama\u00f1o diagonal (cm): 189,3 cm Resoluci\u00f3n de pantalla: 4k (3840 x 2160) Tiempo de funcionamiento: 16\/7 Motor de imagen: crystal processor 4k Compatibilidad con hdr10+ Potenciador de contraste: s\u00ed Tecnolog\u00eda de movimiento: motion xcelerator Escalado de imagen: 4k Modo cineasta: s\u00ed Antirreflejo: no disponible Seguimiento de objetos: sonido [&hellip;]<\/p>\n","protected":false},"featured_media":0,"comment_status":"open","ping_status":"open","template":"","meta":[],"product_cat":[1838,1839],"product_tag":[1743],"acf":[],"yoast_head":"<!-- This site is optimized with the Yoast SEO plugin v21.7 - https:\/\/yoast.com\/wordpress\/plugins\/seo\/ -->\n<title>[ Samsung ] &#129351; Lh75befhvgfxzx Television Led 75 Biz Tv , Smart Tv Serie Be75f-h, 4k Uhd 3840x2160, 3 A\u00f1os Garantia, Se\u00f1alizacion Digital Basica, Apps Smart, Usb, Hdmi, 16\/7<\/title>\n<meta name=\"description\" content=\"Compra Lh75befhvgfxzx Television Led 75 Biz Tv , Smart Tv Serie Be75f-h, 4k Uhd 3840x2160, 3 A\u00f1os Garantia, Se\u00f1alizacion Digital Basica, Apps Smart, Usb, Hdmi, 16\/7 + Env\u00edo a domicilio + Pago seguro + Garant\u00eda\" \/>\n<meta name=\"robots\" content=\"index, follow, max-snippet:-1, max-image-preview:large, max-video-preview:-1\" \/>\n<link rel=\"canonical\" href=\"https:\/\/compuviper.mx\/tienda\/producto\/samsung-lh75befhvgfxzx-television-led-75-biz-tv-smart-tv-serie-be75f-h-4k-uhd-3840x2160-3-aos-garantia-sealizacion-digital-basica-apps-smart-usb-hdmi-16-7\/\" \/>\n<meta property=\"og:locale\" content=\"es_MX\" \/>\n<meta property=\"og:type\" content=\"article\" \/>\n<meta property=\"og:title\" content=\"[ Samsung ] &#129351; Lh75befhvgfxzx Television Led 75 Biz Tv , Smart Tv Serie Be75f-h, 4k Uhd 3840x2160, 3 A\u00f1os Garantia, Se\u00f1alizacion Digital Basica, Apps Smart, Usb, Hdmi, 16\/7\" \/>\n<meta property=\"og:description\" content=\"Compra Lh75befhvgfxzx Television Led 75 Biz Tv , Smart Tv Serie Be75f-h, 4k Uhd 3840x2160, 3 A\u00f1os Garantia, Se\u00f1alizacion Digital Basica, Apps Smart, Usb, Hdmi, 16\/7 + Env\u00edo a domicilio + Pago seguro + Garant\u00eda\" \/>\n<meta property=\"og:url\" content=\"https:\/\/compuviper.mx\/tienda\/producto\/samsung-lh75befhvgfxzx-television-led-75-biz-tv-smart-tv-serie-be75f-h-4k-uhd-3840x2160-3-aos-garantia-sealizacion-digital-basica-apps-smart-usb-hdmi-16-7\/\" \/>\n<meta property=\"og:site_name\" content=\"Compuviper\" \/>\n<meta property=\"article:publisher\" content=\"https:\/\/www.facebook.com\/compuviper\" \/>\n<meta name=\"twitter:card\" content=\"summary_large_image\" \/>\n<meta name=\"twitter:label1\" content=\"Precio\" \/>\n\t<meta name=\"twitter:data1\" content=\"&#36;12,092 con IVA\" \/>\n\t<meta name=\"twitter:label2\" content=\"Availability\" \/>\n\t<meta name=\"twitter:data2\" content=\"In stock\" \/>\n<script type=\"application\/ld+json\" class=\"yoast-schema-graph\">{\"@context\":\"https:\/\/schema.org\",\"@graph\":[{\"@type\":\"WebPage\",\"@id\":\"https:\/\/compuviper.mx\/tienda\/producto\/samsung-lh75befhvgfxzx-television-led-75-biz-tv-smart-tv-serie-be75f-h-4k-uhd-3840x2160-3-aos-garantia-sealizacion-digital-basica-apps-smart-usb-hdmi-16-7\/\",\"url\":\"https:\/\/compuviper.mx\/tienda\/producto\/samsung-lh75befhvgfxzx-television-led-75-biz-tv-smart-tv-serie-be75f-h-4k-uhd-3840x2160-3-aos-garantia-sealizacion-digital-basica-apps-smart-usb-hdmi-16-7\/\",\"name\":\"[ Samsung ] &#129351; Lh75befhvgfxzx Television Led 75 Biz Tv , Smart Tv Serie Be75f-h, 4k Uhd 3840x2160, 3 A\u00f1os Garantia, Se\u00f1alizacion Digital Basica, Apps Smart, Usb, Hdmi, 16\/7\",\"isPartOf\":{\"@id\":\"https:\/\/compuviper.mx\/tienda\/#website\"},\"datePublished\":\"2026-04-02T08:24:01+00:00\",\"dateModified\":\"2026-04-02T08:24:01+00:00\",\"description\":\"Compra Lh75befhvgfxzx Television Led 75 Biz Tv , Smart Tv Serie Be75f-h, 4k Uhd 3840x2160, 3 A\u00f1os Garantia, Se\u00f1alizacion Digital Basica, Apps Smart, Usb, Hdmi, 16\/7 + Env\u00edo a domicilio + Pago seguro + Garant\u00eda\",\"breadcrumb\":{\"@id\":\"https:\/\/compuviper.mx\/tienda\/producto\/samsung-lh75befhvgfxzx-television-led-75-biz-tv-smart-tv-serie-be75f-h-4k-uhd-3840x2160-3-aos-garantia-sealizacion-digital-basica-apps-smart-usb-hdmi-16-7\/#breadcrumb\"},\"inLanguage\":\"es-MX\",\"potentialAction\":[{\"@type\":\"ReadAction\",\"target\":[\"https:\/\/compuviper.mx\/tienda\/producto\/samsung-lh75befhvgfxzx-television-led-75-biz-tv-smart-tv-serie-be75f-h-4k-uhd-3840x2160-3-aos-garantia-sealizacion-digital-basica-apps-smart-usb-hdmi-16-7\/\"]}]},{\"@type\":\"BreadcrumbList\",\"@id\":\"https:\/\/compuviper.mx\/tienda\/producto\/samsung-lh75befhvgfxzx-television-led-75-biz-tv-smart-tv-serie-be75f-h-4k-uhd-3840x2160-3-aos-garantia-sealizacion-digital-basica-apps-smart-usb-hdmi-16-7\/#breadcrumb\",\"itemListElement\":[{\"@type\":\"ListItem\",\"position\":1,\"name\":\"Inicio\",\"item\":\"https:\/\/compuviper.mx\/tienda\/\"},{\"@type\":\"ListItem\",\"position\":2,\"name\":\"Productos\",\"item\":\"https:\/\/compuviper.mx\/tienda\/productos\/\"},{\"@type\":\"ListItem\",\"position\":3,\"name\":\"Televisor\",\"item\":\"https:\/\/compuviper.mx\/tienda\/categoria-producto\/televisor\/\"},{\"@type\":\"ListItem\",\"position\":4,\"name\":\"Led\",\"item\":\"https:\/\/compuviper.mx\/tienda\/categoria-producto\/televisor\/led-televisor\/\"},{\"@type\":\"ListItem\",\"position\":5,\"name\":\"Samsung Lh75befhvgfxzx Television Led 75 Biz Tv , Smart Tv Serie Be75f-h, 4k Uhd 3840&#215;2160, 3 A?os Garantia, Se?alizacion Digital Basica, Apps Smart, Usb, Hdmi, 16\/7\"}]},{\"@type\":\"WebSite\",\"@id\":\"https:\/\/compuviper.mx\/tienda\/#website\",\"url\":\"https:\/\/compuviper.mx\/tienda\/\",\"name\":\"Compuviper\",\"description\":\"Proveedor de Computadoras, Laptops, Servidores, Monitores, Puntos de Venta, Teclados,   Impresoras, T\u00f3ner, C\u00e1maras de Seguridad y m\u00e1s en tu tienda en l\u00ednea\",\"publisher\":{\"@id\":\"https:\/\/compuviper.mx\/tienda\/#organization\"},\"potentialAction\":[{\"@type\":\"SearchAction\",\"target\":{\"@type\":\"EntryPoint\",\"urlTemplate\":\"https:\/\/compuviper.mx\/tienda\/?s={search_term_string}\"},\"query-input\":\"required name=search_term_string\"}],\"inLanguage\":\"es-MX\"},{\"@type\":\"Organization\",\"@id\":\"https:\/\/compuviper.mx\/tienda\/#organization\",\"name\":\"Compuviper\",\"url\":\"https:\/\/compuviper.mx\/tienda\/\",\"logo\":{\"@type\":\"ImageObject\",\"inLanguage\":\"es-MX\",\"@id\":\"https:\/\/compuviper.mx\/tienda\/#\/schema\/logo\/image\/\",\"url\":\"https:\/\/compuviper.mx\/tienda\/wp-content\/uploads\/2021\/08\/Logo-Compuviper-10.png\",\"contentUrl\":\"https:\/\/compuviper.mx\/tienda\/wp-content\/uploads\/2021\/08\/Logo-Compuviper-10.png\",\"width\":1000,\"height\":500,\"caption\":\"Compuviper\"},\"image\":{\"@id\":\"https:\/\/compuviper.mx\/tienda\/#\/schema\/logo\/image\/\"},\"sameAs\":[\"https:\/\/www.facebook.com\/compuviper\",\"https:\/\/www.youtube.com\/channel\/UCf73dERp9Y3cfOq7q8BhLjA?view_as=subscriber\"]}]}<\/script>\n<meta property=\"product:brand\" content=\"SAMSUNG\" \/>\n<meta property=\"product:price:amount\" content=\"12092\" \/>\n<meta property=\"product:price:currency\" content=\"MXN\" \/>\n<meta property=\"og:availability\" content=\"instock\" \/>\n<meta property=\"product:availability\" content=\"instock\" \/>\n<meta property=\"product:retailer_item_id\" content=\"LH75BEFHVGFXZX\" \/>\n<meta property=\"product:condition\" content=\"new\" \/>\n<!-- \/ Yoast SEO plugin. -->","yoast_head_json":{"title":"[ Samsung ] &#129351; Lh75befhvgfxzx Television Led 75 Biz Tv , Smart Tv Serie Be75f-h, 4k Uhd 3840x2160, 3 A\u00f1os Garantia, Se\u00f1alizacion Digital Basica, Apps Smart, Usb, Hdmi, 16\/7","description":"Compra Lh75befhvgfxzx Television Led 75 Biz Tv , Smart Tv Serie Be75f-h, 4k Uhd 3840x2160, 3 A\u00f1os Garantia, Se\u00f1alizacion Digital Basica, Apps Smart, Usb, Hdmi, 16\/7 + Env\u00edo a domicilio + Pago seguro + Garant\u00eda","robots":{"index":"index","follow":"follow","max-snippet":"max-snippet:-1","max-image-preview":"max-image-preview:large","max-video-preview":"max-video-preview:-1"},"canonical":"https:\/\/compuviper.mx\/tienda\/producto\/samsung-lh75befhvgfxzx-television-led-75-biz-tv-smart-tv-serie-be75f-h-4k-uhd-3840x2160-3-aos-garantia-sealizacion-digital-basica-apps-smart-usb-hdmi-16-7\/","og_locale":"es_MX","og_type":"article","og_title":"[ Samsung ] &#129351; Lh75befhvgfxzx Television Led 75 Biz Tv , Smart Tv Serie Be75f-h, 4k Uhd 3840x2160, 3 A\u00f1os Garantia, Se\u00f1alizacion Digital Basica, Apps Smart, Usb, Hdmi, 16\/7","og_description":"Compra Lh75befhvgfxzx Television Led 75 Biz Tv , Smart Tv Serie Be75f-h, 4k Uhd 3840x2160, 3 A\u00f1os Garantia, Se\u00f1alizacion Digital Basica, Apps Smart, Usb, Hdmi, 16\/7 + Env\u00edo a domicilio + Pago seguro + Garant\u00eda","og_url":"https:\/\/compuviper.mx\/tienda\/producto\/samsung-lh75befhvgfxzx-television-led-75-biz-tv-smart-tv-serie-be75f-h-4k-uhd-3840x2160-3-aos-garantia-sealizacion-digital-basica-apps-smart-usb-hdmi-16-7\/","og_site_name":"Compuviper","article_publisher":"https:\/\/www.facebook.com\/compuviper","twitter_card":"summary_large_image","twitter_misc":{"Precio":"&#36;12,092 con IVA","Availability":"In stock"},"schema":{"@context":"https:\/\/schema.org","@graph":[{"@type":"WebPage","@id":"https:\/\/compuviper.mx\/tienda\/producto\/samsung-lh75befhvgfxzx-television-led-75-biz-tv-smart-tv-serie-be75f-h-4k-uhd-3840x2160-3-aos-garantia-sealizacion-digital-basica-apps-smart-usb-hdmi-16-7\/","url":"https:\/\/compuviper.mx\/tienda\/producto\/samsung-lh75befhvgfxzx-television-led-75-biz-tv-smart-tv-serie-be75f-h-4k-uhd-3840x2160-3-aos-garantia-sealizacion-digital-basica-apps-smart-usb-hdmi-16-7\/","name":"[ Samsung ] &#129351; Lh75befhvgfxzx Television Led 75 Biz Tv , Smart Tv Serie Be75f-h, 4k Uhd 3840x2160, 3 A\u00f1os Garantia, Se\u00f1alizacion Digital Basica, Apps Smart, Usb, Hdmi, 16\/7","isPartOf":{"@id":"https:\/\/compuviper.mx\/tienda\/#website"},"datePublished":"2026-04-02T08:24:01+00:00","dateModified":"2026-04-02T08:24:01+00:00","description":"Compra Lh75befhvgfxzx Television Led 75 Biz Tv , Smart Tv Serie Be75f-h, 4k Uhd 3840x2160, 3 A\u00f1os Garantia, Se\u00f1alizacion Digital Basica, Apps Smart, Usb, Hdmi, 16\/7 + Env\u00edo a domicilio + Pago seguro + Garant\u00eda","breadcrumb":{"@id":"https:\/\/compuviper.mx\/tienda\/producto\/samsung-lh75befhvgfxzx-television-led-75-biz-tv-smart-tv-serie-be75f-h-4k-uhd-3840x2160-3-aos-garantia-sealizacion-digital-basica-apps-smart-usb-hdmi-16-7\/#breadcrumb"},"inLanguage":"es-MX","potentialAction":[{"@type":"ReadAction","target":["https:\/\/compuviper.mx\/tienda\/producto\/samsung-lh75befhvgfxzx-television-led-75-biz-tv-smart-tv-serie-be75f-h-4k-uhd-3840x2160-3-aos-garantia-sealizacion-digital-basica-apps-smart-usb-hdmi-16-7\/"]}]},{"@type":"BreadcrumbList","@id":"https:\/\/compuviper.mx\/tienda\/producto\/samsung-lh75befhvgfxzx-television-led-75-biz-tv-smart-tv-serie-be75f-h-4k-uhd-3840x2160-3-aos-garantia-sealizacion-digital-basica-apps-smart-usb-hdmi-16-7\/#breadcrumb","itemListElement":[{"@type":"ListItem","position":1,"name":"Inicio","item":"https:\/\/compuviper.mx\/tienda\/"},{"@type":"ListItem","position":2,"name":"Productos","item":"https:\/\/compuviper.mx\/tienda\/productos\/"},{"@type":"ListItem","position":3,"name":"Televisor","item":"https:\/\/compuviper.mx\/tienda\/categoria-producto\/televisor\/"},{"@type":"ListItem","position":4,"name":"Led","item":"https:\/\/compuviper.mx\/tienda\/categoria-producto\/televisor\/led-televisor\/"},{"@type":"ListItem","position":5,"name":"Samsung Lh75befhvgfxzx Television Led 75 Biz Tv , Smart Tv Serie Be75f-h, 4k Uhd 3840&#215;2160, 3 A?os Garantia, Se?alizacion Digital Basica, Apps Smart, Usb, Hdmi, 16\/7"}]},{"@type":"WebSite","@id":"https:\/\/compuviper.mx\/tienda\/#website","url":"https:\/\/compuviper.mx\/tienda\/","name":"Compuviper","description":"Proveedor de Computadoras, Laptops, Servidores, Monitores, Puntos de Venta, Teclados,   Impresoras, T\u00f3ner, C\u00e1maras de Seguridad y m\u00e1s en tu tienda en l\u00ednea","publisher":{"@id":"https:\/\/compuviper.mx\/tienda\/#organization"},"potentialAction":[{"@type":"SearchAction","target":{"@type":"EntryPoint","urlTemplate":"https:\/\/compuviper.mx\/tienda\/?s={search_term_string}"},"query-input":"required name=search_term_string"}],"inLanguage":"es-MX"},{"@type":"Organization","@id":"https:\/\/compuviper.mx\/tienda\/#organization","name":"Compuviper","url":"https:\/\/compuviper.mx\/tienda\/","logo":{"@type":"ImageObject","inLanguage":"es-MX","@id":"https:\/\/compuviper.mx\/tienda\/#\/schema\/logo\/image\/","url":"https:\/\/compuviper.mx\/tienda\/wp-content\/uploads\/2021\/08\/Logo-Compuviper-10.png","contentUrl":"https:\/\/compuviper.mx\/tienda\/wp-content\/uploads\/2021\/08\/Logo-Compuviper-10.png","width":1000,"height":500,"caption":"Compuviper"},"image":{"@id":"https:\/\/compuviper.mx\/tienda\/#\/schema\/logo\/image\/"},"sameAs":["https:\/\/www.facebook.com\/compuviper","https:\/\/www.youtube.com\/channel\/UCf73dERp9Y3cfOq7q8BhLjA?view_as=subscriber"]}]},"product_brand":"SAMSUNG","product_price_amount":"12092","product_price_currency":"MXN","og_availability":"instock","product_availability":"instock","product_retailer_item_id":"LH75BEFHVGFXZX","product_condition":"new"},"_links":{"self":[{"href":"https:\/\/compuviper.mx\/tienda\/wp-json\/wp\/v2\/product\/264992"}],"collection":[{"href":"https:\/\/compuviper.mx\/tienda\/wp-json\/wp\/v2\/product"}],"about":[{"href":"https:\/\/compuviper.mx\/tienda\/wp-json\/wp\/v2\/types\/product"}],"replies":[{"embeddable":true,"href":"https:\/\/compuviper.mx\/tienda\/wp-json\/wp\/v2\/comments?post=264992"}],"wp:attachment":[{"href":"https:\/\/compuviper.mx\/tienda\/wp-json\/wp\/v2\/media?parent=264992"}],"wp:term":[{"taxonomy":"product_cat","embeddable":true,"href":"https:\/\/compuviper.mx\/tienda\/wp-json\/wp\/v2\/product_cat?post=264992"},{"taxonomy":"product_tag","embeddable":true,"href":"https:\/\/compuviper.mx\/tienda\/wp-json\/wp\/v2\/product_tag?post=264992"}],"curies":[{"name":"wp","href":"https:\/\/api.w.org\/{rel}","templated":true}]}}