{"id":264987,"date":"2026-04-02T02:23:23","date_gmt":"2026-04-02T08:23:23","guid":{"rendered":"https:\/\/compuviper.mx\/tienda\/producto\/samsung-lh40befmvgfxzx-television-led-40-biz-tv-smart-tv-serie-be40f-m-full-hd-1920-x-1080-wifi-bluetooth-3-aos-de-garantia-16-7\/"},"modified":"2026-04-02T02:23:23","modified_gmt":"2026-04-02T08:23:23","slug":"samsung-lh40befmvgfxzx-television-led-40-biz-tv-smart-tv-serie-be40f-m-full-hd-1920-x-1080-wifi-bluetooth-3-aos-de-garantia-16-7","status":"publish","type":"product","link":"https:\/\/compuviper.mx\/tienda\/producto\/samsung-lh40befmvgfxzx-television-led-40-biz-tv-smart-tv-serie-be40f-m-full-hd-1920-x-1080-wifi-bluetooth-3-aos-de-garantia-16-7\/","title":{"rendered":"Samsung Lh40befmvgfxzx Television Led  40 Biz Tv  Smart Tv Serie Be40f-m, Full Hd 1,920 X 1080, Wifi, Bluetooth,  3 A?os De Garantia, 16\/7"},"content":{"rendered":"<table class=\"descripcion\">\n<tr>\n<td>Pantalla<\/td>\n<\/tr>\n<tr>\n<td>Tama\u00f1o en diagonal (pulgadas)<\/td>\n<\/tr>\n<tr>\n<td>40<\/td>\n<\/tr>\n<tr>\n<td>Tama\u00f1o en diagonal (cent\u00edmetros)<\/td>\n<\/tr>\n<tr>\n<td>100.3 cm<\/td>\n<\/tr>\n<tr>\n<td>Resoluci\u00f3n de pantalla<\/td>\n<\/tr>\n<tr>\n<td>Fhd (1,920 x 1,080)<\/td>\n<\/tr>\n<tr>\n<td>Operation time support<\/td>\n<\/tr>\n<tr>\n<td>16\/7<\/td>\n<\/tr>\n<tr>\n<td>Video<\/td>\n<\/tr>\n<tr>\n<td>Motor de im\u00e1genes<\/td>\n<\/tr>\n<tr>\n<td>Hiperreal<\/td>\n<\/tr>\n<tr>\n<td>Hdr10+<\/td>\n<\/tr>\n<tr>\n<td>Apoyo<\/td>\n<\/tr>\n<tr>\n<td>Contrast enhancer<\/td>\n<\/tr>\n<tr>\n<td>S\u00ed<\/td>\n<\/tr>\n<tr>\n<td>Audio<\/td>\n<\/tr>\n<tr>\n<td>Object tracking sound<\/td>\n<\/tr>\n<tr>\n<td>Ots lite<\/td>\n<\/tr>\n<tr>\n<td>Tipo de altavoces<\/td>\n<\/tr>\n<tr>\n<td>2ch<\/td>\n<\/tr>\n<tr>\n<td>Q-symphony<\/td>\n<\/tr>\n<tr>\n<td>S\u00ed<\/td>\n<\/tr>\n<tr>\n<td>Potencia de salida (rms)<\/td>\n<\/tr>\n<tr>\n<td>20w<\/td>\n<\/tr>\n<tr>\n<td>Bluetooth audio<\/td>\n<\/tr>\n<tr>\n<td>S\u00ed<\/td>\n<\/tr>\n<tr>\n<td>Smart service<\/td>\n<\/tr>\n<tr>\n<td>Sistema operativo<\/td>\n<\/tr>\n<tr>\n<td>Tizen\u0099 smart tv<\/td>\n<\/tr>\n<tr>\n<td>Bixby<\/td>\n<\/tr>\n<tr>\n<td>S\u00ed (voz lista)<\/td>\n<\/tr>\n<tr>\n<td>Navegador web<\/td>\n<\/tr>\n<tr>\n<td>S\u00ed<\/td>\n<\/tr>\n<tr>\n<td>Media home<\/td>\n<\/tr>\n<tr>\n<td>S\u00ed<\/td>\n<\/tr>\n<tr>\n<td>Smart feature<\/td>\n<\/tr>\n<tr>\n<td>Multi device experience<\/td>\n<\/tr>\n<tr>\n<td>M\u00f3vil a tv, duplicaci\u00f3n de sonido, tv inal\u00e1mbrica activada<\/td>\n<\/tr>\n<tr>\n<td>Conectividad<\/td>\n<\/tr>\n<tr>\n<td>Hdmi<\/td>\n<\/tr>\n<tr>\n<td>2<\/td>\n<\/tr>\n<tr>\n<td>Usb<\/td>\n<\/tr>\n<tr>\n<td>1 x usb-a<\/td>\n<\/tr>\n<tr>\n<td>Ethernet (lan)<\/td>\n<\/tr>\n<tr>\n<td>1<\/td>\n<\/tr>\n<tr>\n<td>Rf in (terrestrial \/ cable input \/ satellite input)<\/td>\n<\/tr>\n<tr>\n<td>1\/1(uso com\u00fan para terrestres)\/0<\/td>\n<\/tr>\n<tr>\n<td>Hdmi audio return channel<\/td>\n<\/tr>\n<tr>\n<td>Earc<\/td>\n<\/tr>\n<tr>\n<td>Wi-fi<\/td>\n<\/tr>\n<tr>\n<td>S\u00ed (wi-fi 5)<\/td>\n<\/tr>\n<tr>\n<td>Bluetooth (bt)<\/td>\n<\/tr>\n<tr>\n<td>S\u00ed<\/td>\n<\/tr>\n<tr>\n<td>Dise\u00f1o<\/td>\n<\/tr>\n<tr>\n<td>Dise\u00f1o<\/td>\n<\/tr>\n<tr>\n<td>Mirada delgada<\/td>\n<\/tr>\n<tr>\n<td>Tipo de marco<\/td>\n<\/tr>\n<tr>\n<td>3 sin bisel<\/td>\n<\/tr>\n<tr>\n<td>Color frontal<\/td>\n<\/tr>\n<tr>\n<td>Negro<\/td>\n<\/tr>\n<tr>\n<td>Tipo de base<\/td>\n<\/tr>\n<tr>\n<td>Pies bajos<\/td>\n<\/tr>\n<tr>\n<td>Stand color<\/td>\n<\/tr>\n<tr>\n<td>Negro<\/td>\n<\/tr>\n<tr>\n<td>Accesibilidad<\/td>\n<\/tr>\n<tr>\n<td>Low vision support<\/td>\n<\/tr>\n<tr>\n<td>Descripci\u00f3n de audio, men\u00fa y texto con zoom, alto contraste, seecolors, escala de grises, desactivaci\u00f3n autom\u00e1tica de imagen<\/td>\n<\/tr>\n<tr>\n<td>Hearing impaired support<\/td>\n<\/tr>\n<tr>\n<td>Subt\u00edtulos, audio de m\u00faltiples salidas, posici\u00f3n de subt\u00edtulos, zoom en lenguaje de se\u00f1as, subt\u00edtulos separados<\/td>\n<\/tr>\n<tr>\n<td>Motor impaired support<\/td>\n<\/tr>\n<tr>\n<td>Repetici\u00f3n de bot\u00f3n lento, aplicaci\u00f3n de control remoto para todos<\/td>\n<\/tr>\n<tr>\n<td>Voice guide<\/td>\n<\/tr>\n<tr>\n<td>Checo (rep\u00fablica checa), dan\u00e9s (dinamarca), neerland\u00e9s (pa\u00edses bajos), ingl\u00e9s (ee. uu.), finland\u00e9s (finlandia), franc\u00e9s (canad\u00e1), alem\u00e1n (alemania), griego (grecia), h\u00fangaro (hungr\u00eda), italiano (italia), coreano (corea), noruego (noruega), polaco (polonia), portugu\u00e9s (portugal), rumano (rumania), ruso (rusia), eslovaco (eslovaquia), espa\u00f1ol (m\u00e9xico), sueco (suecia).<\/td>\n<\/tr>\n<tr>\n<td>Alimentaci\u00f3n<\/td>\n<\/tr>\n<tr>\n<td>Consumo de energ\u00eda (encendido)<\/td>\n<\/tr>\n<tr>\n<td>65 w<\/td>\n<\/tr>\n<tr>\n<td>Dimensiones<\/td>\n<\/tr>\n<tr>\n<td>Dimensiones del equipo (a x al x p)<\/td>\n<\/tr>\n<tr>\n<td>906.3 x 519.3 x 74.8 mm<\/td>\n<\/tr>\n<tr>\n<td>Dimensiones del paquete (a x al x p)<\/td>\n<\/tr>\n<tr>\n<td>988 x 587 x 118 mm<\/td>\n<\/tr>\n<tr>\n<td>Peso (g)<\/td>\n<\/tr>\n<tr>\n<td>Peso del equipo<\/td>\n<\/tr>\n<tr>\n<td>5.8 kg<\/td>\n<\/tr>\n<tr>\n<td>Peso del paquete<\/td>\n<\/tr>\n<tr>\n<td>7.6 kg<\/td>\n<\/tr>\n<tr>\n<td>Accesorios<\/td>\n<\/tr>\n<tr>\n<td>Soporte mini para montura de pared<\/td>\n<\/tr>\n<tr>\n<td>S\u00ed<\/td>\n<\/tr>\n<tr>\n<td>Certificaci\u00f3n y conformidad<\/td>\n<\/tr>\n<tr>\n<td>Emc<\/td>\n<\/tr>\n<tr>\n<td>Clase b<\/td>\n<\/tr>\n<tr>\n<td>Seguridad<\/td>\n<\/tr>\n<tr>\n<td>60065, 62368-1<\/td>\n<\/tr>\n<tr>\n<td>Sistema<\/td>\n<\/tr>\n<tr>\n<td>Transmisi\u00f3n digital<\/td>\n<\/tr>\n<tr>\n<td>Atsc<\/td>\n<\/tr>\n<tr>\n<td>Sintonizador anal\u00f3gico<\/td>\n<\/tr>\n<tr>\n<td>S\u00ed<\/td>\n<\/tr>\n<tr>\n<td>Caracter\u00edsticas adicionales<\/td>\n<\/tr>\n<tr>\n<td>Business tv app (android, ios)<\/td>\n<\/tr>\n<tr>\n<td>S\u00ed<\/td>\n<\/tr>\n<\/table>\n","protected":false},"excerpt":{"rendered":"<p>Pantalla Tama\u00f1o en diagonal (pulgadas) 40 Tama\u00f1o en diagonal (cent\u00edmetros) 100.3 cm Resoluci\u00f3n de pantalla Fhd (1,920 x 1,080) Operation time support 16\/7 Video Motor de im\u00e1genes Hiperreal Hdr10+ Apoyo Contrast enhancer S\u00ed Audio Object tracking sound Ots lite Tipo de altavoces 2ch Q-symphony S\u00ed Potencia de salida (rms) 20w Bluetooth audio S\u00ed Smart service [&hellip;]<\/p>\n","protected":false},"featured_media":0,"comment_status":"open","ping_status":"open","template":"","meta":[],"product_cat":[1838,1839],"product_tag":[1743],"acf":[],"yoast_head":"<!-- This site is optimized with the Yoast SEO plugin v21.7 - https:\/\/yoast.com\/wordpress\/plugins\/seo\/ -->\n<title>[ Samsung ] &#129351; Lh40befmvgfxzx Television Led 40 Biz Tv Smart Tv Serie Be40f-m, Full Hd 1,920 X 1080, Wifi, Bluetooth, 3 A\u00f1os De Garantia, 16\/7<\/title>\n<meta name=\"description\" content=\"Compra Lh40befmvgfxzx Television Led 40 Biz Tv Smart Tv Serie Be40f-m, Full Hd 1,920 X 1080, Wifi, Bluetooth, 3 A\u00f1os De Garantia, 16\/7 + Env\u00edo a domicilio + Pago seguro + Garant\u00eda\" \/>\n<meta name=\"robots\" content=\"index, follow, max-snippet:-1, max-image-preview:large, max-video-preview:-1\" \/>\n<link rel=\"canonical\" href=\"https:\/\/compuviper.mx\/tienda\/producto\/samsung-lh40befmvgfxzx-television-led-40-biz-tv-smart-tv-serie-be40f-m-full-hd-1920-x-1080-wifi-bluetooth-3-aos-de-garantia-16-7\/\" \/>\n<meta property=\"og:locale\" content=\"es_MX\" \/>\n<meta property=\"og:type\" content=\"article\" \/>\n<meta property=\"og:title\" content=\"[ Samsung ] &#129351; Lh40befmvgfxzx Television Led 40 Biz Tv Smart Tv Serie Be40f-m, Full Hd 1,920 X 1080, Wifi, Bluetooth, 3 A\u00f1os De Garantia, 16\/7\" \/>\n<meta property=\"og:description\" content=\"Compra Lh40befmvgfxzx Television Led 40 Biz Tv Smart Tv Serie Be40f-m, Full Hd 1,920 X 1080, Wifi, Bluetooth, 3 A\u00f1os De Garantia, 16\/7 + Env\u00edo a domicilio + Pago seguro + Garant\u00eda\" \/>\n<meta property=\"og:url\" content=\"https:\/\/compuviper.mx\/tienda\/producto\/samsung-lh40befmvgfxzx-television-led-40-biz-tv-smart-tv-serie-be40f-m-full-hd-1920-x-1080-wifi-bluetooth-3-aos-de-garantia-16-7\/\" \/>\n<meta property=\"og:site_name\" content=\"Compuviper\" \/>\n<meta property=\"article:publisher\" content=\"https:\/\/www.facebook.com\/compuviper\" \/>\n<meta name=\"twitter:card\" content=\"summary_large_image\" \/>\n<meta name=\"twitter:label1\" content=\"Precio\" \/>\n\t<meta name=\"twitter:data1\" content=\"&#36;3,693 con IVA\" \/>\n\t<meta name=\"twitter:label2\" content=\"Availability\" \/>\n\t<meta name=\"twitter:data2\" content=\"In stock\" \/>\n<script type=\"application\/ld+json\" class=\"yoast-schema-graph\">{\"@context\":\"https:\/\/schema.org\",\"@graph\":[{\"@type\":\"WebPage\",\"@id\":\"https:\/\/compuviper.mx\/tienda\/producto\/samsung-lh40befmvgfxzx-television-led-40-biz-tv-smart-tv-serie-be40f-m-full-hd-1920-x-1080-wifi-bluetooth-3-aos-de-garantia-16-7\/\",\"url\":\"https:\/\/compuviper.mx\/tienda\/producto\/samsung-lh40befmvgfxzx-television-led-40-biz-tv-smart-tv-serie-be40f-m-full-hd-1920-x-1080-wifi-bluetooth-3-aos-de-garantia-16-7\/\",\"name\":\"[ Samsung ] &#129351; Lh40befmvgfxzx Television Led 40 Biz Tv Smart Tv Serie Be40f-m, Full Hd 1,920 X 1080, Wifi, Bluetooth, 3 A\u00f1os De Garantia, 16\/7\",\"isPartOf\":{\"@id\":\"https:\/\/compuviper.mx\/tienda\/#website\"},\"datePublished\":\"2026-04-02T08:23:23+00:00\",\"dateModified\":\"2026-04-02T08:23:23+00:00\",\"description\":\"Compra Lh40befmvgfxzx Television Led 40 Biz Tv Smart Tv Serie Be40f-m, Full Hd 1,920 X 1080, Wifi, Bluetooth, 3 A\u00f1os De Garantia, 16\/7 + Env\u00edo a domicilio + Pago seguro + Garant\u00eda\",\"breadcrumb\":{\"@id\":\"https:\/\/compuviper.mx\/tienda\/producto\/samsung-lh40befmvgfxzx-television-led-40-biz-tv-smart-tv-serie-be40f-m-full-hd-1920-x-1080-wifi-bluetooth-3-aos-de-garantia-16-7\/#breadcrumb\"},\"inLanguage\":\"es-MX\",\"potentialAction\":[{\"@type\":\"ReadAction\",\"target\":[\"https:\/\/compuviper.mx\/tienda\/producto\/samsung-lh40befmvgfxzx-television-led-40-biz-tv-smart-tv-serie-be40f-m-full-hd-1920-x-1080-wifi-bluetooth-3-aos-de-garantia-16-7\/\"]}]},{\"@type\":\"BreadcrumbList\",\"@id\":\"https:\/\/compuviper.mx\/tienda\/producto\/samsung-lh40befmvgfxzx-television-led-40-biz-tv-smart-tv-serie-be40f-m-full-hd-1920-x-1080-wifi-bluetooth-3-aos-de-garantia-16-7\/#breadcrumb\",\"itemListElement\":[{\"@type\":\"ListItem\",\"position\":1,\"name\":\"Inicio\",\"item\":\"https:\/\/compuviper.mx\/tienda\/\"},{\"@type\":\"ListItem\",\"position\":2,\"name\":\"Productos\",\"item\":\"https:\/\/compuviper.mx\/tienda\/productos\/\"},{\"@type\":\"ListItem\",\"position\":3,\"name\":\"Televisor\",\"item\":\"https:\/\/compuviper.mx\/tienda\/categoria-producto\/televisor\/\"},{\"@type\":\"ListItem\",\"position\":4,\"name\":\"Led\",\"item\":\"https:\/\/compuviper.mx\/tienda\/categoria-producto\/televisor\/led-televisor\/\"},{\"@type\":\"ListItem\",\"position\":5,\"name\":\"Samsung Lh40befmvgfxzx Television Led 40 Biz Tv Smart Tv Serie Be40f-m, Full Hd 1,920 X 1080, Wifi, Bluetooth, 3 A?os De Garantia, 16\/7\"}]},{\"@type\":\"WebSite\",\"@id\":\"https:\/\/compuviper.mx\/tienda\/#website\",\"url\":\"https:\/\/compuviper.mx\/tienda\/\",\"name\":\"Compuviper\",\"description\":\"Proveedor de Computadoras, Laptops, Servidores, Monitores, Puntos de Venta, Teclados,   Impresoras, T\u00f3ner, C\u00e1maras de Seguridad y m\u00e1s en tu tienda en l\u00ednea\",\"publisher\":{\"@id\":\"https:\/\/compuviper.mx\/tienda\/#organization\"},\"potentialAction\":[{\"@type\":\"SearchAction\",\"target\":{\"@type\":\"EntryPoint\",\"urlTemplate\":\"https:\/\/compuviper.mx\/tienda\/?s={search_term_string}\"},\"query-input\":\"required name=search_term_string\"}],\"inLanguage\":\"es-MX\"},{\"@type\":\"Organization\",\"@id\":\"https:\/\/compuviper.mx\/tienda\/#organization\",\"name\":\"Compuviper\",\"url\":\"https:\/\/compuviper.mx\/tienda\/\",\"logo\":{\"@type\":\"ImageObject\",\"inLanguage\":\"es-MX\",\"@id\":\"https:\/\/compuviper.mx\/tienda\/#\/schema\/logo\/image\/\",\"url\":\"https:\/\/compuviper.mx\/tienda\/wp-content\/uploads\/2021\/08\/Logo-Compuviper-10.png\",\"contentUrl\":\"https:\/\/compuviper.mx\/tienda\/wp-content\/uploads\/2021\/08\/Logo-Compuviper-10.png\",\"width\":1000,\"height\":500,\"caption\":\"Compuviper\"},\"image\":{\"@id\":\"https:\/\/compuviper.mx\/tienda\/#\/schema\/logo\/image\/\"},\"sameAs\":[\"https:\/\/www.facebook.com\/compuviper\",\"https:\/\/www.youtube.com\/channel\/UCf73dERp9Y3cfOq7q8BhLjA?view_as=subscriber\"]}]}<\/script>\n<meta property=\"product:brand\" content=\"SAMSUNG\" \/>\n<meta property=\"product:price:amount\" content=\"3693\" \/>\n<meta property=\"product:price:currency\" content=\"MXN\" \/>\n<meta property=\"og:availability\" content=\"instock\" \/>\n<meta property=\"product:availability\" content=\"instock\" \/>\n<meta property=\"product:retailer_item_id\" content=\"LH40BEFMVGFXZX\" \/>\n<meta property=\"product:condition\" content=\"new\" \/>\n<!-- \/ Yoast SEO plugin. -->","yoast_head_json":{"title":"[ Samsung ] &#129351; Lh40befmvgfxzx Television Led 40 Biz Tv Smart Tv Serie Be40f-m, Full Hd 1,920 X 1080, Wifi, Bluetooth, 3 A\u00f1os De Garantia, 16\/7","description":"Compra Lh40befmvgfxzx Television Led 40 Biz Tv Smart Tv Serie Be40f-m, Full Hd 1,920 X 1080, Wifi, Bluetooth, 3 A\u00f1os De Garantia, 16\/7 + Env\u00edo a domicilio + Pago seguro + Garant\u00eda","robots":{"index":"index","follow":"follow","max-snippet":"max-snippet:-1","max-image-preview":"max-image-preview:large","max-video-preview":"max-video-preview:-1"},"canonical":"https:\/\/compuviper.mx\/tienda\/producto\/samsung-lh40befmvgfxzx-television-led-40-biz-tv-smart-tv-serie-be40f-m-full-hd-1920-x-1080-wifi-bluetooth-3-aos-de-garantia-16-7\/","og_locale":"es_MX","og_type":"article","og_title":"[ Samsung ] &#129351; Lh40befmvgfxzx Television Led 40 Biz Tv Smart Tv Serie Be40f-m, Full Hd 1,920 X 1080, Wifi, Bluetooth, 3 A\u00f1os De Garantia, 16\/7","og_description":"Compra Lh40befmvgfxzx Television Led 40 Biz Tv Smart Tv Serie Be40f-m, Full Hd 1,920 X 1080, Wifi, Bluetooth, 3 A\u00f1os De Garantia, 16\/7 + Env\u00edo a domicilio + Pago seguro + Garant\u00eda","og_url":"https:\/\/compuviper.mx\/tienda\/producto\/samsung-lh40befmvgfxzx-television-led-40-biz-tv-smart-tv-serie-be40f-m-full-hd-1920-x-1080-wifi-bluetooth-3-aos-de-garantia-16-7\/","og_site_name":"Compuviper","article_publisher":"https:\/\/www.facebook.com\/compuviper","twitter_card":"summary_large_image","twitter_misc":{"Precio":"&#36;3,693 con IVA","Availability":"In stock"},"schema":{"@context":"https:\/\/schema.org","@graph":[{"@type":"WebPage","@id":"https:\/\/compuviper.mx\/tienda\/producto\/samsung-lh40befmvgfxzx-television-led-40-biz-tv-smart-tv-serie-be40f-m-full-hd-1920-x-1080-wifi-bluetooth-3-aos-de-garantia-16-7\/","url":"https:\/\/compuviper.mx\/tienda\/producto\/samsung-lh40befmvgfxzx-television-led-40-biz-tv-smart-tv-serie-be40f-m-full-hd-1920-x-1080-wifi-bluetooth-3-aos-de-garantia-16-7\/","name":"[ Samsung ] &#129351; Lh40befmvgfxzx Television Led 40 Biz Tv Smart Tv Serie Be40f-m, Full Hd 1,920 X 1080, Wifi, Bluetooth, 3 A\u00f1os De Garantia, 16\/7","isPartOf":{"@id":"https:\/\/compuviper.mx\/tienda\/#website"},"datePublished":"2026-04-02T08:23:23+00:00","dateModified":"2026-04-02T08:23:23+00:00","description":"Compra Lh40befmvgfxzx Television Led 40 Biz Tv Smart Tv Serie Be40f-m, Full Hd 1,920 X 1080, Wifi, Bluetooth, 3 A\u00f1os De Garantia, 16\/7 + Env\u00edo a domicilio + Pago seguro + Garant\u00eda","breadcrumb":{"@id":"https:\/\/compuviper.mx\/tienda\/producto\/samsung-lh40befmvgfxzx-television-led-40-biz-tv-smart-tv-serie-be40f-m-full-hd-1920-x-1080-wifi-bluetooth-3-aos-de-garantia-16-7\/#breadcrumb"},"inLanguage":"es-MX","potentialAction":[{"@type":"ReadAction","target":["https:\/\/compuviper.mx\/tienda\/producto\/samsung-lh40befmvgfxzx-television-led-40-biz-tv-smart-tv-serie-be40f-m-full-hd-1920-x-1080-wifi-bluetooth-3-aos-de-garantia-16-7\/"]}]},{"@type":"BreadcrumbList","@id":"https:\/\/compuviper.mx\/tienda\/producto\/samsung-lh40befmvgfxzx-television-led-40-biz-tv-smart-tv-serie-be40f-m-full-hd-1920-x-1080-wifi-bluetooth-3-aos-de-garantia-16-7\/#breadcrumb","itemListElement":[{"@type":"ListItem","position":1,"name":"Inicio","item":"https:\/\/compuviper.mx\/tienda\/"},{"@type":"ListItem","position":2,"name":"Productos","item":"https:\/\/compuviper.mx\/tienda\/productos\/"},{"@type":"ListItem","position":3,"name":"Televisor","item":"https:\/\/compuviper.mx\/tienda\/categoria-producto\/televisor\/"},{"@type":"ListItem","position":4,"name":"Led","item":"https:\/\/compuviper.mx\/tienda\/categoria-producto\/televisor\/led-televisor\/"},{"@type":"ListItem","position":5,"name":"Samsung Lh40befmvgfxzx Television Led 40 Biz Tv Smart Tv Serie Be40f-m, Full Hd 1,920 X 1080, Wifi, Bluetooth, 3 A?os De Garantia, 16\/7"}]},{"@type":"WebSite","@id":"https:\/\/compuviper.mx\/tienda\/#website","url":"https:\/\/compuviper.mx\/tienda\/","name":"Compuviper","description":"Proveedor de Computadoras, Laptops, Servidores, Monitores, Puntos de Venta, Teclados,   Impresoras, T\u00f3ner, C\u00e1maras de Seguridad y m\u00e1s en tu tienda en l\u00ednea","publisher":{"@id":"https:\/\/compuviper.mx\/tienda\/#organization"},"potentialAction":[{"@type":"SearchAction","target":{"@type":"EntryPoint","urlTemplate":"https:\/\/compuviper.mx\/tienda\/?s={search_term_string}"},"query-input":"required name=search_term_string"}],"inLanguage":"es-MX"},{"@type":"Organization","@id":"https:\/\/compuviper.mx\/tienda\/#organization","name":"Compuviper","url":"https:\/\/compuviper.mx\/tienda\/","logo":{"@type":"ImageObject","inLanguage":"es-MX","@id":"https:\/\/compuviper.mx\/tienda\/#\/schema\/logo\/image\/","url":"https:\/\/compuviper.mx\/tienda\/wp-content\/uploads\/2021\/08\/Logo-Compuviper-10.png","contentUrl":"https:\/\/compuviper.mx\/tienda\/wp-content\/uploads\/2021\/08\/Logo-Compuviper-10.png","width":1000,"height":500,"caption":"Compuviper"},"image":{"@id":"https:\/\/compuviper.mx\/tienda\/#\/schema\/logo\/image\/"},"sameAs":["https:\/\/www.facebook.com\/compuviper","https:\/\/www.youtube.com\/channel\/UCf73dERp9Y3cfOq7q8BhLjA?view_as=subscriber"]}]},"product_brand":"SAMSUNG","product_price_amount":"3693","product_price_currency":"MXN","og_availability":"instock","product_availability":"instock","product_retailer_item_id":"LH40BEFMVGFXZX","product_condition":"new"},"_links":{"self":[{"href":"https:\/\/compuviper.mx\/tienda\/wp-json\/wp\/v2\/product\/264987"}],"collection":[{"href":"https:\/\/compuviper.mx\/tienda\/wp-json\/wp\/v2\/product"}],"about":[{"href":"https:\/\/compuviper.mx\/tienda\/wp-json\/wp\/v2\/types\/product"}],"replies":[{"embeddable":true,"href":"https:\/\/compuviper.mx\/tienda\/wp-json\/wp\/v2\/comments?post=264987"}],"wp:attachment":[{"href":"https:\/\/compuviper.mx\/tienda\/wp-json\/wp\/v2\/media?parent=264987"}],"wp:term":[{"taxonomy":"product_cat","embeddable":true,"href":"https:\/\/compuviper.mx\/tienda\/wp-json\/wp\/v2\/product_cat?post=264987"},{"taxonomy":"product_tag","embeddable":true,"href":"https:\/\/compuviper.mx\/tienda\/wp-json\/wp\/v2\/product_tag?post=264987"}],"curies":[{"name":"wp","href":"https:\/\/api.w.org\/{rel}","templated":true}]}}