{"id":264965,"date":"2026-04-16T01:45:23","date_gmt":"2026-04-16T07:45:23","guid":{"rendered":"https:\/\/compuviper.mx\/tienda\/producto\/sandisk-sdsqxao-256g-gnczn-memoria-micro-sdxc-256gb-nintendo-switch-100mb-s-4k-u3-v30\/"},"modified":"2026-04-16T01:45:23","modified_gmt":"2026-04-16T07:45:23","slug":"sandisk-sdsqxao-256g-gnczn-memoria-micro-sdxc-256gb-nintendo-switch-100mb-s-4k-u3-v30","status":"publish","type":"product","link":"https:\/\/compuviper.mx\/tienda\/producto\/sandisk-sdsqxao-256g-gnczn-memoria-micro-sdxc-256gb-nintendo-switch-100mb-s-4k-u3-v30\/","title":{"rendered":"Sandisk Sdsqxao-256g-gnczn Memoria  Micro Sdxc 256gb Nintendo Switch 100mb\/s 4k U3 V30"},"content":{"rendered":"<table class=\"descripcion\">\n<tr>\n<td>No compatible con nintendo switch 2<\/td>\n<\/tr>\n<tr>\n<td>Capacidad: 256 gb<\/td>\n<\/tr>\n<tr>\n<td>Velocidad de lectura: hasta 100mb\/s<\/td>\n<\/tr>\n<tr>\n<td>Velocidad de escritura: hasta 90mb\/s<\/td>\n<\/tr>\n<tr>\n<td>Velocidad de video: u3.<\/td>\n<\/tr>\n<tr>\n<td>Factor de forma: microsdxc.<\/td>\n<\/tr>\n<tr>\n<td>Actuaci\u00f3n: 64 gb: hasta 100 mb\/s de lectura y hasta 90 mb\/s de velocidad de escritura.<\/td>\n<\/tr>\n<tr>\n<td>Dimensiones: 0.59 pulgadas x 0.43 pulgadas x 0.03 pulgadas (15 mm x 11 mm x 1.0 mm).<\/td>\n<\/tr>\n<tr>\n<td>Temperatura de funcionamiento: -13\u00baf a 185\u00baf (-25\u00bac a 85\u00bac).<\/td>\n<\/tr>\n<tr>\n<td>Temperatura de almacenamiento: -40\u00baf a 185\u00baf (-40\u00bac a 85\u00bac).<\/td>\n<\/tr>\n<tr>\n<td>Compatibilidad: compatible con dispositivos host compatibles con microsdhc, microsdxc, microsdhc uhs-i y microsdxc uhs-i.<\/td>\n<\/tr>\n<tr>\n<td>Uhs speed class 3 (u3) y uhs speed class 30 (v30) para 4k ultra hd (3840x2160p) y video full hd (1920x1080p).<\/td>\n<\/tr>\n<\/table>\n","protected":false},"excerpt":{"rendered":"<p>La tarjeta microsdxc de sandisk con licencia oficial para nintendo switch proporciona almacenamiento confiable y de alto rendimiento para su consola. Agregue hasta 256 gb de capacidad, para que pueda mantener sus t\u00edtulos favoritos en una sola tarjeta. Est\u00e1 dise\u00f1ada para proporcionar un almacenamiento confiable a medida que conquistas nuevos niveles. Con velocidades de transferencia de hasta 100mb\/s la tarjeta microsdxc de sandisk para nintendo switch ofrece un alto rendimiento constante, por lo que puede cargar juegos r\u00e1pidamente. \u00a1puedes guardar tus juegos digitales favoritos en un solo lugar para estar listo para el juego en cualquier momento!<\/p>\n","protected":false},"featured_media":264966,"comment_status":"open","ping_status":"open","template":"","meta":[],"product_cat":[1793,1795],"product_tag":[1709],"acf":[],"yoast_head":"<!-- This site is optimized with the Yoast SEO plugin v21.7 - https:\/\/yoast.com\/wordpress\/plugins\/seo\/ -->\n<title>[ Sandisk ] &#129351; Sdsqxao-256g-gnczn Memoria Micro Sdxc 256gb Nintendo Switch 100mb\/s 4k U3 V30<\/title>\n<meta name=\"description\" content=\"Compra Sdsqxao-256g-gnczn Memoria Micro Sdxc 256gb Nintendo Switch 100mb\/s 4k U3 V30 + Env\u00edo a domicilio + Pago seguro + Garant\u00eda\" \/>\n<meta name=\"robots\" content=\"index, follow, max-snippet:-1, max-image-preview:large, max-video-preview:-1\" \/>\n<link rel=\"canonical\" href=\"https:\/\/compuviper.mx\/tienda\/producto\/sandisk-sdsqxao-256g-gnczn-memoria-micro-sdxc-256gb-nintendo-switch-100mb-s-4k-u3-v30\/\" \/>\n<meta property=\"og:locale\" content=\"es_MX\" \/>\n<meta property=\"og:type\" content=\"article\" \/>\n<meta property=\"og:title\" content=\"[ Sandisk ] &#129351; Sdsqxao-256g-gnczn Memoria Micro Sdxc 256gb Nintendo Switch 100mb\/s 4k U3 V30\" \/>\n<meta property=\"og:description\" content=\"Compra Sdsqxao-256g-gnczn Memoria Micro Sdxc 256gb Nintendo Switch 100mb\/s 4k U3 V30 + Env\u00edo a domicilio + Pago seguro + Garant\u00eda\" \/>\n<meta property=\"og:url\" content=\"https:\/\/compuviper.mx\/tienda\/producto\/sandisk-sdsqxao-256g-gnczn-memoria-micro-sdxc-256gb-nintendo-switch-100mb-s-4k-u3-v30\/\" \/>\n<meta property=\"og:site_name\" content=\"Compuviper\" \/>\n<meta property=\"article:publisher\" content=\"https:\/\/www.facebook.com\/compuviper\" \/>\n<meta property=\"og:image\" content=\"https:\/\/compuviper.mx\/tienda\/wp-content\/uploads\/2025\/12\/Memoria-sandisk-micro-sdxc-256gb-nintendo-switch-100mbs-4k-u3-v30-sdsqxao-256g-gnczn.jpg\" \/>\n\t<meta property=\"og:image:width\" content=\"200\" \/>\n\t<meta property=\"og:image:height\" content=\"200\" \/>\n\t<meta property=\"og:image:type\" content=\"image\/jpeg\" \/>\n<meta name=\"twitter:card\" content=\"summary_large_image\" \/>\n<meta name=\"twitter:label1\" content=\"Precio\" \/>\n\t<meta name=\"twitter:data1\" content=\"&#36;1,078 &#36;877 con IVA\" \/>\n\t<meta name=\"twitter:label2\" content=\"Availability\" \/>\n\t<meta name=\"twitter:data2\" content=\"In stock\" \/>\n<script type=\"application\/ld+json\" class=\"yoast-schema-graph\">{\"@context\":\"https:\/\/schema.org\",\"@graph\":[{\"@type\":\"WebPage\",\"@id\":\"https:\/\/compuviper.mx\/tienda\/producto\/sandisk-sdsqxao-256g-gnczn-memoria-micro-sdxc-256gb-nintendo-switch-100mb-s-4k-u3-v30\/\",\"url\":\"https:\/\/compuviper.mx\/tienda\/producto\/sandisk-sdsqxao-256g-gnczn-memoria-micro-sdxc-256gb-nintendo-switch-100mb-s-4k-u3-v30\/\",\"name\":\"[ Sandisk ] &#129351; Sdsqxao-256g-gnczn Memoria Micro Sdxc 256gb Nintendo Switch 100mb\/s 4k U3 V30\",\"isPartOf\":{\"@id\":\"https:\/\/compuviper.mx\/tienda\/#website\"},\"datePublished\":\"2026-04-16T07:45:23+00:00\",\"dateModified\":\"2026-04-16T07:45:23+00:00\",\"description\":\"Compra Sdsqxao-256g-gnczn Memoria Micro Sdxc 256gb Nintendo Switch 100mb\/s 4k U3 V30 + Env\u00edo a domicilio + Pago seguro + Garant\u00eda\",\"breadcrumb\":{\"@id\":\"https:\/\/compuviper.mx\/tienda\/producto\/sandisk-sdsqxao-256g-gnczn-memoria-micro-sdxc-256gb-nintendo-switch-100mb-s-4k-u3-v30\/#breadcrumb\"},\"inLanguage\":\"es-MX\",\"potentialAction\":[{\"@type\":\"ReadAction\",\"target\":[\"https:\/\/compuviper.mx\/tienda\/producto\/sandisk-sdsqxao-256g-gnczn-memoria-micro-sdxc-256gb-nintendo-switch-100mb-s-4k-u3-v30\/\"]}]},{\"@type\":\"BreadcrumbList\",\"@id\":\"https:\/\/compuviper.mx\/tienda\/producto\/sandisk-sdsqxao-256g-gnczn-memoria-micro-sdxc-256gb-nintendo-switch-100mb-s-4k-u3-v30\/#breadcrumb\",\"itemListElement\":[{\"@type\":\"ListItem\",\"position\":1,\"name\":\"Inicio\",\"item\":\"https:\/\/compuviper.mx\/tienda\/\"},{\"@type\":\"ListItem\",\"position\":2,\"name\":\"Productos\",\"item\":\"https:\/\/compuviper.mx\/tienda\/productos\/\"},{\"@type\":\"ListItem\",\"position\":3,\"name\":\"Memorias\",\"item\":\"https:\/\/compuviper.mx\/tienda\/categoria-producto\/memorias\/\"},{\"@type\":\"ListItem\",\"position\":4,\"name\":\"Memoria Flash Card\",\"item\":\"https:\/\/compuviper.mx\/tienda\/categoria-producto\/memorias\/memoria-flash-card\/\"},{\"@type\":\"ListItem\",\"position\":5,\"name\":\"Sandisk Sdsqxao-256g-gnczn Memoria Micro Sdxc 256gb Nintendo Switch 100mb\/s 4k U3 V30\"}]},{\"@type\":\"WebSite\",\"@id\":\"https:\/\/compuviper.mx\/tienda\/#website\",\"url\":\"https:\/\/compuviper.mx\/tienda\/\",\"name\":\"Compuviper\",\"description\":\"Proveedor de Computadoras, Laptops, Servidores, Monitores, Puntos de Venta, Teclados,   Impresoras, T\u00f3ner, C\u00e1maras de Seguridad y m\u00e1s en tu tienda en l\u00ednea\",\"publisher\":{\"@id\":\"https:\/\/compuviper.mx\/tienda\/#organization\"},\"potentialAction\":[{\"@type\":\"SearchAction\",\"target\":{\"@type\":\"EntryPoint\",\"urlTemplate\":\"https:\/\/compuviper.mx\/tienda\/?s={search_term_string}\"},\"query-input\":\"required name=search_term_string\"}],\"inLanguage\":\"es-MX\"},{\"@type\":\"Organization\",\"@id\":\"https:\/\/compuviper.mx\/tienda\/#organization\",\"name\":\"Compuviper\",\"url\":\"https:\/\/compuviper.mx\/tienda\/\",\"logo\":{\"@type\":\"ImageObject\",\"inLanguage\":\"es-MX\",\"@id\":\"https:\/\/compuviper.mx\/tienda\/#\/schema\/logo\/image\/\",\"url\":\"https:\/\/compuviper.mx\/tienda\/wp-content\/uploads\/2021\/08\/Logo-Compuviper-10.png\",\"contentUrl\":\"https:\/\/compuviper.mx\/tienda\/wp-content\/uploads\/2021\/08\/Logo-Compuviper-10.png\",\"width\":1000,\"height\":500,\"caption\":\"Compuviper\"},\"image\":{\"@id\":\"https:\/\/compuviper.mx\/tienda\/#\/schema\/logo\/image\/\"},\"sameAs\":[\"https:\/\/www.facebook.com\/compuviper\",\"https:\/\/www.youtube.com\/channel\/UCf73dERp9Y3cfOq7q8BhLjA?view_as=subscriber\"]}]}<\/script>\n<meta property=\"product:brand\" content=\"SANDISK\" \/>\n<meta property=\"product:price:amount\" content=\"877\" \/>\n<meta property=\"product:price:currency\" content=\"MXN\" \/>\n<meta property=\"og:availability\" content=\"instock\" \/>\n<meta property=\"product:availability\" content=\"instock\" \/>\n<meta property=\"product:retailer_item_id\" content=\"SDSQXAO-256G-GNCZN\" \/>\n<meta property=\"product:condition\" content=\"new\" \/>\n<!-- \/ Yoast SEO plugin. -->","yoast_head_json":{"title":"[ Sandisk ] &#129351; Sdsqxao-256g-gnczn Memoria Micro Sdxc 256gb Nintendo Switch 100mb\/s 4k U3 V30","description":"Compra Sdsqxao-256g-gnczn Memoria Micro Sdxc 256gb Nintendo Switch 100mb\/s 4k U3 V30 + Env\u00edo a domicilio + Pago seguro + Garant\u00eda","robots":{"index":"index","follow":"follow","max-snippet":"max-snippet:-1","max-image-preview":"max-image-preview:large","max-video-preview":"max-video-preview:-1"},"canonical":"https:\/\/compuviper.mx\/tienda\/producto\/sandisk-sdsqxao-256g-gnczn-memoria-micro-sdxc-256gb-nintendo-switch-100mb-s-4k-u3-v30\/","og_locale":"es_MX","og_type":"article","og_title":"[ Sandisk ] &#129351; Sdsqxao-256g-gnczn Memoria Micro Sdxc 256gb Nintendo Switch 100mb\/s 4k U3 V30","og_description":"Compra Sdsqxao-256g-gnczn Memoria Micro Sdxc 256gb Nintendo Switch 100mb\/s 4k U3 V30 + Env\u00edo a domicilio + Pago seguro + Garant\u00eda","og_url":"https:\/\/compuviper.mx\/tienda\/producto\/sandisk-sdsqxao-256g-gnczn-memoria-micro-sdxc-256gb-nintendo-switch-100mb-s-4k-u3-v30\/","og_site_name":"Compuviper","article_publisher":"https:\/\/www.facebook.com\/compuviper","og_image":[{"width":200,"height":200,"url":"https:\/\/compuviper.mx\/tienda\/wp-content\/uploads\/2025\/12\/Memoria-sandisk-micro-sdxc-256gb-nintendo-switch-100mbs-4k-u3-v30-sdsqxao-256g-gnczn.jpg","type":"image\/jpeg"}],"twitter_card":"summary_large_image","twitter_misc":{"Precio":"&#36;1,078 &#36;877 con IVA","Availability":"In stock"},"schema":{"@context":"https:\/\/schema.org","@graph":[{"@type":"WebPage","@id":"https:\/\/compuviper.mx\/tienda\/producto\/sandisk-sdsqxao-256g-gnczn-memoria-micro-sdxc-256gb-nintendo-switch-100mb-s-4k-u3-v30\/","url":"https:\/\/compuviper.mx\/tienda\/producto\/sandisk-sdsqxao-256g-gnczn-memoria-micro-sdxc-256gb-nintendo-switch-100mb-s-4k-u3-v30\/","name":"[ Sandisk ] &#129351; Sdsqxao-256g-gnczn Memoria Micro Sdxc 256gb Nintendo Switch 100mb\/s 4k U3 V30","isPartOf":{"@id":"https:\/\/compuviper.mx\/tienda\/#website"},"datePublished":"2026-04-16T07:45:23+00:00","dateModified":"2026-04-16T07:45:23+00:00","description":"Compra Sdsqxao-256g-gnczn Memoria Micro Sdxc 256gb Nintendo Switch 100mb\/s 4k U3 V30 + Env\u00edo a domicilio + Pago seguro + Garant\u00eda","breadcrumb":{"@id":"https:\/\/compuviper.mx\/tienda\/producto\/sandisk-sdsqxao-256g-gnczn-memoria-micro-sdxc-256gb-nintendo-switch-100mb-s-4k-u3-v30\/#breadcrumb"},"inLanguage":"es-MX","potentialAction":[{"@type":"ReadAction","target":["https:\/\/compuviper.mx\/tienda\/producto\/sandisk-sdsqxao-256g-gnczn-memoria-micro-sdxc-256gb-nintendo-switch-100mb-s-4k-u3-v30\/"]}]},{"@type":"BreadcrumbList","@id":"https:\/\/compuviper.mx\/tienda\/producto\/sandisk-sdsqxao-256g-gnczn-memoria-micro-sdxc-256gb-nintendo-switch-100mb-s-4k-u3-v30\/#breadcrumb","itemListElement":[{"@type":"ListItem","position":1,"name":"Inicio","item":"https:\/\/compuviper.mx\/tienda\/"},{"@type":"ListItem","position":2,"name":"Productos","item":"https:\/\/compuviper.mx\/tienda\/productos\/"},{"@type":"ListItem","position":3,"name":"Memorias","item":"https:\/\/compuviper.mx\/tienda\/categoria-producto\/memorias\/"},{"@type":"ListItem","position":4,"name":"Memoria Flash Card","item":"https:\/\/compuviper.mx\/tienda\/categoria-producto\/memorias\/memoria-flash-card\/"},{"@type":"ListItem","position":5,"name":"Sandisk Sdsqxao-256g-gnczn Memoria Micro Sdxc 256gb Nintendo Switch 100mb\/s 4k U3 V30"}]},{"@type":"WebSite","@id":"https:\/\/compuviper.mx\/tienda\/#website","url":"https:\/\/compuviper.mx\/tienda\/","name":"Compuviper","description":"Proveedor de Computadoras, Laptops, Servidores, Monitores, Puntos de Venta, Teclados,   Impresoras, T\u00f3ner, C\u00e1maras de Seguridad y m\u00e1s en tu tienda en l\u00ednea","publisher":{"@id":"https:\/\/compuviper.mx\/tienda\/#organization"},"potentialAction":[{"@type":"SearchAction","target":{"@type":"EntryPoint","urlTemplate":"https:\/\/compuviper.mx\/tienda\/?s={search_term_string}"},"query-input":"required name=search_term_string"}],"inLanguage":"es-MX"},{"@type":"Organization","@id":"https:\/\/compuviper.mx\/tienda\/#organization","name":"Compuviper","url":"https:\/\/compuviper.mx\/tienda\/","logo":{"@type":"ImageObject","inLanguage":"es-MX","@id":"https:\/\/compuviper.mx\/tienda\/#\/schema\/logo\/image\/","url":"https:\/\/compuviper.mx\/tienda\/wp-content\/uploads\/2021\/08\/Logo-Compuviper-10.png","contentUrl":"https:\/\/compuviper.mx\/tienda\/wp-content\/uploads\/2021\/08\/Logo-Compuviper-10.png","width":1000,"height":500,"caption":"Compuviper"},"image":{"@id":"https:\/\/compuviper.mx\/tienda\/#\/schema\/logo\/image\/"},"sameAs":["https:\/\/www.facebook.com\/compuviper","https:\/\/www.youtube.com\/channel\/UCf73dERp9Y3cfOq7q8BhLjA?view_as=subscriber"]}]},"product_brand":"SANDISK","product_price_amount":"877","product_price_currency":"MXN","og_availability":"instock","product_availability":"instock","product_retailer_item_id":"SDSQXAO-256G-GNCZN","product_condition":"new"},"_links":{"self":[{"href":"https:\/\/compuviper.mx\/tienda\/wp-json\/wp\/v2\/product\/264965"}],"collection":[{"href":"https:\/\/compuviper.mx\/tienda\/wp-json\/wp\/v2\/product"}],"about":[{"href":"https:\/\/compuviper.mx\/tienda\/wp-json\/wp\/v2\/types\/product"}],"replies":[{"embeddable":true,"href":"https:\/\/compuviper.mx\/tienda\/wp-json\/wp\/v2\/comments?post=264965"}],"wp:featuredmedia":[{"embeddable":true,"href":"https:\/\/compuviper.mx\/tienda\/wp-json\/wp\/v2\/media\/264966"}],"wp:attachment":[{"href":"https:\/\/compuviper.mx\/tienda\/wp-json\/wp\/v2\/media?parent=264965"}],"wp:term":[{"taxonomy":"product_cat","embeddable":true,"href":"https:\/\/compuviper.mx\/tienda\/wp-json\/wp\/v2\/product_cat?post=264965"},{"taxonomy":"product_tag","embeddable":true,"href":"https:\/\/compuviper.mx\/tienda\/wp-json\/wp\/v2\/product_tag?post=264965"}],"curies":[{"name":"wp","href":"https:\/\/api.w.org\/{rel}","templated":true}]}}