{"id":264957,"date":"2026-04-10T00:50:41","date_gmt":"2026-04-10T06:50:41","guid":{"rendered":"https:\/\/compuviper.mx\/tienda\/producto\/lg-75ul5q-monitor-sealizacion-digital-con-panel-ips-uhd-de-75-puadas-500-nits-de-brillo-para-uso-247-con-plataforma-de-sealizacin-webos-6-1-con-altavoz-integrado-conectividad-3-hdmi-1-usb\/"},"modified":"2026-04-10T00:50:41","modified_gmt":"2026-04-10T06:50:41","slug":"lg-75ul5q-monitor-sealizacion-digital-con-panel-ips-uhd-de-75-puadas-500-nits-de-brillo-para-uso-247-con-plataforma-de-sealizacin-webos-6-1-con-altavoz-integrado-conectividad-3-hdmi-1-usb","status":"publish","type":"product","link":"https:\/\/compuviper.mx\/tienda\/producto\/lg-75ul5q-monitor-sealizacion-digital-con-panel-ips-uhd-de-75-puadas-500-nits-de-brillo-para-uso-247-con-plataforma-de-sealizacin-webos-6-1-con-altavoz-integrado-conectividad-3-hdmi-1-usb\/","title":{"rendered":"Lg 75ul5q Monitor Se?alizacion Digital  Con Panel Ips Uhd De 75 Puadas, 500 Nits De Brillo Para Uso 247 Con Plataforma De Se?alizacin Webos 6.1, Con Altavoz Integrado Conectividad 3 Hdmi, 1 Usb"},"content":{"rendered":"<table class=\"descripcion\">\n<tr>\n<td>Especificaciones clave<\/td>\n<\/tr>\n<tr>\n<td>Tama\u00f1o de pantalla<\/td>\n<\/tr>\n<tr>\n<td>75<\/td>\n<\/tr>\n<tr>\n<td>Tecnolog\u00eda de paneles<\/td>\n<\/tr>\n<tr>\n<td>Anuncios<\/td>\n<\/tr>\n<tr>\n<td>Resoluci\u00f3n nativa<\/td>\n<\/tr>\n<tr>\n<td>3840 \u00d7 2160 (uhd)<\/td>\n<\/tr>\n<tr>\n<td>Brillo<\/td>\n<\/tr>\n<tr>\n<td>500 nits (t\u00edpico)<\/td>\n<\/tr>\n<tr>\n<td>Relaci\u00f3n de contraste<\/td>\n<\/tr>\n<tr>\n<td>1.200: 1<\/td>\n<\/tr>\n<tr>\n<td>\u00e1ngulo de visi\u00f3n (h \u00d7 v)<\/td>\n<\/tr>\n<tr>\n<td>178 \u00d7 178<\/td>\n<\/tr>\n<tr>\n<td>Especificaciones t\u00e9cnicas<\/td>\n<\/tr>\n<tr>\n<td>Panel<\/td>\n<\/tr>\n<tr>\n<td>Tama\u00f1o de pantalla<\/td>\n<\/tr>\n<tr>\n<td>75<\/td>\n<\/tr>\n<tr>\n<td>Tecnolog\u00eda de paneles<\/td>\n<\/tr>\n<tr>\n<td>Anuncios<\/td>\n<\/tr>\n<tr>\n<td>Tipo de luz de fondo<\/td>\n<\/tr>\n<tr>\n<td>Directo<\/td>\n<\/tr>\n<tr>\n<td>Relaci\u00f3n de aspecto<\/td>\n<\/tr>\n<tr>\n<td>16:9<\/td>\n<\/tr>\n<tr>\n<td>Resoluci\u00f3n nativa<\/td>\n<\/tr>\n<tr>\n<td>3840 x 2160 (4k uhd)<\/td>\n<\/tr>\n<tr>\n<td>Frecuencia de actualizaci\u00f3n<\/td>\n<\/tr>\n<tr>\n<td>60 hz<\/td>\n<\/tr>\n<tr>\n<td>Brillo (t\u00edpico)<\/td>\n<\/tr>\n<tr>\n<td>500 nits<\/td>\n<\/tr>\n<tr>\n<td>Relaci\u00f3n de contraste<\/td>\n<\/tr>\n<tr>\n<td>1.200:1<\/td>\n<\/tr>\n<tr>\n<td>Cr din\u00e1mico<\/td>\n<\/tr>\n<tr>\n<td>1.000.000: 1<\/td>\n<\/tr>\n<tr>\n<td>Gama de colores<\/td>\n<\/tr>\n<tr>\n<td>Dci 80%<\/td>\n<\/tr>\n<tr>\n<td>\u00e1ngulo de visi\u00f3n (h x v)<\/td>\n<\/tr>\n<tr>\n<td>178 \u00d7 178<\/td>\n<\/tr>\n<tr>\n<td>Profundidad de color<\/td>\n<\/tr>\n<tr>\n<td>1,07 mil millones de colores (8 bits + frc)<\/td>\n<\/tr>\n<tr>\n<td>Tiempo de respuesta<\/td>\n<\/tr>\n<tr>\n<td>8 m (g a g)<\/td>\n<\/tr>\n<tr>\n<td>Tratamiento de superficies (neblina)<\/td>\n<\/tr>\n<tr>\n<td>1%<\/td>\n<\/tr>\n<tr>\n<td>Tiempo de vida (min.)<\/td>\n<\/tr>\n<tr>\n<td>30.000 horas<\/td>\n<\/tr>\n<tr>\n<td>Horario de atenci\u00f3n (horas\/d\u00edas)<\/td>\n<\/tr>\n<tr>\n<td>24\/7<\/td>\n<\/tr>\n<tr>\n<td>Retrato \/ paisaje<\/td>\n<\/tr>\n<tr>\n<td>S\u00ed \/ s\u00ed<\/td>\n<\/tr>\n<tr>\n<td>Especificaci\u00f3n mec\u00e1nica<\/td>\n<\/tr>\n<tr>\n<td>Color del bisel<\/td>\n<\/tr>\n<tr>\n<td>Negro<\/td>\n<\/tr>\n<tr>\n<td>Ancho del bisel<\/td>\n<\/tr>\n<tr>\n<td>12,9 mm (par)<\/td>\n<\/tr>\n<tr>\n<td>Peso (cabeza)<\/td>\n<\/tr>\n<tr>\n<td>24,1 kilogramos<\/td>\n<\/tr>\n<tr>\n<td>Peso empaquetado<\/td>\n<\/tr>\n<tr>\n<td>31,6 kilogramos<\/td>\n<\/tr>\n<tr>\n<td>Dimensiones del monitor (an. \u00d7 al. \u00d7 pr.)<\/td>\n<\/tr>\n<tr>\n<td>1.679,7 \u00d7 958,9 \u00d7 58,5 mm<\/td>\n<\/tr>\n<tr>\n<td>Dimensiones de la caja (an \u00d7 al \u00d7 pr)<\/td>\n<\/tr>\n<tr>\n<td>1.875 \u00d7 175 \u00d7 1.145 mm<\/td>\n<\/tr>\n<tr>\n<td>Interfaz de montaje est\u00e1ndar vesa\u0099<\/td>\n<\/tr>\n<tr>\n<td>400 \u00d7 400 mm<\/td>\n<\/tr>\n<tr>\n<td>Caracter\u00edstica clave<\/td>\n<\/tr>\n<tr>\n<td>Memoria interna de 8 gb, wi-fi integrado, sensor de temperatura, sensor de brillo autom\u00e1tico, sensor de aceleraci\u00f3n (girosc\u00f3pico), operaci\u00f3n de tecla local (solo encendido\/apagado), webos 6.1, programaci\u00f3n de contenido local, administrador de grupos, usb plug  and  play, conmutaci\u00f3n por error, imagen del logotipo de arranque, imagen sin se\u00f1al, sincronizaci\u00f3n rs-232c, sincronizaci\u00f3n de red local, compartir pantalla, etiqueta de video (4, m\u00e1ximo una entrada hdmi), reproducir mediante url, rotaci\u00f3n de pantalla, rotaci\u00f3n de entrada externa, reproducci\u00f3n sin interrupciones, configuraci\u00f3n de modo mosaico, clonaci\u00f3n de datos de configuraci\u00f3n, snmp, m\u00e9todo ism, id de configuraci\u00f3n autom\u00e1tica, env\u00edo de estado por correo, administrador de control, certificaci\u00f3n cisco (por determinar), crestron connected\u00ae, ahorro de energ\u00eda inteligente, modo pm, activaci\u00f3n por lan, listo para red, baliza, hdmi-cec, configuraci\u00f3n de servidor si, webrtc, pro:idiom<\/td>\n<\/tr>\n<tr>\n<td>Condiciones ambientales<\/td>\n<\/tr>\n<tr>\n<td>Temperatura de funcionamiento<\/td>\n<\/tr>\n<tr>\n<td>0\u00b0c a 40\u00b0c (escena de retrato: 0\u00b0c a 35\u00b0c)<\/td>\n<\/tr>\n<tr>\n<td>Humedad de funcionamiento<\/td>\n<\/tr>\n<tr>\n<td>10 % a 80 %<\/td>\n<\/tr>\n<tr>\n<td>Fuerza<\/td>\n<\/tr>\n<tr>\n<td>Fuente de alimentaci\u00f3n<\/td>\n<\/tr>\n<tr>\n<td>Ca 100-240 v ~, 50\/60 hz<\/td>\n<\/tr>\n<tr>\n<td>Tipo de energ\u00eda<\/td>\n<\/tr>\n<tr>\n<td>Energ\u00eda incorporada<\/td>\n<\/tr>\n<tr>\n<td>Consumo de energ\u00eda<\/td>\n<\/tr>\n<tr>\n<td>T\u00edp.\/m\u00e1x.<\/td>\n<\/tr>\n<tr>\n<td>188 w \/ 268 w<\/td>\n<\/tr>\n<tr>\n<td>Ahorro de energ\u00eda inteligente (70%)<\/td>\n<\/tr>\n<tr>\n<td>131,6 w<\/td>\n<\/tr>\n<tr>\n<td>Director de proyectos<\/td>\n<\/tr>\n<tr>\n<td>0,5 w<\/td>\n<\/tr>\n<tr>\n<td>Apagado<\/td>\n<\/tr>\n<tr>\n<td>0,5 w<\/td>\n<\/tr>\n<tr>\n<td>Btu (unidad t\u00e9rmica brit\u00e1nica)<\/td>\n<\/tr>\n<tr>\n<td>641,483 btu\/h (t\u00edpico), 914,453 btu\/h (m\u00e1x.)<\/td>\n<\/tr>\n<tr>\n<td>Est\u00e1ndar (certificaci\u00f3n)<\/td>\n<\/tr>\n<tr>\n<td>Seguridad<\/td>\n<\/tr>\n<tr>\n<td>Cb<\/td>\n<\/tr>\n<tr>\n<td>Compatibilidad electromagn\u00e9tica<\/td>\n<\/tr>\n<tr>\n<td>Clase b de la fcc \/ ce<\/td>\n<\/tr>\n<tr>\n<td>Epeat (solo ee. uu.)<\/td>\n<\/tr>\n<tr>\n<td>S\u00ed<\/td>\n<\/tr>\n<tr>\n<td>Erp \/ energy star<\/td>\n<\/tr>\n<tr>\n<td>No (newerp) \/ s\u00ed<\/td>\n<\/tr>\n<tr>\n<td>Compatibilidad de software<\/td>\n<\/tr>\n<tr>\n<td>Supersign cms, supersign control+, supersign wb, supersign cloud, cms m\u00f3vil, lg connectedcare<\/td>\n<\/tr>\n<tr>\n<td>Conectividad<\/td>\n<\/tr>\n<tr>\n<td>Aporte<\/td>\n<\/tr>\n<tr>\n<td>Hdmi (3, hdcp 2.2\/1.4), rs-232c (conector telef\u00f3nico de 4 pines), rj45 (lan), usb 2.0 tipo a (2)<\/td>\n<\/tr>\n<tr>\n<td>Producci\u00f3n<\/td>\n<\/tr>\n<tr>\n<td>Audio, rs-232c<\/td>\n<\/tr>\n<tr>\n<td>Sonido<\/td>\n<\/tr>\n<tr>\n<td>Vocero<\/td>\n<\/tr>\n<tr>\n<td>10 w \u00d7 2<\/td>\n<\/tr>\n<tr>\n<td>Idioma<\/td>\n<\/tr>\n<tr>\n<td>Ingl\u00e9s, franc\u00e9s, alem\u00e1n, espa\u00f1ol, italiano, coreano, chino (simplificado), chino (original), portugu\u00e9s (brasil), sueco, finland\u00e9s, noruego, dan\u00e9s, ruso, japon\u00e9s, portugu\u00e9s (europa), neerland\u00e9s, checo, griego, turco, \u00e1rabe, polaco<\/td>\n<\/tr>\n<tr>\n<td>Accesorio<\/td>\n<\/tr>\n<tr>\n<td>B\u00e1sico<\/td>\n<\/tr>\n<tr>\n<td>Control remoto, cable de alimentaci\u00f3n, libro de regulaciones, gu\u00eda de instalaci\u00f3n f\u00e1cil, tarjeta de garant\u00eda, conector de tel\u00e9fono a d-sub9<\/td>\n<\/tr>\n<tr>\n<td>Caracter\u00edstica especial<\/td>\n<\/tr>\n<tr>\n<td>Recubrimiento conformado (placa de alimentaci\u00f3n)<\/td>\n<\/tr>\n<tr>\n<td>S\u00ed<\/td>\n<\/tr>\n<\/table>\n","protected":false},"excerpt":{"rendered":"<p>Se\u00f1alizaci\u00f3n uhd webos de lg para. Funcionamiento 24\/7 excelente calidad de imagen con resoluci\u00f3n ultra hd. La serie ul5q-e, con resoluci\u00f3n uhd, realza el realismo de los colores y los detalles del contenido. Su amplio \u00e1ngulo de visi\u00f3n ofrece im\u00e1genes n\u00edtidas, mientras que su brillo de 500 nits muestra el contenido con gran nitidez. Alto rendimiento con lg webos 6.1. Lg webos 6.1 est\u00e1 disponible en la serie ul5q-e para una ejecuci\u00f3n fluida de m\u00faltiples tareas. La plataforma de se\u00f1alizaci\u00f3n inteligente lg webos mejora la comodidad del usuario con una interfaz gr\u00e1fica de usuario intuitiva*. Dise\u00f1o de bisel uniforme. La serie ul5q-e presenta biseles uniformes que realzan el atractivo est\u00e9tico de diversos espacios. Estos biseles uniformes no solo facilitan la instalaci\u00f3n, sino que tambi\u00e9n transforman las pantallas est\u00e1ndar en elegantes puntos focales. Experiencia de visualizaci\u00f3n adaptativa. Experimente la flexibilidad que ofrece la serie ul5q-e con su capacidad de inclinaci\u00f3n vertical. Ya sea que se instale en altura o en posici\u00f3n baja, la pantalla se puede ajustar a la altura de los ojos, lo que facilita la interacci\u00f3n del espectador independientemente de la altura de instalaci\u00f3n. Esta versatilidad no solo optimiza el espacio, sino que tambi\u00e9n proporciona comodidad visual, mostrando informaci\u00f3n clara desde diversos \u00e1ngulos de visi\u00f3n.<\/p>\n","protected":false},"featured_media":0,"comment_status":"open","ping_status":"open","template":"","meta":[],"product_cat":[1740,1746],"product_tag":[1687],"acf":[],"yoast_head":"<!-- This site is optimized with the Yoast SEO plugin v21.7 - https:\/\/yoast.com\/wordpress\/plugins\/seo\/ -->\n<title>[ Lg ] &#129351; 75ul5q Monitor Se\u00f1alizacion Digital Con Panel Ips Uhd De 75 Puadas, 500 Nits De Brillo Para Uso 247 Con Plataforma De Se\u00f1alizacin Webos 6.1, Con Altavoz Integrado Conectividad 3 Hdmi, 1 Usb<\/title>\n<meta name=\"description\" content=\"Compra 75ul5q Monitor Se\u00f1alizacion Digital Con Panel Ips Uhd De 75 Puadas, 500 Nits De Brillo Para Uso 247 Con Plataforma De Se\u00f1alizacin Webos 6.1, Con Altavoz Integrado Conectividad 3 Hdmi, 1 Usb + Env\u00edo a domicilio + Pago seguro + Garant\u00eda\" \/>\n<meta name=\"robots\" content=\"index, follow, max-snippet:-1, max-image-preview:large, max-video-preview:-1\" \/>\n<link rel=\"canonical\" href=\"https:\/\/compuviper.mx\/tienda\/producto\/lg-75ul5q-monitor-sealizacion-digital-con-panel-ips-uhd-de-75-puadas-500-nits-de-brillo-para-uso-247-con-plataforma-de-sealizacin-webos-6-1-con-altavoz-integrado-conectividad-3-hdmi-1-usb\/\" \/>\n<meta property=\"og:locale\" content=\"es_MX\" \/>\n<meta property=\"og:type\" content=\"article\" \/>\n<meta property=\"og:title\" content=\"[ Lg ] &#129351; 75ul5q Monitor Se\u00f1alizacion Digital Con Panel Ips Uhd De 75 Puadas, 500 Nits De Brillo Para Uso 247 Con Plataforma De Se\u00f1alizacin Webos 6.1, Con Altavoz Integrado Conectividad 3 Hdmi, 1 Usb\" \/>\n<meta property=\"og:description\" content=\"Compra 75ul5q Monitor Se\u00f1alizacion Digital Con Panel Ips Uhd De 75 Puadas, 500 Nits De Brillo Para Uso 247 Con Plataforma De Se\u00f1alizacin Webos 6.1, Con Altavoz Integrado Conectividad 3 Hdmi, 1 Usb + Env\u00edo a domicilio + Pago seguro + Garant\u00eda\" \/>\n<meta property=\"og:url\" content=\"https:\/\/compuviper.mx\/tienda\/producto\/lg-75ul5q-monitor-sealizacion-digital-con-panel-ips-uhd-de-75-puadas-500-nits-de-brillo-para-uso-247-con-plataforma-de-sealizacin-webos-6-1-con-altavoz-integrado-conectividad-3-hdmi-1-usb\/\" \/>\n<meta property=\"og:site_name\" content=\"Compuviper\" \/>\n<meta property=\"article:publisher\" content=\"https:\/\/www.facebook.com\/compuviper\" \/>\n<meta name=\"twitter:card\" content=\"summary_large_image\" \/>\n<meta name=\"twitter:label1\" content=\"Precio\" \/>\n\t<meta name=\"twitter:data1\" content=\"&#36;21,244 &#36;20,227 con IVA\" \/>\n\t<meta name=\"twitter:label2\" content=\"Availability\" \/>\n\t<meta name=\"twitter:data2\" content=\"In stock\" \/>\n<script type=\"application\/ld+json\" class=\"yoast-schema-graph\">{\"@context\":\"https:\/\/schema.org\",\"@graph\":[{\"@type\":\"WebPage\",\"@id\":\"https:\/\/compuviper.mx\/tienda\/producto\/lg-75ul5q-monitor-sealizacion-digital-con-panel-ips-uhd-de-75-puadas-500-nits-de-brillo-para-uso-247-con-plataforma-de-sealizacin-webos-6-1-con-altavoz-integrado-conectividad-3-hdmi-1-usb\/\",\"url\":\"https:\/\/compuviper.mx\/tienda\/producto\/lg-75ul5q-monitor-sealizacion-digital-con-panel-ips-uhd-de-75-puadas-500-nits-de-brillo-para-uso-247-con-plataforma-de-sealizacin-webos-6-1-con-altavoz-integrado-conectividad-3-hdmi-1-usb\/\",\"name\":\"[ Lg ] &#129351; 75ul5q Monitor Se\u00f1alizacion Digital Con Panel Ips Uhd De 75 Puadas, 500 Nits De Brillo Para Uso 247 Con Plataforma De Se\u00f1alizacin Webos 6.1, Con Altavoz Integrado Conectividad 3 Hdmi, 1 Usb\",\"isPartOf\":{\"@id\":\"https:\/\/compuviper.mx\/tienda\/#website\"},\"datePublished\":\"2026-04-10T06:50:41+00:00\",\"dateModified\":\"2026-04-10T06:50:41+00:00\",\"description\":\"Compra 75ul5q Monitor Se\u00f1alizacion Digital Con Panel Ips Uhd De 75 Puadas, 500 Nits De Brillo Para Uso 247 Con Plataforma De Se\u00f1alizacin Webos 6.1, Con Altavoz Integrado Conectividad 3 Hdmi, 1 Usb + Env\u00edo a domicilio + Pago seguro + Garant\u00eda\",\"breadcrumb\":{\"@id\":\"https:\/\/compuviper.mx\/tienda\/producto\/lg-75ul5q-monitor-sealizacion-digital-con-panel-ips-uhd-de-75-puadas-500-nits-de-brillo-para-uso-247-con-plataforma-de-sealizacin-webos-6-1-con-altavoz-integrado-conectividad-3-hdmi-1-usb\/#breadcrumb\"},\"inLanguage\":\"es-MX\",\"potentialAction\":[{\"@type\":\"ReadAction\",\"target\":[\"https:\/\/compuviper.mx\/tienda\/producto\/lg-75ul5q-monitor-sealizacion-digital-con-panel-ips-uhd-de-75-puadas-500-nits-de-brillo-para-uso-247-con-plataforma-de-sealizacin-webos-6-1-con-altavoz-integrado-conectividad-3-hdmi-1-usb\/\"]}]},{\"@type\":\"BreadcrumbList\",\"@id\":\"https:\/\/compuviper.mx\/tienda\/producto\/lg-75ul5q-monitor-sealizacion-digital-con-panel-ips-uhd-de-75-puadas-500-nits-de-brillo-para-uso-247-con-plataforma-de-sealizacin-webos-6-1-con-altavoz-integrado-conectividad-3-hdmi-1-usb\/#breadcrumb\",\"itemListElement\":[{\"@type\":\"ListItem\",\"position\":1,\"name\":\"Inicio\",\"item\":\"https:\/\/compuviper.mx\/tienda\/\"},{\"@type\":\"ListItem\",\"position\":2,\"name\":\"Productos\",\"item\":\"https:\/\/compuviper.mx\/tienda\/productos\/\"},{\"@type\":\"ListItem\",\"position\":3,\"name\":\"Monitores\",\"item\":\"https:\/\/compuviper.mx\/tienda\/categoria-producto\/monitores\/\"},{\"@type\":\"ListItem\",\"position\":4,\"name\":\"Lcd\",\"item\":\"https:\/\/compuviper.mx\/tienda\/categoria-producto\/monitores\/lcd\/\"},{\"@type\":\"ListItem\",\"position\":5,\"name\":\"Lg 75ul5q Monitor Se?alizacion Digital Con Panel Ips Uhd De 75 Puadas, 500 Nits De Brillo Para Uso 247 Con Plataforma De Se?alizacin Webos 6.1, Con Altavoz Integrado Conectividad 3 Hdmi, 1 Usb\"}]},{\"@type\":\"WebSite\",\"@id\":\"https:\/\/compuviper.mx\/tienda\/#website\",\"url\":\"https:\/\/compuviper.mx\/tienda\/\",\"name\":\"Compuviper\",\"description\":\"Proveedor de Computadoras, Laptops, Servidores, Monitores, Puntos de Venta, Teclados,   Impresoras, T\u00f3ner, C\u00e1maras de Seguridad y m\u00e1s en tu tienda en l\u00ednea\",\"publisher\":{\"@id\":\"https:\/\/compuviper.mx\/tienda\/#organization\"},\"potentialAction\":[{\"@type\":\"SearchAction\",\"target\":{\"@type\":\"EntryPoint\",\"urlTemplate\":\"https:\/\/compuviper.mx\/tienda\/?s={search_term_string}\"},\"query-input\":\"required name=search_term_string\"}],\"inLanguage\":\"es-MX\"},{\"@type\":\"Organization\",\"@id\":\"https:\/\/compuviper.mx\/tienda\/#organization\",\"name\":\"Compuviper\",\"url\":\"https:\/\/compuviper.mx\/tienda\/\",\"logo\":{\"@type\":\"ImageObject\",\"inLanguage\":\"es-MX\",\"@id\":\"https:\/\/compuviper.mx\/tienda\/#\/schema\/logo\/image\/\",\"url\":\"https:\/\/compuviper.mx\/tienda\/wp-content\/uploads\/2021\/08\/Logo-Compuviper-10.png\",\"contentUrl\":\"https:\/\/compuviper.mx\/tienda\/wp-content\/uploads\/2021\/08\/Logo-Compuviper-10.png\",\"width\":1000,\"height\":500,\"caption\":\"Compuviper\"},\"image\":{\"@id\":\"https:\/\/compuviper.mx\/tienda\/#\/schema\/logo\/image\/\"},\"sameAs\":[\"https:\/\/www.facebook.com\/compuviper\",\"https:\/\/www.youtube.com\/channel\/UCf73dERp9Y3cfOq7q8BhLjA?view_as=subscriber\"]}]}<\/script>\n<meta property=\"product:brand\" content=\"LG\" \/>\n<meta property=\"product:price:amount\" content=\"20227\" \/>\n<meta property=\"product:price:currency\" content=\"MXN\" \/>\n<meta property=\"og:availability\" content=\"instock\" \/>\n<meta property=\"product:availability\" content=\"instock\" \/>\n<meta property=\"product:retailer_item_id\" content=\"75UL5Q\" \/>\n<meta property=\"product:condition\" content=\"new\" \/>\n<!-- \/ Yoast SEO plugin. -->","yoast_head_json":{"title":"[ Lg ] &#129351; 75ul5q Monitor Se\u00f1alizacion Digital Con Panel Ips Uhd De 75 Puadas, 500 Nits De Brillo Para Uso 247 Con Plataforma De Se\u00f1alizacin Webos 6.1, Con Altavoz Integrado Conectividad 3 Hdmi, 1 Usb","description":"Compra 75ul5q Monitor Se\u00f1alizacion Digital Con Panel Ips Uhd De 75 Puadas, 500 Nits De Brillo Para Uso 247 Con Plataforma De Se\u00f1alizacin Webos 6.1, Con Altavoz Integrado Conectividad 3 Hdmi, 1 Usb + Env\u00edo a domicilio + Pago seguro + Garant\u00eda","robots":{"index":"index","follow":"follow","max-snippet":"max-snippet:-1","max-image-preview":"max-image-preview:large","max-video-preview":"max-video-preview:-1"},"canonical":"https:\/\/compuviper.mx\/tienda\/producto\/lg-75ul5q-monitor-sealizacion-digital-con-panel-ips-uhd-de-75-puadas-500-nits-de-brillo-para-uso-247-con-plataforma-de-sealizacin-webos-6-1-con-altavoz-integrado-conectividad-3-hdmi-1-usb\/","og_locale":"es_MX","og_type":"article","og_title":"[ Lg ] &#129351; 75ul5q Monitor Se\u00f1alizacion Digital Con Panel Ips Uhd De 75 Puadas, 500 Nits De Brillo Para Uso 247 Con Plataforma De Se\u00f1alizacin Webos 6.1, Con Altavoz Integrado Conectividad 3 Hdmi, 1 Usb","og_description":"Compra 75ul5q Monitor Se\u00f1alizacion Digital Con Panel Ips Uhd De 75 Puadas, 500 Nits De Brillo Para Uso 247 Con Plataforma De Se\u00f1alizacin Webos 6.1, Con Altavoz Integrado Conectividad 3 Hdmi, 1 Usb + Env\u00edo a domicilio + Pago seguro + Garant\u00eda","og_url":"https:\/\/compuviper.mx\/tienda\/producto\/lg-75ul5q-monitor-sealizacion-digital-con-panel-ips-uhd-de-75-puadas-500-nits-de-brillo-para-uso-247-con-plataforma-de-sealizacin-webos-6-1-con-altavoz-integrado-conectividad-3-hdmi-1-usb\/","og_site_name":"Compuviper","article_publisher":"https:\/\/www.facebook.com\/compuviper","twitter_card":"summary_large_image","twitter_misc":{"Precio":"&#36;21,244 &#36;20,227 con IVA","Availability":"In stock"},"schema":{"@context":"https:\/\/schema.org","@graph":[{"@type":"WebPage","@id":"https:\/\/compuviper.mx\/tienda\/producto\/lg-75ul5q-monitor-sealizacion-digital-con-panel-ips-uhd-de-75-puadas-500-nits-de-brillo-para-uso-247-con-plataforma-de-sealizacin-webos-6-1-con-altavoz-integrado-conectividad-3-hdmi-1-usb\/","url":"https:\/\/compuviper.mx\/tienda\/producto\/lg-75ul5q-monitor-sealizacion-digital-con-panel-ips-uhd-de-75-puadas-500-nits-de-brillo-para-uso-247-con-plataforma-de-sealizacin-webos-6-1-con-altavoz-integrado-conectividad-3-hdmi-1-usb\/","name":"[ Lg ] &#129351; 75ul5q Monitor Se\u00f1alizacion Digital Con Panel Ips Uhd De 75 Puadas, 500 Nits De Brillo Para Uso 247 Con Plataforma De Se\u00f1alizacin Webos 6.1, Con Altavoz Integrado Conectividad 3 Hdmi, 1 Usb","isPartOf":{"@id":"https:\/\/compuviper.mx\/tienda\/#website"},"datePublished":"2026-04-10T06:50:41+00:00","dateModified":"2026-04-10T06:50:41+00:00","description":"Compra 75ul5q Monitor Se\u00f1alizacion Digital Con Panel Ips Uhd De 75 Puadas, 500 Nits De Brillo Para Uso 247 Con Plataforma De Se\u00f1alizacin Webos 6.1, Con Altavoz Integrado Conectividad 3 Hdmi, 1 Usb + Env\u00edo a domicilio + Pago seguro + Garant\u00eda","breadcrumb":{"@id":"https:\/\/compuviper.mx\/tienda\/producto\/lg-75ul5q-monitor-sealizacion-digital-con-panel-ips-uhd-de-75-puadas-500-nits-de-brillo-para-uso-247-con-plataforma-de-sealizacin-webos-6-1-con-altavoz-integrado-conectividad-3-hdmi-1-usb\/#breadcrumb"},"inLanguage":"es-MX","potentialAction":[{"@type":"ReadAction","target":["https:\/\/compuviper.mx\/tienda\/producto\/lg-75ul5q-monitor-sealizacion-digital-con-panel-ips-uhd-de-75-puadas-500-nits-de-brillo-para-uso-247-con-plataforma-de-sealizacin-webos-6-1-con-altavoz-integrado-conectividad-3-hdmi-1-usb\/"]}]},{"@type":"BreadcrumbList","@id":"https:\/\/compuviper.mx\/tienda\/producto\/lg-75ul5q-monitor-sealizacion-digital-con-panel-ips-uhd-de-75-puadas-500-nits-de-brillo-para-uso-247-con-plataforma-de-sealizacin-webos-6-1-con-altavoz-integrado-conectividad-3-hdmi-1-usb\/#breadcrumb","itemListElement":[{"@type":"ListItem","position":1,"name":"Inicio","item":"https:\/\/compuviper.mx\/tienda\/"},{"@type":"ListItem","position":2,"name":"Productos","item":"https:\/\/compuviper.mx\/tienda\/productos\/"},{"@type":"ListItem","position":3,"name":"Monitores","item":"https:\/\/compuviper.mx\/tienda\/categoria-producto\/monitores\/"},{"@type":"ListItem","position":4,"name":"Lcd","item":"https:\/\/compuviper.mx\/tienda\/categoria-producto\/monitores\/lcd\/"},{"@type":"ListItem","position":5,"name":"Lg 75ul5q Monitor Se?alizacion Digital Con Panel Ips Uhd De 75 Puadas, 500 Nits De Brillo Para Uso 247 Con Plataforma De Se?alizacin Webos 6.1, Con Altavoz Integrado Conectividad 3 Hdmi, 1 Usb"}]},{"@type":"WebSite","@id":"https:\/\/compuviper.mx\/tienda\/#website","url":"https:\/\/compuviper.mx\/tienda\/","name":"Compuviper","description":"Proveedor de Computadoras, Laptops, Servidores, Monitores, Puntos de Venta, Teclados,   Impresoras, T\u00f3ner, C\u00e1maras de Seguridad y m\u00e1s en tu tienda en l\u00ednea","publisher":{"@id":"https:\/\/compuviper.mx\/tienda\/#organization"},"potentialAction":[{"@type":"SearchAction","target":{"@type":"EntryPoint","urlTemplate":"https:\/\/compuviper.mx\/tienda\/?s={search_term_string}"},"query-input":"required name=search_term_string"}],"inLanguage":"es-MX"},{"@type":"Organization","@id":"https:\/\/compuviper.mx\/tienda\/#organization","name":"Compuviper","url":"https:\/\/compuviper.mx\/tienda\/","logo":{"@type":"ImageObject","inLanguage":"es-MX","@id":"https:\/\/compuviper.mx\/tienda\/#\/schema\/logo\/image\/","url":"https:\/\/compuviper.mx\/tienda\/wp-content\/uploads\/2021\/08\/Logo-Compuviper-10.png","contentUrl":"https:\/\/compuviper.mx\/tienda\/wp-content\/uploads\/2021\/08\/Logo-Compuviper-10.png","width":1000,"height":500,"caption":"Compuviper"},"image":{"@id":"https:\/\/compuviper.mx\/tienda\/#\/schema\/logo\/image\/"},"sameAs":["https:\/\/www.facebook.com\/compuviper","https:\/\/www.youtube.com\/channel\/UCf73dERp9Y3cfOq7q8BhLjA?view_as=subscriber"]}]},"product_brand":"LG","product_price_amount":"20227","product_price_currency":"MXN","og_availability":"instock","product_availability":"instock","product_retailer_item_id":"75UL5Q","product_condition":"new"},"_links":{"self":[{"href":"https:\/\/compuviper.mx\/tienda\/wp-json\/wp\/v2\/product\/264957"}],"collection":[{"href":"https:\/\/compuviper.mx\/tienda\/wp-json\/wp\/v2\/product"}],"about":[{"href":"https:\/\/compuviper.mx\/tienda\/wp-json\/wp\/v2\/types\/product"}],"replies":[{"embeddable":true,"href":"https:\/\/compuviper.mx\/tienda\/wp-json\/wp\/v2\/comments?post=264957"}],"wp:attachment":[{"href":"https:\/\/compuviper.mx\/tienda\/wp-json\/wp\/v2\/media?parent=264957"}],"wp:term":[{"taxonomy":"product_cat","embeddable":true,"href":"https:\/\/compuviper.mx\/tienda\/wp-json\/wp\/v2\/product_cat?post=264957"},{"taxonomy":"product_tag","embeddable":true,"href":"https:\/\/compuviper.mx\/tienda\/wp-json\/wp\/v2\/product_tag?post=264957"}],"curies":[{"name":"wp","href":"https:\/\/api.w.org\/{rel}","templated":true}]}}